{"id":14492,"date":"2020-07-07T13:51:38","date_gmt":"2020-07-07T13:51:38","guid":{"rendered":"https:\/\/parlo-italiano.com\/?page_id=14492"},"modified":"2020-07-07T13:51:38","modified_gmt":"2020-07-07T13:51:38","slug":"francesca-maria-riccobene","status":"publish","type":"page","link":"https:\/\/parlo-italiano.cz\/cs\/francesca-maria-riccobene\/","title":{"rendered":"Francesca Maria Riccobene"},"content":{"rendered":"<section class=\"wpb-content-wrapper\"><p>[vc_row][vc_column][vc_column_text]<p>[\/vc_column_text][\/vc_column][\/vc_row][vc_row][vc_column width=&#8220;1\/2&#8243;][vc_column_text]<\/p>\n<h3>PRACOVN\u00cd POZICE<\/h3>\n<p>Vyu\u010duj\u00edc\u00ed italsk\u00e9ho jazyka jako ciz\u00edho jazyka pro d\u011bti p\u0159i IIC Praga.<\/p>\n<h3>PRACOVN\u00cd ZKU\u0160ENOSTI<\/h3>\n<p>Vyu\u010duj\u00edc\u00ed italsk\u00e9ho jazyka L2 pro d\u011bti p\u0159i IIC Praga. (\u0159\u00edjen 2019 &#8211; ).<br \/>Vyu\u010duj\u00edc\u00ed italsk\u00e9ho jazyka L1 a L2 v p\u011bti t\u0159\u00edd\u00e1ch italsko-\u010desk\u00e9 sekce Z\u0160 J. Gutha-Jarkovsk\u00e9ho (z\u00e1\u0159\u00ed 2019 &#8211; ).<br \/>Vyu\u010duj\u00edc\u00ed italsk\u00e9ho jazyka L1 a L2 pro d\u011bti na italsko-\u010desk\u00e9 mate\u0159sk\u00e9 \u0161kolce Piccole Pesti (leden 2017-srpen 2019).<br \/>Dr\u017eitel stipendia na dobu ur\u010ditou ve zvl\u00e1\u0161tn\u00edm programu vzd\u011bl\u00e1v\u00e1n\u00ed organizovan\u00e9m MIBACT &#8222;500 giovani per la cultura&#8220; (kv\u011bten 2015 &#8211; \u010derven 2016).<br \/>Spolupr\u00e1ce p\u0159i koordinaci didaktick\u00fdch \u010dinnost\u00ed pro \u0161koly a rodinu p\u0159i region\u00e1ln\u00edm museu Villa Romana del Casale v lokalit\u011b Piazza Armerina (Sicilia) (listopad 2011- duben 2016).<\/p>\n<h3>VZD\u011aL\u00c1N\u00cd A ODBORN\u00c1 P\u0158\u00cdPRAVA<\/h3>\n<p>Magistersk\u00e9 studium 2. stupn\u011b v \u201cE-learning per l\u2019insegnamento dell\u2019italiano a stranieri\u201d ELIIAS p\u0159i Universit\u00e0 per stranieri di Siena s hodnocen\u00edm 60\/60L (z\u00e1\u0159\u00ed 2018).<br \/>Magistersk\u00fd titul v &#8222;Scienze Pedagogiche e Progettazione Educativa&#8220; p\u0159i Universit\u00e0 degli studi di Catania s ohodnocen\u00edm 110\/110 (b\u0159ezen 2016).<\/p>\n<p>Od roku 2018 se \u00fa\u010dastn\u00ed \u0159ady v\u00fdcvik\u016f didaktiky pro v\u00fduku ital\u0161tiny pro cizince a do\u0161kolov\u00e1n\u00ed pro u\u010ditele ital\u0161tiny na digit\u00e1ln\u00edch platform\u00e1ch.<\/p>\n<p>[\/vc_column_text][\/vc_column][vc_column width=&#8220;1\/2&#8243;]<div class=\"edukul-image-box clearfix style-1 text-center\" style=\"\" >\r\n        <div class=\"item\">\r\n            <div class=\"inner\">\r\n                <div class=\"thumb\" style=\"\"><img loading=\"lazy\" decoding=\"async\" width=\"300\" height=\"300\" src=\"https:\/\/parlo-italiano.cz\/wp-content\/uploads\/2020\/04\/Francesca-Riccobene-_ok.jpg\" class=\"attachment-full size-full\" alt=\"\" srcset=\"https:\/\/parlo-italiano.cz\/wp-content\/uploads\/2020\/04\/Francesca-Riccobene-_ok.jpg 300w, https:\/\/parlo-italiano.cz\/wp-content\/uploads\/2020\/04\/Francesca-Riccobene-_ok-100x100.jpg 100w, https:\/\/parlo-italiano.cz\/wp-content\/uploads\/2020\/04\/Francesca-Riccobene-_ok-150x150.jpg 150w\" sizes=\"auto, (max-width: 300px) 100vw, 300px\" \/> <\/div>\r\n                <div class=\"text-wrap \" style=\"\">\r\n                    <div class=\"text-inner\">  <\/div>\r\n                <\/div>\r\n                \r\n            <\/div>\r\n        <\/div>\r\n    <\/div>\r\n\t<div class=\"edukul-spacer clearfix\" data-desktop=\"20\" data-mobi=\"20\" data-smobi=\"20\"><\/div>[\/vc_column][\/vc_row][vc_row][vc_column][vc_column_text]<\/p>\n[\/vc_column_text][\/vc_column][\/vc_row]<\/p><\/section>","protected":false},"excerpt":{"rendered":"<p>[vc_row][vc_column][vc_column_text][\/vc_column_text][\/vc_column][\/vc_row]<\/p>\n","protected":false},"author":2,"featured_media":0,"parent":0,"menu_order":0,"comment_status":"closed","ping_status":"closed","template":"","meta":{"footnotes":""},"class_list":["post-14492","page","type-page","status-publish","hentry"],"yoast_head":"<!-- This site is optimized with the Yoast SEO plugin v27.3 - https:\/\/yoast.com\/product\/yoast-seo-wordpress\/ -->\n<title>Francesca Maria Riccobene - Parlo Italiano<\/title>\n<meta name=\"robots\" content=\"index, follow, max-snippet:-1, max-image-preview:large, max-video-preview:-1\" \/>\n<link rel=\"canonical\" href=\"https:\/\/parlo-italiano.cz\/cs\/ucitelsky-sbor\/francesca-maria-riccobene\/\" \/>\n<meta property=\"og:locale\" content=\"cs_CZ\" \/>\n<meta property=\"og:type\" content=\"article\" \/>\n<meta property=\"og:title\" content=\"Francesca Maria Riccobene - Parlo Italiano\" \/>\n<meta property=\"og:description\" content=\"[vc_row][vc_column][vc_column_text][\/vc_column_text][\/vc_column][\/vc_row]\" \/>\n<meta property=\"og:url\" content=\"https:\/\/parlo-italiano.cz\/cs\/ucitelsky-sbor\/francesca-maria-riccobene\/\" \/>\n<meta property=\"og:site_name\" content=\"Parlo Italiano\" \/>\n<meta name=\"twitter:card\" content=\"summary_large_image\" \/>\n<meta name=\"twitter:label1\" content=\"Odhadovan\u00e1 doba \u010dten\u00ed\" \/>\n\t<meta name=\"twitter:data1\" content=\"1 minuta\" \/>\n<script type=\"application\/ld+json\" class=\"yoast-schema-graph\">{\"@context\":\"https:\\\/\\\/schema.org\",\"@graph\":[{\"@type\":\"WebPage\",\"@id\":\"https:\\\/\\\/parlo-italiano.cz\\\/cs\\\/ucitelsky-sbor\\\/francesca-maria-riccobene\\\/\",\"url\":\"https:\\\/\\\/parlo-italiano.cz\\\/cs\\\/ucitelsky-sbor\\\/francesca-maria-riccobene\\\/\",\"name\":\"Francesca Maria Riccobene - Parlo Italiano\",\"isPartOf\":{\"@id\":\"https:\\\/\\\/parlo-italiano.cz\\\/#website\"},\"datePublished\":\"2020-07-07T13:51:38+00:00\",\"breadcrumb\":{\"@id\":\"https:\\\/\\\/parlo-italiano.cz\\\/cs\\\/ucitelsky-sbor\\\/francesca-maria-riccobene\\\/#breadcrumb\"},\"inLanguage\":\"cs\",\"potentialAction\":[{\"@type\":\"ReadAction\",\"target\":[\"https:\\\/\\\/parlo-italiano.cz\\\/cs\\\/ucitelsky-sbor\\\/francesca-maria-riccobene\\\/\"]}]},{\"@type\":\"BreadcrumbList\",\"@id\":\"https:\\\/\\\/parlo-italiano.cz\\\/cs\\\/ucitelsky-sbor\\\/francesca-maria-riccobene\\\/#breadcrumb\",\"itemListElement\":[{\"@type\":\"ListItem\",\"position\":1,\"name\":\"Home\",\"item\":\"https:\\\/\\\/parlo-italiano.cz\\\/cs\\\/\"},{\"@type\":\"ListItem\",\"position\":2,\"name\":\"U\u010ditelsk\u00fd sbor\",\"item\":\"https:\\\/\\\/parlo-italiano.cz\\\/cs\\\/?page_id=14484\"},{\"@type\":\"ListItem\",\"position\":3,\"name\":\"Francesca Maria Riccobene\"}]},{\"@type\":\"WebSite\",\"@id\":\"https:\\\/\\\/parlo-italiano.cz\\\/#website\",\"url\":\"https:\\\/\\\/parlo-italiano.cz\\\/\",\"name\":\"Parlo Italiano\",\"description\":\"Corsi di lingua italiana\",\"publisher\":{\"@id\":\"https:\\\/\\\/parlo-italiano.cz\\\/#organization\"},\"potentialAction\":[{\"@type\":\"SearchAction\",\"target\":{\"@type\":\"EntryPoint\",\"urlTemplate\":\"https:\\\/\\\/parlo-italiano.cz\\\/?s={search_term_string}\"},\"query-input\":{\"@type\":\"PropertyValueSpecification\",\"valueRequired\":true,\"valueName\":\"search_term_string\"}}],\"inLanguage\":\"cs\"},{\"@type\":\"Organization\",\"@id\":\"https:\\\/\\\/parlo-italiano.cz\\\/#organization\",\"name\":\"Istituto Italiano di Cultura Praga\",\"url\":\"https:\\\/\\\/parlo-italiano.cz\\\/\",\"logo\":{\"@type\":\"ImageObject\",\"inLanguage\":\"cs\",\"@id\":\"https:\\\/\\\/parlo-italiano.cz\\\/#\\\/schema\\\/logo\\\/image\\\/\",\"url\":\"https:\\\/\\\/parlo-italiano.cz\\\/wp-content\\\/uploads\\\/2020\\\/03\\\/logo_iic.png\",\"contentUrl\":\"https:\\\/\\\/parlo-italiano.cz\\\/wp-content\\\/uploads\\\/2020\\\/03\\\/logo_iic.png\",\"width\":230,\"height\":130,\"caption\":\"Istituto Italiano di Cultura Praga\"},\"image\":{\"@id\":\"https:\\\/\\\/parlo-italiano.cz\\\/#\\\/schema\\\/logo\\\/image\\\/\"}}]}<\/script>\n<!-- \/ Yoast SEO plugin. -->","yoast_head_json":{"title":"Francesca Maria Riccobene - Parlo Italiano","robots":{"index":"index","follow":"follow","max-snippet":"max-snippet:-1","max-image-preview":"max-image-preview:large","max-video-preview":"max-video-preview:-1"},"canonical":"https:\/\/parlo-italiano.cz\/cs\/ucitelsky-sbor\/francesca-maria-riccobene\/","og_locale":"cs_CZ","og_type":"article","og_title":"Francesca Maria Riccobene - Parlo Italiano","og_description":"[vc_row][vc_column][vc_column_text][\/vc_column_text][\/vc_column][\/vc_row]","og_url":"https:\/\/parlo-italiano.cz\/cs\/ucitelsky-sbor\/francesca-maria-riccobene\/","og_site_name":"Parlo Italiano","twitter_card":"summary_large_image","twitter_misc":{"Odhadovan\u00e1 doba \u010dten\u00ed":"1 minuta"},"schema":{"@context":"https:\/\/schema.org","@graph":[{"@type":"WebPage","@id":"https:\/\/parlo-italiano.cz\/cs\/ucitelsky-sbor\/francesca-maria-riccobene\/","url":"https:\/\/parlo-italiano.cz\/cs\/ucitelsky-sbor\/francesca-maria-riccobene\/","name":"Francesca Maria Riccobene - Parlo Italiano","isPartOf":{"@id":"https:\/\/parlo-italiano.cz\/#website"},"datePublished":"2020-07-07T13:51:38+00:00","breadcrumb":{"@id":"https:\/\/parlo-italiano.cz\/cs\/ucitelsky-sbor\/francesca-maria-riccobene\/#breadcrumb"},"inLanguage":"cs","potentialAction":[{"@type":"ReadAction","target":["https:\/\/parlo-italiano.cz\/cs\/ucitelsky-sbor\/francesca-maria-riccobene\/"]}]},{"@type":"BreadcrumbList","@id":"https:\/\/parlo-italiano.cz\/cs\/ucitelsky-sbor\/francesca-maria-riccobene\/#breadcrumb","itemListElement":[{"@type":"ListItem","position":1,"name":"Home","item":"https:\/\/parlo-italiano.cz\/cs\/"},{"@type":"ListItem","position":2,"name":"U\u010ditelsk\u00fd sbor","item":"https:\/\/parlo-italiano.cz\/cs\/?page_id=14484"},{"@type":"ListItem","position":3,"name":"Francesca Maria Riccobene"}]},{"@type":"WebSite","@id":"https:\/\/parlo-italiano.cz\/#website","url":"https:\/\/parlo-italiano.cz\/","name":"Parlo Italiano","description":"Corsi di lingua italiana","publisher":{"@id":"https:\/\/parlo-italiano.cz\/#organization"},"potentialAction":[{"@type":"SearchAction","target":{"@type":"EntryPoint","urlTemplate":"https:\/\/parlo-italiano.cz\/?s={search_term_string}"},"query-input":{"@type":"PropertyValueSpecification","valueRequired":true,"valueName":"search_term_string"}}],"inLanguage":"cs"},{"@type":"Organization","@id":"https:\/\/parlo-italiano.cz\/#organization","name":"Istituto Italiano di Cultura Praga","url":"https:\/\/parlo-italiano.cz\/","logo":{"@type":"ImageObject","inLanguage":"cs","@id":"https:\/\/parlo-italiano.cz\/#\/schema\/logo\/image\/","url":"https:\/\/parlo-italiano.cz\/wp-content\/uploads\/2020\/03\/logo_iic.png","contentUrl":"https:\/\/parlo-italiano.cz\/wp-content\/uploads\/2020\/03\/logo_iic.png","width":230,"height":130,"caption":"Istituto Italiano di Cultura Praga"},"image":{"@id":"https:\/\/parlo-italiano.cz\/#\/schema\/logo\/image\/"}}]}},"_links":{"self":[{"href":"https:\/\/parlo-italiano.cz\/cs\/wp-json\/wp\/v2\/pages\/14492","targetHints":{"allow":["GET"]}}],"collection":[{"href":"https:\/\/parlo-italiano.cz\/cs\/wp-json\/wp\/v2\/pages"}],"about":[{"href":"https:\/\/parlo-italiano.cz\/cs\/wp-json\/wp\/v2\/types\/page"}],"author":[{"embeddable":true,"href":"https:\/\/parlo-italiano.cz\/cs\/wp-json\/wp\/v2\/users\/2"}],"replies":[{"embeddable":true,"href":"https:\/\/parlo-italiano.cz\/cs\/wp-json\/wp\/v2\/comments?post=14492"}],"version-history":[{"count":0,"href":"https:\/\/parlo-italiano.cz\/cs\/wp-json\/wp\/v2\/pages\/14492\/revisions"}],"wp:attachment":[{"href":"https:\/\/parlo-italiano.cz\/cs\/wp-json\/wp\/v2\/media?parent=14492"}],"curies":[{"name":"wp","href":"https:\/\/api.w.org\/{rel}","templated":true}]}}