{"id":14496,"date":"2020-07-07T13:54:24","date_gmt":"2020-07-07T13:54:24","guid":{"rendered":"https:\/\/parlo-italiano.com\/?page_id=14496"},"modified":"2020-07-07T13:54:24","modified_gmt":"2020-07-07T13:54:24","slug":"giuliano-mazza","status":"publish","type":"page","link":"https:\/\/parlo-italiano.cz\/cs\/giuliano-mazza\/","title":{"rendered":"Giuliano Mazza"},"content":{"rendered":"<section class=\"wpb-content-wrapper\"><p>[vc_row][vc_column][vc_column_text]<p>\n[\/vc_column_text][\/vc_column][\/vc_row][vc_row][vc_column width=&#8220;1\/2&#8243;][vc_column_text]<\/p>\n<h3>PRACOVN\u00cd POZICE<\/h3>\n<p>U\u010ditel italsk\u00e9ho jazyka pro cizince na Italsk\u00e9m kulturn\u00edm institutu v Praze<\/p>\n<h3>PRACOVN\u00cd ZKU\u0160ENOSTI<\/h3>\n<p>Od z\u00e1\u0159\u00ed 2012 na pln\u00fd \u00favazek u\u010ditel italsk\u00e9ho jazyka pro cizince na Italsk\u00e9m kulturn\u00edm institutu v Praze<\/p>\n<p>V\u011bnuje se n\u00e1sleduj\u00edc\u00edm \u010dinnostem:<br \/>\nTvorba a aktualizace sylab\u016f a hodnot\u00edc\u00edch test\u016f, zaji\u0161\u0165ov\u00e1n\u00ed zkou\u0161ek CILS<br \/>\nLektor italsk\u00e9ho jazyka pro cizince na:<\/p>\n<ul>\n<li>MLJ\u0160 (Mezin\u00e1rodn\u00ed letn\u00ed jazykov\u00e1 \u0161kola), Konzervato\u0159 (2004-2007) a Z\u00e1pado\u010desk\u00e1 univerzita (2004 &#8211; 2011) v Plzni<\/li>\n<li>Spole\u010dnost Dante Alighieri a Dvojjazy\u010dn\u00e1 sekce gymn\u00e1zia \u00dastavn\u00ed 400 v Praze (2006-2010)<\/li>\n<li>\u00dastav romanistiky na Jiho\u010desk\u00e9 univerzit\u011b v \u010cesk\u00fdch Bud\u011bjovic\u00edch (2010-2013)<\/li>\n<\/ul>\n<h3>VZD\u011aL\u00c1N\u00cd A ODBORN\u00c1 P\u0158\u00cdPRAVA<\/h3>\n<p>Odborn\u00e9 kurzy v\u00fduky italsk\u00e9ho jazyka pro cizince a odborn\u00e9 kurzy pro u\u010ditele italsk\u00e9ho jazyka v zahrani\u010d\u00ed organizovan\u00e9 Univerzitou Ca\u00b4 Foscari v Ben\u00e1tk\u00e1ch (laboratorio Itals), spole\u010dnost\u00ed Dante Alighieri a \u0161kolou Dilit v \u0158\u00edm\u011b<br \/>\nZ\u00edskal vysoko\u0161kolsk\u00e9 vzd\u011bl\u00e1n\u00ed v oboru italsk\u00fd jazyk a literatura a promoval s hodnocen\u00edm 107\/110 na univerzit\u011b \u201cLa Sapienza\u201d v \u0158\u00edm\u011b.[\/vc_column_text][\/vc_column][vc_column width=&#8220;1\/2&#8243;]<div class=\"edukul-image-box clearfix style-1 text-center\" style=\"\" >\r\n        <div class=\"item\">\r\n            <div class=\"inner\">\r\n                <div class=\"thumb\" style=\"\"><img loading=\"lazy\" decoding=\"async\" width=\"300\" height=\"300\" src=\"https:\/\/parlo-italiano.cz\/wp-content\/uploads\/2020\/04\/giuliano-mazza-_ok.jpg\" class=\"attachment-full size-full\" alt=\"\" srcset=\"https:\/\/parlo-italiano.cz\/wp-content\/uploads\/2020\/04\/giuliano-mazza-_ok.jpg 300w, https:\/\/parlo-italiano.cz\/wp-content\/uploads\/2020\/04\/giuliano-mazza-_ok-100x100.jpg 100w, https:\/\/parlo-italiano.cz\/wp-content\/uploads\/2020\/04\/giuliano-mazza-_ok-150x150.jpg 150w\" sizes=\"auto, (max-width: 300px) 100vw, 300px\" \/> <\/div>\r\n                <div class=\"text-wrap \" style=\"\">\r\n                    <div class=\"text-inner\">  <\/div>\r\n                <\/div>\r\n                \r\n            <\/div>\r\n        <\/div>\r\n    <\/div>\r\n\t<div class=\"edukul-spacer clearfix\" data-desktop=\"20\" data-mobi=\"20\" data-smobi=\"20\"><\/div>[\/vc_column][\/vc_row][vc_row][vc_column][vc_column_text]<\/p>\n[\/vc_column_text][\/vc_column][\/vc_row]<\/p>\n<\/section>","protected":false},"excerpt":{"rendered":"<p>[vc_row][vc_column][vc_column_text][\/vc_column_text][\/vc_column][\/vc_row]<\/p>\n","protected":false},"author":2,"featured_media":0,"parent":0,"menu_order":0,"comment_status":"closed","ping_status":"closed","template":"","meta":{"footnotes":""},"class_list":["post-14496","page","type-page","status-publish","hentry"],"yoast_head":"<!-- This site is optimized with the Yoast SEO plugin v27.3 - https:\/\/yoast.com\/product\/yoast-seo-wordpress\/ -->\n<title>Giuliano Mazza - Parlo Italiano<\/title>\n<meta name=\"robots\" content=\"index, follow, max-snippet:-1, max-image-preview:large, max-video-preview:-1\" \/>\n<link rel=\"canonical\" href=\"https:\/\/parlo-italiano.cz\/cs\/ucitelsky-sbor\/giuliano-mazza\/\" \/>\n<meta property=\"og:locale\" content=\"cs_CZ\" \/>\n<meta property=\"og:type\" content=\"article\" \/>\n<meta property=\"og:title\" content=\"Giuliano Mazza - Parlo Italiano\" \/>\n<meta property=\"og:description\" content=\"[vc_row][vc_column][vc_column_text][\/vc_column_text][\/vc_column][\/vc_row]\" \/>\n<meta property=\"og:url\" content=\"https:\/\/parlo-italiano.cz\/cs\/ucitelsky-sbor\/giuliano-mazza\/\" \/>\n<meta property=\"og:site_name\" content=\"Parlo Italiano\" \/>\n<meta name=\"twitter:card\" content=\"summary_large_image\" \/>\n<meta name=\"twitter:label1\" content=\"Odhadovan\u00e1 doba \u010dten\u00ed\" \/>\n\t<meta name=\"twitter:data1\" content=\"1 minuta\" \/>\n<script type=\"application\/ld+json\" class=\"yoast-schema-graph\">{\"@context\":\"https:\\\/\\\/schema.org\",\"@graph\":[{\"@type\":\"WebPage\",\"@id\":\"https:\\\/\\\/parlo-italiano.cz\\\/cs\\\/ucitelsky-sbor\\\/giuliano-mazza\\\/\",\"url\":\"https:\\\/\\\/parlo-italiano.cz\\\/cs\\\/ucitelsky-sbor\\\/giuliano-mazza\\\/\",\"name\":\"Giuliano Mazza - Parlo Italiano\",\"isPartOf\":{\"@id\":\"https:\\\/\\\/parlo-italiano.cz\\\/#website\"},\"datePublished\":\"2020-07-07T13:54:24+00:00\",\"breadcrumb\":{\"@id\":\"https:\\\/\\\/parlo-italiano.cz\\\/cs\\\/ucitelsky-sbor\\\/giuliano-mazza\\\/#breadcrumb\"},\"inLanguage\":\"cs\",\"potentialAction\":[{\"@type\":\"ReadAction\",\"target\":[\"https:\\\/\\\/parlo-italiano.cz\\\/cs\\\/ucitelsky-sbor\\\/giuliano-mazza\\\/\"]}]},{\"@type\":\"BreadcrumbList\",\"@id\":\"https:\\\/\\\/parlo-italiano.cz\\\/cs\\\/ucitelsky-sbor\\\/giuliano-mazza\\\/#breadcrumb\",\"itemListElement\":[{\"@type\":\"ListItem\",\"position\":1,\"name\":\"Home\",\"item\":\"https:\\\/\\\/parlo-italiano.cz\\\/cs\\\/\"},{\"@type\":\"ListItem\",\"position\":2,\"name\":\"U\u010ditelsk\u00fd sbor\",\"item\":\"https:\\\/\\\/parlo-italiano.cz\\\/cs\\\/?page_id=14484\"},{\"@type\":\"ListItem\",\"position\":3,\"name\":\"Giuliano Mazza\"}]},{\"@type\":\"WebSite\",\"@id\":\"https:\\\/\\\/parlo-italiano.cz\\\/#website\",\"url\":\"https:\\\/\\\/parlo-italiano.cz\\\/\",\"name\":\"Parlo Italiano\",\"description\":\"Corsi di lingua italiana\",\"publisher\":{\"@id\":\"https:\\\/\\\/parlo-italiano.cz\\\/#organization\"},\"potentialAction\":[{\"@type\":\"SearchAction\",\"target\":{\"@type\":\"EntryPoint\",\"urlTemplate\":\"https:\\\/\\\/parlo-italiano.cz\\\/?s={search_term_string}\"},\"query-input\":{\"@type\":\"PropertyValueSpecification\",\"valueRequired\":true,\"valueName\":\"search_term_string\"}}],\"inLanguage\":\"cs\"},{\"@type\":\"Organization\",\"@id\":\"https:\\\/\\\/parlo-italiano.cz\\\/#organization\",\"name\":\"Istituto Italiano di Cultura Praga\",\"url\":\"https:\\\/\\\/parlo-italiano.cz\\\/\",\"logo\":{\"@type\":\"ImageObject\",\"inLanguage\":\"cs\",\"@id\":\"https:\\\/\\\/parlo-italiano.cz\\\/#\\\/schema\\\/logo\\\/image\\\/\",\"url\":\"https:\\\/\\\/parlo-italiano.cz\\\/wp-content\\\/uploads\\\/2020\\\/03\\\/logo_iic.png\",\"contentUrl\":\"https:\\\/\\\/parlo-italiano.cz\\\/wp-content\\\/uploads\\\/2020\\\/03\\\/logo_iic.png\",\"width\":230,\"height\":130,\"caption\":\"Istituto Italiano di Cultura Praga\"},\"image\":{\"@id\":\"https:\\\/\\\/parlo-italiano.cz\\\/#\\\/schema\\\/logo\\\/image\\\/\"}}]}<\/script>\n<!-- \/ Yoast SEO plugin. -->","yoast_head_json":{"title":"Giuliano Mazza - Parlo Italiano","robots":{"index":"index","follow":"follow","max-snippet":"max-snippet:-1","max-image-preview":"max-image-preview:large","max-video-preview":"max-video-preview:-1"},"canonical":"https:\/\/parlo-italiano.cz\/cs\/ucitelsky-sbor\/giuliano-mazza\/","og_locale":"cs_CZ","og_type":"article","og_title":"Giuliano Mazza - Parlo Italiano","og_description":"[vc_row][vc_column][vc_column_text][\/vc_column_text][\/vc_column][\/vc_row]","og_url":"https:\/\/parlo-italiano.cz\/cs\/ucitelsky-sbor\/giuliano-mazza\/","og_site_name":"Parlo Italiano","twitter_card":"summary_large_image","twitter_misc":{"Odhadovan\u00e1 doba \u010dten\u00ed":"1 minuta"},"schema":{"@context":"https:\/\/schema.org","@graph":[{"@type":"WebPage","@id":"https:\/\/parlo-italiano.cz\/cs\/ucitelsky-sbor\/giuliano-mazza\/","url":"https:\/\/parlo-italiano.cz\/cs\/ucitelsky-sbor\/giuliano-mazza\/","name":"Giuliano Mazza - Parlo Italiano","isPartOf":{"@id":"https:\/\/parlo-italiano.cz\/#website"},"datePublished":"2020-07-07T13:54:24+00:00","breadcrumb":{"@id":"https:\/\/parlo-italiano.cz\/cs\/ucitelsky-sbor\/giuliano-mazza\/#breadcrumb"},"inLanguage":"cs","potentialAction":[{"@type":"ReadAction","target":["https:\/\/parlo-italiano.cz\/cs\/ucitelsky-sbor\/giuliano-mazza\/"]}]},{"@type":"BreadcrumbList","@id":"https:\/\/parlo-italiano.cz\/cs\/ucitelsky-sbor\/giuliano-mazza\/#breadcrumb","itemListElement":[{"@type":"ListItem","position":1,"name":"Home","item":"https:\/\/parlo-italiano.cz\/cs\/"},{"@type":"ListItem","position":2,"name":"U\u010ditelsk\u00fd sbor","item":"https:\/\/parlo-italiano.cz\/cs\/?page_id=14484"},{"@type":"ListItem","position":3,"name":"Giuliano Mazza"}]},{"@type":"WebSite","@id":"https:\/\/parlo-italiano.cz\/#website","url":"https:\/\/parlo-italiano.cz\/","name":"Parlo Italiano","description":"Corsi di lingua italiana","publisher":{"@id":"https:\/\/parlo-italiano.cz\/#organization"},"potentialAction":[{"@type":"SearchAction","target":{"@type":"EntryPoint","urlTemplate":"https:\/\/parlo-italiano.cz\/?s={search_term_string}"},"query-input":{"@type":"PropertyValueSpecification","valueRequired":true,"valueName":"search_term_string"}}],"inLanguage":"cs"},{"@type":"Organization","@id":"https:\/\/parlo-italiano.cz\/#organization","name":"Istituto Italiano di Cultura Praga","url":"https:\/\/parlo-italiano.cz\/","logo":{"@type":"ImageObject","inLanguage":"cs","@id":"https:\/\/parlo-italiano.cz\/#\/schema\/logo\/image\/","url":"https:\/\/parlo-italiano.cz\/wp-content\/uploads\/2020\/03\/logo_iic.png","contentUrl":"https:\/\/parlo-italiano.cz\/wp-content\/uploads\/2020\/03\/logo_iic.png","width":230,"height":130,"caption":"Istituto Italiano di Cultura Praga"},"image":{"@id":"https:\/\/parlo-italiano.cz\/#\/schema\/logo\/image\/"}}]}},"_links":{"self":[{"href":"https:\/\/parlo-italiano.cz\/cs\/wp-json\/wp\/v2\/pages\/14496","targetHints":{"allow":["GET"]}}],"collection":[{"href":"https:\/\/parlo-italiano.cz\/cs\/wp-json\/wp\/v2\/pages"}],"about":[{"href":"https:\/\/parlo-italiano.cz\/cs\/wp-json\/wp\/v2\/types\/page"}],"author":[{"embeddable":true,"href":"https:\/\/parlo-italiano.cz\/cs\/wp-json\/wp\/v2\/users\/2"}],"replies":[{"embeddable":true,"href":"https:\/\/parlo-italiano.cz\/cs\/wp-json\/wp\/v2\/comments?post=14496"}],"version-history":[{"count":0,"href":"https:\/\/parlo-italiano.cz\/cs\/wp-json\/wp\/v2\/pages\/14496\/revisions"}],"wp:attachment":[{"href":"https:\/\/parlo-italiano.cz\/cs\/wp-json\/wp\/v2\/media?parent=14496"}],"curies":[{"name":"wp","href":"https:\/\/api.w.org\/{rel}","templated":true}]}}