{"id":14562,"date":"2020-07-08T12:38:54","date_gmt":"2020-07-08T12:38:54","guid":{"rendered":"https:\/\/parlo-italiano.com\/?page_id=14562"},"modified":"2020-07-08T12:38:54","modified_gmt":"2020-07-08T12:38:54","slug":"michele-gianangeli","status":"publish","type":"page","link":"https:\/\/parlo-italiano.cz\/cs\/michele-gianangeli\/","title":{"rendered":"Michele Gianangeli"},"content":{"rendered":"<section class=\"wpb-content-wrapper\"><p>[vc_row][vc_column][vc_column_text]<p>\n[\/vc_column_text][\/vc_column][\/vc_row][vc_row][vc_column width=&#8220;1\/2&#8243;][vc_column_text]<\/p>\n<h3>PRACOVN\u00cd POZICE<\/h3>\n<p>U\u010ditel italsk\u00e9ho jazyka na Italsk\u00e9m kulturn\u00edm institutu v Praze.<\/p>\n<h3>PRACOVN\u00cd ZKU\u0160ENOSTI<\/h3>\n<p>Od roku 2006 se nep\u0159eru\u0161en\u011b a v\u00fdhradn\u011b v\u011bnuje pr\u00e1ci u\u010ditele italsk\u00e9ho jazyka (\u00farovn\u011b A1, A2, B1, B2, C1) na Italsk\u00e9m kulturn\u00edm institutu v Praze, kde vykon\u00e1val i n\u00e1sleduj\u00edc\u00ed \u010dinnosti:<\/p>\n<ul>\n<li>vytv\u00e1\u0159en\u00ed a dopl\u0148ov\u00e1n\u00ed u\u010debn\u00edch program\u016f<\/li>\n<li>vytv\u00e1\u0159en\u00ed a dopl\u0148ov\u00e1n\u00ed z\u00e1v\u011bre\u010dn\u00fdch test\u016f<\/li>\n<li>vytv\u00e1\u0159en\u00ed a dopl\u0148ov\u00e1n\u00ed didaktick\u00e9 bibliografie<\/li>\n<li>ofici\u00e1ln\u00ed jazykov\u00e9 zkou\u0161ky (CILS)<\/li>\n<li>Z\u00e1pisy do kurz\u016f<\/li>\n<\/ul>\n<h3>VZD\u011aL\u00c1N\u00cd A ODBORN\u00c1 P\u0158\u00cdPRAVA<\/h3>\n<p>Od roku 2006 se \u00fa\u010dastn\u00ed r\u016fzn\u00fdch semin\u00e1\u0159\u016f a vzd\u011bl\u00e1vac\u00edch kurz\u016f na Italsk\u00e9m kulturn\u00edm institutu v Praze<br \/>\nV roce 2006 z\u00edskal postgradu\u00e1ln\u00ed univerzitn\u00ed diplom \u201cMaster\u201d I. stupn\u011b pro v\u00fduku ital\u0161tiny pro cizince na l\u2019Universit\u00e0 per Stranieri di Perugia<br \/>\nV roce 2005 ukon\u010dil vysoko\u0161kolsk\u00e9 vzd\u011bl\u00e1n\u00ed na Univerzit\u011b v Perugii v oboru Italsk\u00fd jazyk a literatura a promoval s vyznamen\u00e1n\u00edm a maxim\u00e1ln\u00edm po\u010dtem bod\u016f 110\/110.[\/vc_column_text][\/vc_column][vc_column width=&#8220;1\/2&#8243;]<div class=\"edukul-image-box clearfix style-1 text-center\" style=\"\" >\r\n        <div class=\"item\">\r\n            <div class=\"inner\">\r\n                <div class=\"thumb\" style=\"\"><img loading=\"lazy\" decoding=\"async\" width=\"300\" height=\"300\" src=\"https:\/\/parlo-italiano.cz\/wp-content\/uploads\/2020\/04\/michele_gianangeli-ok.jpg\" class=\"attachment-full size-full\" alt=\"\" srcset=\"https:\/\/parlo-italiano.cz\/wp-content\/uploads\/2020\/04\/michele_gianangeli-ok.jpg 300w, https:\/\/parlo-italiano.cz\/wp-content\/uploads\/2020\/04\/michele_gianangeli-ok-100x100.jpg 100w, https:\/\/parlo-italiano.cz\/wp-content\/uploads\/2020\/04\/michele_gianangeli-ok-150x150.jpg 150w\" sizes=\"auto, (max-width: 300px) 100vw, 300px\" \/> <\/div>\r\n                <div class=\"text-wrap \" style=\"\">\r\n                    <div class=\"text-inner\">  <\/div>\r\n                <\/div>\r\n                \r\n            <\/div>\r\n        <\/div>\r\n    <\/div>\r\n\t<div class=\"edukul-spacer clearfix\" data-desktop=\"20\" data-mobi=\"20\" data-smobi=\"20\"><\/div>[\/vc_column][\/vc_row][vc_row][vc_column][vc_column_text]<\/p>\n[\/vc_column_text][\/vc_column][\/vc_row]<\/p>\n<\/section>","protected":false},"excerpt":{"rendered":"<p>[vc_row][vc_column][vc_column_text][\/vc_column_text][\/vc_column][\/vc_row]<\/p>\n","protected":false},"author":2,"featured_media":0,"parent":0,"menu_order":0,"comment_status":"closed","ping_status":"closed","template":"","meta":{"footnotes":""},"class_list":["post-14562","page","type-page","status-publish","hentry"],"yoast_head":"<!-- This site is optimized with the Yoast SEO plugin v27.3 - https:\/\/yoast.com\/product\/yoast-seo-wordpress\/ -->\n<title>Michele Gianangeli - Parlo Italiano<\/title>\n<meta name=\"robots\" content=\"index, follow, max-snippet:-1, max-image-preview:large, max-video-preview:-1\" \/>\n<link rel=\"canonical\" href=\"https:\/\/parlo-italiano.cz\/cs\/ucitelsky-sbor\/michele-gianangeli\/\" \/>\n<meta property=\"og:locale\" content=\"cs_CZ\" \/>\n<meta property=\"og:type\" content=\"article\" \/>\n<meta property=\"og:title\" content=\"Michele Gianangeli - Parlo Italiano\" \/>\n<meta property=\"og:description\" content=\"[vc_row][vc_column][vc_column_text][\/vc_column_text][\/vc_column][\/vc_row]\" \/>\n<meta property=\"og:url\" content=\"https:\/\/parlo-italiano.cz\/cs\/ucitelsky-sbor\/michele-gianangeli\/\" \/>\n<meta property=\"og:site_name\" content=\"Parlo Italiano\" \/>\n<meta name=\"twitter:card\" content=\"summary_large_image\" \/>\n<meta name=\"twitter:label1\" content=\"Odhadovan\u00e1 doba \u010dten\u00ed\" \/>\n\t<meta name=\"twitter:data1\" content=\"1 minuta\" \/>\n<script type=\"application\/ld+json\" class=\"yoast-schema-graph\">{\"@context\":\"https:\\\/\\\/schema.org\",\"@graph\":[{\"@type\":\"WebPage\",\"@id\":\"https:\\\/\\\/parlo-italiano.cz\\\/cs\\\/ucitelsky-sbor\\\/michele-gianangeli\\\/\",\"url\":\"https:\\\/\\\/parlo-italiano.cz\\\/cs\\\/ucitelsky-sbor\\\/michele-gianangeli\\\/\",\"name\":\"Michele Gianangeli - Parlo Italiano\",\"isPartOf\":{\"@id\":\"https:\\\/\\\/parlo-italiano.cz\\\/#website\"},\"datePublished\":\"2020-07-08T12:38:54+00:00\",\"breadcrumb\":{\"@id\":\"https:\\\/\\\/parlo-italiano.cz\\\/cs\\\/ucitelsky-sbor\\\/michele-gianangeli\\\/#breadcrumb\"},\"inLanguage\":\"cs\",\"potentialAction\":[{\"@type\":\"ReadAction\",\"target\":[\"https:\\\/\\\/parlo-italiano.cz\\\/cs\\\/ucitelsky-sbor\\\/michele-gianangeli\\\/\"]}]},{\"@type\":\"BreadcrumbList\",\"@id\":\"https:\\\/\\\/parlo-italiano.cz\\\/cs\\\/ucitelsky-sbor\\\/michele-gianangeli\\\/#breadcrumb\",\"itemListElement\":[{\"@type\":\"ListItem\",\"position\":1,\"name\":\"Home\",\"item\":\"https:\\\/\\\/parlo-italiano.cz\\\/cs\\\/\"},{\"@type\":\"ListItem\",\"position\":2,\"name\":\"U\u010ditelsk\u00fd sbor\",\"item\":\"https:\\\/\\\/parlo-italiano.cz\\\/cs\\\/?page_id=14484\"},{\"@type\":\"ListItem\",\"position\":3,\"name\":\"Michele Gianangeli\"}]},{\"@type\":\"WebSite\",\"@id\":\"https:\\\/\\\/parlo-italiano.cz\\\/#website\",\"url\":\"https:\\\/\\\/parlo-italiano.cz\\\/\",\"name\":\"Parlo Italiano\",\"description\":\"Corsi di lingua italiana\",\"publisher\":{\"@id\":\"https:\\\/\\\/parlo-italiano.cz\\\/#organization\"},\"potentialAction\":[{\"@type\":\"SearchAction\",\"target\":{\"@type\":\"EntryPoint\",\"urlTemplate\":\"https:\\\/\\\/parlo-italiano.cz\\\/?s={search_term_string}\"},\"query-input\":{\"@type\":\"PropertyValueSpecification\",\"valueRequired\":true,\"valueName\":\"search_term_string\"}}],\"inLanguage\":\"cs\"},{\"@type\":\"Organization\",\"@id\":\"https:\\\/\\\/parlo-italiano.cz\\\/#organization\",\"name\":\"Istituto Italiano di Cultura Praga\",\"url\":\"https:\\\/\\\/parlo-italiano.cz\\\/\",\"logo\":{\"@type\":\"ImageObject\",\"inLanguage\":\"cs\",\"@id\":\"https:\\\/\\\/parlo-italiano.cz\\\/#\\\/schema\\\/logo\\\/image\\\/\",\"url\":\"https:\\\/\\\/parlo-italiano.cz\\\/wp-content\\\/uploads\\\/2020\\\/03\\\/logo_iic.png\",\"contentUrl\":\"https:\\\/\\\/parlo-italiano.cz\\\/wp-content\\\/uploads\\\/2020\\\/03\\\/logo_iic.png\",\"width\":230,\"height\":130,\"caption\":\"Istituto Italiano di Cultura Praga\"},\"image\":{\"@id\":\"https:\\\/\\\/parlo-italiano.cz\\\/#\\\/schema\\\/logo\\\/image\\\/\"}}]}<\/script>\n<!-- \/ Yoast SEO plugin. -->","yoast_head_json":{"title":"Michele Gianangeli - Parlo Italiano","robots":{"index":"index","follow":"follow","max-snippet":"max-snippet:-1","max-image-preview":"max-image-preview:large","max-video-preview":"max-video-preview:-1"},"canonical":"https:\/\/parlo-italiano.cz\/cs\/ucitelsky-sbor\/michele-gianangeli\/","og_locale":"cs_CZ","og_type":"article","og_title":"Michele Gianangeli - Parlo Italiano","og_description":"[vc_row][vc_column][vc_column_text][\/vc_column_text][\/vc_column][\/vc_row]","og_url":"https:\/\/parlo-italiano.cz\/cs\/ucitelsky-sbor\/michele-gianangeli\/","og_site_name":"Parlo Italiano","twitter_card":"summary_large_image","twitter_misc":{"Odhadovan\u00e1 doba \u010dten\u00ed":"1 minuta"},"schema":{"@context":"https:\/\/schema.org","@graph":[{"@type":"WebPage","@id":"https:\/\/parlo-italiano.cz\/cs\/ucitelsky-sbor\/michele-gianangeli\/","url":"https:\/\/parlo-italiano.cz\/cs\/ucitelsky-sbor\/michele-gianangeli\/","name":"Michele Gianangeli - Parlo Italiano","isPartOf":{"@id":"https:\/\/parlo-italiano.cz\/#website"},"datePublished":"2020-07-08T12:38:54+00:00","breadcrumb":{"@id":"https:\/\/parlo-italiano.cz\/cs\/ucitelsky-sbor\/michele-gianangeli\/#breadcrumb"},"inLanguage":"cs","potentialAction":[{"@type":"ReadAction","target":["https:\/\/parlo-italiano.cz\/cs\/ucitelsky-sbor\/michele-gianangeli\/"]}]},{"@type":"BreadcrumbList","@id":"https:\/\/parlo-italiano.cz\/cs\/ucitelsky-sbor\/michele-gianangeli\/#breadcrumb","itemListElement":[{"@type":"ListItem","position":1,"name":"Home","item":"https:\/\/parlo-italiano.cz\/cs\/"},{"@type":"ListItem","position":2,"name":"U\u010ditelsk\u00fd sbor","item":"https:\/\/parlo-italiano.cz\/cs\/?page_id=14484"},{"@type":"ListItem","position":3,"name":"Michele Gianangeli"}]},{"@type":"WebSite","@id":"https:\/\/parlo-italiano.cz\/#website","url":"https:\/\/parlo-italiano.cz\/","name":"Parlo Italiano","description":"Corsi di lingua italiana","publisher":{"@id":"https:\/\/parlo-italiano.cz\/#organization"},"potentialAction":[{"@type":"SearchAction","target":{"@type":"EntryPoint","urlTemplate":"https:\/\/parlo-italiano.cz\/?s={search_term_string}"},"query-input":{"@type":"PropertyValueSpecification","valueRequired":true,"valueName":"search_term_string"}}],"inLanguage":"cs"},{"@type":"Organization","@id":"https:\/\/parlo-italiano.cz\/#organization","name":"Istituto Italiano di Cultura Praga","url":"https:\/\/parlo-italiano.cz\/","logo":{"@type":"ImageObject","inLanguage":"cs","@id":"https:\/\/parlo-italiano.cz\/#\/schema\/logo\/image\/","url":"https:\/\/parlo-italiano.cz\/wp-content\/uploads\/2020\/03\/logo_iic.png","contentUrl":"https:\/\/parlo-italiano.cz\/wp-content\/uploads\/2020\/03\/logo_iic.png","width":230,"height":130,"caption":"Istituto Italiano di Cultura Praga"},"image":{"@id":"https:\/\/parlo-italiano.cz\/#\/schema\/logo\/image\/"}}]}},"_links":{"self":[{"href":"https:\/\/parlo-italiano.cz\/cs\/wp-json\/wp\/v2\/pages\/14562","targetHints":{"allow":["GET"]}}],"collection":[{"href":"https:\/\/parlo-italiano.cz\/cs\/wp-json\/wp\/v2\/pages"}],"about":[{"href":"https:\/\/parlo-italiano.cz\/cs\/wp-json\/wp\/v2\/types\/page"}],"author":[{"embeddable":true,"href":"https:\/\/parlo-italiano.cz\/cs\/wp-json\/wp\/v2\/users\/2"}],"replies":[{"embeddable":true,"href":"https:\/\/parlo-italiano.cz\/cs\/wp-json\/wp\/v2\/comments?post=14562"}],"version-history":[{"count":0,"href":"https:\/\/parlo-italiano.cz\/cs\/wp-json\/wp\/v2\/pages\/14562\/revisions"}],"wp:attachment":[{"href":"https:\/\/parlo-italiano.cz\/cs\/wp-json\/wp\/v2\/media?parent=14562"}],"curies":[{"name":"wp","href":"https:\/\/api.w.org\/{rel}","templated":true}]}}