{"id":14583,"date":"2020-07-08T12:57:05","date_gmt":"2020-07-08T12:57:05","guid":{"rendered":"https:\/\/parlo-italiano.com\/?page_id=14583"},"modified":"2023-05-11T09:26:29","modified_gmt":"2023-05-11T07:26:29","slug":"proc-se-ucit-italsky","status":"publish","type":"page","link":"https:\/\/parlo-italiano.cz\/cs\/proc-se-ucit-italsky\/","title":{"rendered":"Pro\u010d se u\u010dit italsky?"},"content":{"rendered":"<section class=\"wpb-content-wrapper\"><p>[vc_row el_class=&#8220;why-to-learn&#8220;][vc_column][vc_empty_space][vc_column_text]<\/p>\r\n<h2>It\u00e1lie na fotk\u00e1ch<\/h2>\r\n<p>[\/vc_column_text][vc_empty_space height=&#8220;20px&#8220;]<div class=\"edukul-images-carousel  has-arrows arrow- arrow-center offsetcenter offset-v0 has-bullets bullet- bullet50\" data-auto=\"true\" data-loop=\"true\" data-gap=\"30\" data-column=\"1\" data-column2=\"1\" data-column3=\"1\">\r\n        <div class=\"owl-carousel owl-theme\"><div class=\"item-wrap\"><a class=\"zoom-popup popup-image\" href=\"https:\/\/parlo-italiano.cz\/wp-content\/uploads\/2020\/03\/6206_1920-min.jpg\"><\/a><img decoding=\"async\" src=\"https:\/\/parlo-italiano.cz\/wp-content\/uploads\/2020\/03\/6206_1920-min.jpg\" alt=\"Image\"><\/div><div class=\"item-wrap\"><a class=\"zoom-popup popup-image\" href=\"https:\/\/parlo-italiano.cz\/wp-content\/uploads\/2020\/03\/6190_1920-min.jpg\"><\/a><img decoding=\"async\" src=\"https:\/\/parlo-italiano.cz\/wp-content\/uploads\/2020\/03\/6190_1920-min.jpg\" alt=\"Image\"><\/div><div class=\"item-wrap\"><a class=\"zoom-popup popup-image\" href=\"https:\/\/parlo-italiano.cz\/wp-content\/uploads\/2020\/03\/5048_1920-min.jpg\"><\/a><img decoding=\"async\" src=\"https:\/\/parlo-italiano.cz\/wp-content\/uploads\/2020\/03\/5048_1920-min.jpg\" alt=\"Image\"><\/div><div class=\"item-wrap\"><a class=\"zoom-popup popup-image\" href=\"https:\/\/parlo-italiano.cz\/wp-content\/uploads\/2020\/03\/3228_1920-min.jpg\"><\/a><img decoding=\"async\" src=\"https:\/\/parlo-italiano.cz\/wp-content\/uploads\/2020\/03\/3228_1920-min.jpg\" alt=\"Image\"><\/div><div class=\"item-wrap\"><a class=\"zoom-popup popup-image\" href=\"https:\/\/parlo-italiano.cz\/wp-content\/uploads\/2020\/03\/933_1920-min.jpg\"><\/a><img decoding=\"async\" src=\"https:\/\/parlo-italiano.cz\/wp-content\/uploads\/2020\/03\/933_1920-min.jpg\" alt=\"Image\"><\/div><div class=\"item-wrap\"><a class=\"zoom-popup popup-image\" href=\"https:\/\/parlo-italiano.cz\/wp-content\/uploads\/2020\/03\/677_1920-min.jpg\"><\/a><img decoding=\"async\" src=\"https:\/\/parlo-italiano.cz\/wp-content\/uploads\/2020\/03\/677_1920-min.jpg\" alt=\"Image\"><\/div><div class=\"item-wrap\"><a class=\"zoom-popup popup-image\" href=\"https:\/\/parlo-italiano.cz\/wp-content\/uploads\/2020\/03\/132_1920-min.jpg\"><\/a><img decoding=\"async\" src=\"https:\/\/parlo-italiano.cz\/wp-content\/uploads\/2020\/03\/132_1920-min.jpg\" alt=\"Image\"><\/div><div class=\"item-wrap\"><a class=\"zoom-popup popup-image\" href=\"https:\/\/parlo-italiano.cz\/wp-content\/uploads\/2020\/03\/91_1920-min.jpg\"><\/a><img decoding=\"async\" src=\"https:\/\/parlo-italiano.cz\/wp-content\/uploads\/2020\/03\/91_1920-min.jpg\" alt=\"Image\"><\/div><div class=\"item-wrap\"><a class=\"zoom-popup popup-image\" href=\"https:\/\/parlo-italiano.cz\/wp-content\/uploads\/2020\/03\/7_1920-min.jpg\"><\/a><img decoding=\"async\" src=\"https:\/\/parlo-italiano.cz\/wp-content\/uploads\/2020\/03\/7_1920-min.jpg\" alt=\"Image\"><\/div><div class=\"item-wrap\"><a class=\"zoom-popup popup-image\" href=\"https:\/\/parlo-italiano.cz\/wp-content\/uploads\/2020\/03\/3_1920-min.jpg\"><\/a><img decoding=\"async\" src=\"https:\/\/parlo-italiano.cz\/wp-content\/uploads\/2020\/03\/3_1920-min.jpg\" alt=\"Image\"><\/div><\/div><\/div>[vc_empty_space height=&#8220;50px&#8220;][\/vc_column][\/vc_row][vc_row][vc_column][vc_column_text]<\/p>\r\n<h6>I kdy\u017e bychom v\u00e1m to mohli vysv\u011btlit my sami, nech\u00e1me promluvit na\u0161e studenty. Se\u0159adili jsme odpov\u011bdi, kter\u00e9 pravideln\u011b dost\u00e1v\u00e1me v dotazn\u00edku, jen\u017e pou\u017e\u00edv\u00e1me k nastaven\u00ed na\u0161ich kurz\u016f pot\u0159eb\u00e1m na\u0161ich student\u016f.<\/h6>\r\n<ol>\r\n<li>Kv\u016fli l\u00e1sce k italsk\u00e9 kultu\u0159e, od hudby k um\u011bn\u00ed, od kina a\u017e k literatu\u0159e.<\/li>\r\n<li>Kv\u016fli p\u0159\u00edrodn\u00edm a um\u011bleck\u00fdm kr\u00e1s\u00e1m na\u0161\u00ed zem\u011b, m\u00edst\u016fm ji\u017e nav\u0161t\u00edven\u00fdm \u010di t\u011bm, kter\u00e1 teprve nav\u0161t\u00edv\u00edme, v ka\u017ed\u00e9m p\u0159\u00edpad\u011b m\u00edst\u016fm, kter\u00e1 n\u00e1s ke studiu nadchly.<\/li>\r\n<li>Kv\u016fli l\u00e1sce k \u201cMade in Italy\u201d: od m\u00f3dy k designu, od va\u0159en\u00ed k v\u00edn\u016fm<\/li>\r\n<li>Kv\u016fli obdivu k \u017eivotn\u00edmu stylu Ital\u016f<\/li>\r\n<li>Kv\u016fli v\u00e1\u0161ni, p\u0159\u00e1telstv\u00ed a tvo\u0159ivosti Ital\u016f<\/li>\r\n<li>Kv\u016fli Italovi \u010di Italce, kte\u0159\u00ed na n\u00e1s \u010dekaj\u00ed \ud83d\ude0a<\/li>\r\n<li>Kv\u016fli muzik\u00e1lnosti jazyka<\/li>\r\n<li>Kv\u016fli studiu (jedeme do It\u00e1lie na Erasmus \u010di jin\u00e9 studium)<\/li>\r\n<li>Kv\u016fli pr\u00e1ci, zejm\u00e9na v potravin\u00e1\u0159sk\u00e9m sektoru, m\u00f3d\u011b \u010di designu.<\/li>\r\n<\/ol>\r\n<p>Ital\u0161tina je, konec konc\u016f, p\u0159edev\u0161\u00edm jazyk radosti. A kdy\u017e v\u00e1s m\u016f\u017eeme v na\u0161ich kurzech Italsk\u00e9ho kulturn\u00edho institutu v Praze p\u0159iv\u00edtat, je v\u017edy dobr\u00e9 m\u00edt tyto motivace na z\u0159eteli.[\/vc_column_text][\/vc_column][\/vc_row][vc_row][vc_column][vc_column_text]<\/p>\r\n<p>[\/vc_column_text][\/vc_column][\/vc_row]<\/p><!-- \/wp:post-content --><\/section>","protected":false},"excerpt":{"rendered":"<p>[vc_row el_class=&#8220;why-to-learn&#8220;][vc_column][vc_empty_space][vc_column_text] It\u00e1lie na fotk\u00e1ch [\/vc_column_text][vc_empty_space height=&#8220;20px&#8220;][vc_empty_space height=&#8220;50px&#8220;][\/vc_column][\/vc_row][vc_row][vc_column][vc_column_text] I kdy\u017e bychom v\u00e1m to mohli vysv\u011btlit my sami, nech\u00e1me promluvit na\u0161e studenty. Se\u0159adili jsme odpov\u011bdi, kter\u00e9 pravideln\u011b dost\u00e1v\u00e1me v dotazn\u00edku, jen\u017e pou\u017e\u00edv\u00e1me k nastaven\u00ed na\u0161ich kurz\u016f pot\u0159eb\u00e1m na\u0161ich student\u016f. Kv\u016fli l\u00e1sce k italsk\u00e9 kultu\u0159e, od hudby k um\u011bn\u00ed, od kina a\u017e<\/p>\n","protected":false},"author":2,"featured_media":0,"parent":0,"menu_order":0,"comment_status":"closed","ping_status":"closed","template":"","meta":{"footnotes":""},"class_list":["post-14583","page","type-page","status-publish","hentry"],"yoast_head":"<!-- This site is optimized with the Yoast SEO plugin v27.3 - https:\/\/yoast.com\/product\/yoast-seo-wordpress\/ -->\n<title>Pro\u010d se u\u010dit italsky? - Parlo Italiano<\/title>\n<meta name=\"robots\" content=\"index, follow, max-snippet:-1, max-image-preview:large, max-video-preview:-1\" \/>\n<link rel=\"canonical\" href=\"https:\/\/parlo-italiano.cz\/cs\/proc-se-ucit-italsky\/\" \/>\n<meta property=\"og:locale\" content=\"cs_CZ\" \/>\n<meta property=\"og:type\" content=\"article\" \/>\n<meta property=\"og:title\" content=\"Pro\u010d se u\u010dit italsky? - Parlo Italiano\" \/>\n<meta property=\"og:description\" content=\"[vc_row el_class=&#8220;why-to-learn&#8220;][vc_column][vc_empty_space][vc_column_text] It\u00e1lie na fotk\u00e1ch [\/vc_column_text][vc_empty_space height=&#8220;20px&#8220;][vc_empty_space height=&#8220;50px&#8220;][\/vc_column][\/vc_row][vc_row][vc_column][vc_column_text] I kdy\u017e bychom v\u00e1m to mohli vysv\u011btlit my sami, nech\u00e1me promluvit na\u0161e studenty. Se\u0159adili jsme odpov\u011bdi, kter\u00e9 pravideln\u011b dost\u00e1v\u00e1me v dotazn\u00edku, jen\u017e pou\u017e\u00edv\u00e1me k nastaven\u00ed na\u0161ich kurz\u016f pot\u0159eb\u00e1m na\u0161ich student\u016f. Kv\u016fli l\u00e1sce k italsk\u00e9 kultu\u0159e, od hudby k um\u011bn\u00ed, od kina a\u017e\" \/>\n<meta property=\"og:url\" content=\"https:\/\/parlo-italiano.cz\/cs\/proc-se-ucit-italsky\/\" \/>\n<meta property=\"og:site_name\" content=\"Parlo Italiano\" \/>\n<meta property=\"article:modified_time\" content=\"2023-05-11T07:26:29+00:00\" \/>\n<meta name=\"twitter:card\" content=\"summary_large_image\" \/>\n<meta name=\"twitter:label1\" content=\"Odhadovan\u00e1 doba \u010dten\u00ed\" \/>\n\t<meta name=\"twitter:data1\" content=\"1 minuta\" \/>\n<script type=\"application\/ld+json\" class=\"yoast-schema-graph\">{\"@context\":\"https:\\\/\\\/schema.org\",\"@graph\":[{\"@type\":\"WebPage\",\"@id\":\"https:\\\/\\\/parlo-italiano.cz\\\/cs\\\/proc-se-ucit-italsky\\\/\",\"url\":\"https:\\\/\\\/parlo-italiano.cz\\\/cs\\\/proc-se-ucit-italsky\\\/\",\"name\":\"Pro\u010d se u\u010dit italsky? - Parlo Italiano\",\"isPartOf\":{\"@id\":\"https:\\\/\\\/parlo-italiano.cz\\\/#website\"},\"datePublished\":\"2020-07-08T12:57:05+00:00\",\"dateModified\":\"2023-05-11T07:26:29+00:00\",\"breadcrumb\":{\"@id\":\"https:\\\/\\\/parlo-italiano.cz\\\/cs\\\/proc-se-ucit-italsky\\\/#breadcrumb\"},\"inLanguage\":\"cs\",\"potentialAction\":[{\"@type\":\"ReadAction\",\"target\":[\"https:\\\/\\\/parlo-italiano.cz\\\/cs\\\/proc-se-ucit-italsky\\\/\"]}]},{\"@type\":\"BreadcrumbList\",\"@id\":\"https:\\\/\\\/parlo-italiano.cz\\\/cs\\\/proc-se-ucit-italsky\\\/#breadcrumb\",\"itemListElement\":[{\"@type\":\"ListItem\",\"position\":1,\"name\":\"Home\",\"item\":\"https:\\\/\\\/parlo-italiano.cz\\\/cs\\\/\"},{\"@type\":\"ListItem\",\"position\":2,\"name\":\"Pro\u010d se u\u010dit italsky?\"}]},{\"@type\":\"WebSite\",\"@id\":\"https:\\\/\\\/parlo-italiano.cz\\\/#website\",\"url\":\"https:\\\/\\\/parlo-italiano.cz\\\/\",\"name\":\"Parlo Italiano\",\"description\":\"Corsi di lingua italiana\",\"publisher\":{\"@id\":\"https:\\\/\\\/parlo-italiano.cz\\\/#organization\"},\"potentialAction\":[{\"@type\":\"SearchAction\",\"target\":{\"@type\":\"EntryPoint\",\"urlTemplate\":\"https:\\\/\\\/parlo-italiano.cz\\\/?s={search_term_string}\"},\"query-input\":{\"@type\":\"PropertyValueSpecification\",\"valueRequired\":true,\"valueName\":\"search_term_string\"}}],\"inLanguage\":\"cs\"},{\"@type\":\"Organization\",\"@id\":\"https:\\\/\\\/parlo-italiano.cz\\\/#organization\",\"name\":\"Istituto Italiano di Cultura Praga\",\"url\":\"https:\\\/\\\/parlo-italiano.cz\\\/\",\"logo\":{\"@type\":\"ImageObject\",\"inLanguage\":\"cs\",\"@id\":\"https:\\\/\\\/parlo-italiano.cz\\\/#\\\/schema\\\/logo\\\/image\\\/\",\"url\":\"https:\\\/\\\/parlo-italiano.cz\\\/wp-content\\\/uploads\\\/2020\\\/03\\\/logo_iic.png\",\"contentUrl\":\"https:\\\/\\\/parlo-italiano.cz\\\/wp-content\\\/uploads\\\/2020\\\/03\\\/logo_iic.png\",\"width\":230,\"height\":130,\"caption\":\"Istituto Italiano di Cultura Praga\"},\"image\":{\"@id\":\"https:\\\/\\\/parlo-italiano.cz\\\/#\\\/schema\\\/logo\\\/image\\\/\"}}]}<\/script>\n<!-- \/ Yoast SEO plugin. -->","yoast_head_json":{"title":"Pro\u010d se u\u010dit italsky? - Parlo Italiano","robots":{"index":"index","follow":"follow","max-snippet":"max-snippet:-1","max-image-preview":"max-image-preview:large","max-video-preview":"max-video-preview:-1"},"canonical":"https:\/\/parlo-italiano.cz\/cs\/proc-se-ucit-italsky\/","og_locale":"cs_CZ","og_type":"article","og_title":"Pro\u010d se u\u010dit italsky? - Parlo Italiano","og_description":"[vc_row el_class=&#8220;why-to-learn&#8220;][vc_column][vc_empty_space][vc_column_text] It\u00e1lie na fotk\u00e1ch [\/vc_column_text][vc_empty_space height=&#8220;20px&#8220;][vc_empty_space height=&#8220;50px&#8220;][\/vc_column][\/vc_row][vc_row][vc_column][vc_column_text] I kdy\u017e bychom v\u00e1m to mohli vysv\u011btlit my sami, nech\u00e1me promluvit na\u0161e studenty. Se\u0159adili jsme odpov\u011bdi, kter\u00e9 pravideln\u011b dost\u00e1v\u00e1me v dotazn\u00edku, jen\u017e pou\u017e\u00edv\u00e1me k nastaven\u00ed na\u0161ich kurz\u016f pot\u0159eb\u00e1m na\u0161ich student\u016f. Kv\u016fli l\u00e1sce k italsk\u00e9 kultu\u0159e, od hudby k um\u011bn\u00ed, od kina a\u017e","og_url":"https:\/\/parlo-italiano.cz\/cs\/proc-se-ucit-italsky\/","og_site_name":"Parlo Italiano","article_modified_time":"2023-05-11T07:26:29+00:00","twitter_card":"summary_large_image","twitter_misc":{"Odhadovan\u00e1 doba \u010dten\u00ed":"1 minuta"},"schema":{"@context":"https:\/\/schema.org","@graph":[{"@type":"WebPage","@id":"https:\/\/parlo-italiano.cz\/cs\/proc-se-ucit-italsky\/","url":"https:\/\/parlo-italiano.cz\/cs\/proc-se-ucit-italsky\/","name":"Pro\u010d se u\u010dit italsky? - Parlo Italiano","isPartOf":{"@id":"https:\/\/parlo-italiano.cz\/#website"},"datePublished":"2020-07-08T12:57:05+00:00","dateModified":"2023-05-11T07:26:29+00:00","breadcrumb":{"@id":"https:\/\/parlo-italiano.cz\/cs\/proc-se-ucit-italsky\/#breadcrumb"},"inLanguage":"cs","potentialAction":[{"@type":"ReadAction","target":["https:\/\/parlo-italiano.cz\/cs\/proc-se-ucit-italsky\/"]}]},{"@type":"BreadcrumbList","@id":"https:\/\/parlo-italiano.cz\/cs\/proc-se-ucit-italsky\/#breadcrumb","itemListElement":[{"@type":"ListItem","position":1,"name":"Home","item":"https:\/\/parlo-italiano.cz\/cs\/"},{"@type":"ListItem","position":2,"name":"Pro\u010d se u\u010dit italsky?"}]},{"@type":"WebSite","@id":"https:\/\/parlo-italiano.cz\/#website","url":"https:\/\/parlo-italiano.cz\/","name":"Parlo Italiano","description":"Corsi di lingua italiana","publisher":{"@id":"https:\/\/parlo-italiano.cz\/#organization"},"potentialAction":[{"@type":"SearchAction","target":{"@type":"EntryPoint","urlTemplate":"https:\/\/parlo-italiano.cz\/?s={search_term_string}"},"query-input":{"@type":"PropertyValueSpecification","valueRequired":true,"valueName":"search_term_string"}}],"inLanguage":"cs"},{"@type":"Organization","@id":"https:\/\/parlo-italiano.cz\/#organization","name":"Istituto Italiano di Cultura Praga","url":"https:\/\/parlo-italiano.cz\/","logo":{"@type":"ImageObject","inLanguage":"cs","@id":"https:\/\/parlo-italiano.cz\/#\/schema\/logo\/image\/","url":"https:\/\/parlo-italiano.cz\/wp-content\/uploads\/2020\/03\/logo_iic.png","contentUrl":"https:\/\/parlo-italiano.cz\/wp-content\/uploads\/2020\/03\/logo_iic.png","width":230,"height":130,"caption":"Istituto Italiano di Cultura Praga"},"image":{"@id":"https:\/\/parlo-italiano.cz\/#\/schema\/logo\/image\/"}}]}},"_links":{"self":[{"href":"https:\/\/parlo-italiano.cz\/cs\/wp-json\/wp\/v2\/pages\/14583","targetHints":{"allow":["GET"]}}],"collection":[{"href":"https:\/\/parlo-italiano.cz\/cs\/wp-json\/wp\/v2\/pages"}],"about":[{"href":"https:\/\/parlo-italiano.cz\/cs\/wp-json\/wp\/v2\/types\/page"}],"author":[{"embeddable":true,"href":"https:\/\/parlo-italiano.cz\/cs\/wp-json\/wp\/v2\/users\/2"}],"replies":[{"embeddable":true,"href":"https:\/\/parlo-italiano.cz\/cs\/wp-json\/wp\/v2\/comments?post=14583"}],"version-history":[{"count":1,"href":"https:\/\/parlo-italiano.cz\/cs\/wp-json\/wp\/v2\/pages\/14583\/revisions"}],"predecessor-version":[{"id":26270,"href":"https:\/\/parlo-italiano.cz\/cs\/wp-json\/wp\/v2\/pages\/14583\/revisions\/26270"}],"wp:attachment":[{"href":"https:\/\/parlo-italiano.cz\/cs\/wp-json\/wp\/v2\/media?parent=14583"}],"curies":[{"name":"wp","href":"https:\/\/api.w.org\/{rel}","templated":true}]}}