{"id":16654,"date":"2020-12-24T15:37:30","date_gmt":"2020-12-24T15:37:30","guid":{"rendered":"https:\/\/parlo-italiano.com\/?page_id=16654"},"modified":"2020-12-24T15:37:30","modified_gmt":"2020-12-24T15:37:30","slug":"francesca-bonanni","status":"publish","type":"page","link":"https:\/\/parlo-italiano.cz\/cs\/francesca-bonanni\/","title":{"rendered":"Francesca Bonanni"},"content":{"rendered":"<section class=\"wpb-content-wrapper\"><p>[vc_row][vc_column width=&#8220;1\/2&#8243;][vc_column_text]<\/p>\n<h3>PRACOVN\u00cd POZICE<\/h3>\n<p>U\u010ditelka italsk\u00e9ho jazyka pro cizince na Italsk\u00e9m kulturn\u00edm institutu v Praze<\/p>\n<h3>PRACOVN\u00cd ZKU\u0160ENOSTI<\/h3>\n<p>U\u010ditelka italsk\u00e9ho jazyka pro cizince na Italsk\u00e9m kulturn\u00edm institutu v\u00a0Praze.<br \/>\nU\u010ditelka italsk\u00e9ho jazyka ve Spole\u010dnosti Dante Alighieri v\u00a0Praze.<br \/>\nSoukrom\u00e1 v\u00fduka ital\u0161tiny, latiny a star\u00e9 \u0159e\u010dtiny. V\u00fduka ital\u0161tiny, latiny, d\u011bjepisu, zem\u011bpisu, filozofie a star\u00e9 \u0159e\u010dtiny ve vzd\u011bl\u00e1vac\u00edch st\u0159edisc\u00edch a ve\u0159ejn\u00fdch \u0161kol\u00e1ch v \u0158\u00edm\u011b.<br \/>\nU\u010ditelka italsk\u00e9ho jazyka pro p\u0159ist\u011bhovalce ve Spole\u010dnostech \u2018Casa del Popolo\u2019 a \u2018Focus-Casa dei diritti sociali\u2019 v \u0158\u00edm\u011b.<br \/>\nPracovala jako knihovn\u00edk a katalogiz\u00e1tor v univerzitn\u00edch knihovn\u00e1ch (Universit\u00e0 \u2018La Sapienza\u2019), v n\u00e1rodn\u00ed knihovn\u011b Nazionale Centrale z \u0158\u00edma, v m\u00edstn\u00edch knihovn\u00e1ch v\u00a0\u0158\u00edm\u011b. Z\u00fa\u010dastnila se projektu digitalizace rukopis\u016f ve fotografick\u00e9 a digit\u00e1ln\u00ed laborato\u0159i Vatik\u00e1nsk\u00e9 apo\u0161tolsk\u00e9 knihovny.<\/p>\n<h3>VZD\u011aL\u00c1N\u00cd A ODBORN\u00c1 P\u0158\u00cdPRAVA<\/h3>\n<p>V roce 2020 se z\u00fa\u010dastnila kurzu v\u00fduky ital\u0161tiny pro cizince ve \u0161kole \u201eSpole\u010dnost Dante Alighieri\u201c.<br \/>\nV roce 2020 absolvovala dvouletou odbornou \u0161kolu v knihovnictv\u00ed ve Vatik\u00e1nsk\u00e9 \u0161kole knihovnictv\u00ed (obory: bibliografie\/ reference, rukopisy, knihov\u011bda, restaurov\u00e1n\u00ed knih, katalogizace, digit\u00e1ln\u00ed knihovna).<br \/>\nV roce 2018 se z\u00fa\u010dastnila kurzu didaktiky ital\u0161tiny pro cizince v\u00a0\u0159\u00edmsk\u00e9 \u0161kole \u2018Torre di Babele\u2019 a z\u00edskala osv\u011bd\u010den\u00ed DITALS I vydan\u00e9 univerzitou Universit\u00e0 per stranieri di Siena pro v\u00fduku ital\u0161tiny jako ciz\u00edho jazyka.<br \/>\nV roce 2018 z\u00edskala titul magistra v\u00a0oboru Modern\u00ed filologie (diplomov\u00e1 pr\u00e1ce v oboru rom\u00e1nsk\u00e9 filologie. Hodnocen\u00ed: 110 s\u00a0vyznamen\u00e1n\u00edm) na \u0159\u00edmsk\u00e9 univerzit\u011b La Sapienza. Z\u00edskala tak\u00e9 24 kredit\u016f v oboru antropo-psycho-pedagogick\u00e9m a v didaktick\u00fdch metodik\u00e1ch.<br \/>\nV roce 2015 z\u00edskala bakal\u00e1\u0159sk\u00fd titul na \u0159\u00edmsk\u00e9 univerzit\u011b La Sapienza.[\/vc_column_text][\/vc_column][vc_column width=&#8220;1\/2&#8243;]<div class=\"edukul-image-box clearfix style-1 text-center\" style=\"\" >\r\n        <div class=\"item\">\r\n            <div class=\"inner\">\r\n                <div class=\"thumb\" style=\"\"><img loading=\"lazy\" decoding=\"async\" width=\"562\" height=\"1229\" src=\"https:\/\/parlo-italiano.cz\/wp-content\/uploads\/2020\/12\/francesca.jpeg\" class=\"attachment-full size-full\" alt=\"\" srcset=\"https:\/\/parlo-italiano.cz\/wp-content\/uploads\/2020\/12\/francesca.jpeg 562w, https:\/\/parlo-italiano.cz\/wp-content\/uploads\/2020\/12\/francesca-550x1203.jpeg 550w, https:\/\/parlo-italiano.cz\/wp-content\/uploads\/2020\/12\/francesca-137x300.jpeg 137w, https:\/\/parlo-italiano.cz\/wp-content\/uploads\/2020\/12\/francesca-468x1024.jpeg 468w\" sizes=\"auto, (max-width: 562px) 100vw, 562px\" \/> <\/div>\r\n                <div class=\"text-wrap \" style=\"\">\r\n                    <div class=\"text-inner\">  <\/div>\r\n                <\/div>\r\n                \r\n            <\/div>\r\n        <\/div>\r\n    <\/div>\r\n\t<div class=\"edukul-spacer clearfix\" data-desktop=\"20\" data-mobi=\"20\" data-smobi=\"20\"><\/div>[\/vc_column][\/vc_row]<\/p>\n<\/section>","protected":false},"excerpt":{"rendered":"<p>[vc_row][vc_column width=&#8220;1\/2&#8243;][vc_column_text] PRACOVN\u00cd POZICE U\u010ditelka italsk\u00e9ho jazyka pro cizince na Italsk\u00e9m kulturn\u00edm institutu v Praze PRACOVN\u00cd ZKU\u0160ENOSTI U\u010ditelka italsk\u00e9ho jazyka pro cizince na Italsk\u00e9m kulturn\u00edm institutu v\u00a0Praze. U\u010ditelka italsk\u00e9ho jazyka ve Spole\u010dnosti Dante Alighieri v\u00a0Praze. Soukrom\u00e1 v\u00fduka ital\u0161tiny, latiny a star\u00e9 \u0159e\u010dtiny. V\u00fduka ital\u0161tiny, latiny, d\u011bjepisu, zem\u011bpisu, filozofie a star\u00e9<\/p>\n","protected":false},"author":2,"featured_media":0,"parent":0,"menu_order":0,"comment_status":"closed","ping_status":"closed","template":"","meta":{"footnotes":""},"class_list":["post-16654","page","type-page","status-publish","hentry"],"yoast_head":"<!-- This site is optimized with the Yoast SEO plugin v27.3 - https:\/\/yoast.com\/product\/yoast-seo-wordpress\/ -->\n<title>Francesca Bonanni - Parlo Italiano<\/title>\n<meta name=\"robots\" content=\"index, follow, max-snippet:-1, max-image-preview:large, max-video-preview:-1\" \/>\n<link rel=\"canonical\" href=\"https:\/\/parlo-italiano.cz\/cs\/ucitelsky-sbor\/francesca-bonanni\/\" \/>\n<meta property=\"og:locale\" content=\"cs_CZ\" \/>\n<meta property=\"og:type\" content=\"article\" \/>\n<meta property=\"og:title\" content=\"Francesca Bonanni - Parlo Italiano\" \/>\n<meta property=\"og:description\" content=\"[vc_row][vc_column width=&#8220;1\/2&#8243;][vc_column_text] PRACOVN\u00cd POZICE U\u010ditelka italsk\u00e9ho jazyka pro cizince na Italsk\u00e9m kulturn\u00edm institutu v Praze PRACOVN\u00cd ZKU\u0160ENOSTI U\u010ditelka italsk\u00e9ho jazyka pro cizince na Italsk\u00e9m kulturn\u00edm institutu v\u00a0Praze. U\u010ditelka italsk\u00e9ho jazyka ve Spole\u010dnosti Dante Alighieri v\u00a0Praze. Soukrom\u00e1 v\u00fduka ital\u0161tiny, latiny a star\u00e9 \u0159e\u010dtiny. V\u00fduka ital\u0161tiny, latiny, d\u011bjepisu, zem\u011bpisu, filozofie a star\u00e9\" \/>\n<meta property=\"og:url\" content=\"https:\/\/parlo-italiano.cz\/cs\/ucitelsky-sbor\/francesca-bonanni\/\" \/>\n<meta property=\"og:site_name\" content=\"Parlo Italiano\" \/>\n<meta name=\"twitter:card\" content=\"summary_large_image\" \/>\n<meta name=\"twitter:label1\" content=\"Odhadovan\u00e1 doba \u010dten\u00ed\" \/>\n\t<meta name=\"twitter:data1\" content=\"2 minuty\" \/>\n<script type=\"application\/ld+json\" class=\"yoast-schema-graph\">{\"@context\":\"https:\\\/\\\/schema.org\",\"@graph\":[{\"@type\":\"WebPage\",\"@id\":\"https:\\\/\\\/parlo-italiano.cz\\\/cs\\\/ucitelsky-sbor\\\/francesca-bonanni\\\/\",\"url\":\"https:\\\/\\\/parlo-italiano.cz\\\/cs\\\/ucitelsky-sbor\\\/francesca-bonanni\\\/\",\"name\":\"Francesca Bonanni - Parlo Italiano\",\"isPartOf\":{\"@id\":\"https:\\\/\\\/parlo-italiano.cz\\\/#website\"},\"datePublished\":\"2020-12-24T15:37:30+00:00\",\"breadcrumb\":{\"@id\":\"https:\\\/\\\/parlo-italiano.cz\\\/cs\\\/ucitelsky-sbor\\\/francesca-bonanni\\\/#breadcrumb\"},\"inLanguage\":\"cs\",\"potentialAction\":[{\"@type\":\"ReadAction\",\"target\":[\"https:\\\/\\\/parlo-italiano.cz\\\/cs\\\/ucitelsky-sbor\\\/francesca-bonanni\\\/\"]}]},{\"@type\":\"BreadcrumbList\",\"@id\":\"https:\\\/\\\/parlo-italiano.cz\\\/cs\\\/ucitelsky-sbor\\\/francesca-bonanni\\\/#breadcrumb\",\"itemListElement\":[{\"@type\":\"ListItem\",\"position\":1,\"name\":\"Home\",\"item\":\"https:\\\/\\\/parlo-italiano.cz\\\/cs\\\/\"},{\"@type\":\"ListItem\",\"position\":2,\"name\":\"U\u010ditelsk\u00fd sbor\",\"item\":\"https:\\\/\\\/parlo-italiano.cz\\\/cs\\\/?page_id=14484\"},{\"@type\":\"ListItem\",\"position\":3,\"name\":\"Francesca Bonanni\"}]},{\"@type\":\"WebSite\",\"@id\":\"https:\\\/\\\/parlo-italiano.cz\\\/#website\",\"url\":\"https:\\\/\\\/parlo-italiano.cz\\\/\",\"name\":\"Parlo Italiano\",\"description\":\"Corsi di lingua italiana\",\"publisher\":{\"@id\":\"https:\\\/\\\/parlo-italiano.cz\\\/#organization\"},\"potentialAction\":[{\"@type\":\"SearchAction\",\"target\":{\"@type\":\"EntryPoint\",\"urlTemplate\":\"https:\\\/\\\/parlo-italiano.cz\\\/?s={search_term_string}\"},\"query-input\":{\"@type\":\"PropertyValueSpecification\",\"valueRequired\":true,\"valueName\":\"search_term_string\"}}],\"inLanguage\":\"cs\"},{\"@type\":\"Organization\",\"@id\":\"https:\\\/\\\/parlo-italiano.cz\\\/#organization\",\"name\":\"Istituto Italiano di Cultura Praga\",\"url\":\"https:\\\/\\\/parlo-italiano.cz\\\/\",\"logo\":{\"@type\":\"ImageObject\",\"inLanguage\":\"cs\",\"@id\":\"https:\\\/\\\/parlo-italiano.cz\\\/#\\\/schema\\\/logo\\\/image\\\/\",\"url\":\"https:\\\/\\\/parlo-italiano.cz\\\/wp-content\\\/uploads\\\/2020\\\/03\\\/logo_iic.png\",\"contentUrl\":\"https:\\\/\\\/parlo-italiano.cz\\\/wp-content\\\/uploads\\\/2020\\\/03\\\/logo_iic.png\",\"width\":230,\"height\":130,\"caption\":\"Istituto Italiano di Cultura Praga\"},\"image\":{\"@id\":\"https:\\\/\\\/parlo-italiano.cz\\\/#\\\/schema\\\/logo\\\/image\\\/\"}}]}<\/script>\n<!-- \/ Yoast SEO plugin. -->","yoast_head_json":{"title":"Francesca Bonanni - Parlo Italiano","robots":{"index":"index","follow":"follow","max-snippet":"max-snippet:-1","max-image-preview":"max-image-preview:large","max-video-preview":"max-video-preview:-1"},"canonical":"https:\/\/parlo-italiano.cz\/cs\/ucitelsky-sbor\/francesca-bonanni\/","og_locale":"cs_CZ","og_type":"article","og_title":"Francesca Bonanni - Parlo Italiano","og_description":"[vc_row][vc_column width=&#8220;1\/2&#8243;][vc_column_text] PRACOVN\u00cd POZICE U\u010ditelka italsk\u00e9ho jazyka pro cizince na Italsk\u00e9m kulturn\u00edm institutu v Praze PRACOVN\u00cd ZKU\u0160ENOSTI U\u010ditelka italsk\u00e9ho jazyka pro cizince na Italsk\u00e9m kulturn\u00edm institutu v\u00a0Praze. U\u010ditelka italsk\u00e9ho jazyka ve Spole\u010dnosti Dante Alighieri v\u00a0Praze. Soukrom\u00e1 v\u00fduka ital\u0161tiny, latiny a star\u00e9 \u0159e\u010dtiny. V\u00fduka ital\u0161tiny, latiny, d\u011bjepisu, zem\u011bpisu, filozofie a star\u00e9","og_url":"https:\/\/parlo-italiano.cz\/cs\/ucitelsky-sbor\/francesca-bonanni\/","og_site_name":"Parlo Italiano","twitter_card":"summary_large_image","twitter_misc":{"Odhadovan\u00e1 doba \u010dten\u00ed":"2 minuty"},"schema":{"@context":"https:\/\/schema.org","@graph":[{"@type":"WebPage","@id":"https:\/\/parlo-italiano.cz\/cs\/ucitelsky-sbor\/francesca-bonanni\/","url":"https:\/\/parlo-italiano.cz\/cs\/ucitelsky-sbor\/francesca-bonanni\/","name":"Francesca Bonanni - Parlo Italiano","isPartOf":{"@id":"https:\/\/parlo-italiano.cz\/#website"},"datePublished":"2020-12-24T15:37:30+00:00","breadcrumb":{"@id":"https:\/\/parlo-italiano.cz\/cs\/ucitelsky-sbor\/francesca-bonanni\/#breadcrumb"},"inLanguage":"cs","potentialAction":[{"@type":"ReadAction","target":["https:\/\/parlo-italiano.cz\/cs\/ucitelsky-sbor\/francesca-bonanni\/"]}]},{"@type":"BreadcrumbList","@id":"https:\/\/parlo-italiano.cz\/cs\/ucitelsky-sbor\/francesca-bonanni\/#breadcrumb","itemListElement":[{"@type":"ListItem","position":1,"name":"Home","item":"https:\/\/parlo-italiano.cz\/cs\/"},{"@type":"ListItem","position":2,"name":"U\u010ditelsk\u00fd sbor","item":"https:\/\/parlo-italiano.cz\/cs\/?page_id=14484"},{"@type":"ListItem","position":3,"name":"Francesca Bonanni"}]},{"@type":"WebSite","@id":"https:\/\/parlo-italiano.cz\/#website","url":"https:\/\/parlo-italiano.cz\/","name":"Parlo Italiano","description":"Corsi di lingua italiana","publisher":{"@id":"https:\/\/parlo-italiano.cz\/#organization"},"potentialAction":[{"@type":"SearchAction","target":{"@type":"EntryPoint","urlTemplate":"https:\/\/parlo-italiano.cz\/?s={search_term_string}"},"query-input":{"@type":"PropertyValueSpecification","valueRequired":true,"valueName":"search_term_string"}}],"inLanguage":"cs"},{"@type":"Organization","@id":"https:\/\/parlo-italiano.cz\/#organization","name":"Istituto Italiano di Cultura Praga","url":"https:\/\/parlo-italiano.cz\/","logo":{"@type":"ImageObject","inLanguage":"cs","@id":"https:\/\/parlo-italiano.cz\/#\/schema\/logo\/image\/","url":"https:\/\/parlo-italiano.cz\/wp-content\/uploads\/2020\/03\/logo_iic.png","contentUrl":"https:\/\/parlo-italiano.cz\/wp-content\/uploads\/2020\/03\/logo_iic.png","width":230,"height":130,"caption":"Istituto Italiano di Cultura Praga"},"image":{"@id":"https:\/\/parlo-italiano.cz\/#\/schema\/logo\/image\/"}}]}},"_links":{"self":[{"href":"https:\/\/parlo-italiano.cz\/cs\/wp-json\/wp\/v2\/pages\/16654","targetHints":{"allow":["GET"]}}],"collection":[{"href":"https:\/\/parlo-italiano.cz\/cs\/wp-json\/wp\/v2\/pages"}],"about":[{"href":"https:\/\/parlo-italiano.cz\/cs\/wp-json\/wp\/v2\/types\/page"}],"author":[{"embeddable":true,"href":"https:\/\/parlo-italiano.cz\/cs\/wp-json\/wp\/v2\/users\/2"}],"replies":[{"embeddable":true,"href":"https:\/\/parlo-italiano.cz\/cs\/wp-json\/wp\/v2\/comments?post=16654"}],"version-history":[{"count":0,"href":"https:\/\/parlo-italiano.cz\/cs\/wp-json\/wp\/v2\/pages\/16654\/revisions"}],"wp:attachment":[{"href":"https:\/\/parlo-italiano.cz\/cs\/wp-json\/wp\/v2\/media?parent=16654"}],"curies":[{"name":"wp","href":"https:\/\/api.w.org\/{rel}","templated":true}]}}