{"id":23369,"date":"2023-02-03T14:37:31","date_gmt":"2023-02-03T13:37:31","guid":{"rendered":"https:\/\/parlo-italiano.cz\/zapis\/"},"modified":"2025-07-19T11:17:52","modified_gmt":"2025-07-19T09:17:52","slug":"zapis","status":"publish","type":"page","link":"https:\/\/parlo-italiano.cz\/cs\/zapis\/","title":{"rendered":"Z\u00e1pisy do kurz\u016f a lekc\u00ed"},"content":{"rendered":"<section class=\"wpb-content-wrapper\"><p>[vc_row alignment=&#8220;&#8220; heading_color=&#8220;&#8220; heading_width=&#8220;&#8220; subheading_color=&#8220;&#8220; subheading_width=&#8220;&#8220; content_width=&#8220;&#8220; animation=&#8220;&#8220; animation_effect=&#8220;fadeInUp&#8220; animation_duration=&#8220;0.75s&#8220; animation_delay=&#8220;0.3s&#8220; separator=&#8220;&#8220; sep_position=&#8220;between&#8220; line_width=&#8220;70&#8243; line_height=&#8220;2&#8243; line_right_margin=&#8220;20&#8243; line_color=&#8220;#ff9900&#8243; image=&#8220;&#8220; image_width=&#8220;&#8220; tag=&#8220;h5&#8243; heading_font_family=&#8220;Default&#8220; heading_font_weight=&#8220;Default&#8220; heading_font_size=&#8220;&#8220; heading_font_size_mobile=&#8220;&#8220; heading_line_height=&#8220;&#8220; subheading_font_family=&#8220;Default&#8220; subheading_font_weight=&#8220;Default&#8220; subheading_font_size=&#8220;&#8220; subheading_line_height=&#8220;&#8220; subheading_font_style=&#8220;normal&#8220; heading_top_margin=&#8220;&#8220; heading_bottom_margin=&#8220;&#8220; subheading_top_margin=&#8220;&#8220; subheading_bottom_margin=&#8220;&#8220; heading=&#8220;Come iscriversi a un nuovo livello se sei gi\u00e0 uno studente dei nostri corsi&#8220; subheading=&#8220;&#8220; heading_typograpy=&#8220;&#8220; subheading_typograpy=&#8220;&#8220;][vc_column]<div class=\"edukul-headings clearfix \"  style=\"\"><h3 class=\"heading clearfix \" style=\"\">\r\n\t\tJak se zapsat na kurz, pokud jste nov\u00fdm studentem\r\n\t<\/h3><\/div>[vc_column_text]Pro z\u00e1pis do n\u011bkter\u00e9ho z na\u0161ich kurz\u016f je nutn\u00e9, abyste byli <strong>zaregistrov\u00e1ni na na\u0161em webu<\/strong>. Registrace v\u00e1m umo\u017en\u00ed zakoupit si na\u0161e kurzy, individu\u00e1ln\u00ed lekce, ale tak\u00e9 absolvovat roz\u0159azovac\u00ed nebo z\u00e1v\u011bre\u010dn\u00e9 testy.<\/p>\n<p>Pro registraci pros\u00edm vypl\u0148te <a href=\"https:\/\/parlo-italiano.cz\/cs\/registrace\/\">REGISTRA\u010cN\u00cd FORMUL\u00c1\u0158<\/a>.<\/p>\n<p>Po odesl\u00e1n\u00ed formul\u00e1\u0159e obdr\u017e\u00edte e-mailem pokyny a rady ohledn\u011b v\u00fdb\u011bru kurzu, kter\u00fd si pak m\u016f\u017eete jednodu\u0161e zakoupit.[\/vc_column_text][vc_text_separator title=&#8220;Jak si vybrat kurz (po registraci na na\u0161em webu)&#8220; i_icon_fontawesome=&#8220;fas fa-info-circle&#8220; i_color=&#8220;green&#8220; i_size=&#8220;sm&#8220; title_align=&#8220;separator_align_left&#8220; align=&#8220;align_left&#8220; add_icon=&#8220;true&#8220;][vc_column_text]Pokud jste \u00fapln\u00fd za\u010d\u00e1te\u010dn\u00edk a rozhodli jste se zapsat do <a href=\"https:\/\/parlo-italiano.cz\/cs\/standardni-kurzy\/\">Standardn\u00edho kurzu ital\u0161tiny<\/a>, m\u016f\u017eete si <a href=\"https:\/\/parlo-italiano.cz\/cs\/rozvrh-kurzu\/\">zde<\/a> ihned zakoupit kurz \u00farovn\u011b A1a (jednou t\u00fddn\u011b) nebo A1ab (dvakr\u00e1t t\u00fddn\u011b), bez nutnosti vstupn\u00edho testu.<\/p>\n<p>Pokud nejste \u00fapln\u00fd za\u010d\u00e1te\u010dn\u00edk, proto\u017ee jste ji\u017e d\u0159\u00edve studovali ital\u0161tinu, obdr\u017e\u00edte e-mail s odkazem na <a href=\"#test-ingresso\">roz\u0159azovac\u00ed vstupn\u00ed test<\/a>, aby bylo mo\u017en\u00e9 ur\u010dit va\u0161i \u00farove\u0148.<\/p>\n<p>Pokud jste se rozhodli zapsat do <a href=\"https:\/\/parlo-italiano.cz\/cs\/specialni-kurzy\/\">Speci\u00e1ln\u00edho kurzu ital\u0161tiny<\/a> (va\u0159en\u00ed nebo um\u011bn\u00ed), m\u016f\u017eete ihned zakoupit kurz\/lekci.<br \/>\nM\u011bjte pros\u00edm na pam\u011bti, \u017ee se jedn\u00e1 o lekce, kter\u00e9 vy\u017eaduj\u00ed alespo\u0148 z\u00e1kladn\u00ed znalost ital\u0161tiny na \u00farovni B1.<\/p>\n<p>Pokud za\u017e\u00e1d\u00e1te o <a href=\"https:\/\/parlo-italiano.cz\/cs\/individualni-lekce\/\">individu\u00e1ln\u00ed lekce<\/a>, budete kontaktov\u00e1ni, jakmile bude k dispozici jeden z na\u0161ich u\u010ditel\u016f. Pro ty, kte\u0159\u00ed ji\u017e studovali ital\u0161tinu, je p\u0159edpokl\u00e1d\u00e1n <a href=\"#test-ingresso\">vstupn\u00ed test<\/a>.[\/vc_column_text][vc_column_text el_id=&#8220;test-ingresso&#8220; css=&#8220;.vc_custom_1701332224814{margin-top: 25px !important;}&#8220;]Pro p\u0159\u00edpravn\u00e9 kurzy a zkou\u0161ky CILS, viz <a href=\"https:\/\/parlo-italiano.cz\/cs\/kurzy-a-zkousky-cils\/\">kurzy a zkou\u0161ky CILS<\/a>.<br \/>\n(Lekce p\u0159\u00edpravy na tyto zkou\u0161ky se otev\u0159ou pouze v p\u0159\u00edpad\u011b, \u017ee je dosa\u017eeno minim\u00e1ln\u00edho po\u010dtu z\u00e1jemc\u016f.)[\/vc_column_text][vc_text_separator title=&#8220;Roz\u0159azovac\u00ed test&#8220; i_icon_fontawesome=&#8220;fas fa-info-circle&#8220; i_color=&#8220;green&#8220; i_size=&#8220;sm&#8220; title_align=&#8220;separator_align_left&#8220; align=&#8220;align_left&#8220; add_icon=&#8220;true&#8220;][vc_column_text]Vstupn\u00ed roz\u0159azovac\u00ed test <strong>je povinn\u00fd<\/strong> pro ty, kte\u0159\u00ed ji\u017e um\u00ed trochu mluvit italsky, tedy nejsou \u00fapln\u00ed za\u010d\u00e1te\u010dn\u00edci a cht\u011bj\u00ed nav\u0161t\u011bvovat <a href=\"https:\/\/parlo-italiano.cz\/cs\/standardni-kurzy\/\">Standardn\u00ed kurzy ital\u0161tiny<\/a>, <a href=\"https:\/\/parlo-italiano.cz\/cs\/letni-kurzy\/\">Letn\u00ed kurzy<\/a> nebo <a href=\"https:\/\/parlo-italiano.cz\/cs\/individualni-lekce\/\">Individu\u00e1ln\u00ed lekce<\/a>.<\/p>\n<p>Roz\u0159azovac\u00ed test se skl\u00e1d\u00e1 ze dvou \u010d\u00e1st\u00ed:<\/p>\n<ol>\n<li><strong>P\u00edsemn\u00fd test online<\/strong>, kter\u00fd ov\u011b\u0159uje znalost gramatiky a slovn\u00ed z\u00e1soby Odkaz na p\u00edsemn\u00fd test v\u00e1m bude zasl\u00e1n ihned po dokon\u010den\u00ed registrace.<\/li>\n<li><strong>\u00dastn\u00ed pohovor online<\/strong>, kter\u00fd ov\u011b\u0159uje komunika\u010dn\u00ed schopnosti a je d\u016fle\u017eit\u00fd pro lep\u0161\u00ed pochopen\u00ed, kter\u00fd kurz je pro v\u00e1s nejvhodn\u011bj\u0161\u00ed. Ihned po dokon\u010den\u00ed p\u00edsemn\u00e9ho testu obdr\u017e\u00edte odkaz, kter\u00fd v\u00e1m umo\u017en\u00ed rezervovat si term\u00edn pro \u00fastn\u00ed pohovor online.<\/li>\n<\/ol>\n<p>Pro individu\u00e1ln\u00ed lekce je nutn\u00fd p\u00edsemn\u00fd test, ale \u00fastn\u00ed pohovor nen\u00ed povinn\u00fd.[\/vc_column_text][\/vc_column][\/vc_row][vc_row alignment=&#8220;&#8220; heading_color=&#8220;&#8220; heading_width=&#8220;&#8220; subheading_color=&#8220;&#8220; subheading_width=&#8220;&#8220; content_width=&#8220;&#8220; animation=&#8220;&#8220; animation_effect=&#8220;fadeInUp&#8220; animation_duration=&#8220;0.75s&#8220; animation_delay=&#8220;0.3s&#8220; separator=&#8220;&#8220; sep_position=&#8220;between&#8220; line_width=&#8220;70&#8243; line_height=&#8220;2&#8243; line_right_margin=&#8220;20&#8243; line_color=&#8220;#ff9900&#8243; image=&#8220;&#8220; image_width=&#8220;&#8220; tag=&#8220;h5&#8243; heading_font_family=&#8220;Default&#8220; heading_font_weight=&#8220;Default&#8220; heading_font_size=&#8220;&#8220; heading_font_size_mobile=&#8220;&#8220; heading_line_height=&#8220;&#8220; subheading_font_family=&#8220;Default&#8220; subheading_font_weight=&#8220;Default&#8220; subheading_font_size=&#8220;&#8220; subheading_line_height=&#8220;&#8220; subheading_font_style=&#8220;normal&#8220; heading_top_margin=&#8220;&#8220; heading_bottom_margin=&#8220;&#8220; subheading_top_margin=&#8220;&#8220; subheading_bottom_margin=&#8220;&#8220; heading=&#8220;Come iscriversi a un nuovo livello se sei gi\u00e0 uno studente dei nostri corsi&#8220; subheading=&#8220;&#8220; heading_typograpy=&#8220;&#8220; subheading_typograpy=&#8220;&#8220;][vc_column]<div class=\"edukul-headings clearfix \"  style=\"\"><h3 class=\"heading clearfix \" style=\"\">\r\n\t\tJak se zapsat na novou \u00farove\u0148, pokud jste ji\u017e studentem na\u0161ich kurz\u016f\r\n\t<\/h3><\/div>[vc_column_text]<span>Pokud v\u00e1m v\u00e1\u0161 u\u010ditel na konci kurzu potvrd\u00ed, \u017ee m\u016f\u017eete postoupit na dal\u0161\u00ed \u00farove\u0148, jednodu\u0161e nav\u0161tivte n\u00e1\u0161 <a href=\"https:\/\/parlo-italiano.cz\/cs\/rozvrh-kurzu\/\">kalend\u00e1\u0159 kurz\u016f<\/a> a vyberte si nov\u00fd, navazuj\u00edc\u00ed kurz v preferovan\u00fd den a \u010das.<br \/>\n<\/span>Pot\u00e9 jej vlo\u017ete do ko\u0161\u00edku a dokon\u010dete objedn\u00e1vku.<\/p>\n<p>(Pokud chcete zm\u011bnit den nebo m\u00e1te jin\u00e9 specifick\u00e9 dotazy, kontaktujte pros\u00edm koordin\u00e1tora kurz\u016f: <a href=\"mailto:corsi.iicpraga@gmail.com\">corsi.iicpraga@gmail.com<\/a>)[\/vc_column_text][\/vc_column][\/vc_row][vc_row alignment=&#8220;&#8220; heading_color=&#8220;&#8220; heading_width=&#8220;&#8220; subheading_color=&#8220;&#8220; subheading_width=&#8220;&#8220; content_width=&#8220;&#8220; animation=&#8220;&#8220; animation_effect=&#8220;fadeInUp&#8220; animation_duration=&#8220;0.75s&#8220; animation_delay=&#8220;0.3s&#8220; separator=&#8220;&#8220; sep_position=&#8220;between&#8220; line_width=&#8220;70&#8243; line_height=&#8220;2&#8243; line_right_margin=&#8220;20&#8243; line_color=&#8220;#ff9900&#8243; image=&#8220;&#8220; image_width=&#8220;&#8220; tag=&#8220;h5&#8243; heading_font_family=&#8220;Default&#8220; heading_font_weight=&#8220;Default&#8220; heading_font_size=&#8220;&#8220; heading_font_size_mobile=&#8220;&#8220; heading_line_height=&#8220;&#8220; subheading_font_family=&#8220;Default&#8220; subheading_font_weight=&#8220;Default&#8220; subheading_font_size=&#8220;&#8220; subheading_line_height=&#8220;&#8220; subheading_font_style=&#8220;normal&#8220; heading_top_margin=&#8220;&#8220; heading_bottom_margin=&#8220;&#8220; subheading_top_margin=&#8220;&#8220; subheading_bottom_margin=&#8220;&#8220; heading=&#8220;Come iscriversi a un nuovo livello se sei gi\u00e0 uno studente dei nostri corsi&#8220; subheading=&#8220;&#8220; heading_typograpy=&#8220;&#8220; subheading_typograpy=&#8220;&#8220;][vc_column]<div class=\"edukul-headings clearfix \"  style=\"\"><h3 class=\"heading clearfix \" style=\"\">\r\n\t\tPlatba\r\n\t<\/h3><\/div>[vc_column_text]Ihned po objedn\u00e1vce kurzu obdr\u017e\u00edte \u00fadaje k platb\u011b, kter\u00e1 <strong>je mo\u017en\u00e1 pouze bankovn\u00edm p\u0159evodem<\/strong>. Jako variabiln\u00ed symbol zadejte \u010d\u00edslo objedn\u00e1vky.<\/p>\n<p>Po obdr\u017een\u00ed platby jste automaticky za\u0159azeni do kurzu.<\/p>\n<p>Pros\u00edme, abyste respektovali stanoven\u00e9 term\u00edny pro platbu (<strong>nejpozd\u011bji 7 dn\u00ed p\u0159ed za\u010d\u00e1tkem trimestru<\/strong>). Kurz, do kter\u00e9ho jste se zapsali, se m\u016f\u017ee s jistotou otev\u0159\u00edt pouze pokud obdr\u017e\u00edme va\u0161e platby.<\/p>\n<p>Kurz se nem\u016f\u017ee otev\u0159\u00edt, pokud nedos\u00e1hne <strong>minim\u00e1ln\u00edho po\u010dtu 5 zapsan\u00fdch student\u016f<\/strong> (pro po\u010dty men\u0161\u00ed ne\u017e 5 je t\u0159eba individu\u00e1ln\u00ed dohody<\/p>\n<p>V p\u0159\u00edpad\u011b, \u017ee po\u010det student\u016f na kurz p\u0159ekro\u010d\u00ed <strong>maxim\u00e1ln\u00ed kapacitu 12 \u00fa\u010dastn\u00edk\u016f<\/strong>, bude m\u00edt p\u0159ednost ti zapsan\u00ed, kte\u0159\u00ed platbu dokon\u010dili jako prvn\u00ed.<\/p>\n<p>Upozor\u0148ujeme, \u017ee Italsk\u00fd kulturn\u00ed institut je sou\u010d\u00e1st\u00ed Italsk\u00e9ho velvyslanectv\u00ed a nevystavuje faktury. M\u016f\u017eeme v\u0161ak vystavit neda\u0148ov\u00e9 doklady nap\u0159. objedn\u00e1vku k \u00fahrad\u011b slu\u017eeb nebo potvrzen\u00ed o proveden\u00e9 \u00fahrad\u011b pro samopl\u00e1tce i firmy.[\/vc_column_text][\/vc_column][\/vc_row][vc_row alignment=&#8220;&#8220; heading_color=&#8220;&#8220; heading_width=&#8220;&#8220; subheading_color=&#8220;&#8220; subheading_width=&#8220;&#8220; content_width=&#8220;&#8220; animation=&#8220;&#8220; animation_effect=&#8220;fadeInUp&#8220; animation_duration=&#8220;0.75s&#8220; animation_delay=&#8220;0.3s&#8220; separator=&#8220;&#8220; sep_position=&#8220;between&#8220; line_width=&#8220;70&#8243; line_height=&#8220;2&#8243; line_right_margin=&#8220;20&#8243; line_color=&#8220;#ff9900&#8243; image=&#8220;&#8220; image_width=&#8220;&#8220; tag=&#8220;h5&#8243; heading_font_family=&#8220;Default&#8220; heading_font_weight=&#8220;Default&#8220; heading_font_size=&#8220;&#8220; heading_font_size_mobile=&#8220;&#8220; heading_line_height=&#8220;&#8220; subheading_font_family=&#8220;Default&#8220; subheading_font_weight=&#8220;Default&#8220; subheading_font_size=&#8220;&#8220; subheading_line_height=&#8220;&#8220; subheading_font_style=&#8220;normal&#8220; heading_top_margin=&#8220;&#8220; heading_bottom_margin=&#8220;&#8220; subheading_top_margin=&#8220;&#8220; subheading_bottom_margin=&#8220;&#8220; heading=&#8220;Come iscriversi a un nuovo livello se sei gi\u00e0 uno studente dei nostri corsi&#8220; subheading=&#8220;&#8220; heading_typograpy=&#8220;&#8220; subheading_typograpy=&#8220;&#8220;][vc_column]<div class=\"edukul-headings clearfix \"  style=\"\"><h3 class=\"heading clearfix \" style=\"\">\r\n\t\tKontakty a pomoc\r\n\t<\/h3><\/div>[vc_column_text]Pro v\u00edce informac\u00ed o z\u00e1pisu nebo p\u0159i probl\u00e9mech s online registra\u010dn\u00edm procesem pi\u0161te na sekretari\u00e1t: <a href=\"mailto:info@parlo-italiano.cz\">info@parlo-italiano.cz<\/a><br \/>\nPokus\u00edme se v\u00e1m odpov\u011bd\u011bt do dvou pracovn\u00edch dn\u016f.<\/p>\n<p>Pokud si p\u0159ejete konzultaci s koordin\u00e1torem kurz\u016f (pro specifick\u00e9 studijn\u00ed pot\u0159eby), kontaktujte: <a href=\"mailto:corsi.iicpraga@gmail.com\">corsi.iicpraga@gmail.com<\/a>[\/vc_column_text][\/vc_column][\/vc_row]<\/p>\n<\/section>","protected":false},"excerpt":{"rendered":"<p>[vc_row alignment=&#8220;&#8220; heading_color=&#8220;&#8220; heading_width=&#8220;&#8220; subheading_color=&#8220;&#8220; subheading_width=&#8220;&#8220; content_width=&#8220;&#8220; animation=&#8220;&#8220; animation_effect=&#8220;fadeInUp&#8220; animation_duration=&#8220;0.75s&#8220; animation_delay=&#8220;0.3s&#8220; separator=&#8220;&#8220; sep_position=&#8220;between&#8220; line_width=&#8220;70&#8243; line_height=&#8220;2&#8243; line_right_margin=&#8220;20&#8243; line_color=&#8220;#ff9900&#8243; image=&#8220;&#8220; image_width=&#8220;&#8220; tag=&#8220;h5&#8243; heading_font_family=&#8220;Default&#8220; heading_font_weight=&#8220;Default&#8220; heading_font_size=&#8220;&#8220; heading_font_size_mobile=&#8220;&#8220; heading_line_height=&#8220;&#8220; subheading_font_family=&#8220;Default&#8220; subheading_font_weight=&#8220;Default&#8220; subheading_font_size=&#8220;&#8220; subheading_line_height=&#8220;&#8220; subheading_font_style=&#8220;normal&#8220; heading_top_margin=&#8220;&#8220; heading_bottom_margin=&#8220;&#8220; subheading_top_margin=&#8220;&#8220; subheading_bottom_margin=&#8220;&#8220; heading=&#8220;Come iscriversi a un nuovo livello se sei gi\u00e0 uno studente dei nostri corsi&#8220; subheading=&#8220;&#8220; heading_typograpy=&#8220;&#8220;<\/p>\n","protected":false},"author":2,"featured_media":0,"parent":0,"menu_order":0,"comment_status":"closed","ping_status":"closed","template":"","meta":{"footnotes":""},"class_list":["post-23369","page","type-page","status-publish","hentry"],"yoast_head":"<!-- This site is optimized with the Yoast SEO plugin v27.3 - https:\/\/yoast.com\/product\/yoast-seo-wordpress\/ -->\n<title>Z\u00e1pisy do kurz\u016f a lekc\u00ed - Parlo Italiano<\/title>\n<meta name=\"robots\" content=\"index, follow, max-snippet:-1, max-image-preview:large, max-video-preview:-1\" \/>\n<link rel=\"canonical\" href=\"https:\/\/parlo-italiano.cz\/cs\/zapis\/\" \/>\n<meta property=\"og:locale\" content=\"cs_CZ\" \/>\n<meta property=\"og:type\" content=\"article\" \/>\n<meta property=\"og:title\" content=\"Z\u00e1pisy do kurz\u016f a lekc\u00ed - Parlo Italiano\" \/>\n<meta property=\"og:description\" content=\"[vc_row alignment=&#8220;&#8220; heading_color=&#8220;&#8220; heading_width=&#8220;&#8220; subheading_color=&#8220;&#8220; subheading_width=&#8220;&#8220; content_width=&#8220;&#8220; animation=&#8220;&#8220; animation_effect=&#8220;fadeInUp&#8220; animation_duration=&#8220;0.75s&#8220; animation_delay=&#8220;0.3s&#8220; separator=&#8220;&#8220; sep_position=&#8220;between&#8220; line_width=&#8220;70&#8243; line_height=&#8220;2&#8243; line_right_margin=&#8220;20&#8243; line_color=&#8220;#ff9900&#8243; image=&#8220;&#8220; image_width=&#8220;&#8220; tag=&#8220;h5&#8243; heading_font_family=&#8220;Default&#8220; heading_font_weight=&#8220;Default&#8220; heading_font_size=&#8220;&#8220; heading_font_size_mobile=&#8220;&#8220; heading_line_height=&#8220;&#8220; subheading_font_family=&#8220;Default&#8220; subheading_font_weight=&#8220;Default&#8220; subheading_font_size=&#8220;&#8220; subheading_line_height=&#8220;&#8220; subheading_font_style=&#8220;normal&#8220; heading_top_margin=&#8220;&#8220; heading_bottom_margin=&#8220;&#8220; subheading_top_margin=&#8220;&#8220; subheading_bottom_margin=&#8220;&#8220; heading=&#8220;Come iscriversi a un nuovo livello se sei gi\u00e0 uno studente dei nostri corsi&#8220; subheading=&#8220;&#8220; heading_typograpy=&#8220;&#8220;\" \/>\n<meta property=\"og:url\" content=\"https:\/\/parlo-italiano.cz\/cs\/zapis\/\" \/>\n<meta property=\"og:site_name\" content=\"Parlo Italiano\" \/>\n<meta property=\"article:modified_time\" content=\"2025-07-19T09:17:52+00:00\" \/>\n<meta name=\"twitter:card\" content=\"summary_large_image\" \/>\n<meta name=\"twitter:label1\" content=\"Odhadovan\u00e1 doba \u010dten\u00ed\" \/>\n\t<meta name=\"twitter:data1\" content=\"2 minuty\" \/>\n<script type=\"application\/ld+json\" class=\"yoast-schema-graph\">{\"@context\":\"https:\\\/\\\/schema.org\",\"@graph\":[{\"@type\":\"WebPage\",\"@id\":\"https:\\\/\\\/parlo-italiano.cz\\\/cs\\\/zapis\\\/\",\"url\":\"https:\\\/\\\/parlo-italiano.cz\\\/cs\\\/zapis\\\/\",\"name\":\"Z\u00e1pisy do kurz\u016f a lekc\u00ed - Parlo Italiano\",\"isPartOf\":{\"@id\":\"https:\\\/\\\/parlo-italiano.cz\\\/#website\"},\"datePublished\":\"2023-02-03T13:37:31+00:00\",\"dateModified\":\"2025-07-19T09:17:52+00:00\",\"breadcrumb\":{\"@id\":\"https:\\\/\\\/parlo-italiano.cz\\\/cs\\\/zapis\\\/#breadcrumb\"},\"inLanguage\":\"cs\",\"potentialAction\":[{\"@type\":\"ReadAction\",\"target\":[\"https:\\\/\\\/parlo-italiano.cz\\\/cs\\\/zapis\\\/\"]}]},{\"@type\":\"BreadcrumbList\",\"@id\":\"https:\\\/\\\/parlo-italiano.cz\\\/cs\\\/zapis\\\/#breadcrumb\",\"itemListElement\":[{\"@type\":\"ListItem\",\"position\":1,\"name\":\"Home\",\"item\":\"https:\\\/\\\/parlo-italiano.cz\\\/cs\\\/\"},{\"@type\":\"ListItem\",\"position\":2,\"name\":\"Z\u00e1pisy do kurz\u016f a lekc\u00ed\"}]},{\"@type\":\"WebSite\",\"@id\":\"https:\\\/\\\/parlo-italiano.cz\\\/#website\",\"url\":\"https:\\\/\\\/parlo-italiano.cz\\\/\",\"name\":\"Parlo Italiano\",\"description\":\"Corsi di lingua italiana\",\"publisher\":{\"@id\":\"https:\\\/\\\/parlo-italiano.cz\\\/#organization\"},\"potentialAction\":[{\"@type\":\"SearchAction\",\"target\":{\"@type\":\"EntryPoint\",\"urlTemplate\":\"https:\\\/\\\/parlo-italiano.cz\\\/?s={search_term_string}\"},\"query-input\":{\"@type\":\"PropertyValueSpecification\",\"valueRequired\":true,\"valueName\":\"search_term_string\"}}],\"inLanguage\":\"cs\"},{\"@type\":\"Organization\",\"@id\":\"https:\\\/\\\/parlo-italiano.cz\\\/#organization\",\"name\":\"Istituto Italiano di Cultura Praga\",\"url\":\"https:\\\/\\\/parlo-italiano.cz\\\/\",\"logo\":{\"@type\":\"ImageObject\",\"inLanguage\":\"cs\",\"@id\":\"https:\\\/\\\/parlo-italiano.cz\\\/#\\\/schema\\\/logo\\\/image\\\/\",\"url\":\"https:\\\/\\\/parlo-italiano.cz\\\/wp-content\\\/uploads\\\/2020\\\/03\\\/logo_iic.png\",\"contentUrl\":\"https:\\\/\\\/parlo-italiano.cz\\\/wp-content\\\/uploads\\\/2020\\\/03\\\/logo_iic.png\",\"width\":230,\"height\":130,\"caption\":\"Istituto Italiano di Cultura Praga\"},\"image\":{\"@id\":\"https:\\\/\\\/parlo-italiano.cz\\\/#\\\/schema\\\/logo\\\/image\\\/\"}}]}<\/script>\n<!-- \/ Yoast SEO plugin. -->","yoast_head_json":{"title":"Z\u00e1pisy do kurz\u016f a lekc\u00ed - Parlo Italiano","robots":{"index":"index","follow":"follow","max-snippet":"max-snippet:-1","max-image-preview":"max-image-preview:large","max-video-preview":"max-video-preview:-1"},"canonical":"https:\/\/parlo-italiano.cz\/cs\/zapis\/","og_locale":"cs_CZ","og_type":"article","og_title":"Z\u00e1pisy do kurz\u016f a lekc\u00ed - Parlo Italiano","og_description":"[vc_row alignment=&#8220;&#8220; heading_color=&#8220;&#8220; heading_width=&#8220;&#8220; subheading_color=&#8220;&#8220; subheading_width=&#8220;&#8220; content_width=&#8220;&#8220; animation=&#8220;&#8220; animation_effect=&#8220;fadeInUp&#8220; animation_duration=&#8220;0.75s&#8220; animation_delay=&#8220;0.3s&#8220; separator=&#8220;&#8220; sep_position=&#8220;between&#8220; line_width=&#8220;70&#8243; line_height=&#8220;2&#8243; line_right_margin=&#8220;20&#8243; line_color=&#8220;#ff9900&#8243; image=&#8220;&#8220; image_width=&#8220;&#8220; tag=&#8220;h5&#8243; heading_font_family=&#8220;Default&#8220; heading_font_weight=&#8220;Default&#8220; heading_font_size=&#8220;&#8220; heading_font_size_mobile=&#8220;&#8220; heading_line_height=&#8220;&#8220; subheading_font_family=&#8220;Default&#8220; subheading_font_weight=&#8220;Default&#8220; subheading_font_size=&#8220;&#8220; subheading_line_height=&#8220;&#8220; subheading_font_style=&#8220;normal&#8220; heading_top_margin=&#8220;&#8220; heading_bottom_margin=&#8220;&#8220; subheading_top_margin=&#8220;&#8220; subheading_bottom_margin=&#8220;&#8220; heading=&#8220;Come iscriversi a un nuovo livello se sei gi\u00e0 uno studente dei nostri corsi&#8220; subheading=&#8220;&#8220; heading_typograpy=&#8220;&#8220;","og_url":"https:\/\/parlo-italiano.cz\/cs\/zapis\/","og_site_name":"Parlo Italiano","article_modified_time":"2025-07-19T09:17:52+00:00","twitter_card":"summary_large_image","twitter_misc":{"Odhadovan\u00e1 doba \u010dten\u00ed":"2 minuty"},"schema":{"@context":"https:\/\/schema.org","@graph":[{"@type":"WebPage","@id":"https:\/\/parlo-italiano.cz\/cs\/zapis\/","url":"https:\/\/parlo-italiano.cz\/cs\/zapis\/","name":"Z\u00e1pisy do kurz\u016f a lekc\u00ed - Parlo Italiano","isPartOf":{"@id":"https:\/\/parlo-italiano.cz\/#website"},"datePublished":"2023-02-03T13:37:31+00:00","dateModified":"2025-07-19T09:17:52+00:00","breadcrumb":{"@id":"https:\/\/parlo-italiano.cz\/cs\/zapis\/#breadcrumb"},"inLanguage":"cs","potentialAction":[{"@type":"ReadAction","target":["https:\/\/parlo-italiano.cz\/cs\/zapis\/"]}]},{"@type":"BreadcrumbList","@id":"https:\/\/parlo-italiano.cz\/cs\/zapis\/#breadcrumb","itemListElement":[{"@type":"ListItem","position":1,"name":"Home","item":"https:\/\/parlo-italiano.cz\/cs\/"},{"@type":"ListItem","position":2,"name":"Z\u00e1pisy do kurz\u016f a lekc\u00ed"}]},{"@type":"WebSite","@id":"https:\/\/parlo-italiano.cz\/#website","url":"https:\/\/parlo-italiano.cz\/","name":"Parlo Italiano","description":"Corsi di lingua italiana","publisher":{"@id":"https:\/\/parlo-italiano.cz\/#organization"},"potentialAction":[{"@type":"SearchAction","target":{"@type":"EntryPoint","urlTemplate":"https:\/\/parlo-italiano.cz\/?s={search_term_string}"},"query-input":{"@type":"PropertyValueSpecification","valueRequired":true,"valueName":"search_term_string"}}],"inLanguage":"cs"},{"@type":"Organization","@id":"https:\/\/parlo-italiano.cz\/#organization","name":"Istituto Italiano di Cultura Praga","url":"https:\/\/parlo-italiano.cz\/","logo":{"@type":"ImageObject","inLanguage":"cs","@id":"https:\/\/parlo-italiano.cz\/#\/schema\/logo\/image\/","url":"https:\/\/parlo-italiano.cz\/wp-content\/uploads\/2020\/03\/logo_iic.png","contentUrl":"https:\/\/parlo-italiano.cz\/wp-content\/uploads\/2020\/03\/logo_iic.png","width":230,"height":130,"caption":"Istituto Italiano di Cultura Praga"},"image":{"@id":"https:\/\/parlo-italiano.cz\/#\/schema\/logo\/image\/"}}]}},"_links":{"self":[{"href":"https:\/\/parlo-italiano.cz\/cs\/wp-json\/wp\/v2\/pages\/23369","targetHints":{"allow":["GET"]}}],"collection":[{"href":"https:\/\/parlo-italiano.cz\/cs\/wp-json\/wp\/v2\/pages"}],"about":[{"href":"https:\/\/parlo-italiano.cz\/cs\/wp-json\/wp\/v2\/types\/page"}],"author":[{"embeddable":true,"href":"https:\/\/parlo-italiano.cz\/cs\/wp-json\/wp\/v2\/users\/2"}],"replies":[{"embeddable":true,"href":"https:\/\/parlo-italiano.cz\/cs\/wp-json\/wp\/v2\/comments?post=23369"}],"version-history":[{"count":121,"href":"https:\/\/parlo-italiano.cz\/cs\/wp-json\/wp\/v2\/pages\/23369\/revisions"}],"predecessor-version":[{"id":31596,"href":"https:\/\/parlo-italiano.cz\/cs\/wp-json\/wp\/v2\/pages\/23369\/revisions\/31596"}],"wp:attachment":[{"href":"https:\/\/parlo-italiano.cz\/cs\/wp-json\/wp\/v2\/media?parent=23369"}],"curies":[{"name":"wp","href":"https:\/\/api.w.org\/{rel}","templated":true}]}}