{"id":23522,"date":"2023-02-09T12:17:40","date_gmt":"2023-02-09T11:17:40","guid":{"rendered":"https:\/\/parlo-italiano.cz\/specialni-kurzy\/"},"modified":"2026-03-15T16:38:06","modified_gmt":"2026-03-15T15:38:06","slug":"specialni-kurzy","status":"publish","type":"page","link":"https:\/\/parlo-italiano.cz\/cs\/specialni-kurzy\/","title":{"rendered":"Speci\u00e1ln\u00ed kurzy"},"content":{"rendered":"<section class=\"wpb-content-wrapper\"><p>[vc_row][vc_column][vc_column_text]<\/p>\n<p data-start=\"159\" data-end=\"250\">P\u0159ipravujeme pro v\u00e1s kurzy a workshopy zam\u011b\u0159en\u00e9 na um\u011bn\u00ed, pr\u00e1vo, va\u0159en\u00ed a mnoho dal\u0161\u00edho!<\/p>\n<p data-start=\"252\" data-end=\"519\">Lekce jsou ur\u010deny jak student\u016fm, kte\u0159\u00ed jsou aktu\u00e1ln\u011b zaps\u00e1ni do kurz\u016f ital\u0161tiny, tak i v\u0161em, kdo ji\u017e ovl\u00e1daj\u00ed z\u00e1klady ital\u0161tiny a cht\u011bj\u00ed si prohloubit znalosti o It\u00e1lii a jej\u00edm jazyce. (\u00darove\u0148 znalosti ital\u0161tiny pot\u0159ebn\u00e1 k \u00fa\u010dasti je uvedena u ka\u017ed\u00e9ho kurzu zvl\u00e1\u0161\u0165.)<\/p>\n<p data-start=\"521\" data-end=\"609\">Pro jak\u00e9koli informace kontaktujte studijn\u00ed sekretari\u00e1t: <a href=\"mailto:info@parlo-italiano.cz\">info@parlo-italiano.cz<\/a><\/p>\n<p>[\/vc_column_text]\r\n\t<div class=\"edukul-spacer clearfix\" data-desktop=\"40\" data-mobi=\"32\" data-smobi=\"20\"><\/div>[vc_text_separator title=&#8220;Aktu\u00e1ln\u011b nab\u00edz\u00edme:&#8220; i_icon_fontawesome=&#8220;fas fa-cart-arrow-down&#8220; i_color=&#8220;green&#8220; title_align=&#8220;separator_align_left&#8220; align=&#8220;align_left&#8220; add_icon=&#8220;true&#8220;][\/vc_column][\/vc_row][vc_row][vc_column]<div class=\"woocommerce columns-4 \"><ul class=\"products columns-4\">\n<li class=\"post-32905 product type-product status-publish has-post-thumbnail product_cat-kategorie-specialni-kurzy first instock shipping-taxable product-type-simple\">\n\t<div class=\"inner\">\n\t<a href=\"https:\/\/parlo-italiano.cz\/cs\/kategorie-specialni-kurzy\/il-bel-paese-cesty-dejinami-italskeho-umeni-druhy-modul-copia\/\" class=\"woocommerce-LoopProduct-link woocommerce-loop-product__link\"><div class=\"product-thumbnail\"><img loading=\"lazy\" decoding=\"async\" width=\"550\" height=\"688\" src=\"https:\/\/parlo-italiano.cz\/wp-content\/uploads\/2026\/03\/IICP_CSA-2025_RINASCIMENTO-550x688.jpg\" class=\"attachment-woocommerce_thumbnail size-woocommerce_thumbnail\" alt=\"IL BEL PAESE - Cesty d\u011bjinami ITALSK\u00c9HO UM\u011aN\u00cd - t\u0159et\u00ed modul\" srcset=\"https:\/\/parlo-italiano.cz\/wp-content\/uploads\/2026\/03\/IICP_CSA-2025_RINASCIMENTO-550x688.jpg 550w, https:\/\/parlo-italiano.cz\/wp-content\/uploads\/2026\/03\/IICP_CSA-2025_RINASCIMENTO-240x300.jpg 240w, https:\/\/parlo-italiano.cz\/wp-content\/uploads\/2026\/03\/IICP_CSA-2025_RINASCIMENTO-819x1024.jpg 819w, https:\/\/parlo-italiano.cz\/wp-content\/uploads\/2026\/03\/IICP_CSA-2025_RINASCIMENTO-768x960.jpg 768w, https:\/\/parlo-italiano.cz\/wp-content\/uploads\/2026\/03\/IICP_CSA-2025_RINASCIMENTO.jpg 1080w\" sizes=\"auto, (max-width: 550px) 100vw, 550px\" \/><\/div><div class=\"product-info\"><h2 class=\"woocommerce-loop-product__title\">IL BEL PAESE &#8211; Cesty d\u011bjinami ITALSK\u00c9HO UM\u011aN\u00cd &#8211; t\u0159et\u00ed modul<\/h2>\r\n        <div class=\"product-cat\">Speci\u00e1ln\u00ed kurzy<\/div>\r\n\n<\/a><a href=\"https:\/\/parlo-italiano.cz\/cs\/kategorie-specialni-kurzy\/il-bel-paese-cesty-dejinami-italskeho-umeni-druhy-modul-copia\/\" aria-describedby=\"woocommerce_loop_add_to_cart_link_describedby_32905\" data-quantity=\"1\" class=\"button product_type_simple\" data-product_id=\"32905\" data-product_sku=\"\" aria-label=\"Zjistit v\u00edce o &ldquo;IL BEL PAESE - Cesty d\u011bjinami ITALSK\u00c9HO UM\u011aN\u00cd - t\u0159et\u00ed modul&rdquo;\" rel=\"nofollow\" data-success_message=\"\">\u010ct\u011bte v\u00edce<\/a>\t<span id=\"woocommerce_loop_add_to_cart_link_describedby_32905\" class=\"screen-reader-text\">\n\t\t\t<\/span>\n<\/div>\t<\/div>\n<\/li>\n<li class=\"post-32720 product type-product status-publish has-post-thumbnail product_cat-kategorie-specialni-kurzy  instock shipping-taxable product-type-simple\">\n\t<div class=\"inner\">\n\t<a href=\"https:\/\/parlo-italiano.cz\/cs\/kategorie-specialni-kurzy\/il-bel-paese-cesty-dejinami-italskeho-umeni-copia\/\" class=\"woocommerce-LoopProduct-link woocommerce-loop-product__link\"><div class=\"product-thumbnail\"><img loading=\"lazy\" decoding=\"async\" width=\"550\" height=\"688\" src=\"https:\/\/parlo-italiano.cz\/wp-content\/uploads\/2026\/01\/02_IICP_BP_MEDIOEVO-550x688.jpg\" class=\"attachment-woocommerce_thumbnail size-woocommerce_thumbnail\" alt=\"IL BEL PAESE \u2013 Cesty d\u011bjinami ITALSK\u00c9HO UM\u011aN\u00cd - druh\u00fd modul\" srcset=\"https:\/\/parlo-italiano.cz\/wp-content\/uploads\/2026\/01\/02_IICP_BP_MEDIOEVO-550x688.jpg 550w, https:\/\/parlo-italiano.cz\/wp-content\/uploads\/2026\/01\/02_IICP_BP_MEDIOEVO-240x300.jpg 240w, https:\/\/parlo-italiano.cz\/wp-content\/uploads\/2026\/01\/02_IICP_BP_MEDIOEVO-819x1024.jpg 819w, https:\/\/parlo-italiano.cz\/wp-content\/uploads\/2026\/01\/02_IICP_BP_MEDIOEVO-768x960.jpg 768w, https:\/\/parlo-italiano.cz\/wp-content\/uploads\/2026\/01\/02_IICP_BP_MEDIOEVO.jpg 1080w\" sizes=\"auto, (max-width: 550px) 100vw, 550px\" \/><\/div><div class=\"product-info\"><h2 class=\"woocommerce-loop-product__title\">IL BEL PAESE \u2013 Cesty d\u011bjinami ITALSK\u00c9HO UM\u011aN\u00cd &#8211; druh\u00fd modul<\/h2>\r\n        <div class=\"product-cat\">Speci\u00e1ln\u00ed kurzy<\/div>\r\n\n<\/a><a href=\"https:\/\/parlo-italiano.cz\/cs\/kategorie-specialni-kurzy\/il-bel-paese-cesty-dejinami-italskeho-umeni-copia\/\" aria-describedby=\"woocommerce_loop_add_to_cart_link_describedby_32720\" data-quantity=\"1\" class=\"button product_type_simple\" data-product_id=\"32720\" data-product_sku=\"\" aria-label=\"Zjistit v\u00edce o &ldquo;IL BEL PAESE \u2013 Cesty d\u011bjinami ITALSK\u00c9HO UM\u011aN\u00cd - druh\u00fd modul&rdquo;\" rel=\"nofollow\" data-success_message=\"\">\u010ct\u011bte v\u00edce<\/a>\t<span id=\"woocommerce_loop_add_to_cart_link_describedby_32720\" class=\"screen-reader-text\">\n\t\t\t<\/span>\n<\/div>\t<\/div>\n<\/li>\n<li class=\"post-32227 product type-product status-publish has-post-thumbnail product_cat-kategorie-specialni-kurzy  instock shipping-taxable product-type-simple\">\n\t<div class=\"inner\">\n\t<a href=\"https:\/\/parlo-italiano.cz\/cs\/kategorie-specialni-kurzy\/32227\/\" class=\"woocommerce-LoopProduct-link woocommerce-loop-product__link\"><div class=\"product-thumbnail\"><img loading=\"lazy\" decoding=\"async\" width=\"550\" height=\"686\" src=\"https:\/\/parlo-italiano.cz\/wp-content\/uploads\/2025\/11\/Picture1-550x686.jpg\" class=\"attachment-woocommerce_thumbnail size-woocommerce_thumbnail\" alt=\"IL BEL PAESE \u2013 Cesty d\u011bjinami ITALSK\u00c9HO UM\u011aN\u00cd\" srcset=\"https:\/\/parlo-italiano.cz\/wp-content\/uploads\/2025\/11\/Picture1-550x686.jpg 550w, https:\/\/parlo-italiano.cz\/wp-content\/uploads\/2025\/11\/Picture1-240x300.jpg 240w, https:\/\/parlo-italiano.cz\/wp-content\/uploads\/2025\/11\/Picture1-821x1024.jpg 821w, https:\/\/parlo-italiano.cz\/wp-content\/uploads\/2025\/11\/Picture1-768x958.jpg 768w, https:\/\/parlo-italiano.cz\/wp-content\/uploads\/2025\/11\/Picture1.jpg 904w\" sizes=\"auto, (max-width: 550px) 100vw, 550px\" \/><\/div><div class=\"product-info\"><h2 class=\"woocommerce-loop-product__title\">IL BEL PAESE \u2013 Cesty d\u011bjinami ITALSK\u00c9HO UM\u011aN\u00cd<\/h2>\r\n        <div class=\"product-cat\">Speci\u00e1ln\u00ed kurzy<\/div>\r\n\n<\/a><a href=\"https:\/\/parlo-italiano.cz\/cs\/kategorie-specialni-kurzy\/32227\/\" aria-describedby=\"woocommerce_loop_add_to_cart_link_describedby_32227\" data-quantity=\"1\" class=\"button product_type_simple\" data-product_id=\"32227\" data-product_sku=\"\" aria-label=\"Zjistit v\u00edce o &ldquo;IL BEL PAESE \u2013 Cesty d\u011bjinami ITALSK\u00c9HO UM\u011aN\u00cd&rdquo;\" rel=\"nofollow\" data-success_message=\"\">\u010ct\u011bte v\u00edce<\/a>\t<span id=\"woocommerce_loop_add_to_cart_link_describedby_32227\" class=\"screen-reader-text\">\n\t\t\t<\/span>\n<\/div>\t<\/div>\n<\/li>\n<\/ul>\n<\/div>[\/vc_column][\/vc_row][vc_row][vc_column][vc_column_text]<\/p>\n<p><!-- notionvc: 8a055898-82f5-492f-bf6a-facbeebadf9a -->[\/vc_column_text][\/vc_column][\/vc_row]<\/p>\n<\/section>","protected":false},"excerpt":{"rendered":"<p>[vc_row][vc_column][vc_column_text] P\u0159ipravujeme pro v\u00e1s kurzy a workshopy zam\u011b\u0159en\u00e9 na um\u011bn\u00ed, pr\u00e1vo, va\u0159en\u00ed a mnoho dal\u0161\u00edho! Lekce jsou ur\u010deny jak student\u016fm, kte\u0159\u00ed jsou aktu\u00e1ln\u011b zaps\u00e1ni do kurz\u016f ital\u0161tiny, tak i v\u0161em, kdo ji\u017e ovl\u00e1daj\u00ed z\u00e1klady ital\u0161tiny a cht\u011bj\u00ed si prohloubit znalosti o It\u00e1lii a jej\u00edm jazyce. (\u00darove\u0148 znalosti ital\u0161tiny pot\u0159ebn\u00e1 k<\/p>\n","protected":false},"author":2,"featured_media":0,"parent":0,"menu_order":0,"comment_status":"closed","ping_status":"closed","template":"","meta":{"footnotes":""},"class_list":["post-23522","page","type-page","status-publish","hentry"],"yoast_head":"<!-- This site is optimized with the Yoast SEO plugin v27.3 - https:\/\/yoast.com\/product\/yoast-seo-wordpress\/ -->\n<title>Speci\u00e1ln\u00ed kurzy - Parlo Italiano<\/title>\n<meta name=\"robots\" content=\"index, follow, max-snippet:-1, max-image-preview:large, max-video-preview:-1\" \/>\n<link rel=\"canonical\" href=\"https:\/\/parlo-italiano.cz\/cs\/specialni-kurzy\/\" \/>\n<meta property=\"og:locale\" content=\"cs_CZ\" \/>\n<meta property=\"og:type\" content=\"article\" \/>\n<meta property=\"og:title\" content=\"Speci\u00e1ln\u00ed kurzy - Parlo Italiano\" \/>\n<meta property=\"og:description\" content=\"[vc_row][vc_column][vc_column_text] P\u0159ipravujeme pro v\u00e1s kurzy a workshopy zam\u011b\u0159en\u00e9 na um\u011bn\u00ed, pr\u00e1vo, va\u0159en\u00ed a mnoho dal\u0161\u00edho! Lekce jsou ur\u010deny jak student\u016fm, kte\u0159\u00ed jsou aktu\u00e1ln\u011b zaps\u00e1ni do kurz\u016f ital\u0161tiny, tak i v\u0161em, kdo ji\u017e ovl\u00e1daj\u00ed z\u00e1klady ital\u0161tiny a cht\u011bj\u00ed si prohloubit znalosti o It\u00e1lii a jej\u00edm jazyce. (\u00darove\u0148 znalosti ital\u0161tiny pot\u0159ebn\u00e1 k\" \/>\n<meta property=\"og:url\" content=\"https:\/\/parlo-italiano.cz\/cs\/specialni-kurzy\/\" \/>\n<meta property=\"og:site_name\" content=\"Parlo Italiano\" \/>\n<meta property=\"article:modified_time\" content=\"2026-03-15T15:38:06+00:00\" \/>\n<meta name=\"twitter:card\" content=\"summary_large_image\" \/>\n<meta name=\"twitter:label1\" content=\"Odhadovan\u00e1 doba \u010dten\u00ed\" \/>\n\t<meta name=\"twitter:data1\" content=\"1 minuta\" \/>\n<script type=\"application\/ld+json\" class=\"yoast-schema-graph\">{\"@context\":\"https:\\\/\\\/schema.org\",\"@graph\":[{\"@type\":\"WebPage\",\"@id\":\"https:\\\/\\\/parlo-italiano.cz\\\/cs\\\/specialni-kurzy\\\/\",\"url\":\"https:\\\/\\\/parlo-italiano.cz\\\/cs\\\/specialni-kurzy\\\/\",\"name\":\"Speci\u00e1ln\u00ed kurzy - Parlo Italiano\",\"isPartOf\":{\"@id\":\"https:\\\/\\\/parlo-italiano.cz\\\/#website\"},\"datePublished\":\"2023-02-09T11:17:40+00:00\",\"dateModified\":\"2026-03-15T15:38:06+00:00\",\"breadcrumb\":{\"@id\":\"https:\\\/\\\/parlo-italiano.cz\\\/cs\\\/specialni-kurzy\\\/#breadcrumb\"},\"inLanguage\":\"cs\",\"potentialAction\":[{\"@type\":\"ReadAction\",\"target\":[\"https:\\\/\\\/parlo-italiano.cz\\\/cs\\\/specialni-kurzy\\\/\"]}]},{\"@type\":\"BreadcrumbList\",\"@id\":\"https:\\\/\\\/parlo-italiano.cz\\\/cs\\\/specialni-kurzy\\\/#breadcrumb\",\"itemListElement\":[{\"@type\":\"ListItem\",\"position\":1,\"name\":\"Home\",\"item\":\"https:\\\/\\\/parlo-italiano.cz\\\/cs\\\/\"},{\"@type\":\"ListItem\",\"position\":2,\"name\":\"Speci\u00e1ln\u00ed kurzy\"}]},{\"@type\":\"WebSite\",\"@id\":\"https:\\\/\\\/parlo-italiano.cz\\\/#website\",\"url\":\"https:\\\/\\\/parlo-italiano.cz\\\/\",\"name\":\"Parlo Italiano\",\"description\":\"Corsi di lingua italiana\",\"publisher\":{\"@id\":\"https:\\\/\\\/parlo-italiano.cz\\\/#organization\"},\"potentialAction\":[{\"@type\":\"SearchAction\",\"target\":{\"@type\":\"EntryPoint\",\"urlTemplate\":\"https:\\\/\\\/parlo-italiano.cz\\\/?s={search_term_string}\"},\"query-input\":{\"@type\":\"PropertyValueSpecification\",\"valueRequired\":true,\"valueName\":\"search_term_string\"}}],\"inLanguage\":\"cs\"},{\"@type\":\"Organization\",\"@id\":\"https:\\\/\\\/parlo-italiano.cz\\\/#organization\",\"name\":\"Istituto Italiano di Cultura Praga\",\"url\":\"https:\\\/\\\/parlo-italiano.cz\\\/\",\"logo\":{\"@type\":\"ImageObject\",\"inLanguage\":\"cs\",\"@id\":\"https:\\\/\\\/parlo-italiano.cz\\\/#\\\/schema\\\/logo\\\/image\\\/\",\"url\":\"https:\\\/\\\/parlo-italiano.cz\\\/wp-content\\\/uploads\\\/2020\\\/03\\\/logo_iic.png\",\"contentUrl\":\"https:\\\/\\\/parlo-italiano.cz\\\/wp-content\\\/uploads\\\/2020\\\/03\\\/logo_iic.png\",\"width\":230,\"height\":130,\"caption\":\"Istituto Italiano di Cultura Praga\"},\"image\":{\"@id\":\"https:\\\/\\\/parlo-italiano.cz\\\/#\\\/schema\\\/logo\\\/image\\\/\"}}]}<\/script>\n<!-- \/ Yoast SEO plugin. -->","yoast_head_json":{"title":"Speci\u00e1ln\u00ed kurzy - Parlo Italiano","robots":{"index":"index","follow":"follow","max-snippet":"max-snippet:-1","max-image-preview":"max-image-preview:large","max-video-preview":"max-video-preview:-1"},"canonical":"https:\/\/parlo-italiano.cz\/cs\/specialni-kurzy\/","og_locale":"cs_CZ","og_type":"article","og_title":"Speci\u00e1ln\u00ed kurzy - Parlo Italiano","og_description":"[vc_row][vc_column][vc_column_text] P\u0159ipravujeme pro v\u00e1s kurzy a workshopy zam\u011b\u0159en\u00e9 na um\u011bn\u00ed, pr\u00e1vo, va\u0159en\u00ed a mnoho dal\u0161\u00edho! Lekce jsou ur\u010deny jak student\u016fm, kte\u0159\u00ed jsou aktu\u00e1ln\u011b zaps\u00e1ni do kurz\u016f ital\u0161tiny, tak i v\u0161em, kdo ji\u017e ovl\u00e1daj\u00ed z\u00e1klady ital\u0161tiny a cht\u011bj\u00ed si prohloubit znalosti o It\u00e1lii a jej\u00edm jazyce. (\u00darove\u0148 znalosti ital\u0161tiny pot\u0159ebn\u00e1 k","og_url":"https:\/\/parlo-italiano.cz\/cs\/specialni-kurzy\/","og_site_name":"Parlo Italiano","article_modified_time":"2026-03-15T15:38:06+00:00","twitter_card":"summary_large_image","twitter_misc":{"Odhadovan\u00e1 doba \u010dten\u00ed":"1 minuta"},"schema":{"@context":"https:\/\/schema.org","@graph":[{"@type":"WebPage","@id":"https:\/\/parlo-italiano.cz\/cs\/specialni-kurzy\/","url":"https:\/\/parlo-italiano.cz\/cs\/specialni-kurzy\/","name":"Speci\u00e1ln\u00ed kurzy - Parlo Italiano","isPartOf":{"@id":"https:\/\/parlo-italiano.cz\/#website"},"datePublished":"2023-02-09T11:17:40+00:00","dateModified":"2026-03-15T15:38:06+00:00","breadcrumb":{"@id":"https:\/\/parlo-italiano.cz\/cs\/specialni-kurzy\/#breadcrumb"},"inLanguage":"cs","potentialAction":[{"@type":"ReadAction","target":["https:\/\/parlo-italiano.cz\/cs\/specialni-kurzy\/"]}]},{"@type":"BreadcrumbList","@id":"https:\/\/parlo-italiano.cz\/cs\/specialni-kurzy\/#breadcrumb","itemListElement":[{"@type":"ListItem","position":1,"name":"Home","item":"https:\/\/parlo-italiano.cz\/cs\/"},{"@type":"ListItem","position":2,"name":"Speci\u00e1ln\u00ed kurzy"}]},{"@type":"WebSite","@id":"https:\/\/parlo-italiano.cz\/#website","url":"https:\/\/parlo-italiano.cz\/","name":"Parlo Italiano","description":"Corsi di lingua italiana","publisher":{"@id":"https:\/\/parlo-italiano.cz\/#organization"},"potentialAction":[{"@type":"SearchAction","target":{"@type":"EntryPoint","urlTemplate":"https:\/\/parlo-italiano.cz\/?s={search_term_string}"},"query-input":{"@type":"PropertyValueSpecification","valueRequired":true,"valueName":"search_term_string"}}],"inLanguage":"cs"},{"@type":"Organization","@id":"https:\/\/parlo-italiano.cz\/#organization","name":"Istituto Italiano di Cultura Praga","url":"https:\/\/parlo-italiano.cz\/","logo":{"@type":"ImageObject","inLanguage":"cs","@id":"https:\/\/parlo-italiano.cz\/#\/schema\/logo\/image\/","url":"https:\/\/parlo-italiano.cz\/wp-content\/uploads\/2020\/03\/logo_iic.png","contentUrl":"https:\/\/parlo-italiano.cz\/wp-content\/uploads\/2020\/03\/logo_iic.png","width":230,"height":130,"caption":"Istituto Italiano di Cultura Praga"},"image":{"@id":"https:\/\/parlo-italiano.cz\/#\/schema\/logo\/image\/"}}]}},"_links":{"self":[{"href":"https:\/\/parlo-italiano.cz\/cs\/wp-json\/wp\/v2\/pages\/23522","targetHints":{"allow":["GET"]}}],"collection":[{"href":"https:\/\/parlo-italiano.cz\/cs\/wp-json\/wp\/v2\/pages"}],"about":[{"href":"https:\/\/parlo-italiano.cz\/cs\/wp-json\/wp\/v2\/types\/page"}],"author":[{"embeddable":true,"href":"https:\/\/parlo-italiano.cz\/cs\/wp-json\/wp\/v2\/users\/2"}],"replies":[{"embeddable":true,"href":"https:\/\/parlo-italiano.cz\/cs\/wp-json\/wp\/v2\/comments?post=23522"}],"version-history":[{"count":40,"href":"https:\/\/parlo-italiano.cz\/cs\/wp-json\/wp\/v2\/pages\/23522\/revisions"}],"predecessor-version":[{"id":32911,"href":"https:\/\/parlo-italiano.cz\/cs\/wp-json\/wp\/v2\/pages\/23522\/revisions\/32911"}],"wp:attachment":[{"href":"https:\/\/parlo-italiano.cz\/cs\/wp-json\/wp\/v2\/media?parent=23522"}],"curies":[{"name":"wp","href":"https:\/\/api.w.org\/{rel}","templated":true}]}}