{"id":23589,"date":"2023-02-10T17:04:23","date_gmt":"2023-02-10T16:04:23","guid":{"rendered":"https:\/\/parlo-italiano.cz\/?page_id=23589"},"modified":"2024-06-25T23:28:45","modified_gmt":"2024-06-25T21:28:45","slug":"kurzy-italstiny","status":"publish","type":"page","link":"https:\/\/parlo-italiano.cz\/cs\/kurzy-italstiny\/","title":{"rendered":"Kurzy ital\u0161tiny"},"content":{"rendered":"<section class=\"wpb-content-wrapper\"><p>[vc_row][vc_column]\r\n\t<div class=\"edukul-spacer clearfix\" data-desktop=\"40\" data-mobi=\"40\" data-smobi=\"4\"><\/div>[\/vc_column][\/vc_row][vc_row][vc_column width=&#8220;1\/3&#8243;][vc_column_text]<\/p>\n<h5 style=\"text-align: center;\"><span style=\"color: #008000;\"><a href=\"https:\/\/parlo-italiano.cz\/cs\/standardni-kurzy\/\" style=\"color: #008000;\"><a href=\"https:\/\/parlo-italiano.cz\/cs\/standardni-kurzy\/\">Standardn\u00ed t\u0159\u00edm\u011bs\u00ed\u010dn\u00ed kurzy<\/a><br \/>\n(podzim a jaro)<\/a><\/span><\/h5>\n<p><!--more--><\/p>\n<p style=\"text-align: center;\">Prezen\u010dn\u00ed kurzy ital\u0161tiny pro dosp\u011bl\u00e9. \u00darove\u0148: za\u010d\u00e1te\u010dn\u00edk, st\u0159edn\u011b pokro\u010dil\u00fd, pokro\u010dil\u00fd.<\/p>\n<p>[\/vc_column_text]\r\n\t<div class=\"edukul-spacer clearfix\" data-desktop=\"120\" data-mobi=\"60\" data-smobi=\"60\"><\/div>[\/vc_column][vc_column width=&#8220;1\/3&#8243;][vc_column_text]<\/p>\n<h5 style=\"text-align: center;\"><span style=\"color: #008000;\"><a href=\"https:\/\/parlo-italiano.cz\/cs\/kurzy-v-bimestru-kveten-cerven\/\" style=\"color: #008000;\"><a href=\"https:\/\/parlo-italiano.cz\/cs\/kurzy-v-bimestru-kveten-cerven\/\">Dvoum\u011bs\u00ed\u010dn\u00ed kurzy<\/a><br \/>\n(kv\u011bten-\u010derven)<\/a><\/span><\/h5>\n<p><!--more--><\/p>\n<p style=\"text-align: center;\">Kurzy dvakr\u00e1t t\u00fddn\u011b a kurzy pro opakov\u00e1n\u00ed a prohlubov\u00e1n\u00ed \u201cstandardn\u00edch\u201d \u00farovn\u00ed.<\/p>\n<p>[\/vc_column_text]\r\n\t<div class=\"edukul-spacer clearfix\" data-desktop=\"120\" data-mobi=\"60\" data-smobi=\"60\"><\/div>[\/vc_column][vc_column width=&#8220;1\/3&#8243;][vc_column_text]<\/p>\n<h5 style=\"text-align: center;\"><span style=\"color: #008000;\"><a href=\"https:\/\/parlo-italiano.cz\/cs\/kurzy-pro-deti\/\" style=\"color: #008000;\">Kurzy pro d\u011bti<br \/>\na ml\u00e1de\u017e<\/a><\/span><\/h5>\n<p><!--more--><\/p>\n<p style=\"text-align: center;\"><span style=\"font-weight: 400;\">Prezen\u010dn\u00ed kurzy pro d\u011bti. <\/span><span style=\"font-weight: 400;\">\u00darove\u0148: za\u010d\u00e1te\u010dn\u00edk, st\u0159edn\u011b pokro\u010dil\u00fd, pokro\u010dil\u00fd.<\/span><\/p>\n<p>[\/vc_column_text]\r\n\t<div class=\"edukul-spacer clearfix\" data-desktop=\"120\" data-mobi=\"60\" data-smobi=\"60\"><\/div>[\/vc_column][\/vc_row][vc_row][vc_column width=&#8220;1\/3&#8243;][vc_column_text]<\/p>\n<h5 style=\"text-align: center;\"><span style=\"color: #008000;\"><a href=\"https:\/\/parlo-italiano.cz\/cs\/individualni-lekce\/\" style=\"color: #008000;\">Individu\u00e1ln\u00ed lekce<\/a><\/span><\/h5>\n<p><!--more--><\/p>\n<p style=\"text-align: center;\"><span style=\"font-weight: 400;\">V\u00fduka ital\u0161tiny <\/span><span style=\"font-weight: 400;\">prezen\u010dn\u00ed nebo online pro jednotlivce a mal\u00e9 skupiny (s kvalifikovan\u00fdmi u\u010diteli)<\/span><\/p>\n<p>[\/vc_column_text]\r\n\t<div class=\"edukul-spacer clearfix\" data-desktop=\"120\" data-mobi=\"60\" data-smobi=\"60\"><\/div>[\/vc_column][vc_column width=&#8220;1\/3&#8243;][vc_column_text]<\/p>\n<h5 style=\"text-align: center;\"><span style=\"color: #008000;\"><a href=\"https:\/\/parlo-italiano.cz\/cs\/specialni-kurzy\/\" style=\"color: #008000;\">Speci\u00e1ln\u00ed kurzy<\/a><\/span><\/h5>\n<p><!--more--><\/p>\n<p style=\"text-align: center;\">Konverza\u010dn\u00ed kurzy ital\u0161tiny, prohlubuj\u00edc\u00ed studium, opakovac\u00ed kurzy nebo kurzy zam\u011b\u0159en\u00e9 na specifick\u00e1 t\u00e9mata: va\u0159en\u00ed, um\u011bn\u00ed&#8230;.<br \/>\n\u00darove\u0148: st\u0159edn\u011b pokro\u010dil\u00fd, pokro\u010dil\u00fd<\/p>\n<p>[\/vc_column_text]\r\n\t<div class=\"edukul-spacer clearfix\" data-desktop=\"120\" data-mobi=\"60\" data-smobi=\"60\"><\/div>[\/vc_column][vc_column width=&#8220;1\/3&#8243;][vc_column_text]<\/p>\n<h5 style=\"text-align: center;\"><span style=\"color: #008000;\"><a href=\"https:\/\/parlo-italiano.cz\/cs\/kurzy-cils\/\" style=\"color: #008000;\">CILS<\/a><\/span><\/h5>\n<p><!--more--><\/p>\n<p style=\"text-align: center;\">P\u0159\u00edprava na zkou\u0161ku CILS (na vy\u017e\u00e1d\u00e1n\u00ed)<\/p>\n<p>[\/vc_column_text]\r\n\t<div class=\"edukul-spacer clearfix\" data-desktop=\"120\" data-mobi=\"60\" data-smobi=\"60\"><\/div>[\/vc_column][\/vc_row][vc_row][vc_column width=&#8220;1\/3&#8243;][vc_column_text]<\/p>\n<h5 style=\"text-align: center;\"><span style=\"color: #008000;\"><a href=\"https:\/\/parlo-italiano.cz\/cs\/online-kurzy\/\" style=\"color: #008000;\"><a href=\"https:\/\/parlo-italiano.cz\/cs\/online-kurzy\/\">ITALIS<\/a><\/a><\/span><\/h5>\n<p><!--more--><\/p>\n<p style=\"text-align: center;\">Samovzd\u011bl\u00e1vac\u00ed kurzy<\/p>\n<p>[\/vc_column_text]\r\n\t<div class=\"edukul-spacer clearfix\" data-desktop=\"120\" data-mobi=\"60\" data-smobi=\"60\"><\/div>[\/vc_column][\/vc_row]<\/p>\n<\/section>","protected":false},"excerpt":{"rendered":"<p>[vc_row][vc_column][\/vc_column][\/vc_row][vc_row][vc_column width=&#8220;1\/3&#8243;][vc_column_text] Standardn\u00ed t\u0159\u00edm\u011bs\u00ed\u010dn\u00ed kurzy (podzim a jaro)<\/p>\n","protected":false},"author":2,"featured_media":0,"parent":0,"menu_order":0,"comment_status":"closed","ping_status":"closed","template":"","meta":{"footnotes":""},"class_list":["post-23589","page","type-page","status-publish","hentry"],"yoast_head":"<!-- This site is optimized with the Yoast SEO plugin v27.3 - https:\/\/yoast.com\/product\/yoast-seo-wordpress\/ -->\n<title>Kurzy ital\u0161tiny - Parlo Italiano<\/title>\n<meta name=\"robots\" content=\"index, follow, max-snippet:-1, max-image-preview:large, max-video-preview:-1\" \/>\n<link rel=\"canonical\" href=\"https:\/\/parlo-italiano.cz\/cs\/kurzy-italstiny\/\" \/>\n<meta property=\"og:locale\" content=\"cs_CZ\" \/>\n<meta property=\"og:type\" content=\"article\" \/>\n<meta property=\"og:title\" content=\"Kurzy ital\u0161tiny - Parlo Italiano\" \/>\n<meta property=\"og:description\" content=\"[vc_row][vc_column][\/vc_column][\/vc_row][vc_row][vc_column width=&#8220;1\/3&#8243;][vc_column_text] Standardn\u00ed t\u0159\u00edm\u011bs\u00ed\u010dn\u00ed kurzy (podzim a jaro)\" \/>\n<meta property=\"og:url\" content=\"https:\/\/parlo-italiano.cz\/cs\/kurzy-italstiny\/\" \/>\n<meta property=\"og:site_name\" content=\"Parlo Italiano\" \/>\n<meta property=\"article:modified_time\" content=\"2024-06-25T21:28:45+00:00\" \/>\n<meta name=\"twitter:card\" content=\"summary_large_image\" \/>\n<meta name=\"twitter:label1\" content=\"Odhadovan\u00e1 doba \u010dten\u00ed\" \/>\n\t<meta name=\"twitter:data1\" content=\"1 minuta\" \/>\n<script type=\"application\/ld+json\" class=\"yoast-schema-graph\">{\"@context\":\"https:\\\/\\\/schema.org\",\"@graph\":[{\"@type\":\"WebPage\",\"@id\":\"https:\\\/\\\/parlo-italiano.cz\\\/cs\\\/kurzy-italstiny\\\/\",\"url\":\"https:\\\/\\\/parlo-italiano.cz\\\/cs\\\/kurzy-italstiny\\\/\",\"name\":\"Kurzy ital\u0161tiny - Parlo Italiano\",\"isPartOf\":{\"@id\":\"https:\\\/\\\/parlo-italiano.cz\\\/#website\"},\"datePublished\":\"2023-02-10T16:04:23+00:00\",\"dateModified\":\"2024-06-25T21:28:45+00:00\",\"breadcrumb\":{\"@id\":\"https:\\\/\\\/parlo-italiano.cz\\\/cs\\\/kurzy-italstiny\\\/#breadcrumb\"},\"inLanguage\":\"cs\",\"potentialAction\":[{\"@type\":\"ReadAction\",\"target\":[\"https:\\\/\\\/parlo-italiano.cz\\\/cs\\\/kurzy-italstiny\\\/\"]}]},{\"@type\":\"BreadcrumbList\",\"@id\":\"https:\\\/\\\/parlo-italiano.cz\\\/cs\\\/kurzy-italstiny\\\/#breadcrumb\",\"itemListElement\":[{\"@type\":\"ListItem\",\"position\":1,\"name\":\"Home\",\"item\":\"https:\\\/\\\/parlo-italiano.cz\\\/cs\\\/\"},{\"@type\":\"ListItem\",\"position\":2,\"name\":\"Kurzy ital\u0161tiny\"}]},{\"@type\":\"WebSite\",\"@id\":\"https:\\\/\\\/parlo-italiano.cz\\\/#website\",\"url\":\"https:\\\/\\\/parlo-italiano.cz\\\/\",\"name\":\"Parlo Italiano\",\"description\":\"Corsi di lingua italiana\",\"publisher\":{\"@id\":\"https:\\\/\\\/parlo-italiano.cz\\\/#organization\"},\"potentialAction\":[{\"@type\":\"SearchAction\",\"target\":{\"@type\":\"EntryPoint\",\"urlTemplate\":\"https:\\\/\\\/parlo-italiano.cz\\\/?s={search_term_string}\"},\"query-input\":{\"@type\":\"PropertyValueSpecification\",\"valueRequired\":true,\"valueName\":\"search_term_string\"}}],\"inLanguage\":\"cs\"},{\"@type\":\"Organization\",\"@id\":\"https:\\\/\\\/parlo-italiano.cz\\\/#organization\",\"name\":\"Istituto Italiano di Cultura Praga\",\"url\":\"https:\\\/\\\/parlo-italiano.cz\\\/\",\"logo\":{\"@type\":\"ImageObject\",\"inLanguage\":\"cs\",\"@id\":\"https:\\\/\\\/parlo-italiano.cz\\\/#\\\/schema\\\/logo\\\/image\\\/\",\"url\":\"https:\\\/\\\/parlo-italiano.cz\\\/wp-content\\\/uploads\\\/2020\\\/03\\\/logo_iic.png\",\"contentUrl\":\"https:\\\/\\\/parlo-italiano.cz\\\/wp-content\\\/uploads\\\/2020\\\/03\\\/logo_iic.png\",\"width\":230,\"height\":130,\"caption\":\"Istituto Italiano di Cultura Praga\"},\"image\":{\"@id\":\"https:\\\/\\\/parlo-italiano.cz\\\/#\\\/schema\\\/logo\\\/image\\\/\"}}]}<\/script>\n<!-- \/ Yoast SEO plugin. -->","yoast_head_json":{"title":"Kurzy ital\u0161tiny - Parlo Italiano","robots":{"index":"index","follow":"follow","max-snippet":"max-snippet:-1","max-image-preview":"max-image-preview:large","max-video-preview":"max-video-preview:-1"},"canonical":"https:\/\/parlo-italiano.cz\/cs\/kurzy-italstiny\/","og_locale":"cs_CZ","og_type":"article","og_title":"Kurzy ital\u0161tiny - Parlo Italiano","og_description":"[vc_row][vc_column][\/vc_column][\/vc_row][vc_row][vc_column width=&#8220;1\/3&#8243;][vc_column_text] Standardn\u00ed t\u0159\u00edm\u011bs\u00ed\u010dn\u00ed kurzy (podzim a jaro)","og_url":"https:\/\/parlo-italiano.cz\/cs\/kurzy-italstiny\/","og_site_name":"Parlo Italiano","article_modified_time":"2024-06-25T21:28:45+00:00","twitter_card":"summary_large_image","twitter_misc":{"Odhadovan\u00e1 doba \u010dten\u00ed":"1 minuta"},"schema":{"@context":"https:\/\/schema.org","@graph":[{"@type":"WebPage","@id":"https:\/\/parlo-italiano.cz\/cs\/kurzy-italstiny\/","url":"https:\/\/parlo-italiano.cz\/cs\/kurzy-italstiny\/","name":"Kurzy ital\u0161tiny - Parlo Italiano","isPartOf":{"@id":"https:\/\/parlo-italiano.cz\/#website"},"datePublished":"2023-02-10T16:04:23+00:00","dateModified":"2024-06-25T21:28:45+00:00","breadcrumb":{"@id":"https:\/\/parlo-italiano.cz\/cs\/kurzy-italstiny\/#breadcrumb"},"inLanguage":"cs","potentialAction":[{"@type":"ReadAction","target":["https:\/\/parlo-italiano.cz\/cs\/kurzy-italstiny\/"]}]},{"@type":"BreadcrumbList","@id":"https:\/\/parlo-italiano.cz\/cs\/kurzy-italstiny\/#breadcrumb","itemListElement":[{"@type":"ListItem","position":1,"name":"Home","item":"https:\/\/parlo-italiano.cz\/cs\/"},{"@type":"ListItem","position":2,"name":"Kurzy ital\u0161tiny"}]},{"@type":"WebSite","@id":"https:\/\/parlo-italiano.cz\/#website","url":"https:\/\/parlo-italiano.cz\/","name":"Parlo Italiano","description":"Corsi di lingua italiana","publisher":{"@id":"https:\/\/parlo-italiano.cz\/#organization"},"potentialAction":[{"@type":"SearchAction","target":{"@type":"EntryPoint","urlTemplate":"https:\/\/parlo-italiano.cz\/?s={search_term_string}"},"query-input":{"@type":"PropertyValueSpecification","valueRequired":true,"valueName":"search_term_string"}}],"inLanguage":"cs"},{"@type":"Organization","@id":"https:\/\/parlo-italiano.cz\/#organization","name":"Istituto Italiano di Cultura Praga","url":"https:\/\/parlo-italiano.cz\/","logo":{"@type":"ImageObject","inLanguage":"cs","@id":"https:\/\/parlo-italiano.cz\/#\/schema\/logo\/image\/","url":"https:\/\/parlo-italiano.cz\/wp-content\/uploads\/2020\/03\/logo_iic.png","contentUrl":"https:\/\/parlo-italiano.cz\/wp-content\/uploads\/2020\/03\/logo_iic.png","width":230,"height":130,"caption":"Istituto Italiano di Cultura Praga"},"image":{"@id":"https:\/\/parlo-italiano.cz\/#\/schema\/logo\/image\/"}}]}},"_links":{"self":[{"href":"https:\/\/parlo-italiano.cz\/cs\/wp-json\/wp\/v2\/pages\/23589","targetHints":{"allow":["GET"]}}],"collection":[{"href":"https:\/\/parlo-italiano.cz\/cs\/wp-json\/wp\/v2\/pages"}],"about":[{"href":"https:\/\/parlo-italiano.cz\/cs\/wp-json\/wp\/v2\/types\/page"}],"author":[{"embeddable":true,"href":"https:\/\/parlo-italiano.cz\/cs\/wp-json\/wp\/v2\/users\/2"}],"replies":[{"embeddable":true,"href":"https:\/\/parlo-italiano.cz\/cs\/wp-json\/wp\/v2\/comments?post=23589"}],"version-history":[{"count":37,"href":"https:\/\/parlo-italiano.cz\/cs\/wp-json\/wp\/v2\/pages\/23589\/revisions"}],"predecessor-version":[{"id":29655,"href":"https:\/\/parlo-italiano.cz\/cs\/wp-json\/wp\/v2\/pages\/23589\/revisions\/29655"}],"wp:attachment":[{"href":"https:\/\/parlo-italiano.cz\/cs\/wp-json\/wp\/v2\/media?parent=23589"}],"curies":[{"name":"wp","href":"https:\/\/api.w.org\/{rel}","templated":true}]}}