{"id":23650,"date":"2023-02-10T18:34:00","date_gmt":"2023-02-10T17:34:00","guid":{"rendered":"https:\/\/parlo-italiano.cz\/?page_id=23650"},"modified":"2023-04-25T15:00:09","modified_gmt":"2023-04-25T13:00:09","slug":"kurzy-cils","status":"publish","type":"page","link":"https:\/\/parlo-italiano.cz\/cs\/kurzy-cils\/","title":{"rendered":"Kurzy CILS"},"content":{"rendered":"<section class=\"wpb-content-wrapper\"><p>[vc_row][vc_column][vc_column_text]Pro CILS plat\u00ed, stejn\u011b jako u ka\u017ed\u00e9ho jin\u00e9ho testu, \u017ee \u010d\u00e1st \u00fasp\u011bchu z\u00e1vis\u00ed na p\u0159edchoz\u00ed znalosti struktury zkou\u0161ky (v\u00edce informac\u00ed o zkou\u0161ce <a href=\"https:\/\/parlo-italiano.cz\/cs\/kurzy-a-zkousky-cils\/\">ZDE<\/a>). Ti, kte\u0159\u00ed se se zkou\u0161kou obezn\u00e1mili, zkou\u0161kou projdou s v\u011bt\u0161\u00edm pocitem jistoty a s men\u0161\u00ed m\u00edrou stresu.<br \/>\n<b><br \/>\nZ tohoto d\u016fvodu na\u0161e \u0161kola nab\u00edz\u00ed na certifika\u010dn\u00ed zkou\u0161ky CILS pro \u00farovn\u011b B2 a C1 p\u0159\u00edpravn\u00e9 kurzy.<\/b><\/p>\n<p>Kurzy tvo\u0159\u00ed celkem 20 hodin v\u00fduky a cena je 4300 K\u010d, v\u010detn\u011b materi\u00e1l\u016f.<\/p>\n<p>Abychom z\u00e1jemce o zkou\u0161ky na n\u011b p\u0159ipravili, nab\u00edz\u00edme tak\u00e9 individu\u00e1ln\u00ed doch\u00e1zkov\u00e9 lekce nebo lekce prost\u0159ednictv\u00edm Skype\/Zoom pro v\u0161echny \u00farovn\u011b znalost\u00ed jazyka, od A1 do C2.<\/p>\n<p>\ud83d\udc49 Pro v\u00fdb\u011br \u00farovn\u011b v\u00e1m doporu\u010dujeme absolvovat <span style=\"color: #0000ff;\"><a href=\"https:\/\/cils.unistrasi.it\/89\/188\/Esempi_di_prove_di_esami.htm\" target=\"_blank\" style=\"color: #0000ff;\" rel=\"noopener\">TESTY nane\u010disto<\/a><\/span>, kter\u00e9 pro tento \u00fa\u010del poskytuje Univerzita v Sien\u011b.[\/vc_column_text][\/vc_column][\/vc_row][vc_row][vc_column]<div class=\"woocommerce columns-4 \"><\/div>[\/vc_column][\/vc_row]<\/p>\n<\/section>","protected":false},"excerpt":{"rendered":"<p>[vc_row][vc_column][vc_column_text]Pro CILS plat\u00ed, stejn\u011b jako u ka\u017ed\u00e9ho jin\u00e9ho testu, \u017ee \u010d\u00e1st \u00fasp\u011bchu z\u00e1vis\u00ed na p\u0159edchoz\u00ed znalosti struktury zkou\u0161ky (v\u00edce informac\u00ed o zkou\u0161ce ZDE). Ti, kte\u0159\u00ed se se zkou\u0161kou obezn\u00e1mili, zkou\u0161kou projdou s v\u011bt\u0161\u00edm pocitem jistoty a s men\u0161\u00ed m\u00edrou stresu. Z tohoto d\u016fvodu na\u0161e \u0161kola nab\u00edz\u00ed na certifika\u010dn\u00ed zkou\u0161ky CILS<\/p>\n","protected":false},"author":2,"featured_media":0,"parent":0,"menu_order":0,"comment_status":"closed","ping_status":"closed","template":"","meta":{"footnotes":""},"class_list":["post-23650","page","type-page","status-publish","hentry"],"yoast_head":"<!-- This site is optimized with the Yoast SEO plugin v27.3 - https:\/\/yoast.com\/product\/yoast-seo-wordpress\/ -->\n<title>Kurzy CILS - Parlo Italiano<\/title>\n<meta name=\"robots\" content=\"index, follow, max-snippet:-1, max-image-preview:large, max-video-preview:-1\" \/>\n<link rel=\"canonical\" href=\"https:\/\/parlo-italiano.cz\/cs\/kurzy-cils\/\" \/>\n<meta property=\"og:locale\" content=\"cs_CZ\" \/>\n<meta property=\"og:type\" content=\"article\" \/>\n<meta property=\"og:title\" content=\"Kurzy CILS - Parlo Italiano\" \/>\n<meta property=\"og:description\" content=\"[vc_row][vc_column][vc_column_text]Pro CILS plat\u00ed, stejn\u011b jako u ka\u017ed\u00e9ho jin\u00e9ho testu, \u017ee \u010d\u00e1st \u00fasp\u011bchu z\u00e1vis\u00ed na p\u0159edchoz\u00ed znalosti struktury zkou\u0161ky (v\u00edce informac\u00ed o zkou\u0161ce ZDE). Ti, kte\u0159\u00ed se se zkou\u0161kou obezn\u00e1mili, zkou\u0161kou projdou s v\u011bt\u0161\u00edm pocitem jistoty a s men\u0161\u00ed m\u00edrou stresu. Z tohoto d\u016fvodu na\u0161e \u0161kola nab\u00edz\u00ed na certifika\u010dn\u00ed zkou\u0161ky CILS\" \/>\n<meta property=\"og:url\" content=\"https:\/\/parlo-italiano.cz\/cs\/kurzy-cils\/\" \/>\n<meta property=\"og:site_name\" content=\"Parlo Italiano\" \/>\n<meta property=\"article:modified_time\" content=\"2023-04-25T13:00:09+00:00\" \/>\n<meta name=\"twitter:card\" content=\"summary_large_image\" \/>\n<meta name=\"twitter:label1\" content=\"Odhadovan\u00e1 doba \u010dten\u00ed\" \/>\n\t<meta name=\"twitter:data1\" content=\"1 minuta\" \/>\n<script type=\"application\/ld+json\" class=\"yoast-schema-graph\">{\"@context\":\"https:\\\/\\\/schema.org\",\"@graph\":[{\"@type\":\"WebPage\",\"@id\":\"https:\\\/\\\/parlo-italiano.cz\\\/cs\\\/kurzy-cils\\\/\",\"url\":\"https:\\\/\\\/parlo-italiano.cz\\\/cs\\\/kurzy-cils\\\/\",\"name\":\"Kurzy CILS - Parlo Italiano\",\"isPartOf\":{\"@id\":\"https:\\\/\\\/parlo-italiano.cz\\\/#website\"},\"datePublished\":\"2023-02-10T17:34:00+00:00\",\"dateModified\":\"2023-04-25T13:00:09+00:00\",\"breadcrumb\":{\"@id\":\"https:\\\/\\\/parlo-italiano.cz\\\/cs\\\/kurzy-cils\\\/#breadcrumb\"},\"inLanguage\":\"cs\",\"potentialAction\":[{\"@type\":\"ReadAction\",\"target\":[\"https:\\\/\\\/parlo-italiano.cz\\\/cs\\\/kurzy-cils\\\/\"]}]},{\"@type\":\"BreadcrumbList\",\"@id\":\"https:\\\/\\\/parlo-italiano.cz\\\/cs\\\/kurzy-cils\\\/#breadcrumb\",\"itemListElement\":[{\"@type\":\"ListItem\",\"position\":1,\"name\":\"Home\",\"item\":\"https:\\\/\\\/parlo-italiano.cz\\\/cs\\\/\"},{\"@type\":\"ListItem\",\"position\":2,\"name\":\"Kurzy CILS\"}]},{\"@type\":\"WebSite\",\"@id\":\"https:\\\/\\\/parlo-italiano.cz\\\/#website\",\"url\":\"https:\\\/\\\/parlo-italiano.cz\\\/\",\"name\":\"Parlo Italiano\",\"description\":\"Corsi di lingua italiana\",\"publisher\":{\"@id\":\"https:\\\/\\\/parlo-italiano.cz\\\/#organization\"},\"potentialAction\":[{\"@type\":\"SearchAction\",\"target\":{\"@type\":\"EntryPoint\",\"urlTemplate\":\"https:\\\/\\\/parlo-italiano.cz\\\/?s={search_term_string}\"},\"query-input\":{\"@type\":\"PropertyValueSpecification\",\"valueRequired\":true,\"valueName\":\"search_term_string\"}}],\"inLanguage\":\"cs\"},{\"@type\":\"Organization\",\"@id\":\"https:\\\/\\\/parlo-italiano.cz\\\/#organization\",\"name\":\"Istituto Italiano di Cultura Praga\",\"url\":\"https:\\\/\\\/parlo-italiano.cz\\\/\",\"logo\":{\"@type\":\"ImageObject\",\"inLanguage\":\"cs\",\"@id\":\"https:\\\/\\\/parlo-italiano.cz\\\/#\\\/schema\\\/logo\\\/image\\\/\",\"url\":\"https:\\\/\\\/parlo-italiano.cz\\\/wp-content\\\/uploads\\\/2020\\\/03\\\/logo_iic.png\",\"contentUrl\":\"https:\\\/\\\/parlo-italiano.cz\\\/wp-content\\\/uploads\\\/2020\\\/03\\\/logo_iic.png\",\"width\":230,\"height\":130,\"caption\":\"Istituto Italiano di Cultura Praga\"},\"image\":{\"@id\":\"https:\\\/\\\/parlo-italiano.cz\\\/#\\\/schema\\\/logo\\\/image\\\/\"}}]}<\/script>\n<!-- \/ Yoast SEO plugin. -->","yoast_head_json":{"title":"Kurzy CILS - Parlo Italiano","robots":{"index":"index","follow":"follow","max-snippet":"max-snippet:-1","max-image-preview":"max-image-preview:large","max-video-preview":"max-video-preview:-1"},"canonical":"https:\/\/parlo-italiano.cz\/cs\/kurzy-cils\/","og_locale":"cs_CZ","og_type":"article","og_title":"Kurzy CILS - Parlo Italiano","og_description":"[vc_row][vc_column][vc_column_text]Pro CILS plat\u00ed, stejn\u011b jako u ka\u017ed\u00e9ho jin\u00e9ho testu, \u017ee \u010d\u00e1st \u00fasp\u011bchu z\u00e1vis\u00ed na p\u0159edchoz\u00ed znalosti struktury zkou\u0161ky (v\u00edce informac\u00ed o zkou\u0161ce ZDE). Ti, kte\u0159\u00ed se se zkou\u0161kou obezn\u00e1mili, zkou\u0161kou projdou s v\u011bt\u0161\u00edm pocitem jistoty a s men\u0161\u00ed m\u00edrou stresu. Z tohoto d\u016fvodu na\u0161e \u0161kola nab\u00edz\u00ed na certifika\u010dn\u00ed zkou\u0161ky CILS","og_url":"https:\/\/parlo-italiano.cz\/cs\/kurzy-cils\/","og_site_name":"Parlo Italiano","article_modified_time":"2023-04-25T13:00:09+00:00","twitter_card":"summary_large_image","twitter_misc":{"Odhadovan\u00e1 doba \u010dten\u00ed":"1 minuta"},"schema":{"@context":"https:\/\/schema.org","@graph":[{"@type":"WebPage","@id":"https:\/\/parlo-italiano.cz\/cs\/kurzy-cils\/","url":"https:\/\/parlo-italiano.cz\/cs\/kurzy-cils\/","name":"Kurzy CILS - Parlo Italiano","isPartOf":{"@id":"https:\/\/parlo-italiano.cz\/#website"},"datePublished":"2023-02-10T17:34:00+00:00","dateModified":"2023-04-25T13:00:09+00:00","breadcrumb":{"@id":"https:\/\/parlo-italiano.cz\/cs\/kurzy-cils\/#breadcrumb"},"inLanguage":"cs","potentialAction":[{"@type":"ReadAction","target":["https:\/\/parlo-italiano.cz\/cs\/kurzy-cils\/"]}]},{"@type":"BreadcrumbList","@id":"https:\/\/parlo-italiano.cz\/cs\/kurzy-cils\/#breadcrumb","itemListElement":[{"@type":"ListItem","position":1,"name":"Home","item":"https:\/\/parlo-italiano.cz\/cs\/"},{"@type":"ListItem","position":2,"name":"Kurzy CILS"}]},{"@type":"WebSite","@id":"https:\/\/parlo-italiano.cz\/#website","url":"https:\/\/parlo-italiano.cz\/","name":"Parlo Italiano","description":"Corsi di lingua italiana","publisher":{"@id":"https:\/\/parlo-italiano.cz\/#organization"},"potentialAction":[{"@type":"SearchAction","target":{"@type":"EntryPoint","urlTemplate":"https:\/\/parlo-italiano.cz\/?s={search_term_string}"},"query-input":{"@type":"PropertyValueSpecification","valueRequired":true,"valueName":"search_term_string"}}],"inLanguage":"cs"},{"@type":"Organization","@id":"https:\/\/parlo-italiano.cz\/#organization","name":"Istituto Italiano di Cultura Praga","url":"https:\/\/parlo-italiano.cz\/","logo":{"@type":"ImageObject","inLanguage":"cs","@id":"https:\/\/parlo-italiano.cz\/#\/schema\/logo\/image\/","url":"https:\/\/parlo-italiano.cz\/wp-content\/uploads\/2020\/03\/logo_iic.png","contentUrl":"https:\/\/parlo-italiano.cz\/wp-content\/uploads\/2020\/03\/logo_iic.png","width":230,"height":130,"caption":"Istituto Italiano di Cultura Praga"},"image":{"@id":"https:\/\/parlo-italiano.cz\/#\/schema\/logo\/image\/"}}]}},"_links":{"self":[{"href":"https:\/\/parlo-italiano.cz\/cs\/wp-json\/wp\/v2\/pages\/23650","targetHints":{"allow":["GET"]}}],"collection":[{"href":"https:\/\/parlo-italiano.cz\/cs\/wp-json\/wp\/v2\/pages"}],"about":[{"href":"https:\/\/parlo-italiano.cz\/cs\/wp-json\/wp\/v2\/types\/page"}],"author":[{"embeddable":true,"href":"https:\/\/parlo-italiano.cz\/cs\/wp-json\/wp\/v2\/users\/2"}],"replies":[{"embeddable":true,"href":"https:\/\/parlo-italiano.cz\/cs\/wp-json\/wp\/v2\/comments?post=23650"}],"version-history":[{"count":19,"href":"https:\/\/parlo-italiano.cz\/cs\/wp-json\/wp\/v2\/pages\/23650\/revisions"}],"predecessor-version":[{"id":25486,"href":"https:\/\/parlo-italiano.cz\/cs\/wp-json\/wp\/v2\/pages\/23650\/revisions\/25486"}],"wp:attachment":[{"href":"https:\/\/parlo-italiano.cz\/cs\/wp-json\/wp\/v2\/media?parent=23650"}],"curies":[{"name":"wp","href":"https:\/\/api.w.org\/{rel}","templated":true}]}}