{"id":25477,"date":"2023-04-25T13:31:17","date_gmt":"2023-04-25T11:31:17","guid":{"rendered":"https:\/\/parlo-italiano.cz\/letni-kurzy\/"},"modified":"2026-04-13T13:47:28","modified_gmt":"2026-04-13T11:47:28","slug":"letni-kurzy","status":"publish","type":"page","link":"https:\/\/parlo-italiano.cz\/cs\/letni-kurzy\/","title":{"rendered":"Letn\u00ed kurzy"},"content":{"rendered":"<section class=\"wpb-content-wrapper\"><p>[vc_row][vc_column][vc_column_text]Pro informace a rezervace pi\u0161te na: <a href=\"mailto:info@parlo-italiano.cz\">info@parlo-italiano.cz<\/a>[\/vc_column_text]\r\n\t<div class=\"edukul-spacer clearfix\" data-desktop=\"40\" data-mobi=\"20\" data-smobi=\"20\"><\/div>[vc_text_separator title=&#8220;Intenzivn\u00ed kurzy pro dosp\u011bl\u00e9 \u2013 l\u00e9to 2026&#8243; i_icon_fontawesome=&#8220;fas fa-arrow-alt-circle-right&#8220; i_color=&#8220;green&#8220; i_size=&#8220;sm&#8220; title_align=&#8220;separator_align_left&#8220; align=&#8220;align_left&#8220; add_icon=&#8220;true&#8220;][vc_column_text]Od <strong>13. \u010dervence do 14. srpna<\/strong> nab\u00edz\u00ed Italsk\u00fd kulturn\u00ed institut <strong>intenzivn\u00ed kurzy<\/strong> pro <strong>dv\u011b \u00farovn\u011b:<br \/>\n\u00fapln\u00e9 za\u010d\u00e1te\u010dn\u00edky (A1.a) a m\u00edrn\u011b pokro\u010dil\u00e9 (A1.b).<\/strong><\/p>\n<p>V\u0161echny kurzy maj\u00ed celkem <strong>28 hodin<\/strong>.<br \/>\nInstitut konkr\u00e9tn\u011b nab\u00edz\u00ed <strong>2 typy kurz\u016f<\/strong> (v\u00edce \u010di m\u00e9n\u011b intenzivn\u00ed):<\/p>\n<ol>\n<li><strong>Ve\u010dern\u00ed semi-intenzivn\u00ed kurzy (\u00farove\u0148 A1.a \u2013 \u00fapln\u00ed za\u010d\u00e1te\u010dn\u00edci)<\/strong>\n<ul>\n<li>D\u00e9lka trv\u00e1n\u00ed: <strong>4 t\u00fddny<\/strong> <\/li>\n<li><strong>120 minut ka\u017ed\u00fd ve\u010der<\/strong> (od 17:45 do 19:45 od pond\u011bl\u00ed do \u010dtvrtka).<\/li>\n<li>Obdob\u00ed: <strong>od 20. \u010dervence do 11. srpna<\/strong><\/li>\n<\/ul>\n<\/li>\n<li><strong>Dopoledn\u00ed super-intenzivn\u00ed kurzy (\u00farove\u0148 A1.a nebo A1.b)<\/strong>\n<ul>\n<li>D\u00e9lka trv\u00e1n\u00ed: <strong>1 t\u00fdden<\/strong><\/li>\n<li><strong>6 hodin denn\u011b, od pond\u011bl\u00ed do \u010dtvrtka + 4 hodiny v p\u00e1tek<\/strong><br \/>\n(Od pond\u011bl\u00ed do \u010dtvrtka od 9:00 do 15:45 s celkovou p\u0159est\u00e1vkou 45 minut, v p\u00e1tek od 9:00 do 13:30 s celkovou p\u0159est\u00e1vkou 30 minut. <em>P\u0159est\u00e1vky lze vyu\u017e\u00edvat flexibiln\u011b po dohod\u011b s lektorem<\/em>)<\/li>\n<li>Obdob\u00ed:<br \/>\n<strong>Kurzy \u00farovn\u011b A1.a<\/strong> jsou k dispozici v n\u00e1sleduj\u00edc\u00edch t\u00fddnech:<br \/>\n\u2013 od <strong>13. \u010dervence<\/strong> do <strong>17. \u010dervence<\/strong><br \/>\n\u2013 od <strong>20. \u010dervence<\/strong> do <strong>24. \u010dervence<\/strong><br \/>\n\u2013 od <strong>27. \u010dervence<\/strong> do <strong>31. \u010dervence<\/strong><br \/>\n\u2013 od <strong>3. srpna<\/strong> do <strong>7. srpna<\/strong><br \/>\n<strong>Kurzy \u00farovn\u011b A1.b <\/strong>(m\u00edrn\u011b pokro\u010dil\u00ed) jsou k dispozici v n\u00e1sleduj\u00edc\u00edch t\u00fddnech:<br \/>\n\u2013 od <strong>27. \u010dervence<\/strong> do <strong>31. \u010dervence<\/strong><br \/>\n\u2013 od <strong>10. srpna<\/strong> do <strong>14. srpna<\/strong><\/li>\n<\/ul>\n<\/li>\n<\/ol>\n<p><strong>Cena<\/strong> za v\u0161echny tyto kurzy v rozsahu <strong>28 hodin<\/strong> je <strong>5 350 K\u010d.<\/strong><\/p>\n<p>Pro <strong>rezervaci a zaplacen\u00ed<\/strong> kurzu je nutn\u00e9 kontaktovat sekretari\u00e1t kurz\u016f: <a href=\"mailto:info@parlo-italiano.cz\"><strong>info@parlo-italiano.cz<\/strong><\/a><\/p>\n<p><strong>Upozorn\u011bn\u00ed<\/strong>: pro p\u0159ihl\u00e1\u0161en\u00ed ke kurzu \u00farovn\u011b <strong>A1.b pro m\u00edrn\u011b pokro\u010dil\u00e9 je nutn\u00e9<\/strong> tak\u00e9 <strong>absolvovat vstupn\u00ed test online<\/strong>, kter\u00fd v\u00e1m sekretari\u00e1t za\u0161le po va\u0161\u00ed rezervaci.[\/vc_column_text]\r\n\t<div class=\"edukul-spacer clearfix\" data-desktop=\"40\" data-mobi=\"20\" data-smobi=\"20\"><\/div>[vc_text_separator title=&#8220;Aktivity pro d\u011bti a ml\u00e1de\u017e \u2013 l\u00e9to 2026&#8243; i_icon_fontawesome=&#8220;fas fa-arrow-alt-circle-right&#8220; i_color=&#8220;green&#8220; i_size=&#8220;sm&#8220; title_align=&#8220;separator_align_left&#8220; align=&#8220;align_left&#8220; add_icon=&#8220;true&#8220;][vc_column_text]Nov\u00e9 letn\u00ed nab\u00eddky pro d\u011bti budou aktualizov\u00e1ny co nejd\u0159\u00edve.[\/vc_column_text][\/vc_column][\/vc_row]<\/p>\n<\/section>","protected":false},"excerpt":{"rendered":"<p>[vc_row][vc_column][vc_column_text]Pro informace a rezervace pi\u0161te na: info@parlo-italiano.cz[\/vc_column_text][vc_text_separator title=&#8220;Intenzivn\u00ed kurzy pro dosp\u011bl\u00e9 \u2013 l\u00e9to 2026&#8243; i_icon_fontawesome=&#8220;fas fa-arrow-alt-circle-right&#8220; i_color=&#8220;green&#8220; i_size=&#8220;sm&#8220; title_align=&#8220;separator_align_left&#8220; align=&#8220;align_left&#8220; add_icon=&#8220;true&#8220;][vc_column_text]Od 13. \u010dervence do 14. srpna nab\u00edz\u00ed Italsk\u00fd kulturn\u00ed institut intenzivn\u00ed kurzy pro dv\u011b \u00farovn\u011b: \u00fapln\u00e9 za\u010d\u00e1te\u010dn\u00edky (A1.a) a m\u00edrn\u011b pokro\u010dil\u00e9 (A1.b). V\u0161echny kurzy maj\u00ed celkem 28 hodin. Institut konkr\u00e9tn\u011b<\/p>\n","protected":false},"author":2,"featured_media":0,"parent":0,"menu_order":0,"comment_status":"closed","ping_status":"closed","template":"","meta":{"footnotes":""},"class_list":["post-25477","page","type-page","status-publish","hentry"],"yoast_head":"<!-- This site is optimized with the Yoast SEO plugin v27.3 - https:\/\/yoast.com\/product\/yoast-seo-wordpress\/ -->\n<title>Letn\u00ed kurzy - Parlo Italiano<\/title>\n<meta name=\"robots\" content=\"index, follow, max-snippet:-1, max-image-preview:large, max-video-preview:-1\" \/>\n<link rel=\"canonical\" href=\"https:\/\/parlo-italiano.cz\/cs\/letni-kurzy\/\" \/>\n<meta property=\"og:locale\" content=\"cs_CZ\" \/>\n<meta property=\"og:type\" content=\"article\" \/>\n<meta property=\"og:title\" content=\"Letn\u00ed kurzy - Parlo Italiano\" \/>\n<meta property=\"og:description\" content=\"[vc_row][vc_column][vc_column_text]Pro informace a rezervace pi\u0161te na: info@parlo-italiano.cz[\/vc_column_text][vc_text_separator title=&#8220;Intenzivn\u00ed kurzy pro dosp\u011bl\u00e9 \u2013 l\u00e9to 2026&#8243; i_icon_fontawesome=&#8220;fas fa-arrow-alt-circle-right&#8220; i_color=&#8220;green&#8220; i_size=&#8220;sm&#8220; title_align=&#8220;separator_align_left&#8220; align=&#8220;align_left&#8220; add_icon=&#8220;true&#8220;][vc_column_text]Od 13. \u010dervence do 14. srpna nab\u00edz\u00ed Italsk\u00fd kulturn\u00ed institut intenzivn\u00ed kurzy pro dv\u011b \u00farovn\u011b: \u00fapln\u00e9 za\u010d\u00e1te\u010dn\u00edky (A1.a) a m\u00edrn\u011b pokro\u010dil\u00e9 (A1.b). V\u0161echny kurzy maj\u00ed celkem 28 hodin. Institut konkr\u00e9tn\u011b\" \/>\n<meta property=\"og:url\" content=\"https:\/\/parlo-italiano.cz\/cs\/letni-kurzy\/\" \/>\n<meta property=\"og:site_name\" content=\"Parlo Italiano\" \/>\n<meta property=\"article:modified_time\" content=\"2026-04-13T11:47:28+00:00\" \/>\n<meta name=\"twitter:card\" content=\"summary_large_image\" \/>\n<meta name=\"twitter:label1\" content=\"Odhadovan\u00e1 doba \u010dten\u00ed\" \/>\n\t<meta name=\"twitter:data1\" content=\"2 minuty\" \/>\n<script type=\"application\/ld+json\" class=\"yoast-schema-graph\">{\"@context\":\"https:\\\/\\\/schema.org\",\"@graph\":[{\"@type\":\"WebPage\",\"@id\":\"https:\\\/\\\/parlo-italiano.cz\\\/cs\\\/letni-kurzy\\\/\",\"url\":\"https:\\\/\\\/parlo-italiano.cz\\\/cs\\\/letni-kurzy\\\/\",\"name\":\"Letn\u00ed kurzy - Parlo Italiano\",\"isPartOf\":{\"@id\":\"https:\\\/\\\/parlo-italiano.cz\\\/#website\"},\"datePublished\":\"2023-04-25T11:31:17+00:00\",\"dateModified\":\"2026-04-13T11:47:28+00:00\",\"breadcrumb\":{\"@id\":\"https:\\\/\\\/parlo-italiano.cz\\\/cs\\\/letni-kurzy\\\/#breadcrumb\"},\"inLanguage\":\"cs\",\"potentialAction\":[{\"@type\":\"ReadAction\",\"target\":[\"https:\\\/\\\/parlo-italiano.cz\\\/cs\\\/letni-kurzy\\\/\"]}]},{\"@type\":\"BreadcrumbList\",\"@id\":\"https:\\\/\\\/parlo-italiano.cz\\\/cs\\\/letni-kurzy\\\/#breadcrumb\",\"itemListElement\":[{\"@type\":\"ListItem\",\"position\":1,\"name\":\"Home\",\"item\":\"https:\\\/\\\/parlo-italiano.cz\\\/cs\\\/\"},{\"@type\":\"ListItem\",\"position\":2,\"name\":\"Letn\u00ed kurzy\"}]},{\"@type\":\"WebSite\",\"@id\":\"https:\\\/\\\/parlo-italiano.cz\\\/#website\",\"url\":\"https:\\\/\\\/parlo-italiano.cz\\\/\",\"name\":\"Parlo Italiano\",\"description\":\"Corsi di lingua italiana\",\"publisher\":{\"@id\":\"https:\\\/\\\/parlo-italiano.cz\\\/#organization\"},\"potentialAction\":[{\"@type\":\"SearchAction\",\"target\":{\"@type\":\"EntryPoint\",\"urlTemplate\":\"https:\\\/\\\/parlo-italiano.cz\\\/?s={search_term_string}\"},\"query-input\":{\"@type\":\"PropertyValueSpecification\",\"valueRequired\":true,\"valueName\":\"search_term_string\"}}],\"inLanguage\":\"cs\"},{\"@type\":\"Organization\",\"@id\":\"https:\\\/\\\/parlo-italiano.cz\\\/#organization\",\"name\":\"Istituto Italiano di Cultura Praga\",\"url\":\"https:\\\/\\\/parlo-italiano.cz\\\/\",\"logo\":{\"@type\":\"ImageObject\",\"inLanguage\":\"cs\",\"@id\":\"https:\\\/\\\/parlo-italiano.cz\\\/#\\\/schema\\\/logo\\\/image\\\/\",\"url\":\"https:\\\/\\\/parlo-italiano.cz\\\/wp-content\\\/uploads\\\/2020\\\/03\\\/logo_iic.png\",\"contentUrl\":\"https:\\\/\\\/parlo-italiano.cz\\\/wp-content\\\/uploads\\\/2020\\\/03\\\/logo_iic.png\",\"width\":230,\"height\":130,\"caption\":\"Istituto Italiano di Cultura Praga\"},\"image\":{\"@id\":\"https:\\\/\\\/parlo-italiano.cz\\\/#\\\/schema\\\/logo\\\/image\\\/\"}}]}<\/script>\n<!-- \/ Yoast SEO plugin. -->","yoast_head_json":{"title":"Letn\u00ed kurzy - Parlo Italiano","robots":{"index":"index","follow":"follow","max-snippet":"max-snippet:-1","max-image-preview":"max-image-preview:large","max-video-preview":"max-video-preview:-1"},"canonical":"https:\/\/parlo-italiano.cz\/cs\/letni-kurzy\/","og_locale":"cs_CZ","og_type":"article","og_title":"Letn\u00ed kurzy - Parlo Italiano","og_description":"[vc_row][vc_column][vc_column_text]Pro informace a rezervace pi\u0161te na: info@parlo-italiano.cz[\/vc_column_text][vc_text_separator title=&#8220;Intenzivn\u00ed kurzy pro dosp\u011bl\u00e9 \u2013 l\u00e9to 2026&#8243; i_icon_fontawesome=&#8220;fas fa-arrow-alt-circle-right&#8220; i_color=&#8220;green&#8220; i_size=&#8220;sm&#8220; title_align=&#8220;separator_align_left&#8220; align=&#8220;align_left&#8220; add_icon=&#8220;true&#8220;][vc_column_text]Od 13. \u010dervence do 14. srpna nab\u00edz\u00ed Italsk\u00fd kulturn\u00ed institut intenzivn\u00ed kurzy pro dv\u011b \u00farovn\u011b: \u00fapln\u00e9 za\u010d\u00e1te\u010dn\u00edky (A1.a) a m\u00edrn\u011b pokro\u010dil\u00e9 (A1.b). V\u0161echny kurzy maj\u00ed celkem 28 hodin. Institut konkr\u00e9tn\u011b","og_url":"https:\/\/parlo-italiano.cz\/cs\/letni-kurzy\/","og_site_name":"Parlo Italiano","article_modified_time":"2026-04-13T11:47:28+00:00","twitter_card":"summary_large_image","twitter_misc":{"Odhadovan\u00e1 doba \u010dten\u00ed":"2 minuty"},"schema":{"@context":"https:\/\/schema.org","@graph":[{"@type":"WebPage","@id":"https:\/\/parlo-italiano.cz\/cs\/letni-kurzy\/","url":"https:\/\/parlo-italiano.cz\/cs\/letni-kurzy\/","name":"Letn\u00ed kurzy - Parlo Italiano","isPartOf":{"@id":"https:\/\/parlo-italiano.cz\/#website"},"datePublished":"2023-04-25T11:31:17+00:00","dateModified":"2026-04-13T11:47:28+00:00","breadcrumb":{"@id":"https:\/\/parlo-italiano.cz\/cs\/letni-kurzy\/#breadcrumb"},"inLanguage":"cs","potentialAction":[{"@type":"ReadAction","target":["https:\/\/parlo-italiano.cz\/cs\/letni-kurzy\/"]}]},{"@type":"BreadcrumbList","@id":"https:\/\/parlo-italiano.cz\/cs\/letni-kurzy\/#breadcrumb","itemListElement":[{"@type":"ListItem","position":1,"name":"Home","item":"https:\/\/parlo-italiano.cz\/cs\/"},{"@type":"ListItem","position":2,"name":"Letn\u00ed kurzy"}]},{"@type":"WebSite","@id":"https:\/\/parlo-italiano.cz\/#website","url":"https:\/\/parlo-italiano.cz\/","name":"Parlo Italiano","description":"Corsi di lingua italiana","publisher":{"@id":"https:\/\/parlo-italiano.cz\/#organization"},"potentialAction":[{"@type":"SearchAction","target":{"@type":"EntryPoint","urlTemplate":"https:\/\/parlo-italiano.cz\/?s={search_term_string}"},"query-input":{"@type":"PropertyValueSpecification","valueRequired":true,"valueName":"search_term_string"}}],"inLanguage":"cs"},{"@type":"Organization","@id":"https:\/\/parlo-italiano.cz\/#organization","name":"Istituto Italiano di Cultura Praga","url":"https:\/\/parlo-italiano.cz\/","logo":{"@type":"ImageObject","inLanguage":"cs","@id":"https:\/\/parlo-italiano.cz\/#\/schema\/logo\/image\/","url":"https:\/\/parlo-italiano.cz\/wp-content\/uploads\/2020\/03\/logo_iic.png","contentUrl":"https:\/\/parlo-italiano.cz\/wp-content\/uploads\/2020\/03\/logo_iic.png","width":230,"height":130,"caption":"Istituto Italiano di Cultura Praga"},"image":{"@id":"https:\/\/parlo-italiano.cz\/#\/schema\/logo\/image\/"}}]}},"_links":{"self":[{"href":"https:\/\/parlo-italiano.cz\/cs\/wp-json\/wp\/v2\/pages\/25477","targetHints":{"allow":["GET"]}}],"collection":[{"href":"https:\/\/parlo-italiano.cz\/cs\/wp-json\/wp\/v2\/pages"}],"about":[{"href":"https:\/\/parlo-italiano.cz\/cs\/wp-json\/wp\/v2\/types\/page"}],"author":[{"embeddable":true,"href":"https:\/\/parlo-italiano.cz\/cs\/wp-json\/wp\/v2\/users\/2"}],"replies":[{"embeddable":true,"href":"https:\/\/parlo-italiano.cz\/cs\/wp-json\/wp\/v2\/comments?post=25477"}],"version-history":[{"count":84,"href":"https:\/\/parlo-italiano.cz\/cs\/wp-json\/wp\/v2\/pages\/25477\/revisions"}],"predecessor-version":[{"id":33073,"href":"https:\/\/parlo-italiano.cz\/cs\/wp-json\/wp\/v2\/pages\/25477\/revisions\/33073"}],"wp:attachment":[{"href":"https:\/\/parlo-italiano.cz\/cs\/wp-json\/wp\/v2\/media?parent=25477"}],"curies":[{"name":"wp","href":"https:\/\/api.w.org\/{rel}","templated":true}]}}