{"id":26312,"date":"2023-05-13T12:10:23","date_gmt":"2023-05-13T10:10:23","guid":{"rendered":"https:\/\/parlo-italiano.cz\/?page_id=26312"},"modified":"2025-09-07T22:41:03","modified_gmt":"2025-09-07T20:41:03","slug":"individualni-lekce","status":"publish","type":"page","link":"https:\/\/parlo-italiano.cz\/cs\/individualni-lekce\/","title":{"rendered":"Individu\u00e1ln\u00ed lekce"},"content":{"rendered":"<section class=\"wpb-content-wrapper\"><p>[vc_row][vc_column][vc_column_text]<span style=\"font-weight: 400;\">Pro v\u0161echny ty, kte\u0159\u00ed nemaj\u00ed mo\u017enost pravideln\u011b nav\u0161t\u011bvovat skupinov\u00fd kurz, nab\u00edz\u00edme personalizovanou mo\u017enost u\u010den\u00ed italsk\u00e9ho jazyka dle vlastn\u00edch pot\u0159eb a tempa u\u010den\u00ed. <\/span><\/p>\n<p><b>D\u00e9lka lekc\u00ed<\/b><span style=\"font-weight: 400;\">&#8211; M\u016f\u017eete si vybrat mezi <a href=\"https:\/\/parlo-italiano.cz\/categoria-lezioni-individuali\/lezione-60minuti\/\" target=\"_blank\" rel=\"noopener\">60 minutov\u00fdmi<\/a> nebo <a href=\"https:\/\/parlo-italiano.cz\/categoria-lezioni-individuali\/lezione-90-minuti\/\" target=\"_blank\" rel=\"noopener\">90 minutov\u00fdmi lekcemi<\/a>, v z\u00e1vislosti na va\u0161ich preferenc\u00edch a dostupnosti.<\/span><\/p>\n<p><b>\u00darovn\u011b<\/b><span style=\"font-weight: 400;\">: Individu\u00e1ln\u00ed lekce jsou k dispozici pro studenty v\u0161ech \u00farovn\u00ed, a\u0165 u\u017e jste absolutn\u00ed za\u010d\u00e1te\u010dn\u00edk nebo pokro\u010dil\u00fd student.<\/span><\/p>\n<p><b>Zp\u016fsob v\u00fduky<\/b><span style=\"font-weight: 400;\"> &#8211; Nab\u00edz\u00edme jak osobn\u00ed hodiny, tak i hodiny na d\u00e1lku, abyste si mohli vybrat tu mo\u017enost, kter\u00e1 nejl\u00e9pe vyhovuje va\u0161im pot\u0159eb\u00e1m a preferenc\u00edm.<\/span><\/p>\n<p><b>Roz\u0159azovac\u00ed vstupn\u00ed test<\/b><span style=\"font-weight: 400;\"> &#8211; Pokud jste ji\u017e d\u0159\u00edve studovali ital\u0161tinu, m\u016f\u017ee b\u00fdt vy\u017eadov\u00e1no absolvov\u00e1n\u00ed p\u0159ij\u00edmac\u00ed zkou\u0161ky k posouzen\u00ed va\u0161\u00ed sou\u010dasn\u00e9 \u00farovn\u011b a p\u0159izp\u016fsoben\u00ed hodin va\u0161im jazykov\u00fdm znalostem.<\/span><\/p>\n<p><b>Kvalifikovan\u00ed u\u010ditel\u00e9<\/b><span style=\"font-weight: 400;\"> &#8211; Zprost\u0159edkujeme v\u00e1m kontakt s n\u011bkter\u00fdm z <\/span><span style=\"font-weight: 400;\">na\u0161ich vysoce kvalifikovan\u00fdch u\u010ditel\u016f<\/span><span style=\"font-weight: 400;\"> vysoce kvalifikovan\u00ed u\u010ditel\u00e9, kte\u0159\u00ed se p\u0159izp\u016fsob\u00ed va\u0161\u00ed \u00farovni ital\u0161tiny a va\u0161im vzd\u011bl\u00e1vac\u00edm c\u00edl\u016fm.<\/span>[\/vc_column_text]\r\n\t<div class=\"edukul-spacer clearfix\" data-desktop=\"18\" data-mobi=\"12\" data-smobi=\"12\"><\/div>[vc_text_separator title=&#8220;Jak si za\u017e\u00e1dat o individu\u00e1ln\u00ed lekce&#8220; i_icon_fontawesome=&#8220;fas fa-question-circle&#8220; i_color=&#8220;green&#8220; title_align=&#8220;separator_align_left&#8220; border_width=&#8220;5&#8243; add_icon=&#8220;true&#8220;]\r\n\t<div class=\"edukul-spacer clearfix\" data-desktop=\"8\" data-mobi=\"8\" data-smobi=\"8\"><\/div>[vc_column_text]<span style=\"font-weight: 400;\">Pro vy\u017e\u00e1d\u00e1n\u00ed na\u0161ich individu\u00e1ln\u00edch lekc\u00ed je nutn\u00e9 vyplnit<\/span> <a href=\"https:\/\/parlo-italiano.cz\/cs\/registrace\/\" target=\"_blank\" rel=\"noopener\"><span style=\"font-weight: 400;\">registra\u010dn\u00ed formul\u00e1\u0159<\/span><\/a> <span style=\"font-weight: 400;\">a uv\u00e9st po\u017eadovan\u00fd \u010das a po\u010det hodin t\u00fddn\u011b.<\/span> <\/p>\n<p><span style=\"font-weight: 400;\">Jakmile najdeme nejvhodn\u011bj\u0161\u00edho u\u010ditele, kter\u00fd je voln\u00fd ve va\u0161ich vybran\u00fdch \u010dasech, budeme v\u00e1s kontaktovat.<\/span><\/p>\n<p><span style=\"font-weight: 400;\">Pro dal\u0161\u00ed informace n\u00e1s pros\u00edm kontaktujte na e-mailov\u00e9 adrese <a href=\"mailto:info@parlo-italiano.cz\" target=\"_blank\" rel=\"noopener\">info@parlo-italiano.cz<\/a>. Pokus\u00edme se v\u00e1m odpov\u011bd\u011bt do 48 hodin a poskytnout v\u00e1m ve\u0161ker\u00e9 pot\u0159ebn\u00e9 informace.<\/span><\/p>\n<p><span style=\"font-weight: 400;\">Nakonec v\u00e1s \u017e\u00e1d\u00e1me,<\/span> <span style=\"font-weight: 400;\">abyste si p\u0159e\u010detli na\u0161e<\/span> <a href=\"https:\/\/parlo-italiano.cz\/cs\/podminky-zapisu\/#1608813199593-e08fd405-295a\" target=\"_blank\" rel=\"noopener\"><span style=\"font-weight: 400;\">Podm\u00ednky<\/span><\/a> <span style=\"font-weight: 400;\">specifick\u00e9 pro individu\u00e1ln\u00ed hodiny.<\/span>[\/vc_column_text]\r\n\t<div class=\"edukul-spacer clearfix\" data-desktop=\"16\" data-mobi=\"12\" data-smobi=\"12\"><\/div>[vc_text_separator title=&#8220;Vyberte si a kupte&#8220; i_icon_fontawesome=&#8220;fas fa-cart-arrow-down&#8220; i_color=&#8220;green&#8220; title_align=&#8220;separator_align_left&#8220; border_width=&#8220;5&#8243; add_icon=&#8220;true&#8220;]<div class=\"woocommerce columns-4 \"><ul class=\"products columns-4\">\n<li class=\"post-15897 product type-product status-publish has-post-thumbnail product_cat-kategorie-individualni-lekce first instock shipping-taxable purchasable product-type-variable\">\n\t<div class=\"inner\">\n\t<a href=\"https:\/\/parlo-italiano.cz\/cs\/kategorie-individualni-lekce\/60-minutovalekce\/\" class=\"woocommerce-LoopProduct-link woocommerce-loop-product__link\"><div class=\"product-thumbnail\"><img loading=\"lazy\" decoding=\"async\" width=\"550\" height=\"367\" src=\"https:\/\/parlo-italiano.cz\/wp-content\/uploads\/2023\/08\/matera-2777181_1920-550x367.jpg\" class=\"attachment-woocommerce_thumbnail size-woocommerce_thumbnail\" alt=\"60-minutov\u00e1 lekce\" srcset=\"https:\/\/parlo-italiano.cz\/wp-content\/uploads\/2023\/08\/matera-2777181_1920-550x367.jpg 550w, https:\/\/parlo-italiano.cz\/wp-content\/uploads\/2023\/08\/matera-2777181_1920-300x200.jpg 300w, https:\/\/parlo-italiano.cz\/wp-content\/uploads\/2023\/08\/matera-2777181_1920-1024x683.jpg 1024w, https:\/\/parlo-italiano.cz\/wp-content\/uploads\/2023\/08\/matera-2777181_1920-768x512.jpg 768w, https:\/\/parlo-italiano.cz\/wp-content\/uploads\/2023\/08\/matera-2777181_1920-1536x1024.jpg 1536w, https:\/\/parlo-italiano.cz\/wp-content\/uploads\/2023\/08\/matera-2777181_1920.jpg 1920w\" sizes=\"auto, (max-width: 550px) 100vw, 550px\" \/><\/div><div class=\"product-info\"><h2 class=\"woocommerce-loop-product__title\">60-minutov\u00e1 lekce<\/h2>\r\n        <div class=\"product-cat\">Individu\u00e1ln\u00ed lekce<\/div>\r\n\n\t<span class=\"price\"><span class=\"woocommerce-Price-amount amount\" aria-hidden=\"true\"><bdi>750&nbsp;<span class=\"woocommerce-Price-currencySymbol\">&#75;&#269;<\/span><\/bdi><\/span> <span aria-hidden=\"true\">&ndash;<\/span> <span class=\"woocommerce-Price-amount amount\" aria-hidden=\"true\"><bdi>900&nbsp;<span class=\"woocommerce-Price-currencySymbol\">&#75;&#269;<\/span><\/bdi><\/span><span class=\"screen-reader-text\">Rozp\u011bt\u00ed cen: 750&nbsp;&#75;&#269; a\u017e 900&nbsp;&#75;&#269;<\/span><\/span>\n<\/a><a href=\"https:\/\/parlo-italiano.cz\/cs\/kategorie-individualni-lekce\/60-minutovalekce\/\" aria-describedby=\"woocommerce_loop_add_to_cart_link_describedby_15897\" data-quantity=\"1\" class=\"button product_type_variable add_to_cart_button\" data-product_id=\"15897\" data-product_sku=\"\" aria-label=\"Vyberte nastaven\u00ed pro &ldquo;60-minutov\u00e1 lekce&rdquo;\" rel=\"nofollow\">V\u00fdb\u011br mo\u017enost\u00ed<\/a>\t<span id=\"woocommerce_loop_add_to_cart_link_describedby_15897\" class=\"screen-reader-text\">\n\t\tTento produkt m\u00e1 v\u00edce variant. Mo\u017enosti lze vybrat na str\u00e1nce produktu\t<\/span>\n<\/div>\t<\/div>\n<\/li>\n<li class=\"post-16449 product type-product status-publish has-post-thumbnail product_cat-kategorie-individualni-lekce  instock shipping-taxable purchasable product-type-variable\">\n\t<div class=\"inner\">\n\t<a href=\"https:\/\/parlo-italiano.cz\/cs\/kategorie-individualni-lekce\/90-minutova-lekce\/\" class=\"woocommerce-LoopProduct-link woocommerce-loop-product__link\"><div class=\"product-thumbnail\"><img loading=\"lazy\" decoding=\"async\" width=\"550\" height=\"366\" src=\"https:\/\/parlo-italiano.cz\/wp-content\/uploads\/2020\/03\/132_1920-min-550x366.jpg\" class=\"attachment-woocommerce_thumbnail size-woocommerce_thumbnail\" alt=\"90-minutov\u00e1 lekce\" srcset=\"https:\/\/parlo-italiano.cz\/wp-content\/uploads\/2020\/03\/132_1920-min-550x366.jpg 550w, https:\/\/parlo-italiano.cz\/wp-content\/uploads\/2020\/03\/132_1920-min-300x200.jpg 300w, https:\/\/parlo-italiano.cz\/wp-content\/uploads\/2020\/03\/132_1920-min-1024x682.jpg 1024w, https:\/\/parlo-italiano.cz\/wp-content\/uploads\/2020\/03\/132_1920-min-768x511.jpg 768w, https:\/\/parlo-italiano.cz\/wp-content\/uploads\/2020\/03\/132_1920-min-1536x1022.jpg 1536w, https:\/\/parlo-italiano.cz\/wp-content\/uploads\/2020\/03\/132_1920-min.jpg 1920w\" sizes=\"auto, (max-width: 550px) 100vw, 550px\" \/><\/div><div class=\"product-info\"><h2 class=\"woocommerce-loop-product__title\">90-minutov\u00e1 lekce<\/h2>\r\n        <div class=\"product-cat\">Individu\u00e1ln\u00ed lekce<\/div>\r\n\n\t<span class=\"price\"><span class=\"woocommerce-Price-amount amount\" aria-hidden=\"true\"><bdi>1 100&nbsp;<span class=\"woocommerce-Price-currencySymbol\">&#75;&#269;<\/span><\/bdi><\/span> <span aria-hidden=\"true\">&ndash;<\/span> <span class=\"woocommerce-Price-amount amount\" aria-hidden=\"true\"><bdi>1 270&nbsp;<span class=\"woocommerce-Price-currencySymbol\">&#75;&#269;<\/span><\/bdi><\/span><span class=\"screen-reader-text\">Rozp\u011bt\u00ed cen: 1 100&nbsp;&#75;&#269; a\u017e 1 270&nbsp;&#75;&#269;<\/span><\/span>\n<\/a><a href=\"https:\/\/parlo-italiano.cz\/cs\/kategorie-individualni-lekce\/90-minutova-lekce\/\" aria-describedby=\"woocommerce_loop_add_to_cart_link_describedby_16449\" data-quantity=\"1\" class=\"button product_type_variable add_to_cart_button\" data-product_id=\"16449\" data-product_sku=\"\" aria-label=\"Vyberte nastaven\u00ed pro &ldquo;90-minutov\u00e1 lekce&rdquo;\" rel=\"nofollow\">V\u00fdb\u011br mo\u017enost\u00ed<\/a>\t<span id=\"woocommerce_loop_add_to_cart_link_describedby_16449\" class=\"screen-reader-text\">\n\t\tTento produkt m\u00e1 v\u00edce variant. Mo\u017enosti lze vybrat na str\u00e1nce produktu\t<\/span>\n<\/div>\t<\/div>\n<\/li>\n<\/ul>\n<\/div>[\/vc_column][\/vc_row]<\/p>\n<\/section>","protected":false},"excerpt":{"rendered":"<p>[vc_row][vc_column][vc_column_text]Pro v\u0161echny ty, kte\u0159\u00ed nemaj\u00ed mo\u017enost pravideln\u011b nav\u0161t\u011bvovat skupinov\u00fd kurz, nab\u00edz\u00edme personalizovanou mo\u017enost u\u010den\u00ed italsk\u00e9ho jazyka dle vlastn\u00edch pot\u0159eb a tempa u\u010den\u00ed. D\u00e9lka lekc\u00ed&#8211; M\u016f\u017eete si vybrat mezi 60 minutov\u00fdmi nebo 90 minutov\u00fdmi lekcemi, v z\u00e1vislosti na va\u0161ich preferenc\u00edch a dostupnosti. \u00darovn\u011b: Individu\u00e1ln\u00ed lekce jsou k dispozici pro studenty v\u0161ech<\/p>\n","protected":false},"author":2,"featured_media":0,"parent":0,"menu_order":0,"comment_status":"closed","ping_status":"closed","template":"","meta":{"footnotes":""},"class_list":["post-26312","page","type-page","status-publish","hentry"],"yoast_head":"<!-- This site is optimized with the Yoast SEO plugin v27.3 - https:\/\/yoast.com\/product\/yoast-seo-wordpress\/ -->\n<title>Individu\u00e1ln\u00ed lekce - Parlo Italiano<\/title>\n<meta name=\"robots\" content=\"index, follow, max-snippet:-1, max-image-preview:large, max-video-preview:-1\" \/>\n<link rel=\"canonical\" href=\"https:\/\/parlo-italiano.cz\/cs\/individualni-lekce\/\" \/>\n<meta property=\"og:locale\" content=\"cs_CZ\" \/>\n<meta property=\"og:type\" content=\"article\" \/>\n<meta property=\"og:title\" content=\"Individu\u00e1ln\u00ed lekce - Parlo Italiano\" \/>\n<meta property=\"og:description\" content=\"[vc_row][vc_column][vc_column_text]Pro v\u0161echny ty, kte\u0159\u00ed nemaj\u00ed mo\u017enost pravideln\u011b nav\u0161t\u011bvovat skupinov\u00fd kurz, nab\u00edz\u00edme personalizovanou mo\u017enost u\u010den\u00ed italsk\u00e9ho jazyka dle vlastn\u00edch pot\u0159eb a tempa u\u010den\u00ed. D\u00e9lka lekc\u00ed&#8211; M\u016f\u017eete si vybrat mezi 60 minutov\u00fdmi nebo 90 minutov\u00fdmi lekcemi, v z\u00e1vislosti na va\u0161ich preferenc\u00edch a dostupnosti. \u00darovn\u011b: Individu\u00e1ln\u00ed lekce jsou k dispozici pro studenty v\u0161ech\" \/>\n<meta property=\"og:url\" content=\"https:\/\/parlo-italiano.cz\/cs\/individualni-lekce\/\" \/>\n<meta property=\"og:site_name\" content=\"Parlo Italiano\" \/>\n<meta property=\"article:modified_time\" content=\"2025-09-07T20:41:03+00:00\" \/>\n<meta name=\"twitter:card\" content=\"summary_large_image\" \/>\n<meta name=\"twitter:label1\" content=\"Odhadovan\u00e1 doba \u010dten\u00ed\" \/>\n\t<meta name=\"twitter:data1\" content=\"2 minuty\" \/>\n<script type=\"application\/ld+json\" class=\"yoast-schema-graph\">{\"@context\":\"https:\\\/\\\/schema.org\",\"@graph\":[{\"@type\":\"WebPage\",\"@id\":\"https:\\\/\\\/parlo-italiano.cz\\\/cs\\\/individualni-lekce\\\/\",\"url\":\"https:\\\/\\\/parlo-italiano.cz\\\/cs\\\/individualni-lekce\\\/\",\"name\":\"Individu\u00e1ln\u00ed lekce - Parlo Italiano\",\"isPartOf\":{\"@id\":\"https:\\\/\\\/parlo-italiano.cz\\\/#website\"},\"datePublished\":\"2023-05-13T10:10:23+00:00\",\"dateModified\":\"2025-09-07T20:41:03+00:00\",\"breadcrumb\":{\"@id\":\"https:\\\/\\\/parlo-italiano.cz\\\/cs\\\/individualni-lekce\\\/#breadcrumb\"},\"inLanguage\":\"cs\",\"potentialAction\":[{\"@type\":\"ReadAction\",\"target\":[\"https:\\\/\\\/parlo-italiano.cz\\\/cs\\\/individualni-lekce\\\/\"]}]},{\"@type\":\"BreadcrumbList\",\"@id\":\"https:\\\/\\\/parlo-italiano.cz\\\/cs\\\/individualni-lekce\\\/#breadcrumb\",\"itemListElement\":[{\"@type\":\"ListItem\",\"position\":1,\"name\":\"Home\",\"item\":\"https:\\\/\\\/parlo-italiano.cz\\\/cs\\\/\"},{\"@type\":\"ListItem\",\"position\":2,\"name\":\"Individu\u00e1ln\u00ed lekce\"}]},{\"@type\":\"WebSite\",\"@id\":\"https:\\\/\\\/parlo-italiano.cz\\\/#website\",\"url\":\"https:\\\/\\\/parlo-italiano.cz\\\/\",\"name\":\"Parlo Italiano\",\"description\":\"Corsi di lingua italiana\",\"publisher\":{\"@id\":\"https:\\\/\\\/parlo-italiano.cz\\\/#organization\"},\"potentialAction\":[{\"@type\":\"SearchAction\",\"target\":{\"@type\":\"EntryPoint\",\"urlTemplate\":\"https:\\\/\\\/parlo-italiano.cz\\\/?s={search_term_string}\"},\"query-input\":{\"@type\":\"PropertyValueSpecification\",\"valueRequired\":true,\"valueName\":\"search_term_string\"}}],\"inLanguage\":\"cs\"},{\"@type\":\"Organization\",\"@id\":\"https:\\\/\\\/parlo-italiano.cz\\\/#organization\",\"name\":\"Istituto Italiano di Cultura Praga\",\"url\":\"https:\\\/\\\/parlo-italiano.cz\\\/\",\"logo\":{\"@type\":\"ImageObject\",\"inLanguage\":\"cs\",\"@id\":\"https:\\\/\\\/parlo-italiano.cz\\\/#\\\/schema\\\/logo\\\/image\\\/\",\"url\":\"https:\\\/\\\/parlo-italiano.cz\\\/wp-content\\\/uploads\\\/2020\\\/03\\\/logo_iic.png\",\"contentUrl\":\"https:\\\/\\\/parlo-italiano.cz\\\/wp-content\\\/uploads\\\/2020\\\/03\\\/logo_iic.png\",\"width\":230,\"height\":130,\"caption\":\"Istituto Italiano di Cultura Praga\"},\"image\":{\"@id\":\"https:\\\/\\\/parlo-italiano.cz\\\/#\\\/schema\\\/logo\\\/image\\\/\"}}]}<\/script>\n<!-- \/ Yoast SEO plugin. -->","yoast_head_json":{"title":"Individu\u00e1ln\u00ed lekce - Parlo Italiano","robots":{"index":"index","follow":"follow","max-snippet":"max-snippet:-1","max-image-preview":"max-image-preview:large","max-video-preview":"max-video-preview:-1"},"canonical":"https:\/\/parlo-italiano.cz\/cs\/individualni-lekce\/","og_locale":"cs_CZ","og_type":"article","og_title":"Individu\u00e1ln\u00ed lekce - Parlo Italiano","og_description":"[vc_row][vc_column][vc_column_text]Pro v\u0161echny ty, kte\u0159\u00ed nemaj\u00ed mo\u017enost pravideln\u011b nav\u0161t\u011bvovat skupinov\u00fd kurz, nab\u00edz\u00edme personalizovanou mo\u017enost u\u010den\u00ed italsk\u00e9ho jazyka dle vlastn\u00edch pot\u0159eb a tempa u\u010den\u00ed. D\u00e9lka lekc\u00ed&#8211; M\u016f\u017eete si vybrat mezi 60 minutov\u00fdmi nebo 90 minutov\u00fdmi lekcemi, v z\u00e1vislosti na va\u0161ich preferenc\u00edch a dostupnosti. \u00darovn\u011b: Individu\u00e1ln\u00ed lekce jsou k dispozici pro studenty v\u0161ech","og_url":"https:\/\/parlo-italiano.cz\/cs\/individualni-lekce\/","og_site_name":"Parlo Italiano","article_modified_time":"2025-09-07T20:41:03+00:00","twitter_card":"summary_large_image","twitter_misc":{"Odhadovan\u00e1 doba \u010dten\u00ed":"2 minuty"},"schema":{"@context":"https:\/\/schema.org","@graph":[{"@type":"WebPage","@id":"https:\/\/parlo-italiano.cz\/cs\/individualni-lekce\/","url":"https:\/\/parlo-italiano.cz\/cs\/individualni-lekce\/","name":"Individu\u00e1ln\u00ed lekce - Parlo Italiano","isPartOf":{"@id":"https:\/\/parlo-italiano.cz\/#website"},"datePublished":"2023-05-13T10:10:23+00:00","dateModified":"2025-09-07T20:41:03+00:00","breadcrumb":{"@id":"https:\/\/parlo-italiano.cz\/cs\/individualni-lekce\/#breadcrumb"},"inLanguage":"cs","potentialAction":[{"@type":"ReadAction","target":["https:\/\/parlo-italiano.cz\/cs\/individualni-lekce\/"]}]},{"@type":"BreadcrumbList","@id":"https:\/\/parlo-italiano.cz\/cs\/individualni-lekce\/#breadcrumb","itemListElement":[{"@type":"ListItem","position":1,"name":"Home","item":"https:\/\/parlo-italiano.cz\/cs\/"},{"@type":"ListItem","position":2,"name":"Individu\u00e1ln\u00ed lekce"}]},{"@type":"WebSite","@id":"https:\/\/parlo-italiano.cz\/#website","url":"https:\/\/parlo-italiano.cz\/","name":"Parlo Italiano","description":"Corsi di lingua italiana","publisher":{"@id":"https:\/\/parlo-italiano.cz\/#organization"},"potentialAction":[{"@type":"SearchAction","target":{"@type":"EntryPoint","urlTemplate":"https:\/\/parlo-italiano.cz\/?s={search_term_string}"},"query-input":{"@type":"PropertyValueSpecification","valueRequired":true,"valueName":"search_term_string"}}],"inLanguage":"cs"},{"@type":"Organization","@id":"https:\/\/parlo-italiano.cz\/#organization","name":"Istituto Italiano di Cultura Praga","url":"https:\/\/parlo-italiano.cz\/","logo":{"@type":"ImageObject","inLanguage":"cs","@id":"https:\/\/parlo-italiano.cz\/#\/schema\/logo\/image\/","url":"https:\/\/parlo-italiano.cz\/wp-content\/uploads\/2020\/03\/logo_iic.png","contentUrl":"https:\/\/parlo-italiano.cz\/wp-content\/uploads\/2020\/03\/logo_iic.png","width":230,"height":130,"caption":"Istituto Italiano di Cultura Praga"},"image":{"@id":"https:\/\/parlo-italiano.cz\/#\/schema\/logo\/image\/"}}]}},"_links":{"self":[{"href":"https:\/\/parlo-italiano.cz\/cs\/wp-json\/wp\/v2\/pages\/26312","targetHints":{"allow":["GET"]}}],"collection":[{"href":"https:\/\/parlo-italiano.cz\/cs\/wp-json\/wp\/v2\/pages"}],"about":[{"href":"https:\/\/parlo-italiano.cz\/cs\/wp-json\/wp\/v2\/types\/page"}],"author":[{"embeddable":true,"href":"https:\/\/parlo-italiano.cz\/cs\/wp-json\/wp\/v2\/users\/2"}],"replies":[{"embeddable":true,"href":"https:\/\/parlo-italiano.cz\/cs\/wp-json\/wp\/v2\/comments?post=26312"}],"version-history":[{"count":38,"href":"https:\/\/parlo-italiano.cz\/cs\/wp-json\/wp\/v2\/pages\/26312\/revisions"}],"predecessor-version":[{"id":31915,"href":"https:\/\/parlo-italiano.cz\/cs\/wp-json\/wp\/v2\/pages\/26312\/revisions\/31915"}],"wp:attachment":[{"href":"https:\/\/parlo-italiano.cz\/cs\/wp-json\/wp\/v2\/media?parent=26312"}],"curies":[{"name":"wp","href":"https:\/\/api.w.org\/{rel}","templated":true}]}}