{"id":26614,"date":"2023-05-25T16:36:38","date_gmt":"2023-05-25T14:36:38","guid":{"rendered":"https:\/\/parlo-italiano.cz\/kurzy-pro-deti\/"},"modified":"2026-05-05T23:20:32","modified_gmt":"2026-05-05T21:20:32","slug":"kurzy-pro-deti","status":"publish","type":"page","link":"https:\/\/parlo-italiano.cz\/cs\/kurzy-pro-deti\/","title":{"rendered":"Kurzy pro d\u011bti"},"content":{"rendered":"<section class=\"wpb-content-wrapper\"><p>[vc_row][vc_column][vc_column_text]Italsk\u00fd kulturn\u00ed institut se otev\u00edr\u00e1 t\u011bm nejmen\u0161\u00edm a nab\u00edz\u00ed vzd\u011bl\u00e1vac\u00ed aktivity, kde se p\u0159i v\u00fduce italsk\u00e9ho jazyka vyu\u017e\u00edv\u00e1 d\u011btsk\u00e9 kreativity a p\u0159edstavivosti.[\/vc_column_text]\r\n\t<div class=\"edukul-spacer clearfix\" data-desktop=\"40\" data-mobi=\"40\" data-smobi=\"40\"><\/div>[vc_text_separator title=&#8220;Metodika&#8220; i_icon_fontawesome=&#8220;fas fa-arrow-alt-circle-right&#8220; i_color=&#8220;green&#8220; title_align=&#8220;separator_align_left&#8220; align=&#8220;align_left&#8220; color=&#8220;juicy_pink&#8220; border_width=&#8220;3&#8243; add_icon=&#8220;true&#8220;][vc_column_text]<strong>U\u010den\u00ed hrou \u2013 Learning by doing \u2013 Kooperativn\u00ed u\u010den\u00ed.<\/strong><\/p>\n<p>V\u011b\u0159\u00edme, \u017ee u\u010den\u00ed prost\u0159ednictv\u00edm hry je pro d\u011bti mimo\u0159\u00e1dn\u011b efektivn\u00ed, proto uplat\u0148ujeme didaktick\u00fd p\u0159\u00edstup zalo\u017een\u00fd na aktivn\u00ed interakci a hrav\u00e9m zapojen\u00ed, d\u00edky n\u011bmu\u017e se d\u011bti mohou u\u010dit italsk\u00fd jazyk a z\u00e1rove\u0148 se bavit. Prost\u0159ednictv\u00edm her, p\u00edsni\u010dek, v\u00fdtvarn\u00fdch aktivit a mnoha dal\u0161\u00edch \u010dinnost\u00ed vytv\u00e1\u0159ej\u00ed na\u0161i zku\u0161en\u00ed lekto\u0159i podn\u011btn\u00e9 prost\u0159ed\u00ed, kter\u00e9 podporuje komunikaci a osvojov\u00e1n\u00ed nov\u00fdch jazykov\u00fdch dovednost\u00ed. D\u00edky principu \u201elearning by doing\u201c (u\u010den\u00ed prax\u00ed) si d\u011bti a ml\u00e1de\u017e procvi\u010duj\u00ed sv\u00e9 jazykov\u00e9 znalosti prost\u0159ednictv\u00edm praktick\u00fdch a interaktivn\u00edch \u010dinnost\u00ed. Pln\u011bn\u00ed \u00fakol\u016f, hran\u00ed rol\u00ed, simulace a spole\u010dn\u00e9 projekty napom\u00e1haj\u00ed smyslupln\u011bj\u0161\u00edmu a trvalej\u0161\u00edmu u\u010den\u00ed a z\u00e1rove\u0148 podporuj\u00ed objevov\u00e1n\u00ed a samostatnost.[\/vc_column_text]\r\n\t<div class=\"edukul-spacer clearfix\" data-desktop=\"40\" data-mobi=\"40\" data-smobi=\"40\"><\/div>[\/vc_column][\/vc_row][vc_row][vc_column][vc_text_separator title=&#8220;Program letn\u00edch kurz\u016f 2026&#8243; i_icon_fontawesome=&#8220;fas fa-arrow-alt-circle-right&#8220; i_color=&#8220;green&#8220; title_align=&#8220;separator_align_left&#8220; align=&#8220;align_left&#8220; color=&#8220;juicy_pink&#8220; border_width=&#8220;3&#8243; add_icon=&#8220;true&#8220; el_id=&#8220;estate&#8220;][\/vc_column][\/vc_row][vc_row][vc_column][vc_column_text]<strong>LEKCE ITAL\u0160TINY pro D\u011aTI A ML\u00c1DE\u017d<br \/>\n<\/strong><strong>Od 31. srpna do 3. z\u00e1\u0159\u00ed \u2013 Od 7. z\u00e1\u0159\u00ed do 10. z\u00e1\u0159\u00ed <\/strong> <\/p>\n<p><strong>\u201e\u0160KOLY SE NEBOJ\u00cdM\u201c \ud83d\ude42<\/strong><\/p>\n<p>Prvn\u00ed t\u00fdden<strong>: od 31. 08. do 03. 09. V\u011bk: 8\u201310 let Cena: K\u010d 1.650<br \/>\n<\/strong>Druh\u00fd t\u00fdden:<strong>  od 07. 09. do 10. 09. V\u011bk: 11\u201313 let Cena: K\u010d 1.650<\/strong><\/p>\n<p>Ka\u017ed\u00fd den,<strong> od pond\u011bl\u00ed do \u010dtvrtka, <\/strong>od <strong>16:00 <\/strong>do<strong> 18:00<\/strong><\/p>\n<p><strong>Vstupn\u00ed \u00farove\u0148: A1 a-c (za\u010d\u00e1te\u010dn\u00edci a fale\u0161n\u00ed za\u010d\u00e1te\u010dn\u00edci)  <\/strong><\/p>\n<p><strong>M\u00edsto: Italsk\u00fd kulturn\u00ed institut v Praze <\/strong>(\u0160porkova 14)<\/p>\n<p><strong>Pro koho?  <\/strong>Tyto kurzy byly navr\u017eeny zejm\u00e9na pro d\u011bti a ml\u00e1de\u017e, kte\u0159\u00ed se u\u010d\u00ed italsky ve \u0161kole, ale jsou otev\u0159eny v\u0161em, kte\u0159\u00ed se cht\u011bj\u00ed p\u0159ibl\u00ed\u017eit italsk\u00e9mu jazyku prost\u0159ednictv\u00edm vesel\u00fdch a poutav\u00fdch lekc\u00ed.<\/p>\n<p><strong>Hlavn\u00edm c\u00edlem <\/strong>t\u011bchto intenzivn\u00edch kurz\u016f je upevnit z\u00e1kladn\u00ed znalosti italsk\u00e9ho jazyka a p\u0159ipravit \u017e\u00e1ky na za\u010d\u00e1tek \u0161koln\u00edho roku, ale p\u0159\u00e1n\u00edm je tak\u00e9 zapojit nov\u00e9 studenty do objevov\u00e1n\u00ed It\u00e1lie po\u010d\u00ednaje jej\u00edm jazykem.<\/p>\n<p><strong>Metoda.  <\/strong>Lekce jsou zam\u011b\u0159eny na komunikativn\u00ed aktivity. Prob\u00edhaj\u00ed dynamicky a interaktivn\u011b, s v\u00fdukov\u00fdmi aktivitami navr\u017een\u00fdmi tak, aby rozv\u00edjely jazykov\u00e9 dovednosti p\u0159irozen\u00fdm a poutav\u00fdm zp\u016fsobem. Sou\u010d\u00e1st\u00ed jsou hry, lexik\u00e1ln\u00ed aktivity a aktivity zam\u011b\u0159en\u00e9 na \u00fastn\u00ed projev (vybran\u00e9 na z\u00e1klad\u011b \u0161koln\u00edch osnov).<\/p>\n<p><strong> <\/strong><\/p>\n<p><strong>U\u017eite\u010dn\u00e9 ot\u00e1zky<\/strong><\/p>\n<p><strong>Mohou se z\u00fa\u010dastnit i studenti, kte\u0159\u00ed se ve \u0161kole italsky neu\u010d\u00ed?<br \/>\n<\/strong>Ano, je to mo\u017en\u00e9. Lektor zaru\u010duje diferencovan\u00e9 a u\u017eite\u010dn\u00e9 v\u00fdukov\u00e9 podn\u011bty pro v\u0161echny.<\/p>\n<p><strong>Jak\u00e1 je vstupn\u00ed \u00farove\u0148 student\u016f?<br \/>\n<\/strong>P\u0159ij\u00edm\u00e1ni jsou POUZE za\u010d\u00e1te\u010dn\u00edci a fale\u0161n\u00ed za\u010d\u00e1te\u010dn\u00edci (A1 a-c).<\/p>\n<p><strong>Kde lekce prob\u00edhaj\u00ed?<br \/>\n<\/strong>V u\u010debn\u011b Italsk\u00e9ho kulturn\u00edho institutu, kter\u00e1 je uzp\u016fsobena pro d\u011bti a ml\u00e1de\u017e. Pro n\u011bkter\u00e9 aktivity bude mo\u017en\u00e9 vyu\u017e\u00edt tak\u00e9 n\u00e1dvo\u0159\u00ed a zahradu institutu.<\/p>\n<p><strong>Jak\u00e9 materi\u00e1ly se pou\u017e\u00edvaj\u00ed?<br \/>\n<\/strong>Lektor poskytuje ve\u0161ker\u00e9 materi\u00e1ly ke kurzu. Nen\u00ed nutn\u00e9 kupovat \u017e\u00e1dn\u00e9 u\u010debnice.<\/p>\n<p><strong>Kdo u\u010d\u00ed?<\/strong><br \/>\nRodil\u00fd mluv\u010d\u00ed se zku\u0161enostmi s v\u00fdukou ital\u0161tiny pro d\u011bti a ml\u00e1de\u017e.<\/p>\n<p><strong> <\/strong><\/p>\n<p><strong>Rezervace \u2013 Platba \u2013 Kontakty<\/strong><\/p>\n<p>Pro rezervaci a platbu m\u016f\u017eete napsat e-mail na sekretari\u00e1t kurz\u016f Italsk\u00e9ho institutu:<\/p>\n<p><a href=\"mailto:info@parlo-italiano.cz\"><strong>info@parlo-italiano.cz<\/strong><\/a><strong>                 <\/strong>[\/vc_column_text][\/vc_column][\/vc_row]<\/p>\n<\/section>","protected":false},"excerpt":{"rendered":"<p>[vc_row][vc_column][vc_column_text]Italsk\u00fd kulturn\u00ed institut se otev\u00edr\u00e1 t\u011bm nejmen\u0161\u00edm a nab\u00edz\u00ed vzd\u011bl\u00e1vac\u00ed aktivity, kde se p\u0159i v\u00fduce italsk\u00e9ho jazyka vyu\u017e\u00edv\u00e1 d\u011btsk\u00e9 kreativity a p\u0159edstavivosti.[\/vc_column_text][vc_text_separator title=&#8220;Metodika&#8220; i_icon_fontawesome=&#8220;fas fa-arrow-alt-circle-right&#8220; i_color=&#8220;green&#8220; title_align=&#8220;separator_align_left&#8220; align=&#8220;align_left&#8220; color=&#8220;juicy_pink&#8220; border_width=&#8220;3&#8243; add_icon=&#8220;true&#8220;][vc_column_text]U\u010den\u00ed hrou \u2013 Learning by doing \u2013 Kooperativn\u00ed u\u010den\u00ed. V\u011b\u0159\u00edme, \u017ee u\u010den\u00ed prost\u0159ednictv\u00edm hry je pro d\u011bti mimo\u0159\u00e1dn\u011b efektivn\u00ed, proto<\/p>\n","protected":false},"author":2,"featured_media":0,"parent":0,"menu_order":0,"comment_status":"closed","ping_status":"closed","template":"","meta":{"footnotes":""},"class_list":["post-26614","page","type-page","status-publish","hentry"],"yoast_head":"<!-- This site is optimized with the Yoast SEO plugin v27.5 - https:\/\/yoast.com\/product\/yoast-seo-wordpress\/ -->\n<title>Kurzy pro d\u011bti - Parlo Italiano<\/title>\n<meta name=\"robots\" content=\"index, follow, max-snippet:-1, max-image-preview:large, max-video-preview:-1\" \/>\n<link rel=\"canonical\" href=\"https:\/\/parlo-italiano.cz\/cs\/kurzy-pro-deti\/\" \/>\n<meta property=\"og:locale\" content=\"cs_CZ\" \/>\n<meta property=\"og:type\" content=\"article\" \/>\n<meta property=\"og:title\" content=\"Kurzy pro d\u011bti - Parlo Italiano\" \/>\n<meta property=\"og:description\" content=\"[vc_row][vc_column][vc_column_text]Italsk\u00fd kulturn\u00ed institut se otev\u00edr\u00e1 t\u011bm nejmen\u0161\u00edm a nab\u00edz\u00ed vzd\u011bl\u00e1vac\u00ed aktivity, kde se p\u0159i v\u00fduce italsk\u00e9ho jazyka vyu\u017e\u00edv\u00e1 d\u011btsk\u00e9 kreativity a p\u0159edstavivosti.[\/vc_column_text][vc_text_separator title=&#8220;Metodika&#8220; i_icon_fontawesome=&#8220;fas fa-arrow-alt-circle-right&#8220; i_color=&#8220;green&#8220; title_align=&#8220;separator_align_left&#8220; align=&#8220;align_left&#8220; color=&#8220;juicy_pink&#8220; border_width=&#8220;3&#8243; add_icon=&#8220;true&#8220;][vc_column_text]U\u010den\u00ed hrou \u2013 Learning by doing \u2013 Kooperativn\u00ed u\u010den\u00ed. V\u011b\u0159\u00edme, \u017ee u\u010den\u00ed prost\u0159ednictv\u00edm hry je pro d\u011bti mimo\u0159\u00e1dn\u011b efektivn\u00ed, proto\" \/>\n<meta property=\"og:url\" content=\"https:\/\/parlo-italiano.cz\/cs\/kurzy-pro-deti\/\" \/>\n<meta property=\"og:site_name\" content=\"Parlo Italiano\" \/>\n<meta property=\"article:modified_time\" content=\"2026-05-05T21:20:32+00:00\" \/>\n<meta name=\"twitter:card\" content=\"summary_large_image\" \/>\n<meta name=\"twitter:label1\" content=\"Odhadovan\u00e1 doba \u010dten\u00ed\" \/>\n\t<meta name=\"twitter:data1\" content=\"3 minuty\" \/>\n<script type=\"application\/ld+json\" class=\"yoast-schema-graph\">{\"@context\":\"https:\\\/\\\/schema.org\",\"@graph\":[{\"@type\":\"WebPage\",\"@id\":\"https:\\\/\\\/parlo-italiano.cz\\\/cs\\\/kurzy-pro-deti\\\/\",\"url\":\"https:\\\/\\\/parlo-italiano.cz\\\/cs\\\/kurzy-pro-deti\\\/\",\"name\":\"Kurzy pro d\u011bti - Parlo Italiano\",\"isPartOf\":{\"@id\":\"https:\\\/\\\/parlo-italiano.cz\\\/#website\"},\"datePublished\":\"2023-05-25T14:36:38+00:00\",\"dateModified\":\"2026-05-05T21:20:32+00:00\",\"breadcrumb\":{\"@id\":\"https:\\\/\\\/parlo-italiano.cz\\\/cs\\\/kurzy-pro-deti\\\/#breadcrumb\"},\"inLanguage\":\"cs\",\"potentialAction\":[{\"@type\":\"ReadAction\",\"target\":[\"https:\\\/\\\/parlo-italiano.cz\\\/cs\\\/kurzy-pro-deti\\\/\"]}]},{\"@type\":\"BreadcrumbList\",\"@id\":\"https:\\\/\\\/parlo-italiano.cz\\\/cs\\\/kurzy-pro-deti\\\/#breadcrumb\",\"itemListElement\":[{\"@type\":\"ListItem\",\"position\":1,\"name\":\"Home\",\"item\":\"https:\\\/\\\/parlo-italiano.cz\\\/cs\\\/\"},{\"@type\":\"ListItem\",\"position\":2,\"name\":\"Kurzy pro d\u011bti\"}]},{\"@type\":\"WebSite\",\"@id\":\"https:\\\/\\\/parlo-italiano.cz\\\/#website\",\"url\":\"https:\\\/\\\/parlo-italiano.cz\\\/\",\"name\":\"Parlo Italiano\",\"description\":\"Corsi di lingua italiana\",\"publisher\":{\"@id\":\"https:\\\/\\\/parlo-italiano.cz\\\/#organization\"},\"potentialAction\":[{\"@type\":\"SearchAction\",\"target\":{\"@type\":\"EntryPoint\",\"urlTemplate\":\"https:\\\/\\\/parlo-italiano.cz\\\/?s={search_term_string}\"},\"query-input\":{\"@type\":\"PropertyValueSpecification\",\"valueRequired\":true,\"valueName\":\"search_term_string\"}}],\"inLanguage\":\"cs\"},{\"@type\":\"Organization\",\"@id\":\"https:\\\/\\\/parlo-italiano.cz\\\/#organization\",\"name\":\"Istituto Italiano di Cultura Praga\",\"url\":\"https:\\\/\\\/parlo-italiano.cz\\\/\",\"logo\":{\"@type\":\"ImageObject\",\"inLanguage\":\"cs\",\"@id\":\"https:\\\/\\\/parlo-italiano.cz\\\/#\\\/schema\\\/logo\\\/image\\\/\",\"url\":\"https:\\\/\\\/parlo-italiano.cz\\\/wp-content\\\/uploads\\\/2020\\\/03\\\/logo_iic.png\",\"contentUrl\":\"https:\\\/\\\/parlo-italiano.cz\\\/wp-content\\\/uploads\\\/2020\\\/03\\\/logo_iic.png\",\"width\":230,\"height\":130,\"caption\":\"Istituto Italiano di Cultura Praga\"},\"image\":{\"@id\":\"https:\\\/\\\/parlo-italiano.cz\\\/#\\\/schema\\\/logo\\\/image\\\/\"}}]}<\/script>\n<!-- \/ Yoast SEO plugin. -->","yoast_head_json":{"title":"Kurzy pro d\u011bti - Parlo Italiano","robots":{"index":"index","follow":"follow","max-snippet":"max-snippet:-1","max-image-preview":"max-image-preview:large","max-video-preview":"max-video-preview:-1"},"canonical":"https:\/\/parlo-italiano.cz\/cs\/kurzy-pro-deti\/","og_locale":"cs_CZ","og_type":"article","og_title":"Kurzy pro d\u011bti - Parlo Italiano","og_description":"[vc_row][vc_column][vc_column_text]Italsk\u00fd kulturn\u00ed institut se otev\u00edr\u00e1 t\u011bm nejmen\u0161\u00edm a nab\u00edz\u00ed vzd\u011bl\u00e1vac\u00ed aktivity, kde se p\u0159i v\u00fduce italsk\u00e9ho jazyka vyu\u017e\u00edv\u00e1 d\u011btsk\u00e9 kreativity a p\u0159edstavivosti.[\/vc_column_text][vc_text_separator title=&#8220;Metodika&#8220; i_icon_fontawesome=&#8220;fas fa-arrow-alt-circle-right&#8220; i_color=&#8220;green&#8220; title_align=&#8220;separator_align_left&#8220; align=&#8220;align_left&#8220; color=&#8220;juicy_pink&#8220; border_width=&#8220;3&#8243; add_icon=&#8220;true&#8220;][vc_column_text]U\u010den\u00ed hrou \u2013 Learning by doing \u2013 Kooperativn\u00ed u\u010den\u00ed. V\u011b\u0159\u00edme, \u017ee u\u010den\u00ed prost\u0159ednictv\u00edm hry je pro d\u011bti mimo\u0159\u00e1dn\u011b efektivn\u00ed, proto","og_url":"https:\/\/parlo-italiano.cz\/cs\/kurzy-pro-deti\/","og_site_name":"Parlo Italiano","article_modified_time":"2026-05-05T21:20:32+00:00","twitter_card":"summary_large_image","twitter_misc":{"Odhadovan\u00e1 doba \u010dten\u00ed":"3 minuty"},"schema":{"@context":"https:\/\/schema.org","@graph":[{"@type":"WebPage","@id":"https:\/\/parlo-italiano.cz\/cs\/kurzy-pro-deti\/","url":"https:\/\/parlo-italiano.cz\/cs\/kurzy-pro-deti\/","name":"Kurzy pro d\u011bti - Parlo Italiano","isPartOf":{"@id":"https:\/\/parlo-italiano.cz\/#website"},"datePublished":"2023-05-25T14:36:38+00:00","dateModified":"2026-05-05T21:20:32+00:00","breadcrumb":{"@id":"https:\/\/parlo-italiano.cz\/cs\/kurzy-pro-deti\/#breadcrumb"},"inLanguage":"cs","potentialAction":[{"@type":"ReadAction","target":["https:\/\/parlo-italiano.cz\/cs\/kurzy-pro-deti\/"]}]},{"@type":"BreadcrumbList","@id":"https:\/\/parlo-italiano.cz\/cs\/kurzy-pro-deti\/#breadcrumb","itemListElement":[{"@type":"ListItem","position":1,"name":"Home","item":"https:\/\/parlo-italiano.cz\/cs\/"},{"@type":"ListItem","position":2,"name":"Kurzy pro d\u011bti"}]},{"@type":"WebSite","@id":"https:\/\/parlo-italiano.cz\/#website","url":"https:\/\/parlo-italiano.cz\/","name":"Parlo Italiano","description":"Corsi di lingua italiana","publisher":{"@id":"https:\/\/parlo-italiano.cz\/#organization"},"potentialAction":[{"@type":"SearchAction","target":{"@type":"EntryPoint","urlTemplate":"https:\/\/parlo-italiano.cz\/?s={search_term_string}"},"query-input":{"@type":"PropertyValueSpecification","valueRequired":true,"valueName":"search_term_string"}}],"inLanguage":"cs"},{"@type":"Organization","@id":"https:\/\/parlo-italiano.cz\/#organization","name":"Istituto Italiano di Cultura Praga","url":"https:\/\/parlo-italiano.cz\/","logo":{"@type":"ImageObject","inLanguage":"cs","@id":"https:\/\/parlo-italiano.cz\/#\/schema\/logo\/image\/","url":"https:\/\/parlo-italiano.cz\/wp-content\/uploads\/2020\/03\/logo_iic.png","contentUrl":"https:\/\/parlo-italiano.cz\/wp-content\/uploads\/2020\/03\/logo_iic.png","width":230,"height":130,"caption":"Istituto Italiano di Cultura Praga"},"image":{"@id":"https:\/\/parlo-italiano.cz\/#\/schema\/logo\/image\/"}}]}},"_links":{"self":[{"href":"https:\/\/parlo-italiano.cz\/cs\/wp-json\/wp\/v2\/pages\/26614","targetHints":{"allow":["GET"]}}],"collection":[{"href":"https:\/\/parlo-italiano.cz\/cs\/wp-json\/wp\/v2\/pages"}],"about":[{"href":"https:\/\/parlo-italiano.cz\/cs\/wp-json\/wp\/v2\/types\/page"}],"author":[{"embeddable":true,"href":"https:\/\/parlo-italiano.cz\/cs\/wp-json\/wp\/v2\/users\/2"}],"replies":[{"embeddable":true,"href":"https:\/\/parlo-italiano.cz\/cs\/wp-json\/wp\/v2\/comments?post=26614"}],"version-history":[{"count":82,"href":"https:\/\/parlo-italiano.cz\/cs\/wp-json\/wp\/v2\/pages\/26614\/revisions"}],"predecessor-version":[{"id":33299,"href":"https:\/\/parlo-italiano.cz\/cs\/wp-json\/wp\/v2\/pages\/26614\/revisions\/33299"}],"wp:attachment":[{"href":"https:\/\/parlo-italiano.cz\/cs\/wp-json\/wp\/v2\/media?parent=26614"}],"curies":[{"name":"wp","href":"https:\/\/api.w.org\/{rel}","templated":true}]}}