{"id":15530,"date":"2020-07-31T06:47:58","date_gmt":"2020-07-31T06:47:58","guid":{"rendered":"https:\/\/parlo-italiano.com\/nezarazene\/a1-standardni\/"},"modified":"2025-07-18T19:36:02","modified_gmt":"2025-07-18T17:36:02","slug":"a1-standardni","status":"publish","type":"product","link":"https:\/\/parlo-italiano.cz\/cs\/kategorie-standardni-kurzy\/a1-standardni\/","title":{"rendered":"A1 Standardn\u00ed"},"content":{"rendered":"<p>Podle SERR je \u00farove\u0148 A1 z\u00e1kladn\u00ed \u00farove\u0148 kontaktu. Na t\u00e9to \u00farovni je student schopen porozum\u011bt a pou\u017e\u00edvat ka\u017edodenn\u00ed v\u00fdrazy a jednoduch\u00e9 v\u011bty zam\u011b\u0159en\u00e9 na uspokojen\u00ed pot\u0159eb konkr\u00e9tn\u00edho typu. Um\u00ed p\u0159edstavit sebe i ostatn\u00ed a um\u00ed se pt\u00e1t nebo odpov\u00eddat na ot\u00e1zky t\u00fdkaj\u00edc\u00ed se jeho osobn\u00edho prost\u0159ed\u00ed. Dok\u00e1\u017ee komunikovat jednoduch\u00fdm zp\u016fsobem, pokud druh\u00fd \u010dlov\u011bk mluv\u00ed pomalu a jasn\u011b.<\/p>\n<p>V na\u0161ich kurzech trv\u00e1 90 hodin a je rozd\u011blena do pod\u00farovn\u00ed A1a, A1b, A1c.<\/p>\n","protected":false},"excerpt":{"rendered":"<p><strong>\u00darove\u0148<\/strong>: A1 &#8211; z\u00e1kladn\u00ed \u00farove\u0148 kontaktu<br \/>\n<strong>Frekvence<\/strong><span>: 1x t\u00fddn\u011b<\/span><br \/>\n<strong>Cena:<\/strong> 5 750 K\u010d za 14 lekc\u00ed (= 28 hodin)<br \/>\n<strong>Vybrat<\/strong>:<\/p>\n<ul>\n<li><strong>A1a<\/strong> pokud jste \u00fapln\u00fd za\u010d\u00e1te\u010dn\u00edk (doch\u00e1zka jednou t\u00fddn\u011b)<\/li>\n<li><strong>A1b<\/strong> nebo <strong>A1c<\/strong> pokud v\u00e1m tato \u00farove\u0148 byla p\u0159id\u011blena u\u010ditelem a\/nebo na z\u00e1klad\u011b z\u00e1v\u011bre\u010dn\u00e9ho \u010di vstupn\u00edho testu (doch\u00e1zka jednou t\u00fddn\u011b)<\/li>\n<\/ul>\n<p>Pro tuto \u00farove\u0148 je vy\u017eadov\u00e1na u\u010debnice <strong><a href=\"https:\/\/parlo-italiano.cz\/en\/books\/textbook-a1\/\" target=\"_blank\" rel=\"noopener\">Chiaro A1<\/a><\/strong> &#8211; pokud si ji zakoup\u00edte z na\u0161eho eshopu, bude v\u00e1m p\u0159ed\u00e1na vyu\u010duj\u00edc\u00edm na prvn\u00ed lekci.<\/p>\n","protected":false},"featured_media":20165,"template":"","meta":[],"product_brand":[],"product_cat":[230],"product_tag":[222],"class_list":{"0":"post-15530","1":"product","2":"type-product","3":"status-publish","4":"has-post-thumbnail","6":"product_cat-kategorie-standardni-kurzy","7":"product_tag-a1-standard-cs","9":"first","10":"instock","11":"sold-individually","12":"shipping-taxable","13":"purchasable","14":"product-type-variable"},"yoast_head":"<!-- This site is optimized with the Yoast SEO plugin v27.3 - https:\/\/yoast.com\/product\/yoast-seo-wordpress\/ -->\n<title>A1 Standardn\u00ed - Parlo Italiano<\/title>\n<meta name=\"robots\" content=\"index, follow, max-snippet:-1, max-image-preview:large, max-video-preview:-1\" \/>\n<link rel=\"canonical\" href=\"https:\/\/parlo-italiano.cz\/cs\/kategorie-standardni-kurzy\/a1-standardni\/\" \/>\n<meta property=\"og:locale\" content=\"cs_CZ\" \/>\n<meta property=\"og:type\" content=\"article\" \/>\n<meta property=\"og:title\" content=\"A1 Standardn\u00ed - Parlo Italiano\" \/>\n<meta property=\"og:description\" content=\"\u00darove\u0148: A1 - z\u00e1kladn\u00ed \u00farove\u0148 kontaktu Frekvence: 1x t\u00fddn\u011b Cena: 5 750 K\u010d za 14 lekc\u00ed (= 28 hodin) Vybrat:  A1a pokud jste \u00fapln\u00fd za\u010d\u00e1te\u010dn\u00edk (doch\u00e1zka jednou t\u00fddn\u011b)  A1b nebo A1c pokud v\u00e1m tato \u00farove\u0148 byla p\u0159id\u011blena u\u010ditelem a\/nebo na z\u00e1klad\u011b z\u00e1v\u011bre\u010dn\u00e9ho \u010di vstupn\u00edho testu (doch\u00e1zka jednou t\u00fddn\u011b) Pro tuto \u00farove\u0148 je vy\u017eadov\u00e1na u\u010debnice Chiaro A1 - pokud si ji zakoup\u00edte z na\u0161eho eshopu, bude v\u00e1m p\u0159ed\u00e1na vyu\u010duj\u00edc\u00edm na prvn\u00ed lekci.\" \/>\n<meta property=\"og:url\" content=\"https:\/\/parlo-italiano.cz\/cs\/kategorie-standardni-kurzy\/a1-standardni\/\" \/>\n<meta property=\"og:site_name\" content=\"Parlo Italiano\" \/>\n<meta property=\"article:modified_time\" content=\"2025-07-18T17:36:02+00:00\" \/>\n<meta property=\"og:image\" content=\"https:\/\/parlo-italiano.cz\/wp-content\/uploads\/2020\/07\/pontedilegno-scaled-e1691358776490.jpg\" \/>\n\t<meta property=\"og:image:width\" content=\"2560\" \/>\n\t<meta property=\"og:image:height\" content=\"1920\" \/>\n\t<meta property=\"og:image:type\" content=\"image\/jpeg\" \/>\n<meta name=\"twitter:card\" content=\"summary_large_image\" \/>\n<meta name=\"twitter:label1\" content=\"Odhadovan\u00e1 doba \u010dten\u00ed\" \/>\n\t<meta name=\"twitter:data1\" content=\"1 minuta\" \/>\n<script type=\"application\/ld+json\" class=\"yoast-schema-graph\">{\"@context\":\"https:\\\/\\\/schema.org\",\"@graph\":[{\"@type\":\"WebPage\",\"@id\":\"https:\\\/\\\/parlo-italiano.cz\\\/cs\\\/kategorie-standardni-kurzy\\\/a1-standardni\\\/\",\"url\":\"https:\\\/\\\/parlo-italiano.cz\\\/cs\\\/kategorie-standardni-kurzy\\\/a1-standardni\\\/\",\"name\":\"A1 Standardn\u00ed - Parlo Italiano\",\"isPartOf\":{\"@id\":\"https:\\\/\\\/parlo-italiano.cz\\\/#website\"},\"primaryImageOfPage\":{\"@id\":\"https:\\\/\\\/parlo-italiano.cz\\\/cs\\\/kategorie-standardni-kurzy\\\/a1-standardni\\\/#primaryimage\"},\"image\":{\"@id\":\"https:\\\/\\\/parlo-italiano.cz\\\/cs\\\/kategorie-standardni-kurzy\\\/a1-standardni\\\/#primaryimage\"},\"thumbnailUrl\":\"https:\\\/\\\/parlo-italiano.cz\\\/wp-content\\\/uploads\\\/2020\\\/07\\\/pontedilegno-scaled-e1691358776490.jpg\",\"datePublished\":\"2020-07-31T06:47:58+00:00\",\"dateModified\":\"2025-07-18T17:36:02+00:00\",\"breadcrumb\":{\"@id\":\"https:\\\/\\\/parlo-italiano.cz\\\/cs\\\/kategorie-standardni-kurzy\\\/a1-standardni\\\/#breadcrumb\"},\"inLanguage\":\"cs\",\"potentialAction\":[{\"@type\":\"ReadAction\",\"target\":[\"https:\\\/\\\/parlo-italiano.cz\\\/cs\\\/kategorie-standardni-kurzy\\\/a1-standardni\\\/\"]}]},{\"@type\":\"ImageObject\",\"inLanguage\":\"cs\",\"@id\":\"https:\\\/\\\/parlo-italiano.cz\\\/cs\\\/kategorie-standardni-kurzy\\\/a1-standardni\\\/#primaryimage\",\"url\":\"https:\\\/\\\/parlo-italiano.cz\\\/wp-content\\\/uploads\\\/2020\\\/07\\\/pontedilegno-scaled-e1691358776490.jpg\",\"contentUrl\":\"https:\\\/\\\/parlo-italiano.cz\\\/wp-content\\\/uploads\\\/2020\\\/07\\\/pontedilegno-scaled-e1691358776490.jpg\",\"width\":2560,\"height\":1920,\"caption\":\"OLYMPUS DIGITAL CAMERA\"},{\"@type\":\"BreadcrumbList\",\"@id\":\"https:\\\/\\\/parlo-italiano.cz\\\/cs\\\/kategorie-standardni-kurzy\\\/a1-standardni\\\/#breadcrumb\",\"itemListElement\":[{\"@type\":\"ListItem\",\"position\":1,\"name\":\"Home\",\"item\":\"https:\\\/\\\/parlo-italiano.cz\\\/cs\\\/\"},{\"@type\":\"ListItem\",\"position\":2,\"name\":\"Kurzy\",\"item\":\"https:\\\/\\\/parlo-italiano.cz\\\/cs\\\/kurzy\\\/\"},{\"@type\":\"ListItem\",\"position\":3,\"name\":\"A1 Standardn\u00ed\"}]},{\"@type\":\"WebSite\",\"@id\":\"https:\\\/\\\/parlo-italiano.cz\\\/#website\",\"url\":\"https:\\\/\\\/parlo-italiano.cz\\\/\",\"name\":\"Parlo Italiano\",\"description\":\"Corsi di lingua italiana\",\"publisher\":{\"@id\":\"https:\\\/\\\/parlo-italiano.cz\\\/#organization\"},\"potentialAction\":[{\"@type\":\"SearchAction\",\"target\":{\"@type\":\"EntryPoint\",\"urlTemplate\":\"https:\\\/\\\/parlo-italiano.cz\\\/?s={search_term_string}\"},\"query-input\":{\"@type\":\"PropertyValueSpecification\",\"valueRequired\":true,\"valueName\":\"search_term_string\"}}],\"inLanguage\":\"cs\"},{\"@type\":\"Organization\",\"@id\":\"https:\\\/\\\/parlo-italiano.cz\\\/#organization\",\"name\":\"Istituto Italiano di Cultura Praga\",\"url\":\"https:\\\/\\\/parlo-italiano.cz\\\/\",\"logo\":{\"@type\":\"ImageObject\",\"inLanguage\":\"cs\",\"@id\":\"https:\\\/\\\/parlo-italiano.cz\\\/#\\\/schema\\\/logo\\\/image\\\/\",\"url\":\"https:\\\/\\\/parlo-italiano.cz\\\/wp-content\\\/uploads\\\/2020\\\/03\\\/logo_iic.png\",\"contentUrl\":\"https:\\\/\\\/parlo-italiano.cz\\\/wp-content\\\/uploads\\\/2020\\\/03\\\/logo_iic.png\",\"width\":230,\"height\":130,\"caption\":\"Istituto Italiano di Cultura Praga\"},\"image\":{\"@id\":\"https:\\\/\\\/parlo-italiano.cz\\\/#\\\/schema\\\/logo\\\/image\\\/\"}}]}<\/script>\n<!-- \/ Yoast SEO plugin. -->","yoast_head_json":{"title":"A1 Standardn\u00ed - Parlo Italiano","robots":{"index":"index","follow":"follow","max-snippet":"max-snippet:-1","max-image-preview":"max-image-preview:large","max-video-preview":"max-video-preview:-1"},"canonical":"https:\/\/parlo-italiano.cz\/cs\/kategorie-standardni-kurzy\/a1-standardni\/","og_locale":"cs_CZ","og_type":"article","og_title":"A1 Standardn\u00ed - Parlo Italiano","og_description":"\u00darove\u0148: A1 - z\u00e1kladn\u00ed \u00farove\u0148 kontaktu Frekvence: 1x t\u00fddn\u011b Cena: 5 750 K\u010d za 14 lekc\u00ed (= 28 hodin) Vybrat:  A1a pokud jste \u00fapln\u00fd za\u010d\u00e1te\u010dn\u00edk (doch\u00e1zka jednou t\u00fddn\u011b)  A1b nebo A1c pokud v\u00e1m tato \u00farove\u0148 byla p\u0159id\u011blena u\u010ditelem a\/nebo na z\u00e1klad\u011b z\u00e1v\u011bre\u010dn\u00e9ho \u010di vstupn\u00edho testu (doch\u00e1zka jednou t\u00fddn\u011b) Pro tuto \u00farove\u0148 je vy\u017eadov\u00e1na u\u010debnice Chiaro A1 - pokud si ji zakoup\u00edte z na\u0161eho eshopu, bude v\u00e1m p\u0159ed\u00e1na vyu\u010duj\u00edc\u00edm na prvn\u00ed lekci.","og_url":"https:\/\/parlo-italiano.cz\/cs\/kategorie-standardni-kurzy\/a1-standardni\/","og_site_name":"Parlo Italiano","article_modified_time":"2025-07-18T17:36:02+00:00","og_image":[{"width":2560,"height":1920,"url":"https:\/\/parlo-italiano.cz\/wp-content\/uploads\/2020\/07\/pontedilegno-scaled-e1691358776490.jpg","type":"image\/jpeg"}],"twitter_card":"summary_large_image","twitter_misc":{"Odhadovan\u00e1 doba \u010dten\u00ed":"1 minuta"},"schema":{"@context":"https:\/\/schema.org","@graph":[{"@type":"WebPage","@id":"https:\/\/parlo-italiano.cz\/cs\/kategorie-standardni-kurzy\/a1-standardni\/","url":"https:\/\/parlo-italiano.cz\/cs\/kategorie-standardni-kurzy\/a1-standardni\/","name":"A1 Standardn\u00ed - Parlo Italiano","isPartOf":{"@id":"https:\/\/parlo-italiano.cz\/#website"},"primaryImageOfPage":{"@id":"https:\/\/parlo-italiano.cz\/cs\/kategorie-standardni-kurzy\/a1-standardni\/#primaryimage"},"image":{"@id":"https:\/\/parlo-italiano.cz\/cs\/kategorie-standardni-kurzy\/a1-standardni\/#primaryimage"},"thumbnailUrl":"https:\/\/parlo-italiano.cz\/wp-content\/uploads\/2020\/07\/pontedilegno-scaled-e1691358776490.jpg","datePublished":"2020-07-31T06:47:58+00:00","dateModified":"2025-07-18T17:36:02+00:00","breadcrumb":{"@id":"https:\/\/parlo-italiano.cz\/cs\/kategorie-standardni-kurzy\/a1-standardni\/#breadcrumb"},"inLanguage":"cs","potentialAction":[{"@type":"ReadAction","target":["https:\/\/parlo-italiano.cz\/cs\/kategorie-standardni-kurzy\/a1-standardni\/"]}]},{"@type":"ImageObject","inLanguage":"cs","@id":"https:\/\/parlo-italiano.cz\/cs\/kategorie-standardni-kurzy\/a1-standardni\/#primaryimage","url":"https:\/\/parlo-italiano.cz\/wp-content\/uploads\/2020\/07\/pontedilegno-scaled-e1691358776490.jpg","contentUrl":"https:\/\/parlo-italiano.cz\/wp-content\/uploads\/2020\/07\/pontedilegno-scaled-e1691358776490.jpg","width":2560,"height":1920,"caption":"OLYMPUS DIGITAL CAMERA"},{"@type":"BreadcrumbList","@id":"https:\/\/parlo-italiano.cz\/cs\/kategorie-standardni-kurzy\/a1-standardni\/#breadcrumb","itemListElement":[{"@type":"ListItem","position":1,"name":"Home","item":"https:\/\/parlo-italiano.cz\/cs\/"},{"@type":"ListItem","position":2,"name":"Kurzy","item":"https:\/\/parlo-italiano.cz\/cs\/kurzy\/"},{"@type":"ListItem","position":3,"name":"A1 Standardn\u00ed"}]},{"@type":"WebSite","@id":"https:\/\/parlo-italiano.cz\/#website","url":"https:\/\/parlo-italiano.cz\/","name":"Parlo Italiano","description":"Corsi di lingua italiana","publisher":{"@id":"https:\/\/parlo-italiano.cz\/#organization"},"potentialAction":[{"@type":"SearchAction","target":{"@type":"EntryPoint","urlTemplate":"https:\/\/parlo-italiano.cz\/?s={search_term_string}"},"query-input":{"@type":"PropertyValueSpecification","valueRequired":true,"valueName":"search_term_string"}}],"inLanguage":"cs"},{"@type":"Organization","@id":"https:\/\/parlo-italiano.cz\/#organization","name":"Istituto Italiano di Cultura Praga","url":"https:\/\/parlo-italiano.cz\/","logo":{"@type":"ImageObject","inLanguage":"cs","@id":"https:\/\/parlo-italiano.cz\/#\/schema\/logo\/image\/","url":"https:\/\/parlo-italiano.cz\/wp-content\/uploads\/2020\/03\/logo_iic.png","contentUrl":"https:\/\/parlo-italiano.cz\/wp-content\/uploads\/2020\/03\/logo_iic.png","width":230,"height":130,"caption":"Istituto Italiano di Cultura Praga"},"image":{"@id":"https:\/\/parlo-italiano.cz\/#\/schema\/logo\/image\/"}}]}},"_links":{"self":[{"href":"https:\/\/parlo-italiano.cz\/cs\/wp-json\/wp\/v2\/product\/15530","targetHints":{"allow":["GET"]}}],"collection":[{"href":"https:\/\/parlo-italiano.cz\/cs\/wp-json\/wp\/v2\/product"}],"about":[{"href":"https:\/\/parlo-italiano.cz\/cs\/wp-json\/wp\/v2\/types\/product"}],"wp:featuredmedia":[{"embeddable":true,"href":"https:\/\/parlo-italiano.cz\/cs\/wp-json\/wp\/v2\/media\/20165"}],"wp:attachment":[{"href":"https:\/\/parlo-italiano.cz\/cs\/wp-json\/wp\/v2\/media?parent=15530"}],"wp:term":[{"taxonomy":"product_brand","embeddable":true,"href":"https:\/\/parlo-italiano.cz\/cs\/wp-json\/wp\/v2\/product_brand?post=15530"},{"taxonomy":"product_cat","embeddable":true,"href":"https:\/\/parlo-italiano.cz\/cs\/wp-json\/wp\/v2\/product_cat?post=15530"},{"taxonomy":"product_tag","embeddable":true,"href":"https:\/\/parlo-italiano.cz\/cs\/wp-json\/wp\/v2\/product_tag?post=15530"}],"curies":[{"name":"wp","href":"https:\/\/api.w.org\/{rel}","templated":true}]}}