{"id":15635,"date":"2020-07-31T06:54:11","date_gmt":"2020-07-31T06:54:11","guid":{"rendered":"https:\/\/parlo-italiano.com\/nezarazene\/c1-standardni\/"},"modified":"2025-12-01T15:19:39","modified_gmt":"2025-12-01T14:19:39","slug":"c1-standardni","status":"publish","type":"product","link":"https:\/\/parlo-italiano.cz\/cs\/kategorie-standardni-kurzy\/c1-standardni\/","title":{"rendered":"C1 Standardn\u00ed"},"content":{"rendered":"<p>Podle SERR je \u00farove\u0148 C1 pokro\u010dilou \u00farovn\u00ed \u00da\u010dinnost. Na t\u00e9to \u00farovni je student schopen porozum\u011bt \u0161irok\u00e9mu spektru komplexn\u00edch a dlouh\u00fdch text\u016f a dok\u00e1\u017ee rozpoznat jejich implicitn\u00ed v\u00fdznam. Vyjad\u0159uje se p\u0159irozen\u011b a hladce. Flexibiln\u011b a efektivn\u011b pou\u017e\u00edv\u00e1 jazyk pro soci\u00e1ln\u00ed, profesn\u00ed a akademick\u00e9 \u00fa\u010dely. Um\u00ed vytv\u00e1\u0159et jasn\u00e9, dob\u0159e konstruovan\u00e9 a artikulovan\u00e9 texty o slo\u017eit\u00fdch t\u00e9matech, ovl\u00e1d\u00e1 struktury \u0159e\u010di a mechanismy soudr\u017enosti jazyka.<\/p>\n<p>V na\u0161ich kurzech trv\u00e1 90 hodin a je rozd\u011blena na pod\u00farovn\u011b C1a, C1b, C1c.<\/p>\n","protected":false},"excerpt":{"rendered":"<p><strong>\u00darove\u0148<\/strong><span>: C1 \u2013 pokro\u010dil\u00fd<\/span><br \/>\n<strong>Frekvence<\/strong><span>: 1x t\u00fddn\u011b<\/span><br \/>\n<strong>Cena za 14 lekc\u00ed (= 28 hodin)<\/strong><span>: 5 750 K\u010c<\/span><\/p>\n<p><span>Vyberte pod\u00farove\u0148<\/span> <strong>C1a<\/strong><span> <\/span>\/<span> <\/span><strong>C1b<\/strong><span> <\/span>\/<strong> C1c<\/strong><span> <\/span><span>na z\u00e1klad\u011b vstupn\u00edho testu a\/nebo pokud v\u00e1m tato \u00farove\u0148 byla p\u0159id\u011blena u\u010ditelem.<\/span><\/p>\n<p><a href=\"https:\/\/parlo-italiano.cz\/en\/books\/textbook-c1\/\" target=\"_blank\" rel=\"noopener\"><strong>Nuovo Espresso 5<\/strong><\/a> <span>je vy\u017eadov\u00e1na pro pod\u00farovn\u011b C1a a C1b<br \/>\n<a href=\"https:\/\/parlo-italiano.cz\/cs\/ucebnice\/nase-ucebnice-c2\/\" target=\"_blank\" rel=\"noopener\"><strong>Nuovo Espresso 6<\/strong><\/a> je vy\u017eadov\u00e1na pro pod\u00farove\u0148 C1c<br \/>\n<\/span><span>Pokud si u\u010debnici zakoup\u00edte z na\u0161eho eshopu, bude v\u00e1m p\u0159ed\u00e1na vyu\u010duj\u00edc\u00edm na prvn\u00ed lekci.<\/span><\/p>\n","protected":false},"featured_media":20183,"template":"","meta":[],"product_brand":[],"product_cat":[230],"product_tag":[272],"class_list":{"0":"post-15635","1":"product","2":"type-product","3":"status-publish","4":"has-post-thumbnail","6":"product_cat-kategorie-standardni-kurzy","7":"product_tag-c1-standard-cs","9":"first","10":"instock","11":"sold-individually","12":"shipping-taxable","13":"purchasable","14":"product-type-variable"},"yoast_head":"<!-- This site is optimized with the Yoast SEO plugin v27.3 - https:\/\/yoast.com\/product\/yoast-seo-wordpress\/ -->\n<title>C1 Standardn\u00ed - Parlo Italiano<\/title>\n<meta name=\"robots\" content=\"index, follow, max-snippet:-1, max-image-preview:large, max-video-preview:-1\" \/>\n<link rel=\"canonical\" href=\"https:\/\/parlo-italiano.cz\/cs\/kategorie-standardni-kurzy\/c1-standardni\/\" \/>\n<meta property=\"og:locale\" content=\"cs_CZ\" \/>\n<meta property=\"og:type\" content=\"article\" \/>\n<meta property=\"og:title\" content=\"C1 Standardn\u00ed - Parlo Italiano\" \/>\n<meta property=\"og:description\" content=\"\u00darove\u0148: C1 \u2013 pokro\u010dil\u00fd Frekvence: 1x t\u00fddn\u011b Cena za 14 lekc\u00ed (= 28 hodin): 5 750 K\u010c  Vyberte pod\u00farove\u0148 C1a \/ C1b \/ C1c na z\u00e1klad\u011b vstupn\u00edho testu a\/nebo pokud v\u00e1m tato \u00farove\u0148 byla p\u0159id\u011blena u\u010ditelem.  Nuovo Espresso 5 je vy\u017eadov\u00e1na pro pod\u00farovn\u011b C1a a C1b Nuovo Espresso 6 je vy\u017eadov\u00e1na pro pod\u00farove\u0148 C1c Pokud si u\u010debnici zakoup\u00edte z na\u0161eho eshopu, bude v\u00e1m p\u0159ed\u00e1na vyu\u010duj\u00edc\u00edm na prvn\u00ed lekci.\" \/>\n<meta property=\"og:url\" content=\"https:\/\/parlo-italiano.cz\/cs\/kategorie-standardni-kurzy\/c1-standardni\/\" \/>\n<meta property=\"og:site_name\" content=\"Parlo Italiano\" \/>\n<meta property=\"article:modified_time\" content=\"2025-12-01T14:19:39+00:00\" \/>\n<meta property=\"og:image\" content=\"https:\/\/parlo-italiano.cz\/wp-content\/uploads\/2020\/07\/pescara-scaled.jpg\" \/>\n\t<meta property=\"og:image:width\" content=\"2560\" \/>\n\t<meta property=\"og:image:height\" content=\"1920\" \/>\n\t<meta property=\"og:image:type\" content=\"image\/jpeg\" \/>\n<meta name=\"twitter:card\" content=\"summary_large_image\" \/>\n<meta name=\"twitter:label1\" content=\"Odhadovan\u00e1 doba \u010dten\u00ed\" \/>\n\t<meta name=\"twitter:data1\" content=\"1 minuta\" \/>\n<script type=\"application\/ld+json\" class=\"yoast-schema-graph\">{\"@context\":\"https:\\\/\\\/schema.org\",\"@graph\":[{\"@type\":\"WebPage\",\"@id\":\"https:\\\/\\\/parlo-italiano.cz\\\/cs\\\/kategorie-standardni-kurzy\\\/c1-standardni\\\/\",\"url\":\"https:\\\/\\\/parlo-italiano.cz\\\/cs\\\/kategorie-standardni-kurzy\\\/c1-standardni\\\/\",\"name\":\"C1 Standardn\u00ed - Parlo Italiano\",\"isPartOf\":{\"@id\":\"https:\\\/\\\/parlo-italiano.cz\\\/#website\"},\"primaryImageOfPage\":{\"@id\":\"https:\\\/\\\/parlo-italiano.cz\\\/cs\\\/kategorie-standardni-kurzy\\\/c1-standardni\\\/#primaryimage\"},\"image\":{\"@id\":\"https:\\\/\\\/parlo-italiano.cz\\\/cs\\\/kategorie-standardni-kurzy\\\/c1-standardni\\\/#primaryimage\"},\"thumbnailUrl\":\"https:\\\/\\\/parlo-italiano.cz\\\/wp-content\\\/uploads\\\/2020\\\/07\\\/pescara-scaled.jpg\",\"datePublished\":\"2020-07-31T06:54:11+00:00\",\"dateModified\":\"2025-12-01T14:19:39+00:00\",\"breadcrumb\":{\"@id\":\"https:\\\/\\\/parlo-italiano.cz\\\/cs\\\/kategorie-standardni-kurzy\\\/c1-standardni\\\/#breadcrumb\"},\"inLanguage\":\"cs\",\"potentialAction\":[{\"@type\":\"ReadAction\",\"target\":[\"https:\\\/\\\/parlo-italiano.cz\\\/cs\\\/kategorie-standardni-kurzy\\\/c1-standardni\\\/\"]}]},{\"@type\":\"ImageObject\",\"inLanguage\":\"cs\",\"@id\":\"https:\\\/\\\/parlo-italiano.cz\\\/cs\\\/kategorie-standardni-kurzy\\\/c1-standardni\\\/#primaryimage\",\"url\":\"https:\\\/\\\/parlo-italiano.cz\\\/wp-content\\\/uploads\\\/2020\\\/07\\\/pescara-scaled.jpg\",\"contentUrl\":\"https:\\\/\\\/parlo-italiano.cz\\\/wp-content\\\/uploads\\\/2020\\\/07\\\/pescara-scaled.jpg\",\"width\":2560,\"height\":1920,\"caption\":\"OLYMPUS DIGITAL CAMERA\"},{\"@type\":\"BreadcrumbList\",\"@id\":\"https:\\\/\\\/parlo-italiano.cz\\\/cs\\\/kategorie-standardni-kurzy\\\/c1-standardni\\\/#breadcrumb\",\"itemListElement\":[{\"@type\":\"ListItem\",\"position\":1,\"name\":\"Home\",\"item\":\"https:\\\/\\\/parlo-italiano.cz\\\/cs\\\/\"},{\"@type\":\"ListItem\",\"position\":2,\"name\":\"Kurzy\",\"item\":\"https:\\\/\\\/parlo-italiano.cz\\\/cs\\\/kurzy\\\/\"},{\"@type\":\"ListItem\",\"position\":3,\"name\":\"C1 Standardn\u00ed\"}]},{\"@type\":\"WebSite\",\"@id\":\"https:\\\/\\\/parlo-italiano.cz\\\/#website\",\"url\":\"https:\\\/\\\/parlo-italiano.cz\\\/\",\"name\":\"Parlo Italiano\",\"description\":\"Corsi di lingua italiana\",\"publisher\":{\"@id\":\"https:\\\/\\\/parlo-italiano.cz\\\/#organization\"},\"potentialAction\":[{\"@type\":\"SearchAction\",\"target\":{\"@type\":\"EntryPoint\",\"urlTemplate\":\"https:\\\/\\\/parlo-italiano.cz\\\/?s={search_term_string}\"},\"query-input\":{\"@type\":\"PropertyValueSpecification\",\"valueRequired\":true,\"valueName\":\"search_term_string\"}}],\"inLanguage\":\"cs\"},{\"@type\":\"Organization\",\"@id\":\"https:\\\/\\\/parlo-italiano.cz\\\/#organization\",\"name\":\"Istituto Italiano di Cultura Praga\",\"url\":\"https:\\\/\\\/parlo-italiano.cz\\\/\",\"logo\":{\"@type\":\"ImageObject\",\"inLanguage\":\"cs\",\"@id\":\"https:\\\/\\\/parlo-italiano.cz\\\/#\\\/schema\\\/logo\\\/image\\\/\",\"url\":\"https:\\\/\\\/parlo-italiano.cz\\\/wp-content\\\/uploads\\\/2020\\\/03\\\/logo_iic.png\",\"contentUrl\":\"https:\\\/\\\/parlo-italiano.cz\\\/wp-content\\\/uploads\\\/2020\\\/03\\\/logo_iic.png\",\"width\":230,\"height\":130,\"caption\":\"Istituto Italiano di Cultura Praga\"},\"image\":{\"@id\":\"https:\\\/\\\/parlo-italiano.cz\\\/#\\\/schema\\\/logo\\\/image\\\/\"}}]}<\/script>\n<!-- \/ Yoast SEO plugin. -->","yoast_head_json":{"title":"C1 Standardn\u00ed - Parlo Italiano","robots":{"index":"index","follow":"follow","max-snippet":"max-snippet:-1","max-image-preview":"max-image-preview:large","max-video-preview":"max-video-preview:-1"},"canonical":"https:\/\/parlo-italiano.cz\/cs\/kategorie-standardni-kurzy\/c1-standardni\/","og_locale":"cs_CZ","og_type":"article","og_title":"C1 Standardn\u00ed - Parlo Italiano","og_description":"\u00darove\u0148: C1 \u2013 pokro\u010dil\u00fd Frekvence: 1x t\u00fddn\u011b Cena za 14 lekc\u00ed (= 28 hodin): 5 750 K\u010c  Vyberte pod\u00farove\u0148 C1a \/ C1b \/ C1c na z\u00e1klad\u011b vstupn\u00edho testu a\/nebo pokud v\u00e1m tato \u00farove\u0148 byla p\u0159id\u011blena u\u010ditelem.  Nuovo Espresso 5 je vy\u017eadov\u00e1na pro pod\u00farovn\u011b C1a a C1b Nuovo Espresso 6 je vy\u017eadov\u00e1na pro pod\u00farove\u0148 C1c Pokud si u\u010debnici zakoup\u00edte z na\u0161eho eshopu, bude v\u00e1m p\u0159ed\u00e1na vyu\u010duj\u00edc\u00edm na prvn\u00ed lekci.","og_url":"https:\/\/parlo-italiano.cz\/cs\/kategorie-standardni-kurzy\/c1-standardni\/","og_site_name":"Parlo Italiano","article_modified_time":"2025-12-01T14:19:39+00:00","og_image":[{"width":2560,"height":1920,"url":"https:\/\/parlo-italiano.cz\/wp-content\/uploads\/2020\/07\/pescara-scaled.jpg","type":"image\/jpeg"}],"twitter_card":"summary_large_image","twitter_misc":{"Odhadovan\u00e1 doba \u010dten\u00ed":"1 minuta"},"schema":{"@context":"https:\/\/schema.org","@graph":[{"@type":"WebPage","@id":"https:\/\/parlo-italiano.cz\/cs\/kategorie-standardni-kurzy\/c1-standardni\/","url":"https:\/\/parlo-italiano.cz\/cs\/kategorie-standardni-kurzy\/c1-standardni\/","name":"C1 Standardn\u00ed - Parlo Italiano","isPartOf":{"@id":"https:\/\/parlo-italiano.cz\/#website"},"primaryImageOfPage":{"@id":"https:\/\/parlo-italiano.cz\/cs\/kategorie-standardni-kurzy\/c1-standardni\/#primaryimage"},"image":{"@id":"https:\/\/parlo-italiano.cz\/cs\/kategorie-standardni-kurzy\/c1-standardni\/#primaryimage"},"thumbnailUrl":"https:\/\/parlo-italiano.cz\/wp-content\/uploads\/2020\/07\/pescara-scaled.jpg","datePublished":"2020-07-31T06:54:11+00:00","dateModified":"2025-12-01T14:19:39+00:00","breadcrumb":{"@id":"https:\/\/parlo-italiano.cz\/cs\/kategorie-standardni-kurzy\/c1-standardni\/#breadcrumb"},"inLanguage":"cs","potentialAction":[{"@type":"ReadAction","target":["https:\/\/parlo-italiano.cz\/cs\/kategorie-standardni-kurzy\/c1-standardni\/"]}]},{"@type":"ImageObject","inLanguage":"cs","@id":"https:\/\/parlo-italiano.cz\/cs\/kategorie-standardni-kurzy\/c1-standardni\/#primaryimage","url":"https:\/\/parlo-italiano.cz\/wp-content\/uploads\/2020\/07\/pescara-scaled.jpg","contentUrl":"https:\/\/parlo-italiano.cz\/wp-content\/uploads\/2020\/07\/pescara-scaled.jpg","width":2560,"height":1920,"caption":"OLYMPUS DIGITAL CAMERA"},{"@type":"BreadcrumbList","@id":"https:\/\/parlo-italiano.cz\/cs\/kategorie-standardni-kurzy\/c1-standardni\/#breadcrumb","itemListElement":[{"@type":"ListItem","position":1,"name":"Home","item":"https:\/\/parlo-italiano.cz\/cs\/"},{"@type":"ListItem","position":2,"name":"Kurzy","item":"https:\/\/parlo-italiano.cz\/cs\/kurzy\/"},{"@type":"ListItem","position":3,"name":"C1 Standardn\u00ed"}]},{"@type":"WebSite","@id":"https:\/\/parlo-italiano.cz\/#website","url":"https:\/\/parlo-italiano.cz\/","name":"Parlo Italiano","description":"Corsi di lingua italiana","publisher":{"@id":"https:\/\/parlo-italiano.cz\/#organization"},"potentialAction":[{"@type":"SearchAction","target":{"@type":"EntryPoint","urlTemplate":"https:\/\/parlo-italiano.cz\/?s={search_term_string}"},"query-input":{"@type":"PropertyValueSpecification","valueRequired":true,"valueName":"search_term_string"}}],"inLanguage":"cs"},{"@type":"Organization","@id":"https:\/\/parlo-italiano.cz\/#organization","name":"Istituto Italiano di Cultura Praga","url":"https:\/\/parlo-italiano.cz\/","logo":{"@type":"ImageObject","inLanguage":"cs","@id":"https:\/\/parlo-italiano.cz\/#\/schema\/logo\/image\/","url":"https:\/\/parlo-italiano.cz\/wp-content\/uploads\/2020\/03\/logo_iic.png","contentUrl":"https:\/\/parlo-italiano.cz\/wp-content\/uploads\/2020\/03\/logo_iic.png","width":230,"height":130,"caption":"Istituto Italiano di Cultura Praga"},"image":{"@id":"https:\/\/parlo-italiano.cz\/#\/schema\/logo\/image\/"}}]}},"_links":{"self":[{"href":"https:\/\/parlo-italiano.cz\/cs\/wp-json\/wp\/v2\/product\/15635","targetHints":{"allow":["GET"]}}],"collection":[{"href":"https:\/\/parlo-italiano.cz\/cs\/wp-json\/wp\/v2\/product"}],"about":[{"href":"https:\/\/parlo-italiano.cz\/cs\/wp-json\/wp\/v2\/types\/product"}],"wp:featuredmedia":[{"embeddable":true,"href":"https:\/\/parlo-italiano.cz\/cs\/wp-json\/wp\/v2\/media\/20183"}],"wp:attachment":[{"href":"https:\/\/parlo-italiano.cz\/cs\/wp-json\/wp\/v2\/media?parent=15635"}],"wp:term":[{"taxonomy":"product_brand","embeddable":true,"href":"https:\/\/parlo-italiano.cz\/cs\/wp-json\/wp\/v2\/product_brand?post=15635"},{"taxonomy":"product_cat","embeddable":true,"href":"https:\/\/parlo-italiano.cz\/cs\/wp-json\/wp\/v2\/product_cat?post=15635"},{"taxonomy":"product_tag","embeddable":true,"href":"https:\/\/parlo-italiano.cz\/cs\/wp-json\/wp\/v2\/product_tag?post=15635"}],"curies":[{"name":"wp","href":"https:\/\/api.w.org\/{rel}","templated":true}]}}