{"id":15895,"date":"2020-08-04T11:23:06","date_gmt":"2020-08-04T11:23:06","guid":{"rendered":"https:\/\/parlo-italiano.com\/nezarazene\/hatha-joga-v-italstine\/"},"modified":"2024-08-27T21:49:36","modified_gmt":"2024-08-27T19:49:36","slug":"hatha-joga-v-italstine","status":"publish","type":"product","link":"https:\/\/parlo-italiano.cz\/cs\/kategorie-specialni-kurzy\/hatha-joga-v-italstine\/","title":{"rendered":"Hatha joga v ital\u0161tin\u011b"},"content":{"rendered":"<p>Kurz nab\u00edz\u00ed jednu 60-minutovou lekci za t\u00fdden, celkem 12 lekc\u00ed, b\u011bhem kter\u00fdch si \u00fa\u010dastn\u00edci za\u010dnou uv\u011bdomovat cvi\u010den\u00ed a osvoj\u00ed si n\u00e1vyky, aby si mohli zacvi\u010dit i doma a nau\u010dili se naslouchat sv\u00e9mu t\u011blu.<br \/>\nAs\u00e1ny, kter\u00e9 budeme cvi\u010dit, jsou z\u00e1kladn\u00ed, ale zahrnuj\u00ed v\u0161echny skupiny pozic. Stoj\u00edc\u00ed pozice ke stimulaci v\u011bt\u0161\u00ed d\u016fv\u011bry p\u0159i uzemn\u011bn\u00ed. Oh\u00fdb\u00e1n\u00ed a kroucen\u00ed p\u00e1te\u0159e stimuluj\u00ed pohyblivost p\u00e1te\u0159e a p\u00e1nve. Jednoduch\u00e1 protahov\u00e1n\u00ed trupu pos\u00edl\u00ed z\u00e1dov\u00e9 svaly a umo\u017en\u00ed nov\u00e9 otev\u0159en\u00ed hrudn\u00ed oblasti.<br \/>\nBudou p\u0159edstaveny techniky Pranayama a Yoga Nidra a d\u016fraz bude kladen na anatomicko-fyziologick\u00e9 aspekty a prosp\u011b\u0161nost pozic.<br \/>\nCvi\u010den\u00ed je radostn\u00e9, t\u0159eba\u017ee disciplinovan\u00e9, stimuluj\u00edc\u00ed, ale nikoli sout\u011b\u017eiv\u00e9, respektuj\u00edc\u00ed osoby, m\u00edsto, poselstv\u00ed a samotn\u00e9 cvi\u010den\u00ed.<\/p>\n<p>Ka\u017ed\u00e9 \u00fater\u00fd v 18:30 hod.<\/p>\n","protected":false},"excerpt":{"rendered":"<p>Kurz nab\u00edz\u00ed jednu 60-minutovou lekci za t\u00fdden, celkem 12 lekc\u00ed, b\u011bhem kter\u00fdch si \u00fa\u010dastn\u00edci za\u010dnou uv\u011bdomovat cvi\u010den\u00ed a osvoj\u00ed si n\u00e1vyky, aby si mohli zacvi\u010dit i doma a nau\u010dili se naslouchat sv\u00e9mu t\u011blu. As\u00e1ny, kter\u00e9 budeme cvi\u010dit, jsou z\u00e1kladn\u00ed, ale zahrnuj\u00ed v\u0161echny skupiny pozic. Stoj\u00edc\u00ed pozice ke stimulaci v\u011bt\u0161\u00ed d\u016fv\u011bry<\/p>\n","protected":false},"featured_media":15650,"template":"","meta":[],"product_brand":[],"product_cat":[205],"product_tag":[],"class_list":{"0":"post-15895","1":"product","2":"type-product","3":"status-publish","4":"has-post-thumbnail","6":"product_cat-kategorie-specialni-kurzy","8":"first","9":"outofstock","10":"virtual","11":"sold-individually","12":"purchasable","13":"product-type-simple"},"yoast_head":"<!-- This site is optimized with the Yoast SEO plugin v27.3 - https:\/\/yoast.com\/product\/yoast-seo-wordpress\/ -->\n<title>Hatha joga v ital\u0161tin\u011b - Parlo Italiano<\/title>\n<meta name=\"robots\" content=\"index, follow, max-snippet:-1, max-image-preview:large, max-video-preview:-1\" \/>\n<link rel=\"canonical\" href=\"https:\/\/parlo-italiano.cz\/cs\/kategorie-specialni-kurzy\/hatha-joga-v-italstine\/\" \/>\n<meta property=\"og:locale\" content=\"cs_CZ\" \/>\n<meta property=\"og:type\" content=\"article\" \/>\n<meta property=\"og:title\" content=\"Hatha joga v ital\u0161tin\u011b - Parlo Italiano\" \/>\n<meta property=\"og:description\" content=\"Kurz nab\u00edz\u00ed jednu 60-minutovou lekci za t\u00fdden, celkem 12 lekc\u00ed, b\u011bhem kter\u00fdch si \u00fa\u010dastn\u00edci za\u010dnou uv\u011bdomovat cvi\u010den\u00ed a osvoj\u00ed si n\u00e1vyky, aby si mohli zacvi\u010dit i doma a nau\u010dili se naslouchat sv\u00e9mu t\u011blu. As\u00e1ny, kter\u00e9 budeme cvi\u010dit, jsou z\u00e1kladn\u00ed, ale zahrnuj\u00ed v\u0161echny skupiny pozic. Stoj\u00edc\u00ed pozice ke stimulaci v\u011bt\u0161\u00ed d\u016fv\u011bry\" \/>\n<meta property=\"og:url\" content=\"https:\/\/parlo-italiano.cz\/cs\/kategorie-specialni-kurzy\/hatha-joga-v-italstine\/\" \/>\n<meta property=\"og:site_name\" content=\"Parlo Italiano\" \/>\n<meta property=\"article:modified_time\" content=\"2024-08-27T19:49:36+00:00\" \/>\n<meta property=\"og:image\" content=\"https:\/\/parlo-italiano.cz\/wp-content\/uploads\/2020\/08\/zingaro3-scaled.jpg\" \/>\n\t<meta property=\"og:image:width\" content=\"2560\" \/>\n\t<meta property=\"og:image:height\" content=\"1707\" \/>\n\t<meta property=\"og:image:type\" content=\"image\/jpeg\" \/>\n<meta name=\"twitter:card\" content=\"summary_large_image\" \/>\n<meta name=\"twitter:label1\" content=\"Odhadovan\u00e1 doba \u010dten\u00ed\" \/>\n\t<meta name=\"twitter:data1\" content=\"1 minuta\" \/>\n<script type=\"application\/ld+json\" class=\"yoast-schema-graph\">{\"@context\":\"https:\\\/\\\/schema.org\",\"@graph\":[{\"@type\":\"WebPage\",\"@id\":\"https:\\\/\\\/parlo-italiano.cz\\\/cs\\\/kategorie-specialni-kurzy\\\/hatha-joga-v-italstine\\\/\",\"url\":\"https:\\\/\\\/parlo-italiano.cz\\\/cs\\\/kategorie-specialni-kurzy\\\/hatha-joga-v-italstine\\\/\",\"name\":\"Hatha joga v ital\u0161tin\u011b - Parlo Italiano\",\"isPartOf\":{\"@id\":\"https:\\\/\\\/parlo-italiano.cz\\\/#website\"},\"primaryImageOfPage\":{\"@id\":\"https:\\\/\\\/parlo-italiano.cz\\\/cs\\\/kategorie-specialni-kurzy\\\/hatha-joga-v-italstine\\\/#primaryimage\"},\"image\":{\"@id\":\"https:\\\/\\\/parlo-italiano.cz\\\/cs\\\/kategorie-specialni-kurzy\\\/hatha-joga-v-italstine\\\/#primaryimage\"},\"thumbnailUrl\":\"https:\\\/\\\/parlo-italiano.cz\\\/wp-content\\\/uploads\\\/2020\\\/08\\\/zingaro3-scaled.jpg\",\"datePublished\":\"2020-08-04T11:23:06+00:00\",\"dateModified\":\"2024-08-27T19:49:36+00:00\",\"breadcrumb\":{\"@id\":\"https:\\\/\\\/parlo-italiano.cz\\\/cs\\\/kategorie-specialni-kurzy\\\/hatha-joga-v-italstine\\\/#breadcrumb\"},\"inLanguage\":\"cs\",\"potentialAction\":[{\"@type\":\"ReadAction\",\"target\":[\"https:\\\/\\\/parlo-italiano.cz\\\/cs\\\/kategorie-specialni-kurzy\\\/hatha-joga-v-italstine\\\/\"]}]},{\"@type\":\"ImageObject\",\"inLanguage\":\"cs\",\"@id\":\"https:\\\/\\\/parlo-italiano.cz\\\/cs\\\/kategorie-specialni-kurzy\\\/hatha-joga-v-italstine\\\/#primaryimage\",\"url\":\"https:\\\/\\\/parlo-italiano.cz\\\/wp-content\\\/uploads\\\/2020\\\/08\\\/zingaro3-scaled.jpg\",\"contentUrl\":\"https:\\\/\\\/parlo-italiano.cz\\\/wp-content\\\/uploads\\\/2020\\\/08\\\/zingaro3-scaled.jpg\",\"width\":2560,\"height\":1707},{\"@type\":\"BreadcrumbList\",\"@id\":\"https:\\\/\\\/parlo-italiano.cz\\\/cs\\\/kategorie-specialni-kurzy\\\/hatha-joga-v-italstine\\\/#breadcrumb\",\"itemListElement\":[{\"@type\":\"ListItem\",\"position\":1,\"name\":\"Home\",\"item\":\"https:\\\/\\\/parlo-italiano.cz\\\/cs\\\/\"},{\"@type\":\"ListItem\",\"position\":2,\"name\":\"Kurzy\",\"item\":\"https:\\\/\\\/parlo-italiano.cz\\\/cs\\\/kurzy\\\/\"},{\"@type\":\"ListItem\",\"position\":3,\"name\":\"Hatha joga v ital\u0161tin\u011b\"}]},{\"@type\":\"WebSite\",\"@id\":\"https:\\\/\\\/parlo-italiano.cz\\\/#website\",\"url\":\"https:\\\/\\\/parlo-italiano.cz\\\/\",\"name\":\"Parlo Italiano\",\"description\":\"Corsi di lingua italiana\",\"publisher\":{\"@id\":\"https:\\\/\\\/parlo-italiano.cz\\\/#organization\"},\"potentialAction\":[{\"@type\":\"SearchAction\",\"target\":{\"@type\":\"EntryPoint\",\"urlTemplate\":\"https:\\\/\\\/parlo-italiano.cz\\\/?s={search_term_string}\"},\"query-input\":{\"@type\":\"PropertyValueSpecification\",\"valueRequired\":true,\"valueName\":\"search_term_string\"}}],\"inLanguage\":\"cs\"},{\"@type\":\"Organization\",\"@id\":\"https:\\\/\\\/parlo-italiano.cz\\\/#organization\",\"name\":\"Istituto Italiano di Cultura Praga\",\"url\":\"https:\\\/\\\/parlo-italiano.cz\\\/\",\"logo\":{\"@type\":\"ImageObject\",\"inLanguage\":\"cs\",\"@id\":\"https:\\\/\\\/parlo-italiano.cz\\\/#\\\/schema\\\/logo\\\/image\\\/\",\"url\":\"https:\\\/\\\/parlo-italiano.cz\\\/wp-content\\\/uploads\\\/2020\\\/03\\\/logo_iic.png\",\"contentUrl\":\"https:\\\/\\\/parlo-italiano.cz\\\/wp-content\\\/uploads\\\/2020\\\/03\\\/logo_iic.png\",\"width\":230,\"height\":130,\"caption\":\"Istituto Italiano di Cultura Praga\"},\"image\":{\"@id\":\"https:\\\/\\\/parlo-italiano.cz\\\/#\\\/schema\\\/logo\\\/image\\\/\"}}]}<\/script>\n<!-- \/ Yoast SEO plugin. -->","yoast_head_json":{"title":"Hatha joga v ital\u0161tin\u011b - Parlo Italiano","robots":{"index":"index","follow":"follow","max-snippet":"max-snippet:-1","max-image-preview":"max-image-preview:large","max-video-preview":"max-video-preview:-1"},"canonical":"https:\/\/parlo-italiano.cz\/cs\/kategorie-specialni-kurzy\/hatha-joga-v-italstine\/","og_locale":"cs_CZ","og_type":"article","og_title":"Hatha joga v ital\u0161tin\u011b - Parlo Italiano","og_description":"Kurz nab\u00edz\u00ed jednu 60-minutovou lekci za t\u00fdden, celkem 12 lekc\u00ed, b\u011bhem kter\u00fdch si \u00fa\u010dastn\u00edci za\u010dnou uv\u011bdomovat cvi\u010den\u00ed a osvoj\u00ed si n\u00e1vyky, aby si mohli zacvi\u010dit i doma a nau\u010dili se naslouchat sv\u00e9mu t\u011blu. As\u00e1ny, kter\u00e9 budeme cvi\u010dit, jsou z\u00e1kladn\u00ed, ale zahrnuj\u00ed v\u0161echny skupiny pozic. Stoj\u00edc\u00ed pozice ke stimulaci v\u011bt\u0161\u00ed d\u016fv\u011bry","og_url":"https:\/\/parlo-italiano.cz\/cs\/kategorie-specialni-kurzy\/hatha-joga-v-italstine\/","og_site_name":"Parlo Italiano","article_modified_time":"2024-08-27T19:49:36+00:00","og_image":[{"width":2560,"height":1707,"url":"https:\/\/parlo-italiano.cz\/wp-content\/uploads\/2020\/08\/zingaro3-scaled.jpg","type":"image\/jpeg"}],"twitter_card":"summary_large_image","twitter_misc":{"Odhadovan\u00e1 doba \u010dten\u00ed":"1 minuta"},"schema":{"@context":"https:\/\/schema.org","@graph":[{"@type":"WebPage","@id":"https:\/\/parlo-italiano.cz\/cs\/kategorie-specialni-kurzy\/hatha-joga-v-italstine\/","url":"https:\/\/parlo-italiano.cz\/cs\/kategorie-specialni-kurzy\/hatha-joga-v-italstine\/","name":"Hatha joga v ital\u0161tin\u011b - Parlo Italiano","isPartOf":{"@id":"https:\/\/parlo-italiano.cz\/#website"},"primaryImageOfPage":{"@id":"https:\/\/parlo-italiano.cz\/cs\/kategorie-specialni-kurzy\/hatha-joga-v-italstine\/#primaryimage"},"image":{"@id":"https:\/\/parlo-italiano.cz\/cs\/kategorie-specialni-kurzy\/hatha-joga-v-italstine\/#primaryimage"},"thumbnailUrl":"https:\/\/parlo-italiano.cz\/wp-content\/uploads\/2020\/08\/zingaro3-scaled.jpg","datePublished":"2020-08-04T11:23:06+00:00","dateModified":"2024-08-27T19:49:36+00:00","breadcrumb":{"@id":"https:\/\/parlo-italiano.cz\/cs\/kategorie-specialni-kurzy\/hatha-joga-v-italstine\/#breadcrumb"},"inLanguage":"cs","potentialAction":[{"@type":"ReadAction","target":["https:\/\/parlo-italiano.cz\/cs\/kategorie-specialni-kurzy\/hatha-joga-v-italstine\/"]}]},{"@type":"ImageObject","inLanguage":"cs","@id":"https:\/\/parlo-italiano.cz\/cs\/kategorie-specialni-kurzy\/hatha-joga-v-italstine\/#primaryimage","url":"https:\/\/parlo-italiano.cz\/wp-content\/uploads\/2020\/08\/zingaro3-scaled.jpg","contentUrl":"https:\/\/parlo-italiano.cz\/wp-content\/uploads\/2020\/08\/zingaro3-scaled.jpg","width":2560,"height":1707},{"@type":"BreadcrumbList","@id":"https:\/\/parlo-italiano.cz\/cs\/kategorie-specialni-kurzy\/hatha-joga-v-italstine\/#breadcrumb","itemListElement":[{"@type":"ListItem","position":1,"name":"Home","item":"https:\/\/parlo-italiano.cz\/cs\/"},{"@type":"ListItem","position":2,"name":"Kurzy","item":"https:\/\/parlo-italiano.cz\/cs\/kurzy\/"},{"@type":"ListItem","position":3,"name":"Hatha joga v ital\u0161tin\u011b"}]},{"@type":"WebSite","@id":"https:\/\/parlo-italiano.cz\/#website","url":"https:\/\/parlo-italiano.cz\/","name":"Parlo Italiano","description":"Corsi di lingua italiana","publisher":{"@id":"https:\/\/parlo-italiano.cz\/#organization"},"potentialAction":[{"@type":"SearchAction","target":{"@type":"EntryPoint","urlTemplate":"https:\/\/parlo-italiano.cz\/?s={search_term_string}"},"query-input":{"@type":"PropertyValueSpecification","valueRequired":true,"valueName":"search_term_string"}}],"inLanguage":"cs"},{"@type":"Organization","@id":"https:\/\/parlo-italiano.cz\/#organization","name":"Istituto Italiano di Cultura Praga","url":"https:\/\/parlo-italiano.cz\/","logo":{"@type":"ImageObject","inLanguage":"cs","@id":"https:\/\/parlo-italiano.cz\/#\/schema\/logo\/image\/","url":"https:\/\/parlo-italiano.cz\/wp-content\/uploads\/2020\/03\/logo_iic.png","contentUrl":"https:\/\/parlo-italiano.cz\/wp-content\/uploads\/2020\/03\/logo_iic.png","width":230,"height":130,"caption":"Istituto Italiano di Cultura Praga"},"image":{"@id":"https:\/\/parlo-italiano.cz\/#\/schema\/logo\/image\/"}}]}},"_links":{"self":[{"href":"https:\/\/parlo-italiano.cz\/cs\/wp-json\/wp\/v2\/product\/15895","targetHints":{"allow":["GET"]}}],"collection":[{"href":"https:\/\/parlo-italiano.cz\/cs\/wp-json\/wp\/v2\/product"}],"about":[{"href":"https:\/\/parlo-italiano.cz\/cs\/wp-json\/wp\/v2\/types\/product"}],"wp:featuredmedia":[{"embeddable":true,"href":"https:\/\/parlo-italiano.cz\/cs\/wp-json\/wp\/v2\/media\/15650"}],"wp:attachment":[{"href":"https:\/\/parlo-italiano.cz\/cs\/wp-json\/wp\/v2\/media?parent=15895"}],"wp:term":[{"taxonomy":"product_brand","embeddable":true,"href":"https:\/\/parlo-italiano.cz\/cs\/wp-json\/wp\/v2\/product_brand?post=15895"},{"taxonomy":"product_cat","embeddable":true,"href":"https:\/\/parlo-italiano.cz\/cs\/wp-json\/wp\/v2\/product_cat?post=15895"},{"taxonomy":"product_tag","embeddable":true,"href":"https:\/\/parlo-italiano.cz\/cs\/wp-json\/wp\/v2\/product_tag?post=15895"}],"curies":[{"name":"wp","href":"https:\/\/api.w.org\/{rel}","templated":true}]}}