{"id":15927,"date":"2020-08-03T12:55:23","date_gmt":"2020-08-03T12:55:23","guid":{"rendered":"https:\/\/parlo-italiano.com\/nezarazene\/gramatika-b2\/"},"modified":"2021-12-05T18:30:00","modified_gmt":"2021-12-05T17:30:00","slug":"gramatika-b2","status":"publish","type":"product","link":"https:\/\/parlo-italiano.cz\/cs\/kategorie-specialni-kurzy\/gramatika-b2\/","title":{"rendered":"Gramatika B2+"},"content":{"rendered":"<p>28-hodinov\u00fd kurz rozd\u011blen\u00fd na 14 t\u00fddn\u016f pro \u00farove\u0148 ital\u0161tiny B2, pro ty, kte\u0159\u00ed a\u010dkoliv jsou ji\u017e schopni dob\u0159e hovo\u0159it, pot\u0159ebuj\u00ed pos\u00edlit sv\u00e9 znalosti morfosyntaktick\u00fdch struktur italsk\u00e9ho jazyka.<\/p>\n","protected":false},"excerpt":{"rendered":"<p>28-hodinov\u00fd kurz rozd\u011blen\u00fd na 14 t\u00fddn\u016f pro \u00farove\u0148 ital\u0161tiny B2, pro ty, kte\u0159\u00ed a\u010dkoliv jsou ji\u017e schopni dob\u0159e hovo\u0159it, pot\u0159ebuj\u00ed pos\u00edlit sv\u00e9 znalosti morfosyntaktick\u00fdch struktur italsk\u00e9ho jazyka.<\/p>\n","protected":false},"featured_media":18643,"template":"","meta":[],"product_brand":[],"product_cat":[205],"product_tag":[290],"class_list":{"0":"post-15927","1":"product","2":"type-product","3":"status-publish","4":"has-post-thumbnail","6":"product_cat-kategorie-specialni-kurzy","7":"product_tag-gramatika-b2","9":"first","10":"outofstock","11":"virtual","12":"sold-individually","13":"purchasable","14":"product-type-simple"},"yoast_head":"<!-- This site is optimized with the Yoast SEO plugin v27.3 - https:\/\/yoast.com\/product\/yoast-seo-wordpress\/ -->\n<title>Gramatika B2+ - Parlo Italiano<\/title>\n<meta name=\"robots\" content=\"index, follow, max-snippet:-1, max-image-preview:large, max-video-preview:-1\" \/>\n<link rel=\"canonical\" href=\"https:\/\/parlo-italiano.cz\/cs\/kategorie-specialni-kurzy\/gramatika-b2\/\" \/>\n<meta property=\"og:locale\" content=\"cs_CZ\" \/>\n<meta property=\"og:type\" content=\"article\" \/>\n<meta property=\"og:title\" content=\"Gramatika B2+ - Parlo Italiano\" \/>\n<meta property=\"og:description\" content=\"28-hodinov\u00fd kurz rozd\u011blen\u00fd na 14 t\u00fddn\u016f pro \u00farove\u0148 ital\u0161tiny B2, pro ty, kte\u0159\u00ed a\u010dkoliv jsou ji\u017e schopni dob\u0159e hovo\u0159it, pot\u0159ebuj\u00ed pos\u00edlit sv\u00e9 znalosti morfosyntaktick\u00fdch struktur italsk\u00e9ho jazyka.\" \/>\n<meta property=\"og:url\" content=\"https:\/\/parlo-italiano.cz\/cs\/kategorie-specialni-kurzy\/gramatika-b2\/\" \/>\n<meta property=\"og:site_name\" content=\"Parlo Italiano\" \/>\n<meta property=\"article:modified_time\" content=\"2021-12-05T17:30:00+00:00\" \/>\n<meta property=\"og:image\" content=\"https:\/\/parlo-italiano.cz\/wp-content\/uploads\/2020\/08\/vicenza_1-scaled.jpg\" \/>\n\t<meta property=\"og:image:width\" content=\"2560\" \/>\n\t<meta property=\"og:image:height\" content=\"1920\" \/>\n\t<meta property=\"og:image:type\" content=\"image\/jpeg\" \/>\n<meta name=\"twitter:card\" content=\"summary_large_image\" \/>\n<script type=\"application\/ld+json\" class=\"yoast-schema-graph\">{\"@context\":\"https:\\\/\\\/schema.org\",\"@graph\":[{\"@type\":\"WebPage\",\"@id\":\"https:\\\/\\\/parlo-italiano.cz\\\/cs\\\/kategorie-specialni-kurzy\\\/gramatika-b2\\\/\",\"url\":\"https:\\\/\\\/parlo-italiano.cz\\\/cs\\\/kategorie-specialni-kurzy\\\/gramatika-b2\\\/\",\"name\":\"Gramatika B2+ - Parlo Italiano\",\"isPartOf\":{\"@id\":\"https:\\\/\\\/parlo-italiano.cz\\\/#website\"},\"primaryImageOfPage\":{\"@id\":\"https:\\\/\\\/parlo-italiano.cz\\\/cs\\\/kategorie-specialni-kurzy\\\/gramatika-b2\\\/#primaryimage\"},\"image\":{\"@id\":\"https:\\\/\\\/parlo-italiano.cz\\\/cs\\\/kategorie-specialni-kurzy\\\/gramatika-b2\\\/#primaryimage\"},\"thumbnailUrl\":\"https:\\\/\\\/parlo-italiano.cz\\\/wp-content\\\/uploads\\\/2020\\\/08\\\/vicenza_1-scaled.jpg\",\"datePublished\":\"2020-08-03T12:55:23+00:00\",\"dateModified\":\"2021-12-05T17:30:00+00:00\",\"breadcrumb\":{\"@id\":\"https:\\\/\\\/parlo-italiano.cz\\\/cs\\\/kategorie-specialni-kurzy\\\/gramatika-b2\\\/#breadcrumb\"},\"inLanguage\":\"cs\",\"potentialAction\":[{\"@type\":\"ReadAction\",\"target\":[\"https:\\\/\\\/parlo-italiano.cz\\\/cs\\\/kategorie-specialni-kurzy\\\/gramatika-b2\\\/\"]}]},{\"@type\":\"ImageObject\",\"inLanguage\":\"cs\",\"@id\":\"https:\\\/\\\/parlo-italiano.cz\\\/cs\\\/kategorie-specialni-kurzy\\\/gramatika-b2\\\/#primaryimage\",\"url\":\"https:\\\/\\\/parlo-italiano.cz\\\/wp-content\\\/uploads\\\/2020\\\/08\\\/vicenza_1-scaled.jpg\",\"contentUrl\":\"https:\\\/\\\/parlo-italiano.cz\\\/wp-content\\\/uploads\\\/2020\\\/08\\\/vicenza_1-scaled.jpg\",\"width\":2560,\"height\":1920,\"caption\":\"OLYMPUS DIGITAL CAMERA\"},{\"@type\":\"BreadcrumbList\",\"@id\":\"https:\\\/\\\/parlo-italiano.cz\\\/cs\\\/kategorie-specialni-kurzy\\\/gramatika-b2\\\/#breadcrumb\",\"itemListElement\":[{\"@type\":\"ListItem\",\"position\":1,\"name\":\"Home\",\"item\":\"https:\\\/\\\/parlo-italiano.cz\\\/cs\\\/\"},{\"@type\":\"ListItem\",\"position\":2,\"name\":\"Kurzy\",\"item\":\"https:\\\/\\\/parlo-italiano.cz\\\/cs\\\/kurzy\\\/\"},{\"@type\":\"ListItem\",\"position\":3,\"name\":\"Gramatika B2+\"}]},{\"@type\":\"WebSite\",\"@id\":\"https:\\\/\\\/parlo-italiano.cz\\\/#website\",\"url\":\"https:\\\/\\\/parlo-italiano.cz\\\/\",\"name\":\"Parlo Italiano\",\"description\":\"Corsi di lingua italiana\",\"publisher\":{\"@id\":\"https:\\\/\\\/parlo-italiano.cz\\\/#organization\"},\"potentialAction\":[{\"@type\":\"SearchAction\",\"target\":{\"@type\":\"EntryPoint\",\"urlTemplate\":\"https:\\\/\\\/parlo-italiano.cz\\\/?s={search_term_string}\"},\"query-input\":{\"@type\":\"PropertyValueSpecification\",\"valueRequired\":true,\"valueName\":\"search_term_string\"}}],\"inLanguage\":\"cs\"},{\"@type\":\"Organization\",\"@id\":\"https:\\\/\\\/parlo-italiano.cz\\\/#organization\",\"name\":\"Istituto Italiano di Cultura Praga\",\"url\":\"https:\\\/\\\/parlo-italiano.cz\\\/\",\"logo\":{\"@type\":\"ImageObject\",\"inLanguage\":\"cs\",\"@id\":\"https:\\\/\\\/parlo-italiano.cz\\\/#\\\/schema\\\/logo\\\/image\\\/\",\"url\":\"https:\\\/\\\/parlo-italiano.cz\\\/wp-content\\\/uploads\\\/2020\\\/03\\\/logo_iic.png\",\"contentUrl\":\"https:\\\/\\\/parlo-italiano.cz\\\/wp-content\\\/uploads\\\/2020\\\/03\\\/logo_iic.png\",\"width\":230,\"height\":130,\"caption\":\"Istituto Italiano di Cultura Praga\"},\"image\":{\"@id\":\"https:\\\/\\\/parlo-italiano.cz\\\/#\\\/schema\\\/logo\\\/image\\\/\"}}]}<\/script>\n<!-- \/ Yoast SEO plugin. -->","yoast_head_json":{"title":"Gramatika B2+ - Parlo Italiano","robots":{"index":"index","follow":"follow","max-snippet":"max-snippet:-1","max-image-preview":"max-image-preview:large","max-video-preview":"max-video-preview:-1"},"canonical":"https:\/\/parlo-italiano.cz\/cs\/kategorie-specialni-kurzy\/gramatika-b2\/","og_locale":"cs_CZ","og_type":"article","og_title":"Gramatika B2+ - Parlo Italiano","og_description":"28-hodinov\u00fd kurz rozd\u011blen\u00fd na 14 t\u00fddn\u016f pro \u00farove\u0148 ital\u0161tiny B2, pro ty, kte\u0159\u00ed a\u010dkoliv jsou ji\u017e schopni dob\u0159e hovo\u0159it, pot\u0159ebuj\u00ed pos\u00edlit sv\u00e9 znalosti morfosyntaktick\u00fdch struktur italsk\u00e9ho jazyka.","og_url":"https:\/\/parlo-italiano.cz\/cs\/kategorie-specialni-kurzy\/gramatika-b2\/","og_site_name":"Parlo Italiano","article_modified_time":"2021-12-05T17:30:00+00:00","og_image":[{"width":2560,"height":1920,"url":"https:\/\/parlo-italiano.cz\/wp-content\/uploads\/2020\/08\/vicenza_1-scaled.jpg","type":"image\/jpeg"}],"twitter_card":"summary_large_image","schema":{"@context":"https:\/\/schema.org","@graph":[{"@type":"WebPage","@id":"https:\/\/parlo-italiano.cz\/cs\/kategorie-specialni-kurzy\/gramatika-b2\/","url":"https:\/\/parlo-italiano.cz\/cs\/kategorie-specialni-kurzy\/gramatika-b2\/","name":"Gramatika B2+ - Parlo Italiano","isPartOf":{"@id":"https:\/\/parlo-italiano.cz\/#website"},"primaryImageOfPage":{"@id":"https:\/\/parlo-italiano.cz\/cs\/kategorie-specialni-kurzy\/gramatika-b2\/#primaryimage"},"image":{"@id":"https:\/\/parlo-italiano.cz\/cs\/kategorie-specialni-kurzy\/gramatika-b2\/#primaryimage"},"thumbnailUrl":"https:\/\/parlo-italiano.cz\/wp-content\/uploads\/2020\/08\/vicenza_1-scaled.jpg","datePublished":"2020-08-03T12:55:23+00:00","dateModified":"2021-12-05T17:30:00+00:00","breadcrumb":{"@id":"https:\/\/parlo-italiano.cz\/cs\/kategorie-specialni-kurzy\/gramatika-b2\/#breadcrumb"},"inLanguage":"cs","potentialAction":[{"@type":"ReadAction","target":["https:\/\/parlo-italiano.cz\/cs\/kategorie-specialni-kurzy\/gramatika-b2\/"]}]},{"@type":"ImageObject","inLanguage":"cs","@id":"https:\/\/parlo-italiano.cz\/cs\/kategorie-specialni-kurzy\/gramatika-b2\/#primaryimage","url":"https:\/\/parlo-italiano.cz\/wp-content\/uploads\/2020\/08\/vicenza_1-scaled.jpg","contentUrl":"https:\/\/parlo-italiano.cz\/wp-content\/uploads\/2020\/08\/vicenza_1-scaled.jpg","width":2560,"height":1920,"caption":"OLYMPUS DIGITAL CAMERA"},{"@type":"BreadcrumbList","@id":"https:\/\/parlo-italiano.cz\/cs\/kategorie-specialni-kurzy\/gramatika-b2\/#breadcrumb","itemListElement":[{"@type":"ListItem","position":1,"name":"Home","item":"https:\/\/parlo-italiano.cz\/cs\/"},{"@type":"ListItem","position":2,"name":"Kurzy","item":"https:\/\/parlo-italiano.cz\/cs\/kurzy\/"},{"@type":"ListItem","position":3,"name":"Gramatika B2+"}]},{"@type":"WebSite","@id":"https:\/\/parlo-italiano.cz\/#website","url":"https:\/\/parlo-italiano.cz\/","name":"Parlo Italiano","description":"Corsi di lingua italiana","publisher":{"@id":"https:\/\/parlo-italiano.cz\/#organization"},"potentialAction":[{"@type":"SearchAction","target":{"@type":"EntryPoint","urlTemplate":"https:\/\/parlo-italiano.cz\/?s={search_term_string}"},"query-input":{"@type":"PropertyValueSpecification","valueRequired":true,"valueName":"search_term_string"}}],"inLanguage":"cs"},{"@type":"Organization","@id":"https:\/\/parlo-italiano.cz\/#organization","name":"Istituto Italiano di Cultura Praga","url":"https:\/\/parlo-italiano.cz\/","logo":{"@type":"ImageObject","inLanguage":"cs","@id":"https:\/\/parlo-italiano.cz\/#\/schema\/logo\/image\/","url":"https:\/\/parlo-italiano.cz\/wp-content\/uploads\/2020\/03\/logo_iic.png","contentUrl":"https:\/\/parlo-italiano.cz\/wp-content\/uploads\/2020\/03\/logo_iic.png","width":230,"height":130,"caption":"Istituto Italiano di Cultura Praga"},"image":{"@id":"https:\/\/parlo-italiano.cz\/#\/schema\/logo\/image\/"}}]}},"_links":{"self":[{"href":"https:\/\/parlo-italiano.cz\/cs\/wp-json\/wp\/v2\/product\/15927","targetHints":{"allow":["GET"]}}],"collection":[{"href":"https:\/\/parlo-italiano.cz\/cs\/wp-json\/wp\/v2\/product"}],"about":[{"href":"https:\/\/parlo-italiano.cz\/cs\/wp-json\/wp\/v2\/types\/product"}],"wp:featuredmedia":[{"embeddable":true,"href":"https:\/\/parlo-italiano.cz\/cs\/wp-json\/wp\/v2\/media\/18643"}],"wp:attachment":[{"href":"https:\/\/parlo-italiano.cz\/cs\/wp-json\/wp\/v2\/media?parent=15927"}],"wp:term":[{"taxonomy":"product_brand","embeddable":true,"href":"https:\/\/parlo-italiano.cz\/cs\/wp-json\/wp\/v2\/product_brand?post=15927"},{"taxonomy":"product_cat","embeddable":true,"href":"https:\/\/parlo-italiano.cz\/cs\/wp-json\/wp\/v2\/product_cat?post=15927"},{"taxonomy":"product_tag","embeddable":true,"href":"https:\/\/parlo-italiano.cz\/cs\/wp-json\/wp\/v2\/product_tag?post=15927"}],"curies":[{"name":"wp","href":"https:\/\/api.w.org\/{rel}","templated":true}]}}