{"id":15933,"date":"2020-08-04T11:02:27","date_gmt":"2020-08-04T11:02:27","guid":{"rendered":"https:\/\/parlo-italiano.com\/nezarazene\/individualni-lekce-cestiny\/"},"modified":"2023-09-03T21:29:14","modified_gmt":"2023-09-03T19:29:14","slug":"individualni-lekce-cestiny","status":"publish","type":"product","link":"https:\/\/parlo-italiano.cz\/cs\/kurzy-cestiny\/individualni-lekce-cestiny\/","title":{"rendered":"Individu\u00e1ln\u00ed lekce \u010de\u0161tiny"},"content":{"rendered":"<p>Individu\u00e1ln\u00ed lekce nebo lekce pro mal\u00e9 skupiny, kter\u00e9 se budou konat na Institutu, u studenta nebo dokonce online, s personalizovan\u00fdm obsahem na z\u00e1klad\u011b pot\u0159eb student\u016f.<\/p>\n","protected":false},"excerpt":{"rendered":"<p>Individu\u00e1ln\u00ed lekce nebo lekce pro mal\u00e9 skupiny, kter\u00e9 se budou konat online nebo u studenta, s personalizovan\u00fdm obsahem na z\u00e1klad\u011b pot\u0159eb student\u016f.<\/p>\n","protected":false},"featured_media":18551,"template":"","meta":[],"product_brand":[],"product_cat":[323],"product_tag":[],"class_list":{"0":"post-15933","1":"product","2":"type-product","3":"status-publish","4":"has-post-thumbnail","6":"product_cat-kurzy-cestiny","8":"first","9":"outofstock","10":"shipping-taxable","11":"product-type-variable"},"yoast_head":"<!-- This site is optimized with the Yoast SEO plugin v27.3 - https:\/\/yoast.com\/product\/yoast-seo-wordpress\/ -->\n<title>Individu\u00e1ln\u00ed lekce \u010de\u0161tiny - Parlo Italiano<\/title>\n<meta name=\"robots\" content=\"index, follow, max-snippet:-1, max-image-preview:large, max-video-preview:-1\" \/>\n<link rel=\"canonical\" href=\"https:\/\/parlo-italiano.cz\/cs\/kurzy-cestiny\/individualni-lekce-cestiny\/\" \/>\n<meta property=\"og:locale\" content=\"cs_CZ\" \/>\n<meta property=\"og:type\" content=\"article\" \/>\n<meta property=\"og:title\" content=\"Individu\u00e1ln\u00ed lekce \u010de\u0161tiny - Parlo Italiano\" \/>\n<meta property=\"og:description\" content=\"Individu\u00e1ln\u00ed lekce nebo lekce pro mal\u00e9 skupiny, kter\u00e9 se budou konat online nebo u studenta, s personalizovan\u00fdm obsahem na z\u00e1klad\u011b pot\u0159eb student\u016f.\" \/>\n<meta property=\"og:url\" content=\"https:\/\/parlo-italiano.cz\/cs\/kurzy-cestiny\/individualni-lekce-cestiny\/\" \/>\n<meta property=\"og:site_name\" content=\"Parlo Italiano\" \/>\n<meta property=\"article:modified_time\" content=\"2023-09-03T19:29:14+00:00\" \/>\n<meta property=\"og:image\" content=\"https:\/\/parlo-italiano.cz\/wp-content\/uploads\/2020\/08\/piazza-citta-vecchia-1.jpg\" \/>\n\t<meta property=\"og:image:width\" content=\"1920\" \/>\n\t<meta property=\"og:image:height\" content=\"1277\" \/>\n\t<meta property=\"og:image:type\" content=\"image\/jpeg\" \/>\n<meta name=\"twitter:card\" content=\"summary_large_image\" \/>\n<script type=\"application\/ld+json\" class=\"yoast-schema-graph\">{\"@context\":\"https:\\\/\\\/schema.org\",\"@graph\":[{\"@type\":\"WebPage\",\"@id\":\"https:\\\/\\\/parlo-italiano.cz\\\/cs\\\/kurzy-cestiny\\\/individualni-lekce-cestiny\\\/\",\"url\":\"https:\\\/\\\/parlo-italiano.cz\\\/cs\\\/kurzy-cestiny\\\/individualni-lekce-cestiny\\\/\",\"name\":\"Individu\u00e1ln\u00ed lekce \u010de\u0161tiny - Parlo Italiano\",\"isPartOf\":{\"@id\":\"https:\\\/\\\/parlo-italiano.cz\\\/#website\"},\"primaryImageOfPage\":{\"@id\":\"https:\\\/\\\/parlo-italiano.cz\\\/cs\\\/kurzy-cestiny\\\/individualni-lekce-cestiny\\\/#primaryimage\"},\"image\":{\"@id\":\"https:\\\/\\\/parlo-italiano.cz\\\/cs\\\/kurzy-cestiny\\\/individualni-lekce-cestiny\\\/#primaryimage\"},\"thumbnailUrl\":\"https:\\\/\\\/parlo-italiano.cz\\\/wp-content\\\/uploads\\\/2020\\\/08\\\/piazza-citta-vecchia-1.jpg\",\"datePublished\":\"2020-08-04T11:02:27+00:00\",\"dateModified\":\"2023-09-03T19:29:14+00:00\",\"breadcrumb\":{\"@id\":\"https:\\\/\\\/parlo-italiano.cz\\\/cs\\\/kurzy-cestiny\\\/individualni-lekce-cestiny\\\/#breadcrumb\"},\"inLanguage\":\"cs\",\"potentialAction\":[{\"@type\":\"ReadAction\",\"target\":[\"https:\\\/\\\/parlo-italiano.cz\\\/cs\\\/kurzy-cestiny\\\/individualni-lekce-cestiny\\\/\"]}]},{\"@type\":\"ImageObject\",\"inLanguage\":\"cs\",\"@id\":\"https:\\\/\\\/parlo-italiano.cz\\\/cs\\\/kurzy-cestiny\\\/individualni-lekce-cestiny\\\/#primaryimage\",\"url\":\"https:\\\/\\\/parlo-italiano.cz\\\/wp-content\\\/uploads\\\/2020\\\/08\\\/piazza-citta-vecchia-1.jpg\",\"contentUrl\":\"https:\\\/\\\/parlo-italiano.cz\\\/wp-content\\\/uploads\\\/2020\\\/08\\\/piazza-citta-vecchia-1.jpg\",\"width\":1920,\"height\":1277},{\"@type\":\"BreadcrumbList\",\"@id\":\"https:\\\/\\\/parlo-italiano.cz\\\/cs\\\/kurzy-cestiny\\\/individualni-lekce-cestiny\\\/#breadcrumb\",\"itemListElement\":[{\"@type\":\"ListItem\",\"position\":1,\"name\":\"Home\",\"item\":\"https:\\\/\\\/parlo-italiano.cz\\\/cs\\\/\"},{\"@type\":\"ListItem\",\"position\":2,\"name\":\"Kurzy\",\"item\":\"https:\\\/\\\/parlo-italiano.cz\\\/cs\\\/kurzy\\\/\"},{\"@type\":\"ListItem\",\"position\":3,\"name\":\"Individu\u00e1ln\u00ed lekce \u010de\u0161tiny\"}]},{\"@type\":\"WebSite\",\"@id\":\"https:\\\/\\\/parlo-italiano.cz\\\/#website\",\"url\":\"https:\\\/\\\/parlo-italiano.cz\\\/\",\"name\":\"Parlo Italiano\",\"description\":\"Corsi di lingua italiana\",\"publisher\":{\"@id\":\"https:\\\/\\\/parlo-italiano.cz\\\/#organization\"},\"potentialAction\":[{\"@type\":\"SearchAction\",\"target\":{\"@type\":\"EntryPoint\",\"urlTemplate\":\"https:\\\/\\\/parlo-italiano.cz\\\/?s={search_term_string}\"},\"query-input\":{\"@type\":\"PropertyValueSpecification\",\"valueRequired\":true,\"valueName\":\"search_term_string\"}}],\"inLanguage\":\"cs\"},{\"@type\":\"Organization\",\"@id\":\"https:\\\/\\\/parlo-italiano.cz\\\/#organization\",\"name\":\"Istituto Italiano di Cultura Praga\",\"url\":\"https:\\\/\\\/parlo-italiano.cz\\\/\",\"logo\":{\"@type\":\"ImageObject\",\"inLanguage\":\"cs\",\"@id\":\"https:\\\/\\\/parlo-italiano.cz\\\/#\\\/schema\\\/logo\\\/image\\\/\",\"url\":\"https:\\\/\\\/parlo-italiano.cz\\\/wp-content\\\/uploads\\\/2020\\\/03\\\/logo_iic.png\",\"contentUrl\":\"https:\\\/\\\/parlo-italiano.cz\\\/wp-content\\\/uploads\\\/2020\\\/03\\\/logo_iic.png\",\"width\":230,\"height\":130,\"caption\":\"Istituto Italiano di Cultura Praga\"},\"image\":{\"@id\":\"https:\\\/\\\/parlo-italiano.cz\\\/#\\\/schema\\\/logo\\\/image\\\/\"}}]}<\/script>\n<!-- \/ Yoast SEO plugin. -->","yoast_head_json":{"title":"Individu\u00e1ln\u00ed lekce \u010de\u0161tiny - Parlo Italiano","robots":{"index":"index","follow":"follow","max-snippet":"max-snippet:-1","max-image-preview":"max-image-preview:large","max-video-preview":"max-video-preview:-1"},"canonical":"https:\/\/parlo-italiano.cz\/cs\/kurzy-cestiny\/individualni-lekce-cestiny\/","og_locale":"cs_CZ","og_type":"article","og_title":"Individu\u00e1ln\u00ed lekce \u010de\u0161tiny - Parlo Italiano","og_description":"Individu\u00e1ln\u00ed lekce nebo lekce pro mal\u00e9 skupiny, kter\u00e9 se budou konat online nebo u studenta, s personalizovan\u00fdm obsahem na z\u00e1klad\u011b pot\u0159eb student\u016f.","og_url":"https:\/\/parlo-italiano.cz\/cs\/kurzy-cestiny\/individualni-lekce-cestiny\/","og_site_name":"Parlo Italiano","article_modified_time":"2023-09-03T19:29:14+00:00","og_image":[{"width":1920,"height":1277,"url":"https:\/\/parlo-italiano.cz\/wp-content\/uploads\/2020\/08\/piazza-citta-vecchia-1.jpg","type":"image\/jpeg"}],"twitter_card":"summary_large_image","schema":{"@context":"https:\/\/schema.org","@graph":[{"@type":"WebPage","@id":"https:\/\/parlo-italiano.cz\/cs\/kurzy-cestiny\/individualni-lekce-cestiny\/","url":"https:\/\/parlo-italiano.cz\/cs\/kurzy-cestiny\/individualni-lekce-cestiny\/","name":"Individu\u00e1ln\u00ed lekce \u010de\u0161tiny - Parlo Italiano","isPartOf":{"@id":"https:\/\/parlo-italiano.cz\/#website"},"primaryImageOfPage":{"@id":"https:\/\/parlo-italiano.cz\/cs\/kurzy-cestiny\/individualni-lekce-cestiny\/#primaryimage"},"image":{"@id":"https:\/\/parlo-italiano.cz\/cs\/kurzy-cestiny\/individualni-lekce-cestiny\/#primaryimage"},"thumbnailUrl":"https:\/\/parlo-italiano.cz\/wp-content\/uploads\/2020\/08\/piazza-citta-vecchia-1.jpg","datePublished":"2020-08-04T11:02:27+00:00","dateModified":"2023-09-03T19:29:14+00:00","breadcrumb":{"@id":"https:\/\/parlo-italiano.cz\/cs\/kurzy-cestiny\/individualni-lekce-cestiny\/#breadcrumb"},"inLanguage":"cs","potentialAction":[{"@type":"ReadAction","target":["https:\/\/parlo-italiano.cz\/cs\/kurzy-cestiny\/individualni-lekce-cestiny\/"]}]},{"@type":"ImageObject","inLanguage":"cs","@id":"https:\/\/parlo-italiano.cz\/cs\/kurzy-cestiny\/individualni-lekce-cestiny\/#primaryimage","url":"https:\/\/parlo-italiano.cz\/wp-content\/uploads\/2020\/08\/piazza-citta-vecchia-1.jpg","contentUrl":"https:\/\/parlo-italiano.cz\/wp-content\/uploads\/2020\/08\/piazza-citta-vecchia-1.jpg","width":1920,"height":1277},{"@type":"BreadcrumbList","@id":"https:\/\/parlo-italiano.cz\/cs\/kurzy-cestiny\/individualni-lekce-cestiny\/#breadcrumb","itemListElement":[{"@type":"ListItem","position":1,"name":"Home","item":"https:\/\/parlo-italiano.cz\/cs\/"},{"@type":"ListItem","position":2,"name":"Kurzy","item":"https:\/\/parlo-italiano.cz\/cs\/kurzy\/"},{"@type":"ListItem","position":3,"name":"Individu\u00e1ln\u00ed lekce \u010de\u0161tiny"}]},{"@type":"WebSite","@id":"https:\/\/parlo-italiano.cz\/#website","url":"https:\/\/parlo-italiano.cz\/","name":"Parlo Italiano","description":"Corsi di lingua italiana","publisher":{"@id":"https:\/\/parlo-italiano.cz\/#organization"},"potentialAction":[{"@type":"SearchAction","target":{"@type":"EntryPoint","urlTemplate":"https:\/\/parlo-italiano.cz\/?s={search_term_string}"},"query-input":{"@type":"PropertyValueSpecification","valueRequired":true,"valueName":"search_term_string"}}],"inLanguage":"cs"},{"@type":"Organization","@id":"https:\/\/parlo-italiano.cz\/#organization","name":"Istituto Italiano di Cultura Praga","url":"https:\/\/parlo-italiano.cz\/","logo":{"@type":"ImageObject","inLanguage":"cs","@id":"https:\/\/parlo-italiano.cz\/#\/schema\/logo\/image\/","url":"https:\/\/parlo-italiano.cz\/wp-content\/uploads\/2020\/03\/logo_iic.png","contentUrl":"https:\/\/parlo-italiano.cz\/wp-content\/uploads\/2020\/03\/logo_iic.png","width":230,"height":130,"caption":"Istituto Italiano di Cultura Praga"},"image":{"@id":"https:\/\/parlo-italiano.cz\/#\/schema\/logo\/image\/"}}]}},"_links":{"self":[{"href":"https:\/\/parlo-italiano.cz\/cs\/wp-json\/wp\/v2\/product\/15933","targetHints":{"allow":["GET"]}}],"collection":[{"href":"https:\/\/parlo-italiano.cz\/cs\/wp-json\/wp\/v2\/product"}],"about":[{"href":"https:\/\/parlo-italiano.cz\/cs\/wp-json\/wp\/v2\/types\/product"}],"wp:featuredmedia":[{"embeddable":true,"href":"https:\/\/parlo-italiano.cz\/cs\/wp-json\/wp\/v2\/media\/18551"}],"wp:attachment":[{"href":"https:\/\/parlo-italiano.cz\/cs\/wp-json\/wp\/v2\/media?parent=15933"}],"wp:term":[{"taxonomy":"product_brand","embeddable":true,"href":"https:\/\/parlo-italiano.cz\/cs\/wp-json\/wp\/v2\/product_brand?post=15933"},{"taxonomy":"product_cat","embeddable":true,"href":"https:\/\/parlo-italiano.cz\/cs\/wp-json\/wp\/v2\/product_cat?post=15933"},{"taxonomy":"product_tag","embeddable":true,"href":"https:\/\/parlo-italiano.cz\/cs\/wp-json\/wp\/v2\/product_tag?post=15933"}],"curies":[{"name":"wp","href":"https:\/\/api.w.org\/{rel}","templated":true}]}}