{"id":15970,"date":"2020-08-04T10:48:29","date_gmt":"2020-08-04T10:48:29","guid":{"rendered":"https:\/\/parlo-italiano.com\/nezarazene\/a1-i\/"},"modified":"2023-09-03T21:14:01","modified_gmt":"2023-09-03T19:14:01","slug":"a1-cestina-cs","status":"publish","type":"product","link":"https:\/\/parlo-italiano.cz\/cs\/kurzy-cestiny\/a1-cestina-cs\/","title":{"rendered":"A1.1 \u010ce\u0161tina"},"content":{"rendered":"<p>Na konci kurzu bude student schopen porozum\u011bt a pou\u017e\u00edvat ka\u017edodenn\u00ed v\u00fdrazy a jednoduch\u00e9 v\u011bty zam\u011b\u0159en\u00e9 na uspokojen\u00ed pot\u0159eb konkr\u00e9tn\u00edho typu. Bude um\u011bt p\u0159edstavit sebe i ostatn\u00ed.<\/p>\n","protected":false},"excerpt":{"rendered":"<p>ONLINE kurz \u010de\u0161tiny pro \u00fapln\u00e9 za\u010d\u00e1te\u010dn\u00edky \u2013 jednou t\u00fddn\u011b 90 min. po dobu 14 t\u00fddn\u016f.<\/p>\n<p><strong>Kurz se kon\u00e1 v \u00fater\u00fd od 18:00 do 19:30 hod.<\/strong><\/p>\n","protected":false},"featured_media":18581,"template":"","meta":[],"product_brand":[],"product_cat":[323],"product_tag":[595],"class_list":{"0":"post-15970","1":"product","2":"type-product","3":"status-publish","4":"has-post-thumbnail","6":"product_cat-kurzy-cestiny","7":"product_tag-a1-cestina-cs","9":"first","10":"outofstock","11":"virtual","12":"sold-individually","13":"purchasable","14":"product-type-simple"},"yoast_head":"<!-- This site is optimized with the Yoast SEO plugin v27.3 - https:\/\/yoast.com\/product\/yoast-seo-wordpress\/ -->\n<title>A1.1 \u010ce\u0161tina - Parlo Italiano<\/title>\n<meta name=\"robots\" content=\"index, follow, max-snippet:-1, max-image-preview:large, max-video-preview:-1\" \/>\n<link rel=\"canonical\" href=\"https:\/\/parlo-italiano.cz\/cs\/kurzy-cestiny\/a1-cestina-cs\/\" \/>\n<meta property=\"og:locale\" content=\"cs_CZ\" \/>\n<meta property=\"og:type\" content=\"article\" \/>\n<meta property=\"og:title\" content=\"A1.1 \u010ce\u0161tina - Parlo Italiano\" \/>\n<meta property=\"og:description\" content=\"ONLINE kurz \u010de\u0161tiny pro \u00fapln\u00e9 za\u010d\u00e1te\u010dn\u00edky \u2013 jednou t\u00fddn\u011b 90 min. po dobu 14 t\u00fddn\u016f. Kurz se kon\u00e1 v \u00fater\u00fd od 18:00 do 19:30 hod.\" \/>\n<meta property=\"og:url\" content=\"https:\/\/parlo-italiano.cz\/cs\/kurzy-cestiny\/a1-cestina-cs\/\" \/>\n<meta property=\"og:site_name\" content=\"Parlo Italiano\" \/>\n<meta property=\"article:modified_time\" content=\"2023-09-03T19:14:01+00:00\" \/>\n<meta property=\"og:image\" content=\"https:\/\/parlo-italiano.cz\/wp-content\/uploads\/2020\/08\/prague-569352_1920.jpg\" \/>\n\t<meta property=\"og:image:width\" content=\"1920\" \/>\n\t<meta property=\"og:image:height\" content=\"1280\" \/>\n\t<meta property=\"og:image:type\" content=\"image\/jpeg\" \/>\n<meta name=\"twitter:card\" content=\"summary_large_image\" \/>\n<script type=\"application\/ld+json\" class=\"yoast-schema-graph\">{\"@context\":\"https:\\\/\\\/schema.org\",\"@graph\":[{\"@type\":\"WebPage\",\"@id\":\"https:\\\/\\\/parlo-italiano.cz\\\/cs\\\/kurzy-cestiny\\\/a1-cestina-cs\\\/\",\"url\":\"https:\\\/\\\/parlo-italiano.cz\\\/cs\\\/kurzy-cestiny\\\/a1-cestina-cs\\\/\",\"name\":\"A1.1 \u010ce\u0161tina - Parlo Italiano\",\"isPartOf\":{\"@id\":\"https:\\\/\\\/parlo-italiano.cz\\\/#website\"},\"primaryImageOfPage\":{\"@id\":\"https:\\\/\\\/parlo-italiano.cz\\\/cs\\\/kurzy-cestiny\\\/a1-cestina-cs\\\/#primaryimage\"},\"image\":{\"@id\":\"https:\\\/\\\/parlo-italiano.cz\\\/cs\\\/kurzy-cestiny\\\/a1-cestina-cs\\\/#primaryimage\"},\"thumbnailUrl\":\"https:\\\/\\\/parlo-italiano.cz\\\/wp-content\\\/uploads\\\/2020\\\/08\\\/prague-569352_1920.jpg\",\"datePublished\":\"2020-08-04T10:48:29+00:00\",\"dateModified\":\"2023-09-03T19:14:01+00:00\",\"breadcrumb\":{\"@id\":\"https:\\\/\\\/parlo-italiano.cz\\\/cs\\\/kurzy-cestiny\\\/a1-cestina-cs\\\/#breadcrumb\"},\"inLanguage\":\"cs\",\"potentialAction\":[{\"@type\":\"ReadAction\",\"target\":[\"https:\\\/\\\/parlo-italiano.cz\\\/cs\\\/kurzy-cestiny\\\/a1-cestina-cs\\\/\"]}]},{\"@type\":\"ImageObject\",\"inLanguage\":\"cs\",\"@id\":\"https:\\\/\\\/parlo-italiano.cz\\\/cs\\\/kurzy-cestiny\\\/a1-cestina-cs\\\/#primaryimage\",\"url\":\"https:\\\/\\\/parlo-italiano.cz\\\/wp-content\\\/uploads\\\/2020\\\/08\\\/prague-569352_1920.jpg\",\"contentUrl\":\"https:\\\/\\\/parlo-italiano.cz\\\/wp-content\\\/uploads\\\/2020\\\/08\\\/prague-569352_1920.jpg\",\"width\":1920,\"height\":1280},{\"@type\":\"BreadcrumbList\",\"@id\":\"https:\\\/\\\/parlo-italiano.cz\\\/cs\\\/kurzy-cestiny\\\/a1-cestina-cs\\\/#breadcrumb\",\"itemListElement\":[{\"@type\":\"ListItem\",\"position\":1,\"name\":\"Home\",\"item\":\"https:\\\/\\\/parlo-italiano.cz\\\/cs\\\/\"},{\"@type\":\"ListItem\",\"position\":2,\"name\":\"Kurzy\",\"item\":\"https:\\\/\\\/parlo-italiano.cz\\\/cs\\\/kurzy\\\/\"},{\"@type\":\"ListItem\",\"position\":3,\"name\":\"A1.1 \u010ce\u0161tina\"}]},{\"@type\":\"WebSite\",\"@id\":\"https:\\\/\\\/parlo-italiano.cz\\\/#website\",\"url\":\"https:\\\/\\\/parlo-italiano.cz\\\/\",\"name\":\"Parlo Italiano\",\"description\":\"Corsi di lingua italiana\",\"publisher\":{\"@id\":\"https:\\\/\\\/parlo-italiano.cz\\\/#organization\"},\"potentialAction\":[{\"@type\":\"SearchAction\",\"target\":{\"@type\":\"EntryPoint\",\"urlTemplate\":\"https:\\\/\\\/parlo-italiano.cz\\\/?s={search_term_string}\"},\"query-input\":{\"@type\":\"PropertyValueSpecification\",\"valueRequired\":true,\"valueName\":\"search_term_string\"}}],\"inLanguage\":\"cs\"},{\"@type\":\"Organization\",\"@id\":\"https:\\\/\\\/parlo-italiano.cz\\\/#organization\",\"name\":\"Istituto Italiano di Cultura Praga\",\"url\":\"https:\\\/\\\/parlo-italiano.cz\\\/\",\"logo\":{\"@type\":\"ImageObject\",\"inLanguage\":\"cs\",\"@id\":\"https:\\\/\\\/parlo-italiano.cz\\\/#\\\/schema\\\/logo\\\/image\\\/\",\"url\":\"https:\\\/\\\/parlo-italiano.cz\\\/wp-content\\\/uploads\\\/2020\\\/03\\\/logo_iic.png\",\"contentUrl\":\"https:\\\/\\\/parlo-italiano.cz\\\/wp-content\\\/uploads\\\/2020\\\/03\\\/logo_iic.png\",\"width\":230,\"height\":130,\"caption\":\"Istituto Italiano di Cultura Praga\"},\"image\":{\"@id\":\"https:\\\/\\\/parlo-italiano.cz\\\/#\\\/schema\\\/logo\\\/image\\\/\"}}]}<\/script>\n<!-- \/ Yoast SEO plugin. -->","yoast_head_json":{"title":"A1.1 \u010ce\u0161tina - Parlo Italiano","robots":{"index":"index","follow":"follow","max-snippet":"max-snippet:-1","max-image-preview":"max-image-preview:large","max-video-preview":"max-video-preview:-1"},"canonical":"https:\/\/parlo-italiano.cz\/cs\/kurzy-cestiny\/a1-cestina-cs\/","og_locale":"cs_CZ","og_type":"article","og_title":"A1.1 \u010ce\u0161tina - Parlo Italiano","og_description":"ONLINE kurz \u010de\u0161tiny pro \u00fapln\u00e9 za\u010d\u00e1te\u010dn\u00edky \u2013 jednou t\u00fddn\u011b 90 min. po dobu 14 t\u00fddn\u016f. Kurz se kon\u00e1 v \u00fater\u00fd od 18:00 do 19:30 hod.","og_url":"https:\/\/parlo-italiano.cz\/cs\/kurzy-cestiny\/a1-cestina-cs\/","og_site_name":"Parlo Italiano","article_modified_time":"2023-09-03T19:14:01+00:00","og_image":[{"width":1920,"height":1280,"url":"https:\/\/parlo-italiano.cz\/wp-content\/uploads\/2020\/08\/prague-569352_1920.jpg","type":"image\/jpeg"}],"twitter_card":"summary_large_image","schema":{"@context":"https:\/\/schema.org","@graph":[{"@type":"WebPage","@id":"https:\/\/parlo-italiano.cz\/cs\/kurzy-cestiny\/a1-cestina-cs\/","url":"https:\/\/parlo-italiano.cz\/cs\/kurzy-cestiny\/a1-cestina-cs\/","name":"A1.1 \u010ce\u0161tina - Parlo Italiano","isPartOf":{"@id":"https:\/\/parlo-italiano.cz\/#website"},"primaryImageOfPage":{"@id":"https:\/\/parlo-italiano.cz\/cs\/kurzy-cestiny\/a1-cestina-cs\/#primaryimage"},"image":{"@id":"https:\/\/parlo-italiano.cz\/cs\/kurzy-cestiny\/a1-cestina-cs\/#primaryimage"},"thumbnailUrl":"https:\/\/parlo-italiano.cz\/wp-content\/uploads\/2020\/08\/prague-569352_1920.jpg","datePublished":"2020-08-04T10:48:29+00:00","dateModified":"2023-09-03T19:14:01+00:00","breadcrumb":{"@id":"https:\/\/parlo-italiano.cz\/cs\/kurzy-cestiny\/a1-cestina-cs\/#breadcrumb"},"inLanguage":"cs","potentialAction":[{"@type":"ReadAction","target":["https:\/\/parlo-italiano.cz\/cs\/kurzy-cestiny\/a1-cestina-cs\/"]}]},{"@type":"ImageObject","inLanguage":"cs","@id":"https:\/\/parlo-italiano.cz\/cs\/kurzy-cestiny\/a1-cestina-cs\/#primaryimage","url":"https:\/\/parlo-italiano.cz\/wp-content\/uploads\/2020\/08\/prague-569352_1920.jpg","contentUrl":"https:\/\/parlo-italiano.cz\/wp-content\/uploads\/2020\/08\/prague-569352_1920.jpg","width":1920,"height":1280},{"@type":"BreadcrumbList","@id":"https:\/\/parlo-italiano.cz\/cs\/kurzy-cestiny\/a1-cestina-cs\/#breadcrumb","itemListElement":[{"@type":"ListItem","position":1,"name":"Home","item":"https:\/\/parlo-italiano.cz\/cs\/"},{"@type":"ListItem","position":2,"name":"Kurzy","item":"https:\/\/parlo-italiano.cz\/cs\/kurzy\/"},{"@type":"ListItem","position":3,"name":"A1.1 \u010ce\u0161tina"}]},{"@type":"WebSite","@id":"https:\/\/parlo-italiano.cz\/#website","url":"https:\/\/parlo-italiano.cz\/","name":"Parlo Italiano","description":"Corsi di lingua italiana","publisher":{"@id":"https:\/\/parlo-italiano.cz\/#organization"},"potentialAction":[{"@type":"SearchAction","target":{"@type":"EntryPoint","urlTemplate":"https:\/\/parlo-italiano.cz\/?s={search_term_string}"},"query-input":{"@type":"PropertyValueSpecification","valueRequired":true,"valueName":"search_term_string"}}],"inLanguage":"cs"},{"@type":"Organization","@id":"https:\/\/parlo-italiano.cz\/#organization","name":"Istituto Italiano di Cultura Praga","url":"https:\/\/parlo-italiano.cz\/","logo":{"@type":"ImageObject","inLanguage":"cs","@id":"https:\/\/parlo-italiano.cz\/#\/schema\/logo\/image\/","url":"https:\/\/parlo-italiano.cz\/wp-content\/uploads\/2020\/03\/logo_iic.png","contentUrl":"https:\/\/parlo-italiano.cz\/wp-content\/uploads\/2020\/03\/logo_iic.png","width":230,"height":130,"caption":"Istituto Italiano di Cultura Praga"},"image":{"@id":"https:\/\/parlo-italiano.cz\/#\/schema\/logo\/image\/"}}]}},"_links":{"self":[{"href":"https:\/\/parlo-italiano.cz\/cs\/wp-json\/wp\/v2\/product\/15970","targetHints":{"allow":["GET"]}}],"collection":[{"href":"https:\/\/parlo-italiano.cz\/cs\/wp-json\/wp\/v2\/product"}],"about":[{"href":"https:\/\/parlo-italiano.cz\/cs\/wp-json\/wp\/v2\/types\/product"}],"wp:featuredmedia":[{"embeddable":true,"href":"https:\/\/parlo-italiano.cz\/cs\/wp-json\/wp\/v2\/media\/18581"}],"wp:attachment":[{"href":"https:\/\/parlo-italiano.cz\/cs\/wp-json\/wp\/v2\/media?parent=15970"}],"wp:term":[{"taxonomy":"product_brand","embeddable":true,"href":"https:\/\/parlo-italiano.cz\/cs\/wp-json\/wp\/v2\/product_brand?post=15970"},{"taxonomy":"product_cat","embeddable":true,"href":"https:\/\/parlo-italiano.cz\/cs\/wp-json\/wp\/v2\/product_cat?post=15970"},{"taxonomy":"product_tag","embeddable":true,"href":"https:\/\/parlo-italiano.cz\/cs\/wp-json\/wp\/v2\/product_tag?post=15970"}],"curies":[{"name":"wp","href":"https:\/\/api.w.org\/{rel}","templated":true}]}}