{"id":16595,"date":"2020-12-14T15:57:38","date_gmt":"2020-12-14T15:57:38","guid":{"rendered":"https:\/\/parlo-italiano.com\/?post_type=product&#038;p=16595"},"modified":"2025-09-12T15:21:35","modified_gmt":"2025-09-12T13:21:35","slug":"nase-ucebnice-c1","status":"publish","type":"product","link":"https:\/\/parlo-italiano.cz\/cs\/ucebnice\/nase-ucebnice-c1\/","title":{"rendered":"Na\u0161e u\u010debnice C1"},"content":{"rendered":"<section class=\"wpb-content-wrapper\"><div class=\"vc_row wpb_row vc_row-fluid\">\n<div class=\"wpb_column vc_column_container vc_col-sm-12\">\n<div class=\"vc_column-inner\">\n<div class=\"wpb_wrapper\">\n<div class=\"wpb_text_column wpb_content_element \">\n<div class=\"wpb_wrapper\">\n<div class=\"vc_row wpb_row vc_row-fluid\">\n<div class=\"wpb_column vc_column_container vc_col-sm-12\">\n<div class=\"vc_column-inner\">\n<div class=\"wpb_wrapper\">\n<div class=\"wpb_text_column wpb_content_element \">\n<div class=\"wpb_wrapper\">Pro kurzy pou\u017e\u00edv\u00e1me v\u017edy modern\u00ed a rozmanit\u00e9 didaktick\u00e9 materi\u00e1ly. Jsme v kontaktu s hlavn\u00edmi italsk\u00fdmi vydavatelstv\u00edmi v oboru, sledujeme vydavatelsk\u00e9 novinky, m\u00e1me bohatou knihovnu specializovanou na v\u00fduku italsk\u00e9ho jazyka LS a pro na\u0161e kurzy vytv\u00e1\u0159\u00edme mnoho ad hoc materi\u00e1l\u016f.<\/div>\n<div><\/div>\n<div class=\"wpb_wrapper\">Aktu\u00e1ln\u011b pou\u017e\u00edvan\u00e9 u\u010debnice pro standardn\u00ed kurzy \u00farovn\u011b C1 je:<\/div>\n<div><\/div>\n<p>Nuovo Espresso 5 (<span class=\"autori_nome\">Giorgio Massei, Rosella Bellagamba<\/span>) Alma Edizioni<\/p>\n<\/div>\n<\/div>\n<\/div>\n<\/div>\n<\/div>\n<\/div>\n<\/div>\n<\/div>\n<\/div>\n<\/div>\n<\/div>\n<\/section>","protected":false},"excerpt":{"rendered":"<p>Pro kurzy pou\u017e\u00edv\u00e1me v\u017edy modern\u00ed a rozmanit\u00e9 didaktick\u00e9 materi\u00e1ly. Jsme v kontaktu s hlavn\u00edmi italsk\u00fdmi vydavatelstv\u00edmi v oboru, sledujeme vydavatelsk\u00e9 novinky, m\u00e1me bohatou knihovnu specializovanou na v\u00fduku italsk\u00e9ho jazyka LS a pro na\u0161e kurzy vytv\u00e1\u0159\u00edme mnoho ad hoc materi\u00e1l\u016f. Aktu\u00e1ln\u011b pou\u017e\u00edvan\u00e9 u\u010debnice pro standardn\u00ed kurzy \u00farovn\u011b C1 je: Nuovo Espresso<\/p>\n","protected":false},"featured_media":32032,"template":"","meta":[],"product_brand":[],"product_cat":[268],"product_tag":[333],"class_list":{"0":"post-16595","1":"product","2":"type-product","3":"status-publish","4":"has-post-thumbnail","6":"product_cat-ucebnice","7":"product_tag-nuovo-espresso-5-cs","9":"first","10":"instock","11":"virtual","12":"purchasable","13":"product-type-simple"},"yoast_head":"<!-- This site is optimized with the Yoast SEO plugin v27.3 - https:\/\/yoast.com\/product\/yoast-seo-wordpress\/ -->\n<title>Na\u0161e u\u010debnice C1 - Parlo Italiano<\/title>\n<meta name=\"robots\" content=\"index, follow, max-snippet:-1, max-image-preview:large, max-video-preview:-1\" \/>\n<link rel=\"canonical\" href=\"https:\/\/parlo-italiano.cz\/cs\/ucebnice\/nase-ucebnice-c1\/\" \/>\n<meta property=\"og:locale\" content=\"cs_CZ\" \/>\n<meta property=\"og:type\" content=\"article\" \/>\n<meta property=\"og:title\" content=\"Na\u0161e u\u010debnice C1 - Parlo Italiano\" \/>\n<meta property=\"og:description\" content=\"Pro kurzy pou\u017e\u00edv\u00e1me v\u017edy modern\u00ed a rozmanit\u00e9 didaktick\u00e9 materi\u00e1ly. Jsme v kontaktu s hlavn\u00edmi italsk\u00fdmi vydavatelstv\u00edmi v oboru, sledujeme vydavatelsk\u00e9 novinky, m\u00e1me bohatou knihovnu specializovanou na v\u00fduku italsk\u00e9ho jazyka LS a pro na\u0161e kurzy vytv\u00e1\u0159\u00edme mnoho ad hoc materi\u00e1l\u016f. Aktu\u00e1ln\u011b pou\u017e\u00edvan\u00e9 u\u010debnice pro standardn\u00ed kurzy \u00farovn\u011b C1 je: Nuovo Espresso\" \/>\n<meta property=\"og:url\" content=\"https:\/\/parlo-italiano.cz\/cs\/ucebnice\/nase-ucebnice-c1\/\" \/>\n<meta property=\"og:site_name\" content=\"Parlo Italiano\" \/>\n<meta property=\"article:modified_time\" content=\"2025-09-12T13:21:35+00:00\" \/>\n<meta property=\"og:image\" content=\"https:\/\/parlo-italiano.cz\/wp-content\/uploads\/2020\/12\/nuovoespresso5.webp\" \/>\n\t<meta property=\"og:image:width\" content=\"768\" \/>\n\t<meta property=\"og:image:height\" content=\"1024\" \/>\n\t<meta property=\"og:image:type\" content=\"image\/webp\" \/>\n<meta name=\"twitter:card\" content=\"summary_large_image\" \/>\n<meta name=\"twitter:label1\" content=\"Odhadovan\u00e1 doba \u010dten\u00ed\" \/>\n\t<meta name=\"twitter:data1\" content=\"1 minuta\" \/>\n<script type=\"application\/ld+json\" class=\"yoast-schema-graph\">{\"@context\":\"https:\\\/\\\/schema.org\",\"@graph\":[{\"@type\":\"WebPage\",\"@id\":\"https:\\\/\\\/parlo-italiano.cz\\\/cs\\\/ucebnice\\\/nase-ucebnice-c1\\\/\",\"url\":\"https:\\\/\\\/parlo-italiano.cz\\\/cs\\\/ucebnice\\\/nase-ucebnice-c1\\\/\",\"name\":\"Na\u0161e u\u010debnice C1 - Parlo Italiano\",\"isPartOf\":{\"@id\":\"https:\\\/\\\/parlo-italiano.cz\\\/#website\"},\"primaryImageOfPage\":{\"@id\":\"https:\\\/\\\/parlo-italiano.cz\\\/cs\\\/ucebnice\\\/nase-ucebnice-c1\\\/#primaryimage\"},\"image\":{\"@id\":\"https:\\\/\\\/parlo-italiano.cz\\\/cs\\\/ucebnice\\\/nase-ucebnice-c1\\\/#primaryimage\"},\"thumbnailUrl\":\"https:\\\/\\\/parlo-italiano.cz\\\/wp-content\\\/uploads\\\/2020\\\/12\\\/nuovoespresso5.webp\",\"datePublished\":\"2020-12-14T15:57:38+00:00\",\"dateModified\":\"2025-09-12T13:21:35+00:00\",\"breadcrumb\":{\"@id\":\"https:\\\/\\\/parlo-italiano.cz\\\/cs\\\/ucebnice\\\/nase-ucebnice-c1\\\/#breadcrumb\"},\"inLanguage\":\"cs\",\"potentialAction\":[{\"@type\":\"ReadAction\",\"target\":[\"https:\\\/\\\/parlo-italiano.cz\\\/cs\\\/ucebnice\\\/nase-ucebnice-c1\\\/\"]}]},{\"@type\":\"ImageObject\",\"inLanguage\":\"cs\",\"@id\":\"https:\\\/\\\/parlo-italiano.cz\\\/cs\\\/ucebnice\\\/nase-ucebnice-c1\\\/#primaryimage\",\"url\":\"https:\\\/\\\/parlo-italiano.cz\\\/wp-content\\\/uploads\\\/2020\\\/12\\\/nuovoespresso5.webp\",\"contentUrl\":\"https:\\\/\\\/parlo-italiano.cz\\\/wp-content\\\/uploads\\\/2020\\\/12\\\/nuovoespresso5.webp\",\"width\":768,\"height\":1024},{\"@type\":\"BreadcrumbList\",\"@id\":\"https:\\\/\\\/parlo-italiano.cz\\\/cs\\\/ucebnice\\\/nase-ucebnice-c1\\\/#breadcrumb\",\"itemListElement\":[{\"@type\":\"ListItem\",\"position\":1,\"name\":\"Home\",\"item\":\"https:\\\/\\\/parlo-italiano.cz\\\/cs\\\/\"},{\"@type\":\"ListItem\",\"position\":2,\"name\":\"Kurzy\",\"item\":\"https:\\\/\\\/parlo-italiano.cz\\\/cs\\\/kurzy\\\/\"},{\"@type\":\"ListItem\",\"position\":3,\"name\":\"Na\u0161e u\u010debnice C1\"}]},{\"@type\":\"WebSite\",\"@id\":\"https:\\\/\\\/parlo-italiano.cz\\\/#website\",\"url\":\"https:\\\/\\\/parlo-italiano.cz\\\/\",\"name\":\"Parlo Italiano\",\"description\":\"Corsi di lingua italiana\",\"publisher\":{\"@id\":\"https:\\\/\\\/parlo-italiano.cz\\\/#organization\"},\"potentialAction\":[{\"@type\":\"SearchAction\",\"target\":{\"@type\":\"EntryPoint\",\"urlTemplate\":\"https:\\\/\\\/parlo-italiano.cz\\\/?s={search_term_string}\"},\"query-input\":{\"@type\":\"PropertyValueSpecification\",\"valueRequired\":true,\"valueName\":\"search_term_string\"}}],\"inLanguage\":\"cs\"},{\"@type\":\"Organization\",\"@id\":\"https:\\\/\\\/parlo-italiano.cz\\\/#organization\",\"name\":\"Istituto Italiano di Cultura Praga\",\"url\":\"https:\\\/\\\/parlo-italiano.cz\\\/\",\"logo\":{\"@type\":\"ImageObject\",\"inLanguage\":\"cs\",\"@id\":\"https:\\\/\\\/parlo-italiano.cz\\\/#\\\/schema\\\/logo\\\/image\\\/\",\"url\":\"https:\\\/\\\/parlo-italiano.cz\\\/wp-content\\\/uploads\\\/2020\\\/03\\\/logo_iic.png\",\"contentUrl\":\"https:\\\/\\\/parlo-italiano.cz\\\/wp-content\\\/uploads\\\/2020\\\/03\\\/logo_iic.png\",\"width\":230,\"height\":130,\"caption\":\"Istituto Italiano di Cultura Praga\"},\"image\":{\"@id\":\"https:\\\/\\\/parlo-italiano.cz\\\/#\\\/schema\\\/logo\\\/image\\\/\"}}]}<\/script>\n<!-- \/ Yoast SEO plugin. -->","yoast_head_json":{"title":"Na\u0161e u\u010debnice C1 - Parlo Italiano","robots":{"index":"index","follow":"follow","max-snippet":"max-snippet:-1","max-image-preview":"max-image-preview:large","max-video-preview":"max-video-preview:-1"},"canonical":"https:\/\/parlo-italiano.cz\/cs\/ucebnice\/nase-ucebnice-c1\/","og_locale":"cs_CZ","og_type":"article","og_title":"Na\u0161e u\u010debnice C1 - Parlo Italiano","og_description":"Pro kurzy pou\u017e\u00edv\u00e1me v\u017edy modern\u00ed a rozmanit\u00e9 didaktick\u00e9 materi\u00e1ly. Jsme v kontaktu s hlavn\u00edmi italsk\u00fdmi vydavatelstv\u00edmi v oboru, sledujeme vydavatelsk\u00e9 novinky, m\u00e1me bohatou knihovnu specializovanou na v\u00fduku italsk\u00e9ho jazyka LS a pro na\u0161e kurzy vytv\u00e1\u0159\u00edme mnoho ad hoc materi\u00e1l\u016f. Aktu\u00e1ln\u011b pou\u017e\u00edvan\u00e9 u\u010debnice pro standardn\u00ed kurzy \u00farovn\u011b C1 je: Nuovo Espresso","og_url":"https:\/\/parlo-italiano.cz\/cs\/ucebnice\/nase-ucebnice-c1\/","og_site_name":"Parlo Italiano","article_modified_time":"2025-09-12T13:21:35+00:00","og_image":[{"width":768,"height":1024,"url":"https:\/\/parlo-italiano.cz\/wp-content\/uploads\/2020\/12\/nuovoespresso5.webp","type":"image\/webp"}],"twitter_card":"summary_large_image","twitter_misc":{"Odhadovan\u00e1 doba \u010dten\u00ed":"1 minuta"},"schema":{"@context":"https:\/\/schema.org","@graph":[{"@type":"WebPage","@id":"https:\/\/parlo-italiano.cz\/cs\/ucebnice\/nase-ucebnice-c1\/","url":"https:\/\/parlo-italiano.cz\/cs\/ucebnice\/nase-ucebnice-c1\/","name":"Na\u0161e u\u010debnice C1 - Parlo Italiano","isPartOf":{"@id":"https:\/\/parlo-italiano.cz\/#website"},"primaryImageOfPage":{"@id":"https:\/\/parlo-italiano.cz\/cs\/ucebnice\/nase-ucebnice-c1\/#primaryimage"},"image":{"@id":"https:\/\/parlo-italiano.cz\/cs\/ucebnice\/nase-ucebnice-c1\/#primaryimage"},"thumbnailUrl":"https:\/\/parlo-italiano.cz\/wp-content\/uploads\/2020\/12\/nuovoespresso5.webp","datePublished":"2020-12-14T15:57:38+00:00","dateModified":"2025-09-12T13:21:35+00:00","breadcrumb":{"@id":"https:\/\/parlo-italiano.cz\/cs\/ucebnice\/nase-ucebnice-c1\/#breadcrumb"},"inLanguage":"cs","potentialAction":[{"@type":"ReadAction","target":["https:\/\/parlo-italiano.cz\/cs\/ucebnice\/nase-ucebnice-c1\/"]}]},{"@type":"ImageObject","inLanguage":"cs","@id":"https:\/\/parlo-italiano.cz\/cs\/ucebnice\/nase-ucebnice-c1\/#primaryimage","url":"https:\/\/parlo-italiano.cz\/wp-content\/uploads\/2020\/12\/nuovoespresso5.webp","contentUrl":"https:\/\/parlo-italiano.cz\/wp-content\/uploads\/2020\/12\/nuovoespresso5.webp","width":768,"height":1024},{"@type":"BreadcrumbList","@id":"https:\/\/parlo-italiano.cz\/cs\/ucebnice\/nase-ucebnice-c1\/#breadcrumb","itemListElement":[{"@type":"ListItem","position":1,"name":"Home","item":"https:\/\/parlo-italiano.cz\/cs\/"},{"@type":"ListItem","position":2,"name":"Kurzy","item":"https:\/\/parlo-italiano.cz\/cs\/kurzy\/"},{"@type":"ListItem","position":3,"name":"Na\u0161e u\u010debnice C1"}]},{"@type":"WebSite","@id":"https:\/\/parlo-italiano.cz\/#website","url":"https:\/\/parlo-italiano.cz\/","name":"Parlo Italiano","description":"Corsi di lingua italiana","publisher":{"@id":"https:\/\/parlo-italiano.cz\/#organization"},"potentialAction":[{"@type":"SearchAction","target":{"@type":"EntryPoint","urlTemplate":"https:\/\/parlo-italiano.cz\/?s={search_term_string}"},"query-input":{"@type":"PropertyValueSpecification","valueRequired":true,"valueName":"search_term_string"}}],"inLanguage":"cs"},{"@type":"Organization","@id":"https:\/\/parlo-italiano.cz\/#organization","name":"Istituto Italiano di Cultura Praga","url":"https:\/\/parlo-italiano.cz\/","logo":{"@type":"ImageObject","inLanguage":"cs","@id":"https:\/\/parlo-italiano.cz\/#\/schema\/logo\/image\/","url":"https:\/\/parlo-italiano.cz\/wp-content\/uploads\/2020\/03\/logo_iic.png","contentUrl":"https:\/\/parlo-italiano.cz\/wp-content\/uploads\/2020\/03\/logo_iic.png","width":230,"height":130,"caption":"Istituto Italiano di Cultura Praga"},"image":{"@id":"https:\/\/parlo-italiano.cz\/#\/schema\/logo\/image\/"}}]}},"_links":{"self":[{"href":"https:\/\/parlo-italiano.cz\/cs\/wp-json\/wp\/v2\/product\/16595","targetHints":{"allow":["GET"]}}],"collection":[{"href":"https:\/\/parlo-italiano.cz\/cs\/wp-json\/wp\/v2\/product"}],"about":[{"href":"https:\/\/parlo-italiano.cz\/cs\/wp-json\/wp\/v2\/types\/product"}],"wp:featuredmedia":[{"embeddable":true,"href":"https:\/\/parlo-italiano.cz\/cs\/wp-json\/wp\/v2\/media\/32032"}],"wp:attachment":[{"href":"https:\/\/parlo-italiano.cz\/cs\/wp-json\/wp\/v2\/media?parent=16595"}],"wp:term":[{"taxonomy":"product_brand","embeddable":true,"href":"https:\/\/parlo-italiano.cz\/cs\/wp-json\/wp\/v2\/product_brand?post=16595"},{"taxonomy":"product_cat","embeddable":true,"href":"https:\/\/parlo-italiano.cz\/cs\/wp-json\/wp\/v2\/product_cat?post=16595"},{"taxonomy":"product_tag","embeddable":true,"href":"https:\/\/parlo-italiano.cz\/cs\/wp-json\/wp\/v2\/product_tag?post=16595"}],"curies":[{"name":"wp","href":"https:\/\/api.w.org\/{rel}","templated":true}]}}