{"id":16610,"date":"2020-12-15T09:06:07","date_gmt":"2020-12-15T09:06:07","guid":{"rendered":"https:\/\/parlo-italiano.com\/?post_type=product&#038;p=16610"},"modified":"2020-12-15T09:06:07","modified_gmt":"2020-12-15T09:06:07","slug":"nase-ucebnice-pro-teenagery","status":"publish","type":"product","link":"https:\/\/parlo-italiano.cz\/cs\/ucebnice\/nase-ucebnice-pro-teenagery\/","title":{"rendered":"Na\u0161e u\u010debnice pro teenagery"},"content":{"rendered":"<section class=\"wpb-content-wrapper\"><div class=\"vc_row wpb_row vc_row-fluid\">\n<div class=\"wpb_column vc_column_container vc_col-sm-12\">\n<div class=\"vc_column-inner\">\n<div class=\"wpb_wrapper\">\n<div class=\"wpb_text_column wpb_content_element \">\n<div class=\"wpb_wrapper\">\n<div class=\"vc_row wpb_row vc_row-fluid\">\n<div class=\"wpb_column vc_column_container vc_col-sm-12\">\n<div class=\"vc_column-inner\">\n<div class=\"wpb_wrapper\">\n<div class=\"wpb_text_column wpb_content_element \">\n<div class=\"wpb_wrapper\">Pro kurzy pro teenagery pou\u017e\u00edv\u00e1me v\u017edy modern\u00ed a rozmanit\u00e9 didaktick\u00e9 materi\u00e1ly. Jsme v kontaktu s hlavn\u00edmi italsk\u00fdmi vydavatelstv\u00edmi v oboru, sledujeme vydavatelsk\u00e9 novinky, m\u00e1me bohatou knihovnu specializovanou na v\u00fduku italsk\u00e9ho jazyka LS a pro na\u0161e kurzy vytv\u00e1\u0159\u00edme mnoho ad hoc materi\u00e1l\u016f.<\/div>\n<div><\/div>\n<p><span class=\"VIiyi\" jsaction=\"mouseup:BR6jm\" jsname=\"jqKxS\" lang=\"en\"><span jsaction=\"agoMJf:PFBcW;usxOmf:aWLT7;jhKsnd:P7O7bd,F8DmGf;Q4AGo:Gm7gYd,qAKMYb;uFUCPb:pvnm0e,pfE8Hb,PFBcW;f56efd:dJXsye;EnoYf:KNzws,ZJsZZ,JgVSJc;zdMJQc:cCQNKb,ZJsZZ,zchEXc;Ytrrj:JJDvdc;tNR8yc:GeFvjb;oFN6Ye:hij5Wb\" jscontroller=\"Zl5N8\" jsmodel=\"SsMkhd\" jsname=\"txFAF\" class=\"JLqJ4b ChMk0b\" data-language-for-alternatives=\"en\" data-language-to-translate-into=\"it\" data-phrase-index=\"1\" jsdata=\"uqLsIf;_;$19\"><span jsaction=\"click:qtZ4nf,GFf3ac,tMZCfe; contextmenu:Nqw7Te,QP7LD; mouseout:Nqw7Te; mouseover:qtZ4nf,c2aHje\" jsname=\"W297wb\"><strong>Parla con me <\/strong><span class=\"VIiyi\" jsaction=\"mouseup:BR6jm\" jsname=\"jqKxS\" lang=\"cs\"><span jsaction=\"agoMJf:PFBcW;usxOmf:aWLT7;jhKsnd:P7O7bd,F8DmGf;Q4AGo:Gm7gYd,qAKMYb;uFUCPb:pvnm0e,pfE8Hb,PFBcW;f56efd:dJXsye;EnoYf:KNzws,ZJsZZ,JgVSJc;zdMJQc:cCQNKb,ZJsZZ,zchEXc;Ytrrj:JJDvdc;tNR8yc:GeFvjb;oFN6Ye:hij5Wb\" jscontroller=\"Zl5N8\" jsmodel=\"SsMkhd\" jsname=\"txFAF\" class=\"JLqJ4b ChMk0b\" data-language-for-alternatives=\"cs\" data-language-to-translate-into=\"it\" data-phrase-index=\"0\" jsdata=\"uqLsIf;_;$31\">je kurz italsk\u00e9ho jazyka zam\u011b\u0159en\u00fd na teenagery, rozd\u011blen\u00fd do t\u0159\u00ed \u00farovn\u00ed &#8211; A1, A2, B1.<\/span><span jsaction=\"agoMJf:PFBcW;usxOmf:aWLT7;jhKsnd:P7O7bd,F8DmGf;Q4AGo:Gm7gYd,qAKMYb;uFUCPb:pvnm0e,pfE8Hb,PFBcW;f56efd:dJXsye;EnoYf:KNzws,ZJsZZ,JgVSJc;zdMJQc:cCQNKb,ZJsZZ,zchEXc;Ytrrj:JJDvdc;tNR8yc:GeFvjb;oFN6Ye:hij5Wb\" jscontroller=\"Zl5N8\" jsmodel=\"SsMkhd\" jsname=\"txFAF\" class=\"JLqJ4b\" data-language-for-alternatives=\"cs\" data-language-to-translate-into=\"it\" data-phrase-index=\"1\" jsdata=\"uqLsIf;_;$32\"> <\/span><span jsaction=\"agoMJf:PFBcW;usxOmf:aWLT7;jhKsnd:P7O7bd,F8DmGf;Q4AGo:Gm7gYd,qAKMYb;uFUCPb:pvnm0e,pfE8Hb,PFBcW;f56efd:dJXsye;EnoYf:KNzws,ZJsZZ,JgVSJc;zdMJQc:cCQNKb,ZJsZZ,zchEXc;Ytrrj:JJDvdc;tNR8yc:GeFvjb;oFN6Ye:hij5Wb\" jscontroller=\"Zl5N8\" jsmodel=\"SsMkhd\" jsname=\"txFAF\" class=\"JLqJ4b ChMk0b\" data-language-for-alternatives=\"cs\" data-language-to-translate-into=\"it\" data-phrase-index=\"2\" jsdata=\"uqLsIf;_;$33\">Navrhuje t\u00e9mata a situace rozd\u011blen\u00e9 do tematick\u00fdch oblast\u00ed, kter\u00e9 zaj\u00edmaj\u00ed teenage\u0159i<\/span><\/span><\/span><\/span><\/span><span class=\"VIiyi\" jsaction=\"mouseup:BR6jm\" jsname=\"jqKxS\" lang=\"en\"><span jsaction=\"agoMJf:PFBcW;usxOmf:aWLT7;jhKsnd:P7O7bd,F8DmGf;Q4AGo:Gm7gYd,qAKMYb;uFUCPb:pvnm0e,pfE8Hb,PFBcW;f56efd:dJXsye;EnoYf:KNzws,ZJsZZ,JgVSJc;zdMJQc:cCQNKb,ZJsZZ,zchEXc;Ytrrj:JJDvdc;tNR8yc:GeFvjb;oFN6Ye:hij5Wb\" jscontroller=\"Zl5N8\" jsmodel=\"SsMkhd\" jsname=\"txFAF\" class=\"JLqJ4b ChMk0b\" data-language-for-alternatives=\"en\" data-language-to-translate-into=\"it\" data-phrase-index=\"1\" jsdata=\"uqLsIf;_;$19\"><span jsaction=\"click:qtZ4nf,GFf3ac,tMZCfe; contextmenu:Nqw7Te,QP7LD; mouseout:Nqw7Te; mouseover:qtZ4nf,c2aHje\" jsname=\"W297wb\"><span class=\"VIiyi\" jsaction=\"mouseup:BR6jm\" jsname=\"jqKxS\" lang=\"cs\"><span jsaction=\"agoMJf:PFBcW;usxOmf:aWLT7;jhKsnd:P7O7bd,F8DmGf;Q4AGo:Gm7gYd,qAKMYb;uFUCPb:pvnm0e,pfE8Hb,PFBcW;f56efd:dJXsye;EnoYf:KNzws,ZJsZZ,JgVSJc;zdMJQc:cCQNKb,ZJsZZ,zchEXc;Ytrrj:JJDvdc;tNR8yc:GeFvjb;oFN6Ye:hij5Wb\" jscontroller=\"Zl5N8\" jsmodel=\"SsMkhd\" jsname=\"txFAF\" class=\"JLqJ4b ChMk0b\" data-language-for-alternatives=\"cs\" data-language-to-translate-into=\"it\" data-phrase-index=\"2\" jsdata=\"uqLsIf;_;$33\">, a to prost\u0159ednictv\u00edm hrav\u00e9ho p\u0159\u00edstupu, d\u00edky kter\u00e9mu je u\u010den\u00ed p\u0159\u00edjemn\u00e9 a podn\u011btn\u00e9.<\/span><\/span><strong><br \/><\/strong><\/span><\/span><\/span><\/p>\n<p><strong><span>Parla con me 1 (<span class=\"autori_nome\">Katia D&#8217;Angelo<\/span>, <span class=\"autori_nome\">Diana Pedol<\/span>, <span class=\"autori_nome\">Laura Vanoli<\/span>), Alma Edizioni<\/span>.<\/strong><strong><br \/><\/strong><span class=\"autori_nome\"><\/span><\/p>\n<p><strong><span>Parla con me 2 (<span class=\"autori_nome\">Katia D&#8217;Angelo, Diana Pedol, Ciro Mazzotta<\/span>), Alma Edizioni<\/span>.<\/strong><strong><\/strong><\/p>\n<p><strong><span>Parla con me 3 (<span class=\"autori_nome\">Filomena Anzivino<\/span>, <span class=\"autori_nome\">Katia D&#8217;Angelo<\/span>, <span class=\"autori_nome\">Diana Pedol<\/span>), Alma Edizioni<\/span>.<\/strong><\/p>\n<\/div>\n<\/div>\n<\/div>\n<\/div>\n<\/div>\n<\/div>\n<\/div>\n<\/div>\n<\/div>\n<\/div>\n<\/div>\n<\/section>","protected":false},"excerpt":{"rendered":"<p>Pro kurzy pro teenagery pou\u017e\u00edv\u00e1me v\u017edy modern\u00ed a rozmanit\u00e9 didaktick\u00e9 materi\u00e1ly. Jsme v kontaktu s hlavn\u00edmi italsk\u00fdmi vydavatelstv\u00edmi v oboru, sledujeme vydavatelsk\u00e9 novinky, m\u00e1me bohatou knihovnu specializovanou na v\u00fduku italsk\u00e9ho jazyka LS a pro na\u0161e kurzy vytv\u00e1\u0159\u00edme mnoho ad hoc materi\u00e1l\u016f. Parla con me je kurz italsk\u00e9ho jazyka zam\u011b\u0159en\u00fd na<\/p>\n","protected":false},"featured_media":16613,"template":"","meta":[],"product_brand":[],"product_cat":[268],"product_tag":[],"class_list":{"0":"post-16610","1":"product","2":"type-product","3":"status-publish","4":"has-post-thumbnail","6":"product_cat-ucebnice","8":"first","9":"instock","10":"virtual","11":"purchasable","12":"product-type-simple"},"yoast_head":"<!-- This site is optimized with the Yoast SEO plugin v27.4 - https:\/\/yoast.com\/product\/yoast-seo-wordpress\/ -->\n<title>Na\u0161e u\u010debnice pro teenagery - Parlo Italiano<\/title>\n<meta name=\"robots\" content=\"index, follow, max-snippet:-1, max-image-preview:large, max-video-preview:-1\" \/>\n<link rel=\"canonical\" href=\"https:\/\/parlo-italiano.cz\/cs\/ucebnice\/nase-ucebnice-pro-teenagery\/\" \/>\n<meta property=\"og:locale\" content=\"cs_CZ\" \/>\n<meta property=\"og:type\" content=\"article\" \/>\n<meta property=\"og:title\" content=\"Na\u0161e u\u010debnice pro teenagery - Parlo Italiano\" \/>\n<meta property=\"og:description\" content=\"Pro kurzy pro teenagery pou\u017e\u00edv\u00e1me v\u017edy modern\u00ed a rozmanit\u00e9 didaktick\u00e9 materi\u00e1ly. Jsme v kontaktu s hlavn\u00edmi italsk\u00fdmi vydavatelstv\u00edmi v oboru, sledujeme vydavatelsk\u00e9 novinky, m\u00e1me bohatou knihovnu specializovanou na v\u00fduku italsk\u00e9ho jazyka LS a pro na\u0161e kurzy vytv\u00e1\u0159\u00edme mnoho ad hoc materi\u00e1l\u016f. Parla con me je kurz italsk\u00e9ho jazyka zam\u011b\u0159en\u00fd na\" \/>\n<meta property=\"og:url\" content=\"https:\/\/parlo-italiano.cz\/cs\/ucebnice\/nase-ucebnice-pro-teenagery\/\" \/>\n<meta property=\"og:site_name\" content=\"Parlo Italiano\" \/>\n<meta property=\"og:image\" content=\"https:\/\/parlo-italiano.cz\/wp-content\/uploads\/2020\/12\/parla-con-me.jpg\" \/>\n\t<meta property=\"og:image:width\" content=\"164\" \/>\n\t<meta property=\"og:image:height\" content=\"209\" \/>\n\t<meta property=\"og:image:type\" content=\"image\/jpeg\" \/>\n<meta name=\"twitter:card\" content=\"summary_large_image\" \/>\n<meta name=\"twitter:label1\" content=\"Odhadovan\u00e1 doba \u010dten\u00ed\" \/>\n\t<meta name=\"twitter:data1\" content=\"1 minuta\" \/>\n<script type=\"application\/ld+json\" class=\"yoast-schema-graph\">{\"@context\":\"https:\\\/\\\/schema.org\",\"@graph\":[{\"@type\":\"WebPage\",\"@id\":\"https:\\\/\\\/parlo-italiano.cz\\\/cs\\\/ucebnice\\\/nase-ucebnice-pro-teenagery\\\/\",\"url\":\"https:\\\/\\\/parlo-italiano.cz\\\/cs\\\/ucebnice\\\/nase-ucebnice-pro-teenagery\\\/\",\"name\":\"Na\u0161e u\u010debnice pro teenagery - Parlo Italiano\",\"isPartOf\":{\"@id\":\"https:\\\/\\\/parlo-italiano.cz\\\/#website\"},\"primaryImageOfPage\":{\"@id\":\"https:\\\/\\\/parlo-italiano.cz\\\/cs\\\/ucebnice\\\/nase-ucebnice-pro-teenagery\\\/#primaryimage\"},\"image\":{\"@id\":\"https:\\\/\\\/parlo-italiano.cz\\\/cs\\\/ucebnice\\\/nase-ucebnice-pro-teenagery\\\/#primaryimage\"},\"thumbnailUrl\":\"https:\\\/\\\/parlo-italiano.cz\\\/wp-content\\\/uploads\\\/2020\\\/12\\\/parla-con-me.jpg\",\"datePublished\":\"2020-12-15T09:06:07+00:00\",\"breadcrumb\":{\"@id\":\"https:\\\/\\\/parlo-italiano.cz\\\/cs\\\/ucebnice\\\/nase-ucebnice-pro-teenagery\\\/#breadcrumb\"},\"inLanguage\":\"cs\",\"potentialAction\":[{\"@type\":\"ReadAction\",\"target\":[\"https:\\\/\\\/parlo-italiano.cz\\\/cs\\\/ucebnice\\\/nase-ucebnice-pro-teenagery\\\/\"]}]},{\"@type\":\"ImageObject\",\"inLanguage\":\"cs\",\"@id\":\"https:\\\/\\\/parlo-italiano.cz\\\/cs\\\/ucebnice\\\/nase-ucebnice-pro-teenagery\\\/#primaryimage\",\"url\":\"https:\\\/\\\/parlo-italiano.cz\\\/wp-content\\\/uploads\\\/2020\\\/12\\\/parla-con-me.jpg\",\"contentUrl\":\"https:\\\/\\\/parlo-italiano.cz\\\/wp-content\\\/uploads\\\/2020\\\/12\\\/parla-con-me.jpg\",\"width\":164,\"height\":209},{\"@type\":\"BreadcrumbList\",\"@id\":\"https:\\\/\\\/parlo-italiano.cz\\\/cs\\\/ucebnice\\\/nase-ucebnice-pro-teenagery\\\/#breadcrumb\",\"itemListElement\":[{\"@type\":\"ListItem\",\"position\":1,\"name\":\"Home\",\"item\":\"https:\\\/\\\/parlo-italiano.cz\\\/cs\\\/\"},{\"@type\":\"ListItem\",\"position\":2,\"name\":\"Kurzy\",\"item\":\"https:\\\/\\\/parlo-italiano.cz\\\/cs\\\/kurzy\\\/\"},{\"@type\":\"ListItem\",\"position\":3,\"name\":\"Na\u0161e u\u010debnice pro teenagery\"}]},{\"@type\":\"WebSite\",\"@id\":\"https:\\\/\\\/parlo-italiano.cz\\\/#website\",\"url\":\"https:\\\/\\\/parlo-italiano.cz\\\/\",\"name\":\"Parlo Italiano\",\"description\":\"Corsi di lingua italiana\",\"publisher\":{\"@id\":\"https:\\\/\\\/parlo-italiano.cz\\\/#organization\"},\"potentialAction\":[{\"@type\":\"SearchAction\",\"target\":{\"@type\":\"EntryPoint\",\"urlTemplate\":\"https:\\\/\\\/parlo-italiano.cz\\\/?s={search_term_string}\"},\"query-input\":{\"@type\":\"PropertyValueSpecification\",\"valueRequired\":true,\"valueName\":\"search_term_string\"}}],\"inLanguage\":\"cs\"},{\"@type\":\"Organization\",\"@id\":\"https:\\\/\\\/parlo-italiano.cz\\\/#organization\",\"name\":\"Istituto Italiano di Cultura Praga\",\"url\":\"https:\\\/\\\/parlo-italiano.cz\\\/\",\"logo\":{\"@type\":\"ImageObject\",\"inLanguage\":\"cs\",\"@id\":\"https:\\\/\\\/parlo-italiano.cz\\\/#\\\/schema\\\/logo\\\/image\\\/\",\"url\":\"https:\\\/\\\/parlo-italiano.cz\\\/wp-content\\\/uploads\\\/2020\\\/03\\\/logo_iic.png\",\"contentUrl\":\"https:\\\/\\\/parlo-italiano.cz\\\/wp-content\\\/uploads\\\/2020\\\/03\\\/logo_iic.png\",\"width\":230,\"height\":130,\"caption\":\"Istituto Italiano di Cultura Praga\"},\"image\":{\"@id\":\"https:\\\/\\\/parlo-italiano.cz\\\/#\\\/schema\\\/logo\\\/image\\\/\"}}]}<\/script>\n<!-- \/ Yoast SEO plugin. -->","yoast_head_json":{"title":"Na\u0161e u\u010debnice pro teenagery - Parlo Italiano","robots":{"index":"index","follow":"follow","max-snippet":"max-snippet:-1","max-image-preview":"max-image-preview:large","max-video-preview":"max-video-preview:-1"},"canonical":"https:\/\/parlo-italiano.cz\/cs\/ucebnice\/nase-ucebnice-pro-teenagery\/","og_locale":"cs_CZ","og_type":"article","og_title":"Na\u0161e u\u010debnice pro teenagery - Parlo Italiano","og_description":"Pro kurzy pro teenagery pou\u017e\u00edv\u00e1me v\u017edy modern\u00ed a rozmanit\u00e9 didaktick\u00e9 materi\u00e1ly. Jsme v kontaktu s hlavn\u00edmi italsk\u00fdmi vydavatelstv\u00edmi v oboru, sledujeme vydavatelsk\u00e9 novinky, m\u00e1me bohatou knihovnu specializovanou na v\u00fduku italsk\u00e9ho jazyka LS a pro na\u0161e kurzy vytv\u00e1\u0159\u00edme mnoho ad hoc materi\u00e1l\u016f. Parla con me je kurz italsk\u00e9ho jazyka zam\u011b\u0159en\u00fd na","og_url":"https:\/\/parlo-italiano.cz\/cs\/ucebnice\/nase-ucebnice-pro-teenagery\/","og_site_name":"Parlo Italiano","og_image":[{"width":164,"height":209,"url":"https:\/\/parlo-italiano.cz\/wp-content\/uploads\/2020\/12\/parla-con-me.jpg","type":"image\/jpeg"}],"twitter_card":"summary_large_image","twitter_misc":{"Odhadovan\u00e1 doba \u010dten\u00ed":"1 minuta"},"schema":{"@context":"https:\/\/schema.org","@graph":[{"@type":"WebPage","@id":"https:\/\/parlo-italiano.cz\/cs\/ucebnice\/nase-ucebnice-pro-teenagery\/","url":"https:\/\/parlo-italiano.cz\/cs\/ucebnice\/nase-ucebnice-pro-teenagery\/","name":"Na\u0161e u\u010debnice pro teenagery - Parlo Italiano","isPartOf":{"@id":"https:\/\/parlo-italiano.cz\/#website"},"primaryImageOfPage":{"@id":"https:\/\/parlo-italiano.cz\/cs\/ucebnice\/nase-ucebnice-pro-teenagery\/#primaryimage"},"image":{"@id":"https:\/\/parlo-italiano.cz\/cs\/ucebnice\/nase-ucebnice-pro-teenagery\/#primaryimage"},"thumbnailUrl":"https:\/\/parlo-italiano.cz\/wp-content\/uploads\/2020\/12\/parla-con-me.jpg","datePublished":"2020-12-15T09:06:07+00:00","breadcrumb":{"@id":"https:\/\/parlo-italiano.cz\/cs\/ucebnice\/nase-ucebnice-pro-teenagery\/#breadcrumb"},"inLanguage":"cs","potentialAction":[{"@type":"ReadAction","target":["https:\/\/parlo-italiano.cz\/cs\/ucebnice\/nase-ucebnice-pro-teenagery\/"]}]},{"@type":"ImageObject","inLanguage":"cs","@id":"https:\/\/parlo-italiano.cz\/cs\/ucebnice\/nase-ucebnice-pro-teenagery\/#primaryimage","url":"https:\/\/parlo-italiano.cz\/wp-content\/uploads\/2020\/12\/parla-con-me.jpg","contentUrl":"https:\/\/parlo-italiano.cz\/wp-content\/uploads\/2020\/12\/parla-con-me.jpg","width":164,"height":209},{"@type":"BreadcrumbList","@id":"https:\/\/parlo-italiano.cz\/cs\/ucebnice\/nase-ucebnice-pro-teenagery\/#breadcrumb","itemListElement":[{"@type":"ListItem","position":1,"name":"Home","item":"https:\/\/parlo-italiano.cz\/cs\/"},{"@type":"ListItem","position":2,"name":"Kurzy","item":"https:\/\/parlo-italiano.cz\/cs\/kurzy\/"},{"@type":"ListItem","position":3,"name":"Na\u0161e u\u010debnice pro teenagery"}]},{"@type":"WebSite","@id":"https:\/\/parlo-italiano.cz\/#website","url":"https:\/\/parlo-italiano.cz\/","name":"Parlo Italiano","description":"Corsi di lingua italiana","publisher":{"@id":"https:\/\/parlo-italiano.cz\/#organization"},"potentialAction":[{"@type":"SearchAction","target":{"@type":"EntryPoint","urlTemplate":"https:\/\/parlo-italiano.cz\/?s={search_term_string}"},"query-input":{"@type":"PropertyValueSpecification","valueRequired":true,"valueName":"search_term_string"}}],"inLanguage":"cs"},{"@type":"Organization","@id":"https:\/\/parlo-italiano.cz\/#organization","name":"Istituto Italiano di Cultura Praga","url":"https:\/\/parlo-italiano.cz\/","logo":{"@type":"ImageObject","inLanguage":"cs","@id":"https:\/\/parlo-italiano.cz\/#\/schema\/logo\/image\/","url":"https:\/\/parlo-italiano.cz\/wp-content\/uploads\/2020\/03\/logo_iic.png","contentUrl":"https:\/\/parlo-italiano.cz\/wp-content\/uploads\/2020\/03\/logo_iic.png","width":230,"height":130,"caption":"Istituto Italiano di Cultura Praga"},"image":{"@id":"https:\/\/parlo-italiano.cz\/#\/schema\/logo\/image\/"}}]}},"_links":{"self":[{"href":"https:\/\/parlo-italiano.cz\/cs\/wp-json\/wp\/v2\/product\/16610","targetHints":{"allow":["GET"]}}],"collection":[{"href":"https:\/\/parlo-italiano.cz\/cs\/wp-json\/wp\/v2\/product"}],"about":[{"href":"https:\/\/parlo-italiano.cz\/cs\/wp-json\/wp\/v2\/types\/product"}],"wp:featuredmedia":[{"embeddable":true,"href":"https:\/\/parlo-italiano.cz\/cs\/wp-json\/wp\/v2\/media\/16613"}],"wp:attachment":[{"href":"https:\/\/parlo-italiano.cz\/cs\/wp-json\/wp\/v2\/media?parent=16610"}],"wp:term":[{"taxonomy":"product_brand","embeddable":true,"href":"https:\/\/parlo-italiano.cz\/cs\/wp-json\/wp\/v2\/product_brand?post=16610"},{"taxonomy":"product_cat","embeddable":true,"href":"https:\/\/parlo-italiano.cz\/cs\/wp-json\/wp\/v2\/product_cat?post=16610"},{"taxonomy":"product_tag","embeddable":true,"href":"https:\/\/parlo-italiano.cz\/cs\/wp-json\/wp\/v2\/product_tag?post=16610"}],"curies":[{"name":"wp","href":"https:\/\/api.w.org\/{rel}","templated":true}]}}