{"id":17516,"date":"2020-04-30T06:07:52","date_gmt":"2020-04-30T06:07:52","guid":{"rendered":"https:\/\/parlo-italiano.com\/nezarazene\/intenzivni-kurz-30-hodin\/"},"modified":"2021-08-12T20:49:47","modified_gmt":"2021-08-12T18:49:47","slug":"intenzivni-kurz-30-hodini","status":"publish","type":"product","link":"https:\/\/parlo-italiano.cz\/cs\/kategorie-letni-kurzy\/intenzivni-kurz-30-hodini\/","title":{"rendered":"Intenzivn\u00ed kurz 30 hodin"},"content":{"rendered":"<p>Intenzivn\u00ed kurz m\u00e1 28 hodin lekc\u00ed plus z\u00e1v\u011bre\u010dn\u00fd test. Kon\u00e1 se od pond\u011bl\u00ed do p\u00e1tku, 9:00 \u2013 15:40 hod.<\/p>\n<p><strong>Data za\u010d\u00e1tku kurz\u016f jsou: 12.7, 19.7, 26.7<\/strong><\/p>\n<p><strong>Otev\u00edraj\u00ed se \u00farovn\u011b:<\/strong><\/p>\n<p>A1a: absolutn\u00ed za\u010d\u00e1te\u010dn\u00edci<\/p>\n<p>Prohlouben\u00ed A1<\/p>\n<p>Prohlouben\u00ed A2<\/p>\n<p>Prohlouben\u00ed B1<\/p>\n<p><strong>Chcete-li se zaregistrovat, kontaktujte n\u00e1s e-mailem:<\/strong> corsi.iicpraga@esteri.it.<\/p>\n","protected":false},"excerpt":{"rendered":"<p>Intenzivn\u00ed kurz m\u00e1 28 hodin lekc\u00ed plus z\u00e1v\u011bre\u010dn\u00fd test. Kon\u00e1 se od pond\u011bl\u00ed do p\u00e1tku, 9:00 \u2013 15:40 hod. Data za\u010d\u00e1tku kurz\u016f jsou: 12.7, 19.7, 26.7 Otev\u00edraj\u00ed se \u00farovn\u011b: A1a: absolutn\u00ed za\u010d\u00e1te\u010dn\u00edci Prohlouben\u00ed A1 Prohlouben\u00ed A2 Prohlouben\u00ed B1 Chcete-li se zaregistrovat, kontaktujte n\u00e1s e-mailem: corsi.iicpraga@esteri.it.<\/p>\n","protected":false},"featured_media":15019,"template":"","meta":[],"product_brand":[],"product_cat":[211],"product_tag":[],"class_list":{"0":"post-17516","1":"product","2":"type-product","3":"status-publish","4":"has-post-thumbnail","6":"product_cat-kategorie-letni-kurzy","8":"first","9":"outofstock","10":"virtual","11":"purchasable","12":"product-type-simple"},"yoast_head":"<!-- This site is optimized with the Yoast SEO plugin v27.4 - https:\/\/yoast.com\/product\/yoast-seo-wordpress\/ -->\n<title>Intenzivn\u00ed kurz 30 hodin - Parlo Italiano<\/title>\n<meta name=\"robots\" content=\"index, follow, max-snippet:-1, max-image-preview:large, max-video-preview:-1\" \/>\n<link rel=\"canonical\" href=\"https:\/\/parlo-italiano.cz\/cs\/kategorie-letni-kurzy\/intenzivni-kurz-30-hodini\/\" \/>\n<meta property=\"og:locale\" content=\"cs_CZ\" \/>\n<meta property=\"og:type\" content=\"article\" \/>\n<meta property=\"og:title\" content=\"Intenzivn\u00ed kurz 30 hodin - Parlo Italiano\" \/>\n<meta property=\"og:description\" content=\"Intenzivn\u00ed kurz m\u00e1 28 hodin lekc\u00ed plus z\u00e1v\u011bre\u010dn\u00fd test. Kon\u00e1 se od pond\u011bl\u00ed do p\u00e1tku, 9:00 \u2013 15:40 hod. Data za\u010d\u00e1tku kurz\u016f jsou: 12.7, 19.7, 26.7 Otev\u00edraj\u00ed se \u00farovn\u011b: A1a: absolutn\u00ed za\u010d\u00e1te\u010dn\u00edci Prohlouben\u00ed A1 Prohlouben\u00ed A2 Prohlouben\u00ed B1 Chcete-li se zaregistrovat, kontaktujte n\u00e1s e-mailem: corsi.iicpraga@esteri.it.\" \/>\n<meta property=\"og:url\" content=\"https:\/\/parlo-italiano.cz\/cs\/kategorie-letni-kurzy\/intenzivni-kurz-30-hodini\/\" \/>\n<meta property=\"og:site_name\" content=\"Parlo Italiano\" \/>\n<meta property=\"article:modified_time\" content=\"2021-08-12T18:49:47+00:00\" \/>\n<meta property=\"og:image\" content=\"https:\/\/parlo-italiano.cz\/wp-content\/uploads\/2020\/03\/Certificazione-CILS-min.jpg\" \/>\n\t<meta property=\"og:image:width\" content=\"1920\" \/>\n\t<meta property=\"og:image:height\" content=\"1080\" \/>\n\t<meta property=\"og:image:type\" content=\"image\/jpeg\" \/>\n<meta name=\"twitter:card\" content=\"summary_large_image\" \/>\n<script type=\"application\/ld+json\" class=\"yoast-schema-graph\">{\"@context\":\"https:\\\/\\\/schema.org\",\"@graph\":[{\"@type\":\"WebPage\",\"@id\":\"https:\\\/\\\/parlo-italiano.cz\\\/cs\\\/kategorie-letni-kurzy\\\/intenzivni-kurz-30-hodini\\\/\",\"url\":\"https:\\\/\\\/parlo-italiano.cz\\\/cs\\\/kategorie-letni-kurzy\\\/intenzivni-kurz-30-hodini\\\/\",\"name\":\"Intenzivn\u00ed kurz 30 hodin - Parlo Italiano\",\"isPartOf\":{\"@id\":\"https:\\\/\\\/parlo-italiano.cz\\\/#website\"},\"primaryImageOfPage\":{\"@id\":\"https:\\\/\\\/parlo-italiano.cz\\\/cs\\\/kategorie-letni-kurzy\\\/intenzivni-kurz-30-hodini\\\/#primaryimage\"},\"image\":{\"@id\":\"https:\\\/\\\/parlo-italiano.cz\\\/cs\\\/kategorie-letni-kurzy\\\/intenzivni-kurz-30-hodini\\\/#primaryimage\"},\"thumbnailUrl\":\"https:\\\/\\\/parlo-italiano.cz\\\/wp-content\\\/uploads\\\/2020\\\/03\\\/Certificazione-CILS-min.jpg\",\"datePublished\":\"2020-04-30T06:07:52+00:00\",\"dateModified\":\"2021-08-12T18:49:47+00:00\",\"breadcrumb\":{\"@id\":\"https:\\\/\\\/parlo-italiano.cz\\\/cs\\\/kategorie-letni-kurzy\\\/intenzivni-kurz-30-hodini\\\/#breadcrumb\"},\"inLanguage\":\"cs\",\"potentialAction\":[{\"@type\":\"ReadAction\",\"target\":[\"https:\\\/\\\/parlo-italiano.cz\\\/cs\\\/kategorie-letni-kurzy\\\/intenzivni-kurz-30-hodini\\\/\"]}]},{\"@type\":\"ImageObject\",\"inLanguage\":\"cs\",\"@id\":\"https:\\\/\\\/parlo-italiano.cz\\\/cs\\\/kategorie-letni-kurzy\\\/intenzivni-kurz-30-hodini\\\/#primaryimage\",\"url\":\"https:\\\/\\\/parlo-italiano.cz\\\/wp-content\\\/uploads\\\/2020\\\/03\\\/Certificazione-CILS-min.jpg\",\"contentUrl\":\"https:\\\/\\\/parlo-italiano.cz\\\/wp-content\\\/uploads\\\/2020\\\/03\\\/Certificazione-CILS-min.jpg\",\"width\":1920,\"height\":1080},{\"@type\":\"BreadcrumbList\",\"@id\":\"https:\\\/\\\/parlo-italiano.cz\\\/cs\\\/kategorie-letni-kurzy\\\/intenzivni-kurz-30-hodini\\\/#breadcrumb\",\"itemListElement\":[{\"@type\":\"ListItem\",\"position\":1,\"name\":\"Home\",\"item\":\"https:\\\/\\\/parlo-italiano.cz\\\/cs\\\/\"},{\"@type\":\"ListItem\",\"position\":2,\"name\":\"Kurzy\",\"item\":\"https:\\\/\\\/parlo-italiano.cz\\\/cs\\\/kurzy\\\/\"},{\"@type\":\"ListItem\",\"position\":3,\"name\":\"Intenzivn\u00ed kurz 30 hodin\"}]},{\"@type\":\"WebSite\",\"@id\":\"https:\\\/\\\/parlo-italiano.cz\\\/#website\",\"url\":\"https:\\\/\\\/parlo-italiano.cz\\\/\",\"name\":\"Parlo Italiano\",\"description\":\"Corsi di lingua italiana\",\"publisher\":{\"@id\":\"https:\\\/\\\/parlo-italiano.cz\\\/#organization\"},\"potentialAction\":[{\"@type\":\"SearchAction\",\"target\":{\"@type\":\"EntryPoint\",\"urlTemplate\":\"https:\\\/\\\/parlo-italiano.cz\\\/?s={search_term_string}\"},\"query-input\":{\"@type\":\"PropertyValueSpecification\",\"valueRequired\":true,\"valueName\":\"search_term_string\"}}],\"inLanguage\":\"cs\"},{\"@type\":\"Organization\",\"@id\":\"https:\\\/\\\/parlo-italiano.cz\\\/#organization\",\"name\":\"Istituto Italiano di Cultura Praga\",\"url\":\"https:\\\/\\\/parlo-italiano.cz\\\/\",\"logo\":{\"@type\":\"ImageObject\",\"inLanguage\":\"cs\",\"@id\":\"https:\\\/\\\/parlo-italiano.cz\\\/#\\\/schema\\\/logo\\\/image\\\/\",\"url\":\"https:\\\/\\\/parlo-italiano.cz\\\/wp-content\\\/uploads\\\/2020\\\/03\\\/logo_iic.png\",\"contentUrl\":\"https:\\\/\\\/parlo-italiano.cz\\\/wp-content\\\/uploads\\\/2020\\\/03\\\/logo_iic.png\",\"width\":230,\"height\":130,\"caption\":\"Istituto Italiano di Cultura Praga\"},\"image\":{\"@id\":\"https:\\\/\\\/parlo-italiano.cz\\\/#\\\/schema\\\/logo\\\/image\\\/\"}}]}<\/script>\n<!-- \/ Yoast SEO plugin. -->","yoast_head_json":{"title":"Intenzivn\u00ed kurz 30 hodin - Parlo Italiano","robots":{"index":"index","follow":"follow","max-snippet":"max-snippet:-1","max-image-preview":"max-image-preview:large","max-video-preview":"max-video-preview:-1"},"canonical":"https:\/\/parlo-italiano.cz\/cs\/kategorie-letni-kurzy\/intenzivni-kurz-30-hodini\/","og_locale":"cs_CZ","og_type":"article","og_title":"Intenzivn\u00ed kurz 30 hodin - Parlo Italiano","og_description":"Intenzivn\u00ed kurz m\u00e1 28 hodin lekc\u00ed plus z\u00e1v\u011bre\u010dn\u00fd test. Kon\u00e1 se od pond\u011bl\u00ed do p\u00e1tku, 9:00 \u2013 15:40 hod. Data za\u010d\u00e1tku kurz\u016f jsou: 12.7, 19.7, 26.7 Otev\u00edraj\u00ed se \u00farovn\u011b: A1a: absolutn\u00ed za\u010d\u00e1te\u010dn\u00edci Prohlouben\u00ed A1 Prohlouben\u00ed A2 Prohlouben\u00ed B1 Chcete-li se zaregistrovat, kontaktujte n\u00e1s e-mailem: corsi.iicpraga@esteri.it.","og_url":"https:\/\/parlo-italiano.cz\/cs\/kategorie-letni-kurzy\/intenzivni-kurz-30-hodini\/","og_site_name":"Parlo Italiano","article_modified_time":"2021-08-12T18:49:47+00:00","og_image":[{"width":1920,"height":1080,"url":"https:\/\/parlo-italiano.cz\/wp-content\/uploads\/2020\/03\/Certificazione-CILS-min.jpg","type":"image\/jpeg"}],"twitter_card":"summary_large_image","schema":{"@context":"https:\/\/schema.org","@graph":[{"@type":"WebPage","@id":"https:\/\/parlo-italiano.cz\/cs\/kategorie-letni-kurzy\/intenzivni-kurz-30-hodini\/","url":"https:\/\/parlo-italiano.cz\/cs\/kategorie-letni-kurzy\/intenzivni-kurz-30-hodini\/","name":"Intenzivn\u00ed kurz 30 hodin - Parlo Italiano","isPartOf":{"@id":"https:\/\/parlo-italiano.cz\/#website"},"primaryImageOfPage":{"@id":"https:\/\/parlo-italiano.cz\/cs\/kategorie-letni-kurzy\/intenzivni-kurz-30-hodini\/#primaryimage"},"image":{"@id":"https:\/\/parlo-italiano.cz\/cs\/kategorie-letni-kurzy\/intenzivni-kurz-30-hodini\/#primaryimage"},"thumbnailUrl":"https:\/\/parlo-italiano.cz\/wp-content\/uploads\/2020\/03\/Certificazione-CILS-min.jpg","datePublished":"2020-04-30T06:07:52+00:00","dateModified":"2021-08-12T18:49:47+00:00","breadcrumb":{"@id":"https:\/\/parlo-italiano.cz\/cs\/kategorie-letni-kurzy\/intenzivni-kurz-30-hodini\/#breadcrumb"},"inLanguage":"cs","potentialAction":[{"@type":"ReadAction","target":["https:\/\/parlo-italiano.cz\/cs\/kategorie-letni-kurzy\/intenzivni-kurz-30-hodini\/"]}]},{"@type":"ImageObject","inLanguage":"cs","@id":"https:\/\/parlo-italiano.cz\/cs\/kategorie-letni-kurzy\/intenzivni-kurz-30-hodini\/#primaryimage","url":"https:\/\/parlo-italiano.cz\/wp-content\/uploads\/2020\/03\/Certificazione-CILS-min.jpg","contentUrl":"https:\/\/parlo-italiano.cz\/wp-content\/uploads\/2020\/03\/Certificazione-CILS-min.jpg","width":1920,"height":1080},{"@type":"BreadcrumbList","@id":"https:\/\/parlo-italiano.cz\/cs\/kategorie-letni-kurzy\/intenzivni-kurz-30-hodini\/#breadcrumb","itemListElement":[{"@type":"ListItem","position":1,"name":"Home","item":"https:\/\/parlo-italiano.cz\/cs\/"},{"@type":"ListItem","position":2,"name":"Kurzy","item":"https:\/\/parlo-italiano.cz\/cs\/kurzy\/"},{"@type":"ListItem","position":3,"name":"Intenzivn\u00ed kurz 30 hodin"}]},{"@type":"WebSite","@id":"https:\/\/parlo-italiano.cz\/#website","url":"https:\/\/parlo-italiano.cz\/","name":"Parlo Italiano","description":"Corsi di lingua italiana","publisher":{"@id":"https:\/\/parlo-italiano.cz\/#organization"},"potentialAction":[{"@type":"SearchAction","target":{"@type":"EntryPoint","urlTemplate":"https:\/\/parlo-italiano.cz\/?s={search_term_string}"},"query-input":{"@type":"PropertyValueSpecification","valueRequired":true,"valueName":"search_term_string"}}],"inLanguage":"cs"},{"@type":"Organization","@id":"https:\/\/parlo-italiano.cz\/#organization","name":"Istituto Italiano di Cultura Praga","url":"https:\/\/parlo-italiano.cz\/","logo":{"@type":"ImageObject","inLanguage":"cs","@id":"https:\/\/parlo-italiano.cz\/#\/schema\/logo\/image\/","url":"https:\/\/parlo-italiano.cz\/wp-content\/uploads\/2020\/03\/logo_iic.png","contentUrl":"https:\/\/parlo-italiano.cz\/wp-content\/uploads\/2020\/03\/logo_iic.png","width":230,"height":130,"caption":"Istituto Italiano di Cultura Praga"},"image":{"@id":"https:\/\/parlo-italiano.cz\/#\/schema\/logo\/image\/"}}]}},"_links":{"self":[{"href":"https:\/\/parlo-italiano.cz\/cs\/wp-json\/wp\/v2\/product\/17516","targetHints":{"allow":["GET"]}}],"collection":[{"href":"https:\/\/parlo-italiano.cz\/cs\/wp-json\/wp\/v2\/product"}],"about":[{"href":"https:\/\/parlo-italiano.cz\/cs\/wp-json\/wp\/v2\/types\/product"}],"wp:featuredmedia":[{"embeddable":true,"href":"https:\/\/parlo-italiano.cz\/cs\/wp-json\/wp\/v2\/media\/15019"}],"wp:attachment":[{"href":"https:\/\/parlo-italiano.cz\/cs\/wp-json\/wp\/v2\/media?parent=17516"}],"wp:term":[{"taxonomy":"product_brand","embeddable":true,"href":"https:\/\/parlo-italiano.cz\/cs\/wp-json\/wp\/v2\/product_brand?post=17516"},{"taxonomy":"product_cat","embeddable":true,"href":"https:\/\/parlo-italiano.cz\/cs\/wp-json\/wp\/v2\/product_cat?post=17516"},{"taxonomy":"product_tag","embeddable":true,"href":"https:\/\/parlo-italiano.cz\/cs\/wp-json\/wp\/v2\/product_tag?post=17516"}],"curies":[{"name":"wp","href":"https:\/\/api.w.org\/{rel}","templated":true}]}}