{"id":20929,"date":"2021-08-15T06:17:53","date_gmt":"2021-08-15T04:17:53","guid":{"rendered":"https:\/\/parlo-italiano.cz\/?post_type=product&#038;p=20929"},"modified":"2023-01-29T21:16:47","modified_gmt":"2023-01-29T20:16:47","slug":"italstina-a-kinematografie-b1","status":"publish","type":"product","link":"https:\/\/parlo-italiano.cz\/cs\/kategorie-specialni-kurzy\/italstina-a-kinematografie-b1\/","title":{"rendered":"Ital\u0161tina a kinematografie B1+"},"content":{"rendered":"<p><span class=\"VIiyi\" jsaction=\"mouseup:BR6jm\" jsname=\"jqKxS\" lang=\"cs\">Italsk\u00fd jazyk dvac\u00e1t\u00e9ho stolet\u00ed je spojen s kinematografi\u00ed, kter\u00e1 na jedn\u00e9 stran\u011b inscenuje rozmanitou \u0159e\u010d Ital\u016f a na druh\u00e9 stran\u011b ovliv\u0148uje v\u00fdvoj jazyka. B\u011bhem kurzu v\u00e1m prost\u0159ednictv\u00edm mistrovsk\u00fdch d\u011bl italsk\u00e9 kinematografie p\u0159ibl\u00ed\u017e\u00edme italsk\u00fd jazyk a kulturu dvac\u00e1t\u00e9ho stolet\u00ed. <\/span><\/p>\n<p><span class=\"VIiyi\" jsaction=\"mouseup:BR6jm\" jsname=\"jqKxS\" lang=\"cs\"><span jsaction=\"agoMJf:PFBcW;usxOmf:aWLT7;jhKsnd:P7O7bd,F8DmGf;Q4AGo:Gm7gYd,qAKMYb;uFUCPb:pvnm0e,pfE8Hb,PFBcW;f56efd:dJXsye;EnoYf:KNzws,ZJsZZ,JgVSJc;zdMJQc:cCQNKb,ZJsZZ,zchEXc;Ytrrj:JJDvdc;tNR8yc:GeFvjb;oFN6Ye:hij5Wb\" jscontroller=\"Zl5N8\" jsmodel=\"SsMkhd\" jsname=\"txFAF\" class=\"JLqJ4b ChMk0b\" data-language-for-alternatives=\"cs\" data-language-to-translate-into=\"it\" data-phrase-index=\"5\" jsdata=\"uqLsIf;_;$403\"><span jsaction=\"click:qtZ4nf,GFf3ac,tMZCfe; contextmenu:Nqw7Te,QP7LD; mouseout:Nqw7Te; mouseover:qtZ4nf,c2aHje\" jsname=\"W297wb\">28hodinov\u00fd kurz rozlo\u017een\u00fd do 14 t\u00fddn\u016f. <\/span><\/span><\/span>Ur\u010deno student\u016fm s \u00farovn\u00ed B1+.<\/p>\n<p><strong>Kurz se kon\u00e1 v pond\u011bl\u00ed od 18:00 do 20:00.<\/strong><\/p>\n","protected":false},"excerpt":{"rendered":"<p>Italsk\u00fd jazyk dvac\u00e1t\u00e9ho stolet\u00ed je spojen s kinematografi\u00ed, kter\u00e1 na jedn\u00e9 stran\u011b inscenuje rozmanitou \u0159e\u010d Ital\u016f a na druh\u00e9 stran\u011b ovliv\u0148uje v\u00fdvoj jazyka. B\u011bhem kurzu v\u00e1m prost\u0159ednictv\u00edm mistrovsk\u00fdch d\u011bl italsk\u00e9 kinematografie p\u0159ibl\u00ed\u017e\u00edme italsk\u00fd jazyk a kulturu dvac\u00e1t\u00e9ho stolet\u00ed. 28hodinov\u00fd kurz rozlo\u017een\u00fd do 14 t\u00fddn\u016f. Ur\u010deno student\u016fm s \u00farovn\u00ed B1+. Kurz<\/p>\n","protected":false},"featured_media":20932,"template":"","meta":[],"product_brand":[],"product_cat":[205],"product_tag":[],"class_list":{"0":"post-20929","1":"product","2":"type-product","3":"status-publish","4":"has-post-thumbnail","6":"product_cat-kategorie-specialni-kurzy","8":"first","9":"outofstock","10":"virtual","11":"sold-individually","12":"purchasable","13":"product-type-simple"},"yoast_head":"<!-- This site is optimized with the Yoast SEO plugin v27.3 - https:\/\/yoast.com\/product\/yoast-seo-wordpress\/ -->\n<title>Ital\u0161tina a kinematografie B1+ - Parlo Italiano<\/title>\n<meta name=\"robots\" content=\"index, follow, max-snippet:-1, max-image-preview:large, max-video-preview:-1\" \/>\n<link rel=\"canonical\" href=\"https:\/\/parlo-italiano.cz\/cs\/kategorie-specialni-kurzy\/italstina-a-kinematografie-b1\/\" \/>\n<meta property=\"og:locale\" content=\"cs_CZ\" \/>\n<meta property=\"og:type\" content=\"article\" \/>\n<meta property=\"og:title\" content=\"Ital\u0161tina a kinematografie B1+ - Parlo Italiano\" \/>\n<meta property=\"og:description\" content=\"Italsk\u00fd jazyk dvac\u00e1t\u00e9ho stolet\u00ed je spojen s kinematografi\u00ed, kter\u00e1 na jedn\u00e9 stran\u011b inscenuje rozmanitou \u0159e\u010d Ital\u016f a na druh\u00e9 stran\u011b ovliv\u0148uje v\u00fdvoj jazyka. B\u011bhem kurzu v\u00e1m prost\u0159ednictv\u00edm mistrovsk\u00fdch d\u011bl italsk\u00e9 kinematografie p\u0159ibl\u00ed\u017e\u00edme italsk\u00fd jazyk a kulturu dvac\u00e1t\u00e9ho stolet\u00ed. 28hodinov\u00fd kurz rozlo\u017een\u00fd do 14 t\u00fddn\u016f. Ur\u010deno student\u016fm s \u00farovn\u00ed B1+. Kurz\" \/>\n<meta property=\"og:url\" content=\"https:\/\/parlo-italiano.cz\/cs\/kategorie-specialni-kurzy\/italstina-a-kinematografie-b1\/\" \/>\n<meta property=\"og:site_name\" content=\"Parlo Italiano\" \/>\n<meta property=\"article:modified_time\" content=\"2023-01-29T20:16:47+00:00\" \/>\n<meta property=\"og:image\" content=\"https:\/\/parlo-italiano.cz\/wp-content\/uploads\/2021\/08\/movie-918655_640.jpg\" \/>\n\t<meta property=\"og:image:width\" content=\"640\" \/>\n\t<meta property=\"og:image:height\" content=\"426\" \/>\n\t<meta property=\"og:image:type\" content=\"image\/jpeg\" \/>\n<meta name=\"twitter:card\" content=\"summary_large_image\" \/>\n<meta name=\"twitter:label1\" content=\"Odhadovan\u00e1 doba \u010dten\u00ed\" \/>\n\t<meta name=\"twitter:data1\" content=\"1 minuta\" \/>\n<script type=\"application\/ld+json\" class=\"yoast-schema-graph\">{\"@context\":\"https:\\\/\\\/schema.org\",\"@graph\":[{\"@type\":\"WebPage\",\"@id\":\"https:\\\/\\\/parlo-italiano.cz\\\/cs\\\/kategorie-specialni-kurzy\\\/italstina-a-kinematografie-b1\\\/\",\"url\":\"https:\\\/\\\/parlo-italiano.cz\\\/cs\\\/kategorie-specialni-kurzy\\\/italstina-a-kinematografie-b1\\\/\",\"name\":\"Ital\u0161tina a kinematografie B1+ - Parlo Italiano\",\"isPartOf\":{\"@id\":\"https:\\\/\\\/parlo-italiano.cz\\\/#website\"},\"primaryImageOfPage\":{\"@id\":\"https:\\\/\\\/parlo-italiano.cz\\\/cs\\\/kategorie-specialni-kurzy\\\/italstina-a-kinematografie-b1\\\/#primaryimage\"},\"image\":{\"@id\":\"https:\\\/\\\/parlo-italiano.cz\\\/cs\\\/kategorie-specialni-kurzy\\\/italstina-a-kinematografie-b1\\\/#primaryimage\"},\"thumbnailUrl\":\"https:\\\/\\\/parlo-italiano.cz\\\/wp-content\\\/uploads\\\/2021\\\/08\\\/movie-918655_640.jpg\",\"datePublished\":\"2021-08-15T04:17:53+00:00\",\"dateModified\":\"2023-01-29T20:16:47+00:00\",\"breadcrumb\":{\"@id\":\"https:\\\/\\\/parlo-italiano.cz\\\/cs\\\/kategorie-specialni-kurzy\\\/italstina-a-kinematografie-b1\\\/#breadcrumb\"},\"inLanguage\":\"cs\",\"potentialAction\":[{\"@type\":\"ReadAction\",\"target\":[\"https:\\\/\\\/parlo-italiano.cz\\\/cs\\\/kategorie-specialni-kurzy\\\/italstina-a-kinematografie-b1\\\/\"]}]},{\"@type\":\"ImageObject\",\"inLanguage\":\"cs\",\"@id\":\"https:\\\/\\\/parlo-italiano.cz\\\/cs\\\/kategorie-specialni-kurzy\\\/italstina-a-kinematografie-b1\\\/#primaryimage\",\"url\":\"https:\\\/\\\/parlo-italiano.cz\\\/wp-content\\\/uploads\\\/2021\\\/08\\\/movie-918655_640.jpg\",\"contentUrl\":\"https:\\\/\\\/parlo-italiano.cz\\\/wp-content\\\/uploads\\\/2021\\\/08\\\/movie-918655_640.jpg\",\"width\":640,\"height\":426},{\"@type\":\"BreadcrumbList\",\"@id\":\"https:\\\/\\\/parlo-italiano.cz\\\/cs\\\/kategorie-specialni-kurzy\\\/italstina-a-kinematografie-b1\\\/#breadcrumb\",\"itemListElement\":[{\"@type\":\"ListItem\",\"position\":1,\"name\":\"Home\",\"item\":\"https:\\\/\\\/parlo-italiano.cz\\\/cs\\\/\"},{\"@type\":\"ListItem\",\"position\":2,\"name\":\"Kurzy\",\"item\":\"https:\\\/\\\/parlo-italiano.cz\\\/cs\\\/kurzy\\\/\"},{\"@type\":\"ListItem\",\"position\":3,\"name\":\"Ital\u0161tina a kinematografie B1+\"}]},{\"@type\":\"WebSite\",\"@id\":\"https:\\\/\\\/parlo-italiano.cz\\\/#website\",\"url\":\"https:\\\/\\\/parlo-italiano.cz\\\/\",\"name\":\"Parlo Italiano\",\"description\":\"Corsi di lingua italiana\",\"publisher\":{\"@id\":\"https:\\\/\\\/parlo-italiano.cz\\\/#organization\"},\"potentialAction\":[{\"@type\":\"SearchAction\",\"target\":{\"@type\":\"EntryPoint\",\"urlTemplate\":\"https:\\\/\\\/parlo-italiano.cz\\\/?s={search_term_string}\"},\"query-input\":{\"@type\":\"PropertyValueSpecification\",\"valueRequired\":true,\"valueName\":\"search_term_string\"}}],\"inLanguage\":\"cs\"},{\"@type\":\"Organization\",\"@id\":\"https:\\\/\\\/parlo-italiano.cz\\\/#organization\",\"name\":\"Istituto Italiano di Cultura Praga\",\"url\":\"https:\\\/\\\/parlo-italiano.cz\\\/\",\"logo\":{\"@type\":\"ImageObject\",\"inLanguage\":\"cs\",\"@id\":\"https:\\\/\\\/parlo-italiano.cz\\\/#\\\/schema\\\/logo\\\/image\\\/\",\"url\":\"https:\\\/\\\/parlo-italiano.cz\\\/wp-content\\\/uploads\\\/2020\\\/03\\\/logo_iic.png\",\"contentUrl\":\"https:\\\/\\\/parlo-italiano.cz\\\/wp-content\\\/uploads\\\/2020\\\/03\\\/logo_iic.png\",\"width\":230,\"height\":130,\"caption\":\"Istituto Italiano di Cultura Praga\"},\"image\":{\"@id\":\"https:\\\/\\\/parlo-italiano.cz\\\/#\\\/schema\\\/logo\\\/image\\\/\"}}]}<\/script>\n<!-- \/ Yoast SEO plugin. -->","yoast_head_json":{"title":"Ital\u0161tina a kinematografie B1+ - Parlo Italiano","robots":{"index":"index","follow":"follow","max-snippet":"max-snippet:-1","max-image-preview":"max-image-preview:large","max-video-preview":"max-video-preview:-1"},"canonical":"https:\/\/parlo-italiano.cz\/cs\/kategorie-specialni-kurzy\/italstina-a-kinematografie-b1\/","og_locale":"cs_CZ","og_type":"article","og_title":"Ital\u0161tina a kinematografie B1+ - Parlo Italiano","og_description":"Italsk\u00fd jazyk dvac\u00e1t\u00e9ho stolet\u00ed je spojen s kinematografi\u00ed, kter\u00e1 na jedn\u00e9 stran\u011b inscenuje rozmanitou \u0159e\u010d Ital\u016f a na druh\u00e9 stran\u011b ovliv\u0148uje v\u00fdvoj jazyka. B\u011bhem kurzu v\u00e1m prost\u0159ednictv\u00edm mistrovsk\u00fdch d\u011bl italsk\u00e9 kinematografie p\u0159ibl\u00ed\u017e\u00edme italsk\u00fd jazyk a kulturu dvac\u00e1t\u00e9ho stolet\u00ed. 28hodinov\u00fd kurz rozlo\u017een\u00fd do 14 t\u00fddn\u016f. Ur\u010deno student\u016fm s \u00farovn\u00ed B1+. Kurz","og_url":"https:\/\/parlo-italiano.cz\/cs\/kategorie-specialni-kurzy\/italstina-a-kinematografie-b1\/","og_site_name":"Parlo Italiano","article_modified_time":"2023-01-29T20:16:47+00:00","og_image":[{"width":640,"height":426,"url":"https:\/\/parlo-italiano.cz\/wp-content\/uploads\/2021\/08\/movie-918655_640.jpg","type":"image\/jpeg"}],"twitter_card":"summary_large_image","twitter_misc":{"Odhadovan\u00e1 doba \u010dten\u00ed":"1 minuta"},"schema":{"@context":"https:\/\/schema.org","@graph":[{"@type":"WebPage","@id":"https:\/\/parlo-italiano.cz\/cs\/kategorie-specialni-kurzy\/italstina-a-kinematografie-b1\/","url":"https:\/\/parlo-italiano.cz\/cs\/kategorie-specialni-kurzy\/italstina-a-kinematografie-b1\/","name":"Ital\u0161tina a kinematografie B1+ - Parlo Italiano","isPartOf":{"@id":"https:\/\/parlo-italiano.cz\/#website"},"primaryImageOfPage":{"@id":"https:\/\/parlo-italiano.cz\/cs\/kategorie-specialni-kurzy\/italstina-a-kinematografie-b1\/#primaryimage"},"image":{"@id":"https:\/\/parlo-italiano.cz\/cs\/kategorie-specialni-kurzy\/italstina-a-kinematografie-b1\/#primaryimage"},"thumbnailUrl":"https:\/\/parlo-italiano.cz\/wp-content\/uploads\/2021\/08\/movie-918655_640.jpg","datePublished":"2021-08-15T04:17:53+00:00","dateModified":"2023-01-29T20:16:47+00:00","breadcrumb":{"@id":"https:\/\/parlo-italiano.cz\/cs\/kategorie-specialni-kurzy\/italstina-a-kinematografie-b1\/#breadcrumb"},"inLanguage":"cs","potentialAction":[{"@type":"ReadAction","target":["https:\/\/parlo-italiano.cz\/cs\/kategorie-specialni-kurzy\/italstina-a-kinematografie-b1\/"]}]},{"@type":"ImageObject","inLanguage":"cs","@id":"https:\/\/parlo-italiano.cz\/cs\/kategorie-specialni-kurzy\/italstina-a-kinematografie-b1\/#primaryimage","url":"https:\/\/parlo-italiano.cz\/wp-content\/uploads\/2021\/08\/movie-918655_640.jpg","contentUrl":"https:\/\/parlo-italiano.cz\/wp-content\/uploads\/2021\/08\/movie-918655_640.jpg","width":640,"height":426},{"@type":"BreadcrumbList","@id":"https:\/\/parlo-italiano.cz\/cs\/kategorie-specialni-kurzy\/italstina-a-kinematografie-b1\/#breadcrumb","itemListElement":[{"@type":"ListItem","position":1,"name":"Home","item":"https:\/\/parlo-italiano.cz\/cs\/"},{"@type":"ListItem","position":2,"name":"Kurzy","item":"https:\/\/parlo-italiano.cz\/cs\/kurzy\/"},{"@type":"ListItem","position":3,"name":"Ital\u0161tina a kinematografie B1+"}]},{"@type":"WebSite","@id":"https:\/\/parlo-italiano.cz\/#website","url":"https:\/\/parlo-italiano.cz\/","name":"Parlo Italiano","description":"Corsi di lingua italiana","publisher":{"@id":"https:\/\/parlo-italiano.cz\/#organization"},"potentialAction":[{"@type":"SearchAction","target":{"@type":"EntryPoint","urlTemplate":"https:\/\/parlo-italiano.cz\/?s={search_term_string}"},"query-input":{"@type":"PropertyValueSpecification","valueRequired":true,"valueName":"search_term_string"}}],"inLanguage":"cs"},{"@type":"Organization","@id":"https:\/\/parlo-italiano.cz\/#organization","name":"Istituto Italiano di Cultura Praga","url":"https:\/\/parlo-italiano.cz\/","logo":{"@type":"ImageObject","inLanguage":"cs","@id":"https:\/\/parlo-italiano.cz\/#\/schema\/logo\/image\/","url":"https:\/\/parlo-italiano.cz\/wp-content\/uploads\/2020\/03\/logo_iic.png","contentUrl":"https:\/\/parlo-italiano.cz\/wp-content\/uploads\/2020\/03\/logo_iic.png","width":230,"height":130,"caption":"Istituto Italiano di Cultura Praga"},"image":{"@id":"https:\/\/parlo-italiano.cz\/#\/schema\/logo\/image\/"}}]}},"_links":{"self":[{"href":"https:\/\/parlo-italiano.cz\/cs\/wp-json\/wp\/v2\/product\/20929","targetHints":{"allow":["GET"]}}],"collection":[{"href":"https:\/\/parlo-italiano.cz\/cs\/wp-json\/wp\/v2\/product"}],"about":[{"href":"https:\/\/parlo-italiano.cz\/cs\/wp-json\/wp\/v2\/types\/product"}],"wp:featuredmedia":[{"embeddable":true,"href":"https:\/\/parlo-italiano.cz\/cs\/wp-json\/wp\/v2\/media\/20932"}],"wp:attachment":[{"href":"https:\/\/parlo-italiano.cz\/cs\/wp-json\/wp\/v2\/media?parent=20929"}],"wp:term":[{"taxonomy":"product_brand","embeddable":true,"href":"https:\/\/parlo-italiano.cz\/cs\/wp-json\/wp\/v2\/product_brand?post=20929"},{"taxonomy":"product_cat","embeddable":true,"href":"https:\/\/parlo-italiano.cz\/cs\/wp-json\/wp\/v2\/product_cat?post=20929"},{"taxonomy":"product_tag","embeddable":true,"href":"https:\/\/parlo-italiano.cz\/cs\/wp-json\/wp\/v2\/product_tag?post=20929"}],"curies":[{"name":"wp","href":"https:\/\/api.w.org\/{rel}","templated":true}]}}