{"id":22064,"date":"2022-08-11T05:58:01","date_gmt":"2022-08-11T03:58:02","guid":{"rendered":"https:\/\/parlo-italiano.cz\/?post_type=product&#038;p=22064"},"modified":"2022-11-30T12:26:03","modified_gmt":"2022-11-30T11:26:03","slug":"a1-3-cestina","status":"publish","type":"product","link":"https:\/\/parlo-italiano.cz\/cs\/kurzy-cestiny\/a1-3-cestina\/","title":{"rendered":"A1.3 \u010de\u0161tina"},"content":{"rendered":"<p><span>Kurz \u010de\u0161tiny pro \u00fapln\u00e9 za\u010d\u00e1te\u010dn\u00edky \u2013 jednou t\u00fddn\u011b 90 min. po dobu 14 t\u00fddn\u016f.<\/span><\/p>\n<p>Kurz se kon\u00e1 v pond\u011bl\u00ed od 18:00 do 19:30 hod.<\/p>\n<p>Podle SERR je \u00farove\u0148 A1 z\u00e1kladn\u00ed \u00farove\u0148 kontaktu. Na t\u00e9to \u00farovni je student schopen porozum\u011bt a pou\u017e\u00edvat ka\u017edodenn\u00ed v\u00fdrazy a jednoduch\u00e9 v\u011bty zam\u011b\u0159en\u00e9 na uspokojen\u00ed pot\u0159eb konkr\u00e9tn\u00edho typu. Um\u00ed p\u0159edstavit sebe i ostatn\u00ed a um\u00ed se pt\u00e1t nebo odpov\u00eddat na ot\u00e1zky t\u00fdkaj\u00edc\u00ed se jeho osobn\u00edho prost\u0159ed\u00ed. Dok\u00e1\u017ee komunikovat jednoduch\u00fdm zp\u016fsobem, pokud druh\u00fd \u010dlov\u011bk mluv\u00ed pomalu a jasn\u011b.<\/p>\n","protected":false},"excerpt":{"rendered":"<p>Kurz \u010de\u0161tiny pro \u00fapln\u00e9 za\u010d\u00e1te\u010dn\u00edky \u2013 jednou t\u00fddn\u011b 90 min. po dobu 14 t\u00fddn\u016f. Kurz se kon\u00e1 v pond\u011bl\u00ed od 18:00 do 19:30 hod. Podle SERR je \u00farove\u0148 A1 z\u00e1kladn\u00ed \u00farove\u0148 kontaktu. Na t\u00e9to \u00farovni je student schopen porozum\u011bt a pou\u017e\u00edvat ka\u017edodenn\u00ed v\u00fdrazy a jednoduch\u00e9 v\u011bty zam\u011b\u0159en\u00e9 na uspokojen\u00ed pot\u0159eb<\/p>\n","protected":false},"featured_media":22067,"template":"","meta":[],"product_brand":[],"product_cat":[323],"product_tag":[],"class_list":{"0":"post-22064","1":"product","2":"type-product","3":"status-publish","4":"has-post-thumbnail","6":"product_cat-kurzy-cestiny","8":"first","9":"outofstock","10":"featured","11":"virtual","12":"sold-individually","13":"purchasable","14":"product-type-simple"},"yoast_head":"<!-- This site is optimized with the Yoast SEO plugin v27.3 - https:\/\/yoast.com\/product\/yoast-seo-wordpress\/ -->\n<title>A1.3 \u010de\u0161tina - Parlo Italiano<\/title>\n<meta name=\"robots\" content=\"index, follow, max-snippet:-1, max-image-preview:large, max-video-preview:-1\" \/>\n<link rel=\"canonical\" href=\"https:\/\/parlo-italiano.cz\/cs\/kurzy-cestiny\/a1-3-cestina\/\" \/>\n<meta property=\"og:locale\" content=\"cs_CZ\" \/>\n<meta property=\"og:type\" content=\"article\" \/>\n<meta property=\"og:title\" content=\"A1.3 \u010de\u0161tina - Parlo Italiano\" \/>\n<meta property=\"og:description\" content=\"Kurz \u010de\u0161tiny pro \u00fapln\u00e9 za\u010d\u00e1te\u010dn\u00edky \u2013 jednou t\u00fddn\u011b 90 min. po dobu 14 t\u00fddn\u016f. Kurz se kon\u00e1 v pond\u011bl\u00ed od 18:00 do 19:30 hod. Podle SERR je \u00farove\u0148 A1 z\u00e1kladn\u00ed \u00farove\u0148 kontaktu. Na t\u00e9to \u00farovni je student schopen porozum\u011bt a pou\u017e\u00edvat ka\u017edodenn\u00ed v\u00fdrazy a jednoduch\u00e9 v\u011bty zam\u011b\u0159en\u00e9 na uspokojen\u00ed pot\u0159eb\" \/>\n<meta property=\"og:url\" content=\"https:\/\/parlo-italiano.cz\/cs\/kurzy-cestiny\/a1-3-cestina\/\" \/>\n<meta property=\"og:site_name\" content=\"Parlo Italiano\" \/>\n<meta property=\"article:modified_time\" content=\"2022-11-30T11:26:03+00:00\" \/>\n<meta property=\"og:image\" content=\"https:\/\/parlo-italiano.cz\/wp-content\/uploads\/2022\/08\/tabor-6710149__340.jpg\" \/>\n\t<meta property=\"og:image:width\" content=\"510\" \/>\n\t<meta property=\"og:image:height\" content=\"340\" \/>\n\t<meta property=\"og:image:type\" content=\"image\/jpeg\" \/>\n<meta name=\"twitter:card\" content=\"summary_large_image\" \/>\n<meta name=\"twitter:label1\" content=\"Odhadovan\u00e1 doba \u010dten\u00ed\" \/>\n\t<meta name=\"twitter:data1\" content=\"1 minuta\" \/>\n<script type=\"application\/ld+json\" class=\"yoast-schema-graph\">{\"@context\":\"https:\\\/\\\/schema.org\",\"@graph\":[{\"@type\":\"WebPage\",\"@id\":\"https:\\\/\\\/parlo-italiano.cz\\\/cs\\\/kurzy-cestiny\\\/a1-3-cestina\\\/\",\"url\":\"https:\\\/\\\/parlo-italiano.cz\\\/cs\\\/kurzy-cestiny\\\/a1-3-cestina\\\/\",\"name\":\"A1.3 \u010de\u0161tina - Parlo Italiano\",\"isPartOf\":{\"@id\":\"https:\\\/\\\/parlo-italiano.cz\\\/#website\"},\"primaryImageOfPage\":{\"@id\":\"https:\\\/\\\/parlo-italiano.cz\\\/cs\\\/kurzy-cestiny\\\/a1-3-cestina\\\/#primaryimage\"},\"image\":{\"@id\":\"https:\\\/\\\/parlo-italiano.cz\\\/cs\\\/kurzy-cestiny\\\/a1-3-cestina\\\/#primaryimage\"},\"thumbnailUrl\":\"https:\\\/\\\/parlo-italiano.cz\\\/wp-content\\\/uploads\\\/2022\\\/08\\\/tabor-6710149__340.jpg\",\"datePublished\":\"2022-08-11T03:58:02+00:00\",\"dateModified\":\"2022-11-30T11:26:03+00:00\",\"breadcrumb\":{\"@id\":\"https:\\\/\\\/parlo-italiano.cz\\\/cs\\\/kurzy-cestiny\\\/a1-3-cestina\\\/#breadcrumb\"},\"inLanguage\":\"cs\",\"potentialAction\":[{\"@type\":\"ReadAction\",\"target\":[\"https:\\\/\\\/parlo-italiano.cz\\\/cs\\\/kurzy-cestiny\\\/a1-3-cestina\\\/\"]}]},{\"@type\":\"ImageObject\",\"inLanguage\":\"cs\",\"@id\":\"https:\\\/\\\/parlo-italiano.cz\\\/cs\\\/kurzy-cestiny\\\/a1-3-cestina\\\/#primaryimage\",\"url\":\"https:\\\/\\\/parlo-italiano.cz\\\/wp-content\\\/uploads\\\/2022\\\/08\\\/tabor-6710149__340.jpg\",\"contentUrl\":\"https:\\\/\\\/parlo-italiano.cz\\\/wp-content\\\/uploads\\\/2022\\\/08\\\/tabor-6710149__340.jpg\",\"width\":510,\"height\":340},{\"@type\":\"BreadcrumbList\",\"@id\":\"https:\\\/\\\/parlo-italiano.cz\\\/cs\\\/kurzy-cestiny\\\/a1-3-cestina\\\/#breadcrumb\",\"itemListElement\":[{\"@type\":\"ListItem\",\"position\":1,\"name\":\"Home\",\"item\":\"https:\\\/\\\/parlo-italiano.cz\\\/cs\\\/\"},{\"@type\":\"ListItem\",\"position\":2,\"name\":\"Kurzy\",\"item\":\"https:\\\/\\\/parlo-italiano.cz\\\/cs\\\/kurzy\\\/\"},{\"@type\":\"ListItem\",\"position\":3,\"name\":\"A1.3 \u010de\u0161tina\"}]},{\"@type\":\"WebSite\",\"@id\":\"https:\\\/\\\/parlo-italiano.cz\\\/#website\",\"url\":\"https:\\\/\\\/parlo-italiano.cz\\\/\",\"name\":\"Parlo Italiano\",\"description\":\"Corsi di lingua italiana\",\"publisher\":{\"@id\":\"https:\\\/\\\/parlo-italiano.cz\\\/#organization\"},\"potentialAction\":[{\"@type\":\"SearchAction\",\"target\":{\"@type\":\"EntryPoint\",\"urlTemplate\":\"https:\\\/\\\/parlo-italiano.cz\\\/?s={search_term_string}\"},\"query-input\":{\"@type\":\"PropertyValueSpecification\",\"valueRequired\":true,\"valueName\":\"search_term_string\"}}],\"inLanguage\":\"cs\"},{\"@type\":\"Organization\",\"@id\":\"https:\\\/\\\/parlo-italiano.cz\\\/#organization\",\"name\":\"Istituto Italiano di Cultura Praga\",\"url\":\"https:\\\/\\\/parlo-italiano.cz\\\/\",\"logo\":{\"@type\":\"ImageObject\",\"inLanguage\":\"cs\",\"@id\":\"https:\\\/\\\/parlo-italiano.cz\\\/#\\\/schema\\\/logo\\\/image\\\/\",\"url\":\"https:\\\/\\\/parlo-italiano.cz\\\/wp-content\\\/uploads\\\/2020\\\/03\\\/logo_iic.png\",\"contentUrl\":\"https:\\\/\\\/parlo-italiano.cz\\\/wp-content\\\/uploads\\\/2020\\\/03\\\/logo_iic.png\",\"width\":230,\"height\":130,\"caption\":\"Istituto Italiano di Cultura Praga\"},\"image\":{\"@id\":\"https:\\\/\\\/parlo-italiano.cz\\\/#\\\/schema\\\/logo\\\/image\\\/\"}}]}<\/script>\n<!-- \/ Yoast SEO plugin. -->","yoast_head_json":{"title":"A1.3 \u010de\u0161tina - Parlo Italiano","robots":{"index":"index","follow":"follow","max-snippet":"max-snippet:-1","max-image-preview":"max-image-preview:large","max-video-preview":"max-video-preview:-1"},"canonical":"https:\/\/parlo-italiano.cz\/cs\/kurzy-cestiny\/a1-3-cestina\/","og_locale":"cs_CZ","og_type":"article","og_title":"A1.3 \u010de\u0161tina - Parlo Italiano","og_description":"Kurz \u010de\u0161tiny pro \u00fapln\u00e9 za\u010d\u00e1te\u010dn\u00edky \u2013 jednou t\u00fddn\u011b 90 min. po dobu 14 t\u00fddn\u016f. Kurz se kon\u00e1 v pond\u011bl\u00ed od 18:00 do 19:30 hod. Podle SERR je \u00farove\u0148 A1 z\u00e1kladn\u00ed \u00farove\u0148 kontaktu. Na t\u00e9to \u00farovni je student schopen porozum\u011bt a pou\u017e\u00edvat ka\u017edodenn\u00ed v\u00fdrazy a jednoduch\u00e9 v\u011bty zam\u011b\u0159en\u00e9 na uspokojen\u00ed pot\u0159eb","og_url":"https:\/\/parlo-italiano.cz\/cs\/kurzy-cestiny\/a1-3-cestina\/","og_site_name":"Parlo Italiano","article_modified_time":"2022-11-30T11:26:03+00:00","og_image":[{"width":510,"height":340,"url":"https:\/\/parlo-italiano.cz\/wp-content\/uploads\/2022\/08\/tabor-6710149__340.jpg","type":"image\/jpeg"}],"twitter_card":"summary_large_image","twitter_misc":{"Odhadovan\u00e1 doba \u010dten\u00ed":"1 minuta"},"schema":{"@context":"https:\/\/schema.org","@graph":[{"@type":"WebPage","@id":"https:\/\/parlo-italiano.cz\/cs\/kurzy-cestiny\/a1-3-cestina\/","url":"https:\/\/parlo-italiano.cz\/cs\/kurzy-cestiny\/a1-3-cestina\/","name":"A1.3 \u010de\u0161tina - Parlo Italiano","isPartOf":{"@id":"https:\/\/parlo-italiano.cz\/#website"},"primaryImageOfPage":{"@id":"https:\/\/parlo-italiano.cz\/cs\/kurzy-cestiny\/a1-3-cestina\/#primaryimage"},"image":{"@id":"https:\/\/parlo-italiano.cz\/cs\/kurzy-cestiny\/a1-3-cestina\/#primaryimage"},"thumbnailUrl":"https:\/\/parlo-italiano.cz\/wp-content\/uploads\/2022\/08\/tabor-6710149__340.jpg","datePublished":"2022-08-11T03:58:02+00:00","dateModified":"2022-11-30T11:26:03+00:00","breadcrumb":{"@id":"https:\/\/parlo-italiano.cz\/cs\/kurzy-cestiny\/a1-3-cestina\/#breadcrumb"},"inLanguage":"cs","potentialAction":[{"@type":"ReadAction","target":["https:\/\/parlo-italiano.cz\/cs\/kurzy-cestiny\/a1-3-cestina\/"]}]},{"@type":"ImageObject","inLanguage":"cs","@id":"https:\/\/parlo-italiano.cz\/cs\/kurzy-cestiny\/a1-3-cestina\/#primaryimage","url":"https:\/\/parlo-italiano.cz\/wp-content\/uploads\/2022\/08\/tabor-6710149__340.jpg","contentUrl":"https:\/\/parlo-italiano.cz\/wp-content\/uploads\/2022\/08\/tabor-6710149__340.jpg","width":510,"height":340},{"@type":"BreadcrumbList","@id":"https:\/\/parlo-italiano.cz\/cs\/kurzy-cestiny\/a1-3-cestina\/#breadcrumb","itemListElement":[{"@type":"ListItem","position":1,"name":"Home","item":"https:\/\/parlo-italiano.cz\/cs\/"},{"@type":"ListItem","position":2,"name":"Kurzy","item":"https:\/\/parlo-italiano.cz\/cs\/kurzy\/"},{"@type":"ListItem","position":3,"name":"A1.3 \u010de\u0161tina"}]},{"@type":"WebSite","@id":"https:\/\/parlo-italiano.cz\/#website","url":"https:\/\/parlo-italiano.cz\/","name":"Parlo Italiano","description":"Corsi di lingua italiana","publisher":{"@id":"https:\/\/parlo-italiano.cz\/#organization"},"potentialAction":[{"@type":"SearchAction","target":{"@type":"EntryPoint","urlTemplate":"https:\/\/parlo-italiano.cz\/?s={search_term_string}"},"query-input":{"@type":"PropertyValueSpecification","valueRequired":true,"valueName":"search_term_string"}}],"inLanguage":"cs"},{"@type":"Organization","@id":"https:\/\/parlo-italiano.cz\/#organization","name":"Istituto Italiano di Cultura Praga","url":"https:\/\/parlo-italiano.cz\/","logo":{"@type":"ImageObject","inLanguage":"cs","@id":"https:\/\/parlo-italiano.cz\/#\/schema\/logo\/image\/","url":"https:\/\/parlo-italiano.cz\/wp-content\/uploads\/2020\/03\/logo_iic.png","contentUrl":"https:\/\/parlo-italiano.cz\/wp-content\/uploads\/2020\/03\/logo_iic.png","width":230,"height":130,"caption":"Istituto Italiano di Cultura Praga"},"image":{"@id":"https:\/\/parlo-italiano.cz\/#\/schema\/logo\/image\/"}}]}},"_links":{"self":[{"href":"https:\/\/parlo-italiano.cz\/cs\/wp-json\/wp\/v2\/product\/22064","targetHints":{"allow":["GET"]}}],"collection":[{"href":"https:\/\/parlo-italiano.cz\/cs\/wp-json\/wp\/v2\/product"}],"about":[{"href":"https:\/\/parlo-italiano.cz\/cs\/wp-json\/wp\/v2\/types\/product"}],"wp:featuredmedia":[{"embeddable":true,"href":"https:\/\/parlo-italiano.cz\/cs\/wp-json\/wp\/v2\/media\/22067"}],"wp:attachment":[{"href":"https:\/\/parlo-italiano.cz\/cs\/wp-json\/wp\/v2\/media?parent=22064"}],"wp:term":[{"taxonomy":"product_brand","embeddable":true,"href":"https:\/\/parlo-italiano.cz\/cs\/wp-json\/wp\/v2\/product_brand?post=22064"},{"taxonomy":"product_cat","embeddable":true,"href":"https:\/\/parlo-italiano.cz\/cs\/wp-json\/wp\/v2\/product_cat?post=22064"},{"taxonomy":"product_tag","embeddable":true,"href":"https:\/\/parlo-italiano.cz\/cs\/wp-json\/wp\/v2\/product_tag?post=22064"}],"curies":[{"name":"wp","href":"https:\/\/api.w.org\/{rel}","templated":true}]}}