{"id":22158,"date":"2022-08-25T20:10:26","date_gmt":"2022-08-25T18:10:27","guid":{"rendered":"https:\/\/parlo-italiano.cz\/?post_type=product&#038;p=22158"},"modified":"2023-09-26T22:47:11","modified_gmt":"2023-09-26T20:47:11","slug":"umeni-v-kuchyni-jednotlive-lekce","status":"publish","type":"product","link":"https:\/\/parlo-italiano.cz\/cs\/kategorie-specialni-kurzy\/umeni-v-kuchyni-jednotlive-lekce\/","title":{"rendered":"Um\u011bn\u00ed v kuchyni &#8211; jednotliv\u00e9 lekce"},"content":{"rendered":"<p>B\u011bhem t\u0159\u00ed jedine\u010dn\u00fdch a poutav\u00fdch setk\u00e1n\u00ed budete m\u00edt p\u0159\u00edle\u017eitost poznat kouzlo techniky malby <strong>akvarelem<\/strong> a objevit neuv\u011b\u0159iteln\u00e9 spojen\u00ed <strong>um\u011bn\u00ed a italsk\u00e9<\/strong> kuchyn\u011b.<br \/>\nNa z\u00e1v\u011br ka\u017ed\u00e9 lekce se uskute\u010dn\u00ed spole\u010dn\u00e1 ve\u010de\u0159e se studenty a lektorkou.<\/p>\n<p><strong>Kurz v \u010desk\u00e9m a italsk\u00e9m jazyce povede um\u011blkyn\u011b Silvia Vezzuto.<\/strong><br \/>\n<strong>Kresl\u00edc\u00ed pot\u0159eby jsou zaji\u0161t\u011bny.<\/strong><\/p>\n<p><strong>Program<\/strong><br \/>\n11.10. &#8211; Z\u00e1ti\u0161\u00ed a gastronomie<br \/>\n18.10. &#8211; Portr\u00e9ty chut\u00ed<br \/>\n25.10. &#8211; Barvy chut\u00ed<\/p>\n","protected":false},"excerpt":{"rendered":"<p><strong>Um\u011bn\u00ed v kuchyni &#8211; <span style=\"color: #ff0000;\">jednotliv\u00e9 lekce<\/span><\/strong><br \/>\n<span style=\"font-weight: 400;\">D\u00edlna<\/span> <span><span style=\"font-weight: 400;\">um\u011bn\u00ed a italsk\u00e9 kuchyn\u011b: po\u0159\u00e1d\u00e1 se ve 3 setk\u00e1n\u00edch po cca 120 minut\u00e1ch.<\/span><\/span><br \/>\nPro maxim\u00e1ln\u011b <strong>10 osob<\/strong>.<br \/>\n<strong>Kde<\/strong>: v kuchy\u0148sk\u00e9 aule Italsk\u00e9ho kulturn\u00edho institutu v Praze (\u0160porkova 335\/14, Praha 1).<br \/>\n<strong>Kdy<\/strong>: ve st\u0159edu od 18 do 20 hod. &#8211; (11.10., 18.10., 25.10.2023)<br \/>\n<strong>Cena<\/strong> <strong>za jednotlivou lekci<\/strong>: 1250 K\u010d<br \/>\n<span style=\"font-weight: 400;\">Je mo\u017en\u00e9 zakoupit cel\u00fd bal\u00ed\u010dek lekc\u00ed za 3500 K\u010d. Viz <span style=\"color: #3366ff;\"><a href=\"https:\/\/parlo-italiano.cz\/categoria-corsi-speciali\/arte-in-cucina-corso\/\" target=\"_blank\" rel=\"noopener\">Um\u011bn\u00ed v kuchyni \u2013 kurz<\/a> <strong><\/strong><\/span><\/span><\/p>\n","protected":false},"featured_media":27969,"template":"","meta":[],"product_brand":[],"product_cat":[205],"product_tag":[],"class_list":{"0":"post-22158","1":"product","2":"type-product","3":"status-publish","4":"has-post-thumbnail","6":"product_cat-kategorie-specialni-kurzy","8":"first","9":"outofstock","10":"shipping-taxable","11":"purchasable","12":"product-type-variable"},"yoast_head":"<!-- This site is optimized with the Yoast SEO plugin v27.3 - https:\/\/yoast.com\/product\/yoast-seo-wordpress\/ -->\n<title>Um\u011bn\u00ed v kuchyni - jednotliv\u00e9 lekce - Parlo Italiano<\/title>\n<meta name=\"robots\" content=\"index, follow, max-snippet:-1, max-image-preview:large, max-video-preview:-1\" \/>\n<link rel=\"canonical\" href=\"https:\/\/parlo-italiano.cz\/cs\/kategorie-specialni-kurzy\/umeni-v-kuchyni-jednotlive-lekce\/\" \/>\n<meta property=\"og:locale\" content=\"cs_CZ\" \/>\n<meta property=\"og:type\" content=\"article\" \/>\n<meta property=\"og:title\" content=\"Um\u011bn\u00ed v kuchyni - jednotliv\u00e9 lekce - Parlo Italiano\" \/>\n<meta property=\"og:description\" content=\"Um\u011bn\u00ed v kuchyni - jednotliv\u00e9 lekce D\u00edlna um\u011bn\u00ed a italsk\u00e9 kuchyn\u011b: po\u0159\u00e1d\u00e1 se ve 3 setk\u00e1n\u00edch po cca 120 minut\u00e1ch. Pro maxim\u00e1ln\u011b 10 osob. Kde: v kuchy\u0148sk\u00e9 aule Italsk\u00e9ho kulturn\u00edho institutu v Praze (\u0160porkova 335\/14, Praha 1). Kdy: ve st\u0159edu od 18 do 20 hod. - (11.10., 18.10., 25.10.2023) Cena za jednotlivou lekci: 1250 K\u010d Je mo\u017en\u00e9 zakoupit cel\u00fd bal\u00ed\u010dek lekc\u00ed za 3500 K\u010d. Viz Um\u011bn\u00ed v kuchyni \u2013 kurz\" \/>\n<meta property=\"og:url\" content=\"https:\/\/parlo-italiano.cz\/cs\/kategorie-specialni-kurzy\/umeni-v-kuchyni-jednotlive-lekce\/\" \/>\n<meta property=\"og:site_name\" content=\"Parlo Italiano\" \/>\n<meta property=\"article:modified_time\" content=\"2023-09-26T20:47:11+00:00\" \/>\n<meta property=\"og:image\" content=\"https:\/\/parlo-italiano.cz\/wp-content\/uploads\/2022\/08\/Arte-e-cucina-cz.png\" \/>\n\t<meta property=\"og:image:width\" content=\"1414\" \/>\n\t<meta property=\"og:image:height\" content=\"2000\" \/>\n\t<meta property=\"og:image:type\" content=\"image\/png\" \/>\n<meta name=\"twitter:card\" content=\"summary_large_image\" \/>\n<script type=\"application\/ld+json\" class=\"yoast-schema-graph\">{\"@context\":\"https:\\\/\\\/schema.org\",\"@graph\":[{\"@type\":\"WebPage\",\"@id\":\"https:\\\/\\\/parlo-italiano.cz\\\/cs\\\/kategorie-specialni-kurzy\\\/umeni-v-kuchyni-jednotlive-lekce\\\/\",\"url\":\"https:\\\/\\\/parlo-italiano.cz\\\/cs\\\/kategorie-specialni-kurzy\\\/umeni-v-kuchyni-jednotlive-lekce\\\/\",\"name\":\"Um\u011bn\u00ed v kuchyni - jednotliv\u00e9 lekce - Parlo Italiano\",\"isPartOf\":{\"@id\":\"https:\\\/\\\/parlo-italiano.cz\\\/#website\"},\"primaryImageOfPage\":{\"@id\":\"https:\\\/\\\/parlo-italiano.cz\\\/cs\\\/kategorie-specialni-kurzy\\\/umeni-v-kuchyni-jednotlive-lekce\\\/#primaryimage\"},\"image\":{\"@id\":\"https:\\\/\\\/parlo-italiano.cz\\\/cs\\\/kategorie-specialni-kurzy\\\/umeni-v-kuchyni-jednotlive-lekce\\\/#primaryimage\"},\"thumbnailUrl\":\"https:\\\/\\\/parlo-italiano.cz\\\/wp-content\\\/uploads\\\/2022\\\/08\\\/Arte-e-cucina-cz.png\",\"datePublished\":\"2022-08-25T18:10:27+00:00\",\"dateModified\":\"2023-09-26T20:47:11+00:00\",\"breadcrumb\":{\"@id\":\"https:\\\/\\\/parlo-italiano.cz\\\/cs\\\/kategorie-specialni-kurzy\\\/umeni-v-kuchyni-jednotlive-lekce\\\/#breadcrumb\"},\"inLanguage\":\"cs\",\"potentialAction\":[{\"@type\":\"ReadAction\",\"target\":[\"https:\\\/\\\/parlo-italiano.cz\\\/cs\\\/kategorie-specialni-kurzy\\\/umeni-v-kuchyni-jednotlive-lekce\\\/\"]}]},{\"@type\":\"ImageObject\",\"inLanguage\":\"cs\",\"@id\":\"https:\\\/\\\/parlo-italiano.cz\\\/cs\\\/kategorie-specialni-kurzy\\\/umeni-v-kuchyni-jednotlive-lekce\\\/#primaryimage\",\"url\":\"https:\\\/\\\/parlo-italiano.cz\\\/wp-content\\\/uploads\\\/2022\\\/08\\\/Arte-e-cucina-cz.png\",\"contentUrl\":\"https:\\\/\\\/parlo-italiano.cz\\\/wp-content\\\/uploads\\\/2022\\\/08\\\/Arte-e-cucina-cz.png\",\"width\":1414,\"height\":2000},{\"@type\":\"BreadcrumbList\",\"@id\":\"https:\\\/\\\/parlo-italiano.cz\\\/cs\\\/kategorie-specialni-kurzy\\\/umeni-v-kuchyni-jednotlive-lekce\\\/#breadcrumb\",\"itemListElement\":[{\"@type\":\"ListItem\",\"position\":1,\"name\":\"Home\",\"item\":\"https:\\\/\\\/parlo-italiano.cz\\\/cs\\\/\"},{\"@type\":\"ListItem\",\"position\":2,\"name\":\"Kurzy\",\"item\":\"https:\\\/\\\/parlo-italiano.cz\\\/cs\\\/kurzy\\\/\"},{\"@type\":\"ListItem\",\"position\":3,\"name\":\"Um\u011bn\u00ed v kuchyni &#8211; jednotliv\u00e9 lekce\"}]},{\"@type\":\"WebSite\",\"@id\":\"https:\\\/\\\/parlo-italiano.cz\\\/#website\",\"url\":\"https:\\\/\\\/parlo-italiano.cz\\\/\",\"name\":\"Parlo Italiano\",\"description\":\"Corsi di lingua italiana\",\"publisher\":{\"@id\":\"https:\\\/\\\/parlo-italiano.cz\\\/#organization\"},\"potentialAction\":[{\"@type\":\"SearchAction\",\"target\":{\"@type\":\"EntryPoint\",\"urlTemplate\":\"https:\\\/\\\/parlo-italiano.cz\\\/?s={search_term_string}\"},\"query-input\":{\"@type\":\"PropertyValueSpecification\",\"valueRequired\":true,\"valueName\":\"search_term_string\"}}],\"inLanguage\":\"cs\"},{\"@type\":\"Organization\",\"@id\":\"https:\\\/\\\/parlo-italiano.cz\\\/#organization\",\"name\":\"Istituto Italiano di Cultura Praga\",\"url\":\"https:\\\/\\\/parlo-italiano.cz\\\/\",\"logo\":{\"@type\":\"ImageObject\",\"inLanguage\":\"cs\",\"@id\":\"https:\\\/\\\/parlo-italiano.cz\\\/#\\\/schema\\\/logo\\\/image\\\/\",\"url\":\"https:\\\/\\\/parlo-italiano.cz\\\/wp-content\\\/uploads\\\/2020\\\/03\\\/logo_iic.png\",\"contentUrl\":\"https:\\\/\\\/parlo-italiano.cz\\\/wp-content\\\/uploads\\\/2020\\\/03\\\/logo_iic.png\",\"width\":230,\"height\":130,\"caption\":\"Istituto Italiano di Cultura Praga\"},\"image\":{\"@id\":\"https:\\\/\\\/parlo-italiano.cz\\\/#\\\/schema\\\/logo\\\/image\\\/\"}}]}<\/script>\n<!-- \/ Yoast SEO plugin. -->","yoast_head_json":{"title":"Um\u011bn\u00ed v kuchyni - jednotliv\u00e9 lekce - Parlo Italiano","robots":{"index":"index","follow":"follow","max-snippet":"max-snippet:-1","max-image-preview":"max-image-preview:large","max-video-preview":"max-video-preview:-1"},"canonical":"https:\/\/parlo-italiano.cz\/cs\/kategorie-specialni-kurzy\/umeni-v-kuchyni-jednotlive-lekce\/","og_locale":"cs_CZ","og_type":"article","og_title":"Um\u011bn\u00ed v kuchyni - jednotliv\u00e9 lekce - Parlo Italiano","og_description":"Um\u011bn\u00ed v kuchyni - jednotliv\u00e9 lekce D\u00edlna um\u011bn\u00ed a italsk\u00e9 kuchyn\u011b: po\u0159\u00e1d\u00e1 se ve 3 setk\u00e1n\u00edch po cca 120 minut\u00e1ch. Pro maxim\u00e1ln\u011b 10 osob. Kde: v kuchy\u0148sk\u00e9 aule Italsk\u00e9ho kulturn\u00edho institutu v Praze (\u0160porkova 335\/14, Praha 1). Kdy: ve st\u0159edu od 18 do 20 hod. - (11.10., 18.10., 25.10.2023) Cena za jednotlivou lekci: 1250 K\u010d Je mo\u017en\u00e9 zakoupit cel\u00fd bal\u00ed\u010dek lekc\u00ed za 3500 K\u010d. Viz Um\u011bn\u00ed v kuchyni \u2013 kurz","og_url":"https:\/\/parlo-italiano.cz\/cs\/kategorie-specialni-kurzy\/umeni-v-kuchyni-jednotlive-lekce\/","og_site_name":"Parlo Italiano","article_modified_time":"2023-09-26T20:47:11+00:00","og_image":[{"width":1414,"height":2000,"url":"https:\/\/parlo-italiano.cz\/wp-content\/uploads\/2022\/08\/Arte-e-cucina-cz.png","type":"image\/png"}],"twitter_card":"summary_large_image","schema":{"@context":"https:\/\/schema.org","@graph":[{"@type":"WebPage","@id":"https:\/\/parlo-italiano.cz\/cs\/kategorie-specialni-kurzy\/umeni-v-kuchyni-jednotlive-lekce\/","url":"https:\/\/parlo-italiano.cz\/cs\/kategorie-specialni-kurzy\/umeni-v-kuchyni-jednotlive-lekce\/","name":"Um\u011bn\u00ed v kuchyni - jednotliv\u00e9 lekce - Parlo Italiano","isPartOf":{"@id":"https:\/\/parlo-italiano.cz\/#website"},"primaryImageOfPage":{"@id":"https:\/\/parlo-italiano.cz\/cs\/kategorie-specialni-kurzy\/umeni-v-kuchyni-jednotlive-lekce\/#primaryimage"},"image":{"@id":"https:\/\/parlo-italiano.cz\/cs\/kategorie-specialni-kurzy\/umeni-v-kuchyni-jednotlive-lekce\/#primaryimage"},"thumbnailUrl":"https:\/\/parlo-italiano.cz\/wp-content\/uploads\/2022\/08\/Arte-e-cucina-cz.png","datePublished":"2022-08-25T18:10:27+00:00","dateModified":"2023-09-26T20:47:11+00:00","breadcrumb":{"@id":"https:\/\/parlo-italiano.cz\/cs\/kategorie-specialni-kurzy\/umeni-v-kuchyni-jednotlive-lekce\/#breadcrumb"},"inLanguage":"cs","potentialAction":[{"@type":"ReadAction","target":["https:\/\/parlo-italiano.cz\/cs\/kategorie-specialni-kurzy\/umeni-v-kuchyni-jednotlive-lekce\/"]}]},{"@type":"ImageObject","inLanguage":"cs","@id":"https:\/\/parlo-italiano.cz\/cs\/kategorie-specialni-kurzy\/umeni-v-kuchyni-jednotlive-lekce\/#primaryimage","url":"https:\/\/parlo-italiano.cz\/wp-content\/uploads\/2022\/08\/Arte-e-cucina-cz.png","contentUrl":"https:\/\/parlo-italiano.cz\/wp-content\/uploads\/2022\/08\/Arte-e-cucina-cz.png","width":1414,"height":2000},{"@type":"BreadcrumbList","@id":"https:\/\/parlo-italiano.cz\/cs\/kategorie-specialni-kurzy\/umeni-v-kuchyni-jednotlive-lekce\/#breadcrumb","itemListElement":[{"@type":"ListItem","position":1,"name":"Home","item":"https:\/\/parlo-italiano.cz\/cs\/"},{"@type":"ListItem","position":2,"name":"Kurzy","item":"https:\/\/parlo-italiano.cz\/cs\/kurzy\/"},{"@type":"ListItem","position":3,"name":"Um\u011bn\u00ed v kuchyni &#8211; jednotliv\u00e9 lekce"}]},{"@type":"WebSite","@id":"https:\/\/parlo-italiano.cz\/#website","url":"https:\/\/parlo-italiano.cz\/","name":"Parlo Italiano","description":"Corsi di lingua italiana","publisher":{"@id":"https:\/\/parlo-italiano.cz\/#organization"},"potentialAction":[{"@type":"SearchAction","target":{"@type":"EntryPoint","urlTemplate":"https:\/\/parlo-italiano.cz\/?s={search_term_string}"},"query-input":{"@type":"PropertyValueSpecification","valueRequired":true,"valueName":"search_term_string"}}],"inLanguage":"cs"},{"@type":"Organization","@id":"https:\/\/parlo-italiano.cz\/#organization","name":"Istituto Italiano di Cultura Praga","url":"https:\/\/parlo-italiano.cz\/","logo":{"@type":"ImageObject","inLanguage":"cs","@id":"https:\/\/parlo-italiano.cz\/#\/schema\/logo\/image\/","url":"https:\/\/parlo-italiano.cz\/wp-content\/uploads\/2020\/03\/logo_iic.png","contentUrl":"https:\/\/parlo-italiano.cz\/wp-content\/uploads\/2020\/03\/logo_iic.png","width":230,"height":130,"caption":"Istituto Italiano di Cultura Praga"},"image":{"@id":"https:\/\/parlo-italiano.cz\/#\/schema\/logo\/image\/"}}]}},"_links":{"self":[{"href":"https:\/\/parlo-italiano.cz\/cs\/wp-json\/wp\/v2\/product\/22158","targetHints":{"allow":["GET"]}}],"collection":[{"href":"https:\/\/parlo-italiano.cz\/cs\/wp-json\/wp\/v2\/product"}],"about":[{"href":"https:\/\/parlo-italiano.cz\/cs\/wp-json\/wp\/v2\/types\/product"}],"wp:featuredmedia":[{"embeddable":true,"href":"https:\/\/parlo-italiano.cz\/cs\/wp-json\/wp\/v2\/media\/27969"}],"wp:attachment":[{"href":"https:\/\/parlo-italiano.cz\/cs\/wp-json\/wp\/v2\/media?parent=22158"}],"wp:term":[{"taxonomy":"product_brand","embeddable":true,"href":"https:\/\/parlo-italiano.cz\/cs\/wp-json\/wp\/v2\/product_brand?post=22158"},{"taxonomy":"product_cat","embeddable":true,"href":"https:\/\/parlo-italiano.cz\/cs\/wp-json\/wp\/v2\/product_cat?post=22158"},{"taxonomy":"product_tag","embeddable":true,"href":"https:\/\/parlo-italiano.cz\/cs\/wp-json\/wp\/v2\/product_tag?post=22158"}],"curies":[{"name":"wp","href":"https:\/\/api.w.org\/{rel}","templated":true}]}}