{"id":22373,"date":"2022-09-26T09:37:18","date_gmt":"2022-09-26T07:37:18","guid":{"rendered":"https:\/\/parlo-italiano.cz\/?post_type=product&#038;p=22373"},"modified":"2023-12-01T17:04:55","modified_gmt":"2023-12-01T16:04:55","slug":"il-bel-paese-cs","status":"publish","type":"product","link":"https:\/\/parlo-italiano.cz\/cs\/kategorie-specialni-kurzy\/il-bel-paese-cs\/","title":{"rendered":"Il Bel Paese"},"content":{"rendered":"<p>Program <strong>Il Bel Paese<\/strong> nab\u00edz\u00ed milovn\u00edk\u016fm italsk\u00e9ho um\u011bn\u00ed a jazyka historicko-um\u011bleck\u00e9 kurzy v\u011bnuj\u00edc\u00ed se It\u00e1lii od starov\u011bku a\u017e po dvac\u00e1t\u00e9 stolet\u00ed.<br \/>\nKa\u017ed\u00fd kurz je rozd\u011blen do t\u0159\u00ed 2hodinov\u00fdch lekc\u00ed, kter\u00e9 se zab\u00fdvaj\u00ed m\u00edsty a civilizacemi, d\u00edky nim\u017e se poloostrov po cel\u00e9m sv\u011bt\u011b proslavil jako \u201eBel Paese\u201c.<\/p>\n<p style=\"text-align: left;\"><strong> Program:<\/strong><\/p>\n<p><strong>I Kurz | MARE NOSTRUM<\/strong> &#8211; 3 lekce o \u0159eck\u00e9m, \u0159\u00edmsk\u00e9m a etrusk\u00e9m um\u011bn\u00ed.<br \/>\n(18.09 | 25. 09 | 02. 10 &#8211; 2023)<\/p>\n<p><strong>II Kurz | ST\u0158EDOV\u011aK V OBRAZECH<\/strong> &#8211; 3 lekce o italsk\u00e9m st\u0159edov\u011bk\u00e9m um\u011bn\u00ed prost\u0159ednictv\u00edm studia ikonografie a italsk\u00fdch socha\u0159\u016f a mal\u00ed\u0159\u016f.<br \/>\n(18.10 | 25. 10 | 30. 10 &#8211; 2023)<\/p>\n<p><strong>III Kurz | VELC\u00cd MIST\u0158I RENESANCE<\/strong> &#8211; 3 lekce po stop\u00e1ch um\u011bn\u00ed Raffaella, Michelangela a Leonarda.<br \/>\n(13.11 | 20. 11 | 27. 11 &#8211; 2023)<\/p>\n<p><strong>IV Kurz | ITALSK\u00c9 BAROKO<\/strong> &#8211; 3 lekce o italsk\u00e9m baroku prost\u0159ednictv\u00edm d\u011bl Berniniho, Borrominiho, Caravaggia.<br \/>\n(04.12 | 11. 12 | 18. 12 &#8211; 2023)<\/p>\n<p><strong>V Kurz | V UM\u011aN\u00cd 18. STOLET\u00cd<\/strong>&#8211; 3 lekce o um\u011blc\u00edch 18. stolet\u00ed, v\u010detn\u011b slavn\u00e9ho Antonia Canovy.<br \/>\n(15.01 | 22. 01 | 29. 01 &#8211; 2024)<\/p>\n<p><strong>VI Kurz | MEZI UM\u011aLECK\u00ddMI PROUDY DEVATEN\u00c1CT\u00c9HO STOLET\u00cd<\/strong> &#8211; 3 lekce o hlavn\u00edch sm\u011brech italsk\u00e9ho um\u011bn\u00ed 19. stolet\u00ed.<br \/>\n(12.02 | 19. 02 | 26. 02 &#8211; 2024)<\/p>\n<p><strong>VII Kurz | DVAC\u00c1T\u00c9 STOLET\u00cd V UM\u011aN\u00cd<\/strong> &#8211; 3 lekce v srdci italsk\u00e9 um\u011bleck\u00e9 \u201crevoluce\u201d.<br \/>\n(11.03 | 18. 03 | 25. 03 &#8211; 2024)<\/p>\n<p>Kurzy na sebe budou navazovat tak, \u017ee druh\u00fd kurz za\u010dne ihned po skon\u010den\u00ed prvn\u00edho, p\u0159i\u010dem\u017e mezi jednotliv\u00fdmi kurzy bude t\u00fddenn\u00ed p\u0159est\u00e1vka. Podrobn\u00e9 programy jednotliv\u00fdch kurz\u016f budou pr\u016fb\u011b\u017en\u011b zve\u0159ej\u0148ov\u00e1ny.<\/p>\n<p>M\u011bjte pros\u00edm na pam\u011bti, \u017ee term\u00edny se mohou zm\u011bnit v p\u0159\u00edpad\u011b nep\u0159edv\u00eddan\u00fdch okolnost\u00ed nebo z organiza\u010dn\u00edch d\u016fvod\u016f.<\/p>\n","protected":false},"excerpt":{"rendered":"<h5><b><strong>M<\/strong>inikurzy d\u011bjin um\u011bn\u00ed It\u00e1lie<\/b><\/h5>\n<p><span style=\"color: #000000;\"><strong>B\u00c1JE\u010cN\u00c9 BAROKO: <\/strong><\/span><\/p>\n<ol>\n<li>Lorenzo Bernini (04.12.2023) &#8211; 18:00 \/ 20:00<\/li>\n<li>Caravaggio (11.12.2023) &#8211; 18:00 \/ 20:00<\/li>\n<li>Objevov\u00e1n\u00ed italsk\u00fdch m\u00edst v barokn\u00ed Praze: Vla\u0161sk\u00e1 kaple Nanebevzet\u00ed Panny Marie a Velvyslanectv\u00ed It\u00e1lie (18.12.2023) &#8211; 17:00 \/ 19:00<\/li>\n<\/ol>\n<p><strong>Cena za 3 lekce<\/strong>: 1800 K\u010d (minim\u00e1ln\u00ed po\u010det student\u016f: 5)<\/p>\n","protected":false},"featured_media":28663,"template":"","meta":[],"product_brand":[],"product_cat":[205],"product_tag":[838],"class_list":{"0":"post-22373","1":"product","2":"type-product","3":"status-publish","4":"has-post-thumbnail","6":"product_cat-kategorie-specialni-kurzy","7":"product_tag-ilbelpaese-cs","9":"first","10":"outofstock","11":"virtual","12":"purchasable","13":"product-type-simple"},"yoast_head":"<!-- This site is optimized with the Yoast SEO plugin v27.3 - https:\/\/yoast.com\/product\/yoast-seo-wordpress\/ -->\n<title>Il Bel Paese - Parlo Italiano<\/title>\n<meta name=\"robots\" content=\"index, follow, max-snippet:-1, max-image-preview:large, max-video-preview:-1\" \/>\n<link rel=\"canonical\" href=\"https:\/\/parlo-italiano.cz\/cs\/kategorie-specialni-kurzy\/il-bel-paese-cs\/\" \/>\n<meta property=\"og:locale\" content=\"cs_CZ\" \/>\n<meta property=\"og:type\" content=\"article\" \/>\n<meta property=\"og:title\" content=\"Il Bel Paese - Parlo Italiano\" \/>\n<meta property=\"og:description\" content=\"Minikurzy d\u011bjin um\u011bn\u00ed It\u00e1lie B\u00c1JE\u010cN\u00c9 BAROKO:   Lorenzo Bernini (04.12.2023) - 18:00 \/ 20:00  Caravaggio (11.12.2023) - 18:00 \/ 20:00  Objevov\u00e1n\u00ed italsk\u00fdch m\u00edst v barokn\u00ed Praze: Vla\u0161sk\u00e1 kaple Nanebevzet\u00ed Panny Marie a Velvyslanectv\u00ed It\u00e1lie (18.12.2023) - 17:00 \/ 19:00 Cena za 3 lekce: 1800 K\u010d (minim\u00e1ln\u00ed po\u010det student\u016f: 5)\" \/>\n<meta property=\"og:url\" content=\"https:\/\/parlo-italiano.cz\/cs\/kategorie-specialni-kurzy\/il-bel-paese-cs\/\" \/>\n<meta property=\"og:site_name\" content=\"Parlo Italiano\" \/>\n<meta property=\"article:modified_time\" content=\"2023-12-01T16:04:55+00:00\" \/>\n<meta property=\"og:image\" content=\"https:\/\/parlo-italiano.cz\/wp-content\/uploads\/2022\/09\/CORSI-IICP_FAVOLOSO-BAROCCO_23-24.jpg\" \/>\n\t<meta property=\"og:image:width\" content=\"1080\" \/>\n\t<meta property=\"og:image:height\" content=\"1350\" \/>\n\t<meta property=\"og:image:type\" content=\"image\/jpeg\" \/>\n<meta name=\"twitter:card\" content=\"summary_large_image\" \/>\n<meta name=\"twitter:label1\" content=\"Odhadovan\u00e1 doba \u010dten\u00ed\" \/>\n\t<meta name=\"twitter:data1\" content=\"2 minuty\" \/>\n<script type=\"application\/ld+json\" class=\"yoast-schema-graph\">{\"@context\":\"https:\\\/\\\/schema.org\",\"@graph\":[{\"@type\":\"WebPage\",\"@id\":\"https:\\\/\\\/parlo-italiano.cz\\\/cs\\\/kategorie-specialni-kurzy\\\/il-bel-paese-cs\\\/\",\"url\":\"https:\\\/\\\/parlo-italiano.cz\\\/cs\\\/kategorie-specialni-kurzy\\\/il-bel-paese-cs\\\/\",\"name\":\"Il Bel Paese - Parlo Italiano\",\"isPartOf\":{\"@id\":\"https:\\\/\\\/parlo-italiano.cz\\\/#website\"},\"primaryImageOfPage\":{\"@id\":\"https:\\\/\\\/parlo-italiano.cz\\\/cs\\\/kategorie-specialni-kurzy\\\/il-bel-paese-cs\\\/#primaryimage\"},\"image\":{\"@id\":\"https:\\\/\\\/parlo-italiano.cz\\\/cs\\\/kategorie-specialni-kurzy\\\/il-bel-paese-cs\\\/#primaryimage\"},\"thumbnailUrl\":\"https:\\\/\\\/parlo-italiano.cz\\\/wp-content\\\/uploads\\\/2022\\\/09\\\/CORSI-IICP_FAVOLOSO-BAROCCO_23-24.jpg\",\"datePublished\":\"2022-09-26T07:37:18+00:00\",\"dateModified\":\"2023-12-01T16:04:55+00:00\",\"breadcrumb\":{\"@id\":\"https:\\\/\\\/parlo-italiano.cz\\\/cs\\\/kategorie-specialni-kurzy\\\/il-bel-paese-cs\\\/#breadcrumb\"},\"inLanguage\":\"cs\",\"potentialAction\":[{\"@type\":\"ReadAction\",\"target\":[\"https:\\\/\\\/parlo-italiano.cz\\\/cs\\\/kategorie-specialni-kurzy\\\/il-bel-paese-cs\\\/\"]}]},{\"@type\":\"ImageObject\",\"inLanguage\":\"cs\",\"@id\":\"https:\\\/\\\/parlo-italiano.cz\\\/cs\\\/kategorie-specialni-kurzy\\\/il-bel-paese-cs\\\/#primaryimage\",\"url\":\"https:\\\/\\\/parlo-italiano.cz\\\/wp-content\\\/uploads\\\/2022\\\/09\\\/CORSI-IICP_FAVOLOSO-BAROCCO_23-24.jpg\",\"contentUrl\":\"https:\\\/\\\/parlo-italiano.cz\\\/wp-content\\\/uploads\\\/2022\\\/09\\\/CORSI-IICP_FAVOLOSO-BAROCCO_23-24.jpg\",\"width\":1080,\"height\":1350},{\"@type\":\"BreadcrumbList\",\"@id\":\"https:\\\/\\\/parlo-italiano.cz\\\/cs\\\/kategorie-specialni-kurzy\\\/il-bel-paese-cs\\\/#breadcrumb\",\"itemListElement\":[{\"@type\":\"ListItem\",\"position\":1,\"name\":\"Home\",\"item\":\"https:\\\/\\\/parlo-italiano.cz\\\/cs\\\/\"},{\"@type\":\"ListItem\",\"position\":2,\"name\":\"Kurzy\",\"item\":\"https:\\\/\\\/parlo-italiano.cz\\\/cs\\\/kurzy\\\/\"},{\"@type\":\"ListItem\",\"position\":3,\"name\":\"Il Bel Paese\"}]},{\"@type\":\"WebSite\",\"@id\":\"https:\\\/\\\/parlo-italiano.cz\\\/#website\",\"url\":\"https:\\\/\\\/parlo-italiano.cz\\\/\",\"name\":\"Parlo Italiano\",\"description\":\"Corsi di lingua italiana\",\"publisher\":{\"@id\":\"https:\\\/\\\/parlo-italiano.cz\\\/#organization\"},\"potentialAction\":[{\"@type\":\"SearchAction\",\"target\":{\"@type\":\"EntryPoint\",\"urlTemplate\":\"https:\\\/\\\/parlo-italiano.cz\\\/?s={search_term_string}\"},\"query-input\":{\"@type\":\"PropertyValueSpecification\",\"valueRequired\":true,\"valueName\":\"search_term_string\"}}],\"inLanguage\":\"cs\"},{\"@type\":\"Organization\",\"@id\":\"https:\\\/\\\/parlo-italiano.cz\\\/#organization\",\"name\":\"Istituto Italiano di Cultura Praga\",\"url\":\"https:\\\/\\\/parlo-italiano.cz\\\/\",\"logo\":{\"@type\":\"ImageObject\",\"inLanguage\":\"cs\",\"@id\":\"https:\\\/\\\/parlo-italiano.cz\\\/#\\\/schema\\\/logo\\\/image\\\/\",\"url\":\"https:\\\/\\\/parlo-italiano.cz\\\/wp-content\\\/uploads\\\/2020\\\/03\\\/logo_iic.png\",\"contentUrl\":\"https:\\\/\\\/parlo-italiano.cz\\\/wp-content\\\/uploads\\\/2020\\\/03\\\/logo_iic.png\",\"width\":230,\"height\":130,\"caption\":\"Istituto Italiano di Cultura Praga\"},\"image\":{\"@id\":\"https:\\\/\\\/parlo-italiano.cz\\\/#\\\/schema\\\/logo\\\/image\\\/\"}}]}<\/script>\n<!-- \/ Yoast SEO plugin. -->","yoast_head_json":{"title":"Il Bel Paese - Parlo Italiano","robots":{"index":"index","follow":"follow","max-snippet":"max-snippet:-1","max-image-preview":"max-image-preview:large","max-video-preview":"max-video-preview:-1"},"canonical":"https:\/\/parlo-italiano.cz\/cs\/kategorie-specialni-kurzy\/il-bel-paese-cs\/","og_locale":"cs_CZ","og_type":"article","og_title":"Il Bel Paese - Parlo Italiano","og_description":"Minikurzy d\u011bjin um\u011bn\u00ed It\u00e1lie B\u00c1JE\u010cN\u00c9 BAROKO:   Lorenzo Bernini (04.12.2023) - 18:00 \/ 20:00  Caravaggio (11.12.2023) - 18:00 \/ 20:00  Objevov\u00e1n\u00ed italsk\u00fdch m\u00edst v barokn\u00ed Praze: Vla\u0161sk\u00e1 kaple Nanebevzet\u00ed Panny Marie a Velvyslanectv\u00ed It\u00e1lie (18.12.2023) - 17:00 \/ 19:00 Cena za 3 lekce: 1800 K\u010d (minim\u00e1ln\u00ed po\u010det student\u016f: 5)","og_url":"https:\/\/parlo-italiano.cz\/cs\/kategorie-specialni-kurzy\/il-bel-paese-cs\/","og_site_name":"Parlo Italiano","article_modified_time":"2023-12-01T16:04:55+00:00","og_image":[{"width":1080,"height":1350,"url":"https:\/\/parlo-italiano.cz\/wp-content\/uploads\/2022\/09\/CORSI-IICP_FAVOLOSO-BAROCCO_23-24.jpg","type":"image\/jpeg"}],"twitter_card":"summary_large_image","twitter_misc":{"Odhadovan\u00e1 doba \u010dten\u00ed":"2 minuty"},"schema":{"@context":"https:\/\/schema.org","@graph":[{"@type":"WebPage","@id":"https:\/\/parlo-italiano.cz\/cs\/kategorie-specialni-kurzy\/il-bel-paese-cs\/","url":"https:\/\/parlo-italiano.cz\/cs\/kategorie-specialni-kurzy\/il-bel-paese-cs\/","name":"Il Bel Paese - Parlo Italiano","isPartOf":{"@id":"https:\/\/parlo-italiano.cz\/#website"},"primaryImageOfPage":{"@id":"https:\/\/parlo-italiano.cz\/cs\/kategorie-specialni-kurzy\/il-bel-paese-cs\/#primaryimage"},"image":{"@id":"https:\/\/parlo-italiano.cz\/cs\/kategorie-specialni-kurzy\/il-bel-paese-cs\/#primaryimage"},"thumbnailUrl":"https:\/\/parlo-italiano.cz\/wp-content\/uploads\/2022\/09\/CORSI-IICP_FAVOLOSO-BAROCCO_23-24.jpg","datePublished":"2022-09-26T07:37:18+00:00","dateModified":"2023-12-01T16:04:55+00:00","breadcrumb":{"@id":"https:\/\/parlo-italiano.cz\/cs\/kategorie-specialni-kurzy\/il-bel-paese-cs\/#breadcrumb"},"inLanguage":"cs","potentialAction":[{"@type":"ReadAction","target":["https:\/\/parlo-italiano.cz\/cs\/kategorie-specialni-kurzy\/il-bel-paese-cs\/"]}]},{"@type":"ImageObject","inLanguage":"cs","@id":"https:\/\/parlo-italiano.cz\/cs\/kategorie-specialni-kurzy\/il-bel-paese-cs\/#primaryimage","url":"https:\/\/parlo-italiano.cz\/wp-content\/uploads\/2022\/09\/CORSI-IICP_FAVOLOSO-BAROCCO_23-24.jpg","contentUrl":"https:\/\/parlo-italiano.cz\/wp-content\/uploads\/2022\/09\/CORSI-IICP_FAVOLOSO-BAROCCO_23-24.jpg","width":1080,"height":1350},{"@type":"BreadcrumbList","@id":"https:\/\/parlo-italiano.cz\/cs\/kategorie-specialni-kurzy\/il-bel-paese-cs\/#breadcrumb","itemListElement":[{"@type":"ListItem","position":1,"name":"Home","item":"https:\/\/parlo-italiano.cz\/cs\/"},{"@type":"ListItem","position":2,"name":"Kurzy","item":"https:\/\/parlo-italiano.cz\/cs\/kurzy\/"},{"@type":"ListItem","position":3,"name":"Il Bel Paese"}]},{"@type":"WebSite","@id":"https:\/\/parlo-italiano.cz\/#website","url":"https:\/\/parlo-italiano.cz\/","name":"Parlo Italiano","description":"Corsi di lingua italiana","publisher":{"@id":"https:\/\/parlo-italiano.cz\/#organization"},"potentialAction":[{"@type":"SearchAction","target":{"@type":"EntryPoint","urlTemplate":"https:\/\/parlo-italiano.cz\/?s={search_term_string}"},"query-input":{"@type":"PropertyValueSpecification","valueRequired":true,"valueName":"search_term_string"}}],"inLanguage":"cs"},{"@type":"Organization","@id":"https:\/\/parlo-italiano.cz\/#organization","name":"Istituto Italiano di Cultura Praga","url":"https:\/\/parlo-italiano.cz\/","logo":{"@type":"ImageObject","inLanguage":"cs","@id":"https:\/\/parlo-italiano.cz\/#\/schema\/logo\/image\/","url":"https:\/\/parlo-italiano.cz\/wp-content\/uploads\/2020\/03\/logo_iic.png","contentUrl":"https:\/\/parlo-italiano.cz\/wp-content\/uploads\/2020\/03\/logo_iic.png","width":230,"height":130,"caption":"Istituto Italiano di Cultura Praga"},"image":{"@id":"https:\/\/parlo-italiano.cz\/#\/schema\/logo\/image\/"}}]}},"_links":{"self":[{"href":"https:\/\/parlo-italiano.cz\/cs\/wp-json\/wp\/v2\/product\/22373","targetHints":{"allow":["GET"]}}],"collection":[{"href":"https:\/\/parlo-italiano.cz\/cs\/wp-json\/wp\/v2\/product"}],"about":[{"href":"https:\/\/parlo-italiano.cz\/cs\/wp-json\/wp\/v2\/types\/product"}],"wp:featuredmedia":[{"embeddable":true,"href":"https:\/\/parlo-italiano.cz\/cs\/wp-json\/wp\/v2\/media\/28663"}],"wp:attachment":[{"href":"https:\/\/parlo-italiano.cz\/cs\/wp-json\/wp\/v2\/media?parent=22373"}],"wp:term":[{"taxonomy":"product_brand","embeddable":true,"href":"https:\/\/parlo-italiano.cz\/cs\/wp-json\/wp\/v2\/product_brand?post=22373"},{"taxonomy":"product_cat","embeddable":true,"href":"https:\/\/parlo-italiano.cz\/cs\/wp-json\/wp\/v2\/product_cat?post=22373"},{"taxonomy":"product_tag","embeddable":true,"href":"https:\/\/parlo-italiano.cz\/cs\/wp-json\/wp\/v2\/product_tag?post=22373"}],"curies":[{"name":"wp","href":"https:\/\/api.w.org\/{rel}","templated":true}]}}