{"id":22596,"date":"2022-11-29T18:47:21","date_gmt":"2022-11-29T17:47:21","guid":{"rendered":"https:\/\/parlo-italiano.cz\/?post_type=product&#038;p=22596"},"modified":"2023-12-11T00:18:41","modified_gmt":"2023-12-10T23:18:41","slug":"volare-mladez-14-17-let","status":"publish","type":"product","link":"https:\/\/parlo-italiano.cz\/cs\/kategorie-kurzy-pro-deti\/volare-mladez-14-17-let\/","title":{"rendered":"Volare ml\u00e1de\u017e 14-17 let"},"content":{"rendered":"<p>Kurz, veden\u00fd rodil\u00fdmi mluv\u010d\u00edmi, nab\u00edz\u00ed hravou a interaktivn\u00ed v\u00fduku. Metodika zahrnuje u\u010den\u00ed prost\u0159ednictv\u00edm her, praktick\u00fdch cvi\u010den\u00ed a kooperativn\u00edho u\u010den\u00ed, co\u017e vytv\u00e1\u0159\u00ed efektivn\u00ed a z\u00e1bavn\u00e9 prost\u0159ed\u00ed pro osvojen\u00ed jazyka.<\/p>\n<p>V\u00e1no\u010dn\u00ed pr\u00e1zdniny: od 22.12.2023 do 7.1.2024.<\/p>\n","protected":false},"excerpt":{"rendered":"<p>Kurz ital\u0161tiny jako ciz\u00edho jazyka pro ml\u00e1de\u017e od 14 let.<\/p>\n<p><strong>Doch\u00e1zka<\/strong><span>: 2 hodiny, 1x t\u00fddn\u011b<\/span><br \/>\n<strong>Kdy<\/strong><span>: ve st\u0159edu od 15.00 do 17.00 hod. <\/span><br \/>\n<strong>Obdob\u00ed<\/strong><span>: od 13.09.2023 do 10.01.2024<\/span><br \/>\n<strong>Cena za 16 lekc\u00ed (= 32 hodin)<\/strong><span>: 6.150 K\u010d<\/span><\/p>\n","protected":false},"featured_media":22599,"template":"","meta":[],"product_brand":[],"product_cat":[270],"product_tag":[],"class_list":{"0":"post-22596","1":"product","2":"type-product","3":"status-publish","4":"has-post-thumbnail","6":"product_cat-kategorie-kurzy-pro-deti","8":"first","9":"outofstock","10":"featured","11":"virtual","12":"purchasable","13":"product-type-simple"},"yoast_head":"<!-- This site is optimized with the Yoast SEO plugin v27.3 - https:\/\/yoast.com\/product\/yoast-seo-wordpress\/ -->\n<title>Volare ml\u00e1de\u017e 14-17 let - Parlo Italiano<\/title>\n<meta name=\"robots\" content=\"index, follow, max-snippet:-1, max-image-preview:large, max-video-preview:-1\" \/>\n<link rel=\"canonical\" href=\"https:\/\/parlo-italiano.cz\/cs\/kategorie-kurzy-pro-deti\/volare-mladez-14-17-let\/\" \/>\n<meta property=\"og:locale\" content=\"cs_CZ\" \/>\n<meta property=\"og:type\" content=\"article\" \/>\n<meta property=\"og:title\" content=\"Volare ml\u00e1de\u017e 14-17 let - Parlo Italiano\" \/>\n<meta property=\"og:description\" content=\"Kurz ital\u0161tiny jako ciz\u00edho jazyka pro ml\u00e1de\u017e od 14 let.  Doch\u00e1zka: 2 hodiny, 1x t\u00fddn\u011b Kdy: ve st\u0159edu od 15.00 do 17.00 hod.  Obdob\u00ed: od 13.09.2023 do 10.01.2024 Cena za 16 lekc\u00ed (= 32 hodin): 6.150 K\u010d\" \/>\n<meta property=\"og:url\" content=\"https:\/\/parlo-italiano.cz\/cs\/kategorie-kurzy-pro-deti\/volare-mladez-14-17-let\/\" \/>\n<meta property=\"og:site_name\" content=\"Parlo Italiano\" \/>\n<meta property=\"article:modified_time\" content=\"2023-12-10T23:18:41+00:00\" \/>\n<meta property=\"og:image\" content=\"https:\/\/parlo-italiano.cz\/wp-content\/uploads\/2022\/11\/teenager-avanzato.jpg\" \/>\n\t<meta property=\"og:image:width\" content=\"1920\" \/>\n\t<meta property=\"og:image:height\" content=\"1280\" \/>\n\t<meta property=\"og:image:type\" content=\"image\/jpeg\" \/>\n<meta name=\"twitter:card\" content=\"summary_large_image\" \/>\n<meta name=\"twitter:label1\" content=\"Odhadovan\u00e1 doba \u010dten\u00ed\" \/>\n\t<meta name=\"twitter:data1\" content=\"1 minuta\" \/>\n<script type=\"application\/ld+json\" class=\"yoast-schema-graph\">{\"@context\":\"https:\\\/\\\/schema.org\",\"@graph\":[{\"@type\":\"WebPage\",\"@id\":\"https:\\\/\\\/parlo-italiano.cz\\\/cs\\\/kategorie-kurzy-pro-deti\\\/volare-mladez-14-17-let\\\/\",\"url\":\"https:\\\/\\\/parlo-italiano.cz\\\/cs\\\/kategorie-kurzy-pro-deti\\\/volare-mladez-14-17-let\\\/\",\"name\":\"Volare ml\u00e1de\u017e 14-17 let - Parlo Italiano\",\"isPartOf\":{\"@id\":\"https:\\\/\\\/parlo-italiano.cz\\\/#website\"},\"primaryImageOfPage\":{\"@id\":\"https:\\\/\\\/parlo-italiano.cz\\\/cs\\\/kategorie-kurzy-pro-deti\\\/volare-mladez-14-17-let\\\/#primaryimage\"},\"image\":{\"@id\":\"https:\\\/\\\/parlo-italiano.cz\\\/cs\\\/kategorie-kurzy-pro-deti\\\/volare-mladez-14-17-let\\\/#primaryimage\"},\"thumbnailUrl\":\"https:\\\/\\\/parlo-italiano.cz\\\/wp-content\\\/uploads\\\/2022\\\/11\\\/teenager-avanzato.jpg\",\"datePublished\":\"2022-11-29T17:47:21+00:00\",\"dateModified\":\"2023-12-10T23:18:41+00:00\",\"breadcrumb\":{\"@id\":\"https:\\\/\\\/parlo-italiano.cz\\\/cs\\\/kategorie-kurzy-pro-deti\\\/volare-mladez-14-17-let\\\/#breadcrumb\"},\"inLanguage\":\"cs\",\"potentialAction\":[{\"@type\":\"ReadAction\",\"target\":[\"https:\\\/\\\/parlo-italiano.cz\\\/cs\\\/kategorie-kurzy-pro-deti\\\/volare-mladez-14-17-let\\\/\"]}]},{\"@type\":\"ImageObject\",\"inLanguage\":\"cs\",\"@id\":\"https:\\\/\\\/parlo-italiano.cz\\\/cs\\\/kategorie-kurzy-pro-deti\\\/volare-mladez-14-17-let\\\/#primaryimage\",\"url\":\"https:\\\/\\\/parlo-italiano.cz\\\/wp-content\\\/uploads\\\/2022\\\/11\\\/teenager-avanzato.jpg\",\"contentUrl\":\"https:\\\/\\\/parlo-italiano.cz\\\/wp-content\\\/uploads\\\/2022\\\/11\\\/teenager-avanzato.jpg\",\"width\":1920,\"height\":1280},{\"@type\":\"BreadcrumbList\",\"@id\":\"https:\\\/\\\/parlo-italiano.cz\\\/cs\\\/kategorie-kurzy-pro-deti\\\/volare-mladez-14-17-let\\\/#breadcrumb\",\"itemListElement\":[{\"@type\":\"ListItem\",\"position\":1,\"name\":\"Home\",\"item\":\"https:\\\/\\\/parlo-italiano.cz\\\/cs\\\/\"},{\"@type\":\"ListItem\",\"position\":2,\"name\":\"Kurzy\",\"item\":\"https:\\\/\\\/parlo-italiano.cz\\\/cs\\\/kurzy\\\/\"},{\"@type\":\"ListItem\",\"position\":3,\"name\":\"Volare ml\u00e1de\u017e 14-17 let\"}]},{\"@type\":\"WebSite\",\"@id\":\"https:\\\/\\\/parlo-italiano.cz\\\/#website\",\"url\":\"https:\\\/\\\/parlo-italiano.cz\\\/\",\"name\":\"Parlo Italiano\",\"description\":\"Corsi di lingua italiana\",\"publisher\":{\"@id\":\"https:\\\/\\\/parlo-italiano.cz\\\/#organization\"},\"potentialAction\":[{\"@type\":\"SearchAction\",\"target\":{\"@type\":\"EntryPoint\",\"urlTemplate\":\"https:\\\/\\\/parlo-italiano.cz\\\/?s={search_term_string}\"},\"query-input\":{\"@type\":\"PropertyValueSpecification\",\"valueRequired\":true,\"valueName\":\"search_term_string\"}}],\"inLanguage\":\"cs\"},{\"@type\":\"Organization\",\"@id\":\"https:\\\/\\\/parlo-italiano.cz\\\/#organization\",\"name\":\"Istituto Italiano di Cultura Praga\",\"url\":\"https:\\\/\\\/parlo-italiano.cz\\\/\",\"logo\":{\"@type\":\"ImageObject\",\"inLanguage\":\"cs\",\"@id\":\"https:\\\/\\\/parlo-italiano.cz\\\/#\\\/schema\\\/logo\\\/image\\\/\",\"url\":\"https:\\\/\\\/parlo-italiano.cz\\\/wp-content\\\/uploads\\\/2020\\\/03\\\/logo_iic.png\",\"contentUrl\":\"https:\\\/\\\/parlo-italiano.cz\\\/wp-content\\\/uploads\\\/2020\\\/03\\\/logo_iic.png\",\"width\":230,\"height\":130,\"caption\":\"Istituto Italiano di Cultura Praga\"},\"image\":{\"@id\":\"https:\\\/\\\/parlo-italiano.cz\\\/#\\\/schema\\\/logo\\\/image\\\/\"}}]}<\/script>\n<!-- \/ Yoast SEO plugin. -->","yoast_head_json":{"title":"Volare ml\u00e1de\u017e 14-17 let - Parlo Italiano","robots":{"index":"index","follow":"follow","max-snippet":"max-snippet:-1","max-image-preview":"max-image-preview:large","max-video-preview":"max-video-preview:-1"},"canonical":"https:\/\/parlo-italiano.cz\/cs\/kategorie-kurzy-pro-deti\/volare-mladez-14-17-let\/","og_locale":"cs_CZ","og_type":"article","og_title":"Volare ml\u00e1de\u017e 14-17 let - Parlo Italiano","og_description":"Kurz ital\u0161tiny jako ciz\u00edho jazyka pro ml\u00e1de\u017e od 14 let.  Doch\u00e1zka: 2 hodiny, 1x t\u00fddn\u011b Kdy: ve st\u0159edu od 15.00 do 17.00 hod.  Obdob\u00ed: od 13.09.2023 do 10.01.2024 Cena za 16 lekc\u00ed (= 32 hodin): 6.150 K\u010d","og_url":"https:\/\/parlo-italiano.cz\/cs\/kategorie-kurzy-pro-deti\/volare-mladez-14-17-let\/","og_site_name":"Parlo Italiano","article_modified_time":"2023-12-10T23:18:41+00:00","og_image":[{"width":1920,"height":1280,"url":"https:\/\/parlo-italiano.cz\/wp-content\/uploads\/2022\/11\/teenager-avanzato.jpg","type":"image\/jpeg"}],"twitter_card":"summary_large_image","twitter_misc":{"Odhadovan\u00e1 doba \u010dten\u00ed":"1 minuta"},"schema":{"@context":"https:\/\/schema.org","@graph":[{"@type":"WebPage","@id":"https:\/\/parlo-italiano.cz\/cs\/kategorie-kurzy-pro-deti\/volare-mladez-14-17-let\/","url":"https:\/\/parlo-italiano.cz\/cs\/kategorie-kurzy-pro-deti\/volare-mladez-14-17-let\/","name":"Volare ml\u00e1de\u017e 14-17 let - Parlo Italiano","isPartOf":{"@id":"https:\/\/parlo-italiano.cz\/#website"},"primaryImageOfPage":{"@id":"https:\/\/parlo-italiano.cz\/cs\/kategorie-kurzy-pro-deti\/volare-mladez-14-17-let\/#primaryimage"},"image":{"@id":"https:\/\/parlo-italiano.cz\/cs\/kategorie-kurzy-pro-deti\/volare-mladez-14-17-let\/#primaryimage"},"thumbnailUrl":"https:\/\/parlo-italiano.cz\/wp-content\/uploads\/2022\/11\/teenager-avanzato.jpg","datePublished":"2022-11-29T17:47:21+00:00","dateModified":"2023-12-10T23:18:41+00:00","breadcrumb":{"@id":"https:\/\/parlo-italiano.cz\/cs\/kategorie-kurzy-pro-deti\/volare-mladez-14-17-let\/#breadcrumb"},"inLanguage":"cs","potentialAction":[{"@type":"ReadAction","target":["https:\/\/parlo-italiano.cz\/cs\/kategorie-kurzy-pro-deti\/volare-mladez-14-17-let\/"]}]},{"@type":"ImageObject","inLanguage":"cs","@id":"https:\/\/parlo-italiano.cz\/cs\/kategorie-kurzy-pro-deti\/volare-mladez-14-17-let\/#primaryimage","url":"https:\/\/parlo-italiano.cz\/wp-content\/uploads\/2022\/11\/teenager-avanzato.jpg","contentUrl":"https:\/\/parlo-italiano.cz\/wp-content\/uploads\/2022\/11\/teenager-avanzato.jpg","width":1920,"height":1280},{"@type":"BreadcrumbList","@id":"https:\/\/parlo-italiano.cz\/cs\/kategorie-kurzy-pro-deti\/volare-mladez-14-17-let\/#breadcrumb","itemListElement":[{"@type":"ListItem","position":1,"name":"Home","item":"https:\/\/parlo-italiano.cz\/cs\/"},{"@type":"ListItem","position":2,"name":"Kurzy","item":"https:\/\/parlo-italiano.cz\/cs\/kurzy\/"},{"@type":"ListItem","position":3,"name":"Volare ml\u00e1de\u017e 14-17 let"}]},{"@type":"WebSite","@id":"https:\/\/parlo-italiano.cz\/#website","url":"https:\/\/parlo-italiano.cz\/","name":"Parlo Italiano","description":"Corsi di lingua italiana","publisher":{"@id":"https:\/\/parlo-italiano.cz\/#organization"},"potentialAction":[{"@type":"SearchAction","target":{"@type":"EntryPoint","urlTemplate":"https:\/\/parlo-italiano.cz\/?s={search_term_string}"},"query-input":{"@type":"PropertyValueSpecification","valueRequired":true,"valueName":"search_term_string"}}],"inLanguage":"cs"},{"@type":"Organization","@id":"https:\/\/parlo-italiano.cz\/#organization","name":"Istituto Italiano di Cultura Praga","url":"https:\/\/parlo-italiano.cz\/","logo":{"@type":"ImageObject","inLanguage":"cs","@id":"https:\/\/parlo-italiano.cz\/#\/schema\/logo\/image\/","url":"https:\/\/parlo-italiano.cz\/wp-content\/uploads\/2020\/03\/logo_iic.png","contentUrl":"https:\/\/parlo-italiano.cz\/wp-content\/uploads\/2020\/03\/logo_iic.png","width":230,"height":130,"caption":"Istituto Italiano di Cultura Praga"},"image":{"@id":"https:\/\/parlo-italiano.cz\/#\/schema\/logo\/image\/"}}]}},"_links":{"self":[{"href":"https:\/\/parlo-italiano.cz\/cs\/wp-json\/wp\/v2\/product\/22596","targetHints":{"allow":["GET"]}}],"collection":[{"href":"https:\/\/parlo-italiano.cz\/cs\/wp-json\/wp\/v2\/product"}],"about":[{"href":"https:\/\/parlo-italiano.cz\/cs\/wp-json\/wp\/v2\/types\/product"}],"wp:featuredmedia":[{"embeddable":true,"href":"https:\/\/parlo-italiano.cz\/cs\/wp-json\/wp\/v2\/media\/22599"}],"wp:attachment":[{"href":"https:\/\/parlo-italiano.cz\/cs\/wp-json\/wp\/v2\/media?parent=22596"}],"wp:term":[{"taxonomy":"product_brand","embeddable":true,"href":"https:\/\/parlo-italiano.cz\/cs\/wp-json\/wp\/v2\/product_brand?post=22596"},{"taxonomy":"product_cat","embeddable":true,"href":"https:\/\/parlo-italiano.cz\/cs\/wp-json\/wp\/v2\/product_cat?post=22596"},{"taxonomy":"product_tag","embeddable":true,"href":"https:\/\/parlo-italiano.cz\/cs\/wp-json\/wp\/v2\/product_tag?post=22596"}],"curies":[{"name":"wp","href":"https:\/\/api.w.org\/{rel}","templated":true}]}}