{"id":23441,"date":"2023-02-06T14:38:12","date_gmt":"2023-02-06T13:38:13","guid":{"rendered":"https:\/\/parlo-italiano.cz\/?post_type=product&#038;p=23441"},"modified":"2023-08-23T01:16:46","modified_gmt":"2023-08-22T23:16:46","slug":"italstina-v-kuchyni-autorske-gurmanske-recepty-jednotlive-lekce","status":"publish","type":"product","link":"https:\/\/parlo-italiano.cz\/cs\/kategorie-specialni-kurzy\/italstina-v-kuchyni-autorske-gurmanske-recepty-jednotlive-lekce\/","title":{"rendered":"Ital\u0161tina v kuchyni: Autorsk\u00e9 gurm\u00e1nsk\u00e9 recepty &#8211; jednotliv\u00e9 lekce"},"content":{"rendered":"<p>Tato kulin\u00e1\u0159sk\u00e1 cesta n\u00e1s zavede k objevov\u00e1n\u00ed toho, jak se snoub\u00ed star\u00e9 tradice s nejmodern\u011bj\u0161\u00edmi gastronomick\u00fdmi inovacemi mistr\u016f italsk\u00e9 kuchyn\u011b, kte\u0159\u00ed n\u00e1m odhal\u00ed tajemstv\u00ed tvorby jedine\u010dn\u00fdch pokrm\u016f.<\/p>\n<p>B\u011bhem kurzu, kter\u00fd bude kompletn\u011b v ital\u0161tin\u011b p\u0159iprav\u00ed studenti spole\u010dn\u011b pod veden\u00edm lektora typick\u00fd pokrm vych\u00e1zej\u00edc\u00ed z bohat\u00e9 italsk\u00e9 region\u00e1ln\u00ed gastronomick\u00e9 tradice, dopln\u011bn\u00fd typick\u00fdm v\u00ednem.<br \/>\n<span><span style=\"font-weight: 400;\"><\/span><\/span><span><span style=\"font-weight: 400;\">P\u0159\u00edprava j\u00eddla bude p\u0159\u00edle\u017eitost\u00ed promluvit si italsky, vypr\u00e1v\u011bt si o p\u0159\u00edb\u011bhu pokrmu, setkat se a bavit.<\/span><\/span><\/p>\n<p><strong>Program<\/strong><br \/>\n11.09 Ryb\u00ed pol\u00e9vka (se \u0161\u00e9fkucha\u0159em Diegem Morelli \u201cRestaurace La casa di Erminio\u201d)<br \/>\n18.09 Ravioli del plin v om\u00e1\u010dce z pe\u010den\u00e9ho masa (se \u0161\u00e9fkucha\u0159em Riccardem Lucque \u201cLa collezione\u201d)<br \/>\n25.09 Specialita \u0161\u00e9fkucha\u0159e (se \u0161\u00e9fkucha\u0159em Jovem \u201cRestaurace Kogo\u201d)<br \/>\n02.10 Specialita \u0161\u00e9fkucha\u0159e (se \u0161\u00e9fkucha\u0159em ocen\u011bn\u00fdm Michelinskou hv\u011bzdou Marchem Veneruso \u201cFour Seasons Hotel\u201d)<\/p>\n","protected":false},"excerpt":{"rendered":"<p><strong>Autorsk\u00e9 gurm\u00e1nsk\u00e9 recepty &#8211; <span style=\"color: #ff0000;\">Jednotliv\u00e9 lekce<\/span><\/strong><br \/>\nLekce italsk\u00e9ho jazyka a kuchyn\u011b.<br \/>\n<span>4 setk\u00e1n\u00ed \u2013 ka\u017ed\u00e9 v d\u00e9lce cca 120 minut \u2013 vhodn\u00e9 pro v\u0161echny studenty, kte\u0159\u00ed ovl\u00e1daj\u00ed ital\u0161tinu alespo\u0148 na \u00farovni B1.<\/span><br \/>\nPro maxim\u00e1ln\u011b <strong>12 osob.<\/strong><br \/>\n<strong>Kde<\/strong>: v kuchy\u0148sk\u00e9 aule Italsk\u00e9ho kulturn\u00edho institutu v Praze (\u0160porkova 335\/14, Praha 1).<br \/>\n<strong>Kdy<\/strong>: v pond\u011bl\u00ed od 18 do 20 (11.09 \/ 18.09 \/ 25.09 \/ 2.10.2023)<br \/>\n<strong>Cena<\/strong> <strong>za jednotlivou lekci<\/strong>: 990 K\u010d<br \/>\n<span style=\"font-weight: 400;\">Je mo\u017en\u00e9 zakoupit cel\u00fd bal\u00ed\u010dek lekc\u00ed za 3600 K\u010d. Viz <span style=\"color: #3366ff;\"><a href=\"https:\/\/parlo-italiano.cz\/categoria-corsi-speciali\/italiano-in-cucina-piatti-gourmet-dautore-corso\/\" target=\"_blank\" rel=\"noopener\">Autorsk\u00e9 gurm\u00e1nsk\u00e9 recepty \u2013 kurz<\/a> <strong><\/strong><\/span><\/span><\/p>\n","protected":false},"featured_media":27642,"template":"","meta":[],"product_brand":[],"product_cat":[205],"product_tag":[],"class_list":{"0":"post-23441","1":"product","2":"type-product","3":"status-publish","4":"has-post-thumbnail","6":"product_cat-kategorie-specialni-kurzy","8":"first","9":"outofstock","10":"shipping-taxable","11":"product-type-variable","12":"has-default-attributes"},"yoast_head":"<!-- This site is optimized with the Yoast SEO plugin v27.3 - https:\/\/yoast.com\/product\/yoast-seo-wordpress\/ -->\n<title>Ital\u0161tina v kuchyni: Autorsk\u00e9 gurm\u00e1nsk\u00e9 recepty - jednotliv\u00e9 lekce - Parlo Italiano<\/title>\n<meta name=\"robots\" content=\"index, follow, max-snippet:-1, max-image-preview:large, max-video-preview:-1\" \/>\n<link rel=\"canonical\" href=\"https:\/\/parlo-italiano.cz\/cs\/kategorie-specialni-kurzy\/italstina-v-kuchyni-autorske-gurmanske-recepty-jednotlive-lekce\/\" \/>\n<meta property=\"og:locale\" content=\"cs_CZ\" \/>\n<meta property=\"og:type\" content=\"article\" \/>\n<meta property=\"og:title\" content=\"Ital\u0161tina v kuchyni: Autorsk\u00e9 gurm\u00e1nsk\u00e9 recepty - jednotliv\u00e9 lekce - Parlo Italiano\" \/>\n<meta property=\"og:description\" content=\"Autorsk\u00e9 gurm\u00e1nsk\u00e9 recepty - Jednotliv\u00e9 lekce Lekce italsk\u00e9ho jazyka a kuchyn\u011b. 4 setk\u00e1n\u00ed \u2013 ka\u017ed\u00e9 v d\u00e9lce cca 120 minut \u2013 vhodn\u00e9 pro v\u0161echny studenty, kte\u0159\u00ed ovl\u00e1daj\u00ed ital\u0161tinu alespo\u0148 na \u00farovni B1. Pro maxim\u00e1ln\u011b 12 osob. Kde: v kuchy\u0148sk\u00e9 aule Italsk\u00e9ho kulturn\u00edho institutu v Praze (\u0160porkova 335\/14, Praha 1). Kdy: v pond\u011bl\u00ed od 18 do 20 (11.09 \/ 18.09 \/ 25.09 \/ 2.10.2023) Cena za jednotlivou lekci: 990 K\u010d Je mo\u017en\u00e9 zakoupit cel\u00fd bal\u00ed\u010dek lekc\u00ed za 3600 K\u010d. Viz Autorsk\u00e9 gurm\u00e1nsk\u00e9 recepty \u2013 kurz\" \/>\n<meta property=\"og:url\" content=\"https:\/\/parlo-italiano.cz\/cs\/kategorie-specialni-kurzy\/italstina-v-kuchyni-autorske-gurmanske-recepty-jednotlive-lekce\/\" \/>\n<meta property=\"og:site_name\" content=\"Parlo Italiano\" \/>\n<meta property=\"article:modified_time\" content=\"2023-08-22T23:16:46+00:00\" \/>\n<meta property=\"og:image\" content=\"https:\/\/parlo-italiano.cz\/wp-content\/uploads\/2023\/02\/CORSI-ITALIANO-BASE-10.0-Cucina-CZ.jpg\" \/>\n\t<meta property=\"og:image:width\" content=\"1080\" \/>\n\t<meta property=\"og:image:height\" content=\"1350\" \/>\n\t<meta property=\"og:image:type\" content=\"image\/jpeg\" \/>\n<meta name=\"twitter:card\" content=\"summary_large_image\" \/>\n<meta name=\"twitter:label1\" content=\"Odhadovan\u00e1 doba \u010dten\u00ed\" \/>\n\t<meta name=\"twitter:data1\" content=\"1 minuta\" \/>\n<script type=\"application\/ld+json\" class=\"yoast-schema-graph\">{\"@context\":\"https:\\\/\\\/schema.org\",\"@graph\":[{\"@type\":\"WebPage\",\"@id\":\"https:\\\/\\\/parlo-italiano.cz\\\/cs\\\/kategorie-specialni-kurzy\\\/italstina-v-kuchyni-autorske-gurmanske-recepty-jednotlive-lekce\\\/\",\"url\":\"https:\\\/\\\/parlo-italiano.cz\\\/cs\\\/kategorie-specialni-kurzy\\\/italstina-v-kuchyni-autorske-gurmanske-recepty-jednotlive-lekce\\\/\",\"name\":\"Ital\u0161tina v kuchyni: Autorsk\u00e9 gurm\u00e1nsk\u00e9 recepty - jednotliv\u00e9 lekce - Parlo Italiano\",\"isPartOf\":{\"@id\":\"https:\\\/\\\/parlo-italiano.cz\\\/#website\"},\"primaryImageOfPage\":{\"@id\":\"https:\\\/\\\/parlo-italiano.cz\\\/cs\\\/kategorie-specialni-kurzy\\\/italstina-v-kuchyni-autorske-gurmanske-recepty-jednotlive-lekce\\\/#primaryimage\"},\"image\":{\"@id\":\"https:\\\/\\\/parlo-italiano.cz\\\/cs\\\/kategorie-specialni-kurzy\\\/italstina-v-kuchyni-autorske-gurmanske-recepty-jednotlive-lekce\\\/#primaryimage\"},\"thumbnailUrl\":\"https:\\\/\\\/parlo-italiano.cz\\\/wp-content\\\/uploads\\\/2023\\\/02\\\/CORSI-ITALIANO-BASE-10.0-Cucina-CZ.jpg\",\"datePublished\":\"2023-02-06T13:38:13+00:00\",\"dateModified\":\"2023-08-22T23:16:46+00:00\",\"breadcrumb\":{\"@id\":\"https:\\\/\\\/parlo-italiano.cz\\\/cs\\\/kategorie-specialni-kurzy\\\/italstina-v-kuchyni-autorske-gurmanske-recepty-jednotlive-lekce\\\/#breadcrumb\"},\"inLanguage\":\"cs\",\"potentialAction\":[{\"@type\":\"ReadAction\",\"target\":[\"https:\\\/\\\/parlo-italiano.cz\\\/cs\\\/kategorie-specialni-kurzy\\\/italstina-v-kuchyni-autorske-gurmanske-recepty-jednotlive-lekce\\\/\"]}]},{\"@type\":\"ImageObject\",\"inLanguage\":\"cs\",\"@id\":\"https:\\\/\\\/parlo-italiano.cz\\\/cs\\\/kategorie-specialni-kurzy\\\/italstina-v-kuchyni-autorske-gurmanske-recepty-jednotlive-lekce\\\/#primaryimage\",\"url\":\"https:\\\/\\\/parlo-italiano.cz\\\/wp-content\\\/uploads\\\/2023\\\/02\\\/CORSI-ITALIANO-BASE-10.0-Cucina-CZ.jpg\",\"contentUrl\":\"https:\\\/\\\/parlo-italiano.cz\\\/wp-content\\\/uploads\\\/2023\\\/02\\\/CORSI-ITALIANO-BASE-10.0-Cucina-CZ.jpg\",\"width\":1080,\"height\":1350},{\"@type\":\"BreadcrumbList\",\"@id\":\"https:\\\/\\\/parlo-italiano.cz\\\/cs\\\/kategorie-specialni-kurzy\\\/italstina-v-kuchyni-autorske-gurmanske-recepty-jednotlive-lekce\\\/#breadcrumb\",\"itemListElement\":[{\"@type\":\"ListItem\",\"position\":1,\"name\":\"Home\",\"item\":\"https:\\\/\\\/parlo-italiano.cz\\\/cs\\\/\"},{\"@type\":\"ListItem\",\"position\":2,\"name\":\"Kurzy\",\"item\":\"https:\\\/\\\/parlo-italiano.cz\\\/cs\\\/kurzy\\\/\"},{\"@type\":\"ListItem\",\"position\":3,\"name\":\"Ital\u0161tina v kuchyni: Autorsk\u00e9 gurm\u00e1nsk\u00e9 recepty &#8211; jednotliv\u00e9 lekce\"}]},{\"@type\":\"WebSite\",\"@id\":\"https:\\\/\\\/parlo-italiano.cz\\\/#website\",\"url\":\"https:\\\/\\\/parlo-italiano.cz\\\/\",\"name\":\"Parlo Italiano\",\"description\":\"Corsi di lingua italiana\",\"publisher\":{\"@id\":\"https:\\\/\\\/parlo-italiano.cz\\\/#organization\"},\"potentialAction\":[{\"@type\":\"SearchAction\",\"target\":{\"@type\":\"EntryPoint\",\"urlTemplate\":\"https:\\\/\\\/parlo-italiano.cz\\\/?s={search_term_string}\"},\"query-input\":{\"@type\":\"PropertyValueSpecification\",\"valueRequired\":true,\"valueName\":\"search_term_string\"}}],\"inLanguage\":\"cs\"},{\"@type\":\"Organization\",\"@id\":\"https:\\\/\\\/parlo-italiano.cz\\\/#organization\",\"name\":\"Istituto Italiano di Cultura Praga\",\"url\":\"https:\\\/\\\/parlo-italiano.cz\\\/\",\"logo\":{\"@type\":\"ImageObject\",\"inLanguage\":\"cs\",\"@id\":\"https:\\\/\\\/parlo-italiano.cz\\\/#\\\/schema\\\/logo\\\/image\\\/\",\"url\":\"https:\\\/\\\/parlo-italiano.cz\\\/wp-content\\\/uploads\\\/2020\\\/03\\\/logo_iic.png\",\"contentUrl\":\"https:\\\/\\\/parlo-italiano.cz\\\/wp-content\\\/uploads\\\/2020\\\/03\\\/logo_iic.png\",\"width\":230,\"height\":130,\"caption\":\"Istituto Italiano di Cultura Praga\"},\"image\":{\"@id\":\"https:\\\/\\\/parlo-italiano.cz\\\/#\\\/schema\\\/logo\\\/image\\\/\"}}]}<\/script>\n<!-- \/ Yoast SEO plugin. -->","yoast_head_json":{"title":"Ital\u0161tina v kuchyni: Autorsk\u00e9 gurm\u00e1nsk\u00e9 recepty - jednotliv\u00e9 lekce - Parlo Italiano","robots":{"index":"index","follow":"follow","max-snippet":"max-snippet:-1","max-image-preview":"max-image-preview:large","max-video-preview":"max-video-preview:-1"},"canonical":"https:\/\/parlo-italiano.cz\/cs\/kategorie-specialni-kurzy\/italstina-v-kuchyni-autorske-gurmanske-recepty-jednotlive-lekce\/","og_locale":"cs_CZ","og_type":"article","og_title":"Ital\u0161tina v kuchyni: Autorsk\u00e9 gurm\u00e1nsk\u00e9 recepty - jednotliv\u00e9 lekce - Parlo Italiano","og_description":"Autorsk\u00e9 gurm\u00e1nsk\u00e9 recepty - Jednotliv\u00e9 lekce Lekce italsk\u00e9ho jazyka a kuchyn\u011b. 4 setk\u00e1n\u00ed \u2013 ka\u017ed\u00e9 v d\u00e9lce cca 120 minut \u2013 vhodn\u00e9 pro v\u0161echny studenty, kte\u0159\u00ed ovl\u00e1daj\u00ed ital\u0161tinu alespo\u0148 na \u00farovni B1. Pro maxim\u00e1ln\u011b 12 osob. Kde: v kuchy\u0148sk\u00e9 aule Italsk\u00e9ho kulturn\u00edho institutu v Praze (\u0160porkova 335\/14, Praha 1). Kdy: v pond\u011bl\u00ed od 18 do 20 (11.09 \/ 18.09 \/ 25.09 \/ 2.10.2023) Cena za jednotlivou lekci: 990 K\u010d Je mo\u017en\u00e9 zakoupit cel\u00fd bal\u00ed\u010dek lekc\u00ed za 3600 K\u010d. Viz Autorsk\u00e9 gurm\u00e1nsk\u00e9 recepty \u2013 kurz","og_url":"https:\/\/parlo-italiano.cz\/cs\/kategorie-specialni-kurzy\/italstina-v-kuchyni-autorske-gurmanske-recepty-jednotlive-lekce\/","og_site_name":"Parlo Italiano","article_modified_time":"2023-08-22T23:16:46+00:00","og_image":[{"width":1080,"height":1350,"url":"https:\/\/parlo-italiano.cz\/wp-content\/uploads\/2023\/02\/CORSI-ITALIANO-BASE-10.0-Cucina-CZ.jpg","type":"image\/jpeg"}],"twitter_card":"summary_large_image","twitter_misc":{"Odhadovan\u00e1 doba \u010dten\u00ed":"1 minuta"},"schema":{"@context":"https:\/\/schema.org","@graph":[{"@type":"WebPage","@id":"https:\/\/parlo-italiano.cz\/cs\/kategorie-specialni-kurzy\/italstina-v-kuchyni-autorske-gurmanske-recepty-jednotlive-lekce\/","url":"https:\/\/parlo-italiano.cz\/cs\/kategorie-specialni-kurzy\/italstina-v-kuchyni-autorske-gurmanske-recepty-jednotlive-lekce\/","name":"Ital\u0161tina v kuchyni: Autorsk\u00e9 gurm\u00e1nsk\u00e9 recepty - jednotliv\u00e9 lekce - Parlo Italiano","isPartOf":{"@id":"https:\/\/parlo-italiano.cz\/#website"},"primaryImageOfPage":{"@id":"https:\/\/parlo-italiano.cz\/cs\/kategorie-specialni-kurzy\/italstina-v-kuchyni-autorske-gurmanske-recepty-jednotlive-lekce\/#primaryimage"},"image":{"@id":"https:\/\/parlo-italiano.cz\/cs\/kategorie-specialni-kurzy\/italstina-v-kuchyni-autorske-gurmanske-recepty-jednotlive-lekce\/#primaryimage"},"thumbnailUrl":"https:\/\/parlo-italiano.cz\/wp-content\/uploads\/2023\/02\/CORSI-ITALIANO-BASE-10.0-Cucina-CZ.jpg","datePublished":"2023-02-06T13:38:13+00:00","dateModified":"2023-08-22T23:16:46+00:00","breadcrumb":{"@id":"https:\/\/parlo-italiano.cz\/cs\/kategorie-specialni-kurzy\/italstina-v-kuchyni-autorske-gurmanske-recepty-jednotlive-lekce\/#breadcrumb"},"inLanguage":"cs","potentialAction":[{"@type":"ReadAction","target":["https:\/\/parlo-italiano.cz\/cs\/kategorie-specialni-kurzy\/italstina-v-kuchyni-autorske-gurmanske-recepty-jednotlive-lekce\/"]}]},{"@type":"ImageObject","inLanguage":"cs","@id":"https:\/\/parlo-italiano.cz\/cs\/kategorie-specialni-kurzy\/italstina-v-kuchyni-autorske-gurmanske-recepty-jednotlive-lekce\/#primaryimage","url":"https:\/\/parlo-italiano.cz\/wp-content\/uploads\/2023\/02\/CORSI-ITALIANO-BASE-10.0-Cucina-CZ.jpg","contentUrl":"https:\/\/parlo-italiano.cz\/wp-content\/uploads\/2023\/02\/CORSI-ITALIANO-BASE-10.0-Cucina-CZ.jpg","width":1080,"height":1350},{"@type":"BreadcrumbList","@id":"https:\/\/parlo-italiano.cz\/cs\/kategorie-specialni-kurzy\/italstina-v-kuchyni-autorske-gurmanske-recepty-jednotlive-lekce\/#breadcrumb","itemListElement":[{"@type":"ListItem","position":1,"name":"Home","item":"https:\/\/parlo-italiano.cz\/cs\/"},{"@type":"ListItem","position":2,"name":"Kurzy","item":"https:\/\/parlo-italiano.cz\/cs\/kurzy\/"},{"@type":"ListItem","position":3,"name":"Ital\u0161tina v kuchyni: Autorsk\u00e9 gurm\u00e1nsk\u00e9 recepty &#8211; jednotliv\u00e9 lekce"}]},{"@type":"WebSite","@id":"https:\/\/parlo-italiano.cz\/#website","url":"https:\/\/parlo-italiano.cz\/","name":"Parlo Italiano","description":"Corsi di lingua italiana","publisher":{"@id":"https:\/\/parlo-italiano.cz\/#organization"},"potentialAction":[{"@type":"SearchAction","target":{"@type":"EntryPoint","urlTemplate":"https:\/\/parlo-italiano.cz\/?s={search_term_string}"},"query-input":{"@type":"PropertyValueSpecification","valueRequired":true,"valueName":"search_term_string"}}],"inLanguage":"cs"},{"@type":"Organization","@id":"https:\/\/parlo-italiano.cz\/#organization","name":"Istituto Italiano di Cultura Praga","url":"https:\/\/parlo-italiano.cz\/","logo":{"@type":"ImageObject","inLanguage":"cs","@id":"https:\/\/parlo-italiano.cz\/#\/schema\/logo\/image\/","url":"https:\/\/parlo-italiano.cz\/wp-content\/uploads\/2020\/03\/logo_iic.png","contentUrl":"https:\/\/parlo-italiano.cz\/wp-content\/uploads\/2020\/03\/logo_iic.png","width":230,"height":130,"caption":"Istituto Italiano di Cultura Praga"},"image":{"@id":"https:\/\/parlo-italiano.cz\/#\/schema\/logo\/image\/"}}]}},"_links":{"self":[{"href":"https:\/\/parlo-italiano.cz\/cs\/wp-json\/wp\/v2\/product\/23441","targetHints":{"allow":["GET"]}}],"collection":[{"href":"https:\/\/parlo-italiano.cz\/cs\/wp-json\/wp\/v2\/product"}],"about":[{"href":"https:\/\/parlo-italiano.cz\/cs\/wp-json\/wp\/v2\/types\/product"}],"wp:featuredmedia":[{"embeddable":true,"href":"https:\/\/parlo-italiano.cz\/cs\/wp-json\/wp\/v2\/media\/27642"}],"wp:attachment":[{"href":"https:\/\/parlo-italiano.cz\/cs\/wp-json\/wp\/v2\/media?parent=23441"}],"wp:term":[{"taxonomy":"product_brand","embeddable":true,"href":"https:\/\/parlo-italiano.cz\/cs\/wp-json\/wp\/v2\/product_brand?post=23441"},{"taxonomy":"product_cat","embeddable":true,"href":"https:\/\/parlo-italiano.cz\/cs\/wp-json\/wp\/v2\/product_cat?post=23441"},{"taxonomy":"product_tag","embeddable":true,"href":"https:\/\/parlo-italiano.cz\/cs\/wp-json\/wp\/v2\/product_tag?post=23441"}],"curies":[{"name":"wp","href":"https:\/\/api.w.org\/{rel}","templated":true}]}}