{"id":23829,"date":"2023-02-20T16:48:01","date_gmt":"2023-02-20T15:48:02","guid":{"rendered":"https:\/\/parlo-italiano.cz\/?post_type=product&#038;p=23829"},"modified":"2023-02-26T18:02:40","modified_gmt":"2023-02-26T17:02:40","slug":"il-paese-del-vino-degustazione-di-vini-italiani","status":"publish","type":"product","link":"https:\/\/parlo-italiano.cz\/cs\/kategorie-specialni-kurzy\/il-paese-del-vino-degustazione-di-vini-italiani\/","title":{"rendered":"Zem\u011b v\u00edna: degustace italsk\u00fdch v\u00edn"},"content":{"rendered":"<p><b>Zem\u011b v\u00edna: degustace italsk\u00fdch v\u00edn<\/b><\/p>\n<p><span style=\"font-weight: 400;\">B\u011bhem setk\u00e1n\u00ed budete sezn\u00e1meni se z\u00e1kladn\u00edmi pojmy d\u016fle\u017eit\u00fdmi pro senzorickou anal\u00fdzu v\u00edna, bude hodnocen a pops\u00e1n jeho vzhled, v\u016fn\u011b a chu\u0165. <\/span><\/p>\n<p><span style=\"font-weight: 400;\">B\u011bhem semin\u00e1\u0159e, kter\u00fd bude prob\u00edhat v ital\u0161tin\u011b, se studenti pod veden\u00edm lektora sezn\u00e1m\u00ed s tajemstv\u00edm a z\u00e1klady degustace formou ochutn\u00e1vky 9 klasick\u00fdch italsk\u00fdch v\u00edn vybran\u00fdch z bohat\u00e9 italsk\u00e9 produkce.<\/span><\/p>\n<p><strong>Program di degustace:<\/strong><br \/>\n<strong><\/strong><\/p>\n<p><strong>\u0160UMIV\u00c9 V\u00cdNO<\/strong><br \/>\nProsecco di Valdobbiadene brut Superiore Rustico DOCG Nino Franco<\/p>\n<p><strong>B\u00cdL\u00c9<\/strong><br \/>\n<span style=\"font-weight: 400;\">Alto Adige &#8211; <\/span><span style=\"font-weight: 400;\">Pinot Bianco Cora DOC Colterenzio<\/span><br \/>\n<span style=\"font-weight: 400;\">Friuli &#8211;<\/span> <span style=\"font-weight: 400;\">Pinot Grigio Isonzo DOC Lis Neris<\/span><br \/>\n<span style=\"font-weight: 400;\">Veneto &#8211;<\/span> <span style=\"font-weight: 400;\">Soave Classico DOC Montefiorentine, Ca Rugate<\/span><br \/>\n<span style=\"font-weight: 400;\">Sardegna<\/span> &#8211; <span style=\"font-weight: 400;\">Vermentino Manzanile DOC Gabbas Giuseppe<\/span><\/p>\n<p><b>\u010cERVEN\u00c9<\/b><\/p>\n<p><span style=\"font-weight: 400;\">Veneto &#8211; <\/span><span style=\"font-weight: 400;\">Valpolicella Rio Albo DOC Ca Rugate<\/span><br \/>\n<span style=\"font-weight: 400;\">Piemonte<\/span> &#8211; <span style=\"font-weight: 400;\">Barbera d\u00b4Alba DOC Cordero di Montezemolo<\/span><br \/>\n<span style=\"font-weight: 400;\">Toscana<\/span> &#8211; <span style=\"font-weight: 400;\">Chianti Classico DOCG Castello di Verrazzano<\/span><br \/>\n<span style=\"font-weight: 400;\">Puglia &#8211;<\/span> <span style=\"font-weight: 400;\">Primitivo di Manduria Terra Rossa DOC Felline<\/span><\/p>\n","protected":false},"excerpt":{"rendered":"<p><span style=\"font-weight: 400;\">\u00davodn\u00ed lekce na z\u00e1kladn\u00ed \u00farovni, kter\u00e1 v\u00e1s nau\u010d\u00ed degustovat italsk\u00e1 v\u00edna a ocenit vina\u0159skou kulturu.<\/span><br \/>\n<span style=\"font-weight: 400;\">Pro minim\u00e1ln\u011b 6 a maxim\u00e1ln\u011b 14<\/span> \u00fa\u010dastn\u00edk\u016f.<\/p>\n<p><strong>\u00darove\u0148<\/strong>: <span style=\"font-weight: 400;\">Z\u00e1kladn\u00ed pro amat\u00e9ry a nad\u0161ence<\/span><br \/>\n<strong>Lektor<\/strong>: <span style=\"font-weight: 400;\">Mgr. Jiri Markuzzi <\/span><\/p>\n<p><strong>Kde<\/strong>: v kuchy\u0148sk\u00e9 aule Italsk\u00e9ho kulturn\u00edho institutu v Praze (\u0160porkova 335\/14, Praha 1).<br \/>\n<strong>Kdy<\/strong>: <span style=\"font-weight: 400;\"> St\u0159eda 12. dubna 2023, od 18:00 do cca 20:30 hodin<\/span><br \/>\n<span style=\"font-weight: 400;\"><strong>Hl\u00e1sit se je mo\u017en\u00e9 do 3. dubna 2023.<\/strong><\/span><br \/>\n<strong>Cena<\/strong>: 1300 k\u010d<\/p>\n","protected":false},"featured_media":23816,"template":"","meta":[],"product_brand":[],"product_cat":[205],"product_tag":[],"class_list":{"0":"post-23829","1":"product","2":"type-product","3":"status-publish","4":"has-post-thumbnail","6":"product_cat-kategorie-specialni-kurzy","8":"first","9":"outofstock","10":"virtual","11":"purchasable","12":"product-type-simple"},"yoast_head":"<!-- This site is optimized with the Yoast SEO plugin v27.3 - https:\/\/yoast.com\/product\/yoast-seo-wordpress\/ -->\n<title>Zem\u011b v\u00edna: degustace italsk\u00fdch v\u00edn - Parlo Italiano<\/title>\n<meta name=\"robots\" content=\"index, follow, max-snippet:-1, max-image-preview:large, max-video-preview:-1\" \/>\n<link rel=\"canonical\" href=\"https:\/\/parlo-italiano.cz\/cs\/kategorie-specialni-kurzy\/il-paese-del-vino-degustazione-di-vini-italiani\/\" \/>\n<meta property=\"og:locale\" content=\"cs_CZ\" \/>\n<meta property=\"og:type\" content=\"article\" \/>\n<meta property=\"og:title\" content=\"Zem\u011b v\u00edna: degustace italsk\u00fdch v\u00edn - Parlo Italiano\" \/>\n<meta property=\"og:description\" content=\"\u00davodn\u00ed lekce na z\u00e1kladn\u00ed \u00farovni, kter\u00e1 v\u00e1s nau\u010d\u00ed degustovat italsk\u00e1 v\u00edna a ocenit vina\u0159skou kulturu. Pro minim\u00e1ln\u011b 6 a maxim\u00e1ln\u011b 14 \u00fa\u010dastn\u00edk\u016f. \u00darove\u0148: Z\u00e1kladn\u00ed pro amat\u00e9ry a nad\u0161ence Lektor: Mgr. Jiri Markuzzi  Kde: v kuchy\u0148sk\u00e9 aule Italsk\u00e9ho kulturn\u00edho institutu v Praze (\u0160porkova 335\/14, Praha 1). Kdy: St\u0159eda 12. dubna 2023, od 18:00 do cca 20:30 hodin Hl\u00e1sit se je mo\u017en\u00e9 do 3. dubna 2023. Cena: 1300 k\u010d\" \/>\n<meta property=\"og:url\" content=\"https:\/\/parlo-italiano.cz\/cs\/kategorie-specialni-kurzy\/il-paese-del-vino-degustazione-di-vini-italiani\/\" \/>\n<meta property=\"og:site_name\" content=\"Parlo Italiano\" \/>\n<meta property=\"article:modified_time\" content=\"2023-02-26T17:02:40+00:00\" \/>\n<meta property=\"og:image\" content=\"https:\/\/parlo-italiano.cz\/wp-content\/uploads\/2023\/02\/ITALIANO-in-cucina_DEGUSTAZIONE-VINO.jpg\" \/>\n\t<meta property=\"og:image:width\" content=\"1080\" \/>\n\t<meta property=\"og:image:height\" content=\"1350\" \/>\n\t<meta property=\"og:image:type\" content=\"image\/jpeg\" \/>\n<meta name=\"twitter:card\" content=\"summary_large_image\" \/>\n<meta name=\"twitter:label1\" content=\"Odhadovan\u00e1 doba \u010dten\u00ed\" \/>\n\t<meta name=\"twitter:data1\" content=\"1 minuta\" \/>\n<script type=\"application\/ld+json\" class=\"yoast-schema-graph\">{\"@context\":\"https:\\\/\\\/schema.org\",\"@graph\":[{\"@type\":\"WebPage\",\"@id\":\"https:\\\/\\\/parlo-italiano.cz\\\/cs\\\/kategorie-specialni-kurzy\\\/il-paese-del-vino-degustazione-di-vini-italiani\\\/\",\"url\":\"https:\\\/\\\/parlo-italiano.cz\\\/cs\\\/kategorie-specialni-kurzy\\\/il-paese-del-vino-degustazione-di-vini-italiani\\\/\",\"name\":\"Zem\u011b v\u00edna: degustace italsk\u00fdch v\u00edn - Parlo Italiano\",\"isPartOf\":{\"@id\":\"https:\\\/\\\/parlo-italiano.cz\\\/#website\"},\"primaryImageOfPage\":{\"@id\":\"https:\\\/\\\/parlo-italiano.cz\\\/cs\\\/kategorie-specialni-kurzy\\\/il-paese-del-vino-degustazione-di-vini-italiani\\\/#primaryimage\"},\"image\":{\"@id\":\"https:\\\/\\\/parlo-italiano.cz\\\/cs\\\/kategorie-specialni-kurzy\\\/il-paese-del-vino-degustazione-di-vini-italiani\\\/#primaryimage\"},\"thumbnailUrl\":\"https:\\\/\\\/parlo-italiano.cz\\\/wp-content\\\/uploads\\\/2023\\\/02\\\/ITALIANO-in-cucina_DEGUSTAZIONE-VINO.jpg\",\"datePublished\":\"2023-02-20T15:48:02+00:00\",\"dateModified\":\"2023-02-26T17:02:40+00:00\",\"breadcrumb\":{\"@id\":\"https:\\\/\\\/parlo-italiano.cz\\\/cs\\\/kategorie-specialni-kurzy\\\/il-paese-del-vino-degustazione-di-vini-italiani\\\/#breadcrumb\"},\"inLanguage\":\"cs\",\"potentialAction\":[{\"@type\":\"ReadAction\",\"target\":[\"https:\\\/\\\/parlo-italiano.cz\\\/cs\\\/kategorie-specialni-kurzy\\\/il-paese-del-vino-degustazione-di-vini-italiani\\\/\"]}]},{\"@type\":\"ImageObject\",\"inLanguage\":\"cs\",\"@id\":\"https:\\\/\\\/parlo-italiano.cz\\\/cs\\\/kategorie-specialni-kurzy\\\/il-paese-del-vino-degustazione-di-vini-italiani\\\/#primaryimage\",\"url\":\"https:\\\/\\\/parlo-italiano.cz\\\/wp-content\\\/uploads\\\/2023\\\/02\\\/ITALIANO-in-cucina_DEGUSTAZIONE-VINO.jpg\",\"contentUrl\":\"https:\\\/\\\/parlo-italiano.cz\\\/wp-content\\\/uploads\\\/2023\\\/02\\\/ITALIANO-in-cucina_DEGUSTAZIONE-VINO.jpg\",\"width\":1080,\"height\":1350},{\"@type\":\"BreadcrumbList\",\"@id\":\"https:\\\/\\\/parlo-italiano.cz\\\/cs\\\/kategorie-specialni-kurzy\\\/il-paese-del-vino-degustazione-di-vini-italiani\\\/#breadcrumb\",\"itemListElement\":[{\"@type\":\"ListItem\",\"position\":1,\"name\":\"Home\",\"item\":\"https:\\\/\\\/parlo-italiano.cz\\\/cs\\\/\"},{\"@type\":\"ListItem\",\"position\":2,\"name\":\"Kurzy\",\"item\":\"https:\\\/\\\/parlo-italiano.cz\\\/cs\\\/kurzy\\\/\"},{\"@type\":\"ListItem\",\"position\":3,\"name\":\"Zem\u011b v\u00edna: degustace italsk\u00fdch v\u00edn\"}]},{\"@type\":\"WebSite\",\"@id\":\"https:\\\/\\\/parlo-italiano.cz\\\/#website\",\"url\":\"https:\\\/\\\/parlo-italiano.cz\\\/\",\"name\":\"Parlo Italiano\",\"description\":\"Corsi di lingua italiana\",\"publisher\":{\"@id\":\"https:\\\/\\\/parlo-italiano.cz\\\/#organization\"},\"potentialAction\":[{\"@type\":\"SearchAction\",\"target\":{\"@type\":\"EntryPoint\",\"urlTemplate\":\"https:\\\/\\\/parlo-italiano.cz\\\/?s={search_term_string}\"},\"query-input\":{\"@type\":\"PropertyValueSpecification\",\"valueRequired\":true,\"valueName\":\"search_term_string\"}}],\"inLanguage\":\"cs\"},{\"@type\":\"Organization\",\"@id\":\"https:\\\/\\\/parlo-italiano.cz\\\/#organization\",\"name\":\"Istituto Italiano di Cultura Praga\",\"url\":\"https:\\\/\\\/parlo-italiano.cz\\\/\",\"logo\":{\"@type\":\"ImageObject\",\"inLanguage\":\"cs\",\"@id\":\"https:\\\/\\\/parlo-italiano.cz\\\/#\\\/schema\\\/logo\\\/image\\\/\",\"url\":\"https:\\\/\\\/parlo-italiano.cz\\\/wp-content\\\/uploads\\\/2020\\\/03\\\/logo_iic.png\",\"contentUrl\":\"https:\\\/\\\/parlo-italiano.cz\\\/wp-content\\\/uploads\\\/2020\\\/03\\\/logo_iic.png\",\"width\":230,\"height\":130,\"caption\":\"Istituto Italiano di Cultura Praga\"},\"image\":{\"@id\":\"https:\\\/\\\/parlo-italiano.cz\\\/#\\\/schema\\\/logo\\\/image\\\/\"}}]}<\/script>\n<!-- \/ Yoast SEO plugin. -->","yoast_head_json":{"title":"Zem\u011b v\u00edna: degustace italsk\u00fdch v\u00edn - Parlo Italiano","robots":{"index":"index","follow":"follow","max-snippet":"max-snippet:-1","max-image-preview":"max-image-preview:large","max-video-preview":"max-video-preview:-1"},"canonical":"https:\/\/parlo-italiano.cz\/cs\/kategorie-specialni-kurzy\/il-paese-del-vino-degustazione-di-vini-italiani\/","og_locale":"cs_CZ","og_type":"article","og_title":"Zem\u011b v\u00edna: degustace italsk\u00fdch v\u00edn - Parlo Italiano","og_description":"\u00davodn\u00ed lekce na z\u00e1kladn\u00ed \u00farovni, kter\u00e1 v\u00e1s nau\u010d\u00ed degustovat italsk\u00e1 v\u00edna a ocenit vina\u0159skou kulturu. Pro minim\u00e1ln\u011b 6 a maxim\u00e1ln\u011b 14 \u00fa\u010dastn\u00edk\u016f. \u00darove\u0148: Z\u00e1kladn\u00ed pro amat\u00e9ry a nad\u0161ence Lektor: Mgr. Jiri Markuzzi  Kde: v kuchy\u0148sk\u00e9 aule Italsk\u00e9ho kulturn\u00edho institutu v Praze (\u0160porkova 335\/14, Praha 1). Kdy: St\u0159eda 12. dubna 2023, od 18:00 do cca 20:30 hodin Hl\u00e1sit se je mo\u017en\u00e9 do 3. dubna 2023. Cena: 1300 k\u010d","og_url":"https:\/\/parlo-italiano.cz\/cs\/kategorie-specialni-kurzy\/il-paese-del-vino-degustazione-di-vini-italiani\/","og_site_name":"Parlo Italiano","article_modified_time":"2023-02-26T17:02:40+00:00","og_image":[{"width":1080,"height":1350,"url":"https:\/\/parlo-italiano.cz\/wp-content\/uploads\/2023\/02\/ITALIANO-in-cucina_DEGUSTAZIONE-VINO.jpg","type":"image\/jpeg"}],"twitter_card":"summary_large_image","twitter_misc":{"Odhadovan\u00e1 doba \u010dten\u00ed":"1 minuta"},"schema":{"@context":"https:\/\/schema.org","@graph":[{"@type":"WebPage","@id":"https:\/\/parlo-italiano.cz\/cs\/kategorie-specialni-kurzy\/il-paese-del-vino-degustazione-di-vini-italiani\/","url":"https:\/\/parlo-italiano.cz\/cs\/kategorie-specialni-kurzy\/il-paese-del-vino-degustazione-di-vini-italiani\/","name":"Zem\u011b v\u00edna: degustace italsk\u00fdch v\u00edn - Parlo Italiano","isPartOf":{"@id":"https:\/\/parlo-italiano.cz\/#website"},"primaryImageOfPage":{"@id":"https:\/\/parlo-italiano.cz\/cs\/kategorie-specialni-kurzy\/il-paese-del-vino-degustazione-di-vini-italiani\/#primaryimage"},"image":{"@id":"https:\/\/parlo-italiano.cz\/cs\/kategorie-specialni-kurzy\/il-paese-del-vino-degustazione-di-vini-italiani\/#primaryimage"},"thumbnailUrl":"https:\/\/parlo-italiano.cz\/wp-content\/uploads\/2023\/02\/ITALIANO-in-cucina_DEGUSTAZIONE-VINO.jpg","datePublished":"2023-02-20T15:48:02+00:00","dateModified":"2023-02-26T17:02:40+00:00","breadcrumb":{"@id":"https:\/\/parlo-italiano.cz\/cs\/kategorie-specialni-kurzy\/il-paese-del-vino-degustazione-di-vini-italiani\/#breadcrumb"},"inLanguage":"cs","potentialAction":[{"@type":"ReadAction","target":["https:\/\/parlo-italiano.cz\/cs\/kategorie-specialni-kurzy\/il-paese-del-vino-degustazione-di-vini-italiani\/"]}]},{"@type":"ImageObject","inLanguage":"cs","@id":"https:\/\/parlo-italiano.cz\/cs\/kategorie-specialni-kurzy\/il-paese-del-vino-degustazione-di-vini-italiani\/#primaryimage","url":"https:\/\/parlo-italiano.cz\/wp-content\/uploads\/2023\/02\/ITALIANO-in-cucina_DEGUSTAZIONE-VINO.jpg","contentUrl":"https:\/\/parlo-italiano.cz\/wp-content\/uploads\/2023\/02\/ITALIANO-in-cucina_DEGUSTAZIONE-VINO.jpg","width":1080,"height":1350},{"@type":"BreadcrumbList","@id":"https:\/\/parlo-italiano.cz\/cs\/kategorie-specialni-kurzy\/il-paese-del-vino-degustazione-di-vini-italiani\/#breadcrumb","itemListElement":[{"@type":"ListItem","position":1,"name":"Home","item":"https:\/\/parlo-italiano.cz\/cs\/"},{"@type":"ListItem","position":2,"name":"Kurzy","item":"https:\/\/parlo-italiano.cz\/cs\/kurzy\/"},{"@type":"ListItem","position":3,"name":"Zem\u011b v\u00edna: degustace italsk\u00fdch v\u00edn"}]},{"@type":"WebSite","@id":"https:\/\/parlo-italiano.cz\/#website","url":"https:\/\/parlo-italiano.cz\/","name":"Parlo Italiano","description":"Corsi di lingua italiana","publisher":{"@id":"https:\/\/parlo-italiano.cz\/#organization"},"potentialAction":[{"@type":"SearchAction","target":{"@type":"EntryPoint","urlTemplate":"https:\/\/parlo-italiano.cz\/?s={search_term_string}"},"query-input":{"@type":"PropertyValueSpecification","valueRequired":true,"valueName":"search_term_string"}}],"inLanguage":"cs"},{"@type":"Organization","@id":"https:\/\/parlo-italiano.cz\/#organization","name":"Istituto Italiano di Cultura Praga","url":"https:\/\/parlo-italiano.cz\/","logo":{"@type":"ImageObject","inLanguage":"cs","@id":"https:\/\/parlo-italiano.cz\/#\/schema\/logo\/image\/","url":"https:\/\/parlo-italiano.cz\/wp-content\/uploads\/2020\/03\/logo_iic.png","contentUrl":"https:\/\/parlo-italiano.cz\/wp-content\/uploads\/2020\/03\/logo_iic.png","width":230,"height":130,"caption":"Istituto Italiano di Cultura Praga"},"image":{"@id":"https:\/\/parlo-italiano.cz\/#\/schema\/logo\/image\/"}}]}},"_links":{"self":[{"href":"https:\/\/parlo-italiano.cz\/cs\/wp-json\/wp\/v2\/product\/23829","targetHints":{"allow":["GET"]}}],"collection":[{"href":"https:\/\/parlo-italiano.cz\/cs\/wp-json\/wp\/v2\/product"}],"about":[{"href":"https:\/\/parlo-italiano.cz\/cs\/wp-json\/wp\/v2\/types\/product"}],"wp:featuredmedia":[{"embeddable":true,"href":"https:\/\/parlo-italiano.cz\/cs\/wp-json\/wp\/v2\/media\/23816"}],"wp:attachment":[{"href":"https:\/\/parlo-italiano.cz\/cs\/wp-json\/wp\/v2\/media?parent=23829"}],"wp:term":[{"taxonomy":"product_brand","embeddable":true,"href":"https:\/\/parlo-italiano.cz\/cs\/wp-json\/wp\/v2\/product_brand?post=23829"},{"taxonomy":"product_cat","embeddable":true,"href":"https:\/\/parlo-italiano.cz\/cs\/wp-json\/wp\/v2\/product_cat?post=23829"},{"taxonomy":"product_tag","embeddable":true,"href":"https:\/\/parlo-italiano.cz\/cs\/wp-json\/wp\/v2\/product_tag?post=23829"}],"curies":[{"name":"wp","href":"https:\/\/api.w.org\/{rel}","templated":true}]}}