{"id":24106,"date":"2023-03-13T18:27:35","date_gmt":"2023-03-13T17:27:35","guid":{"rendered":"https:\/\/parlo-italiano.cz\/?post_type=product&#038;p=24106"},"modified":"2025-12-01T13:09:30","modified_gmt":"2025-12-01T12:09:30","slug":"a2-standardni","status":"publish","type":"product","link":"https:\/\/parlo-italiano.cz\/cs\/kategorie-standardni-kurzy\/a2-standardni\/","title":{"rendered":"A2 Standardn\u00ed"},"content":{"rendered":"<p>Podle SERR je \u00farove\u0148 A2 z\u00e1kladn\u00ed \u00farovn\u00ed p\u0159e\u017eit\u00ed. Na t\u00e9to \u00farovni je student schopen porozum\u011bt a komunikovat jednoduch\u00e9 informace o ka\u017edodenn\u00edch a obecn\u00fdch t\u00e9matech. Element\u00e1rn\u00edm zp\u016fsobem um\u00ed popsat podrobnosti sv\u00e9ho \u017eivota nebo prost\u0159ed\u00ed, kter\u00e9 ho obklopuje; um\u00ed vyj\u00e1d\u0159it okam\u017eit\u00e9 pot\u0159eby.<br \/>\nV na\u0161ich kurzech trv\u00e1 90 hodin a je rozd\u011blena do pod\u00farovn\u00ed A2a, A2b, A2c.<\/p>\n","protected":false},"excerpt":{"rendered":"<p><strong>\u00darove\u0148: A2 <\/strong>&#8211; z\u00e1kladn\u00ed \u00farove\u0148 p\u0159e\u017eit\u00ed<br \/>\n<strong>Doch\u00e1zka<\/strong>: 1x t\u00fddn\u011b<br \/>\n<strong>Cena za 14 lekc\u00ed (= 28 hod): <\/strong>5.750 k\u010d<\/p>\n<p>Zvolte pod\u00farove\u0148 <strong>A2a <\/strong>\/ <strong>A2b <\/strong>\/ <strong>A2c<\/strong> na z\u00e1klad\u011b z\u00e1v\u011bre\u010dn\u00e9ho nebo vstupn\u00edho testu nebo pokud v\u00e1m tato pod\u00farove\u0148 byla p\u0159id\u011blena u\u010ditelem.<\/p>\n<p>Pro tuto \u00farove\u0148 je vy\u017eadov\u00e1na u\u010debnice<span>\u00a0<\/span><strong><a href=\"https:\/\/parlo-italiano.cz\/cs\/ucebnice\/nase-ucebnice-a2\/\" target=\"_blank\" rel=\"noopener\">Chiaro A2<\/a><\/strong><span>\u00a0<\/span>\u2013 pokud si ji zakoup\u00edte z na\u0161eho eshopu, bude v\u00e1m p\u0159ed\u00e1na vyu\u010duj\u00edc\u00edm na prvn\u00ed lekci.<\/p>\n","protected":false},"featured_media":15608,"template":"","meta":[],"product_brand":[],"product_cat":[230],"product_tag":[239],"class_list":{"0":"post-24106","1":"product","2":"type-product","3":"status-publish","4":"has-post-thumbnail","6":"product_cat-kategorie-standardni-kurzy","7":"product_tag-a2-standard-cs","9":"first","10":"instock","11":"sold-individually","12":"shipping-taxable","13":"purchasable","14":"product-type-variable"},"yoast_head":"<!-- This site is optimized with the Yoast SEO plugin v27.3 - https:\/\/yoast.com\/product\/yoast-seo-wordpress\/ -->\n<title>A2 Standardn\u00ed - Parlo Italiano<\/title>\n<meta name=\"robots\" content=\"index, follow, max-snippet:-1, max-image-preview:large, max-video-preview:-1\" \/>\n<link rel=\"canonical\" href=\"https:\/\/parlo-italiano.cz\/cs\/kategorie-standardni-kurzy\/a2-standardni\/\" \/>\n<meta property=\"og:locale\" content=\"cs_CZ\" \/>\n<meta property=\"og:type\" content=\"article\" \/>\n<meta property=\"og:title\" content=\"A2 Standardn\u00ed - Parlo Italiano\" \/>\n<meta property=\"og:description\" content=\"\u00darove\u0148: A2 - z\u00e1kladn\u00ed \u00farove\u0148 p\u0159e\u017eit\u00ed Doch\u00e1zka: 1x t\u00fddn\u011b Cena za 14 lekc\u00ed (= 28 hod): 5.750 k\u010d  Zvolte pod\u00farove\u0148 A2a \/ A2b \/ A2c na z\u00e1klad\u011b z\u00e1v\u011bre\u010dn\u00e9ho nebo vstupn\u00edho testu nebo pokud v\u00e1m tato pod\u00farove\u0148 byla p\u0159id\u011blena u\u010ditelem.  Pro tuto \u00farove\u0148 je vy\u017eadov\u00e1na u\u010debnice\u00a0Chiaro A2\u00a0\u2013 pokud si ji zakoup\u00edte z na\u0161eho eshopu, bude v\u00e1m p\u0159ed\u00e1na vyu\u010duj\u00edc\u00edm na prvn\u00ed lekci.\" \/>\n<meta property=\"og:url\" content=\"https:\/\/parlo-italiano.cz\/cs\/kategorie-standardni-kurzy\/a2-standardni\/\" \/>\n<meta property=\"og:site_name\" content=\"Parlo Italiano\" \/>\n<meta property=\"article:modified_time\" content=\"2025-12-01T12:09:30+00:00\" \/>\n<meta property=\"og:image\" content=\"https:\/\/parlo-italiano.cz\/wp-content\/uploads\/2020\/07\/palermo-2-scaled.jpg\" \/>\n\t<meta property=\"og:image:width\" content=\"2560\" \/>\n\t<meta property=\"og:image:height\" content=\"1707\" \/>\n\t<meta property=\"og:image:type\" content=\"image\/jpeg\" \/>\n<meta name=\"twitter:card\" content=\"summary_large_image\" \/>\n<meta name=\"twitter:label1\" content=\"Odhadovan\u00e1 doba \u010dten\u00ed\" \/>\n\t<meta name=\"twitter:data1\" content=\"1 minuta\" \/>\n<script type=\"application\/ld+json\" class=\"yoast-schema-graph\">{\"@context\":\"https:\\\/\\\/schema.org\",\"@graph\":[{\"@type\":\"WebPage\",\"@id\":\"https:\\\/\\\/parlo-italiano.cz\\\/cs\\\/kategorie-standardni-kurzy\\\/a2-standardni\\\/\",\"url\":\"https:\\\/\\\/parlo-italiano.cz\\\/cs\\\/kategorie-standardni-kurzy\\\/a2-standardni\\\/\",\"name\":\"A2 Standardn\u00ed - Parlo Italiano\",\"isPartOf\":{\"@id\":\"https:\\\/\\\/parlo-italiano.cz\\\/#website\"},\"primaryImageOfPage\":{\"@id\":\"https:\\\/\\\/parlo-italiano.cz\\\/cs\\\/kategorie-standardni-kurzy\\\/a2-standardni\\\/#primaryimage\"},\"image\":{\"@id\":\"https:\\\/\\\/parlo-italiano.cz\\\/cs\\\/kategorie-standardni-kurzy\\\/a2-standardni\\\/#primaryimage\"},\"thumbnailUrl\":\"https:\\\/\\\/parlo-italiano.cz\\\/wp-content\\\/uploads\\\/2020\\\/07\\\/palermo-2-scaled.jpg\",\"datePublished\":\"2023-03-13T17:27:35+00:00\",\"dateModified\":\"2025-12-01T12:09:30+00:00\",\"breadcrumb\":{\"@id\":\"https:\\\/\\\/parlo-italiano.cz\\\/cs\\\/kategorie-standardni-kurzy\\\/a2-standardni\\\/#breadcrumb\"},\"inLanguage\":\"cs\",\"potentialAction\":[{\"@type\":\"ReadAction\",\"target\":[\"https:\\\/\\\/parlo-italiano.cz\\\/cs\\\/kategorie-standardni-kurzy\\\/a2-standardni\\\/\"]}]},{\"@type\":\"ImageObject\",\"inLanguage\":\"cs\",\"@id\":\"https:\\\/\\\/parlo-italiano.cz\\\/cs\\\/kategorie-standardni-kurzy\\\/a2-standardni\\\/#primaryimage\",\"url\":\"https:\\\/\\\/parlo-italiano.cz\\\/wp-content\\\/uploads\\\/2020\\\/07\\\/palermo-2-scaled.jpg\",\"contentUrl\":\"https:\\\/\\\/parlo-italiano.cz\\\/wp-content\\\/uploads\\\/2020\\\/07\\\/palermo-2-scaled.jpg\",\"width\":2560,\"height\":1707},{\"@type\":\"BreadcrumbList\",\"@id\":\"https:\\\/\\\/parlo-italiano.cz\\\/cs\\\/kategorie-standardni-kurzy\\\/a2-standardni\\\/#breadcrumb\",\"itemListElement\":[{\"@type\":\"ListItem\",\"position\":1,\"name\":\"Home\",\"item\":\"https:\\\/\\\/parlo-italiano.cz\\\/cs\\\/\"},{\"@type\":\"ListItem\",\"position\":2,\"name\":\"Kurzy\",\"item\":\"https:\\\/\\\/parlo-italiano.cz\\\/cs\\\/kurzy\\\/\"},{\"@type\":\"ListItem\",\"position\":3,\"name\":\"A2 Standardn\u00ed\"}]},{\"@type\":\"WebSite\",\"@id\":\"https:\\\/\\\/parlo-italiano.cz\\\/#website\",\"url\":\"https:\\\/\\\/parlo-italiano.cz\\\/\",\"name\":\"Parlo Italiano\",\"description\":\"Corsi di lingua italiana\",\"publisher\":{\"@id\":\"https:\\\/\\\/parlo-italiano.cz\\\/#organization\"},\"potentialAction\":[{\"@type\":\"SearchAction\",\"target\":{\"@type\":\"EntryPoint\",\"urlTemplate\":\"https:\\\/\\\/parlo-italiano.cz\\\/?s={search_term_string}\"},\"query-input\":{\"@type\":\"PropertyValueSpecification\",\"valueRequired\":true,\"valueName\":\"search_term_string\"}}],\"inLanguage\":\"cs\"},{\"@type\":\"Organization\",\"@id\":\"https:\\\/\\\/parlo-italiano.cz\\\/#organization\",\"name\":\"Istituto Italiano di Cultura Praga\",\"url\":\"https:\\\/\\\/parlo-italiano.cz\\\/\",\"logo\":{\"@type\":\"ImageObject\",\"inLanguage\":\"cs\",\"@id\":\"https:\\\/\\\/parlo-italiano.cz\\\/#\\\/schema\\\/logo\\\/image\\\/\",\"url\":\"https:\\\/\\\/parlo-italiano.cz\\\/wp-content\\\/uploads\\\/2020\\\/03\\\/logo_iic.png\",\"contentUrl\":\"https:\\\/\\\/parlo-italiano.cz\\\/wp-content\\\/uploads\\\/2020\\\/03\\\/logo_iic.png\",\"width\":230,\"height\":130,\"caption\":\"Istituto Italiano di Cultura Praga\"},\"image\":{\"@id\":\"https:\\\/\\\/parlo-italiano.cz\\\/#\\\/schema\\\/logo\\\/image\\\/\"}}]}<\/script>\n<!-- \/ Yoast SEO plugin. -->","yoast_head_json":{"title":"A2 Standardn\u00ed - Parlo Italiano","robots":{"index":"index","follow":"follow","max-snippet":"max-snippet:-1","max-image-preview":"max-image-preview:large","max-video-preview":"max-video-preview:-1"},"canonical":"https:\/\/parlo-italiano.cz\/cs\/kategorie-standardni-kurzy\/a2-standardni\/","og_locale":"cs_CZ","og_type":"article","og_title":"A2 Standardn\u00ed - Parlo Italiano","og_description":"\u00darove\u0148: A2 - z\u00e1kladn\u00ed \u00farove\u0148 p\u0159e\u017eit\u00ed Doch\u00e1zka: 1x t\u00fddn\u011b Cena za 14 lekc\u00ed (= 28 hod): 5.750 k\u010d  Zvolte pod\u00farove\u0148 A2a \/ A2b \/ A2c na z\u00e1klad\u011b z\u00e1v\u011bre\u010dn\u00e9ho nebo vstupn\u00edho testu nebo pokud v\u00e1m tato pod\u00farove\u0148 byla p\u0159id\u011blena u\u010ditelem.  Pro tuto \u00farove\u0148 je vy\u017eadov\u00e1na u\u010debnice\u00a0Chiaro A2\u00a0\u2013 pokud si ji zakoup\u00edte z na\u0161eho eshopu, bude v\u00e1m p\u0159ed\u00e1na vyu\u010duj\u00edc\u00edm na prvn\u00ed lekci.","og_url":"https:\/\/parlo-italiano.cz\/cs\/kategorie-standardni-kurzy\/a2-standardni\/","og_site_name":"Parlo Italiano","article_modified_time":"2025-12-01T12:09:30+00:00","og_image":[{"width":2560,"height":1707,"url":"https:\/\/parlo-italiano.cz\/wp-content\/uploads\/2020\/07\/palermo-2-scaled.jpg","type":"image\/jpeg"}],"twitter_card":"summary_large_image","twitter_misc":{"Odhadovan\u00e1 doba \u010dten\u00ed":"1 minuta"},"schema":{"@context":"https:\/\/schema.org","@graph":[{"@type":"WebPage","@id":"https:\/\/parlo-italiano.cz\/cs\/kategorie-standardni-kurzy\/a2-standardni\/","url":"https:\/\/parlo-italiano.cz\/cs\/kategorie-standardni-kurzy\/a2-standardni\/","name":"A2 Standardn\u00ed - Parlo Italiano","isPartOf":{"@id":"https:\/\/parlo-italiano.cz\/#website"},"primaryImageOfPage":{"@id":"https:\/\/parlo-italiano.cz\/cs\/kategorie-standardni-kurzy\/a2-standardni\/#primaryimage"},"image":{"@id":"https:\/\/parlo-italiano.cz\/cs\/kategorie-standardni-kurzy\/a2-standardni\/#primaryimage"},"thumbnailUrl":"https:\/\/parlo-italiano.cz\/wp-content\/uploads\/2020\/07\/palermo-2-scaled.jpg","datePublished":"2023-03-13T17:27:35+00:00","dateModified":"2025-12-01T12:09:30+00:00","breadcrumb":{"@id":"https:\/\/parlo-italiano.cz\/cs\/kategorie-standardni-kurzy\/a2-standardni\/#breadcrumb"},"inLanguage":"cs","potentialAction":[{"@type":"ReadAction","target":["https:\/\/parlo-italiano.cz\/cs\/kategorie-standardni-kurzy\/a2-standardni\/"]}]},{"@type":"ImageObject","inLanguage":"cs","@id":"https:\/\/parlo-italiano.cz\/cs\/kategorie-standardni-kurzy\/a2-standardni\/#primaryimage","url":"https:\/\/parlo-italiano.cz\/wp-content\/uploads\/2020\/07\/palermo-2-scaled.jpg","contentUrl":"https:\/\/parlo-italiano.cz\/wp-content\/uploads\/2020\/07\/palermo-2-scaled.jpg","width":2560,"height":1707},{"@type":"BreadcrumbList","@id":"https:\/\/parlo-italiano.cz\/cs\/kategorie-standardni-kurzy\/a2-standardni\/#breadcrumb","itemListElement":[{"@type":"ListItem","position":1,"name":"Home","item":"https:\/\/parlo-italiano.cz\/cs\/"},{"@type":"ListItem","position":2,"name":"Kurzy","item":"https:\/\/parlo-italiano.cz\/cs\/kurzy\/"},{"@type":"ListItem","position":3,"name":"A2 Standardn\u00ed"}]},{"@type":"WebSite","@id":"https:\/\/parlo-italiano.cz\/#website","url":"https:\/\/parlo-italiano.cz\/","name":"Parlo Italiano","description":"Corsi di lingua italiana","publisher":{"@id":"https:\/\/parlo-italiano.cz\/#organization"},"potentialAction":[{"@type":"SearchAction","target":{"@type":"EntryPoint","urlTemplate":"https:\/\/parlo-italiano.cz\/?s={search_term_string}"},"query-input":{"@type":"PropertyValueSpecification","valueRequired":true,"valueName":"search_term_string"}}],"inLanguage":"cs"},{"@type":"Organization","@id":"https:\/\/parlo-italiano.cz\/#organization","name":"Istituto Italiano di Cultura Praga","url":"https:\/\/parlo-italiano.cz\/","logo":{"@type":"ImageObject","inLanguage":"cs","@id":"https:\/\/parlo-italiano.cz\/#\/schema\/logo\/image\/","url":"https:\/\/parlo-italiano.cz\/wp-content\/uploads\/2020\/03\/logo_iic.png","contentUrl":"https:\/\/parlo-italiano.cz\/wp-content\/uploads\/2020\/03\/logo_iic.png","width":230,"height":130,"caption":"Istituto Italiano di Cultura Praga"},"image":{"@id":"https:\/\/parlo-italiano.cz\/#\/schema\/logo\/image\/"}}]}},"_links":{"self":[{"href":"https:\/\/parlo-italiano.cz\/cs\/wp-json\/wp\/v2\/product\/24106","targetHints":{"allow":["GET"]}}],"collection":[{"href":"https:\/\/parlo-italiano.cz\/cs\/wp-json\/wp\/v2\/product"}],"about":[{"href":"https:\/\/parlo-italiano.cz\/cs\/wp-json\/wp\/v2\/types\/product"}],"wp:featuredmedia":[{"embeddable":true,"href":"https:\/\/parlo-italiano.cz\/cs\/wp-json\/wp\/v2\/media\/15608"}],"wp:attachment":[{"href":"https:\/\/parlo-italiano.cz\/cs\/wp-json\/wp\/v2\/media?parent=24106"}],"wp:term":[{"taxonomy":"product_brand","embeddable":true,"href":"https:\/\/parlo-italiano.cz\/cs\/wp-json\/wp\/v2\/product_brand?post=24106"},{"taxonomy":"product_cat","embeddable":true,"href":"https:\/\/parlo-italiano.cz\/cs\/wp-json\/wp\/v2\/product_cat?post=24106"},{"taxonomy":"product_tag","embeddable":true,"href":"https:\/\/parlo-italiano.cz\/cs\/wp-json\/wp\/v2\/product_tag?post=24106"}],"curies":[{"name":"wp","href":"https:\/\/api.w.org\/{rel}","templated":true}]}}