{"id":24226,"date":"2023-03-14T15:30:45","date_gmt":"2023-03-14T14:30:46","guid":{"rendered":"https:\/\/parlo-italiano.cz\/?post_type=product&#038;p=24226"},"modified":"2023-05-15T12:22:51","modified_gmt":"2023-05-15T10:22:51","slug":"b2-standard-r","status":"publish","type":"product","link":"https:\/\/parlo-italiano.cz\/cs\/kategorie-standardni-kurzy\/b2-standard-r\/","title":{"rendered":"B2 Standardn\u00ed &#8211; R"},"content":{"rendered":"<p>Podle SERR je \u00farove\u0148 B2 \u00farovn\u00ed pro st\u0159edn\u011b pokro\u010dil\u00e9 Pokrok. Na t\u00e9to \u00farovni je student schopen porozum\u011bt hlavn\u00edm my\u0161lenk\u00e1m komplexn\u00edch text\u016f na konkr\u00e9tn\u00ed i abstraktn\u00ed t\u00e9mata, jako\u017e i odborn\u00fdm diskus\u00edm souvisej\u00edc\u00edm s jeho oborem specializace. Um\u00ed reagovat plynule a spont\u00e1nn\u011b, co\u017e mu umo\u017e\u0148uje norm\u00e1ln\u00ed interakci s rodil\u00fdmi mluv\u010d\u00edmi ital\u0161tiny. Um\u00ed se jasn\u011b a podrobn\u011b vyj\u00e1d\u0159it k cel\u00e9 \u0159ad\u011b t\u00e9mat a dok\u00e1\u017ee p\u0159edlo\u017eit sv\u016fj n\u00e1zor na dan\u00e9 t\u00e9ma vyjmenov\u00e1n\u00edm v\u00fdhod a nev\u00fdhod. V na\u0161ich kurzech trv\u00e1 120 hodin a je rozd\u011blena na pod\u00farovn\u011b B2a, B2b, B2c, B2d.<\/p>\n","protected":false},"excerpt":{"rendered":"<p><strong>\u00darove\u0148<\/strong>: B2 &#8211; st\u0159edn\u011b pokro\u010dil\u00fd<br \/>\n<strong>Doch\u00e1zka<\/strong>: 1x t\u00fddn\u011b<br \/>\n<strong>Cena za 7 lekc\u00ed (= 14 hod)<\/strong>: 2500 k\u010d<\/p>\n<p>Kurz k prohlouben\u00ed a upevn\u011bn\u00ed ji\u017e z\u00edskan\u00fdch dovednost\u00ed v ital\u0161tin\u011b.<br \/>\nMluven\u00ed, psan\u00ed, \u010dten\u00ed a poslech v r\u016fzn\u00fdch re\u00e1ln\u00fdch situac\u00edch.<\/p>\n<p>Student se za\u0159ad\u00ed na z\u00e1klad\u011b roz\u0159azovac\u00edho testu.<\/p>\n<p>Viz tak\u00e9 kurz <a href=\"https:\/\/parlo-italiano.cz\/corsi-speciali-categoria\/converazione-b2\/\"><strong>Konverzace B2<\/strong><\/a><\/p>\n","protected":false},"featured_media":20291,"template":"","meta":[],"product_brand":[],"product_cat":[230],"product_tag":[259],"class_list":{"0":"post-24226","1":"product","2":"type-product","3":"status-publish","4":"has-post-thumbnail","6":"product_cat-kategorie-standardni-kurzy","7":"product_tag-b2-standard-cs","9":"first","10":"outofstock","11":"featured","12":"sold-individually","13":"shipping-taxable","14":"purchasable","15":"product-type-variable"},"yoast_head":"<!-- This site is optimized with the Yoast SEO plugin v27.3 - https:\/\/yoast.com\/product\/yoast-seo-wordpress\/ -->\n<title>B2 Standardn\u00ed - R - Parlo Italiano<\/title>\n<meta name=\"robots\" content=\"index, follow, max-snippet:-1, max-image-preview:large, max-video-preview:-1\" \/>\n<link rel=\"canonical\" href=\"https:\/\/parlo-italiano.cz\/cs\/kategorie-standardni-kurzy\/b2-standardni-r\/\" \/>\n<meta property=\"og:locale\" content=\"cs_CZ\" \/>\n<meta property=\"og:type\" content=\"article\" \/>\n<meta property=\"og:title\" content=\"B2 Standardn\u00ed - R - Parlo Italiano\" \/>\n<meta property=\"og:description\" content=\"\u00darove\u0148: B2 - st\u0159edn\u011b pokro\u010dil\u00fd Doch\u00e1zka: 1x t\u00fddn\u011b Cena za 7 lekc\u00ed (= 14 hod): 2500 k\u010d Kurz k prohlouben\u00ed a upevn\u011bn\u00ed ji\u017e z\u00edskan\u00fdch dovednost\u00ed v ital\u0161tin\u011b. Mluven\u00ed, psan\u00ed, \u010dten\u00ed a poslech v r\u016fzn\u00fdch re\u00e1ln\u00fdch situac\u00edch. Student se za\u0159ad\u00ed na z\u00e1klad\u011b roz\u0159azovac\u00edho testu. Viz tak\u00e9 kurz Konverzace B2\" \/>\n<meta property=\"og:url\" content=\"https:\/\/parlo-italiano.cz\/cs\/kategorie-standardni-kurzy\/b2-standardni-r\/\" \/>\n<meta property=\"og:site_name\" content=\"Parlo Italiano\" \/>\n<meta property=\"article:modified_time\" content=\"2023-05-15T10:22:51+00:00\" \/>\n<meta property=\"og:image\" content=\"https:\/\/parlo-italiano.cz\/wp-content\/uploads\/2020\/07\/selinunte3-scaled.jpg\" \/>\n\t<meta property=\"og:image:width\" content=\"2560\" \/>\n\t<meta property=\"og:image:height\" content=\"1707\" \/>\n\t<meta property=\"og:image:type\" content=\"image\/jpeg\" \/>\n<meta name=\"twitter:card\" content=\"summary_large_image\" \/>\n<meta name=\"twitter:label1\" content=\"Odhadovan\u00e1 doba \u010dten\u00ed\" \/>\n\t<meta name=\"twitter:data1\" content=\"1 minuta\" \/>\n<script type=\"application\/ld+json\" class=\"yoast-schema-graph\">{\"@context\":\"https:\\\/\\\/schema.org\",\"@graph\":[{\"@type\":\"WebPage\",\"@id\":\"https:\\\/\\\/parlo-italiano.cz\\\/cs\\\/kategorie-standardni-kurzy\\\/b2-standardni-r\\\/\",\"url\":\"https:\\\/\\\/parlo-italiano.cz\\\/cs\\\/kategorie-standardni-kurzy\\\/b2-standardni-r\\\/\",\"name\":\"B2 Standardn\u00ed - R - Parlo Italiano\",\"isPartOf\":{\"@id\":\"https:\\\/\\\/parlo-italiano.cz\\\/#website\"},\"primaryImageOfPage\":{\"@id\":\"https:\\\/\\\/parlo-italiano.cz\\\/cs\\\/kategorie-standardni-kurzy\\\/b2-standardni-r\\\/#primaryimage\"},\"image\":{\"@id\":\"https:\\\/\\\/parlo-italiano.cz\\\/cs\\\/kategorie-standardni-kurzy\\\/b2-standardni-r\\\/#primaryimage\"},\"thumbnailUrl\":\"https:\\\/\\\/parlo-italiano.cz\\\/wp-content\\\/uploads\\\/2020\\\/07\\\/selinunte3-scaled.jpg\",\"datePublished\":\"2023-03-14T14:30:46+00:00\",\"dateModified\":\"2023-05-15T10:22:51+00:00\",\"breadcrumb\":{\"@id\":\"https:\\\/\\\/parlo-italiano.cz\\\/cs\\\/kategorie-standardni-kurzy\\\/b2-standardni-r\\\/#breadcrumb\"},\"inLanguage\":\"cs\",\"potentialAction\":[{\"@type\":\"ReadAction\",\"target\":[\"https:\\\/\\\/parlo-italiano.cz\\\/cs\\\/kategorie-standardni-kurzy\\\/b2-standardni-r\\\/\"]}]},{\"@type\":\"ImageObject\",\"inLanguage\":\"cs\",\"@id\":\"https:\\\/\\\/parlo-italiano.cz\\\/cs\\\/kategorie-standardni-kurzy\\\/b2-standardni-r\\\/#primaryimage\",\"url\":\"https:\\\/\\\/parlo-italiano.cz\\\/wp-content\\\/uploads\\\/2020\\\/07\\\/selinunte3-scaled.jpg\",\"contentUrl\":\"https:\\\/\\\/parlo-italiano.cz\\\/wp-content\\\/uploads\\\/2020\\\/07\\\/selinunte3-scaled.jpg\",\"width\":2560,\"height\":1707},{\"@type\":\"BreadcrumbList\",\"@id\":\"https:\\\/\\\/parlo-italiano.cz\\\/cs\\\/kategorie-standardni-kurzy\\\/b2-standardni-r\\\/#breadcrumb\",\"itemListElement\":[{\"@type\":\"ListItem\",\"position\":1,\"name\":\"Home\",\"item\":\"https:\\\/\\\/parlo-italiano.cz\\\/cs\\\/\"},{\"@type\":\"ListItem\",\"position\":2,\"name\":\"Kurzy\",\"item\":\"https:\\\/\\\/parlo-italiano.cz\\\/cs\\\/kurzy\\\/\"},{\"@type\":\"ListItem\",\"position\":3,\"name\":\"B2 Standardn\u00ed &#8211; R\"}]},{\"@type\":\"WebSite\",\"@id\":\"https:\\\/\\\/parlo-italiano.cz\\\/#website\",\"url\":\"https:\\\/\\\/parlo-italiano.cz\\\/\",\"name\":\"Parlo Italiano\",\"description\":\"Corsi di lingua italiana\",\"publisher\":{\"@id\":\"https:\\\/\\\/parlo-italiano.cz\\\/#organization\"},\"potentialAction\":[{\"@type\":\"SearchAction\",\"target\":{\"@type\":\"EntryPoint\",\"urlTemplate\":\"https:\\\/\\\/parlo-italiano.cz\\\/?s={search_term_string}\"},\"query-input\":{\"@type\":\"PropertyValueSpecification\",\"valueRequired\":true,\"valueName\":\"search_term_string\"}}],\"inLanguage\":\"cs\"},{\"@type\":\"Organization\",\"@id\":\"https:\\\/\\\/parlo-italiano.cz\\\/#organization\",\"name\":\"Istituto Italiano di Cultura Praga\",\"url\":\"https:\\\/\\\/parlo-italiano.cz\\\/\",\"logo\":{\"@type\":\"ImageObject\",\"inLanguage\":\"cs\",\"@id\":\"https:\\\/\\\/parlo-italiano.cz\\\/#\\\/schema\\\/logo\\\/image\\\/\",\"url\":\"https:\\\/\\\/parlo-italiano.cz\\\/wp-content\\\/uploads\\\/2020\\\/03\\\/logo_iic.png\",\"contentUrl\":\"https:\\\/\\\/parlo-italiano.cz\\\/wp-content\\\/uploads\\\/2020\\\/03\\\/logo_iic.png\",\"width\":230,\"height\":130,\"caption\":\"Istituto Italiano di Cultura Praga\"},\"image\":{\"@id\":\"https:\\\/\\\/parlo-italiano.cz\\\/#\\\/schema\\\/logo\\\/image\\\/\"}}]}<\/script>\n<!-- \/ Yoast SEO plugin. -->","yoast_head_json":{"title":"B2 Standardn\u00ed - R - Parlo Italiano","robots":{"index":"index","follow":"follow","max-snippet":"max-snippet:-1","max-image-preview":"max-image-preview:large","max-video-preview":"max-video-preview:-1"},"canonical":"https:\/\/parlo-italiano.cz\/cs\/kategorie-standardni-kurzy\/b2-standardni-r\/","og_locale":"cs_CZ","og_type":"article","og_title":"B2 Standardn\u00ed - R - Parlo Italiano","og_description":"\u00darove\u0148: B2 - st\u0159edn\u011b pokro\u010dil\u00fd Doch\u00e1zka: 1x t\u00fddn\u011b Cena za 7 lekc\u00ed (= 14 hod): 2500 k\u010d Kurz k prohlouben\u00ed a upevn\u011bn\u00ed ji\u017e z\u00edskan\u00fdch dovednost\u00ed v ital\u0161tin\u011b. Mluven\u00ed, psan\u00ed, \u010dten\u00ed a poslech v r\u016fzn\u00fdch re\u00e1ln\u00fdch situac\u00edch. Student se za\u0159ad\u00ed na z\u00e1klad\u011b roz\u0159azovac\u00edho testu. Viz tak\u00e9 kurz Konverzace B2","og_url":"https:\/\/parlo-italiano.cz\/cs\/kategorie-standardni-kurzy\/b2-standardni-r\/","og_site_name":"Parlo Italiano","article_modified_time":"2023-05-15T10:22:51+00:00","og_image":[{"width":2560,"height":1707,"url":"https:\/\/parlo-italiano.cz\/wp-content\/uploads\/2020\/07\/selinunte3-scaled.jpg","type":"image\/jpeg"}],"twitter_card":"summary_large_image","twitter_misc":{"Odhadovan\u00e1 doba \u010dten\u00ed":"1 minuta"},"schema":{"@context":"https:\/\/schema.org","@graph":[{"@type":"WebPage","@id":"https:\/\/parlo-italiano.cz\/cs\/kategorie-standardni-kurzy\/b2-standardni-r\/","url":"https:\/\/parlo-italiano.cz\/cs\/kategorie-standardni-kurzy\/b2-standardni-r\/","name":"B2 Standardn\u00ed - R - Parlo Italiano","isPartOf":{"@id":"https:\/\/parlo-italiano.cz\/#website"},"primaryImageOfPage":{"@id":"https:\/\/parlo-italiano.cz\/cs\/kategorie-standardni-kurzy\/b2-standardni-r\/#primaryimage"},"image":{"@id":"https:\/\/parlo-italiano.cz\/cs\/kategorie-standardni-kurzy\/b2-standardni-r\/#primaryimage"},"thumbnailUrl":"https:\/\/parlo-italiano.cz\/wp-content\/uploads\/2020\/07\/selinunte3-scaled.jpg","datePublished":"2023-03-14T14:30:46+00:00","dateModified":"2023-05-15T10:22:51+00:00","breadcrumb":{"@id":"https:\/\/parlo-italiano.cz\/cs\/kategorie-standardni-kurzy\/b2-standardni-r\/#breadcrumb"},"inLanguage":"cs","potentialAction":[{"@type":"ReadAction","target":["https:\/\/parlo-italiano.cz\/cs\/kategorie-standardni-kurzy\/b2-standardni-r\/"]}]},{"@type":"ImageObject","inLanguage":"cs","@id":"https:\/\/parlo-italiano.cz\/cs\/kategorie-standardni-kurzy\/b2-standardni-r\/#primaryimage","url":"https:\/\/parlo-italiano.cz\/wp-content\/uploads\/2020\/07\/selinunte3-scaled.jpg","contentUrl":"https:\/\/parlo-italiano.cz\/wp-content\/uploads\/2020\/07\/selinunte3-scaled.jpg","width":2560,"height":1707},{"@type":"BreadcrumbList","@id":"https:\/\/parlo-italiano.cz\/cs\/kategorie-standardni-kurzy\/b2-standardni-r\/#breadcrumb","itemListElement":[{"@type":"ListItem","position":1,"name":"Home","item":"https:\/\/parlo-italiano.cz\/cs\/"},{"@type":"ListItem","position":2,"name":"Kurzy","item":"https:\/\/parlo-italiano.cz\/cs\/kurzy\/"},{"@type":"ListItem","position":3,"name":"B2 Standardn\u00ed &#8211; R"}]},{"@type":"WebSite","@id":"https:\/\/parlo-italiano.cz\/#website","url":"https:\/\/parlo-italiano.cz\/","name":"Parlo Italiano","description":"Corsi di lingua italiana","publisher":{"@id":"https:\/\/parlo-italiano.cz\/#organization"},"potentialAction":[{"@type":"SearchAction","target":{"@type":"EntryPoint","urlTemplate":"https:\/\/parlo-italiano.cz\/?s={search_term_string}"},"query-input":{"@type":"PropertyValueSpecification","valueRequired":true,"valueName":"search_term_string"}}],"inLanguage":"cs"},{"@type":"Organization","@id":"https:\/\/parlo-italiano.cz\/#organization","name":"Istituto Italiano di Cultura Praga","url":"https:\/\/parlo-italiano.cz\/","logo":{"@type":"ImageObject","inLanguage":"cs","@id":"https:\/\/parlo-italiano.cz\/#\/schema\/logo\/image\/","url":"https:\/\/parlo-italiano.cz\/wp-content\/uploads\/2020\/03\/logo_iic.png","contentUrl":"https:\/\/parlo-italiano.cz\/wp-content\/uploads\/2020\/03\/logo_iic.png","width":230,"height":130,"caption":"Istituto Italiano di Cultura Praga"},"image":{"@id":"https:\/\/parlo-italiano.cz\/#\/schema\/logo\/image\/"}}]}},"_links":{"self":[{"href":"https:\/\/parlo-italiano.cz\/cs\/wp-json\/wp\/v2\/product\/24226","targetHints":{"allow":["GET"]}}],"collection":[{"href":"https:\/\/parlo-italiano.cz\/cs\/wp-json\/wp\/v2\/product"}],"about":[{"href":"https:\/\/parlo-italiano.cz\/cs\/wp-json\/wp\/v2\/types\/product"}],"wp:featuredmedia":[{"embeddable":true,"href":"https:\/\/parlo-italiano.cz\/cs\/wp-json\/wp\/v2\/media\/20291"}],"wp:attachment":[{"href":"https:\/\/parlo-italiano.cz\/cs\/wp-json\/wp\/v2\/media?parent=24226"}],"wp:term":[{"taxonomy":"product_brand","embeddable":true,"href":"https:\/\/parlo-italiano.cz\/cs\/wp-json\/wp\/v2\/product_brand?post=24226"},{"taxonomy":"product_cat","embeddable":true,"href":"https:\/\/parlo-italiano.cz\/cs\/wp-json\/wp\/v2\/product_cat?post=24226"},{"taxonomy":"product_tag","embeddable":true,"href":"https:\/\/parlo-italiano.cz\/cs\/wp-json\/wp\/v2\/product_tag?post=24226"}],"curies":[{"name":"wp","href":"https:\/\/api.w.org\/{rel}","templated":true}]}}