{"id":24492,"date":"2023-03-22T13:21:07","date_gmt":"2023-03-22T12:21:08","guid":{"rendered":"https:\/\/parlo-italiano.cz\/?post_type=product&#038;p=24492"},"modified":"2023-05-22T22:52:10","modified_gmt":"2023-05-22T20:52:10","slug":"b1c-standardni","status":"publish","type":"product","link":"https:\/\/parlo-italiano.cz\/cs\/kategorie-standardni-kurzy\/b1c-standardni\/","title":{"rendered":"B1c Standardn\u00ed"},"content":{"rendered":"<p>Podle SERR je \u00farove\u0148 B1 \u00farove\u0148 st\u0159edn\u011b pokro\u010dil\u00e1 Pr\u00e1h. Na t\u00e9to \u00farovni je student schopen porozum\u011bt (v jasn\u00e9m a standardn\u00edm mluven\u00e9m jazyce) a komunikovat aspekty zn\u00e1m\u00fdch t\u00e9mat t\u00fdkaj\u00edc\u00edch se \u0161koly, pr\u00e1ce, voln\u00e9ho \u010dasu atd. Um\u00ed jednodu\u0161e a d\u016fsledn\u011b vyj\u00e1d\u0159it sv\u016fj n\u00e1zor na zn\u00e1m\u00e1 t\u00e9mata nebo v oblasti sv\u00fdch vlastn\u00edch z\u00e1jm\u016f. Um\u00ed p\u0159evypr\u00e1v\u011bt z\u00e1\u017eitek nebo ud\u00e1lost, stru\u010dn\u011b vysv\u011btlit projekt nebo n\u00e1pad a stru\u010dn\u011b hovo\u0159it o o\u010dek\u00e1v\u00e1n\u00edch, snech nebo c\u00edlech. V na\u0161ich kurzech trv\u00e1 150 hodin a d\u011bl\u00ed se na pod\u00farovn\u011b B1a, B1b, B1c, B1d, B1e.<\/p>\n","protected":false},"excerpt":{"rendered":"<p><strong>\u00darove\u0148<\/strong>: B1c<br \/>\n<strong>Doch\u00e1zka<\/strong>: 4 hodiny, 2x t\u00fddn\u011b<br \/>\n<strong>Kdy<\/strong>: v \u00fater\u00fd a \u010dtvrtek od 18:00 do 20:00 hodin (\u010dtvrtky online)<\/p>\n<p><strong>Cena za 14 lekc\u00ed (= 28 hodin)<\/strong>: 5.000 K\u010d<\/p>\n<p>28hodinov\u00fd kurz pro st\u0159edn\u011b pokro\u010dil\u00e9 jednou t\u00fddn\u011b. Navazuje na kurz B1b nebo se student za\u0159ad\u00ed na z\u00e1klad\u011b testu.<\/p>\n<p>V\u00fduka je zalo\u017eena na lekc\u00edch 8-10 u\u010debnice Chiaro! B1. <\/p>\n","protected":false},"featured_media":24495,"template":"","meta":[],"product_brand":[],"product_cat":[230],"product_tag":[245],"class_list":{"0":"post-24492","1":"product","2":"type-product","3":"status-publish","4":"has-post-thumbnail","6":"product_cat-kategorie-standardni-kurzy","7":"product_tag-b1-standard-cs","9":"first","10":"outofstock","11":"virtual","12":"sold-individually","13":"purchasable","14":"product-type-simple"},"yoast_head":"<!-- This site is optimized with the Yoast SEO plugin v27.3 - https:\/\/yoast.com\/product\/yoast-seo-wordpress\/ -->\n<title>B1c Standardn\u00ed - Parlo Italiano<\/title>\n<meta name=\"robots\" content=\"index, follow, max-snippet:-1, max-image-preview:large, max-video-preview:-1\" \/>\n<link rel=\"canonical\" href=\"https:\/\/parlo-italiano.cz\/cs\/kategorie-standardni-kurzy\/b1c-standardni\/\" \/>\n<meta property=\"og:locale\" content=\"cs_CZ\" \/>\n<meta property=\"og:type\" content=\"article\" \/>\n<meta property=\"og:title\" content=\"B1c Standardn\u00ed - Parlo Italiano\" \/>\n<meta property=\"og:description\" content=\"\u00darove\u0148: B1c Doch\u00e1zka: 4 hodiny, 2x t\u00fddn\u011b Kdy: v \u00fater\u00fd a \u010dtvrtek od 18:00 do 20:00 hodin (\u010dtvrtky online) Cena za 14 lekc\u00ed (= 28 hodin): 5.000 K\u010d 28hodinov\u00fd kurz pro st\u0159edn\u011b pokro\u010dil\u00e9 jednou t\u00fddn\u011b. Navazuje na kurz B1b nebo se student za\u0159ad\u00ed na z\u00e1klad\u011b testu. V\u00fduka je zalo\u017eena na lekc\u00edch 8-10 u\u010debnice Chiaro! B1.\" \/>\n<meta property=\"og:url\" content=\"https:\/\/parlo-italiano.cz\/cs\/kategorie-standardni-kurzy\/b1c-standardni\/\" \/>\n<meta property=\"og:site_name\" content=\"Parlo Italiano\" \/>\n<meta property=\"article:modified_time\" content=\"2023-05-22T20:52:10+00:00\" \/>\n<meta property=\"og:image\" content=\"https:\/\/parlo-italiano.cz\/wp-content\/uploads\/2023\/03\/gondole-venezia.jpg\" \/>\n\t<meta property=\"og:image:width\" content=\"1920\" \/>\n\t<meta property=\"og:image:height\" content=\"1193\" \/>\n\t<meta property=\"og:image:type\" content=\"image\/jpeg\" \/>\n<meta name=\"twitter:card\" content=\"summary_large_image\" \/>\n<meta name=\"twitter:label1\" content=\"Odhadovan\u00e1 doba \u010dten\u00ed\" \/>\n\t<meta name=\"twitter:data1\" content=\"1 minuta\" \/>\n<script type=\"application\/ld+json\" class=\"yoast-schema-graph\">{\"@context\":\"https:\\\/\\\/schema.org\",\"@graph\":[{\"@type\":\"WebPage\",\"@id\":\"https:\\\/\\\/parlo-italiano.cz\\\/cs\\\/kategorie-standardni-kurzy\\\/b1c-standardni\\\/\",\"url\":\"https:\\\/\\\/parlo-italiano.cz\\\/cs\\\/kategorie-standardni-kurzy\\\/b1c-standardni\\\/\",\"name\":\"B1c Standardn\u00ed - Parlo Italiano\",\"isPartOf\":{\"@id\":\"https:\\\/\\\/parlo-italiano.cz\\\/#website\"},\"primaryImageOfPage\":{\"@id\":\"https:\\\/\\\/parlo-italiano.cz\\\/cs\\\/kategorie-standardni-kurzy\\\/b1c-standardni\\\/#primaryimage\"},\"image\":{\"@id\":\"https:\\\/\\\/parlo-italiano.cz\\\/cs\\\/kategorie-standardni-kurzy\\\/b1c-standardni\\\/#primaryimage\"},\"thumbnailUrl\":\"https:\\\/\\\/parlo-italiano.cz\\\/wp-content\\\/uploads\\\/2023\\\/03\\\/gondole-venezia.jpg\",\"datePublished\":\"2023-03-22T12:21:08+00:00\",\"dateModified\":\"2023-05-22T20:52:10+00:00\",\"breadcrumb\":{\"@id\":\"https:\\\/\\\/parlo-italiano.cz\\\/cs\\\/kategorie-standardni-kurzy\\\/b1c-standardni\\\/#breadcrumb\"},\"inLanguage\":\"cs\",\"potentialAction\":[{\"@type\":\"ReadAction\",\"target\":[\"https:\\\/\\\/parlo-italiano.cz\\\/cs\\\/kategorie-standardni-kurzy\\\/b1c-standardni\\\/\"]}]},{\"@type\":\"ImageObject\",\"inLanguage\":\"cs\",\"@id\":\"https:\\\/\\\/parlo-italiano.cz\\\/cs\\\/kategorie-standardni-kurzy\\\/b1c-standardni\\\/#primaryimage\",\"url\":\"https:\\\/\\\/parlo-italiano.cz\\\/wp-content\\\/uploads\\\/2023\\\/03\\\/gondole-venezia.jpg\",\"contentUrl\":\"https:\\\/\\\/parlo-italiano.cz\\\/wp-content\\\/uploads\\\/2023\\\/03\\\/gondole-venezia.jpg\",\"width\":1920,\"height\":1193},{\"@type\":\"BreadcrumbList\",\"@id\":\"https:\\\/\\\/parlo-italiano.cz\\\/cs\\\/kategorie-standardni-kurzy\\\/b1c-standardni\\\/#breadcrumb\",\"itemListElement\":[{\"@type\":\"ListItem\",\"position\":1,\"name\":\"Home\",\"item\":\"https:\\\/\\\/parlo-italiano.cz\\\/cs\\\/\"},{\"@type\":\"ListItem\",\"position\":2,\"name\":\"Kurzy\",\"item\":\"https:\\\/\\\/parlo-italiano.cz\\\/cs\\\/kurzy\\\/\"},{\"@type\":\"ListItem\",\"position\":3,\"name\":\"B1c Standardn\u00ed\"}]},{\"@type\":\"WebSite\",\"@id\":\"https:\\\/\\\/parlo-italiano.cz\\\/#website\",\"url\":\"https:\\\/\\\/parlo-italiano.cz\\\/\",\"name\":\"Parlo Italiano\",\"description\":\"Corsi di lingua italiana\",\"publisher\":{\"@id\":\"https:\\\/\\\/parlo-italiano.cz\\\/#organization\"},\"potentialAction\":[{\"@type\":\"SearchAction\",\"target\":{\"@type\":\"EntryPoint\",\"urlTemplate\":\"https:\\\/\\\/parlo-italiano.cz\\\/?s={search_term_string}\"},\"query-input\":{\"@type\":\"PropertyValueSpecification\",\"valueRequired\":true,\"valueName\":\"search_term_string\"}}],\"inLanguage\":\"cs\"},{\"@type\":\"Organization\",\"@id\":\"https:\\\/\\\/parlo-italiano.cz\\\/#organization\",\"name\":\"Istituto Italiano di Cultura Praga\",\"url\":\"https:\\\/\\\/parlo-italiano.cz\\\/\",\"logo\":{\"@type\":\"ImageObject\",\"inLanguage\":\"cs\",\"@id\":\"https:\\\/\\\/parlo-italiano.cz\\\/#\\\/schema\\\/logo\\\/image\\\/\",\"url\":\"https:\\\/\\\/parlo-italiano.cz\\\/wp-content\\\/uploads\\\/2020\\\/03\\\/logo_iic.png\",\"contentUrl\":\"https:\\\/\\\/parlo-italiano.cz\\\/wp-content\\\/uploads\\\/2020\\\/03\\\/logo_iic.png\",\"width\":230,\"height\":130,\"caption\":\"Istituto Italiano di Cultura Praga\"},\"image\":{\"@id\":\"https:\\\/\\\/parlo-italiano.cz\\\/#\\\/schema\\\/logo\\\/image\\\/\"}}]}<\/script>\n<!-- \/ Yoast SEO plugin. -->","yoast_head_json":{"title":"B1c Standardn\u00ed - Parlo Italiano","robots":{"index":"index","follow":"follow","max-snippet":"max-snippet:-1","max-image-preview":"max-image-preview:large","max-video-preview":"max-video-preview:-1"},"canonical":"https:\/\/parlo-italiano.cz\/cs\/kategorie-standardni-kurzy\/b1c-standardni\/","og_locale":"cs_CZ","og_type":"article","og_title":"B1c Standardn\u00ed - Parlo Italiano","og_description":"\u00darove\u0148: B1c Doch\u00e1zka: 4 hodiny, 2x t\u00fddn\u011b Kdy: v \u00fater\u00fd a \u010dtvrtek od 18:00 do 20:00 hodin (\u010dtvrtky online) Cena za 14 lekc\u00ed (= 28 hodin): 5.000 K\u010d 28hodinov\u00fd kurz pro st\u0159edn\u011b pokro\u010dil\u00e9 jednou t\u00fddn\u011b. Navazuje na kurz B1b nebo se student za\u0159ad\u00ed na z\u00e1klad\u011b testu. V\u00fduka je zalo\u017eena na lekc\u00edch 8-10 u\u010debnice Chiaro! B1.","og_url":"https:\/\/parlo-italiano.cz\/cs\/kategorie-standardni-kurzy\/b1c-standardni\/","og_site_name":"Parlo Italiano","article_modified_time":"2023-05-22T20:52:10+00:00","og_image":[{"width":1920,"height":1193,"url":"https:\/\/parlo-italiano.cz\/wp-content\/uploads\/2023\/03\/gondole-venezia.jpg","type":"image\/jpeg"}],"twitter_card":"summary_large_image","twitter_misc":{"Odhadovan\u00e1 doba \u010dten\u00ed":"1 minuta"},"schema":{"@context":"https:\/\/schema.org","@graph":[{"@type":"WebPage","@id":"https:\/\/parlo-italiano.cz\/cs\/kategorie-standardni-kurzy\/b1c-standardni\/","url":"https:\/\/parlo-italiano.cz\/cs\/kategorie-standardni-kurzy\/b1c-standardni\/","name":"B1c Standardn\u00ed - Parlo Italiano","isPartOf":{"@id":"https:\/\/parlo-italiano.cz\/#website"},"primaryImageOfPage":{"@id":"https:\/\/parlo-italiano.cz\/cs\/kategorie-standardni-kurzy\/b1c-standardni\/#primaryimage"},"image":{"@id":"https:\/\/parlo-italiano.cz\/cs\/kategorie-standardni-kurzy\/b1c-standardni\/#primaryimage"},"thumbnailUrl":"https:\/\/parlo-italiano.cz\/wp-content\/uploads\/2023\/03\/gondole-venezia.jpg","datePublished":"2023-03-22T12:21:08+00:00","dateModified":"2023-05-22T20:52:10+00:00","breadcrumb":{"@id":"https:\/\/parlo-italiano.cz\/cs\/kategorie-standardni-kurzy\/b1c-standardni\/#breadcrumb"},"inLanguage":"cs","potentialAction":[{"@type":"ReadAction","target":["https:\/\/parlo-italiano.cz\/cs\/kategorie-standardni-kurzy\/b1c-standardni\/"]}]},{"@type":"ImageObject","inLanguage":"cs","@id":"https:\/\/parlo-italiano.cz\/cs\/kategorie-standardni-kurzy\/b1c-standardni\/#primaryimage","url":"https:\/\/parlo-italiano.cz\/wp-content\/uploads\/2023\/03\/gondole-venezia.jpg","contentUrl":"https:\/\/parlo-italiano.cz\/wp-content\/uploads\/2023\/03\/gondole-venezia.jpg","width":1920,"height":1193},{"@type":"BreadcrumbList","@id":"https:\/\/parlo-italiano.cz\/cs\/kategorie-standardni-kurzy\/b1c-standardni\/#breadcrumb","itemListElement":[{"@type":"ListItem","position":1,"name":"Home","item":"https:\/\/parlo-italiano.cz\/cs\/"},{"@type":"ListItem","position":2,"name":"Kurzy","item":"https:\/\/parlo-italiano.cz\/cs\/kurzy\/"},{"@type":"ListItem","position":3,"name":"B1c Standardn\u00ed"}]},{"@type":"WebSite","@id":"https:\/\/parlo-italiano.cz\/#website","url":"https:\/\/parlo-italiano.cz\/","name":"Parlo Italiano","description":"Corsi di lingua italiana","publisher":{"@id":"https:\/\/parlo-italiano.cz\/#organization"},"potentialAction":[{"@type":"SearchAction","target":{"@type":"EntryPoint","urlTemplate":"https:\/\/parlo-italiano.cz\/?s={search_term_string}"},"query-input":{"@type":"PropertyValueSpecification","valueRequired":true,"valueName":"search_term_string"}}],"inLanguage":"cs"},{"@type":"Organization","@id":"https:\/\/parlo-italiano.cz\/#organization","name":"Istituto Italiano di Cultura Praga","url":"https:\/\/parlo-italiano.cz\/","logo":{"@type":"ImageObject","inLanguage":"cs","@id":"https:\/\/parlo-italiano.cz\/#\/schema\/logo\/image\/","url":"https:\/\/parlo-italiano.cz\/wp-content\/uploads\/2020\/03\/logo_iic.png","contentUrl":"https:\/\/parlo-italiano.cz\/wp-content\/uploads\/2020\/03\/logo_iic.png","width":230,"height":130,"caption":"Istituto Italiano di Cultura Praga"},"image":{"@id":"https:\/\/parlo-italiano.cz\/#\/schema\/logo\/image\/"}}]}},"_links":{"self":[{"href":"https:\/\/parlo-italiano.cz\/cs\/wp-json\/wp\/v2\/product\/24492","targetHints":{"allow":["GET"]}}],"collection":[{"href":"https:\/\/parlo-italiano.cz\/cs\/wp-json\/wp\/v2\/product"}],"about":[{"href":"https:\/\/parlo-italiano.cz\/cs\/wp-json\/wp\/v2\/types\/product"}],"wp:featuredmedia":[{"embeddable":true,"href":"https:\/\/parlo-italiano.cz\/cs\/wp-json\/wp\/v2\/media\/24495"}],"wp:attachment":[{"href":"https:\/\/parlo-italiano.cz\/cs\/wp-json\/wp\/v2\/media?parent=24492"}],"wp:term":[{"taxonomy":"product_brand","embeddable":true,"href":"https:\/\/parlo-italiano.cz\/cs\/wp-json\/wp\/v2\/product_brand?post=24492"},{"taxonomy":"product_cat","embeddable":true,"href":"https:\/\/parlo-italiano.cz\/cs\/wp-json\/wp\/v2\/product_cat?post=24492"},{"taxonomy":"product_tag","embeddable":true,"href":"https:\/\/parlo-italiano.cz\/cs\/wp-json\/wp\/v2\/product_tag?post=24492"}],"curies":[{"name":"wp","href":"https:\/\/api.w.org\/{rel}","templated":true}]}}