{"id":24782,"date":"2023-04-04T16:09:05","date_gmt":"2023-04-04T14:09:05","guid":{"rendered":"https:\/\/parlo-italiano.cz\/?post_type=product&#038;p=24782"},"modified":"2023-09-21T15:52:54","modified_gmt":"2023-09-21T13:52:54","slug":"italstina-l1-predskolaci","status":"publish","type":"product","link":"https:\/\/parlo-italiano.cz\/cs\/kategorie-kurzy-pro-deti\/italstina-l1-predskolaci\/","title":{"rendered":"Ital\u0161tina L1 &#8211; p\u0159ed\u0161kol\u00e1ci"},"content":{"rendered":"<p><span>Kurz, veden\u00fd rodil\u00fdmi mluv\u010d\u00edmi, nab\u00edz\u00ed hravou a interaktivn\u00ed v\u00fduku podporuj\u00edc\u00ed d\u011btskou kreativitu a p\u0159edstavivost. Metodika zahrnuje u\u010den\u00ed prost\u0159ednictv\u00edm her, praktick\u00fdch cvi\u010den\u00ed a kooperativn\u00edho u\u010den\u00ed, co\u017e vytv\u00e1\u0159\u00ed efektivn\u00ed a z\u00e1bavn\u00e9 prost\u0159ed\u00ed pro osvojen\u00ed jazyka.<\/span><\/p>\n<p><span>Ve dnech 28. z\u00e1\u0159\u00ed a 26. \u0159\u00edjna se v\u00fduka nekon\u00e1.<\/span><br \/>\n<span>V\u00e1no\u010dn\u00ed pr\u00e1zdniny: od 22.12.2023 do 7.1.2024.<\/span><\/p>\n","protected":false},"excerpt":{"rendered":"<p>Kurz ital\u0161tiny pro rodil\u00ed mluv\u010d\u00ed ur\u010den\u00fd d\u011btem p\u0159ed\u0161koln\u00edho v\u011bku.<\/p>\n<p><strong>Doch\u00e1zka<\/strong><span>: 90 min.,<\/span> <span>1x t\u00fddn\u011b<\/span><br \/>\n<strong>Kdy<\/strong><span>: Ve \u010dtvrtek od 16 do 17:30 <\/span><br \/>\n<strong>Obdob\u00ed<\/strong><span>: od 14.9.2023 do 25.1.2024<\/span><br \/>\n<strong>U\u010d\u00ed<\/strong>: <a href=\"https:\/\/parlo-italiano.cz\/en\/our-teachers\/francesca-maria-riccobene\/\" target=\"_blank\" rel=\"noopener\">Francesca Riccobene<\/a><br \/>\n<strong>Cena za 16 lekc\u00ed <\/strong><span>: 4.600 k\u010d<\/span><\/p>\n","protected":false},"featured_media":18632,"template":"","meta":[],"product_brand":[],"product_cat":[270],"product_tag":[319],"class_list":{"0":"post-24782","1":"product","2":"type-product","3":"status-publish","4":"has-post-thumbnail","6":"product_cat-kategorie-kurzy-pro-deti","7":"product_tag-italstina-l1","9":"first","10":"outofstock","11":"featured","12":"virtual","13":"purchasable","14":"product-type-simple"},"yoast_head":"<!-- This site is optimized with the Yoast SEO plugin v27.3 - https:\/\/yoast.com\/product\/yoast-seo-wordpress\/ -->\n<title>Ital\u0161tina L1 - p\u0159ed\u0161kol\u00e1ci - Parlo Italiano<\/title>\n<meta name=\"robots\" content=\"index, follow, max-snippet:-1, max-image-preview:large, max-video-preview:-1\" \/>\n<link rel=\"canonical\" href=\"https:\/\/parlo-italiano.cz\/cs\/kategorie-kurzy-pro-deti\/italstina-l1-predskolaci\/\" \/>\n<meta property=\"og:locale\" content=\"cs_CZ\" \/>\n<meta property=\"og:type\" content=\"article\" \/>\n<meta property=\"og:title\" content=\"Ital\u0161tina L1 - p\u0159ed\u0161kol\u00e1ci - Parlo Italiano\" \/>\n<meta property=\"og:description\" content=\"Kurz ital\u0161tiny pro rodil\u00ed mluv\u010d\u00ed ur\u010den\u00fd d\u011btem p\u0159ed\u0161koln\u00edho v\u011bku. Doch\u00e1zka: 90 min., 1x t\u00fddn\u011b Kdy: Ve \u010dtvrtek od 16 do 17:30  Obdob\u00ed: od 14.9.2023 do 25.1.2024 U\u010d\u00ed: Francesca Riccobene Cena za 16 lekc\u00ed : 4.600 k\u010d\" \/>\n<meta property=\"og:url\" content=\"https:\/\/parlo-italiano.cz\/cs\/kategorie-kurzy-pro-deti\/italstina-l1-predskolaci\/\" \/>\n<meta property=\"og:site_name\" content=\"Parlo Italiano\" \/>\n<meta property=\"article:modified_time\" content=\"2023-09-21T13:52:54+00:00\" \/>\n<meta property=\"og:image\" content=\"https:\/\/parlo-italiano.cz\/wp-content\/uploads\/2020\/08\/corsi-7.jpg\" \/>\n\t<meta property=\"og:image:width\" content=\"1920\" \/>\n\t<meta property=\"og:image:height\" content=\"1280\" \/>\n\t<meta property=\"og:image:type\" content=\"image\/jpeg\" \/>\n<meta name=\"twitter:card\" content=\"summary_large_image\" \/>\n<script type=\"application\/ld+json\" class=\"yoast-schema-graph\">{\"@context\":\"https:\\\/\\\/schema.org\",\"@graph\":[{\"@type\":\"WebPage\",\"@id\":\"https:\\\/\\\/parlo-italiano.cz\\\/cs\\\/kategorie-kurzy-pro-deti\\\/italstina-l1-predskolaci\\\/\",\"url\":\"https:\\\/\\\/parlo-italiano.cz\\\/cs\\\/kategorie-kurzy-pro-deti\\\/italstina-l1-predskolaci\\\/\",\"name\":\"Ital\u0161tina L1 - p\u0159ed\u0161kol\u00e1ci - Parlo Italiano\",\"isPartOf\":{\"@id\":\"https:\\\/\\\/parlo-italiano.cz\\\/#website\"},\"primaryImageOfPage\":{\"@id\":\"https:\\\/\\\/parlo-italiano.cz\\\/cs\\\/kategorie-kurzy-pro-deti\\\/italstina-l1-predskolaci\\\/#primaryimage\"},\"image\":{\"@id\":\"https:\\\/\\\/parlo-italiano.cz\\\/cs\\\/kategorie-kurzy-pro-deti\\\/italstina-l1-predskolaci\\\/#primaryimage\"},\"thumbnailUrl\":\"https:\\\/\\\/parlo-italiano.cz\\\/wp-content\\\/uploads\\\/2020\\\/08\\\/corsi-7.jpg\",\"datePublished\":\"2023-04-04T14:09:05+00:00\",\"dateModified\":\"2023-09-21T13:52:54+00:00\",\"breadcrumb\":{\"@id\":\"https:\\\/\\\/parlo-italiano.cz\\\/cs\\\/kategorie-kurzy-pro-deti\\\/italstina-l1-predskolaci\\\/#breadcrumb\"},\"inLanguage\":\"cs\",\"potentialAction\":[{\"@type\":\"ReadAction\",\"target\":[\"https:\\\/\\\/parlo-italiano.cz\\\/cs\\\/kategorie-kurzy-pro-deti\\\/italstina-l1-predskolaci\\\/\"]}]},{\"@type\":\"ImageObject\",\"inLanguage\":\"cs\",\"@id\":\"https:\\\/\\\/parlo-italiano.cz\\\/cs\\\/kategorie-kurzy-pro-deti\\\/italstina-l1-predskolaci\\\/#primaryimage\",\"url\":\"https:\\\/\\\/parlo-italiano.cz\\\/wp-content\\\/uploads\\\/2020\\\/08\\\/corsi-7.jpg\",\"contentUrl\":\"https:\\\/\\\/parlo-italiano.cz\\\/wp-content\\\/uploads\\\/2020\\\/08\\\/corsi-7.jpg\",\"width\":1920,\"height\":1280},{\"@type\":\"BreadcrumbList\",\"@id\":\"https:\\\/\\\/parlo-italiano.cz\\\/cs\\\/kategorie-kurzy-pro-deti\\\/italstina-l1-predskolaci\\\/#breadcrumb\",\"itemListElement\":[{\"@type\":\"ListItem\",\"position\":1,\"name\":\"Home\",\"item\":\"https:\\\/\\\/parlo-italiano.cz\\\/cs\\\/\"},{\"@type\":\"ListItem\",\"position\":2,\"name\":\"Kurzy\",\"item\":\"https:\\\/\\\/parlo-italiano.cz\\\/cs\\\/kurzy\\\/\"},{\"@type\":\"ListItem\",\"position\":3,\"name\":\"Ital\u0161tina L1 &#8211; p\u0159ed\u0161kol\u00e1ci\"}]},{\"@type\":\"WebSite\",\"@id\":\"https:\\\/\\\/parlo-italiano.cz\\\/#website\",\"url\":\"https:\\\/\\\/parlo-italiano.cz\\\/\",\"name\":\"Parlo Italiano\",\"description\":\"Corsi di lingua italiana\",\"publisher\":{\"@id\":\"https:\\\/\\\/parlo-italiano.cz\\\/#organization\"},\"potentialAction\":[{\"@type\":\"SearchAction\",\"target\":{\"@type\":\"EntryPoint\",\"urlTemplate\":\"https:\\\/\\\/parlo-italiano.cz\\\/?s={search_term_string}\"},\"query-input\":{\"@type\":\"PropertyValueSpecification\",\"valueRequired\":true,\"valueName\":\"search_term_string\"}}],\"inLanguage\":\"cs\"},{\"@type\":\"Organization\",\"@id\":\"https:\\\/\\\/parlo-italiano.cz\\\/#organization\",\"name\":\"Istituto Italiano di Cultura Praga\",\"url\":\"https:\\\/\\\/parlo-italiano.cz\\\/\",\"logo\":{\"@type\":\"ImageObject\",\"inLanguage\":\"cs\",\"@id\":\"https:\\\/\\\/parlo-italiano.cz\\\/#\\\/schema\\\/logo\\\/image\\\/\",\"url\":\"https:\\\/\\\/parlo-italiano.cz\\\/wp-content\\\/uploads\\\/2020\\\/03\\\/logo_iic.png\",\"contentUrl\":\"https:\\\/\\\/parlo-italiano.cz\\\/wp-content\\\/uploads\\\/2020\\\/03\\\/logo_iic.png\",\"width\":230,\"height\":130,\"caption\":\"Istituto Italiano di Cultura Praga\"},\"image\":{\"@id\":\"https:\\\/\\\/parlo-italiano.cz\\\/#\\\/schema\\\/logo\\\/image\\\/\"}}]}<\/script>\n<!-- \/ Yoast SEO plugin. -->","yoast_head_json":{"title":"Ital\u0161tina L1 - p\u0159ed\u0161kol\u00e1ci - Parlo Italiano","robots":{"index":"index","follow":"follow","max-snippet":"max-snippet:-1","max-image-preview":"max-image-preview:large","max-video-preview":"max-video-preview:-1"},"canonical":"https:\/\/parlo-italiano.cz\/cs\/kategorie-kurzy-pro-deti\/italstina-l1-predskolaci\/","og_locale":"cs_CZ","og_type":"article","og_title":"Ital\u0161tina L1 - p\u0159ed\u0161kol\u00e1ci - Parlo Italiano","og_description":"Kurz ital\u0161tiny pro rodil\u00ed mluv\u010d\u00ed ur\u010den\u00fd d\u011btem p\u0159ed\u0161koln\u00edho v\u011bku. Doch\u00e1zka: 90 min., 1x t\u00fddn\u011b Kdy: Ve \u010dtvrtek od 16 do 17:30  Obdob\u00ed: od 14.9.2023 do 25.1.2024 U\u010d\u00ed: Francesca Riccobene Cena za 16 lekc\u00ed : 4.600 k\u010d","og_url":"https:\/\/parlo-italiano.cz\/cs\/kategorie-kurzy-pro-deti\/italstina-l1-predskolaci\/","og_site_name":"Parlo Italiano","article_modified_time":"2023-09-21T13:52:54+00:00","og_image":[{"width":1920,"height":1280,"url":"https:\/\/parlo-italiano.cz\/wp-content\/uploads\/2020\/08\/corsi-7.jpg","type":"image\/jpeg"}],"twitter_card":"summary_large_image","schema":{"@context":"https:\/\/schema.org","@graph":[{"@type":"WebPage","@id":"https:\/\/parlo-italiano.cz\/cs\/kategorie-kurzy-pro-deti\/italstina-l1-predskolaci\/","url":"https:\/\/parlo-italiano.cz\/cs\/kategorie-kurzy-pro-deti\/italstina-l1-predskolaci\/","name":"Ital\u0161tina L1 - p\u0159ed\u0161kol\u00e1ci - Parlo Italiano","isPartOf":{"@id":"https:\/\/parlo-italiano.cz\/#website"},"primaryImageOfPage":{"@id":"https:\/\/parlo-italiano.cz\/cs\/kategorie-kurzy-pro-deti\/italstina-l1-predskolaci\/#primaryimage"},"image":{"@id":"https:\/\/parlo-italiano.cz\/cs\/kategorie-kurzy-pro-deti\/italstina-l1-predskolaci\/#primaryimage"},"thumbnailUrl":"https:\/\/parlo-italiano.cz\/wp-content\/uploads\/2020\/08\/corsi-7.jpg","datePublished":"2023-04-04T14:09:05+00:00","dateModified":"2023-09-21T13:52:54+00:00","breadcrumb":{"@id":"https:\/\/parlo-italiano.cz\/cs\/kategorie-kurzy-pro-deti\/italstina-l1-predskolaci\/#breadcrumb"},"inLanguage":"cs","potentialAction":[{"@type":"ReadAction","target":["https:\/\/parlo-italiano.cz\/cs\/kategorie-kurzy-pro-deti\/italstina-l1-predskolaci\/"]}]},{"@type":"ImageObject","inLanguage":"cs","@id":"https:\/\/parlo-italiano.cz\/cs\/kategorie-kurzy-pro-deti\/italstina-l1-predskolaci\/#primaryimage","url":"https:\/\/parlo-italiano.cz\/wp-content\/uploads\/2020\/08\/corsi-7.jpg","contentUrl":"https:\/\/parlo-italiano.cz\/wp-content\/uploads\/2020\/08\/corsi-7.jpg","width":1920,"height":1280},{"@type":"BreadcrumbList","@id":"https:\/\/parlo-italiano.cz\/cs\/kategorie-kurzy-pro-deti\/italstina-l1-predskolaci\/#breadcrumb","itemListElement":[{"@type":"ListItem","position":1,"name":"Home","item":"https:\/\/parlo-italiano.cz\/cs\/"},{"@type":"ListItem","position":2,"name":"Kurzy","item":"https:\/\/parlo-italiano.cz\/cs\/kurzy\/"},{"@type":"ListItem","position":3,"name":"Ital\u0161tina L1 &#8211; p\u0159ed\u0161kol\u00e1ci"}]},{"@type":"WebSite","@id":"https:\/\/parlo-italiano.cz\/#website","url":"https:\/\/parlo-italiano.cz\/","name":"Parlo Italiano","description":"Corsi di lingua italiana","publisher":{"@id":"https:\/\/parlo-italiano.cz\/#organization"},"potentialAction":[{"@type":"SearchAction","target":{"@type":"EntryPoint","urlTemplate":"https:\/\/parlo-italiano.cz\/?s={search_term_string}"},"query-input":{"@type":"PropertyValueSpecification","valueRequired":true,"valueName":"search_term_string"}}],"inLanguage":"cs"},{"@type":"Organization","@id":"https:\/\/parlo-italiano.cz\/#organization","name":"Istituto Italiano di Cultura Praga","url":"https:\/\/parlo-italiano.cz\/","logo":{"@type":"ImageObject","inLanguage":"cs","@id":"https:\/\/parlo-italiano.cz\/#\/schema\/logo\/image\/","url":"https:\/\/parlo-italiano.cz\/wp-content\/uploads\/2020\/03\/logo_iic.png","contentUrl":"https:\/\/parlo-italiano.cz\/wp-content\/uploads\/2020\/03\/logo_iic.png","width":230,"height":130,"caption":"Istituto Italiano di Cultura Praga"},"image":{"@id":"https:\/\/parlo-italiano.cz\/#\/schema\/logo\/image\/"}}]}},"_links":{"self":[{"href":"https:\/\/parlo-italiano.cz\/cs\/wp-json\/wp\/v2\/product\/24782","targetHints":{"allow":["GET"]}}],"collection":[{"href":"https:\/\/parlo-italiano.cz\/cs\/wp-json\/wp\/v2\/product"}],"about":[{"href":"https:\/\/parlo-italiano.cz\/cs\/wp-json\/wp\/v2\/types\/product"}],"wp:featuredmedia":[{"embeddable":true,"href":"https:\/\/parlo-italiano.cz\/cs\/wp-json\/wp\/v2\/media\/18632"}],"wp:attachment":[{"href":"https:\/\/parlo-italiano.cz\/cs\/wp-json\/wp\/v2\/media?parent=24782"}],"wp:term":[{"taxonomy":"product_brand","embeddable":true,"href":"https:\/\/parlo-italiano.cz\/cs\/wp-json\/wp\/v2\/product_brand?post=24782"},{"taxonomy":"product_cat","embeddable":true,"href":"https:\/\/parlo-italiano.cz\/cs\/wp-json\/wp\/v2\/product_cat?post=24782"},{"taxonomy":"product_tag","embeddable":true,"href":"https:\/\/parlo-italiano.cz\/cs\/wp-json\/wp\/v2\/product_tag?post=24782"}],"curies":[{"name":"wp","href":"https:\/\/api.w.org\/{rel}","templated":true}]}}