{"id":25191,"date":"2023-04-18T15:57:47","date_gmt":"2023-04-18T13:57:47","guid":{"rendered":"https:\/\/parlo-italiano.cz\/?post_type=product&#038;p=25191"},"modified":"2023-05-02T22:31:40","modified_gmt":"2023-05-02T20:31:40","slug":"zeme-vina-degustace-italskych-vin-copia","status":"publish","type":"product","link":"https:\/\/parlo-italiano.cz\/cs\/kategorie-specialni-kurzy\/zeme-vina-degustace-italskych-vin-copia\/","title":{"rendered":"\u010cerstv\u00e9 dom\u00e1c\u00ed t\u011bstoviny"},"content":{"rendered":"<p><strong>Ital\u0161tina v kuchyni &#8211; <span style=\"color: #ff0000;\">Speci\u00e1ln\u011b \u010cerstv\u00e9 t\u011bstoviny<\/span><\/strong><\/p>\n<p><span style=\"font-weight: 400;\">P\u0159i setk\u00e1n\u00ed <strong>se \u0161\u00e9fkucha\u0159em Antoniem Notarem<\/strong> se nau\u010d\u00edme jak si doma jednodu\u0161e p\u0159ipravit v\u00fdborn\u00e9 \u010derstv\u00e9 t\u011bstoviny a jak je doplnit chutn\u00fdmi om\u00e1\u010dkami. <\/span><\/p>\n<p><span style=\"font-weight: 400;\">V pr\u016fb\u011bhu ve\u010dera si p\u0159iprav\u00edme:<\/span><\/p>\n<p><strong>Ravioli ripieni di ricotta e spinaci, conditi con burro e salvia<\/strong><br \/>\n<strong>Tagliolini tagliati al coltello, con pomodorini freschi e basilico<\/strong><\/p>\n<p><span style=\"font-weight: 400;\">K jednotliv\u00fdch chod\u016fm bude pod\u00e1v\u00e1no <strong>v\u00edno<\/strong>\ud83c\udf77z regionu Kamp\u00e1nie.<\/span><\/p>\n","protected":false},"excerpt":{"rendered":"<p><span style=\"font-weight: 400;\"><strong><span style=\"color: #ff0000;\">Speci\u00e1ln\u00ed lekce<\/span><\/strong> &#8211; \u010cerstv\u00e9 dom\u00e1c\u00ed t\u011bstoviny se <strong>\u0161\u00e9fkucha\u0159em Antoniem Notarem<\/strong><br \/>\nPro maxim\u00e1ln\u011b <strong>12 \u00fa\u010dastn\u00edk\u016f<\/strong>.<\/span><\/p>\n<p><strong>Kde<\/strong>: v kuchy\u0148sk\u00e9 aule Italsk\u00e9ho kulturn\u00edho institutu v Praze (\u0160porkova 335\/14, Praha 1).<br \/>\n<strong>Kdy<\/strong>: St\u0159eda 17. kv\u011btna 2023, od 18:00 do 20:00 hodin<br \/>\n<strong>Cena<\/strong>: 700 K\u010d<\/p>\n","protected":false},"featured_media":25194,"template":"","meta":[],"product_brand":[],"product_cat":[205],"product_tag":[878],"class_list":{"0":"post-25191","1":"product","2":"type-product","3":"status-publish","4":"has-post-thumbnail","6":"product_cat-kategorie-specialni-kurzy","7":"product_tag-italstina-v-kuchyni-cs","9":"first","10":"outofstock","11":"virtual","12":"purchasable","13":"product-type-simple"},"yoast_head":"<!-- This site is optimized with the Yoast SEO plugin v27.3 - https:\/\/yoast.com\/product\/yoast-seo-wordpress\/ -->\n<title>\u010cerstv\u00e9 dom\u00e1c\u00ed t\u011bstoviny - Parlo Italiano<\/title>\n<meta name=\"robots\" content=\"index, follow, max-snippet:-1, max-image-preview:large, max-video-preview:-1\" \/>\n<link rel=\"canonical\" href=\"https:\/\/parlo-italiano.cz\/cs\/kategorie-specialni-kurzy\/zeme-vina-degustace-italskych-vin-copia\/\" \/>\n<meta property=\"og:locale\" content=\"cs_CZ\" \/>\n<meta property=\"og:type\" content=\"article\" \/>\n<meta property=\"og:title\" content=\"\u010cerstv\u00e9 dom\u00e1c\u00ed t\u011bstoviny - Parlo Italiano\" \/>\n<meta property=\"og:description\" content=\"Speci\u00e1ln\u00ed lekce - \u010cerstv\u00e9 dom\u00e1c\u00ed t\u011bstoviny se \u0161\u00e9fkucha\u0159em Antoniem Notarem Pro maxim\u00e1ln\u011b 12 \u00fa\u010dastn\u00edk\u016f.  Kde: v kuchy\u0148sk\u00e9 aule Italsk\u00e9ho kulturn\u00edho institutu v Praze (\u0160porkova 335\/14, Praha 1). Kdy: St\u0159eda 17. kv\u011btna 2023, od 18:00 do 20:00 hodin Cena: 700 K\u010d\" \/>\n<meta property=\"og:url\" content=\"https:\/\/parlo-italiano.cz\/cs\/kategorie-specialni-kurzy\/zeme-vina-degustace-italskych-vin-copia\/\" \/>\n<meta property=\"og:site_name\" content=\"Parlo Italiano\" \/>\n<meta property=\"article:modified_time\" content=\"2023-05-02T20:31:40+00:00\" \/>\n<meta property=\"og:image\" content=\"https:\/\/parlo-italiano.cz\/wp-content\/uploads\/2023\/04\/Pasta-Fresca_IT.jpg\" \/>\n\t<meta property=\"og:image:width\" content=\"1080\" \/>\n\t<meta property=\"og:image:height\" content=\"1350\" \/>\n\t<meta property=\"og:image:type\" content=\"image\/jpeg\" \/>\n<meta name=\"twitter:card\" content=\"summary_large_image\" \/>\n<script type=\"application\/ld+json\" class=\"yoast-schema-graph\">{\"@context\":\"https:\\\/\\\/schema.org\",\"@graph\":[{\"@type\":\"WebPage\",\"@id\":\"https:\\\/\\\/parlo-italiano.cz\\\/cs\\\/kategorie-specialni-kurzy\\\/zeme-vina-degustace-italskych-vin-copia\\\/\",\"url\":\"https:\\\/\\\/parlo-italiano.cz\\\/cs\\\/kategorie-specialni-kurzy\\\/zeme-vina-degustace-italskych-vin-copia\\\/\",\"name\":\"\u010cerstv\u00e9 dom\u00e1c\u00ed t\u011bstoviny - Parlo Italiano\",\"isPartOf\":{\"@id\":\"https:\\\/\\\/parlo-italiano.cz\\\/#website\"},\"primaryImageOfPage\":{\"@id\":\"https:\\\/\\\/parlo-italiano.cz\\\/cs\\\/kategorie-specialni-kurzy\\\/zeme-vina-degustace-italskych-vin-copia\\\/#primaryimage\"},\"image\":{\"@id\":\"https:\\\/\\\/parlo-italiano.cz\\\/cs\\\/kategorie-specialni-kurzy\\\/zeme-vina-degustace-italskych-vin-copia\\\/#primaryimage\"},\"thumbnailUrl\":\"https:\\\/\\\/parlo-italiano.cz\\\/wp-content\\\/uploads\\\/2023\\\/04\\\/Pasta-Fresca_IT.jpg\",\"datePublished\":\"2023-04-18T13:57:47+00:00\",\"dateModified\":\"2023-05-02T20:31:40+00:00\",\"breadcrumb\":{\"@id\":\"https:\\\/\\\/parlo-italiano.cz\\\/cs\\\/kategorie-specialni-kurzy\\\/zeme-vina-degustace-italskych-vin-copia\\\/#breadcrumb\"},\"inLanguage\":\"cs\",\"potentialAction\":[{\"@type\":\"ReadAction\",\"target\":[\"https:\\\/\\\/parlo-italiano.cz\\\/cs\\\/kategorie-specialni-kurzy\\\/zeme-vina-degustace-italskych-vin-copia\\\/\"]}]},{\"@type\":\"ImageObject\",\"inLanguage\":\"cs\",\"@id\":\"https:\\\/\\\/parlo-italiano.cz\\\/cs\\\/kategorie-specialni-kurzy\\\/zeme-vina-degustace-italskych-vin-copia\\\/#primaryimage\",\"url\":\"https:\\\/\\\/parlo-italiano.cz\\\/wp-content\\\/uploads\\\/2023\\\/04\\\/Pasta-Fresca_IT.jpg\",\"contentUrl\":\"https:\\\/\\\/parlo-italiano.cz\\\/wp-content\\\/uploads\\\/2023\\\/04\\\/Pasta-Fresca_IT.jpg\",\"width\":1080,\"height\":1350},{\"@type\":\"BreadcrumbList\",\"@id\":\"https:\\\/\\\/parlo-italiano.cz\\\/cs\\\/kategorie-specialni-kurzy\\\/zeme-vina-degustace-italskych-vin-copia\\\/#breadcrumb\",\"itemListElement\":[{\"@type\":\"ListItem\",\"position\":1,\"name\":\"Home\",\"item\":\"https:\\\/\\\/parlo-italiano.cz\\\/cs\\\/\"},{\"@type\":\"ListItem\",\"position\":2,\"name\":\"Kurzy\",\"item\":\"https:\\\/\\\/parlo-italiano.cz\\\/cs\\\/kurzy\\\/\"},{\"@type\":\"ListItem\",\"position\":3,\"name\":\"\u010cerstv\u00e9 dom\u00e1c\u00ed t\u011bstoviny\"}]},{\"@type\":\"WebSite\",\"@id\":\"https:\\\/\\\/parlo-italiano.cz\\\/#website\",\"url\":\"https:\\\/\\\/parlo-italiano.cz\\\/\",\"name\":\"Parlo Italiano\",\"description\":\"Corsi di lingua italiana\",\"publisher\":{\"@id\":\"https:\\\/\\\/parlo-italiano.cz\\\/#organization\"},\"potentialAction\":[{\"@type\":\"SearchAction\",\"target\":{\"@type\":\"EntryPoint\",\"urlTemplate\":\"https:\\\/\\\/parlo-italiano.cz\\\/?s={search_term_string}\"},\"query-input\":{\"@type\":\"PropertyValueSpecification\",\"valueRequired\":true,\"valueName\":\"search_term_string\"}}],\"inLanguage\":\"cs\"},{\"@type\":\"Organization\",\"@id\":\"https:\\\/\\\/parlo-italiano.cz\\\/#organization\",\"name\":\"Istituto Italiano di Cultura Praga\",\"url\":\"https:\\\/\\\/parlo-italiano.cz\\\/\",\"logo\":{\"@type\":\"ImageObject\",\"inLanguage\":\"cs\",\"@id\":\"https:\\\/\\\/parlo-italiano.cz\\\/#\\\/schema\\\/logo\\\/image\\\/\",\"url\":\"https:\\\/\\\/parlo-italiano.cz\\\/wp-content\\\/uploads\\\/2020\\\/03\\\/logo_iic.png\",\"contentUrl\":\"https:\\\/\\\/parlo-italiano.cz\\\/wp-content\\\/uploads\\\/2020\\\/03\\\/logo_iic.png\",\"width\":230,\"height\":130,\"caption\":\"Istituto Italiano di Cultura Praga\"},\"image\":{\"@id\":\"https:\\\/\\\/parlo-italiano.cz\\\/#\\\/schema\\\/logo\\\/image\\\/\"}}]}<\/script>\n<!-- \/ Yoast SEO plugin. -->","yoast_head_json":{"title":"\u010cerstv\u00e9 dom\u00e1c\u00ed t\u011bstoviny - Parlo Italiano","robots":{"index":"index","follow":"follow","max-snippet":"max-snippet:-1","max-image-preview":"max-image-preview:large","max-video-preview":"max-video-preview:-1"},"canonical":"https:\/\/parlo-italiano.cz\/cs\/kategorie-specialni-kurzy\/zeme-vina-degustace-italskych-vin-copia\/","og_locale":"cs_CZ","og_type":"article","og_title":"\u010cerstv\u00e9 dom\u00e1c\u00ed t\u011bstoviny - Parlo Italiano","og_description":"Speci\u00e1ln\u00ed lekce - \u010cerstv\u00e9 dom\u00e1c\u00ed t\u011bstoviny se \u0161\u00e9fkucha\u0159em Antoniem Notarem Pro maxim\u00e1ln\u011b 12 \u00fa\u010dastn\u00edk\u016f.  Kde: v kuchy\u0148sk\u00e9 aule Italsk\u00e9ho kulturn\u00edho institutu v Praze (\u0160porkova 335\/14, Praha 1). Kdy: St\u0159eda 17. kv\u011btna 2023, od 18:00 do 20:00 hodin Cena: 700 K\u010d","og_url":"https:\/\/parlo-italiano.cz\/cs\/kategorie-specialni-kurzy\/zeme-vina-degustace-italskych-vin-copia\/","og_site_name":"Parlo Italiano","article_modified_time":"2023-05-02T20:31:40+00:00","og_image":[{"width":1080,"height":1350,"url":"https:\/\/parlo-italiano.cz\/wp-content\/uploads\/2023\/04\/Pasta-Fresca_IT.jpg","type":"image\/jpeg"}],"twitter_card":"summary_large_image","schema":{"@context":"https:\/\/schema.org","@graph":[{"@type":"WebPage","@id":"https:\/\/parlo-italiano.cz\/cs\/kategorie-specialni-kurzy\/zeme-vina-degustace-italskych-vin-copia\/","url":"https:\/\/parlo-italiano.cz\/cs\/kategorie-specialni-kurzy\/zeme-vina-degustace-italskych-vin-copia\/","name":"\u010cerstv\u00e9 dom\u00e1c\u00ed t\u011bstoviny - Parlo Italiano","isPartOf":{"@id":"https:\/\/parlo-italiano.cz\/#website"},"primaryImageOfPage":{"@id":"https:\/\/parlo-italiano.cz\/cs\/kategorie-specialni-kurzy\/zeme-vina-degustace-italskych-vin-copia\/#primaryimage"},"image":{"@id":"https:\/\/parlo-italiano.cz\/cs\/kategorie-specialni-kurzy\/zeme-vina-degustace-italskych-vin-copia\/#primaryimage"},"thumbnailUrl":"https:\/\/parlo-italiano.cz\/wp-content\/uploads\/2023\/04\/Pasta-Fresca_IT.jpg","datePublished":"2023-04-18T13:57:47+00:00","dateModified":"2023-05-02T20:31:40+00:00","breadcrumb":{"@id":"https:\/\/parlo-italiano.cz\/cs\/kategorie-specialni-kurzy\/zeme-vina-degustace-italskych-vin-copia\/#breadcrumb"},"inLanguage":"cs","potentialAction":[{"@type":"ReadAction","target":["https:\/\/parlo-italiano.cz\/cs\/kategorie-specialni-kurzy\/zeme-vina-degustace-italskych-vin-copia\/"]}]},{"@type":"ImageObject","inLanguage":"cs","@id":"https:\/\/parlo-italiano.cz\/cs\/kategorie-specialni-kurzy\/zeme-vina-degustace-italskych-vin-copia\/#primaryimage","url":"https:\/\/parlo-italiano.cz\/wp-content\/uploads\/2023\/04\/Pasta-Fresca_IT.jpg","contentUrl":"https:\/\/parlo-italiano.cz\/wp-content\/uploads\/2023\/04\/Pasta-Fresca_IT.jpg","width":1080,"height":1350},{"@type":"BreadcrumbList","@id":"https:\/\/parlo-italiano.cz\/cs\/kategorie-specialni-kurzy\/zeme-vina-degustace-italskych-vin-copia\/#breadcrumb","itemListElement":[{"@type":"ListItem","position":1,"name":"Home","item":"https:\/\/parlo-italiano.cz\/cs\/"},{"@type":"ListItem","position":2,"name":"Kurzy","item":"https:\/\/parlo-italiano.cz\/cs\/kurzy\/"},{"@type":"ListItem","position":3,"name":"\u010cerstv\u00e9 dom\u00e1c\u00ed t\u011bstoviny"}]},{"@type":"WebSite","@id":"https:\/\/parlo-italiano.cz\/#website","url":"https:\/\/parlo-italiano.cz\/","name":"Parlo Italiano","description":"Corsi di lingua italiana","publisher":{"@id":"https:\/\/parlo-italiano.cz\/#organization"},"potentialAction":[{"@type":"SearchAction","target":{"@type":"EntryPoint","urlTemplate":"https:\/\/parlo-italiano.cz\/?s={search_term_string}"},"query-input":{"@type":"PropertyValueSpecification","valueRequired":true,"valueName":"search_term_string"}}],"inLanguage":"cs"},{"@type":"Organization","@id":"https:\/\/parlo-italiano.cz\/#organization","name":"Istituto Italiano di Cultura Praga","url":"https:\/\/parlo-italiano.cz\/","logo":{"@type":"ImageObject","inLanguage":"cs","@id":"https:\/\/parlo-italiano.cz\/#\/schema\/logo\/image\/","url":"https:\/\/parlo-italiano.cz\/wp-content\/uploads\/2020\/03\/logo_iic.png","contentUrl":"https:\/\/parlo-italiano.cz\/wp-content\/uploads\/2020\/03\/logo_iic.png","width":230,"height":130,"caption":"Istituto Italiano di Cultura Praga"},"image":{"@id":"https:\/\/parlo-italiano.cz\/#\/schema\/logo\/image\/"}}]}},"_links":{"self":[{"href":"https:\/\/parlo-italiano.cz\/cs\/wp-json\/wp\/v2\/product\/25191","targetHints":{"allow":["GET"]}}],"collection":[{"href":"https:\/\/parlo-italiano.cz\/cs\/wp-json\/wp\/v2\/product"}],"about":[{"href":"https:\/\/parlo-italiano.cz\/cs\/wp-json\/wp\/v2\/types\/product"}],"wp:featuredmedia":[{"embeddable":true,"href":"https:\/\/parlo-italiano.cz\/cs\/wp-json\/wp\/v2\/media\/25194"}],"wp:attachment":[{"href":"https:\/\/parlo-italiano.cz\/cs\/wp-json\/wp\/v2\/media?parent=25191"}],"wp:term":[{"taxonomy":"product_brand","embeddable":true,"href":"https:\/\/parlo-italiano.cz\/cs\/wp-json\/wp\/v2\/product_brand?post=25191"},{"taxonomy":"product_cat","embeddable":true,"href":"https:\/\/parlo-italiano.cz\/cs\/wp-json\/wp\/v2\/product_cat?post=25191"},{"taxonomy":"product_tag","embeddable":true,"href":"https:\/\/parlo-italiano.cz\/cs\/wp-json\/wp\/v2\/product_tag?post=25191"}],"curies":[{"name":"wp","href":"https:\/\/api.w.org\/{rel}","templated":true}]}}