{"id":25680,"date":"2023-04-28T15:06:16","date_gmt":"2023-04-28T13:06:16","guid":{"rendered":"https:\/\/parlo-italiano.cz\/?post_type=product&#038;p=25680"},"modified":"2023-09-03T19:02:52","modified_gmt":"2023-09-03T17:02:52","slug":"intenzivni-tydenni-kurz-a2-b1","status":"publish","type":"product","link":"https:\/\/parlo-italiano.cz\/cs\/kategorie-letni-kurzy\/intenzivni-tydenni-kurz-a2-b1\/","title":{"rendered":"Intenzivn\u00ed t\u00fddenn\u00ed kurz &#8211; st\u0159edn\u011b pokro\u010dil\u00ed a pokro\u010dil\u00ed"},"content":{"rendered":"","protected":false},"excerpt":{"rendered":"<h5><strong>Intenzivn\u00ed t\u00fddenn\u00ed kurz &#8211; <\/strong><strong>28 hodin<\/strong><\/h5>\n<p><strong>\u00darovn\u011b: A2, B1<\/strong><br \/>\nOd pond\u011bl\u00ed do \u010dtvrtka od 9:00 do 15:45 (= 6 hodin denn\u011b)<br \/>\nP\u00e1tek od 9:00 do 13:30 (= 4 hodiny)<br \/>\nDv\u011b p\u0159est\u00e1vky: 15 min. a 30 minutov\u00e1<br \/>\n<strong>Cena za 1 t\u00fdden (= 28 hod)<\/strong><span>: 5000 k\u010d<\/span><\/p>\n<p>Kurz k prohlouben\u00ed a upevn\u011bn\u00ed ji\u017e z\u00edskan\u00fdch dovednost\u00ed v ital\u0161tin\u011b.<br \/>\nMluven\u00ed, psan\u00ed, \u010dten\u00ed a poslech v r\u016fzn\u00fdch re\u00e1ln\u00fdch situac\u00edch.<\/p>\n<p>Student je za\u0159azen na z\u00e1klad\u011b vstupn\u00edho testu.<\/p>\n","protected":false},"featured_media":19241,"template":"","meta":[],"product_brand":[],"product_cat":[211],"product_tag":[],"class_list":{"0":"post-25680","1":"product","2":"type-product","3":"status-publish","4":"has-post-thumbnail","6":"product_cat-kategorie-letni-kurzy","8":"first","9":"outofstock","10":"sold-individually","11":"shipping-taxable","12":"purchasable","13":"product-type-variable"},"yoast_head":"<!-- This site is optimized with the Yoast SEO plugin v27.3 - https:\/\/yoast.com\/product\/yoast-seo-wordpress\/ -->\n<title>Intenzivn\u00ed t\u00fddenn\u00ed kurz - st\u0159edn\u011b pokro\u010dil\u00ed a pokro\u010dil\u00ed - Parlo Italiano<\/title>\n<meta name=\"robots\" content=\"index, follow, max-snippet:-1, max-image-preview:large, max-video-preview:-1\" \/>\n<link rel=\"canonical\" href=\"https:\/\/parlo-italiano.cz\/cs\/kategorie-letni-kurzy\/intenzivni-tydenni-kurz-a2-b1\/\" \/>\n<meta property=\"og:locale\" content=\"cs_CZ\" \/>\n<meta property=\"og:type\" content=\"article\" \/>\n<meta property=\"og:title\" content=\"Intenzivn\u00ed t\u00fddenn\u00ed kurz - st\u0159edn\u011b pokro\u010dil\u00ed a pokro\u010dil\u00ed - Parlo Italiano\" \/>\n<meta property=\"og:description\" content=\"Intenzivn\u00ed t\u00fddenn\u00ed kurz - 28 hodin \u00darovn\u011b: A2, B1 Od pond\u011bl\u00ed do \u010dtvrtka od 9:00 do 15:45 (= 6 hodin denn\u011b) P\u00e1tek od 9:00 do 13:30 (= 4 hodiny) Dv\u011b p\u0159est\u00e1vky: 15 min. a 30 minutov\u00e1 Cena za 1 t\u00fdden (= 28 hod): 5000 k\u010d  Kurz k prohlouben\u00ed a upevn\u011bn\u00ed ji\u017e z\u00edskan\u00fdch dovednost\u00ed v ital\u0161tin\u011b. Mluven\u00ed, psan\u00ed, \u010dten\u00ed a poslech v r\u016fzn\u00fdch re\u00e1ln\u00fdch situac\u00edch.  Student je za\u0159azen na z\u00e1klad\u011b vstupn\u00edho testu.\" \/>\n<meta property=\"og:url\" content=\"https:\/\/parlo-italiano.cz\/cs\/kategorie-letni-kurzy\/intenzivni-tydenni-kurz-a2-b1\/\" \/>\n<meta property=\"og:site_name\" content=\"Parlo Italiano\" \/>\n<meta property=\"article:modified_time\" content=\"2023-09-03T17:02:52+00:00\" \/>\n<meta property=\"og:image\" content=\"https:\/\/parlo-italiano.cz\/wp-content\/uploads\/2019\/10\/event6.jpg\" \/>\n\t<meta property=\"og:image:width\" content=\"770\" \/>\n\t<meta property=\"og:image:height\" content=\"515\" \/>\n\t<meta property=\"og:image:type\" content=\"image\/jpeg\" \/>\n<meta name=\"twitter:card\" content=\"summary_large_image\" \/>\n<script type=\"application\/ld+json\" class=\"yoast-schema-graph\">{\"@context\":\"https:\\\/\\\/schema.org\",\"@graph\":[{\"@type\":\"WebPage\",\"@id\":\"https:\\\/\\\/parlo-italiano.cz\\\/cs\\\/kategorie-letni-kurzy\\\/intenzivni-tydenni-kurz-a2-b1\\\/\",\"url\":\"https:\\\/\\\/parlo-italiano.cz\\\/cs\\\/kategorie-letni-kurzy\\\/intenzivni-tydenni-kurz-a2-b1\\\/\",\"name\":\"Intenzivn\u00ed t\u00fddenn\u00ed kurz - st\u0159edn\u011b pokro\u010dil\u00ed a pokro\u010dil\u00ed - Parlo Italiano\",\"isPartOf\":{\"@id\":\"https:\\\/\\\/parlo-italiano.cz\\\/#website\"},\"primaryImageOfPage\":{\"@id\":\"https:\\\/\\\/parlo-italiano.cz\\\/cs\\\/kategorie-letni-kurzy\\\/intenzivni-tydenni-kurz-a2-b1\\\/#primaryimage\"},\"image\":{\"@id\":\"https:\\\/\\\/parlo-italiano.cz\\\/cs\\\/kategorie-letni-kurzy\\\/intenzivni-tydenni-kurz-a2-b1\\\/#primaryimage\"},\"thumbnailUrl\":\"https:\\\/\\\/parlo-italiano.cz\\\/wp-content\\\/uploads\\\/2019\\\/10\\\/event6.jpg\",\"datePublished\":\"2023-04-28T13:06:16+00:00\",\"dateModified\":\"2023-09-03T17:02:52+00:00\",\"breadcrumb\":{\"@id\":\"https:\\\/\\\/parlo-italiano.cz\\\/cs\\\/kategorie-letni-kurzy\\\/intenzivni-tydenni-kurz-a2-b1\\\/#breadcrumb\"},\"inLanguage\":\"cs\",\"potentialAction\":[{\"@type\":\"ReadAction\",\"target\":[\"https:\\\/\\\/parlo-italiano.cz\\\/cs\\\/kategorie-letni-kurzy\\\/intenzivni-tydenni-kurz-a2-b1\\\/\"]}]},{\"@type\":\"ImageObject\",\"inLanguage\":\"cs\",\"@id\":\"https:\\\/\\\/parlo-italiano.cz\\\/cs\\\/kategorie-letni-kurzy\\\/intenzivni-tydenni-kurz-a2-b1\\\/#primaryimage\",\"url\":\"https:\\\/\\\/parlo-italiano.cz\\\/wp-content\\\/uploads\\\/2019\\\/10\\\/event6.jpg\",\"contentUrl\":\"https:\\\/\\\/parlo-italiano.cz\\\/wp-content\\\/uploads\\\/2019\\\/10\\\/event6.jpg\",\"width\":770,\"height\":515},{\"@type\":\"BreadcrumbList\",\"@id\":\"https:\\\/\\\/parlo-italiano.cz\\\/cs\\\/kategorie-letni-kurzy\\\/intenzivni-tydenni-kurz-a2-b1\\\/#breadcrumb\",\"itemListElement\":[{\"@type\":\"ListItem\",\"position\":1,\"name\":\"Home\",\"item\":\"https:\\\/\\\/parlo-italiano.cz\\\/cs\\\/\"},{\"@type\":\"ListItem\",\"position\":2,\"name\":\"Kurzy\",\"item\":\"https:\\\/\\\/parlo-italiano.cz\\\/cs\\\/kurzy\\\/\"},{\"@type\":\"ListItem\",\"position\":3,\"name\":\"Intenzivn\u00ed t\u00fddenn\u00ed kurz &#8211; st\u0159edn\u011b pokro\u010dil\u00ed a pokro\u010dil\u00ed\"}]},{\"@type\":\"WebSite\",\"@id\":\"https:\\\/\\\/parlo-italiano.cz\\\/#website\",\"url\":\"https:\\\/\\\/parlo-italiano.cz\\\/\",\"name\":\"Parlo Italiano\",\"description\":\"Corsi di lingua italiana\",\"publisher\":{\"@id\":\"https:\\\/\\\/parlo-italiano.cz\\\/#organization\"},\"potentialAction\":[{\"@type\":\"SearchAction\",\"target\":{\"@type\":\"EntryPoint\",\"urlTemplate\":\"https:\\\/\\\/parlo-italiano.cz\\\/?s={search_term_string}\"},\"query-input\":{\"@type\":\"PropertyValueSpecification\",\"valueRequired\":true,\"valueName\":\"search_term_string\"}}],\"inLanguage\":\"cs\"},{\"@type\":\"Organization\",\"@id\":\"https:\\\/\\\/parlo-italiano.cz\\\/#organization\",\"name\":\"Istituto Italiano di Cultura Praga\",\"url\":\"https:\\\/\\\/parlo-italiano.cz\\\/\",\"logo\":{\"@type\":\"ImageObject\",\"inLanguage\":\"cs\",\"@id\":\"https:\\\/\\\/parlo-italiano.cz\\\/#\\\/schema\\\/logo\\\/image\\\/\",\"url\":\"https:\\\/\\\/parlo-italiano.cz\\\/wp-content\\\/uploads\\\/2020\\\/03\\\/logo_iic.png\",\"contentUrl\":\"https:\\\/\\\/parlo-italiano.cz\\\/wp-content\\\/uploads\\\/2020\\\/03\\\/logo_iic.png\",\"width\":230,\"height\":130,\"caption\":\"Istituto Italiano di Cultura Praga\"},\"image\":{\"@id\":\"https:\\\/\\\/parlo-italiano.cz\\\/#\\\/schema\\\/logo\\\/image\\\/\"}}]}<\/script>\n<!-- \/ Yoast SEO plugin. -->","yoast_head_json":{"title":"Intenzivn\u00ed t\u00fddenn\u00ed kurz - st\u0159edn\u011b pokro\u010dil\u00ed a pokro\u010dil\u00ed - Parlo Italiano","robots":{"index":"index","follow":"follow","max-snippet":"max-snippet:-1","max-image-preview":"max-image-preview:large","max-video-preview":"max-video-preview:-1"},"canonical":"https:\/\/parlo-italiano.cz\/cs\/kategorie-letni-kurzy\/intenzivni-tydenni-kurz-a2-b1\/","og_locale":"cs_CZ","og_type":"article","og_title":"Intenzivn\u00ed t\u00fddenn\u00ed kurz - st\u0159edn\u011b pokro\u010dil\u00ed a pokro\u010dil\u00ed - Parlo Italiano","og_description":"Intenzivn\u00ed t\u00fddenn\u00ed kurz - 28 hodin \u00darovn\u011b: A2, B1 Od pond\u011bl\u00ed do \u010dtvrtka od 9:00 do 15:45 (= 6 hodin denn\u011b) P\u00e1tek od 9:00 do 13:30 (= 4 hodiny) Dv\u011b p\u0159est\u00e1vky: 15 min. a 30 minutov\u00e1 Cena za 1 t\u00fdden (= 28 hod): 5000 k\u010d  Kurz k prohlouben\u00ed a upevn\u011bn\u00ed ji\u017e z\u00edskan\u00fdch dovednost\u00ed v ital\u0161tin\u011b. Mluven\u00ed, psan\u00ed, \u010dten\u00ed a poslech v r\u016fzn\u00fdch re\u00e1ln\u00fdch situac\u00edch.  Student je za\u0159azen na z\u00e1klad\u011b vstupn\u00edho testu.","og_url":"https:\/\/parlo-italiano.cz\/cs\/kategorie-letni-kurzy\/intenzivni-tydenni-kurz-a2-b1\/","og_site_name":"Parlo Italiano","article_modified_time":"2023-09-03T17:02:52+00:00","og_image":[{"width":770,"height":515,"url":"https:\/\/parlo-italiano.cz\/wp-content\/uploads\/2019\/10\/event6.jpg","type":"image\/jpeg"}],"twitter_card":"summary_large_image","schema":{"@context":"https:\/\/schema.org","@graph":[{"@type":"WebPage","@id":"https:\/\/parlo-italiano.cz\/cs\/kategorie-letni-kurzy\/intenzivni-tydenni-kurz-a2-b1\/","url":"https:\/\/parlo-italiano.cz\/cs\/kategorie-letni-kurzy\/intenzivni-tydenni-kurz-a2-b1\/","name":"Intenzivn\u00ed t\u00fddenn\u00ed kurz - st\u0159edn\u011b pokro\u010dil\u00ed a pokro\u010dil\u00ed - Parlo Italiano","isPartOf":{"@id":"https:\/\/parlo-italiano.cz\/#website"},"primaryImageOfPage":{"@id":"https:\/\/parlo-italiano.cz\/cs\/kategorie-letni-kurzy\/intenzivni-tydenni-kurz-a2-b1\/#primaryimage"},"image":{"@id":"https:\/\/parlo-italiano.cz\/cs\/kategorie-letni-kurzy\/intenzivni-tydenni-kurz-a2-b1\/#primaryimage"},"thumbnailUrl":"https:\/\/parlo-italiano.cz\/wp-content\/uploads\/2019\/10\/event6.jpg","datePublished":"2023-04-28T13:06:16+00:00","dateModified":"2023-09-03T17:02:52+00:00","breadcrumb":{"@id":"https:\/\/parlo-italiano.cz\/cs\/kategorie-letni-kurzy\/intenzivni-tydenni-kurz-a2-b1\/#breadcrumb"},"inLanguage":"cs","potentialAction":[{"@type":"ReadAction","target":["https:\/\/parlo-italiano.cz\/cs\/kategorie-letni-kurzy\/intenzivni-tydenni-kurz-a2-b1\/"]}]},{"@type":"ImageObject","inLanguage":"cs","@id":"https:\/\/parlo-italiano.cz\/cs\/kategorie-letni-kurzy\/intenzivni-tydenni-kurz-a2-b1\/#primaryimage","url":"https:\/\/parlo-italiano.cz\/wp-content\/uploads\/2019\/10\/event6.jpg","contentUrl":"https:\/\/parlo-italiano.cz\/wp-content\/uploads\/2019\/10\/event6.jpg","width":770,"height":515},{"@type":"BreadcrumbList","@id":"https:\/\/parlo-italiano.cz\/cs\/kategorie-letni-kurzy\/intenzivni-tydenni-kurz-a2-b1\/#breadcrumb","itemListElement":[{"@type":"ListItem","position":1,"name":"Home","item":"https:\/\/parlo-italiano.cz\/cs\/"},{"@type":"ListItem","position":2,"name":"Kurzy","item":"https:\/\/parlo-italiano.cz\/cs\/kurzy\/"},{"@type":"ListItem","position":3,"name":"Intenzivn\u00ed t\u00fddenn\u00ed kurz &#8211; st\u0159edn\u011b pokro\u010dil\u00ed a pokro\u010dil\u00ed"}]},{"@type":"WebSite","@id":"https:\/\/parlo-italiano.cz\/#website","url":"https:\/\/parlo-italiano.cz\/","name":"Parlo Italiano","description":"Corsi di lingua italiana","publisher":{"@id":"https:\/\/parlo-italiano.cz\/#organization"},"potentialAction":[{"@type":"SearchAction","target":{"@type":"EntryPoint","urlTemplate":"https:\/\/parlo-italiano.cz\/?s={search_term_string}"},"query-input":{"@type":"PropertyValueSpecification","valueRequired":true,"valueName":"search_term_string"}}],"inLanguage":"cs"},{"@type":"Organization","@id":"https:\/\/parlo-italiano.cz\/#organization","name":"Istituto Italiano di Cultura Praga","url":"https:\/\/parlo-italiano.cz\/","logo":{"@type":"ImageObject","inLanguage":"cs","@id":"https:\/\/parlo-italiano.cz\/#\/schema\/logo\/image\/","url":"https:\/\/parlo-italiano.cz\/wp-content\/uploads\/2020\/03\/logo_iic.png","contentUrl":"https:\/\/parlo-italiano.cz\/wp-content\/uploads\/2020\/03\/logo_iic.png","width":230,"height":130,"caption":"Istituto Italiano di Cultura Praga"},"image":{"@id":"https:\/\/parlo-italiano.cz\/#\/schema\/logo\/image\/"}}]}},"_links":{"self":[{"href":"https:\/\/parlo-italiano.cz\/cs\/wp-json\/wp\/v2\/product\/25680","targetHints":{"allow":["GET"]}}],"collection":[{"href":"https:\/\/parlo-italiano.cz\/cs\/wp-json\/wp\/v2\/product"}],"about":[{"href":"https:\/\/parlo-italiano.cz\/cs\/wp-json\/wp\/v2\/types\/product"}],"wp:featuredmedia":[{"embeddable":true,"href":"https:\/\/parlo-italiano.cz\/cs\/wp-json\/wp\/v2\/media\/19241"}],"wp:attachment":[{"href":"https:\/\/parlo-italiano.cz\/cs\/wp-json\/wp\/v2\/media?parent=25680"}],"wp:term":[{"taxonomy":"product_brand","embeddable":true,"href":"https:\/\/parlo-italiano.cz\/cs\/wp-json\/wp\/v2\/product_brand?post=25680"},{"taxonomy":"product_cat","embeddable":true,"href":"https:\/\/parlo-italiano.cz\/cs\/wp-json\/wp\/v2\/product_cat?post=25680"},{"taxonomy":"product_tag","embeddable":true,"href":"https:\/\/parlo-italiano.cz\/cs\/wp-json\/wp\/v2\/product_tag?post=25680"}],"curies":[{"name":"wp","href":"https:\/\/api.w.org\/{rel}","templated":true}]}}