{"id":26527,"date":"2023-05-23T19:36:05","date_gmt":"2023-05-23T17:36:05","guid":{"rendered":"https:\/\/parlo-italiano.cz\/?post_type=product&#038;p=26527"},"modified":"2023-09-03T18:24:50","modified_gmt":"2023-09-03T16:24:50","slug":"intenzivni-14denni-kurz-zacatecnici","status":"publish","type":"product","link":"https:\/\/parlo-italiano.cz\/cs\/kategorie-letni-kurzy\/intenzivni-14denni-kurz-zacatecnici\/","title":{"rendered":"Intenzivn\u00ed 14denn\u00ed kurz &#8211; za\u010d\u00e1te\u010dn\u00edci"},"content":{"rendered":"","protected":false},"excerpt":{"rendered":"<h5><strong>Intenzivn\u00ed 14denn\u00ed kurz &#8211; <\/strong><strong>28 hodin<\/strong><\/h5>\n<p><strong>\u00darove\u0148: A1a <\/strong>&#8211; \u00fapln\u00ed za\u010d\u00e1te\u010dn\u00edci<br \/>\n<strong>Obdob\u00ed<\/strong>: od pond\u011bl\u00ed 14. srpna do \u00fater\u00fd 5. z\u00e1\u0159\u00ed<br \/>\n<strong>Doba kon\u00e1n\u00ed: <\/strong>od pond\u011bl\u00ed do \u010dtvrtka od 18:00 do 20:00 (= 120 min denn\u011b)<br \/>\n<strong>Cena za 14 lekc\u00ed (= 28 hod)<\/strong><span>: 5000 k\u010d<\/span><\/p>\n<p>Pro tuto \u00farove\u0148 je vy\u017eadov\u00e1na u\u010debnice<span>\u00a0<\/span><strong><a href=\"https:\/\/parlo-italiano.cz\/en\/books\/textbook-a1\/\" target=\"_blank\" rel=\"noopener\">Chiaro A1<\/a><\/strong><span>\u00a0<\/span>\u2013 pokud si ji zakoup\u00edte z na\u0161eho eshopu, bude v\u00e1m p\u0159ed\u00e1na vyu\u010duj\u00edc\u00edm na prvn\u00ed lekci.<\/p>\n","protected":false},"featured_media":26576,"template":"","meta":[],"product_brand":[],"product_cat":[211],"product_tag":[],"class_list":{"0":"post-26527","1":"product","2":"type-product","3":"status-publish","4":"has-post-thumbnail","6":"product_cat-kategorie-letni-kurzy","8":"first","9":"outofstock","10":"virtual","11":"sold-individually","12":"purchasable","13":"product-type-simple"},"yoast_head":"<!-- This site is optimized with the Yoast SEO plugin v27.3 - https:\/\/yoast.com\/product\/yoast-seo-wordpress\/ -->\n<title>Intenzivn\u00ed 14denn\u00ed kurz - za\u010d\u00e1te\u010dn\u00edci - Parlo Italiano<\/title>\n<meta name=\"robots\" content=\"index, follow, max-snippet:-1, max-image-preview:large, max-video-preview:-1\" \/>\n<link rel=\"canonical\" href=\"https:\/\/parlo-italiano.cz\/cs\/kategorie-letni-kurzy\/intenzivni-14denni-kurz-zacatecnici\/\" \/>\n<meta property=\"og:locale\" content=\"cs_CZ\" \/>\n<meta property=\"og:type\" content=\"article\" \/>\n<meta property=\"og:title\" content=\"Intenzivn\u00ed 14denn\u00ed kurz - za\u010d\u00e1te\u010dn\u00edci - Parlo Italiano\" \/>\n<meta property=\"og:description\" content=\"Intenzivn\u00ed 14denn\u00ed kurz - 28 hodin \u00darove\u0148: A1a - \u00fapln\u00ed za\u010d\u00e1te\u010dn\u00edci Obdob\u00ed: od pond\u011bl\u00ed 14. srpna do \u00fater\u00fd 5. z\u00e1\u0159\u00ed Doba kon\u00e1n\u00ed: od pond\u011bl\u00ed do \u010dtvrtka od 18:00 do 20:00 (= 120 min denn\u011b) Cena za 14 lekc\u00ed (= 28 hod): 5000 k\u010d  Pro tuto \u00farove\u0148 je vy\u017eadov\u00e1na u\u010debnice\u00a0Chiaro A1\u00a0\u2013 pokud si ji zakoup\u00edte z na\u0161eho eshopu, bude v\u00e1m p\u0159ed\u00e1na vyu\u010duj\u00edc\u00edm na prvn\u00ed lekci.\" \/>\n<meta property=\"og:url\" content=\"https:\/\/parlo-italiano.cz\/cs\/kategorie-letni-kurzy\/intenzivni-14denni-kurz-zacatecnici\/\" \/>\n<meta property=\"og:site_name\" content=\"Parlo Italiano\" \/>\n<meta property=\"article:modified_time\" content=\"2023-09-03T16:24:50+00:00\" \/>\n<meta property=\"og:image\" content=\"https:\/\/parlo-italiano.cz\/wp-content\/uploads\/2023\/05\/studio-italiano.jpg\" \/>\n\t<meta property=\"og:image:width\" content=\"1920\" \/>\n\t<meta property=\"og:image:height\" content=\"1440\" \/>\n\t<meta property=\"og:image:type\" content=\"image\/jpeg\" \/>\n<meta name=\"twitter:card\" content=\"summary_large_image\" \/>\n<script type=\"application\/ld+json\" class=\"yoast-schema-graph\">{\"@context\":\"https:\\\/\\\/schema.org\",\"@graph\":[{\"@type\":\"WebPage\",\"@id\":\"https:\\\/\\\/parlo-italiano.cz\\\/cs\\\/kategorie-letni-kurzy\\\/intenzivni-14denni-kurz-zacatecnici\\\/\",\"url\":\"https:\\\/\\\/parlo-italiano.cz\\\/cs\\\/kategorie-letni-kurzy\\\/intenzivni-14denni-kurz-zacatecnici\\\/\",\"name\":\"Intenzivn\u00ed 14denn\u00ed kurz - za\u010d\u00e1te\u010dn\u00edci - Parlo Italiano\",\"isPartOf\":{\"@id\":\"https:\\\/\\\/parlo-italiano.cz\\\/#website\"},\"primaryImageOfPage\":{\"@id\":\"https:\\\/\\\/parlo-italiano.cz\\\/cs\\\/kategorie-letni-kurzy\\\/intenzivni-14denni-kurz-zacatecnici\\\/#primaryimage\"},\"image\":{\"@id\":\"https:\\\/\\\/parlo-italiano.cz\\\/cs\\\/kategorie-letni-kurzy\\\/intenzivni-14denni-kurz-zacatecnici\\\/#primaryimage\"},\"thumbnailUrl\":\"https:\\\/\\\/parlo-italiano.cz\\\/wp-content\\\/uploads\\\/2023\\\/05\\\/studio-italiano.jpg\",\"datePublished\":\"2023-05-23T17:36:05+00:00\",\"dateModified\":\"2023-09-03T16:24:50+00:00\",\"breadcrumb\":{\"@id\":\"https:\\\/\\\/parlo-italiano.cz\\\/cs\\\/kategorie-letni-kurzy\\\/intenzivni-14denni-kurz-zacatecnici\\\/#breadcrumb\"},\"inLanguage\":\"cs\",\"potentialAction\":[{\"@type\":\"ReadAction\",\"target\":[\"https:\\\/\\\/parlo-italiano.cz\\\/cs\\\/kategorie-letni-kurzy\\\/intenzivni-14denni-kurz-zacatecnici\\\/\"]}]},{\"@type\":\"ImageObject\",\"inLanguage\":\"cs\",\"@id\":\"https:\\\/\\\/parlo-italiano.cz\\\/cs\\\/kategorie-letni-kurzy\\\/intenzivni-14denni-kurz-zacatecnici\\\/#primaryimage\",\"url\":\"https:\\\/\\\/parlo-italiano.cz\\\/wp-content\\\/uploads\\\/2023\\\/05\\\/studio-italiano.jpg\",\"contentUrl\":\"https:\\\/\\\/parlo-italiano.cz\\\/wp-content\\\/uploads\\\/2023\\\/05\\\/studio-italiano.jpg\",\"width\":1920,\"height\":1440},{\"@type\":\"BreadcrumbList\",\"@id\":\"https:\\\/\\\/parlo-italiano.cz\\\/cs\\\/kategorie-letni-kurzy\\\/intenzivni-14denni-kurz-zacatecnici\\\/#breadcrumb\",\"itemListElement\":[{\"@type\":\"ListItem\",\"position\":1,\"name\":\"Home\",\"item\":\"https:\\\/\\\/parlo-italiano.cz\\\/cs\\\/\"},{\"@type\":\"ListItem\",\"position\":2,\"name\":\"Kurzy\",\"item\":\"https:\\\/\\\/parlo-italiano.cz\\\/cs\\\/kurzy\\\/\"},{\"@type\":\"ListItem\",\"position\":3,\"name\":\"Intenzivn\u00ed 14denn\u00ed kurz &#8211; za\u010d\u00e1te\u010dn\u00edci\"}]},{\"@type\":\"WebSite\",\"@id\":\"https:\\\/\\\/parlo-italiano.cz\\\/#website\",\"url\":\"https:\\\/\\\/parlo-italiano.cz\\\/\",\"name\":\"Parlo Italiano\",\"description\":\"Corsi di lingua italiana\",\"publisher\":{\"@id\":\"https:\\\/\\\/parlo-italiano.cz\\\/#organization\"},\"potentialAction\":[{\"@type\":\"SearchAction\",\"target\":{\"@type\":\"EntryPoint\",\"urlTemplate\":\"https:\\\/\\\/parlo-italiano.cz\\\/?s={search_term_string}\"},\"query-input\":{\"@type\":\"PropertyValueSpecification\",\"valueRequired\":true,\"valueName\":\"search_term_string\"}}],\"inLanguage\":\"cs\"},{\"@type\":\"Organization\",\"@id\":\"https:\\\/\\\/parlo-italiano.cz\\\/#organization\",\"name\":\"Istituto Italiano di Cultura Praga\",\"url\":\"https:\\\/\\\/parlo-italiano.cz\\\/\",\"logo\":{\"@type\":\"ImageObject\",\"inLanguage\":\"cs\",\"@id\":\"https:\\\/\\\/parlo-italiano.cz\\\/#\\\/schema\\\/logo\\\/image\\\/\",\"url\":\"https:\\\/\\\/parlo-italiano.cz\\\/wp-content\\\/uploads\\\/2020\\\/03\\\/logo_iic.png\",\"contentUrl\":\"https:\\\/\\\/parlo-italiano.cz\\\/wp-content\\\/uploads\\\/2020\\\/03\\\/logo_iic.png\",\"width\":230,\"height\":130,\"caption\":\"Istituto Italiano di Cultura Praga\"},\"image\":{\"@id\":\"https:\\\/\\\/parlo-italiano.cz\\\/#\\\/schema\\\/logo\\\/image\\\/\"}}]}<\/script>\n<!-- \/ Yoast SEO plugin. -->","yoast_head_json":{"title":"Intenzivn\u00ed 14denn\u00ed kurz - za\u010d\u00e1te\u010dn\u00edci - Parlo Italiano","robots":{"index":"index","follow":"follow","max-snippet":"max-snippet:-1","max-image-preview":"max-image-preview:large","max-video-preview":"max-video-preview:-1"},"canonical":"https:\/\/parlo-italiano.cz\/cs\/kategorie-letni-kurzy\/intenzivni-14denni-kurz-zacatecnici\/","og_locale":"cs_CZ","og_type":"article","og_title":"Intenzivn\u00ed 14denn\u00ed kurz - za\u010d\u00e1te\u010dn\u00edci - Parlo Italiano","og_description":"Intenzivn\u00ed 14denn\u00ed kurz - 28 hodin \u00darove\u0148: A1a - \u00fapln\u00ed za\u010d\u00e1te\u010dn\u00edci Obdob\u00ed: od pond\u011bl\u00ed 14. srpna do \u00fater\u00fd 5. z\u00e1\u0159\u00ed Doba kon\u00e1n\u00ed: od pond\u011bl\u00ed do \u010dtvrtka od 18:00 do 20:00 (= 120 min denn\u011b) Cena za 14 lekc\u00ed (= 28 hod): 5000 k\u010d  Pro tuto \u00farove\u0148 je vy\u017eadov\u00e1na u\u010debnice\u00a0Chiaro A1\u00a0\u2013 pokud si ji zakoup\u00edte z na\u0161eho eshopu, bude v\u00e1m p\u0159ed\u00e1na vyu\u010duj\u00edc\u00edm na prvn\u00ed lekci.","og_url":"https:\/\/parlo-italiano.cz\/cs\/kategorie-letni-kurzy\/intenzivni-14denni-kurz-zacatecnici\/","og_site_name":"Parlo Italiano","article_modified_time":"2023-09-03T16:24:50+00:00","og_image":[{"width":1920,"height":1440,"url":"https:\/\/parlo-italiano.cz\/wp-content\/uploads\/2023\/05\/studio-italiano.jpg","type":"image\/jpeg"}],"twitter_card":"summary_large_image","schema":{"@context":"https:\/\/schema.org","@graph":[{"@type":"WebPage","@id":"https:\/\/parlo-italiano.cz\/cs\/kategorie-letni-kurzy\/intenzivni-14denni-kurz-zacatecnici\/","url":"https:\/\/parlo-italiano.cz\/cs\/kategorie-letni-kurzy\/intenzivni-14denni-kurz-zacatecnici\/","name":"Intenzivn\u00ed 14denn\u00ed kurz - za\u010d\u00e1te\u010dn\u00edci - Parlo Italiano","isPartOf":{"@id":"https:\/\/parlo-italiano.cz\/#website"},"primaryImageOfPage":{"@id":"https:\/\/parlo-italiano.cz\/cs\/kategorie-letni-kurzy\/intenzivni-14denni-kurz-zacatecnici\/#primaryimage"},"image":{"@id":"https:\/\/parlo-italiano.cz\/cs\/kategorie-letni-kurzy\/intenzivni-14denni-kurz-zacatecnici\/#primaryimage"},"thumbnailUrl":"https:\/\/parlo-italiano.cz\/wp-content\/uploads\/2023\/05\/studio-italiano.jpg","datePublished":"2023-05-23T17:36:05+00:00","dateModified":"2023-09-03T16:24:50+00:00","breadcrumb":{"@id":"https:\/\/parlo-italiano.cz\/cs\/kategorie-letni-kurzy\/intenzivni-14denni-kurz-zacatecnici\/#breadcrumb"},"inLanguage":"cs","potentialAction":[{"@type":"ReadAction","target":["https:\/\/parlo-italiano.cz\/cs\/kategorie-letni-kurzy\/intenzivni-14denni-kurz-zacatecnici\/"]}]},{"@type":"ImageObject","inLanguage":"cs","@id":"https:\/\/parlo-italiano.cz\/cs\/kategorie-letni-kurzy\/intenzivni-14denni-kurz-zacatecnici\/#primaryimage","url":"https:\/\/parlo-italiano.cz\/wp-content\/uploads\/2023\/05\/studio-italiano.jpg","contentUrl":"https:\/\/parlo-italiano.cz\/wp-content\/uploads\/2023\/05\/studio-italiano.jpg","width":1920,"height":1440},{"@type":"BreadcrumbList","@id":"https:\/\/parlo-italiano.cz\/cs\/kategorie-letni-kurzy\/intenzivni-14denni-kurz-zacatecnici\/#breadcrumb","itemListElement":[{"@type":"ListItem","position":1,"name":"Home","item":"https:\/\/parlo-italiano.cz\/cs\/"},{"@type":"ListItem","position":2,"name":"Kurzy","item":"https:\/\/parlo-italiano.cz\/cs\/kurzy\/"},{"@type":"ListItem","position":3,"name":"Intenzivn\u00ed 14denn\u00ed kurz &#8211; za\u010d\u00e1te\u010dn\u00edci"}]},{"@type":"WebSite","@id":"https:\/\/parlo-italiano.cz\/#website","url":"https:\/\/parlo-italiano.cz\/","name":"Parlo Italiano","description":"Corsi di lingua italiana","publisher":{"@id":"https:\/\/parlo-italiano.cz\/#organization"},"potentialAction":[{"@type":"SearchAction","target":{"@type":"EntryPoint","urlTemplate":"https:\/\/parlo-italiano.cz\/?s={search_term_string}"},"query-input":{"@type":"PropertyValueSpecification","valueRequired":true,"valueName":"search_term_string"}}],"inLanguage":"cs"},{"@type":"Organization","@id":"https:\/\/parlo-italiano.cz\/#organization","name":"Istituto Italiano di Cultura Praga","url":"https:\/\/parlo-italiano.cz\/","logo":{"@type":"ImageObject","inLanguage":"cs","@id":"https:\/\/parlo-italiano.cz\/#\/schema\/logo\/image\/","url":"https:\/\/parlo-italiano.cz\/wp-content\/uploads\/2020\/03\/logo_iic.png","contentUrl":"https:\/\/parlo-italiano.cz\/wp-content\/uploads\/2020\/03\/logo_iic.png","width":230,"height":130,"caption":"Istituto Italiano di Cultura Praga"},"image":{"@id":"https:\/\/parlo-italiano.cz\/#\/schema\/logo\/image\/"}}]}},"_links":{"self":[{"href":"https:\/\/parlo-italiano.cz\/cs\/wp-json\/wp\/v2\/product\/26527","targetHints":{"allow":["GET"]}}],"collection":[{"href":"https:\/\/parlo-italiano.cz\/cs\/wp-json\/wp\/v2\/product"}],"about":[{"href":"https:\/\/parlo-italiano.cz\/cs\/wp-json\/wp\/v2\/types\/product"}],"wp:featuredmedia":[{"embeddable":true,"href":"https:\/\/parlo-italiano.cz\/cs\/wp-json\/wp\/v2\/media\/26576"}],"wp:attachment":[{"href":"https:\/\/parlo-italiano.cz\/cs\/wp-json\/wp\/v2\/media?parent=26527"}],"wp:term":[{"taxonomy":"product_brand","embeddable":true,"href":"https:\/\/parlo-italiano.cz\/cs\/wp-json\/wp\/v2\/product_brand?post=26527"},{"taxonomy":"product_cat","embeddable":true,"href":"https:\/\/parlo-italiano.cz\/cs\/wp-json\/wp\/v2\/product_cat?post=26527"},{"taxonomy":"product_tag","embeddable":true,"href":"https:\/\/parlo-italiano.cz\/cs\/wp-json\/wp\/v2\/product_tag?post=26527"}],"curies":[{"name":"wp","href":"https:\/\/api.w.org\/{rel}","templated":true}]}}