{"id":26632,"date":"2023-05-26T17:21:30","date_gmt":"2023-05-26T15:27:32","guid":{"rendered":"https:\/\/parlo-italiano.cz\/nezarazene\/ja-se-skoly-nebojim\/"},"modified":"2023-09-04T11:41:56","modified_gmt":"2023-09-04T09:41:56","slug":"ja-se-skoly-nebojim","status":"publish","type":"product","link":"https:\/\/parlo-italiano.cz\/cs\/kategorie-kurzy-pro-deti\/ja-se-skoly-nebojim\/","title":{"rendered":"J\u00e1 se \u0161koly neboj\u00edm"},"content":{"rendered":"","protected":false},"excerpt":{"rendered":"<h5>intenzivn\u00ed kurz ital\u0161tiny<\/h5>\n<p><span style=\"font-weight: 400;\"><span>Zopakovat si a l\u00e9pe \u010delit v\u00fdzv\u00e1m nov\u00e9ho \u0161koln\u00edho roku &#8211; pro d\u011bti z\u00e1kladn\u00edch \u0161kol.<\/span><\/span><\/p>\n<p><strong>Doch\u00e1zka<\/strong><span>: <span style=\"font-weight: 400;\">2 hodiny (=120 min) denn\u011b po dobu 4 dn\u016f<\/span><\/span><br \/>\n<strong>Kdy<\/strong><span>: od pond\u011bl\u00ed do \u010dtvrtka, od 16:00 do 18:00<\/span><br \/>\n<strong>Cena za 4 dny<\/strong><span>: 1450 K\u010d<\/span><\/p>\n<p><span style=\"color: #ff0000;\"><strong>*<\/strong><\/span><span>Nelze zakoupit jednotliv\u00e9 dny ani d\u00edl\u010d\u00ed doch\u00e1zku.<\/span><\/p>\n","protected":false},"featured_media":26640,"template":"","meta":[],"product_brand":[],"product_cat":[270],"product_tag":[],"class_list":{"0":"post-26632","1":"product","2":"type-product","3":"status-publish","4":"has-post-thumbnail","6":"product_cat-kategorie-kurzy-pro-deti","8":"first","9":"outofstock","10":"shipping-taxable","11":"product-type-variable"},"yoast_head":"<!-- This site is optimized with the Yoast SEO plugin v27.3 - https:\/\/yoast.com\/product\/yoast-seo-wordpress\/ -->\n<title>J\u00e1 se \u0161koly neboj\u00edm - Parlo Italiano<\/title>\n<meta name=\"robots\" content=\"index, follow, max-snippet:-1, max-image-preview:large, max-video-preview:-1\" \/>\n<link rel=\"canonical\" href=\"https:\/\/parlo-italiano.cz\/cs\/kategorie-kurzy-pro-deti\/ja-se-skoly-nebojim\/\" \/>\n<meta property=\"og:locale\" content=\"cs_CZ\" \/>\n<meta property=\"og:type\" content=\"article\" \/>\n<meta property=\"og:title\" content=\"J\u00e1 se \u0161koly neboj\u00edm - Parlo Italiano\" \/>\n<meta property=\"og:description\" content=\"intenzivn\u00ed kurz ital\u0161tiny Zopakovat si a l\u00e9pe \u010delit v\u00fdzv\u00e1m nov\u00e9ho \u0161koln\u00edho roku - pro d\u011bti z\u00e1kladn\u00edch \u0161kol. Doch\u00e1zka: 2 hodiny (=120 min) denn\u011b po dobu 4 dn\u016f Kdy: od pond\u011bl\u00ed do \u010dtvrtka, od 16:00 do 18:00 Cena za 4 dny: 1450 K\u010d *Nelze zakoupit jednotliv\u00e9 dny ani d\u00edl\u010d\u00ed doch\u00e1zku.\" \/>\n<meta property=\"og:url\" content=\"https:\/\/parlo-italiano.cz\/cs\/kategorie-kurzy-pro-deti\/ja-se-skoly-nebojim\/\" \/>\n<meta property=\"og:site_name\" content=\"Parlo Italiano\" \/>\n<meta property=\"article:modified_time\" content=\"2023-09-04T09:41:56+00:00\" \/>\n<meta property=\"og:image\" content=\"https:\/\/parlo-italiano.cz\/wp-content\/uploads\/2023\/05\/scuola-non-ti-temo.jpg\" \/>\n\t<meta property=\"og:image:width\" content=\"1280\" \/>\n\t<meta property=\"og:image:height\" content=\"851\" \/>\n\t<meta property=\"og:image:type\" content=\"image\/jpeg\" \/>\n<meta name=\"twitter:card\" content=\"summary_large_image\" \/>\n<script type=\"application\/ld+json\" class=\"yoast-schema-graph\">{\"@context\":\"https:\\\/\\\/schema.org\",\"@graph\":[{\"@type\":\"WebPage\",\"@id\":\"https:\\\/\\\/parlo-italiano.cz\\\/cs\\\/kategorie-kurzy-pro-deti\\\/ja-se-skoly-nebojim\\\/\",\"url\":\"https:\\\/\\\/parlo-italiano.cz\\\/cs\\\/kategorie-kurzy-pro-deti\\\/ja-se-skoly-nebojim\\\/\",\"name\":\"J\u00e1 se \u0161koly neboj\u00edm - Parlo Italiano\",\"isPartOf\":{\"@id\":\"https:\\\/\\\/parlo-italiano.cz\\\/#website\"},\"primaryImageOfPage\":{\"@id\":\"https:\\\/\\\/parlo-italiano.cz\\\/cs\\\/kategorie-kurzy-pro-deti\\\/ja-se-skoly-nebojim\\\/#primaryimage\"},\"image\":{\"@id\":\"https:\\\/\\\/parlo-italiano.cz\\\/cs\\\/kategorie-kurzy-pro-deti\\\/ja-se-skoly-nebojim\\\/#primaryimage\"},\"thumbnailUrl\":\"https:\\\/\\\/parlo-italiano.cz\\\/wp-content\\\/uploads\\\/2023\\\/05\\\/scuola-non-ti-temo.jpg\",\"datePublished\":\"2023-05-26T15:27:32+00:00\",\"dateModified\":\"2023-09-04T09:41:56+00:00\",\"breadcrumb\":{\"@id\":\"https:\\\/\\\/parlo-italiano.cz\\\/cs\\\/kategorie-kurzy-pro-deti\\\/ja-se-skoly-nebojim\\\/#breadcrumb\"},\"inLanguage\":\"cs\",\"potentialAction\":[{\"@type\":\"ReadAction\",\"target\":[\"https:\\\/\\\/parlo-italiano.cz\\\/cs\\\/kategorie-kurzy-pro-deti\\\/ja-se-skoly-nebojim\\\/\"]}]},{\"@type\":\"ImageObject\",\"inLanguage\":\"cs\",\"@id\":\"https:\\\/\\\/parlo-italiano.cz\\\/cs\\\/kategorie-kurzy-pro-deti\\\/ja-se-skoly-nebojim\\\/#primaryimage\",\"url\":\"https:\\\/\\\/parlo-italiano.cz\\\/wp-content\\\/uploads\\\/2023\\\/05\\\/scuola-non-ti-temo.jpg\",\"contentUrl\":\"https:\\\/\\\/parlo-italiano.cz\\\/wp-content\\\/uploads\\\/2023\\\/05\\\/scuola-non-ti-temo.jpg\",\"width\":1280,\"height\":851},{\"@type\":\"BreadcrumbList\",\"@id\":\"https:\\\/\\\/parlo-italiano.cz\\\/cs\\\/kategorie-kurzy-pro-deti\\\/ja-se-skoly-nebojim\\\/#breadcrumb\",\"itemListElement\":[{\"@type\":\"ListItem\",\"position\":1,\"name\":\"Home\",\"item\":\"https:\\\/\\\/parlo-italiano.cz\\\/cs\\\/\"},{\"@type\":\"ListItem\",\"position\":2,\"name\":\"Kurzy\",\"item\":\"https:\\\/\\\/parlo-italiano.cz\\\/cs\\\/kurzy\\\/\"},{\"@type\":\"ListItem\",\"position\":3,\"name\":\"J\u00e1 se \u0161koly neboj\u00edm\"}]},{\"@type\":\"WebSite\",\"@id\":\"https:\\\/\\\/parlo-italiano.cz\\\/#website\",\"url\":\"https:\\\/\\\/parlo-italiano.cz\\\/\",\"name\":\"Parlo Italiano\",\"description\":\"Corsi di lingua italiana\",\"publisher\":{\"@id\":\"https:\\\/\\\/parlo-italiano.cz\\\/#organization\"},\"potentialAction\":[{\"@type\":\"SearchAction\",\"target\":{\"@type\":\"EntryPoint\",\"urlTemplate\":\"https:\\\/\\\/parlo-italiano.cz\\\/?s={search_term_string}\"},\"query-input\":{\"@type\":\"PropertyValueSpecification\",\"valueRequired\":true,\"valueName\":\"search_term_string\"}}],\"inLanguage\":\"cs\"},{\"@type\":\"Organization\",\"@id\":\"https:\\\/\\\/parlo-italiano.cz\\\/#organization\",\"name\":\"Istituto Italiano di Cultura Praga\",\"url\":\"https:\\\/\\\/parlo-italiano.cz\\\/\",\"logo\":{\"@type\":\"ImageObject\",\"inLanguage\":\"cs\",\"@id\":\"https:\\\/\\\/parlo-italiano.cz\\\/#\\\/schema\\\/logo\\\/image\\\/\",\"url\":\"https:\\\/\\\/parlo-italiano.cz\\\/wp-content\\\/uploads\\\/2020\\\/03\\\/logo_iic.png\",\"contentUrl\":\"https:\\\/\\\/parlo-italiano.cz\\\/wp-content\\\/uploads\\\/2020\\\/03\\\/logo_iic.png\",\"width\":230,\"height\":130,\"caption\":\"Istituto Italiano di Cultura Praga\"},\"image\":{\"@id\":\"https:\\\/\\\/parlo-italiano.cz\\\/#\\\/schema\\\/logo\\\/image\\\/\"}}]}<\/script>\n<!-- \/ Yoast SEO plugin. -->","yoast_head_json":{"title":"J\u00e1 se \u0161koly neboj\u00edm - Parlo Italiano","robots":{"index":"index","follow":"follow","max-snippet":"max-snippet:-1","max-image-preview":"max-image-preview:large","max-video-preview":"max-video-preview:-1"},"canonical":"https:\/\/parlo-italiano.cz\/cs\/kategorie-kurzy-pro-deti\/ja-se-skoly-nebojim\/","og_locale":"cs_CZ","og_type":"article","og_title":"J\u00e1 se \u0161koly neboj\u00edm - Parlo Italiano","og_description":"intenzivn\u00ed kurz ital\u0161tiny Zopakovat si a l\u00e9pe \u010delit v\u00fdzv\u00e1m nov\u00e9ho \u0161koln\u00edho roku - pro d\u011bti z\u00e1kladn\u00edch \u0161kol. Doch\u00e1zka: 2 hodiny (=120 min) denn\u011b po dobu 4 dn\u016f Kdy: od pond\u011bl\u00ed do \u010dtvrtka, od 16:00 do 18:00 Cena za 4 dny: 1450 K\u010d *Nelze zakoupit jednotliv\u00e9 dny ani d\u00edl\u010d\u00ed doch\u00e1zku.","og_url":"https:\/\/parlo-italiano.cz\/cs\/kategorie-kurzy-pro-deti\/ja-se-skoly-nebojim\/","og_site_name":"Parlo Italiano","article_modified_time":"2023-09-04T09:41:56+00:00","og_image":[{"width":1280,"height":851,"url":"https:\/\/parlo-italiano.cz\/wp-content\/uploads\/2023\/05\/scuola-non-ti-temo.jpg","type":"image\/jpeg"}],"twitter_card":"summary_large_image","schema":{"@context":"https:\/\/schema.org","@graph":[{"@type":"WebPage","@id":"https:\/\/parlo-italiano.cz\/cs\/kategorie-kurzy-pro-deti\/ja-se-skoly-nebojim\/","url":"https:\/\/parlo-italiano.cz\/cs\/kategorie-kurzy-pro-deti\/ja-se-skoly-nebojim\/","name":"J\u00e1 se \u0161koly neboj\u00edm - Parlo Italiano","isPartOf":{"@id":"https:\/\/parlo-italiano.cz\/#website"},"primaryImageOfPage":{"@id":"https:\/\/parlo-italiano.cz\/cs\/kategorie-kurzy-pro-deti\/ja-se-skoly-nebojim\/#primaryimage"},"image":{"@id":"https:\/\/parlo-italiano.cz\/cs\/kategorie-kurzy-pro-deti\/ja-se-skoly-nebojim\/#primaryimage"},"thumbnailUrl":"https:\/\/parlo-italiano.cz\/wp-content\/uploads\/2023\/05\/scuola-non-ti-temo.jpg","datePublished":"2023-05-26T15:27:32+00:00","dateModified":"2023-09-04T09:41:56+00:00","breadcrumb":{"@id":"https:\/\/parlo-italiano.cz\/cs\/kategorie-kurzy-pro-deti\/ja-se-skoly-nebojim\/#breadcrumb"},"inLanguage":"cs","potentialAction":[{"@type":"ReadAction","target":["https:\/\/parlo-italiano.cz\/cs\/kategorie-kurzy-pro-deti\/ja-se-skoly-nebojim\/"]}]},{"@type":"ImageObject","inLanguage":"cs","@id":"https:\/\/parlo-italiano.cz\/cs\/kategorie-kurzy-pro-deti\/ja-se-skoly-nebojim\/#primaryimage","url":"https:\/\/parlo-italiano.cz\/wp-content\/uploads\/2023\/05\/scuola-non-ti-temo.jpg","contentUrl":"https:\/\/parlo-italiano.cz\/wp-content\/uploads\/2023\/05\/scuola-non-ti-temo.jpg","width":1280,"height":851},{"@type":"BreadcrumbList","@id":"https:\/\/parlo-italiano.cz\/cs\/kategorie-kurzy-pro-deti\/ja-se-skoly-nebojim\/#breadcrumb","itemListElement":[{"@type":"ListItem","position":1,"name":"Home","item":"https:\/\/parlo-italiano.cz\/cs\/"},{"@type":"ListItem","position":2,"name":"Kurzy","item":"https:\/\/parlo-italiano.cz\/cs\/kurzy\/"},{"@type":"ListItem","position":3,"name":"J\u00e1 se \u0161koly neboj\u00edm"}]},{"@type":"WebSite","@id":"https:\/\/parlo-italiano.cz\/#website","url":"https:\/\/parlo-italiano.cz\/","name":"Parlo Italiano","description":"Corsi di lingua italiana","publisher":{"@id":"https:\/\/parlo-italiano.cz\/#organization"},"potentialAction":[{"@type":"SearchAction","target":{"@type":"EntryPoint","urlTemplate":"https:\/\/parlo-italiano.cz\/?s={search_term_string}"},"query-input":{"@type":"PropertyValueSpecification","valueRequired":true,"valueName":"search_term_string"}}],"inLanguage":"cs"},{"@type":"Organization","@id":"https:\/\/parlo-italiano.cz\/#organization","name":"Istituto Italiano di Cultura Praga","url":"https:\/\/parlo-italiano.cz\/","logo":{"@type":"ImageObject","inLanguage":"cs","@id":"https:\/\/parlo-italiano.cz\/#\/schema\/logo\/image\/","url":"https:\/\/parlo-italiano.cz\/wp-content\/uploads\/2020\/03\/logo_iic.png","contentUrl":"https:\/\/parlo-italiano.cz\/wp-content\/uploads\/2020\/03\/logo_iic.png","width":230,"height":130,"caption":"Istituto Italiano di Cultura Praga"},"image":{"@id":"https:\/\/parlo-italiano.cz\/#\/schema\/logo\/image\/"}}]}},"_links":{"self":[{"href":"https:\/\/parlo-italiano.cz\/cs\/wp-json\/wp\/v2\/product\/26632","targetHints":{"allow":["GET"]}}],"collection":[{"href":"https:\/\/parlo-italiano.cz\/cs\/wp-json\/wp\/v2\/product"}],"about":[{"href":"https:\/\/parlo-italiano.cz\/cs\/wp-json\/wp\/v2\/types\/product"}],"wp:featuredmedia":[{"embeddable":true,"href":"https:\/\/parlo-italiano.cz\/cs\/wp-json\/wp\/v2\/media\/26640"}],"wp:attachment":[{"href":"https:\/\/parlo-italiano.cz\/cs\/wp-json\/wp\/v2\/media?parent=26632"}],"wp:term":[{"taxonomy":"product_brand","embeddable":true,"href":"https:\/\/parlo-italiano.cz\/cs\/wp-json\/wp\/v2\/product_brand?post=26632"},{"taxonomy":"product_cat","embeddable":true,"href":"https:\/\/parlo-italiano.cz\/cs\/wp-json\/wp\/v2\/product_cat?post=26632"},{"taxonomy":"product_tag","embeddable":true,"href":"https:\/\/parlo-italiano.cz\/cs\/wp-json\/wp\/v2\/product_tag?post=26632"}],"curies":[{"name":"wp","href":"https:\/\/api.w.org\/{rel}","templated":true}]}}