{"id":28246,"date":"2023-09-26T23:54:41","date_gmt":"2023-09-27T07:10:27","guid":{"rendered":"https:\/\/parlo-italiano.cz\/?post_type=product&#038;p=28246"},"modified":"2023-09-27T09:19:32","modified_gmt":"2023-09-27T07:19:32","slug":"italstina-v-kuchyni-sladke-i-slane-jednotlive-lekce","status":"publish","type":"product","link":"https:\/\/parlo-italiano.cz\/cs\/kategorie-specialni-kurzy\/italstina-v-kuchyni-sladke-i-slane-jednotlive-lekce\/","title":{"rendered":"Ital\u0161tina v kuchyni. Sladk\u00e9 i slan\u00e9 &#8211; jednotliv\u00e9 lekce"},"content":{"rendered":"<p><span>Cyklus 4 lekc\u00ed, b\u011bhem nich\u017e objev\u00edte chut\u011b a tajemstv\u00ed italsk\u00e9ho pouli\u010dn\u00edho j\u00eddla.<\/span><\/p>\n<p><span>Setk\u00e1n\u00ed se budou konat v\u017edy v pond\u011bl\u00ed, budou trvat p\u0159ibli\u017en\u011b 120 minut a budou p\u0159\u00edstupn\u00e1 v\u0161em z\u00e1jemc\u016fm se znalost\u00ed ital\u0161tiny alespo\u0148 na \u00farovni B1. B\u011bhem kurzu, kter\u00fd bude prob\u00edhat v\u00fdhradn\u011b v ital\u0161tin\u011b, budou studenti pod veden\u00edm lektora spole\u010dn\u011b p\u0159ipravovat jeden nebo v\u00edce pokrm\u016f, k nim\u017e bude pod\u00e1v\u00e1no typick\u00e9 v\u00edno. Chv\u00edle p\u0159\u00edpravy pokrmu bude p\u0159\u00edle\u017eitost\u00ed ke konverzaci v ital\u0161tin\u011b, vypr\u00e1v\u011bn\u00ed p\u0159\u00edb\u011bhu pokrmu, spole\u010densk\u00e9mu setk\u00e1n\u00ed a z\u00e1bav\u011b.<\/span><\/p>\n<p><span> <\/span><span>9. \u0159\u00edjna \u201cPanino gourmet\u201d (Patrizio &amp; Mauro)<br \/>\n<\/span><span>16. \u0159\u00edjna \u201cGateau z brambor a s p\u0159\u00edlohou\u201d (Patrizio &amp; Mauro)<br \/>\n<\/span><span>23. \u0159\u00edjna \u201cCalzone sma\u017een\u00e9 a pe\u010den\u00e9\u201d (Giovanni Pizz\u2019n\u2019 Prague)<br \/>\n<\/span><span>30. \u0159\u00edjna \u201cDom\u00e1c\u00ed sladkosti\u201d (La Chleberia)<\/span><\/p>\n<p><span>Kurz je nab\u00edzen pro maxim\u00e1ln\u00ed po\u010det 12 osob a bude se konat v kuchy\u0148sk\u00e9 aule Italsk\u00e9ho kulturn\u00edho institutu v Praze (\u0160porkova 335\/14, Praha 1).<\/span><\/p>\n<p><span>Pro informace a objedn\u00e1vky pi\u0161te na email: <a href=\"mailto:mauro.ruggiero@esteri.it\">mauro.ruggiero@esteri.it<\/a><\/span><\/p>\n<p><span>Nebo jednodu\u0161e p\u0159idejte do ko\u0161\u00edku a zakupte online.<\/span><\/p>\n","protected":false},"excerpt":{"rendered":"<p><strong>Ital\u0161tina v kuchyni. Sladk\u00e9 i slan\u00e9 &#8211; <span style=\"color: #ff0000;\">jednotliv\u00e9 lekce<\/span><\/strong><br \/>\n<span><span style=\"font-weight: 400;\">Cyklus 4 lekc\u00ed, b\u011bhem nich\u017e objev\u00edte chut\u011b a tajemstv\u00ed italsk\u00e9ho pouli\u010dn\u00edho j\u00eddla.<\/span><\/span><br \/>\nPro maxim\u00e1ln\u011b <strong>12 osob.<\/strong><br \/>\n<strong>Kde<\/strong>: v kuchy\u0148sk\u00e9 aule Italsk\u00e9ho kulturn\u00edho institutu v Praze (\u0160porkova 335\/14, Praha 1).<br \/>\n<strong>Kdy<\/strong>: v <span>pond\u011bl\u00ed<\/span> &#8211; od 9. do 30. \u0159\u00edjna 2023<br \/>\n<strong>Cena<\/strong><span> <\/span><strong>za jednu lekci<\/strong>: 900 K\u010d<br \/>\n<span>Je mo\u017en\u00e9 zakoupit cel\u00fd bal\u00ed\u010dek lekc\u00ed za 3200 K\u010d Viz <a href=\"https:\/\/parlo-italiano.cz\/cs\/kategorie-specialni-kurzy\/italstina-v-kuchyni-sladke-i-slane-kurz\/\">Ital\u0161tina v kuchyni. Sladk\u00e9 i slan\u00e9 &#8211; kompletn\u00ed kurz<\/a><\/span><\/p>\n","protected":false},"featured_media":28236,"template":"","meta":[],"product_brand":[],"product_cat":[205],"product_tag":[],"class_list":{"0":"post-28246","1":"product","2":"type-product","3":"status-publish","4":"has-post-thumbnail","6":"product_cat-kategorie-specialni-kurzy","8":"first","9":"outofstock","10":"shipping-taxable","11":"purchasable","12":"product-type-variable"},"yoast_head":"<!-- This site is optimized with the Yoast SEO plugin v27.3 - https:\/\/yoast.com\/product\/yoast-seo-wordpress\/ -->\n<title>Ital\u0161tina v kuchyni. Sladk\u00e9 i slan\u00e9 - jednotliv\u00e9 lekce - Parlo Italiano<\/title>\n<meta name=\"robots\" content=\"index, follow, max-snippet:-1, max-image-preview:large, max-video-preview:-1\" \/>\n<link rel=\"canonical\" href=\"https:\/\/parlo-italiano.cz\/cs\/kategorie-specialni-kurzy\/italstina-v-kuchyni-sladke-i-slane-jednotlive-lekce\/\" \/>\n<meta property=\"og:locale\" content=\"cs_CZ\" \/>\n<meta property=\"og:type\" content=\"article\" \/>\n<meta property=\"og:title\" content=\"Ital\u0161tina v kuchyni. Sladk\u00e9 i slan\u00e9 - jednotliv\u00e9 lekce - Parlo Italiano\" \/>\n<meta property=\"og:description\" content=\"Ital\u0161tina v kuchyni. Sladk\u00e9 i slan\u00e9 - jednotliv\u00e9 lekce Cyklus 4 lekc\u00ed, b\u011bhem nich\u017e objev\u00edte chut\u011b a tajemstv\u00ed italsk\u00e9ho pouli\u010dn\u00edho j\u00eddla. Pro maxim\u00e1ln\u011b 12 osob. Kde: v kuchy\u0148sk\u00e9 aule Italsk\u00e9ho kulturn\u00edho institutu v Praze (\u0160porkova 335\/14, Praha 1). Kdy: v pond\u011bl\u00ed - od 9. do 30. \u0159\u00edjna 2023 Cena za jednu lekci: 900 K\u010d Je mo\u017en\u00e9 zakoupit cel\u00fd bal\u00ed\u010dek lekc\u00ed za 3200 K\u010d Viz Ital\u0161tina v kuchyni. Sladk\u00e9 i slan\u00e9 - kompletn\u00ed kurz\" \/>\n<meta property=\"og:url\" content=\"https:\/\/parlo-italiano.cz\/cs\/kategorie-specialni-kurzy\/italstina-v-kuchyni-sladke-i-slane-jednotlive-lekce\/\" \/>\n<meta property=\"og:site_name\" content=\"Parlo Italiano\" \/>\n<meta property=\"article:modified_time\" content=\"2023-09-27T07:19:32+00:00\" \/>\n<meta property=\"og:image\" content=\"https:\/\/parlo-italiano.cz\/wp-content\/uploads\/2023\/09\/Dolce-e-salato.png\" \/>\n\t<meta property=\"og:image:width\" content=\"1414\" \/>\n\t<meta property=\"og:image:height\" content=\"2000\" \/>\n\t<meta property=\"og:image:type\" content=\"image\/png\" \/>\n<meta name=\"twitter:card\" content=\"summary_large_image\" \/>\n<meta name=\"twitter:label1\" content=\"Odhadovan\u00e1 doba \u010dten\u00ed\" \/>\n\t<meta name=\"twitter:data1\" content=\"1 minuta\" \/>\n<script type=\"application\/ld+json\" class=\"yoast-schema-graph\">{\"@context\":\"https:\\\/\\\/schema.org\",\"@graph\":[{\"@type\":\"WebPage\",\"@id\":\"https:\\\/\\\/parlo-italiano.cz\\\/cs\\\/kategorie-specialni-kurzy\\\/italstina-v-kuchyni-sladke-i-slane-jednotlive-lekce\\\/\",\"url\":\"https:\\\/\\\/parlo-italiano.cz\\\/cs\\\/kategorie-specialni-kurzy\\\/italstina-v-kuchyni-sladke-i-slane-jednotlive-lekce\\\/\",\"name\":\"Ital\u0161tina v kuchyni. Sladk\u00e9 i slan\u00e9 - jednotliv\u00e9 lekce - Parlo Italiano\",\"isPartOf\":{\"@id\":\"https:\\\/\\\/parlo-italiano.cz\\\/#website\"},\"primaryImageOfPage\":{\"@id\":\"https:\\\/\\\/parlo-italiano.cz\\\/cs\\\/kategorie-specialni-kurzy\\\/italstina-v-kuchyni-sladke-i-slane-jednotlive-lekce\\\/#primaryimage\"},\"image\":{\"@id\":\"https:\\\/\\\/parlo-italiano.cz\\\/cs\\\/kategorie-specialni-kurzy\\\/italstina-v-kuchyni-sladke-i-slane-jednotlive-lekce\\\/#primaryimage\"},\"thumbnailUrl\":\"https:\\\/\\\/parlo-italiano.cz\\\/wp-content\\\/uploads\\\/2023\\\/09\\\/Dolce-e-salato.png\",\"datePublished\":\"2023-09-27T07:10:27+00:00\",\"dateModified\":\"2023-09-27T07:19:32+00:00\",\"breadcrumb\":{\"@id\":\"https:\\\/\\\/parlo-italiano.cz\\\/cs\\\/kategorie-specialni-kurzy\\\/italstina-v-kuchyni-sladke-i-slane-jednotlive-lekce\\\/#breadcrumb\"},\"inLanguage\":\"cs\",\"potentialAction\":[{\"@type\":\"ReadAction\",\"target\":[\"https:\\\/\\\/parlo-italiano.cz\\\/cs\\\/kategorie-specialni-kurzy\\\/italstina-v-kuchyni-sladke-i-slane-jednotlive-lekce\\\/\"]}]},{\"@type\":\"ImageObject\",\"inLanguage\":\"cs\",\"@id\":\"https:\\\/\\\/parlo-italiano.cz\\\/cs\\\/kategorie-specialni-kurzy\\\/italstina-v-kuchyni-sladke-i-slane-jednotlive-lekce\\\/#primaryimage\",\"url\":\"https:\\\/\\\/parlo-italiano.cz\\\/wp-content\\\/uploads\\\/2023\\\/09\\\/Dolce-e-salato.png\",\"contentUrl\":\"https:\\\/\\\/parlo-italiano.cz\\\/wp-content\\\/uploads\\\/2023\\\/09\\\/Dolce-e-salato.png\",\"width\":1414,\"height\":2000},{\"@type\":\"BreadcrumbList\",\"@id\":\"https:\\\/\\\/parlo-italiano.cz\\\/cs\\\/kategorie-specialni-kurzy\\\/italstina-v-kuchyni-sladke-i-slane-jednotlive-lekce\\\/#breadcrumb\",\"itemListElement\":[{\"@type\":\"ListItem\",\"position\":1,\"name\":\"Home\",\"item\":\"https:\\\/\\\/parlo-italiano.cz\\\/cs\\\/\"},{\"@type\":\"ListItem\",\"position\":2,\"name\":\"Kurzy\",\"item\":\"https:\\\/\\\/parlo-italiano.cz\\\/cs\\\/kurzy\\\/\"},{\"@type\":\"ListItem\",\"position\":3,\"name\":\"Ital\u0161tina v kuchyni. Sladk\u00e9 i slan\u00e9 &#8211; jednotliv\u00e9 lekce\"}]},{\"@type\":\"WebSite\",\"@id\":\"https:\\\/\\\/parlo-italiano.cz\\\/#website\",\"url\":\"https:\\\/\\\/parlo-italiano.cz\\\/\",\"name\":\"Parlo Italiano\",\"description\":\"Corsi di lingua italiana\",\"publisher\":{\"@id\":\"https:\\\/\\\/parlo-italiano.cz\\\/#organization\"},\"potentialAction\":[{\"@type\":\"SearchAction\",\"target\":{\"@type\":\"EntryPoint\",\"urlTemplate\":\"https:\\\/\\\/parlo-italiano.cz\\\/?s={search_term_string}\"},\"query-input\":{\"@type\":\"PropertyValueSpecification\",\"valueRequired\":true,\"valueName\":\"search_term_string\"}}],\"inLanguage\":\"cs\"},{\"@type\":\"Organization\",\"@id\":\"https:\\\/\\\/parlo-italiano.cz\\\/#organization\",\"name\":\"Istituto Italiano di Cultura Praga\",\"url\":\"https:\\\/\\\/parlo-italiano.cz\\\/\",\"logo\":{\"@type\":\"ImageObject\",\"inLanguage\":\"cs\",\"@id\":\"https:\\\/\\\/parlo-italiano.cz\\\/#\\\/schema\\\/logo\\\/image\\\/\",\"url\":\"https:\\\/\\\/parlo-italiano.cz\\\/wp-content\\\/uploads\\\/2020\\\/03\\\/logo_iic.png\",\"contentUrl\":\"https:\\\/\\\/parlo-italiano.cz\\\/wp-content\\\/uploads\\\/2020\\\/03\\\/logo_iic.png\",\"width\":230,\"height\":130,\"caption\":\"Istituto Italiano di Cultura Praga\"},\"image\":{\"@id\":\"https:\\\/\\\/parlo-italiano.cz\\\/#\\\/schema\\\/logo\\\/image\\\/\"}}]}<\/script>\n<!-- \/ Yoast SEO plugin. -->","yoast_head_json":{"title":"Ital\u0161tina v kuchyni. Sladk\u00e9 i slan\u00e9 - jednotliv\u00e9 lekce - Parlo Italiano","robots":{"index":"index","follow":"follow","max-snippet":"max-snippet:-1","max-image-preview":"max-image-preview:large","max-video-preview":"max-video-preview:-1"},"canonical":"https:\/\/parlo-italiano.cz\/cs\/kategorie-specialni-kurzy\/italstina-v-kuchyni-sladke-i-slane-jednotlive-lekce\/","og_locale":"cs_CZ","og_type":"article","og_title":"Ital\u0161tina v kuchyni. Sladk\u00e9 i slan\u00e9 - jednotliv\u00e9 lekce - Parlo Italiano","og_description":"Ital\u0161tina v kuchyni. Sladk\u00e9 i slan\u00e9 - jednotliv\u00e9 lekce Cyklus 4 lekc\u00ed, b\u011bhem nich\u017e objev\u00edte chut\u011b a tajemstv\u00ed italsk\u00e9ho pouli\u010dn\u00edho j\u00eddla. Pro maxim\u00e1ln\u011b 12 osob. Kde: v kuchy\u0148sk\u00e9 aule Italsk\u00e9ho kulturn\u00edho institutu v Praze (\u0160porkova 335\/14, Praha 1). Kdy: v pond\u011bl\u00ed - od 9. do 30. \u0159\u00edjna 2023 Cena za jednu lekci: 900 K\u010d Je mo\u017en\u00e9 zakoupit cel\u00fd bal\u00ed\u010dek lekc\u00ed za 3200 K\u010d Viz Ital\u0161tina v kuchyni. Sladk\u00e9 i slan\u00e9 - kompletn\u00ed kurz","og_url":"https:\/\/parlo-italiano.cz\/cs\/kategorie-specialni-kurzy\/italstina-v-kuchyni-sladke-i-slane-jednotlive-lekce\/","og_site_name":"Parlo Italiano","article_modified_time":"2023-09-27T07:19:32+00:00","og_image":[{"width":1414,"height":2000,"url":"https:\/\/parlo-italiano.cz\/wp-content\/uploads\/2023\/09\/Dolce-e-salato.png","type":"image\/png"}],"twitter_card":"summary_large_image","twitter_misc":{"Odhadovan\u00e1 doba \u010dten\u00ed":"1 minuta"},"schema":{"@context":"https:\/\/schema.org","@graph":[{"@type":"WebPage","@id":"https:\/\/parlo-italiano.cz\/cs\/kategorie-specialni-kurzy\/italstina-v-kuchyni-sladke-i-slane-jednotlive-lekce\/","url":"https:\/\/parlo-italiano.cz\/cs\/kategorie-specialni-kurzy\/italstina-v-kuchyni-sladke-i-slane-jednotlive-lekce\/","name":"Ital\u0161tina v kuchyni. Sladk\u00e9 i slan\u00e9 - jednotliv\u00e9 lekce - Parlo Italiano","isPartOf":{"@id":"https:\/\/parlo-italiano.cz\/#website"},"primaryImageOfPage":{"@id":"https:\/\/parlo-italiano.cz\/cs\/kategorie-specialni-kurzy\/italstina-v-kuchyni-sladke-i-slane-jednotlive-lekce\/#primaryimage"},"image":{"@id":"https:\/\/parlo-italiano.cz\/cs\/kategorie-specialni-kurzy\/italstina-v-kuchyni-sladke-i-slane-jednotlive-lekce\/#primaryimage"},"thumbnailUrl":"https:\/\/parlo-italiano.cz\/wp-content\/uploads\/2023\/09\/Dolce-e-salato.png","datePublished":"2023-09-27T07:10:27+00:00","dateModified":"2023-09-27T07:19:32+00:00","breadcrumb":{"@id":"https:\/\/parlo-italiano.cz\/cs\/kategorie-specialni-kurzy\/italstina-v-kuchyni-sladke-i-slane-jednotlive-lekce\/#breadcrumb"},"inLanguage":"cs","potentialAction":[{"@type":"ReadAction","target":["https:\/\/parlo-italiano.cz\/cs\/kategorie-specialni-kurzy\/italstina-v-kuchyni-sladke-i-slane-jednotlive-lekce\/"]}]},{"@type":"ImageObject","inLanguage":"cs","@id":"https:\/\/parlo-italiano.cz\/cs\/kategorie-specialni-kurzy\/italstina-v-kuchyni-sladke-i-slane-jednotlive-lekce\/#primaryimage","url":"https:\/\/parlo-italiano.cz\/wp-content\/uploads\/2023\/09\/Dolce-e-salato.png","contentUrl":"https:\/\/parlo-italiano.cz\/wp-content\/uploads\/2023\/09\/Dolce-e-salato.png","width":1414,"height":2000},{"@type":"BreadcrumbList","@id":"https:\/\/parlo-italiano.cz\/cs\/kategorie-specialni-kurzy\/italstina-v-kuchyni-sladke-i-slane-jednotlive-lekce\/#breadcrumb","itemListElement":[{"@type":"ListItem","position":1,"name":"Home","item":"https:\/\/parlo-italiano.cz\/cs\/"},{"@type":"ListItem","position":2,"name":"Kurzy","item":"https:\/\/parlo-italiano.cz\/cs\/kurzy\/"},{"@type":"ListItem","position":3,"name":"Ital\u0161tina v kuchyni. Sladk\u00e9 i slan\u00e9 &#8211; jednotliv\u00e9 lekce"}]},{"@type":"WebSite","@id":"https:\/\/parlo-italiano.cz\/#website","url":"https:\/\/parlo-italiano.cz\/","name":"Parlo Italiano","description":"Corsi di lingua italiana","publisher":{"@id":"https:\/\/parlo-italiano.cz\/#organization"},"potentialAction":[{"@type":"SearchAction","target":{"@type":"EntryPoint","urlTemplate":"https:\/\/parlo-italiano.cz\/?s={search_term_string}"},"query-input":{"@type":"PropertyValueSpecification","valueRequired":true,"valueName":"search_term_string"}}],"inLanguage":"cs"},{"@type":"Organization","@id":"https:\/\/parlo-italiano.cz\/#organization","name":"Istituto Italiano di Cultura Praga","url":"https:\/\/parlo-italiano.cz\/","logo":{"@type":"ImageObject","inLanguage":"cs","@id":"https:\/\/parlo-italiano.cz\/#\/schema\/logo\/image\/","url":"https:\/\/parlo-italiano.cz\/wp-content\/uploads\/2020\/03\/logo_iic.png","contentUrl":"https:\/\/parlo-italiano.cz\/wp-content\/uploads\/2020\/03\/logo_iic.png","width":230,"height":130,"caption":"Istituto Italiano di Cultura Praga"},"image":{"@id":"https:\/\/parlo-italiano.cz\/#\/schema\/logo\/image\/"}}]}},"_links":{"self":[{"href":"https:\/\/parlo-italiano.cz\/cs\/wp-json\/wp\/v2\/product\/28246","targetHints":{"allow":["GET"]}}],"collection":[{"href":"https:\/\/parlo-italiano.cz\/cs\/wp-json\/wp\/v2\/product"}],"about":[{"href":"https:\/\/parlo-italiano.cz\/cs\/wp-json\/wp\/v2\/types\/product"}],"wp:featuredmedia":[{"embeddable":true,"href":"https:\/\/parlo-italiano.cz\/cs\/wp-json\/wp\/v2\/media\/28236"}],"wp:attachment":[{"href":"https:\/\/parlo-italiano.cz\/cs\/wp-json\/wp\/v2\/media?parent=28246"}],"wp:term":[{"taxonomy":"product_brand","embeddable":true,"href":"https:\/\/parlo-italiano.cz\/cs\/wp-json\/wp\/v2\/product_brand?post=28246"},{"taxonomy":"product_cat","embeddable":true,"href":"https:\/\/parlo-italiano.cz\/cs\/wp-json\/wp\/v2\/product_cat?post=28246"},{"taxonomy":"product_tag","embeddable":true,"href":"https:\/\/parlo-italiano.cz\/cs\/wp-json\/wp\/v2\/product_tag?post=28246"}],"curies":[{"name":"wp","href":"https:\/\/api.w.org\/{rel}","templated":true}]}}