{"id":29347,"date":"2024-04-15T22:31:23","date_gmt":"2024-04-15T20:56:05","guid":{"rendered":"https:\/\/parlo-italiano.cz\/nezarazene\/a2-b-dvakrat-tydne-kveten-cerven\/"},"modified":"2024-04-15T22:59:35","modified_gmt":"2024-04-15T20:59:35","slug":"a2-b-dvakrat-tydne-kveten-cerven","status":"publish","type":"product","link":"https:\/\/parlo-italiano.cz\/cs\/kategorie-kurzy-kveten-cerven\/a2-b-dvakrat-tydne-kveten-cerven\/","title":{"rendered":"A2.b dvakr\u00e1t t\u00fddn\u011b &#8211; kv\u011bten\/\u010derven"},"content":{"rendered":"<h4><strong>14 LEKC\u00cd DVAKR\u00c1T T\u00ddDN\u011a<\/strong><\/h4>\n<p>Podle SERR je <strong>\u00farove\u0148 A2<\/strong> z\u00e1kladn\u00ed \u00farovn\u00ed p\u0159e\u017eit\u00ed. Na t\u00e9to \u00farovni je student schopen porozum\u011bt a komunikovat jednoduch\u00e9 informace o ka\u017edodenn\u00edch a obecn\u00fdch t\u00e9matech. Element\u00e1rn\u00edm zp\u016fsobem um\u00ed popsat podrobnosti sv\u00e9ho \u017eivota nebo prost\u0159ed\u00ed, kter\u00e9 ho obklopuje; um\u00ed vyj\u00e1d\u0159it okam\u017eit\u00e9 pot\u0159eby.<\/p>\n<p>V na\u0161em institutu je \u00farove\u0148 A2 rozd\u011blena do &#8222;standardn\u00edch&#8220; kurz\u016f: A2.a, A2.b, A2.c v rozsahu p\u0159ibli\u017en\u011b 90 hodin.<\/p>\n<p>Student, pokud je nov\u00fd, je za\u0159azen na z\u00e1klad\u011b vstupn\u00edho testu.<\/p>\n","protected":false},"excerpt":{"rendered":"<p><strong>\u00darove\u0148:<\/strong> A2.b \u2013 z\u00e1kladn\u00ed<br \/>\n<strong>Frekvence:<\/strong> <span>dvakr\u00e1t t\u00fddn\u011b<\/span><br \/>\n<strong>Cena za 14 lekc\u00ed (= 28 hodin):<\/strong> 5350 K\u010d<\/p>\n","protected":false},"featured_media":24467,"template":"","meta":[],"product_brand":[],"product_cat":[969],"product_tag":[],"class_list":{"0":"post-29347","1":"product","2":"type-product","3":"status-publish","4":"has-post-thumbnail","6":"product_cat-kategorie-kurzy-kveten-cerven","8":"first","9":"outofstock","10":"sold-individually","11":"shipping-taxable","12":"purchasable","13":"product-type-variable","14":"has-default-attributes"},"yoast_head":"<!-- This site is optimized with the Yoast SEO plugin v27.3 - https:\/\/yoast.com\/product\/yoast-seo-wordpress\/ -->\n<title>A2.b dvakr\u00e1t t\u00fddn\u011b - kv\u011bten\/\u010derven - Parlo Italiano<\/title>\n<meta name=\"robots\" content=\"index, follow, max-snippet:-1, max-image-preview:large, max-video-preview:-1\" \/>\n<link rel=\"canonical\" href=\"https:\/\/parlo-italiano.cz\/cs\/kategorie-kurzy-kveten-cerven\/a2-b-dvakrat-tydne-kveten-cerven\/\" \/>\n<meta property=\"og:locale\" content=\"cs_CZ\" \/>\n<meta property=\"og:type\" content=\"article\" \/>\n<meta property=\"og:title\" content=\"A2.b dvakr\u00e1t t\u00fddn\u011b - kv\u011bten\/\u010derven - Parlo Italiano\" \/>\n<meta property=\"og:description\" content=\"\u00darove\u0148: A2.b \u2013 z\u00e1kladn\u00ed Frekvence: dvakr\u00e1t t\u00fddn\u011b Cena za 14 lekc\u00ed (= 28 hodin): 5350 K\u010d\" \/>\n<meta property=\"og:url\" content=\"https:\/\/parlo-italiano.cz\/cs\/kategorie-kurzy-kveten-cerven\/a2-b-dvakrat-tydne-kveten-cerven\/\" \/>\n<meta property=\"og:site_name\" content=\"Parlo Italiano\" \/>\n<meta property=\"article:modified_time\" content=\"2024-04-15T20:59:35+00:00\" \/>\n<meta name=\"twitter:card\" content=\"summary_large_image\" \/>\n<meta name=\"twitter:label1\" content=\"Odhadovan\u00e1 doba \u010dten\u00ed\" \/>\n\t<meta name=\"twitter:data1\" content=\"1 minuta\" \/>\n<script type=\"application\/ld+json\" class=\"yoast-schema-graph\">{\"@context\":\"https:\\\/\\\/schema.org\",\"@graph\":[{\"@type\":\"WebPage\",\"@id\":\"https:\\\/\\\/parlo-italiano.cz\\\/cs\\\/kategorie-kurzy-kveten-cerven\\\/a2-b-dvakrat-tydne-kveten-cerven\\\/\",\"url\":\"https:\\\/\\\/parlo-italiano.cz\\\/cs\\\/kategorie-kurzy-kveten-cerven\\\/a2-b-dvakrat-tydne-kveten-cerven\\\/\",\"name\":\"A2.b dvakr\u00e1t t\u00fddn\u011b - kv\u011bten\\\/\u010derven - Parlo Italiano\",\"isPartOf\":{\"@id\":\"https:\\\/\\\/parlo-italiano.cz\\\/#website\"},\"primaryImageOfPage\":{\"@id\":\"https:\\\/\\\/parlo-italiano.cz\\\/cs\\\/kategorie-kurzy-kveten-cerven\\\/a2-b-dvakrat-tydne-kveten-cerven\\\/#primaryimage\"},\"image\":{\"@id\":\"https:\\\/\\\/parlo-italiano.cz\\\/cs\\\/kategorie-kurzy-kveten-cerven\\\/a2-b-dvakrat-tydne-kveten-cerven\\\/#primaryimage\"},\"thumbnailUrl\":\"https:\\\/\\\/parlo-italiano.cz\\\/wp-content\\\/uploads\\\/2023\\\/03\\\/siena-g51de2c973_1920.jpg\",\"datePublished\":\"2024-04-15T20:56:05+00:00\",\"dateModified\":\"2024-04-15T20:59:35+00:00\",\"breadcrumb\":{\"@id\":\"https:\\\/\\\/parlo-italiano.cz\\\/cs\\\/kategorie-kurzy-kveten-cerven\\\/a2-b-dvakrat-tydne-kveten-cerven\\\/#breadcrumb\"},\"inLanguage\":\"cs\",\"potentialAction\":[{\"@type\":\"ReadAction\",\"target\":[\"https:\\\/\\\/parlo-italiano.cz\\\/cs\\\/kategorie-kurzy-kveten-cerven\\\/a2-b-dvakrat-tydne-kveten-cerven\\\/\"]}]},{\"@type\":\"ImageObject\",\"inLanguage\":\"cs\",\"@id\":\"https:\\\/\\\/parlo-italiano.cz\\\/cs\\\/kategorie-kurzy-kveten-cerven\\\/a2-b-dvakrat-tydne-kveten-cerven\\\/#primaryimage\",\"url\":\"https:\\\/\\\/parlo-italiano.cz\\\/wp-content\\\/uploads\\\/2023\\\/03\\\/siena-g51de2c973_1920.jpg\",\"contentUrl\":\"https:\\\/\\\/parlo-italiano.cz\\\/wp-content\\\/uploads\\\/2023\\\/03\\\/siena-g51de2c973_1920.jpg\",\"width\":1920,\"height\":1285},{\"@type\":\"BreadcrumbList\",\"@id\":\"https:\\\/\\\/parlo-italiano.cz\\\/cs\\\/kategorie-kurzy-kveten-cerven\\\/a2-b-dvakrat-tydne-kveten-cerven\\\/#breadcrumb\",\"itemListElement\":[{\"@type\":\"ListItem\",\"position\":1,\"name\":\"Home\",\"item\":\"https:\\\/\\\/parlo-italiano.cz\\\/cs\\\/\"},{\"@type\":\"ListItem\",\"position\":2,\"name\":\"Kurzy\",\"item\":\"https:\\\/\\\/parlo-italiano.cz\\\/cs\\\/kurzy\\\/\"},{\"@type\":\"ListItem\",\"position\":3,\"name\":\"A2.b dvakr\u00e1t t\u00fddn\u011b &#8211; kv\u011bten\\\/\u010derven\"}]},{\"@type\":\"WebSite\",\"@id\":\"https:\\\/\\\/parlo-italiano.cz\\\/#website\",\"url\":\"https:\\\/\\\/parlo-italiano.cz\\\/\",\"name\":\"Parlo Italiano\",\"description\":\"Corsi di lingua italiana\",\"publisher\":{\"@id\":\"https:\\\/\\\/parlo-italiano.cz\\\/#organization\"},\"potentialAction\":[{\"@type\":\"SearchAction\",\"target\":{\"@type\":\"EntryPoint\",\"urlTemplate\":\"https:\\\/\\\/parlo-italiano.cz\\\/?s={search_term_string}\"},\"query-input\":{\"@type\":\"PropertyValueSpecification\",\"valueRequired\":true,\"valueName\":\"search_term_string\"}}],\"inLanguage\":\"cs\"},{\"@type\":\"Organization\",\"@id\":\"https:\\\/\\\/parlo-italiano.cz\\\/#organization\",\"name\":\"Istituto Italiano di Cultura Praga\",\"url\":\"https:\\\/\\\/parlo-italiano.cz\\\/\",\"logo\":{\"@type\":\"ImageObject\",\"inLanguage\":\"cs\",\"@id\":\"https:\\\/\\\/parlo-italiano.cz\\\/#\\\/schema\\\/logo\\\/image\\\/\",\"url\":\"https:\\\/\\\/parlo-italiano.cz\\\/wp-content\\\/uploads\\\/2020\\\/03\\\/logo_iic.png\",\"contentUrl\":\"https:\\\/\\\/parlo-italiano.cz\\\/wp-content\\\/uploads\\\/2020\\\/03\\\/logo_iic.png\",\"width\":230,\"height\":130,\"caption\":\"Istituto Italiano di Cultura Praga\"},\"image\":{\"@id\":\"https:\\\/\\\/parlo-italiano.cz\\\/#\\\/schema\\\/logo\\\/image\\\/\"}}]}<\/script>\n<!-- \/ Yoast SEO plugin. -->","yoast_head_json":{"title":"A2.b dvakr\u00e1t t\u00fddn\u011b - kv\u011bten\/\u010derven - Parlo Italiano","robots":{"index":"index","follow":"follow","max-snippet":"max-snippet:-1","max-image-preview":"max-image-preview:large","max-video-preview":"max-video-preview:-1"},"canonical":"https:\/\/parlo-italiano.cz\/cs\/kategorie-kurzy-kveten-cerven\/a2-b-dvakrat-tydne-kveten-cerven\/","og_locale":"cs_CZ","og_type":"article","og_title":"A2.b dvakr\u00e1t t\u00fddn\u011b - kv\u011bten\/\u010derven - Parlo Italiano","og_description":"\u00darove\u0148: A2.b \u2013 z\u00e1kladn\u00ed Frekvence: dvakr\u00e1t t\u00fddn\u011b Cena za 14 lekc\u00ed (= 28 hodin): 5350 K\u010d","og_url":"https:\/\/parlo-italiano.cz\/cs\/kategorie-kurzy-kveten-cerven\/a2-b-dvakrat-tydne-kveten-cerven\/","og_site_name":"Parlo Italiano","article_modified_time":"2024-04-15T20:59:35+00:00","twitter_card":"summary_large_image","twitter_misc":{"Odhadovan\u00e1 doba \u010dten\u00ed":"1 minuta"},"schema":{"@context":"https:\/\/schema.org","@graph":[{"@type":"WebPage","@id":"https:\/\/parlo-italiano.cz\/cs\/kategorie-kurzy-kveten-cerven\/a2-b-dvakrat-tydne-kveten-cerven\/","url":"https:\/\/parlo-italiano.cz\/cs\/kategorie-kurzy-kveten-cerven\/a2-b-dvakrat-tydne-kveten-cerven\/","name":"A2.b dvakr\u00e1t t\u00fddn\u011b - kv\u011bten\/\u010derven - Parlo Italiano","isPartOf":{"@id":"https:\/\/parlo-italiano.cz\/#website"},"primaryImageOfPage":{"@id":"https:\/\/parlo-italiano.cz\/cs\/kategorie-kurzy-kveten-cerven\/a2-b-dvakrat-tydne-kveten-cerven\/#primaryimage"},"image":{"@id":"https:\/\/parlo-italiano.cz\/cs\/kategorie-kurzy-kveten-cerven\/a2-b-dvakrat-tydne-kveten-cerven\/#primaryimage"},"thumbnailUrl":"https:\/\/parlo-italiano.cz\/wp-content\/uploads\/2023\/03\/siena-g51de2c973_1920.jpg","datePublished":"2024-04-15T20:56:05+00:00","dateModified":"2024-04-15T20:59:35+00:00","breadcrumb":{"@id":"https:\/\/parlo-italiano.cz\/cs\/kategorie-kurzy-kveten-cerven\/a2-b-dvakrat-tydne-kveten-cerven\/#breadcrumb"},"inLanguage":"cs","potentialAction":[{"@type":"ReadAction","target":["https:\/\/parlo-italiano.cz\/cs\/kategorie-kurzy-kveten-cerven\/a2-b-dvakrat-tydne-kveten-cerven\/"]}]},{"@type":"ImageObject","inLanguage":"cs","@id":"https:\/\/parlo-italiano.cz\/cs\/kategorie-kurzy-kveten-cerven\/a2-b-dvakrat-tydne-kveten-cerven\/#primaryimage","url":"https:\/\/parlo-italiano.cz\/wp-content\/uploads\/2023\/03\/siena-g51de2c973_1920.jpg","contentUrl":"https:\/\/parlo-italiano.cz\/wp-content\/uploads\/2023\/03\/siena-g51de2c973_1920.jpg","width":1920,"height":1285},{"@type":"BreadcrumbList","@id":"https:\/\/parlo-italiano.cz\/cs\/kategorie-kurzy-kveten-cerven\/a2-b-dvakrat-tydne-kveten-cerven\/#breadcrumb","itemListElement":[{"@type":"ListItem","position":1,"name":"Home","item":"https:\/\/parlo-italiano.cz\/cs\/"},{"@type":"ListItem","position":2,"name":"Kurzy","item":"https:\/\/parlo-italiano.cz\/cs\/kurzy\/"},{"@type":"ListItem","position":3,"name":"A2.b dvakr\u00e1t t\u00fddn\u011b &#8211; kv\u011bten\/\u010derven"}]},{"@type":"WebSite","@id":"https:\/\/parlo-italiano.cz\/#website","url":"https:\/\/parlo-italiano.cz\/","name":"Parlo Italiano","description":"Corsi di lingua italiana","publisher":{"@id":"https:\/\/parlo-italiano.cz\/#organization"},"potentialAction":[{"@type":"SearchAction","target":{"@type":"EntryPoint","urlTemplate":"https:\/\/parlo-italiano.cz\/?s={search_term_string}"},"query-input":{"@type":"PropertyValueSpecification","valueRequired":true,"valueName":"search_term_string"}}],"inLanguage":"cs"},{"@type":"Organization","@id":"https:\/\/parlo-italiano.cz\/#organization","name":"Istituto Italiano di Cultura Praga","url":"https:\/\/parlo-italiano.cz\/","logo":{"@type":"ImageObject","inLanguage":"cs","@id":"https:\/\/parlo-italiano.cz\/#\/schema\/logo\/image\/","url":"https:\/\/parlo-italiano.cz\/wp-content\/uploads\/2020\/03\/logo_iic.png","contentUrl":"https:\/\/parlo-italiano.cz\/wp-content\/uploads\/2020\/03\/logo_iic.png","width":230,"height":130,"caption":"Istituto Italiano di Cultura Praga"},"image":{"@id":"https:\/\/parlo-italiano.cz\/#\/schema\/logo\/image\/"}}]}},"_links":{"self":[{"href":"https:\/\/parlo-italiano.cz\/cs\/wp-json\/wp\/v2\/product\/29347","targetHints":{"allow":["GET"]}}],"collection":[{"href":"https:\/\/parlo-italiano.cz\/cs\/wp-json\/wp\/v2\/product"}],"about":[{"href":"https:\/\/parlo-italiano.cz\/cs\/wp-json\/wp\/v2\/types\/product"}],"wp:featuredmedia":[{"embeddable":true,"href":"https:\/\/parlo-italiano.cz\/cs\/wp-json\/wp\/v2\/media\/24467"}],"wp:attachment":[{"href":"https:\/\/parlo-italiano.cz\/cs\/wp-json\/wp\/v2\/media?parent=29347"}],"wp:term":[{"taxonomy":"product_brand","embeddable":true,"href":"https:\/\/parlo-italiano.cz\/cs\/wp-json\/wp\/v2\/product_brand?post=29347"},{"taxonomy":"product_cat","embeddable":true,"href":"https:\/\/parlo-italiano.cz\/cs\/wp-json\/wp\/v2\/product_cat?post=29347"},{"taxonomy":"product_tag","embeddable":true,"href":"https:\/\/parlo-italiano.cz\/cs\/wp-json\/wp\/v2\/product_tag?post=29347"}],"curies":[{"name":"wp","href":"https:\/\/api.w.org\/{rel}","templated":true}]}}