{"id":30341,"date":"2024-11-17T22:11:59","date_gmt":"2024-11-17T21:11:59","guid":{"rendered":"https:\/\/parlo-italiano.cz\/?post_type=product&#038;p=30341"},"modified":"2024-11-17T22:33:25","modified_gmt":"2024-11-17T21:33:25","slug":"c2c-standardni","status":"publish","type":"product","link":"https:\/\/parlo-italiano.cz\/cs\/kategorie-standardni-kurzy\/c2c-standardni\/","title":{"rendered":"C2c Standardn\u00ed"},"content":{"rendered":"<p>Podle SERR je \u00farove\u0148 C2 nejpokro\u010dilej\u0161\u00ed.<\/p>\n","protected":false},"excerpt":{"rendered":"<p><strong>\u00darove\u0148<\/strong><span>: C2c<\/span><br \/>\n<strong>Doch\u00e1zka<\/strong><span>: 1x t\u00fddn\u011b<\/span><br \/>\n<strong>Cena za 14 lekc\u00ed (= 28 hod)<\/strong><span>: 5.350 k\u010d<\/span><\/p>\n<p><span style=\"font-weight: 400;\">Navazuje na kurz C2b nebo se student za\u0159ad\u00ed na z\u00e1klad\u011b testu.<\/span><\/p>\n<p><strong><a href=\"https:\/\/parlo-italiano.cz\/en\/books\/textbook-c2\/\" target=\"_blank\" rel=\"noopener\">U\u010debnice Nuovo Espresso 6<\/a><\/strong> <span>je vy\u017eadov\u00e1na \u2013 pokud si ji zakoup\u00edte z na\u0161eho eshopu, bude v\u00e1m p\u0159ed\u00e1na vyu\u010duj\u00edc\u00edm na prvn\u00ed lekci.<\/span><\/p>\n","protected":false},"featured_media":27517,"template":"","meta":[],"product_brand":[],"product_cat":[230],"product_tag":[915],"class_list":{"0":"post-30341","1":"product","2":"type-product","3":"status-publish","4":"has-post-thumbnail","6":"product_cat-kategorie-standardni-kurzy","7":"product_tag-c2-standardni","9":"first","10":"instock","11":"sold-individually","12":"shipping-taxable","13":"purchasable","14":"product-type-variable"},"yoast_head":"<!-- This site is optimized with the Yoast SEO plugin v27.3 - https:\/\/yoast.com\/product\/yoast-seo-wordpress\/ -->\n<title>C2c Standardn\u00ed - Parlo Italiano<\/title>\n<meta name=\"robots\" content=\"index, follow, max-snippet:-1, max-image-preview:large, max-video-preview:-1\" \/>\n<link rel=\"canonical\" href=\"https:\/\/parlo-italiano.cz\/cs\/kategorie-standardni-kurzy\/c2c-standardni\/\" \/>\n<meta property=\"og:locale\" content=\"cs_CZ\" \/>\n<meta property=\"og:type\" content=\"article\" \/>\n<meta property=\"og:title\" content=\"C2c Standardn\u00ed - Parlo Italiano\" \/>\n<meta property=\"og:description\" content=\"\u00darove\u0148: C2c Doch\u00e1zka: 1x t\u00fddn\u011b Cena za 14 lekc\u00ed (= 28 hod): 5.350 k\u010d  Navazuje na kurz C2b nebo se student za\u0159ad\u00ed na z\u00e1klad\u011b testu.  U\u010debnice Nuovo Espresso 6 je vy\u017eadov\u00e1na \u2013 pokud si ji zakoup\u00edte z na\u0161eho eshopu, bude v\u00e1m p\u0159ed\u00e1na vyu\u010duj\u00edc\u00edm na prvn\u00ed lekci.\" \/>\n<meta property=\"og:url\" content=\"https:\/\/parlo-italiano.cz\/cs\/kategorie-standardni-kurzy\/c2c-standardni\/\" \/>\n<meta property=\"og:site_name\" content=\"Parlo Italiano\" \/>\n<meta property=\"article:modified_time\" content=\"2024-11-17T21:33:25+00:00\" \/>\n<meta property=\"og:image\" content=\"https:\/\/parlo-italiano.cz\/wp-content\/uploads\/2023\/08\/matera-2777181_1920.jpg\" \/>\n\t<meta property=\"og:image:width\" content=\"1920\" \/>\n\t<meta property=\"og:image:height\" content=\"1280\" \/>\n\t<meta property=\"og:image:type\" content=\"image\/jpeg\" \/>\n<meta name=\"twitter:card\" content=\"summary_large_image\" \/>\n<meta name=\"twitter:label1\" content=\"Odhadovan\u00e1 doba \u010dten\u00ed\" \/>\n\t<meta name=\"twitter:data1\" content=\"1 minuta\" \/>\n<script type=\"application\/ld+json\" class=\"yoast-schema-graph\">{\"@context\":\"https:\\\/\\\/schema.org\",\"@graph\":[{\"@type\":\"WebPage\",\"@id\":\"https:\\\/\\\/parlo-italiano.cz\\\/cs\\\/kategorie-standardni-kurzy\\\/c2c-standardni\\\/\",\"url\":\"https:\\\/\\\/parlo-italiano.cz\\\/cs\\\/kategorie-standardni-kurzy\\\/c2c-standardni\\\/\",\"name\":\"C2c Standardn\u00ed - Parlo Italiano\",\"isPartOf\":{\"@id\":\"https:\\\/\\\/parlo-italiano.cz\\\/#website\"},\"primaryImageOfPage\":{\"@id\":\"https:\\\/\\\/parlo-italiano.cz\\\/cs\\\/kategorie-standardni-kurzy\\\/c2c-standardni\\\/#primaryimage\"},\"image\":{\"@id\":\"https:\\\/\\\/parlo-italiano.cz\\\/cs\\\/kategorie-standardni-kurzy\\\/c2c-standardni\\\/#primaryimage\"},\"thumbnailUrl\":\"https:\\\/\\\/parlo-italiano.cz\\\/wp-content\\\/uploads\\\/2023\\\/08\\\/matera-2777181_1920.jpg\",\"datePublished\":\"2024-11-17T21:11:59+00:00\",\"dateModified\":\"2024-11-17T21:33:25+00:00\",\"breadcrumb\":{\"@id\":\"https:\\\/\\\/parlo-italiano.cz\\\/cs\\\/kategorie-standardni-kurzy\\\/c2c-standardni\\\/#breadcrumb\"},\"inLanguage\":\"cs\",\"potentialAction\":[{\"@type\":\"ReadAction\",\"target\":[\"https:\\\/\\\/parlo-italiano.cz\\\/cs\\\/kategorie-standardni-kurzy\\\/c2c-standardni\\\/\"]}]},{\"@type\":\"ImageObject\",\"inLanguage\":\"cs\",\"@id\":\"https:\\\/\\\/parlo-italiano.cz\\\/cs\\\/kategorie-standardni-kurzy\\\/c2c-standardni\\\/#primaryimage\",\"url\":\"https:\\\/\\\/parlo-italiano.cz\\\/wp-content\\\/uploads\\\/2023\\\/08\\\/matera-2777181_1920.jpg\",\"contentUrl\":\"https:\\\/\\\/parlo-italiano.cz\\\/wp-content\\\/uploads\\\/2023\\\/08\\\/matera-2777181_1920.jpg\",\"width\":1920,\"height\":1280},{\"@type\":\"BreadcrumbList\",\"@id\":\"https:\\\/\\\/parlo-italiano.cz\\\/cs\\\/kategorie-standardni-kurzy\\\/c2c-standardni\\\/#breadcrumb\",\"itemListElement\":[{\"@type\":\"ListItem\",\"position\":1,\"name\":\"Home\",\"item\":\"https:\\\/\\\/parlo-italiano.cz\\\/cs\\\/\"},{\"@type\":\"ListItem\",\"position\":2,\"name\":\"Kurzy\",\"item\":\"https:\\\/\\\/parlo-italiano.cz\\\/cs\\\/kurzy\\\/\"},{\"@type\":\"ListItem\",\"position\":3,\"name\":\"C2c Standardn\u00ed\"}]},{\"@type\":\"WebSite\",\"@id\":\"https:\\\/\\\/parlo-italiano.cz\\\/#website\",\"url\":\"https:\\\/\\\/parlo-italiano.cz\\\/\",\"name\":\"Parlo Italiano\",\"description\":\"Corsi di lingua italiana\",\"publisher\":{\"@id\":\"https:\\\/\\\/parlo-italiano.cz\\\/#organization\"},\"potentialAction\":[{\"@type\":\"SearchAction\",\"target\":{\"@type\":\"EntryPoint\",\"urlTemplate\":\"https:\\\/\\\/parlo-italiano.cz\\\/?s={search_term_string}\"},\"query-input\":{\"@type\":\"PropertyValueSpecification\",\"valueRequired\":true,\"valueName\":\"search_term_string\"}}],\"inLanguage\":\"cs\"},{\"@type\":\"Organization\",\"@id\":\"https:\\\/\\\/parlo-italiano.cz\\\/#organization\",\"name\":\"Istituto Italiano di Cultura Praga\",\"url\":\"https:\\\/\\\/parlo-italiano.cz\\\/\",\"logo\":{\"@type\":\"ImageObject\",\"inLanguage\":\"cs\",\"@id\":\"https:\\\/\\\/parlo-italiano.cz\\\/#\\\/schema\\\/logo\\\/image\\\/\",\"url\":\"https:\\\/\\\/parlo-italiano.cz\\\/wp-content\\\/uploads\\\/2020\\\/03\\\/logo_iic.png\",\"contentUrl\":\"https:\\\/\\\/parlo-italiano.cz\\\/wp-content\\\/uploads\\\/2020\\\/03\\\/logo_iic.png\",\"width\":230,\"height\":130,\"caption\":\"Istituto Italiano di Cultura Praga\"},\"image\":{\"@id\":\"https:\\\/\\\/parlo-italiano.cz\\\/#\\\/schema\\\/logo\\\/image\\\/\"}}]}<\/script>\n<!-- \/ Yoast SEO plugin. -->","yoast_head_json":{"title":"C2c Standardn\u00ed - Parlo Italiano","robots":{"index":"index","follow":"follow","max-snippet":"max-snippet:-1","max-image-preview":"max-image-preview:large","max-video-preview":"max-video-preview:-1"},"canonical":"https:\/\/parlo-italiano.cz\/cs\/kategorie-standardni-kurzy\/c2c-standardni\/","og_locale":"cs_CZ","og_type":"article","og_title":"C2c Standardn\u00ed - Parlo Italiano","og_description":"\u00darove\u0148: C2c Doch\u00e1zka: 1x t\u00fddn\u011b Cena za 14 lekc\u00ed (= 28 hod): 5.350 k\u010d  Navazuje na kurz C2b nebo se student za\u0159ad\u00ed na z\u00e1klad\u011b testu.  U\u010debnice Nuovo Espresso 6 je vy\u017eadov\u00e1na \u2013 pokud si ji zakoup\u00edte z na\u0161eho eshopu, bude v\u00e1m p\u0159ed\u00e1na vyu\u010duj\u00edc\u00edm na prvn\u00ed lekci.","og_url":"https:\/\/parlo-italiano.cz\/cs\/kategorie-standardni-kurzy\/c2c-standardni\/","og_site_name":"Parlo Italiano","article_modified_time":"2024-11-17T21:33:25+00:00","og_image":[{"width":1920,"height":1280,"url":"https:\/\/parlo-italiano.cz\/wp-content\/uploads\/2023\/08\/matera-2777181_1920.jpg","type":"image\/jpeg"}],"twitter_card":"summary_large_image","twitter_misc":{"Odhadovan\u00e1 doba \u010dten\u00ed":"1 minuta"},"schema":{"@context":"https:\/\/schema.org","@graph":[{"@type":"WebPage","@id":"https:\/\/parlo-italiano.cz\/cs\/kategorie-standardni-kurzy\/c2c-standardni\/","url":"https:\/\/parlo-italiano.cz\/cs\/kategorie-standardni-kurzy\/c2c-standardni\/","name":"C2c Standardn\u00ed - Parlo Italiano","isPartOf":{"@id":"https:\/\/parlo-italiano.cz\/#website"},"primaryImageOfPage":{"@id":"https:\/\/parlo-italiano.cz\/cs\/kategorie-standardni-kurzy\/c2c-standardni\/#primaryimage"},"image":{"@id":"https:\/\/parlo-italiano.cz\/cs\/kategorie-standardni-kurzy\/c2c-standardni\/#primaryimage"},"thumbnailUrl":"https:\/\/parlo-italiano.cz\/wp-content\/uploads\/2023\/08\/matera-2777181_1920.jpg","datePublished":"2024-11-17T21:11:59+00:00","dateModified":"2024-11-17T21:33:25+00:00","breadcrumb":{"@id":"https:\/\/parlo-italiano.cz\/cs\/kategorie-standardni-kurzy\/c2c-standardni\/#breadcrumb"},"inLanguage":"cs","potentialAction":[{"@type":"ReadAction","target":["https:\/\/parlo-italiano.cz\/cs\/kategorie-standardni-kurzy\/c2c-standardni\/"]}]},{"@type":"ImageObject","inLanguage":"cs","@id":"https:\/\/parlo-italiano.cz\/cs\/kategorie-standardni-kurzy\/c2c-standardni\/#primaryimage","url":"https:\/\/parlo-italiano.cz\/wp-content\/uploads\/2023\/08\/matera-2777181_1920.jpg","contentUrl":"https:\/\/parlo-italiano.cz\/wp-content\/uploads\/2023\/08\/matera-2777181_1920.jpg","width":1920,"height":1280},{"@type":"BreadcrumbList","@id":"https:\/\/parlo-italiano.cz\/cs\/kategorie-standardni-kurzy\/c2c-standardni\/#breadcrumb","itemListElement":[{"@type":"ListItem","position":1,"name":"Home","item":"https:\/\/parlo-italiano.cz\/cs\/"},{"@type":"ListItem","position":2,"name":"Kurzy","item":"https:\/\/parlo-italiano.cz\/cs\/kurzy\/"},{"@type":"ListItem","position":3,"name":"C2c Standardn\u00ed"}]},{"@type":"WebSite","@id":"https:\/\/parlo-italiano.cz\/#website","url":"https:\/\/parlo-italiano.cz\/","name":"Parlo Italiano","description":"Corsi di lingua italiana","publisher":{"@id":"https:\/\/parlo-italiano.cz\/#organization"},"potentialAction":[{"@type":"SearchAction","target":{"@type":"EntryPoint","urlTemplate":"https:\/\/parlo-italiano.cz\/?s={search_term_string}"},"query-input":{"@type":"PropertyValueSpecification","valueRequired":true,"valueName":"search_term_string"}}],"inLanguage":"cs"},{"@type":"Organization","@id":"https:\/\/parlo-italiano.cz\/#organization","name":"Istituto Italiano di Cultura Praga","url":"https:\/\/parlo-italiano.cz\/","logo":{"@type":"ImageObject","inLanguage":"cs","@id":"https:\/\/parlo-italiano.cz\/#\/schema\/logo\/image\/","url":"https:\/\/parlo-italiano.cz\/wp-content\/uploads\/2020\/03\/logo_iic.png","contentUrl":"https:\/\/parlo-italiano.cz\/wp-content\/uploads\/2020\/03\/logo_iic.png","width":230,"height":130,"caption":"Istituto Italiano di Cultura Praga"},"image":{"@id":"https:\/\/parlo-italiano.cz\/#\/schema\/logo\/image\/"}}]}},"_links":{"self":[{"href":"https:\/\/parlo-italiano.cz\/cs\/wp-json\/wp\/v2\/product\/30341","targetHints":{"allow":["GET"]}}],"collection":[{"href":"https:\/\/parlo-italiano.cz\/cs\/wp-json\/wp\/v2\/product"}],"about":[{"href":"https:\/\/parlo-italiano.cz\/cs\/wp-json\/wp\/v2\/types\/product"}],"wp:featuredmedia":[{"embeddable":true,"href":"https:\/\/parlo-italiano.cz\/cs\/wp-json\/wp\/v2\/media\/27517"}],"wp:attachment":[{"href":"https:\/\/parlo-italiano.cz\/cs\/wp-json\/wp\/v2\/media?parent=30341"}],"wp:term":[{"taxonomy":"product_brand","embeddable":true,"href":"https:\/\/parlo-italiano.cz\/cs\/wp-json\/wp\/v2\/product_brand?post=30341"},{"taxonomy":"product_cat","embeddable":true,"href":"https:\/\/parlo-italiano.cz\/cs\/wp-json\/wp\/v2\/product_cat?post=30341"},{"taxonomy":"product_tag","embeddable":true,"href":"https:\/\/parlo-italiano.cz\/cs\/wp-json\/wp\/v2\/product_tag?post=30341"}],"curies":[{"name":"wp","href":"https:\/\/api.w.org\/{rel}","templated":true}]}}