{"id":30867,"date":"2025-03-02T23:15:10","date_gmt":"2025-03-02T22:15:10","guid":{"rendered":"https:\/\/parlo-italiano.cz\/nezarazene\/workshop-di-italiano-giuridico\/"},"modified":"2025-04-02T13:01:59","modified_gmt":"2025-04-02T11:01:59","slug":"workshop-di-italiano-giuridico","status":"publish","type":"product","link":"https:\/\/parlo-italiano.cz\/cs\/kategorie-specialni-kurzy\/workshop-di-italiano-giuridico\/","title":{"rendered":"Kurz pr\u00e1vnick\u00e9 ital\u0161tiny"},"content":{"rendered":"","protected":false},"excerpt":{"rendered":"<h6><strong>Pro koho je kurz ur\u010den<\/strong><\/h6>\n<p><strong><\/strong>Kurz je ur\u010den p\u0159edev\u0161\u00edm osob\u00e1m, kter\u00e9 ovl\u00e1daj\u00ed ital\u0161tinu a maj\u00ed pr\u00e1vn\u011b-ekonomick\u00e9 vzd\u011bl\u00e1n\u00ed nebo se pohybuj\u00ed v pr\u00e1vn\u011b-ekonomick\u00e9 oblasti z pracovn\u00edch d\u016fvod\u016f (nap\u0159\u00edklad p\u0159ekladatel\u00e9).<\/p>\n<h6><strong> Struktura kurzu<\/strong><\/h6>\n<p>Kurz se skl\u00e1d\u00e1 ze <strong>t\u0159\u00ed \u010d\u00e1st\u00ed<\/strong>.<br \/>\nKa\u017ed\u00e1 \u010d\u00e1st obsahuje <strong>t\u0159i lekce po 90 minut\u00e1ch<\/strong>.<br \/>\nAle bude mo\u017en\u00e9 zakoupit <strong>i samostatn\u00e9 lekce<\/strong>.<strong><\/strong><\/p>\n<h6><strong> C\u00edle a metodologie<\/strong><\/h6>\n<p>C\u00edlem kurzu je osvojit si <strong>odborn\u00fd jazyk pr\u00e1va<\/strong> prost\u0159ednictv\u00edm autentick\u00fdch textov\u00fdch materi\u00e1l\u016f, kter\u00e9 p\u0159ipravuje vyu\u010duj\u00edc\u00ed a poskytuje student\u016fm <strong>ve form\u011b studijn\u00edch<\/strong> <strong>materi\u00e1l\u016f<\/strong>.<\/p>\n<p>Bude zvolen <strong>srovn\u00e1vac\u00ed p\u0159\u00edstup se zam\u011b\u0159en\u00edm na \u010desk\u00fd pr\u00e1vn\u00ed kontext<\/strong>. Studenti budou m\u00edt k dispozici i autentick\u00e9 materi\u00e1ly v \u010de\u0161tin\u011b, kter\u00e9 umo\u017en\u00ed srovn\u00e1n\u00ed a diskusi, a t\u00edm propoj\u00ed nov\u00e9 poznatky s jejich dosavadn\u00edmi zku\u0161enostmi a odborn\u00fdmi kompetencemi.<\/p>\n<p><strong>Dal\u0161\u00ed informace o kurzu, term\u00ednech, cen\u00e1ch a zp\u016fsobech platby <a href=\"https:\/\/parlo-italiano.cz\/wp-content\/uploads\/2025\/03\/workshop-di-italiano-giuridico-2.pdf\">naleznete zde<\/a>.<\/strong><\/p>\n","protected":false},"featured_media":30874,"template":"","meta":[],"product_brand":[],"product_cat":[205],"product_tag":[],"class_list":{"0":"post-30867","1":"product","2":"type-product","3":"status-publish","4":"has-post-thumbnail","6":"product_cat-kategorie-specialni-kurzy","8":"first","9":"outofstock","10":"featured","11":"shipping-taxable","12":"product-type-simple"},"yoast_head":"<!-- This site is optimized with the Yoast SEO plugin v27.3 - https:\/\/yoast.com\/product\/yoast-seo-wordpress\/ -->\n<title>Kurz pr\u00e1vnick\u00e9 ital\u0161tiny - Parlo Italiano<\/title>\n<meta name=\"robots\" content=\"index, follow, max-snippet:-1, max-image-preview:large, max-video-preview:-1\" \/>\n<link rel=\"canonical\" href=\"https:\/\/parlo-italiano.cz\/cs\/kategorie-specialni-kurzy\/workshop-di-italiano-giuridico\/\" \/>\n<meta property=\"og:locale\" content=\"cs_CZ\" \/>\n<meta property=\"og:type\" content=\"article\" \/>\n<meta property=\"og:title\" content=\"Kurz pr\u00e1vnick\u00e9 ital\u0161tiny - Parlo Italiano\" \/>\n<meta property=\"og:description\" content=\"Pro koho je kurz ur\u010den Kurz je ur\u010den p\u0159edev\u0161\u00edm osob\u00e1m, kter\u00e9 ovl\u00e1daj\u00ed ital\u0161tinu a maj\u00ed pr\u00e1vn\u011b-ekonomick\u00e9 vzd\u011bl\u00e1n\u00ed nebo se pohybuj\u00ed v pr\u00e1vn\u011b-ekonomick\u00e9 oblasti z pracovn\u00edch d\u016fvod\u016f (nap\u0159\u00edklad p\u0159ekladatel\u00e9). Struktura kurzu Kurz se skl\u00e1d\u00e1 ze t\u0159\u00ed \u010d\u00e1st\u00ed. Ka\u017ed\u00e1 \u010d\u00e1st obsahuje t\u0159i lekce po 90 minut\u00e1ch. Ale bude mo\u017en\u00e9 zakoupit i samostatn\u00e9 lekce. C\u00edle a metodologie C\u00edlem kurzu je osvojit si odborn\u00fd jazyk pr\u00e1va prost\u0159ednictv\u00edm autentick\u00fdch textov\u00fdch materi\u00e1l\u016f, kter\u00e9 p\u0159ipravuje vyu\u010duj\u00edc\u00ed a poskytuje student\u016fm ve form\u011b studijn\u00edch materi\u00e1l\u016f. Bude zvolen srovn\u00e1vac\u00ed p\u0159\u00edstup se zam\u011b\u0159en\u00edm na \u010desk\u00fd pr\u00e1vn\u00ed kontext. Studenti budou m\u00edt k dispozici i autentick\u00e9 materi\u00e1ly v \u010de\u0161tin\u011b, kter\u00e9 umo\u017en\u00ed srovn\u00e1n\u00ed a diskusi, a t\u00edm propoj\u00ed nov\u00e9 poznatky s jejich dosavadn\u00edmi zku\u0161enostmi a odborn\u00fdmi kompetencemi. Dal\u0161\u00ed informace o kurzu, term\u00ednech, cen\u00e1ch a zp\u016fsobech platby naleznete zde.\" \/>\n<meta property=\"og:url\" content=\"https:\/\/parlo-italiano.cz\/cs\/kategorie-specialni-kurzy\/workshop-di-italiano-giuridico\/\" \/>\n<meta property=\"og:site_name\" content=\"Parlo Italiano\" \/>\n<meta property=\"article:modified_time\" content=\"2025-04-02T11:01:59+00:00\" \/>\n<meta property=\"og:image\" content=\"https:\/\/parlo-italiano.cz\/wp-content\/uploads\/2025\/03\/Workshop-giuridico_locaandina-scaled.jpg\" \/>\n\t<meta property=\"og:image:width\" content=\"1808\" \/>\n\t<meta property=\"og:image:height\" content=\"2560\" \/>\n\t<meta property=\"og:image:type\" content=\"image\/jpeg\" \/>\n<meta name=\"twitter:card\" content=\"summary_large_image\" \/>\n<script type=\"application\/ld+json\" class=\"yoast-schema-graph\">{\"@context\":\"https:\\\/\\\/schema.org\",\"@graph\":[{\"@type\":\"WebPage\",\"@id\":\"https:\\\/\\\/parlo-italiano.cz\\\/cs\\\/kategorie-specialni-kurzy\\\/workshop-di-italiano-giuridico\\\/\",\"url\":\"https:\\\/\\\/parlo-italiano.cz\\\/cs\\\/kategorie-specialni-kurzy\\\/workshop-di-italiano-giuridico\\\/\",\"name\":\"Kurz pr\u00e1vnick\u00e9 ital\u0161tiny - Parlo Italiano\",\"isPartOf\":{\"@id\":\"https:\\\/\\\/parlo-italiano.cz\\\/#website\"},\"primaryImageOfPage\":{\"@id\":\"https:\\\/\\\/parlo-italiano.cz\\\/cs\\\/kategorie-specialni-kurzy\\\/workshop-di-italiano-giuridico\\\/#primaryimage\"},\"image\":{\"@id\":\"https:\\\/\\\/parlo-italiano.cz\\\/cs\\\/kategorie-specialni-kurzy\\\/workshop-di-italiano-giuridico\\\/#primaryimage\"},\"thumbnailUrl\":\"https:\\\/\\\/parlo-italiano.cz\\\/wp-content\\\/uploads\\\/2025\\\/03\\\/Workshop-giuridico_locaandina-scaled.jpg\",\"datePublished\":\"2025-03-02T22:15:10+00:00\",\"dateModified\":\"2025-04-02T11:01:59+00:00\",\"breadcrumb\":{\"@id\":\"https:\\\/\\\/parlo-italiano.cz\\\/cs\\\/kategorie-specialni-kurzy\\\/workshop-di-italiano-giuridico\\\/#breadcrumb\"},\"inLanguage\":\"cs\",\"potentialAction\":[{\"@type\":\"ReadAction\",\"target\":[\"https:\\\/\\\/parlo-italiano.cz\\\/cs\\\/kategorie-specialni-kurzy\\\/workshop-di-italiano-giuridico\\\/\"]}]},{\"@type\":\"ImageObject\",\"inLanguage\":\"cs\",\"@id\":\"https:\\\/\\\/parlo-italiano.cz\\\/cs\\\/kategorie-specialni-kurzy\\\/workshop-di-italiano-giuridico\\\/#primaryimage\",\"url\":\"https:\\\/\\\/parlo-italiano.cz\\\/wp-content\\\/uploads\\\/2025\\\/03\\\/Workshop-giuridico_locaandina-scaled.jpg\",\"contentUrl\":\"https:\\\/\\\/parlo-italiano.cz\\\/wp-content\\\/uploads\\\/2025\\\/03\\\/Workshop-giuridico_locaandina-scaled.jpg\",\"width\":1808,\"height\":2560},{\"@type\":\"BreadcrumbList\",\"@id\":\"https:\\\/\\\/parlo-italiano.cz\\\/cs\\\/kategorie-specialni-kurzy\\\/workshop-di-italiano-giuridico\\\/#breadcrumb\",\"itemListElement\":[{\"@type\":\"ListItem\",\"position\":1,\"name\":\"Home\",\"item\":\"https:\\\/\\\/parlo-italiano.cz\\\/cs\\\/\"},{\"@type\":\"ListItem\",\"position\":2,\"name\":\"Kurzy\",\"item\":\"https:\\\/\\\/parlo-italiano.cz\\\/cs\\\/kurzy\\\/\"},{\"@type\":\"ListItem\",\"position\":3,\"name\":\"Kurz pr\u00e1vnick\u00e9 ital\u0161tiny\"}]},{\"@type\":\"WebSite\",\"@id\":\"https:\\\/\\\/parlo-italiano.cz\\\/#website\",\"url\":\"https:\\\/\\\/parlo-italiano.cz\\\/\",\"name\":\"Parlo Italiano\",\"description\":\"Corsi di lingua italiana\",\"publisher\":{\"@id\":\"https:\\\/\\\/parlo-italiano.cz\\\/#organization\"},\"potentialAction\":[{\"@type\":\"SearchAction\",\"target\":{\"@type\":\"EntryPoint\",\"urlTemplate\":\"https:\\\/\\\/parlo-italiano.cz\\\/?s={search_term_string}\"},\"query-input\":{\"@type\":\"PropertyValueSpecification\",\"valueRequired\":true,\"valueName\":\"search_term_string\"}}],\"inLanguage\":\"cs\"},{\"@type\":\"Organization\",\"@id\":\"https:\\\/\\\/parlo-italiano.cz\\\/#organization\",\"name\":\"Istituto Italiano di Cultura Praga\",\"url\":\"https:\\\/\\\/parlo-italiano.cz\\\/\",\"logo\":{\"@type\":\"ImageObject\",\"inLanguage\":\"cs\",\"@id\":\"https:\\\/\\\/parlo-italiano.cz\\\/#\\\/schema\\\/logo\\\/image\\\/\",\"url\":\"https:\\\/\\\/parlo-italiano.cz\\\/wp-content\\\/uploads\\\/2020\\\/03\\\/logo_iic.png\",\"contentUrl\":\"https:\\\/\\\/parlo-italiano.cz\\\/wp-content\\\/uploads\\\/2020\\\/03\\\/logo_iic.png\",\"width\":230,\"height\":130,\"caption\":\"Istituto Italiano di Cultura Praga\"},\"image\":{\"@id\":\"https:\\\/\\\/parlo-italiano.cz\\\/#\\\/schema\\\/logo\\\/image\\\/\"}}]}<\/script>\n<!-- \/ Yoast SEO plugin. -->","yoast_head_json":{"title":"Kurz pr\u00e1vnick\u00e9 ital\u0161tiny - Parlo Italiano","robots":{"index":"index","follow":"follow","max-snippet":"max-snippet:-1","max-image-preview":"max-image-preview:large","max-video-preview":"max-video-preview:-1"},"canonical":"https:\/\/parlo-italiano.cz\/cs\/kategorie-specialni-kurzy\/workshop-di-italiano-giuridico\/","og_locale":"cs_CZ","og_type":"article","og_title":"Kurz pr\u00e1vnick\u00e9 ital\u0161tiny - Parlo Italiano","og_description":"Pro koho je kurz ur\u010den Kurz je ur\u010den p\u0159edev\u0161\u00edm osob\u00e1m, kter\u00e9 ovl\u00e1daj\u00ed ital\u0161tinu a maj\u00ed pr\u00e1vn\u011b-ekonomick\u00e9 vzd\u011bl\u00e1n\u00ed nebo se pohybuj\u00ed v pr\u00e1vn\u011b-ekonomick\u00e9 oblasti z pracovn\u00edch d\u016fvod\u016f (nap\u0159\u00edklad p\u0159ekladatel\u00e9). Struktura kurzu Kurz se skl\u00e1d\u00e1 ze t\u0159\u00ed \u010d\u00e1st\u00ed. Ka\u017ed\u00e1 \u010d\u00e1st obsahuje t\u0159i lekce po 90 minut\u00e1ch. Ale bude mo\u017en\u00e9 zakoupit i samostatn\u00e9 lekce. C\u00edle a metodologie C\u00edlem kurzu je osvojit si odborn\u00fd jazyk pr\u00e1va prost\u0159ednictv\u00edm autentick\u00fdch textov\u00fdch materi\u00e1l\u016f, kter\u00e9 p\u0159ipravuje vyu\u010duj\u00edc\u00ed a poskytuje student\u016fm ve form\u011b studijn\u00edch materi\u00e1l\u016f. Bude zvolen srovn\u00e1vac\u00ed p\u0159\u00edstup se zam\u011b\u0159en\u00edm na \u010desk\u00fd pr\u00e1vn\u00ed kontext. Studenti budou m\u00edt k dispozici i autentick\u00e9 materi\u00e1ly v \u010de\u0161tin\u011b, kter\u00e9 umo\u017en\u00ed srovn\u00e1n\u00ed a diskusi, a t\u00edm propoj\u00ed nov\u00e9 poznatky s jejich dosavadn\u00edmi zku\u0161enostmi a odborn\u00fdmi kompetencemi. Dal\u0161\u00ed informace o kurzu, term\u00ednech, cen\u00e1ch a zp\u016fsobech platby naleznete zde.","og_url":"https:\/\/parlo-italiano.cz\/cs\/kategorie-specialni-kurzy\/workshop-di-italiano-giuridico\/","og_site_name":"Parlo Italiano","article_modified_time":"2025-04-02T11:01:59+00:00","og_image":[{"width":1808,"height":2560,"url":"https:\/\/parlo-italiano.cz\/wp-content\/uploads\/2025\/03\/Workshop-giuridico_locaandina-scaled.jpg","type":"image\/jpeg"}],"twitter_card":"summary_large_image","schema":{"@context":"https:\/\/schema.org","@graph":[{"@type":"WebPage","@id":"https:\/\/parlo-italiano.cz\/cs\/kategorie-specialni-kurzy\/workshop-di-italiano-giuridico\/","url":"https:\/\/parlo-italiano.cz\/cs\/kategorie-specialni-kurzy\/workshop-di-italiano-giuridico\/","name":"Kurz pr\u00e1vnick\u00e9 ital\u0161tiny - Parlo Italiano","isPartOf":{"@id":"https:\/\/parlo-italiano.cz\/#website"},"primaryImageOfPage":{"@id":"https:\/\/parlo-italiano.cz\/cs\/kategorie-specialni-kurzy\/workshop-di-italiano-giuridico\/#primaryimage"},"image":{"@id":"https:\/\/parlo-italiano.cz\/cs\/kategorie-specialni-kurzy\/workshop-di-italiano-giuridico\/#primaryimage"},"thumbnailUrl":"https:\/\/parlo-italiano.cz\/wp-content\/uploads\/2025\/03\/Workshop-giuridico_locaandina-scaled.jpg","datePublished":"2025-03-02T22:15:10+00:00","dateModified":"2025-04-02T11:01:59+00:00","breadcrumb":{"@id":"https:\/\/parlo-italiano.cz\/cs\/kategorie-specialni-kurzy\/workshop-di-italiano-giuridico\/#breadcrumb"},"inLanguage":"cs","potentialAction":[{"@type":"ReadAction","target":["https:\/\/parlo-italiano.cz\/cs\/kategorie-specialni-kurzy\/workshop-di-italiano-giuridico\/"]}]},{"@type":"ImageObject","inLanguage":"cs","@id":"https:\/\/parlo-italiano.cz\/cs\/kategorie-specialni-kurzy\/workshop-di-italiano-giuridico\/#primaryimage","url":"https:\/\/parlo-italiano.cz\/wp-content\/uploads\/2025\/03\/Workshop-giuridico_locaandina-scaled.jpg","contentUrl":"https:\/\/parlo-italiano.cz\/wp-content\/uploads\/2025\/03\/Workshop-giuridico_locaandina-scaled.jpg","width":1808,"height":2560},{"@type":"BreadcrumbList","@id":"https:\/\/parlo-italiano.cz\/cs\/kategorie-specialni-kurzy\/workshop-di-italiano-giuridico\/#breadcrumb","itemListElement":[{"@type":"ListItem","position":1,"name":"Home","item":"https:\/\/parlo-italiano.cz\/cs\/"},{"@type":"ListItem","position":2,"name":"Kurzy","item":"https:\/\/parlo-italiano.cz\/cs\/kurzy\/"},{"@type":"ListItem","position":3,"name":"Kurz pr\u00e1vnick\u00e9 ital\u0161tiny"}]},{"@type":"WebSite","@id":"https:\/\/parlo-italiano.cz\/#website","url":"https:\/\/parlo-italiano.cz\/","name":"Parlo Italiano","description":"Corsi di lingua italiana","publisher":{"@id":"https:\/\/parlo-italiano.cz\/#organization"},"potentialAction":[{"@type":"SearchAction","target":{"@type":"EntryPoint","urlTemplate":"https:\/\/parlo-italiano.cz\/?s={search_term_string}"},"query-input":{"@type":"PropertyValueSpecification","valueRequired":true,"valueName":"search_term_string"}}],"inLanguage":"cs"},{"@type":"Organization","@id":"https:\/\/parlo-italiano.cz\/#organization","name":"Istituto Italiano di Cultura Praga","url":"https:\/\/parlo-italiano.cz\/","logo":{"@type":"ImageObject","inLanguage":"cs","@id":"https:\/\/parlo-italiano.cz\/#\/schema\/logo\/image\/","url":"https:\/\/parlo-italiano.cz\/wp-content\/uploads\/2020\/03\/logo_iic.png","contentUrl":"https:\/\/parlo-italiano.cz\/wp-content\/uploads\/2020\/03\/logo_iic.png","width":230,"height":130,"caption":"Istituto Italiano di Cultura Praga"},"image":{"@id":"https:\/\/parlo-italiano.cz\/#\/schema\/logo\/image\/"}}]}},"_links":{"self":[{"href":"https:\/\/parlo-italiano.cz\/cs\/wp-json\/wp\/v2\/product\/30867","targetHints":{"allow":["GET"]}}],"collection":[{"href":"https:\/\/parlo-italiano.cz\/cs\/wp-json\/wp\/v2\/product"}],"about":[{"href":"https:\/\/parlo-italiano.cz\/cs\/wp-json\/wp\/v2\/types\/product"}],"wp:featuredmedia":[{"embeddable":true,"href":"https:\/\/parlo-italiano.cz\/cs\/wp-json\/wp\/v2\/media\/30874"}],"wp:attachment":[{"href":"https:\/\/parlo-italiano.cz\/cs\/wp-json\/wp\/v2\/media?parent=30867"}],"wp:term":[{"taxonomy":"product_brand","embeddable":true,"href":"https:\/\/parlo-italiano.cz\/cs\/wp-json\/wp\/v2\/product_brand?post=30867"},{"taxonomy":"product_cat","embeddable":true,"href":"https:\/\/parlo-italiano.cz\/cs\/wp-json\/wp\/v2\/product_cat?post=30867"},{"taxonomy":"product_tag","embeddable":true,"href":"https:\/\/parlo-italiano.cz\/cs\/wp-json\/wp\/v2\/product_tag?post=30867"}],"curies":[{"name":"wp","href":"https:\/\/api.w.org\/{rel}","templated":true}]}}