{"id":30973,"date":"2025-03-30T23:14:48","date_gmt":"2025-03-30T21:16:29","guid":{"rendered":"https:\/\/parlo-italiano.cz\/nezarazene\/b2-c1-r-kveten-cerven\/"},"modified":"2025-03-30T23:16:29","modified_gmt":"2025-03-30T21:16:29","slug":"b2-c1-r-kveten-cerven","status":"publish","type":"product","link":"https:\/\/parlo-italiano.cz\/cs\/kategorie-kurzy-kveten-cerven\/b2-c1-r-kveten-cerven\/","title":{"rendered":"B2 &#8211; C1 R kv\u011bten\/\u010derven"},"content":{"rendered":"<h4>5 lekc\u00ed jednou t\u00fddn\u011b<\/h4>\n<p><strong>Kurzy &#8222;R&#8220;<\/strong> jsou kurzy na POS\u00cdLEN\u00cd &#8222;standardn\u00edch&#8220; \u00farovn\u00ed.<\/p>\n<p>Jedn\u00e1 se o kurzy s lekcemi velmi podobn\u00fdmi t\u011bm ze &#8222;standardn\u00edch&#8220; kurz\u016f. Lekce maj\u00ed 120 minut a rozv\u00edjej\u00ed se v nich v\u0161echny dovednosti: poslech, \u010dten\u00ed, mluven\u00ed, gramatika, psan\u00ed.<br \/>\nJedin\u00fdm rozd\u00edlem oproti &#8222;standardn\u00edm&#8220; kurz\u016fm (kter\u00e9 nab\u00edz\u00edme v prvn\u00edch dvou \u010dtvrtlet\u00edch roku) je, \u017ee v t\u011bchto lekc\u00edch se nepostupuje podle stanoven\u00fdch osnov a jedn\u00e9 knihy. Lekce jsou voln\u011b \u010derp\u00e1ny z jin\u00fdch knih, ne\u017e kter\u00e9 pou\u017e\u00edv\u00e1me v na\u0161ich &#8222;standardn\u00edch&#8220; kurzech, nebo dokonce z vide\u00ed a jin\u00fdch online materi\u00e1l\u016f.<br \/>\nU\u010ditel je tak\u00e9 k dispozici t\u0159\u00edd\u011b, aby prohloubil nebo zopakoval ur\u010dit\u00e9 t\u00e9ma.<br \/>\nT\u011bchto kurz\u016f se mohou z\u00fa\u010dastnit i studenti, kte\u0159\u00ed u n\u00e1s neabsolvovali &#8222;standardn\u00ed&#8220; programy v prvn\u00edm a druh\u00e9m semestru.<\/p>\n<p>Student, pokud je nov\u00fd, je za\u0159azen na z\u00e1klad\u011b vstupn\u00edho testu.<\/p>\n","protected":false},"excerpt":{"rendered":"<p><strong>\u00darove\u0148:<\/strong> B2 &#8211; C1<br \/>\n<strong>Doch\u00e1zka:<\/strong> <span>1x t\u00fddn\u011b<\/span><br \/>\n<strong>Cena za 5 lekc\u00ed (= 10 hodin)<\/strong>: 1900 CZK<\/p>\n","protected":false},"featured_media":20167,"template":"","meta":[],"product_brand":[],"product_cat":[969],"product_tag":[],"class_list":{"0":"post-30973","1":"product","2":"type-product","3":"status-publish","4":"has-post-thumbnail","6":"product_cat-kategorie-kurzy-kveten-cerven","8":"first","9":"instock","10":"sold-individually","11":"shipping-taxable","12":"purchasable","13":"product-type-variable"},"yoast_head":"<!-- This site is optimized with the Yoast SEO plugin v27.3 - https:\/\/yoast.com\/product\/yoast-seo-wordpress\/ -->\n<title>B2 - C1 R kv\u011bten\/\u010derven - Parlo Italiano<\/title>\n<meta name=\"robots\" content=\"index, follow, max-snippet:-1, max-image-preview:large, max-video-preview:-1\" \/>\n<link rel=\"canonical\" href=\"https:\/\/parlo-italiano.cz\/cs\/kategorie-kurzy-kveten-cerven\/b2-c1-r-kveten-cerven\/\" \/>\n<meta property=\"og:locale\" content=\"cs_CZ\" \/>\n<meta property=\"og:type\" content=\"article\" \/>\n<meta property=\"og:title\" content=\"B2 - C1 R kv\u011bten\/\u010derven - Parlo Italiano\" \/>\n<meta property=\"og:description\" content=\"\u00darove\u0148: B2 - C1 Doch\u00e1zka: 1x t\u00fddn\u011b Cena za 5 lekc\u00ed (= 10 hodin): 1900 CZK\" \/>\n<meta property=\"og:url\" content=\"https:\/\/parlo-italiano.cz\/cs\/kategorie-kurzy-kveten-cerven\/b2-c1-r-kveten-cerven\/\" \/>\n<meta property=\"og:site_name\" content=\"Parlo Italiano\" \/>\n<meta property=\"og:image\" content=\"https:\/\/parlo-italiano.cz\/wp-content\/uploads\/2020\/07\/pontedilegno-scaled.jpg\" \/>\n\t<meta property=\"og:image:width\" content=\"2560\" \/>\n\t<meta property=\"og:image:height\" content=\"1920\" \/>\n\t<meta property=\"og:image:type\" content=\"image\/jpeg\" \/>\n<meta name=\"twitter:card\" content=\"summary_large_image\" \/>\n<meta name=\"twitter:label1\" content=\"Odhadovan\u00e1 doba \u010dten\u00ed\" \/>\n\t<meta name=\"twitter:data1\" content=\"1 minuta\" \/>\n<script type=\"application\/ld+json\" class=\"yoast-schema-graph\">{\"@context\":\"https:\\\/\\\/schema.org\",\"@graph\":[{\"@type\":\"WebPage\",\"@id\":\"https:\\\/\\\/parlo-italiano.cz\\\/cs\\\/kategorie-kurzy-kveten-cerven\\\/b2-c1-r-kveten-cerven\\\/\",\"url\":\"https:\\\/\\\/parlo-italiano.cz\\\/cs\\\/kategorie-kurzy-kveten-cerven\\\/b2-c1-r-kveten-cerven\\\/\",\"name\":\"B2 - C1 R kv\u011bten\\\/\u010derven - Parlo Italiano\",\"isPartOf\":{\"@id\":\"https:\\\/\\\/parlo-italiano.cz\\\/#website\"},\"primaryImageOfPage\":{\"@id\":\"https:\\\/\\\/parlo-italiano.cz\\\/cs\\\/kategorie-kurzy-kveten-cerven\\\/b2-c1-r-kveten-cerven\\\/#primaryimage\"},\"image\":{\"@id\":\"https:\\\/\\\/parlo-italiano.cz\\\/cs\\\/kategorie-kurzy-kveten-cerven\\\/b2-c1-r-kveten-cerven\\\/#primaryimage\"},\"thumbnailUrl\":\"https:\\\/\\\/parlo-italiano.cz\\\/wp-content\\\/uploads\\\/2020\\\/07\\\/pontedilegno-scaled.jpg\",\"datePublished\":\"2025-03-30T21:16:29+00:00\",\"breadcrumb\":{\"@id\":\"https:\\\/\\\/parlo-italiano.cz\\\/cs\\\/kategorie-kurzy-kveten-cerven\\\/b2-c1-r-kveten-cerven\\\/#breadcrumb\"},\"inLanguage\":\"cs\",\"potentialAction\":[{\"@type\":\"ReadAction\",\"target\":[\"https:\\\/\\\/parlo-italiano.cz\\\/cs\\\/kategorie-kurzy-kveten-cerven\\\/b2-c1-r-kveten-cerven\\\/\"]}]},{\"@type\":\"ImageObject\",\"inLanguage\":\"cs\",\"@id\":\"https:\\\/\\\/parlo-italiano.cz\\\/cs\\\/kategorie-kurzy-kveten-cerven\\\/b2-c1-r-kveten-cerven\\\/#primaryimage\",\"url\":\"https:\\\/\\\/parlo-italiano.cz\\\/wp-content\\\/uploads\\\/2020\\\/07\\\/pontedilegno-scaled.jpg\",\"contentUrl\":\"https:\\\/\\\/parlo-italiano.cz\\\/wp-content\\\/uploads\\\/2020\\\/07\\\/pontedilegno-scaled.jpg\",\"width\":2560,\"height\":1920,\"caption\":\"OLYMPUS DIGITAL CAMERA\"},{\"@type\":\"BreadcrumbList\",\"@id\":\"https:\\\/\\\/parlo-italiano.cz\\\/cs\\\/kategorie-kurzy-kveten-cerven\\\/b2-c1-r-kveten-cerven\\\/#breadcrumb\",\"itemListElement\":[{\"@type\":\"ListItem\",\"position\":1,\"name\":\"Home\",\"item\":\"https:\\\/\\\/parlo-italiano.cz\\\/cs\\\/\"},{\"@type\":\"ListItem\",\"position\":2,\"name\":\"Kurzy\",\"item\":\"https:\\\/\\\/parlo-italiano.cz\\\/cs\\\/kurzy\\\/\"},{\"@type\":\"ListItem\",\"position\":3,\"name\":\"B2 &#8211; C1 R kv\u011bten\\\/\u010derven\"}]},{\"@type\":\"WebSite\",\"@id\":\"https:\\\/\\\/parlo-italiano.cz\\\/#website\",\"url\":\"https:\\\/\\\/parlo-italiano.cz\\\/\",\"name\":\"Parlo Italiano\",\"description\":\"Corsi di lingua italiana\",\"publisher\":{\"@id\":\"https:\\\/\\\/parlo-italiano.cz\\\/#organization\"},\"potentialAction\":[{\"@type\":\"SearchAction\",\"target\":{\"@type\":\"EntryPoint\",\"urlTemplate\":\"https:\\\/\\\/parlo-italiano.cz\\\/?s={search_term_string}\"},\"query-input\":{\"@type\":\"PropertyValueSpecification\",\"valueRequired\":true,\"valueName\":\"search_term_string\"}}],\"inLanguage\":\"cs\"},{\"@type\":\"Organization\",\"@id\":\"https:\\\/\\\/parlo-italiano.cz\\\/#organization\",\"name\":\"Istituto Italiano di Cultura Praga\",\"url\":\"https:\\\/\\\/parlo-italiano.cz\\\/\",\"logo\":{\"@type\":\"ImageObject\",\"inLanguage\":\"cs\",\"@id\":\"https:\\\/\\\/parlo-italiano.cz\\\/#\\\/schema\\\/logo\\\/image\\\/\",\"url\":\"https:\\\/\\\/parlo-italiano.cz\\\/wp-content\\\/uploads\\\/2020\\\/03\\\/logo_iic.png\",\"contentUrl\":\"https:\\\/\\\/parlo-italiano.cz\\\/wp-content\\\/uploads\\\/2020\\\/03\\\/logo_iic.png\",\"width\":230,\"height\":130,\"caption\":\"Istituto Italiano di Cultura Praga\"},\"image\":{\"@id\":\"https:\\\/\\\/parlo-italiano.cz\\\/#\\\/schema\\\/logo\\\/image\\\/\"}}]}<\/script>\n<!-- \/ Yoast SEO plugin. -->","yoast_head_json":{"title":"B2 - C1 R kv\u011bten\/\u010derven - Parlo Italiano","robots":{"index":"index","follow":"follow","max-snippet":"max-snippet:-1","max-image-preview":"max-image-preview:large","max-video-preview":"max-video-preview:-1"},"canonical":"https:\/\/parlo-italiano.cz\/cs\/kategorie-kurzy-kveten-cerven\/b2-c1-r-kveten-cerven\/","og_locale":"cs_CZ","og_type":"article","og_title":"B2 - C1 R kv\u011bten\/\u010derven - Parlo Italiano","og_description":"\u00darove\u0148: B2 - C1 Doch\u00e1zka: 1x t\u00fddn\u011b Cena za 5 lekc\u00ed (= 10 hodin): 1900 CZK","og_url":"https:\/\/parlo-italiano.cz\/cs\/kategorie-kurzy-kveten-cerven\/b2-c1-r-kveten-cerven\/","og_site_name":"Parlo Italiano","og_image":[{"width":2560,"height":1920,"url":"https:\/\/parlo-italiano.cz\/wp-content\/uploads\/2020\/07\/pontedilegno-scaled.jpg","type":"image\/jpeg"}],"twitter_card":"summary_large_image","twitter_misc":{"Odhadovan\u00e1 doba \u010dten\u00ed":"1 minuta"},"schema":{"@context":"https:\/\/schema.org","@graph":[{"@type":"WebPage","@id":"https:\/\/parlo-italiano.cz\/cs\/kategorie-kurzy-kveten-cerven\/b2-c1-r-kveten-cerven\/","url":"https:\/\/parlo-italiano.cz\/cs\/kategorie-kurzy-kveten-cerven\/b2-c1-r-kveten-cerven\/","name":"B2 - C1 R kv\u011bten\/\u010derven - Parlo Italiano","isPartOf":{"@id":"https:\/\/parlo-italiano.cz\/#website"},"primaryImageOfPage":{"@id":"https:\/\/parlo-italiano.cz\/cs\/kategorie-kurzy-kveten-cerven\/b2-c1-r-kveten-cerven\/#primaryimage"},"image":{"@id":"https:\/\/parlo-italiano.cz\/cs\/kategorie-kurzy-kveten-cerven\/b2-c1-r-kveten-cerven\/#primaryimage"},"thumbnailUrl":"https:\/\/parlo-italiano.cz\/wp-content\/uploads\/2020\/07\/pontedilegno-scaled.jpg","datePublished":"2025-03-30T21:16:29+00:00","breadcrumb":{"@id":"https:\/\/parlo-italiano.cz\/cs\/kategorie-kurzy-kveten-cerven\/b2-c1-r-kveten-cerven\/#breadcrumb"},"inLanguage":"cs","potentialAction":[{"@type":"ReadAction","target":["https:\/\/parlo-italiano.cz\/cs\/kategorie-kurzy-kveten-cerven\/b2-c1-r-kveten-cerven\/"]}]},{"@type":"ImageObject","inLanguage":"cs","@id":"https:\/\/parlo-italiano.cz\/cs\/kategorie-kurzy-kveten-cerven\/b2-c1-r-kveten-cerven\/#primaryimage","url":"https:\/\/parlo-italiano.cz\/wp-content\/uploads\/2020\/07\/pontedilegno-scaled.jpg","contentUrl":"https:\/\/parlo-italiano.cz\/wp-content\/uploads\/2020\/07\/pontedilegno-scaled.jpg","width":2560,"height":1920,"caption":"OLYMPUS DIGITAL CAMERA"},{"@type":"BreadcrumbList","@id":"https:\/\/parlo-italiano.cz\/cs\/kategorie-kurzy-kveten-cerven\/b2-c1-r-kveten-cerven\/#breadcrumb","itemListElement":[{"@type":"ListItem","position":1,"name":"Home","item":"https:\/\/parlo-italiano.cz\/cs\/"},{"@type":"ListItem","position":2,"name":"Kurzy","item":"https:\/\/parlo-italiano.cz\/cs\/kurzy\/"},{"@type":"ListItem","position":3,"name":"B2 &#8211; C1 R kv\u011bten\/\u010derven"}]},{"@type":"WebSite","@id":"https:\/\/parlo-italiano.cz\/#website","url":"https:\/\/parlo-italiano.cz\/","name":"Parlo Italiano","description":"Corsi di lingua italiana","publisher":{"@id":"https:\/\/parlo-italiano.cz\/#organization"},"potentialAction":[{"@type":"SearchAction","target":{"@type":"EntryPoint","urlTemplate":"https:\/\/parlo-italiano.cz\/?s={search_term_string}"},"query-input":{"@type":"PropertyValueSpecification","valueRequired":true,"valueName":"search_term_string"}}],"inLanguage":"cs"},{"@type":"Organization","@id":"https:\/\/parlo-italiano.cz\/#organization","name":"Istituto Italiano di Cultura Praga","url":"https:\/\/parlo-italiano.cz\/","logo":{"@type":"ImageObject","inLanguage":"cs","@id":"https:\/\/parlo-italiano.cz\/#\/schema\/logo\/image\/","url":"https:\/\/parlo-italiano.cz\/wp-content\/uploads\/2020\/03\/logo_iic.png","contentUrl":"https:\/\/parlo-italiano.cz\/wp-content\/uploads\/2020\/03\/logo_iic.png","width":230,"height":130,"caption":"Istituto Italiano di Cultura Praga"},"image":{"@id":"https:\/\/parlo-italiano.cz\/#\/schema\/logo\/image\/"}}]}},"_links":{"self":[{"href":"https:\/\/parlo-italiano.cz\/cs\/wp-json\/wp\/v2\/product\/30973","targetHints":{"allow":["GET"]}}],"collection":[{"href":"https:\/\/parlo-italiano.cz\/cs\/wp-json\/wp\/v2\/product"}],"about":[{"href":"https:\/\/parlo-italiano.cz\/cs\/wp-json\/wp\/v2\/types\/product"}],"wp:featuredmedia":[{"embeddable":true,"href":"https:\/\/parlo-italiano.cz\/cs\/wp-json\/wp\/v2\/media\/20167"}],"wp:attachment":[{"href":"https:\/\/parlo-italiano.cz\/cs\/wp-json\/wp\/v2\/media?parent=30973"}],"wp:term":[{"taxonomy":"product_brand","embeddable":true,"href":"https:\/\/parlo-italiano.cz\/cs\/wp-json\/wp\/v2\/product_brand?post=30973"},{"taxonomy":"product_cat","embeddable":true,"href":"https:\/\/parlo-italiano.cz\/cs\/wp-json\/wp\/v2\/product_cat?post=30973"},{"taxonomy":"product_tag","embeddable":true,"href":"https:\/\/parlo-italiano.cz\/cs\/wp-json\/wp\/v2\/product_tag?post=30973"}],"curies":[{"name":"wp","href":"https:\/\/api.w.org\/{rel}","templated":true}]}}