{"id":32720,"date":"2026-01-24T22:58:41","date_gmt":"2026-01-24T21:58:41","guid":{"rendered":"https:\/\/parlo-italiano.cz\/?post_type=product&#038;p=32720"},"modified":"2026-01-24T23:32:15","modified_gmt":"2026-01-24T22:32:15","slug":"il-bel-paese-cesty-dejinami-italskeho-umeni-copia","status":"publish","type":"product","link":"https:\/\/parlo-italiano.cz\/cs\/kategorie-specialni-kurzy\/il-bel-paese-cesty-dejinami-italskeho-umeni-copia\/","title":{"rendered":"IL BEL PAESE \u2013 Cesty d\u011bjinami ITALSK\u00c9HO UM\u011aN\u00cd &#8211; druh\u00fd modul"},"content":{"rendered":"","protected":false},"excerpt":{"rendered":"<p>Program <strong><em>IL BEL PAESE \u2013 Cesty d\u011bjinami italsk\u00e9ho um\u011bn\u00ed<\/em><\/strong> pokra\u010duje od pond\u011bl\u00ed 9. \u00fanora 2026 druh\u00fdm modulem:<\/p>\n<h5>ST\u0158EDOV\u011aK V OBRAZECH &#8211; objevov\u00e1n\u00ed italsk\u00e9ho um\u011bn\u00ed st\u0159edov\u011bku prost\u0159ednictv\u00edm velk\u00fdch mistr\u016f<\/h5>\n<p>Pond\u011bl\u00ed 9. \u00fanora:<br \/>\n<em><strong>Ran\u011b k\u0159es\u0165ansk\u00e9 a byzantsk\u00e9 um\u011bn\u00ed v Ravenn\u011b<\/strong><\/em><em><strong><\/strong><\/em><\/p>\n<p>Pond\u011bl\u00ed 16. \u00fanora:<br \/>\n<strong><em>Rom\u00e1nsk\u00e9 um\u011bn\u00ed v It\u00e1lii<\/em> <\/strong><\/p>\n<p><em><strong><\/strong><\/em><em><strong><\/strong><\/em>Pond\u011bl\u00ed 23. \u00fanora:<br \/>\n<strong><em>Italsk\u00e1 gotika<\/em><\/strong><\/p>\n<p><strong>\u010cas: 17:45 \u2013 19:45<\/strong> <\/p>\n<p><strong>M\u00edsto<\/strong>: Italsk\u00fd kulturn\u00ed institut, \u0160porkova 14 (Konferen\u010dn\u00ed s\u00e1l \u2013 1. patro)<\/p>\n<p><strong>Cena<\/strong> za t\u0159i lekce:<strong>  Kc. 2.900<\/strong><\/p>\n<p>Lektor, Dr. Flavio R. G. Mela, je student\u016fm k dispozici a poskytne materi\u00e1ly ke ka\u017ed\u00e9 lekci v digit\u00e1ln\u00ed podob\u011b.<\/p>\n<p>Pro <strong>registraci<\/strong> sta\u010d\u00ed napsat na sekretari\u00e1t kurz\u016f: <a href=\"mailto:info@parlo-italiano.cz\">info@parlo-italiano.cz.<\/a><\/p>\n<p>Telefon: (+0420) 734 744 490<\/p>\n<p>Po. 11.00 -13.00<br \/>\n\u00dat. 12.00 -14.00<br \/>\nSt. 11.00 -13.00<br \/>\n\u010ct. 12.00 -14.00<\/p>\n","protected":false},"featured_media":32723,"template":"","meta":[],"product_brand":[],"product_cat":[205],"product_tag":[],"class_list":{"0":"post-32720","1":"product","2":"type-product","3":"status-publish","4":"has-post-thumbnail","6":"product_cat-kategorie-specialni-kurzy","8":"first","9":"instock","10":"shipping-taxable","11":"product-type-simple"},"yoast_head":"<!-- This site is optimized with the Yoast SEO plugin v27.4 - https:\/\/yoast.com\/product\/yoast-seo-wordpress\/ -->\n<title>IL BEL PAESE \u2013 Cesty d\u011bjinami ITALSK\u00c9HO UM\u011aN\u00cd - druh\u00fd modul - Parlo Italiano<\/title>\n<meta name=\"description\" content=\"Pro milovn\u00edky italsk\u00e9ho um\u011bn\u00ed \u2013 Pro ty, kte\u0159\u00ed cht\u011bj\u00ed zlep\u0161it svou ital\u0161tinu prost\u0159ednictv\u00edm um\u011bn\u00ed: Prvn\u00ed 3 lekce od 24. listopadu do 8. prosince!\" \/>\n<meta name=\"robots\" content=\"index, follow, max-snippet:-1, max-image-preview:large, max-video-preview:-1\" \/>\n<link rel=\"canonical\" href=\"https:\/\/parlo-italiano.cz\/cs\/kategorie-specialni-kurzy\/il-bel-paese-cesty-dejinami-italskeho-umeni-copia\/\" \/>\n<meta property=\"og:locale\" content=\"cs_CZ\" \/>\n<meta property=\"og:type\" content=\"article\" \/>\n<meta property=\"og:title\" content=\"IL BEL PAESE \u2013 Cesty d\u011bjinami ITALSK\u00c9HO UM\u011aN\u00cd - druh\u00fd modul - Parlo Italiano\" \/>\n<meta property=\"og:description\" content=\"Pro milovn\u00edky italsk\u00e9ho um\u011bn\u00ed \u2013 Pro ty, kte\u0159\u00ed cht\u011bj\u00ed zlep\u0161it svou ital\u0161tinu prost\u0159ednictv\u00edm um\u011bn\u00ed: Prvn\u00ed 3 lekce od 24. listopadu do 8. prosince!\" \/>\n<meta property=\"og:url\" content=\"https:\/\/parlo-italiano.cz\/cs\/kategorie-specialni-kurzy\/il-bel-paese-cesty-dejinami-italskeho-umeni-copia\/\" \/>\n<meta property=\"og:site_name\" content=\"Parlo Italiano\" \/>\n<meta property=\"article:modified_time\" content=\"2026-01-24T22:32:15+00:00\" \/>\n<meta property=\"og:image\" content=\"https:\/\/parlo-italiano.cz\/wp-content\/uploads\/2026\/01\/02_IICP_BP_MEDIOEVO.jpg\" \/>\n\t<meta property=\"og:image:width\" content=\"1080\" \/>\n\t<meta property=\"og:image:height\" content=\"1350\" \/>\n\t<meta property=\"og:image:type\" content=\"image\/jpeg\" \/>\n<meta name=\"twitter:card\" content=\"summary_large_image\" \/>\n<script type=\"application\/ld+json\" class=\"yoast-schema-graph\">{\"@context\":\"https:\\\/\\\/schema.org\",\"@graph\":[{\"@type\":\"WebPage\",\"@id\":\"https:\\\/\\\/parlo-italiano.cz\\\/cs\\\/kategorie-specialni-kurzy\\\/il-bel-paese-cesty-dejinami-italskeho-umeni-copia\\\/\",\"url\":\"https:\\\/\\\/parlo-italiano.cz\\\/cs\\\/kategorie-specialni-kurzy\\\/il-bel-paese-cesty-dejinami-italskeho-umeni-copia\\\/\",\"name\":\"IL BEL PAESE \u2013 Cesty d\u011bjinami ITALSK\u00c9HO UM\u011aN\u00cd - druh\u00fd modul - Parlo Italiano\",\"isPartOf\":{\"@id\":\"https:\\\/\\\/parlo-italiano.cz\\\/#website\"},\"primaryImageOfPage\":{\"@id\":\"https:\\\/\\\/parlo-italiano.cz\\\/cs\\\/kategorie-specialni-kurzy\\\/il-bel-paese-cesty-dejinami-italskeho-umeni-copia\\\/#primaryimage\"},\"image\":{\"@id\":\"https:\\\/\\\/parlo-italiano.cz\\\/cs\\\/kategorie-specialni-kurzy\\\/il-bel-paese-cesty-dejinami-italskeho-umeni-copia\\\/#primaryimage\"},\"thumbnailUrl\":\"https:\\\/\\\/parlo-italiano.cz\\\/wp-content\\\/uploads\\\/2026\\\/01\\\/02_IICP_BP_MEDIOEVO.jpg\",\"datePublished\":\"2026-01-24T21:58:41+00:00\",\"dateModified\":\"2026-01-24T22:32:15+00:00\",\"description\":\"Pro milovn\u00edky italsk\u00e9ho um\u011bn\u00ed \u2013 Pro ty, kte\u0159\u00ed cht\u011bj\u00ed zlep\u0161it svou ital\u0161tinu prost\u0159ednictv\u00edm um\u011bn\u00ed: Prvn\u00ed 3 lekce od 24. listopadu do 8. prosince!\",\"breadcrumb\":{\"@id\":\"https:\\\/\\\/parlo-italiano.cz\\\/cs\\\/kategorie-specialni-kurzy\\\/il-bel-paese-cesty-dejinami-italskeho-umeni-copia\\\/#breadcrumb\"},\"inLanguage\":\"cs\",\"potentialAction\":[{\"@type\":\"ReadAction\",\"target\":[\"https:\\\/\\\/parlo-italiano.cz\\\/cs\\\/kategorie-specialni-kurzy\\\/il-bel-paese-cesty-dejinami-italskeho-umeni-copia\\\/\"]}]},{\"@type\":\"ImageObject\",\"inLanguage\":\"cs\",\"@id\":\"https:\\\/\\\/parlo-italiano.cz\\\/cs\\\/kategorie-specialni-kurzy\\\/il-bel-paese-cesty-dejinami-italskeho-umeni-copia\\\/#primaryimage\",\"url\":\"https:\\\/\\\/parlo-italiano.cz\\\/wp-content\\\/uploads\\\/2026\\\/01\\\/02_IICP_BP_MEDIOEVO.jpg\",\"contentUrl\":\"https:\\\/\\\/parlo-italiano.cz\\\/wp-content\\\/uploads\\\/2026\\\/01\\\/02_IICP_BP_MEDIOEVO.jpg\",\"width\":1080,\"height\":1350},{\"@type\":\"BreadcrumbList\",\"@id\":\"https:\\\/\\\/parlo-italiano.cz\\\/cs\\\/kategorie-specialni-kurzy\\\/il-bel-paese-cesty-dejinami-italskeho-umeni-copia\\\/#breadcrumb\",\"itemListElement\":[{\"@type\":\"ListItem\",\"position\":1,\"name\":\"Home\",\"item\":\"https:\\\/\\\/parlo-italiano.cz\\\/cs\\\/\"},{\"@type\":\"ListItem\",\"position\":2,\"name\":\"Kurzy\",\"item\":\"https:\\\/\\\/parlo-italiano.cz\\\/cs\\\/kurzy\\\/\"},{\"@type\":\"ListItem\",\"position\":3,\"name\":\"IL BEL PAESE \u2013 Cesty d\u011bjinami ITALSK\u00c9HO UM\u011aN\u00cd &#8211; druh\u00fd modul\"}]},{\"@type\":\"WebSite\",\"@id\":\"https:\\\/\\\/parlo-italiano.cz\\\/#website\",\"url\":\"https:\\\/\\\/parlo-italiano.cz\\\/\",\"name\":\"Parlo Italiano\",\"description\":\"Corsi di lingua italiana\",\"publisher\":{\"@id\":\"https:\\\/\\\/parlo-italiano.cz\\\/#organization\"},\"potentialAction\":[{\"@type\":\"SearchAction\",\"target\":{\"@type\":\"EntryPoint\",\"urlTemplate\":\"https:\\\/\\\/parlo-italiano.cz\\\/?s={search_term_string}\"},\"query-input\":{\"@type\":\"PropertyValueSpecification\",\"valueRequired\":true,\"valueName\":\"search_term_string\"}}],\"inLanguage\":\"cs\"},{\"@type\":\"Organization\",\"@id\":\"https:\\\/\\\/parlo-italiano.cz\\\/#organization\",\"name\":\"Istituto Italiano di Cultura Praga\",\"url\":\"https:\\\/\\\/parlo-italiano.cz\\\/\",\"logo\":{\"@type\":\"ImageObject\",\"inLanguage\":\"cs\",\"@id\":\"https:\\\/\\\/parlo-italiano.cz\\\/#\\\/schema\\\/logo\\\/image\\\/\",\"url\":\"https:\\\/\\\/parlo-italiano.cz\\\/wp-content\\\/uploads\\\/2020\\\/03\\\/logo_iic.png\",\"contentUrl\":\"https:\\\/\\\/parlo-italiano.cz\\\/wp-content\\\/uploads\\\/2020\\\/03\\\/logo_iic.png\",\"width\":230,\"height\":130,\"caption\":\"Istituto Italiano di Cultura Praga\"},\"image\":{\"@id\":\"https:\\\/\\\/parlo-italiano.cz\\\/#\\\/schema\\\/logo\\\/image\\\/\"}}]}<\/script>\n<!-- \/ Yoast SEO plugin. -->","yoast_head_json":{"title":"IL BEL PAESE \u2013 Cesty d\u011bjinami ITALSK\u00c9HO UM\u011aN\u00cd - druh\u00fd modul - Parlo Italiano","description":"Pro milovn\u00edky italsk\u00e9ho um\u011bn\u00ed \u2013 Pro ty, kte\u0159\u00ed cht\u011bj\u00ed zlep\u0161it svou ital\u0161tinu prost\u0159ednictv\u00edm um\u011bn\u00ed: Prvn\u00ed 3 lekce od 24. listopadu do 8. prosince!","robots":{"index":"index","follow":"follow","max-snippet":"max-snippet:-1","max-image-preview":"max-image-preview:large","max-video-preview":"max-video-preview:-1"},"canonical":"https:\/\/parlo-italiano.cz\/cs\/kategorie-specialni-kurzy\/il-bel-paese-cesty-dejinami-italskeho-umeni-copia\/","og_locale":"cs_CZ","og_type":"article","og_title":"IL BEL PAESE \u2013 Cesty d\u011bjinami ITALSK\u00c9HO UM\u011aN\u00cd - druh\u00fd modul - Parlo Italiano","og_description":"Pro milovn\u00edky italsk\u00e9ho um\u011bn\u00ed \u2013 Pro ty, kte\u0159\u00ed cht\u011bj\u00ed zlep\u0161it svou ital\u0161tinu prost\u0159ednictv\u00edm um\u011bn\u00ed: Prvn\u00ed 3 lekce od 24. listopadu do 8. prosince!","og_url":"https:\/\/parlo-italiano.cz\/cs\/kategorie-specialni-kurzy\/il-bel-paese-cesty-dejinami-italskeho-umeni-copia\/","og_site_name":"Parlo Italiano","article_modified_time":"2026-01-24T22:32:15+00:00","og_image":[{"width":1080,"height":1350,"url":"https:\/\/parlo-italiano.cz\/wp-content\/uploads\/2026\/01\/02_IICP_BP_MEDIOEVO.jpg","type":"image\/jpeg"}],"twitter_card":"summary_large_image","schema":{"@context":"https:\/\/schema.org","@graph":[{"@type":"WebPage","@id":"https:\/\/parlo-italiano.cz\/cs\/kategorie-specialni-kurzy\/il-bel-paese-cesty-dejinami-italskeho-umeni-copia\/","url":"https:\/\/parlo-italiano.cz\/cs\/kategorie-specialni-kurzy\/il-bel-paese-cesty-dejinami-italskeho-umeni-copia\/","name":"IL BEL PAESE \u2013 Cesty d\u011bjinami ITALSK\u00c9HO UM\u011aN\u00cd - druh\u00fd modul - Parlo Italiano","isPartOf":{"@id":"https:\/\/parlo-italiano.cz\/#website"},"primaryImageOfPage":{"@id":"https:\/\/parlo-italiano.cz\/cs\/kategorie-specialni-kurzy\/il-bel-paese-cesty-dejinami-italskeho-umeni-copia\/#primaryimage"},"image":{"@id":"https:\/\/parlo-italiano.cz\/cs\/kategorie-specialni-kurzy\/il-bel-paese-cesty-dejinami-italskeho-umeni-copia\/#primaryimage"},"thumbnailUrl":"https:\/\/parlo-italiano.cz\/wp-content\/uploads\/2026\/01\/02_IICP_BP_MEDIOEVO.jpg","datePublished":"2026-01-24T21:58:41+00:00","dateModified":"2026-01-24T22:32:15+00:00","description":"Pro milovn\u00edky italsk\u00e9ho um\u011bn\u00ed \u2013 Pro ty, kte\u0159\u00ed cht\u011bj\u00ed zlep\u0161it svou ital\u0161tinu prost\u0159ednictv\u00edm um\u011bn\u00ed: Prvn\u00ed 3 lekce od 24. listopadu do 8. prosince!","breadcrumb":{"@id":"https:\/\/parlo-italiano.cz\/cs\/kategorie-specialni-kurzy\/il-bel-paese-cesty-dejinami-italskeho-umeni-copia\/#breadcrumb"},"inLanguage":"cs","potentialAction":[{"@type":"ReadAction","target":["https:\/\/parlo-italiano.cz\/cs\/kategorie-specialni-kurzy\/il-bel-paese-cesty-dejinami-italskeho-umeni-copia\/"]}]},{"@type":"ImageObject","inLanguage":"cs","@id":"https:\/\/parlo-italiano.cz\/cs\/kategorie-specialni-kurzy\/il-bel-paese-cesty-dejinami-italskeho-umeni-copia\/#primaryimage","url":"https:\/\/parlo-italiano.cz\/wp-content\/uploads\/2026\/01\/02_IICP_BP_MEDIOEVO.jpg","contentUrl":"https:\/\/parlo-italiano.cz\/wp-content\/uploads\/2026\/01\/02_IICP_BP_MEDIOEVO.jpg","width":1080,"height":1350},{"@type":"BreadcrumbList","@id":"https:\/\/parlo-italiano.cz\/cs\/kategorie-specialni-kurzy\/il-bel-paese-cesty-dejinami-italskeho-umeni-copia\/#breadcrumb","itemListElement":[{"@type":"ListItem","position":1,"name":"Home","item":"https:\/\/parlo-italiano.cz\/cs\/"},{"@type":"ListItem","position":2,"name":"Kurzy","item":"https:\/\/parlo-italiano.cz\/cs\/kurzy\/"},{"@type":"ListItem","position":3,"name":"IL BEL PAESE \u2013 Cesty d\u011bjinami ITALSK\u00c9HO UM\u011aN\u00cd &#8211; druh\u00fd modul"}]},{"@type":"WebSite","@id":"https:\/\/parlo-italiano.cz\/#website","url":"https:\/\/parlo-italiano.cz\/","name":"Parlo Italiano","description":"Corsi di lingua italiana","publisher":{"@id":"https:\/\/parlo-italiano.cz\/#organization"},"potentialAction":[{"@type":"SearchAction","target":{"@type":"EntryPoint","urlTemplate":"https:\/\/parlo-italiano.cz\/?s={search_term_string}"},"query-input":{"@type":"PropertyValueSpecification","valueRequired":true,"valueName":"search_term_string"}}],"inLanguage":"cs"},{"@type":"Organization","@id":"https:\/\/parlo-italiano.cz\/#organization","name":"Istituto Italiano di Cultura Praga","url":"https:\/\/parlo-italiano.cz\/","logo":{"@type":"ImageObject","inLanguage":"cs","@id":"https:\/\/parlo-italiano.cz\/#\/schema\/logo\/image\/","url":"https:\/\/parlo-italiano.cz\/wp-content\/uploads\/2020\/03\/logo_iic.png","contentUrl":"https:\/\/parlo-italiano.cz\/wp-content\/uploads\/2020\/03\/logo_iic.png","width":230,"height":130,"caption":"Istituto Italiano di Cultura Praga"},"image":{"@id":"https:\/\/parlo-italiano.cz\/#\/schema\/logo\/image\/"}}]}},"_links":{"self":[{"href":"https:\/\/parlo-italiano.cz\/cs\/wp-json\/wp\/v2\/product\/32720","targetHints":{"allow":["GET"]}}],"collection":[{"href":"https:\/\/parlo-italiano.cz\/cs\/wp-json\/wp\/v2\/product"}],"about":[{"href":"https:\/\/parlo-italiano.cz\/cs\/wp-json\/wp\/v2\/types\/product"}],"wp:featuredmedia":[{"embeddable":true,"href":"https:\/\/parlo-italiano.cz\/cs\/wp-json\/wp\/v2\/media\/32723"}],"wp:attachment":[{"href":"https:\/\/parlo-italiano.cz\/cs\/wp-json\/wp\/v2\/media?parent=32720"}],"wp:term":[{"taxonomy":"product_brand","embeddable":true,"href":"https:\/\/parlo-italiano.cz\/cs\/wp-json\/wp\/v2\/product_brand?post=32720"},{"taxonomy":"product_cat","embeddable":true,"href":"https:\/\/parlo-italiano.cz\/cs\/wp-json\/wp\/v2\/product_cat?post=32720"},{"taxonomy":"product_tag","embeddable":true,"href":"https:\/\/parlo-italiano.cz\/cs\/wp-json\/wp\/v2\/product_tag?post=32720"}],"curies":[{"name":"wp","href":"https:\/\/api.w.org\/{rel}","templated":true}]}}