{"id":32905,"date":"2026-03-15T16:12:07","date_gmt":"2026-03-15T15:12:07","guid":{"rendered":"https:\/\/parlo-italiano.cz\/?post_type=product&#038;p=32905"},"modified":"2026-03-15T16:25:06","modified_gmt":"2026-03-15T15:25:06","slug":"il-bel-paese-cesty-dejinami-italskeho-umeni-druhy-modul-copia","status":"publish","type":"product","link":"https:\/\/parlo-italiano.cz\/cs\/kategorie-specialni-kurzy\/il-bel-paese-cesty-dejinami-italskeho-umeni-druhy-modul-copia\/","title":{"rendered":"IL BEL PAESE &#8211; Cesty d\u011bjinami ITALSK\u00c9HO UM\u011aN\u00cd &#8211; t\u0159et\u00ed modul"},"content":{"rendered":"","protected":false},"excerpt":{"rendered":"<p>Program <strong><em>IL BEL PAESE \u2013 Cesty d\u011bjinami italsk\u00e9ho um\u011bn\u00ed<\/em><\/strong> pokra\u010duje od 13.04.2026 t\u0159et\u00edm modulem:<\/p>\n<h5>VELC\u00cd MIST\u0158I RENESANCE<\/h5>\n<p>Pond\u011bl\u00ed 13.04.2026:<br \/>\n<em><strong>Od mistr\u016f ran\u00e9 renesance k Leonardovi<\/strong><\/em><\/p>\n<p>Pond\u011bl\u00ed 20.04.2026:<br \/>\n<em><strong>Michelangelo a Raffael<\/strong><\/em><\/p>\n<p>Pond\u011bl\u00ed 27.04.2026:<br \/>\n<em><strong>Od ben\u00e1tsk\u00e9 \u0161koly k man\u00fdrismu<\/strong><\/em><\/p>\n<p>\u010cas: 17:45 \u2013 19:45<\/p>\n<p><strong>M\u00edsto kon\u00e1n\u00ed<\/strong>: Italsk\u00fd kulturn\u00ed institut, \u0160porkova 14 (konferen\u010dn\u00ed s\u00e1l \u2013 1. patro)<\/p>\n<p>Cena za t\u0159i lekce: <strong>Kc. 2.900<\/strong><\/p>\n<p>Lektor, dr. Flavio R. G. Mela, je k dispozici student\u016fm pro zasl\u00e1n\u00ed materi\u00e1l\u016f z ka\u017ed\u00e9 lekce v digit\u00e1ln\u00ed podob\u011b.<\/p>\n<p>Pro <strong>p\u0159ihl\u00e1\u0161en\u00ed<\/strong> sta\u010d\u00ed napsat na sekretari\u00e1t kurz\u016f: <a href=\"mailto:info@parlo-italiano.cz\">info@parlo-italiano.cz<\/a>.<\/p>\n<p>Telefon: (+0420) 734 744 490<\/p>\n<p><span>Po. 11.00 -13.00<\/span><br \/>\n<span>\u00dat. 12.00 -14.00<\/span><br \/>\n<span>St. 11.00 -13.00<\/span><br \/>\n<span>\u010ct. 12.00 -14.00<\/span><\/p>\n","protected":false},"featured_media":32908,"template":"","meta":[],"product_brand":[],"product_cat":[205],"product_tag":[],"class_list":{"0":"post-32905","1":"product","2":"type-product","3":"status-publish","4":"has-post-thumbnail","6":"product_cat-kategorie-specialni-kurzy","8":"first","9":"instock","10":"shipping-taxable","11":"product-type-simple"},"yoast_head":"<!-- This site is optimized with the Yoast SEO plugin v27.3 - https:\/\/yoast.com\/product\/yoast-seo-wordpress\/ -->\n<title>IL BEL PAESE - Cesty d\u011bjinami ITALSK\u00c9HO UM\u011aN\u00cd - t\u0159et\u00ed modul - Parlo Italiano<\/title>\n<meta name=\"description\" content=\"Pro milovn\u00edky italsk\u00e9ho um\u011bn\u00ed \u2013 Pro ty, kte\u0159\u00ed cht\u011bj\u00ed zlep\u0161it svou ital\u0161tinu prost\u0159ednictv\u00edm um\u011bn\u00ed: Prvn\u00ed 3 lekce od 24. listopadu do 8. prosince!\" \/>\n<meta name=\"robots\" content=\"index, follow, max-snippet:-1, max-image-preview:large, max-video-preview:-1\" \/>\n<link rel=\"canonical\" href=\"https:\/\/parlo-italiano.cz\/cs\/kategorie-specialni-kurzy\/il-bel-paese-cesty-dejinami-italskeho-umeni-druhy-modul-copia\/\" \/>\n<meta property=\"og:locale\" content=\"cs_CZ\" \/>\n<meta property=\"og:type\" content=\"article\" \/>\n<meta property=\"og:title\" content=\"IL BEL PAESE - Cesty d\u011bjinami ITALSK\u00c9HO UM\u011aN\u00cd - t\u0159et\u00ed modul - Parlo Italiano\" \/>\n<meta property=\"og:description\" content=\"Pro milovn\u00edky italsk\u00e9ho um\u011bn\u00ed \u2013 Pro ty, kte\u0159\u00ed cht\u011bj\u00ed zlep\u0161it svou ital\u0161tinu prost\u0159ednictv\u00edm um\u011bn\u00ed: Prvn\u00ed 3 lekce od 24. listopadu do 8. prosince!\" \/>\n<meta property=\"og:url\" content=\"https:\/\/parlo-italiano.cz\/cs\/kategorie-specialni-kurzy\/il-bel-paese-cesty-dejinami-italskeho-umeni-druhy-modul-copia\/\" \/>\n<meta property=\"og:site_name\" content=\"Parlo Italiano\" \/>\n<meta property=\"article:modified_time\" content=\"2026-03-15T15:25:06+00:00\" \/>\n<meta property=\"og:image\" content=\"https:\/\/parlo-italiano.cz\/wp-content\/uploads\/2026\/03\/IICP_CSA-2025_RINASCIMENTO.jpg\" \/>\n\t<meta property=\"og:image:width\" content=\"1080\" \/>\n\t<meta property=\"og:image:height\" content=\"1350\" \/>\n\t<meta property=\"og:image:type\" content=\"image\/jpeg\" \/>\n<meta name=\"twitter:card\" content=\"summary_large_image\" \/>\n<script type=\"application\/ld+json\" class=\"yoast-schema-graph\">{\"@context\":\"https:\\\/\\\/schema.org\",\"@graph\":[{\"@type\":\"WebPage\",\"@id\":\"https:\\\/\\\/parlo-italiano.cz\\\/cs\\\/kategorie-specialni-kurzy\\\/il-bel-paese-cesty-dejinami-italskeho-umeni-druhy-modul-copia\\\/\",\"url\":\"https:\\\/\\\/parlo-italiano.cz\\\/cs\\\/kategorie-specialni-kurzy\\\/il-bel-paese-cesty-dejinami-italskeho-umeni-druhy-modul-copia\\\/\",\"name\":\"IL BEL PAESE - Cesty d\u011bjinami ITALSK\u00c9HO UM\u011aN\u00cd - t\u0159et\u00ed modul - Parlo Italiano\",\"isPartOf\":{\"@id\":\"https:\\\/\\\/parlo-italiano.cz\\\/#website\"},\"primaryImageOfPage\":{\"@id\":\"https:\\\/\\\/parlo-italiano.cz\\\/cs\\\/kategorie-specialni-kurzy\\\/il-bel-paese-cesty-dejinami-italskeho-umeni-druhy-modul-copia\\\/#primaryimage\"},\"image\":{\"@id\":\"https:\\\/\\\/parlo-italiano.cz\\\/cs\\\/kategorie-specialni-kurzy\\\/il-bel-paese-cesty-dejinami-italskeho-umeni-druhy-modul-copia\\\/#primaryimage\"},\"thumbnailUrl\":\"https:\\\/\\\/parlo-italiano.cz\\\/wp-content\\\/uploads\\\/2026\\\/03\\\/IICP_CSA-2025_RINASCIMENTO.jpg\",\"datePublished\":\"2026-03-15T15:12:07+00:00\",\"dateModified\":\"2026-03-15T15:25:06+00:00\",\"description\":\"Pro milovn\u00edky italsk\u00e9ho um\u011bn\u00ed \u2013 Pro ty, kte\u0159\u00ed cht\u011bj\u00ed zlep\u0161it svou ital\u0161tinu prost\u0159ednictv\u00edm um\u011bn\u00ed: Prvn\u00ed 3 lekce od 24. listopadu do 8. prosince!\",\"breadcrumb\":{\"@id\":\"https:\\\/\\\/parlo-italiano.cz\\\/cs\\\/kategorie-specialni-kurzy\\\/il-bel-paese-cesty-dejinami-italskeho-umeni-druhy-modul-copia\\\/#breadcrumb\"},\"inLanguage\":\"cs\",\"potentialAction\":[{\"@type\":\"ReadAction\",\"target\":[\"https:\\\/\\\/parlo-italiano.cz\\\/cs\\\/kategorie-specialni-kurzy\\\/il-bel-paese-cesty-dejinami-italskeho-umeni-druhy-modul-copia\\\/\"]}]},{\"@type\":\"ImageObject\",\"inLanguage\":\"cs\",\"@id\":\"https:\\\/\\\/parlo-italiano.cz\\\/cs\\\/kategorie-specialni-kurzy\\\/il-bel-paese-cesty-dejinami-italskeho-umeni-druhy-modul-copia\\\/#primaryimage\",\"url\":\"https:\\\/\\\/parlo-italiano.cz\\\/wp-content\\\/uploads\\\/2026\\\/03\\\/IICP_CSA-2025_RINASCIMENTO.jpg\",\"contentUrl\":\"https:\\\/\\\/parlo-italiano.cz\\\/wp-content\\\/uploads\\\/2026\\\/03\\\/IICP_CSA-2025_RINASCIMENTO.jpg\",\"width\":1080,\"height\":1350},{\"@type\":\"BreadcrumbList\",\"@id\":\"https:\\\/\\\/parlo-italiano.cz\\\/cs\\\/kategorie-specialni-kurzy\\\/il-bel-paese-cesty-dejinami-italskeho-umeni-druhy-modul-copia\\\/#breadcrumb\",\"itemListElement\":[{\"@type\":\"ListItem\",\"position\":1,\"name\":\"Home\",\"item\":\"https:\\\/\\\/parlo-italiano.cz\\\/cs\\\/\"},{\"@type\":\"ListItem\",\"position\":2,\"name\":\"Kurzy\",\"item\":\"https:\\\/\\\/parlo-italiano.cz\\\/cs\\\/kurzy\\\/\"},{\"@type\":\"ListItem\",\"position\":3,\"name\":\"IL BEL PAESE &#8211; Cesty d\u011bjinami ITALSK\u00c9HO UM\u011aN\u00cd &#8211; t\u0159et\u00ed modul\"}]},{\"@type\":\"WebSite\",\"@id\":\"https:\\\/\\\/parlo-italiano.cz\\\/#website\",\"url\":\"https:\\\/\\\/parlo-italiano.cz\\\/\",\"name\":\"Parlo Italiano\",\"description\":\"Corsi di lingua italiana\",\"publisher\":{\"@id\":\"https:\\\/\\\/parlo-italiano.cz\\\/#organization\"},\"potentialAction\":[{\"@type\":\"SearchAction\",\"target\":{\"@type\":\"EntryPoint\",\"urlTemplate\":\"https:\\\/\\\/parlo-italiano.cz\\\/?s={search_term_string}\"},\"query-input\":{\"@type\":\"PropertyValueSpecification\",\"valueRequired\":true,\"valueName\":\"search_term_string\"}}],\"inLanguage\":\"cs\"},{\"@type\":\"Organization\",\"@id\":\"https:\\\/\\\/parlo-italiano.cz\\\/#organization\",\"name\":\"Istituto Italiano di Cultura Praga\",\"url\":\"https:\\\/\\\/parlo-italiano.cz\\\/\",\"logo\":{\"@type\":\"ImageObject\",\"inLanguage\":\"cs\",\"@id\":\"https:\\\/\\\/parlo-italiano.cz\\\/#\\\/schema\\\/logo\\\/image\\\/\",\"url\":\"https:\\\/\\\/parlo-italiano.cz\\\/wp-content\\\/uploads\\\/2020\\\/03\\\/logo_iic.png\",\"contentUrl\":\"https:\\\/\\\/parlo-italiano.cz\\\/wp-content\\\/uploads\\\/2020\\\/03\\\/logo_iic.png\",\"width\":230,\"height\":130,\"caption\":\"Istituto Italiano di Cultura Praga\"},\"image\":{\"@id\":\"https:\\\/\\\/parlo-italiano.cz\\\/#\\\/schema\\\/logo\\\/image\\\/\"}}]}<\/script>\n<!-- \/ Yoast SEO plugin. -->","yoast_head_json":{"title":"IL BEL PAESE - Cesty d\u011bjinami ITALSK\u00c9HO UM\u011aN\u00cd - t\u0159et\u00ed modul - Parlo Italiano","description":"Pro milovn\u00edky italsk\u00e9ho um\u011bn\u00ed \u2013 Pro ty, kte\u0159\u00ed cht\u011bj\u00ed zlep\u0161it svou ital\u0161tinu prost\u0159ednictv\u00edm um\u011bn\u00ed: Prvn\u00ed 3 lekce od 24. listopadu do 8. prosince!","robots":{"index":"index","follow":"follow","max-snippet":"max-snippet:-1","max-image-preview":"max-image-preview:large","max-video-preview":"max-video-preview:-1"},"canonical":"https:\/\/parlo-italiano.cz\/cs\/kategorie-specialni-kurzy\/il-bel-paese-cesty-dejinami-italskeho-umeni-druhy-modul-copia\/","og_locale":"cs_CZ","og_type":"article","og_title":"IL BEL PAESE - Cesty d\u011bjinami ITALSK\u00c9HO UM\u011aN\u00cd - t\u0159et\u00ed modul - Parlo Italiano","og_description":"Pro milovn\u00edky italsk\u00e9ho um\u011bn\u00ed \u2013 Pro ty, kte\u0159\u00ed cht\u011bj\u00ed zlep\u0161it svou ital\u0161tinu prost\u0159ednictv\u00edm um\u011bn\u00ed: Prvn\u00ed 3 lekce od 24. listopadu do 8. prosince!","og_url":"https:\/\/parlo-italiano.cz\/cs\/kategorie-specialni-kurzy\/il-bel-paese-cesty-dejinami-italskeho-umeni-druhy-modul-copia\/","og_site_name":"Parlo Italiano","article_modified_time":"2026-03-15T15:25:06+00:00","og_image":[{"width":1080,"height":1350,"url":"https:\/\/parlo-italiano.cz\/wp-content\/uploads\/2026\/03\/IICP_CSA-2025_RINASCIMENTO.jpg","type":"image\/jpeg"}],"twitter_card":"summary_large_image","schema":{"@context":"https:\/\/schema.org","@graph":[{"@type":"WebPage","@id":"https:\/\/parlo-italiano.cz\/cs\/kategorie-specialni-kurzy\/il-bel-paese-cesty-dejinami-italskeho-umeni-druhy-modul-copia\/","url":"https:\/\/parlo-italiano.cz\/cs\/kategorie-specialni-kurzy\/il-bel-paese-cesty-dejinami-italskeho-umeni-druhy-modul-copia\/","name":"IL BEL PAESE - Cesty d\u011bjinami ITALSK\u00c9HO UM\u011aN\u00cd - t\u0159et\u00ed modul - Parlo Italiano","isPartOf":{"@id":"https:\/\/parlo-italiano.cz\/#website"},"primaryImageOfPage":{"@id":"https:\/\/parlo-italiano.cz\/cs\/kategorie-specialni-kurzy\/il-bel-paese-cesty-dejinami-italskeho-umeni-druhy-modul-copia\/#primaryimage"},"image":{"@id":"https:\/\/parlo-italiano.cz\/cs\/kategorie-specialni-kurzy\/il-bel-paese-cesty-dejinami-italskeho-umeni-druhy-modul-copia\/#primaryimage"},"thumbnailUrl":"https:\/\/parlo-italiano.cz\/wp-content\/uploads\/2026\/03\/IICP_CSA-2025_RINASCIMENTO.jpg","datePublished":"2026-03-15T15:12:07+00:00","dateModified":"2026-03-15T15:25:06+00:00","description":"Pro milovn\u00edky italsk\u00e9ho um\u011bn\u00ed \u2013 Pro ty, kte\u0159\u00ed cht\u011bj\u00ed zlep\u0161it svou ital\u0161tinu prost\u0159ednictv\u00edm um\u011bn\u00ed: Prvn\u00ed 3 lekce od 24. listopadu do 8. prosince!","breadcrumb":{"@id":"https:\/\/parlo-italiano.cz\/cs\/kategorie-specialni-kurzy\/il-bel-paese-cesty-dejinami-italskeho-umeni-druhy-modul-copia\/#breadcrumb"},"inLanguage":"cs","potentialAction":[{"@type":"ReadAction","target":["https:\/\/parlo-italiano.cz\/cs\/kategorie-specialni-kurzy\/il-bel-paese-cesty-dejinami-italskeho-umeni-druhy-modul-copia\/"]}]},{"@type":"ImageObject","inLanguage":"cs","@id":"https:\/\/parlo-italiano.cz\/cs\/kategorie-specialni-kurzy\/il-bel-paese-cesty-dejinami-italskeho-umeni-druhy-modul-copia\/#primaryimage","url":"https:\/\/parlo-italiano.cz\/wp-content\/uploads\/2026\/03\/IICP_CSA-2025_RINASCIMENTO.jpg","contentUrl":"https:\/\/parlo-italiano.cz\/wp-content\/uploads\/2026\/03\/IICP_CSA-2025_RINASCIMENTO.jpg","width":1080,"height":1350},{"@type":"BreadcrumbList","@id":"https:\/\/parlo-italiano.cz\/cs\/kategorie-specialni-kurzy\/il-bel-paese-cesty-dejinami-italskeho-umeni-druhy-modul-copia\/#breadcrumb","itemListElement":[{"@type":"ListItem","position":1,"name":"Home","item":"https:\/\/parlo-italiano.cz\/cs\/"},{"@type":"ListItem","position":2,"name":"Kurzy","item":"https:\/\/parlo-italiano.cz\/cs\/kurzy\/"},{"@type":"ListItem","position":3,"name":"IL BEL PAESE &#8211; Cesty d\u011bjinami ITALSK\u00c9HO UM\u011aN\u00cd &#8211; t\u0159et\u00ed modul"}]},{"@type":"WebSite","@id":"https:\/\/parlo-italiano.cz\/#website","url":"https:\/\/parlo-italiano.cz\/","name":"Parlo Italiano","description":"Corsi di lingua italiana","publisher":{"@id":"https:\/\/parlo-italiano.cz\/#organization"},"potentialAction":[{"@type":"SearchAction","target":{"@type":"EntryPoint","urlTemplate":"https:\/\/parlo-italiano.cz\/?s={search_term_string}"},"query-input":{"@type":"PropertyValueSpecification","valueRequired":true,"valueName":"search_term_string"}}],"inLanguage":"cs"},{"@type":"Organization","@id":"https:\/\/parlo-italiano.cz\/#organization","name":"Istituto Italiano di Cultura Praga","url":"https:\/\/parlo-italiano.cz\/","logo":{"@type":"ImageObject","inLanguage":"cs","@id":"https:\/\/parlo-italiano.cz\/#\/schema\/logo\/image\/","url":"https:\/\/parlo-italiano.cz\/wp-content\/uploads\/2020\/03\/logo_iic.png","contentUrl":"https:\/\/parlo-italiano.cz\/wp-content\/uploads\/2020\/03\/logo_iic.png","width":230,"height":130,"caption":"Istituto Italiano di Cultura Praga"},"image":{"@id":"https:\/\/parlo-italiano.cz\/#\/schema\/logo\/image\/"}}]}},"_links":{"self":[{"href":"https:\/\/parlo-italiano.cz\/cs\/wp-json\/wp\/v2\/product\/32905","targetHints":{"allow":["GET"]}}],"collection":[{"href":"https:\/\/parlo-italiano.cz\/cs\/wp-json\/wp\/v2\/product"}],"about":[{"href":"https:\/\/parlo-italiano.cz\/cs\/wp-json\/wp\/v2\/types\/product"}],"wp:featuredmedia":[{"embeddable":true,"href":"https:\/\/parlo-italiano.cz\/cs\/wp-json\/wp\/v2\/media\/32908"}],"wp:attachment":[{"href":"https:\/\/parlo-italiano.cz\/cs\/wp-json\/wp\/v2\/media?parent=32905"}],"wp:term":[{"taxonomy":"product_brand","embeddable":true,"href":"https:\/\/parlo-italiano.cz\/cs\/wp-json\/wp\/v2\/product_brand?post=32905"},{"taxonomy":"product_cat","embeddable":true,"href":"https:\/\/parlo-italiano.cz\/cs\/wp-json\/wp\/v2\/product_cat?post=32905"},{"taxonomy":"product_tag","embeddable":true,"href":"https:\/\/parlo-italiano.cz\/cs\/wp-json\/wp\/v2\/product_tag?post=32905"}],"curies":[{"name":"wp","href":"https:\/\/api.w.org\/{rel}","templated":true}]}}