{"id":32955,"date":"2026-04-11T22:13:56","date_gmt":"2026-04-11T20:13:56","guid":{"rendered":"https:\/\/parlo-italiano.cz\/?post_type=product&#038;p=32955"},"modified":"2026-04-12T12:18:05","modified_gmt":"2026-04-12T10:18:05","slug":"a1-f-kveten-cerven-online","status":"publish","type":"product","link":"https:\/\/parlo-italiano.cz\/cs\/kategorie-kurzy-kveten-cerven\/a1-f-kveten-cerven-online\/","title":{"rendered":"A1 F kv\u011bten\/\u010derven &#8211; online"},"content":{"rendered":"","protected":false},"excerpt":{"rendered":"<p><strong>\u00darove\u0148<\/strong>: A1.a<br \/>\n<strong>Doch\u00e1zka:<\/strong> 1x t\u00fddn\u011b<br \/>\n<strong>Cena za 4 lekce (= 8 hodin):<\/strong> 1650 CZK<\/p>\n<p><strong>Kurz A1&#8243;F&#8220;<\/strong> je POSILOVAC\u00cd kurz \u00farovn\u011b A1.a.<br \/>\nJe ur\u010den <strong>fale\u0161n\u00fdm za\u010d\u00e1te\u010dn\u00edk\u016fm<\/strong>, student\u016fm, kte\u0159\u00ed ji\u017e za\u010dali studovat ital\u0161tinu a cht\u011bj\u00ed pos\u00edlit z\u00e1klady:<br \/>\np\u0159edstavit se, objednat si n\u011bco v kav\u00e1rn\u011b, mluvit o voln\u00e9m \u010dase&#8230; (se slovesy v p\u0159\u00edtomn\u00e9m \u010dase)<\/p>\n","protected":false},"featured_media":24467,"template":"","meta":[],"product_brand":[],"product_cat":[969],"product_tag":[],"class_list":{"0":"post-32955","1":"product","2":"type-product","3":"status-publish","4":"has-post-thumbnail","6":"product_cat-kategorie-kurzy-kveten-cerven","8":"first","9":"instock","10":"sold-individually","11":"shipping-taxable","12":"purchasable","13":"product-type-variable","14":"has-default-attributes"},"yoast_head":"<!-- This site is optimized with the Yoast SEO plugin v27.3 - https:\/\/yoast.com\/product\/yoast-seo-wordpress\/ -->\n<title>A1 F kv\u011bten\/\u010derven - online - Parlo Italiano<\/title>\n<meta name=\"robots\" content=\"index, follow, max-snippet:-1, max-image-preview:large, max-video-preview:-1\" \/>\n<link rel=\"canonical\" href=\"https:\/\/parlo-italiano.cz\/cs\/kategorie-kurzy-kveten-cerven\/a1-f-kveten-cerven-online\/\" \/>\n<meta property=\"og:locale\" content=\"cs_CZ\" \/>\n<meta property=\"og:type\" content=\"article\" \/>\n<meta property=\"og:title\" content=\"A1 F kv\u011bten\/\u010derven - online - Parlo Italiano\" \/>\n<meta property=\"og:description\" content=\"\u00darove\u0148: A1.a Doch\u00e1zka: 1x t\u00fddn\u011b Cena za 4 lekce (= 8 hodin): 1650 CZK  Kurz A1&quot;F&quot; je POSILOVAC\u00cd kurz \u00farovn\u011b A1.a. Je ur\u010den fale\u0161n\u00fdm za\u010d\u00e1te\u010dn\u00edk\u016fm, student\u016fm, kte\u0159\u00ed ji\u017e za\u010dali studovat ital\u0161tinu a cht\u011bj\u00ed pos\u00edlit z\u00e1klady: p\u0159edstavit se, objednat si n\u011bco v kav\u00e1rn\u011b, mluvit o voln\u00e9m \u010dase... (se slovesy v p\u0159\u00edtomn\u00e9m \u010dase)\" \/>\n<meta property=\"og:url\" content=\"https:\/\/parlo-italiano.cz\/cs\/kategorie-kurzy-kveten-cerven\/a1-f-kveten-cerven-online\/\" \/>\n<meta property=\"og:site_name\" content=\"Parlo Italiano\" \/>\n<meta property=\"article:modified_time\" content=\"2026-04-12T10:18:05+00:00\" \/>\n<meta property=\"og:image\" content=\"https:\/\/parlo-italiano.cz\/wp-content\/uploads\/2023\/03\/siena-g51de2c973_1920.jpg\" \/>\n\t<meta property=\"og:image:width\" content=\"1920\" \/>\n\t<meta property=\"og:image:height\" content=\"1285\" \/>\n\t<meta property=\"og:image:type\" content=\"image\/jpeg\" \/>\n<meta name=\"twitter:card\" content=\"summary_large_image\" \/>\n<meta name=\"twitter:label1\" content=\"Odhadovan\u00e1 doba \u010dten\u00ed\" \/>\n\t<meta name=\"twitter:data1\" content=\"1 minuta\" \/>\n<script type=\"application\/ld+json\" class=\"yoast-schema-graph\">{\"@context\":\"https:\\\/\\\/schema.org\",\"@graph\":[{\"@type\":\"WebPage\",\"@id\":\"https:\\\/\\\/parlo-italiano.cz\\\/cs\\\/kategorie-kurzy-kveten-cerven\\\/a1-f-kveten-cerven-online\\\/\",\"url\":\"https:\\\/\\\/parlo-italiano.cz\\\/cs\\\/kategorie-kurzy-kveten-cerven\\\/a1-f-kveten-cerven-online\\\/\",\"name\":\"A1 F kv\u011bten\\\/\u010derven - online - Parlo Italiano\",\"isPartOf\":{\"@id\":\"https:\\\/\\\/parlo-italiano.cz\\\/#website\"},\"primaryImageOfPage\":{\"@id\":\"https:\\\/\\\/parlo-italiano.cz\\\/cs\\\/kategorie-kurzy-kveten-cerven\\\/a1-f-kveten-cerven-online\\\/#primaryimage\"},\"image\":{\"@id\":\"https:\\\/\\\/parlo-italiano.cz\\\/cs\\\/kategorie-kurzy-kveten-cerven\\\/a1-f-kveten-cerven-online\\\/#primaryimage\"},\"thumbnailUrl\":\"https:\\\/\\\/parlo-italiano.cz\\\/wp-content\\\/uploads\\\/2023\\\/03\\\/siena-g51de2c973_1920.jpg\",\"datePublished\":\"2026-04-11T20:13:56+00:00\",\"dateModified\":\"2026-04-12T10:18:05+00:00\",\"breadcrumb\":{\"@id\":\"https:\\\/\\\/parlo-italiano.cz\\\/cs\\\/kategorie-kurzy-kveten-cerven\\\/a1-f-kveten-cerven-online\\\/#breadcrumb\"},\"inLanguage\":\"cs\",\"potentialAction\":[{\"@type\":\"ReadAction\",\"target\":[\"https:\\\/\\\/parlo-italiano.cz\\\/cs\\\/kategorie-kurzy-kveten-cerven\\\/a1-f-kveten-cerven-online\\\/\"]}]},{\"@type\":\"ImageObject\",\"inLanguage\":\"cs\",\"@id\":\"https:\\\/\\\/parlo-italiano.cz\\\/cs\\\/kategorie-kurzy-kveten-cerven\\\/a1-f-kveten-cerven-online\\\/#primaryimage\",\"url\":\"https:\\\/\\\/parlo-italiano.cz\\\/wp-content\\\/uploads\\\/2023\\\/03\\\/siena-g51de2c973_1920.jpg\",\"contentUrl\":\"https:\\\/\\\/parlo-italiano.cz\\\/wp-content\\\/uploads\\\/2023\\\/03\\\/siena-g51de2c973_1920.jpg\",\"width\":1920,\"height\":1285},{\"@type\":\"BreadcrumbList\",\"@id\":\"https:\\\/\\\/parlo-italiano.cz\\\/cs\\\/kategorie-kurzy-kveten-cerven\\\/a1-f-kveten-cerven-online\\\/#breadcrumb\",\"itemListElement\":[{\"@type\":\"ListItem\",\"position\":1,\"name\":\"Home\",\"item\":\"https:\\\/\\\/parlo-italiano.cz\\\/cs\\\/\"},{\"@type\":\"ListItem\",\"position\":2,\"name\":\"Kurzy\",\"item\":\"https:\\\/\\\/parlo-italiano.cz\\\/cs\\\/kurzy\\\/\"},{\"@type\":\"ListItem\",\"position\":3,\"name\":\"A1 F kv\u011bten\\\/\u010derven &#8211; online\"}]},{\"@type\":\"WebSite\",\"@id\":\"https:\\\/\\\/parlo-italiano.cz\\\/#website\",\"url\":\"https:\\\/\\\/parlo-italiano.cz\\\/\",\"name\":\"Parlo Italiano\",\"description\":\"Corsi di lingua italiana\",\"publisher\":{\"@id\":\"https:\\\/\\\/parlo-italiano.cz\\\/#organization\"},\"potentialAction\":[{\"@type\":\"SearchAction\",\"target\":{\"@type\":\"EntryPoint\",\"urlTemplate\":\"https:\\\/\\\/parlo-italiano.cz\\\/?s={search_term_string}\"},\"query-input\":{\"@type\":\"PropertyValueSpecification\",\"valueRequired\":true,\"valueName\":\"search_term_string\"}}],\"inLanguage\":\"cs\"},{\"@type\":\"Organization\",\"@id\":\"https:\\\/\\\/parlo-italiano.cz\\\/#organization\",\"name\":\"Istituto Italiano di Cultura Praga\",\"url\":\"https:\\\/\\\/parlo-italiano.cz\\\/\",\"logo\":{\"@type\":\"ImageObject\",\"inLanguage\":\"cs\",\"@id\":\"https:\\\/\\\/parlo-italiano.cz\\\/#\\\/schema\\\/logo\\\/image\\\/\",\"url\":\"https:\\\/\\\/parlo-italiano.cz\\\/wp-content\\\/uploads\\\/2020\\\/03\\\/logo_iic.png\",\"contentUrl\":\"https:\\\/\\\/parlo-italiano.cz\\\/wp-content\\\/uploads\\\/2020\\\/03\\\/logo_iic.png\",\"width\":230,\"height\":130,\"caption\":\"Istituto Italiano di Cultura Praga\"},\"image\":{\"@id\":\"https:\\\/\\\/parlo-italiano.cz\\\/#\\\/schema\\\/logo\\\/image\\\/\"}}]}<\/script>\n<!-- \/ Yoast SEO plugin. -->","yoast_head_json":{"title":"A1 F kv\u011bten\/\u010derven - online - Parlo Italiano","robots":{"index":"index","follow":"follow","max-snippet":"max-snippet:-1","max-image-preview":"max-image-preview:large","max-video-preview":"max-video-preview:-1"},"canonical":"https:\/\/parlo-italiano.cz\/cs\/kategorie-kurzy-kveten-cerven\/a1-f-kveten-cerven-online\/","og_locale":"cs_CZ","og_type":"article","og_title":"A1 F kv\u011bten\/\u010derven - online - Parlo Italiano","og_description":"\u00darove\u0148: A1.a Doch\u00e1zka: 1x t\u00fddn\u011b Cena za 4 lekce (= 8 hodin): 1650 CZK  Kurz A1\"F\" je POSILOVAC\u00cd kurz \u00farovn\u011b A1.a. Je ur\u010den fale\u0161n\u00fdm za\u010d\u00e1te\u010dn\u00edk\u016fm, student\u016fm, kte\u0159\u00ed ji\u017e za\u010dali studovat ital\u0161tinu a cht\u011bj\u00ed pos\u00edlit z\u00e1klady: p\u0159edstavit se, objednat si n\u011bco v kav\u00e1rn\u011b, mluvit o voln\u00e9m \u010dase... (se slovesy v p\u0159\u00edtomn\u00e9m \u010dase)","og_url":"https:\/\/parlo-italiano.cz\/cs\/kategorie-kurzy-kveten-cerven\/a1-f-kveten-cerven-online\/","og_site_name":"Parlo Italiano","article_modified_time":"2026-04-12T10:18:05+00:00","og_image":[{"width":1920,"height":1285,"url":"https:\/\/parlo-italiano.cz\/wp-content\/uploads\/2023\/03\/siena-g51de2c973_1920.jpg","type":"image\/jpeg"}],"twitter_card":"summary_large_image","twitter_misc":{"Odhadovan\u00e1 doba \u010dten\u00ed":"1 minuta"},"schema":{"@context":"https:\/\/schema.org","@graph":[{"@type":"WebPage","@id":"https:\/\/parlo-italiano.cz\/cs\/kategorie-kurzy-kveten-cerven\/a1-f-kveten-cerven-online\/","url":"https:\/\/parlo-italiano.cz\/cs\/kategorie-kurzy-kveten-cerven\/a1-f-kveten-cerven-online\/","name":"A1 F kv\u011bten\/\u010derven - online - Parlo Italiano","isPartOf":{"@id":"https:\/\/parlo-italiano.cz\/#website"},"primaryImageOfPage":{"@id":"https:\/\/parlo-italiano.cz\/cs\/kategorie-kurzy-kveten-cerven\/a1-f-kveten-cerven-online\/#primaryimage"},"image":{"@id":"https:\/\/parlo-italiano.cz\/cs\/kategorie-kurzy-kveten-cerven\/a1-f-kveten-cerven-online\/#primaryimage"},"thumbnailUrl":"https:\/\/parlo-italiano.cz\/wp-content\/uploads\/2023\/03\/siena-g51de2c973_1920.jpg","datePublished":"2026-04-11T20:13:56+00:00","dateModified":"2026-04-12T10:18:05+00:00","breadcrumb":{"@id":"https:\/\/parlo-italiano.cz\/cs\/kategorie-kurzy-kveten-cerven\/a1-f-kveten-cerven-online\/#breadcrumb"},"inLanguage":"cs","potentialAction":[{"@type":"ReadAction","target":["https:\/\/parlo-italiano.cz\/cs\/kategorie-kurzy-kveten-cerven\/a1-f-kveten-cerven-online\/"]}]},{"@type":"ImageObject","inLanguage":"cs","@id":"https:\/\/parlo-italiano.cz\/cs\/kategorie-kurzy-kveten-cerven\/a1-f-kveten-cerven-online\/#primaryimage","url":"https:\/\/parlo-italiano.cz\/wp-content\/uploads\/2023\/03\/siena-g51de2c973_1920.jpg","contentUrl":"https:\/\/parlo-italiano.cz\/wp-content\/uploads\/2023\/03\/siena-g51de2c973_1920.jpg","width":1920,"height":1285},{"@type":"BreadcrumbList","@id":"https:\/\/parlo-italiano.cz\/cs\/kategorie-kurzy-kveten-cerven\/a1-f-kveten-cerven-online\/#breadcrumb","itemListElement":[{"@type":"ListItem","position":1,"name":"Home","item":"https:\/\/parlo-italiano.cz\/cs\/"},{"@type":"ListItem","position":2,"name":"Kurzy","item":"https:\/\/parlo-italiano.cz\/cs\/kurzy\/"},{"@type":"ListItem","position":3,"name":"A1 F kv\u011bten\/\u010derven &#8211; online"}]},{"@type":"WebSite","@id":"https:\/\/parlo-italiano.cz\/#website","url":"https:\/\/parlo-italiano.cz\/","name":"Parlo Italiano","description":"Corsi di lingua italiana","publisher":{"@id":"https:\/\/parlo-italiano.cz\/#organization"},"potentialAction":[{"@type":"SearchAction","target":{"@type":"EntryPoint","urlTemplate":"https:\/\/parlo-italiano.cz\/?s={search_term_string}"},"query-input":{"@type":"PropertyValueSpecification","valueRequired":true,"valueName":"search_term_string"}}],"inLanguage":"cs"},{"@type":"Organization","@id":"https:\/\/parlo-italiano.cz\/#organization","name":"Istituto Italiano di Cultura Praga","url":"https:\/\/parlo-italiano.cz\/","logo":{"@type":"ImageObject","inLanguage":"cs","@id":"https:\/\/parlo-italiano.cz\/#\/schema\/logo\/image\/","url":"https:\/\/parlo-italiano.cz\/wp-content\/uploads\/2020\/03\/logo_iic.png","contentUrl":"https:\/\/parlo-italiano.cz\/wp-content\/uploads\/2020\/03\/logo_iic.png","width":230,"height":130,"caption":"Istituto Italiano di Cultura Praga"},"image":{"@id":"https:\/\/parlo-italiano.cz\/#\/schema\/logo\/image\/"}}]}},"_links":{"self":[{"href":"https:\/\/parlo-italiano.cz\/cs\/wp-json\/wp\/v2\/product\/32955","targetHints":{"allow":["GET"]}}],"collection":[{"href":"https:\/\/parlo-italiano.cz\/cs\/wp-json\/wp\/v2\/product"}],"about":[{"href":"https:\/\/parlo-italiano.cz\/cs\/wp-json\/wp\/v2\/types\/product"}],"wp:featuredmedia":[{"embeddable":true,"href":"https:\/\/parlo-italiano.cz\/cs\/wp-json\/wp\/v2\/media\/24467"}],"wp:attachment":[{"href":"https:\/\/parlo-italiano.cz\/cs\/wp-json\/wp\/v2\/media?parent=32955"}],"wp:term":[{"taxonomy":"product_brand","embeddable":true,"href":"https:\/\/parlo-italiano.cz\/cs\/wp-json\/wp\/v2\/product_brand?post=32955"},{"taxonomy":"product_cat","embeddable":true,"href":"https:\/\/parlo-italiano.cz\/cs\/wp-json\/wp\/v2\/product_cat?post=32955"},{"taxonomy":"product_tag","embeddable":true,"href":"https:\/\/parlo-italiano.cz\/cs\/wp-json\/wp\/v2\/product_tag?post=32955"}],"curies":[{"name":"wp","href":"https:\/\/api.w.org\/{rel}","templated":true}]}}