{"id":33337,"date":"2026-05-08T23:23:47","date_gmt":"2026-05-08T21:23:47","guid":{"rendered":"https:\/\/parlo-italiano.cz\/?post_type=product&#038;p=33337"},"modified":"2026-05-08T23:48:11","modified_gmt":"2026-05-08T21:48:11","slug":"il-bel-paese-cesty-dejinami-italskeho-umeni-ctvrty-modul","status":"publish","type":"product","link":"https:\/\/parlo-italiano.cz\/cs\/kategorie-specialni-kurzy\/il-bel-paese-cesty-dejinami-italskeho-umeni-ctvrty-modul\/","title":{"rendered":"IL BEL PAESE \u2013 Cesty d\u011bjinami ITALSK\u00c9HO UM\u011aN\u00cd \u2013 \u010dtvrt\u00fd modul"},"content":{"rendered":"","protected":false},"excerpt":{"rendered":"<p>Program IL BEL PAESE \u2013 Cesty d\u011bjinami italsk\u00e9ho um\u011bn\u00ed pokra\u010duje od 25.05.2026 \u010dtvrt\u00fdm modulem:<\/p>\n<h5>B\u00c1JE\u010cN\u00c9 BAROKO<\/h5>\n<p>Pond\u011bl\u00ed 25.05.2026:<br \/>\n<em><strong>Lorenzo Bernini a triumf barokn\u00edho socha\u0159stv\u00ed<\/strong><\/em><\/p>\n<p>Pond\u011bl\u00ed 01.06.2026:<br \/>\n<em><strong>\u0158\u00edm na sc\u00e9n\u011b: architektura, moc a \u00fa\u017eas v barokn\u00ed \u00e9\u0159e<\/strong><\/em><\/p>\n<p>Pond\u011bl\u00ed 15.06.2026:<br \/>\n<em><strong>Caravaggio: sv\u011btlo v propasti<\/strong><\/em><\/p>\n<p><strong>\u010cas:<\/strong> 17:45 \u2013 19:45<br \/>\n<strong>M\u00edsto kon\u00e1n\u00ed<\/strong>: Italsk\u00fd kulturn\u00ed institut, \u0160porkova 14 (konferen\u010dn\u00ed s\u00e1l \u2013 1. patro)<\/p>\n<p><strong>Cena <\/strong>za t\u0159i lekce: <strong>K\u010d 2.400,00<\/strong><br \/>\n<strong>Cena<\/strong> za jednu lekci: <strong>K\u010d 900,00<\/strong><\/p>\n<p>Lektor, dr. Flavio R. G. Mela, je k dispozici student\u016fm pro zasl\u00e1n\u00ed materi\u00e1l\u016f z ka\u017ed\u00e9 lekce v digit\u00e1ln\u00ed podob\u011b.<\/p>\n<p>Pro <strong>p\u0159ihl\u00e1\u0161en\u00ed<\/strong> sta\u010d\u00ed napsat na sekretari\u00e1t kurz\u016f: <a href=\"mailto:info@parlo-italiano.cz\">info@parlo-italiano.cz<\/a>.<br \/>\nTelefon: (+0420) 734 744 490<\/p>\n<p><span>Po. 11.00 -13.00<\/span><br \/>\n<span>\u00dat. 12.00 -14.00<\/span><br \/>\n<span>St. 11.00 -13.00<\/span><br \/>\n<span>\u010ct. 12.00 -14.00<\/span><\/p>\n","protected":false},"featured_media":33340,"template":"","meta":[],"product_brand":[],"product_cat":[205],"product_tag":[],"class_list":{"0":"post-33337","1":"product","2":"type-product","3":"status-publish","4":"has-post-thumbnail","6":"product_cat-kategorie-specialni-kurzy","8":"first","9":"instock","10":"shipping-taxable","11":"product-type-simple"},"yoast_head":"<!-- This site is optimized with the Yoast SEO plugin v27.5 - https:\/\/yoast.com\/product\/yoast-seo-wordpress\/ -->\n<title>IL BEL PAESE \u2013 Cesty d\u011bjinami ITALSK\u00c9HO UM\u011aN\u00cd \u2013 \u010dtvrt\u00fd modul - Parlo Italiano<\/title>\n<meta name=\"description\" content=\"Pro milovn\u00edky italsk\u00e9ho um\u011bn\u00ed \u2013 Pro ty, kte\u0159\u00ed cht\u011bj\u00ed zlep\u0161it svou ital\u0161tinu prost\u0159ednictv\u00edm um\u011bn\u00ed: Prvn\u00ed 3 lekce od 24. listopadu do 8. prosince!\" \/>\n<meta name=\"robots\" content=\"index, follow, max-snippet:-1, max-image-preview:large, max-video-preview:-1\" \/>\n<link rel=\"canonical\" href=\"https:\/\/parlo-italiano.cz\/cs\/kategorie-specialni-kurzy\/il-bel-paese-cesty-dejinami-italskeho-umeni-ctvrty-modul\/\" \/>\n<meta property=\"og:locale\" content=\"cs_CZ\" \/>\n<meta property=\"og:type\" content=\"article\" \/>\n<meta property=\"og:title\" content=\"IL BEL PAESE \u2013 Cesty d\u011bjinami ITALSK\u00c9HO UM\u011aN\u00cd \u2013 \u010dtvrt\u00fd modul - Parlo Italiano\" \/>\n<meta property=\"og:description\" content=\"Pro milovn\u00edky italsk\u00e9ho um\u011bn\u00ed \u2013 Pro ty, kte\u0159\u00ed cht\u011bj\u00ed zlep\u0161it svou ital\u0161tinu prost\u0159ednictv\u00edm um\u011bn\u00ed: Prvn\u00ed 3 lekce od 24. listopadu do 8. prosince!\" \/>\n<meta property=\"og:url\" content=\"https:\/\/parlo-italiano.cz\/cs\/kategorie-specialni-kurzy\/il-bel-paese-cesty-dejinami-italskeho-umeni-ctvrty-modul\/\" \/>\n<meta property=\"og:site_name\" content=\"Parlo Italiano\" \/>\n<meta property=\"article:modified_time\" content=\"2026-05-08T21:48:11+00:00\" \/>\n<meta property=\"og:image\" content=\"https:\/\/parlo-italiano.cz\/wp-content\/uploads\/2026\/05\/PHOTO-2026-05-08-16-13-48.jpg\" \/>\n\t<meta property=\"og:image:width\" content=\"1080\" \/>\n\t<meta property=\"og:image:height\" content=\"1350\" \/>\n\t<meta property=\"og:image:type\" content=\"image\/jpeg\" \/>\n<meta name=\"twitter:card\" content=\"summary_large_image\" \/>\n<meta name=\"twitter:label1\" content=\"Odhadovan\u00e1 doba \u010dten\u00ed\" \/>\n\t<meta name=\"twitter:data1\" content=\"1 minuta\" \/>\n<script type=\"application\/ld+json\" class=\"yoast-schema-graph\">{\"@context\":\"https:\\\/\\\/schema.org\",\"@graph\":[{\"@type\":\"WebPage\",\"@id\":\"https:\\\/\\\/parlo-italiano.cz\\\/cs\\\/kategorie-specialni-kurzy\\\/il-bel-paese-cesty-dejinami-italskeho-umeni-ctvrty-modul\\\/\",\"url\":\"https:\\\/\\\/parlo-italiano.cz\\\/cs\\\/kategorie-specialni-kurzy\\\/il-bel-paese-cesty-dejinami-italskeho-umeni-ctvrty-modul\\\/\",\"name\":\"IL BEL PAESE \u2013 Cesty d\u011bjinami ITALSK\u00c9HO UM\u011aN\u00cd \u2013 \u010dtvrt\u00fd modul - Parlo Italiano\",\"isPartOf\":{\"@id\":\"https:\\\/\\\/parlo-italiano.cz\\\/#website\"},\"primaryImageOfPage\":{\"@id\":\"https:\\\/\\\/parlo-italiano.cz\\\/cs\\\/kategorie-specialni-kurzy\\\/il-bel-paese-cesty-dejinami-italskeho-umeni-ctvrty-modul\\\/#primaryimage\"},\"image\":{\"@id\":\"https:\\\/\\\/parlo-italiano.cz\\\/cs\\\/kategorie-specialni-kurzy\\\/il-bel-paese-cesty-dejinami-italskeho-umeni-ctvrty-modul\\\/#primaryimage\"},\"thumbnailUrl\":\"https:\\\/\\\/parlo-italiano.cz\\\/wp-content\\\/uploads\\\/2026\\\/05\\\/PHOTO-2026-05-08-16-13-48.jpg\",\"datePublished\":\"2026-05-08T21:23:47+00:00\",\"dateModified\":\"2026-05-08T21:48:11+00:00\",\"description\":\"Pro milovn\u00edky italsk\u00e9ho um\u011bn\u00ed \u2013 Pro ty, kte\u0159\u00ed cht\u011bj\u00ed zlep\u0161it svou ital\u0161tinu prost\u0159ednictv\u00edm um\u011bn\u00ed: Prvn\u00ed 3 lekce od 24. listopadu do 8. prosince!\",\"breadcrumb\":{\"@id\":\"https:\\\/\\\/parlo-italiano.cz\\\/cs\\\/kategorie-specialni-kurzy\\\/il-bel-paese-cesty-dejinami-italskeho-umeni-ctvrty-modul\\\/#breadcrumb\"},\"inLanguage\":\"cs\",\"potentialAction\":[{\"@type\":\"ReadAction\",\"target\":[\"https:\\\/\\\/parlo-italiano.cz\\\/cs\\\/kategorie-specialni-kurzy\\\/il-bel-paese-cesty-dejinami-italskeho-umeni-ctvrty-modul\\\/\"]}]},{\"@type\":\"ImageObject\",\"inLanguage\":\"cs\",\"@id\":\"https:\\\/\\\/parlo-italiano.cz\\\/cs\\\/kategorie-specialni-kurzy\\\/il-bel-paese-cesty-dejinami-italskeho-umeni-ctvrty-modul\\\/#primaryimage\",\"url\":\"https:\\\/\\\/parlo-italiano.cz\\\/wp-content\\\/uploads\\\/2026\\\/05\\\/PHOTO-2026-05-08-16-13-48.jpg\",\"contentUrl\":\"https:\\\/\\\/parlo-italiano.cz\\\/wp-content\\\/uploads\\\/2026\\\/05\\\/PHOTO-2026-05-08-16-13-48.jpg\",\"width\":1080,\"height\":1350},{\"@type\":\"BreadcrumbList\",\"@id\":\"https:\\\/\\\/parlo-italiano.cz\\\/cs\\\/kategorie-specialni-kurzy\\\/il-bel-paese-cesty-dejinami-italskeho-umeni-ctvrty-modul\\\/#breadcrumb\",\"itemListElement\":[{\"@type\":\"ListItem\",\"position\":1,\"name\":\"Home\",\"item\":\"https:\\\/\\\/parlo-italiano.cz\\\/cs\\\/\"},{\"@type\":\"ListItem\",\"position\":2,\"name\":\"Kurzy\",\"item\":\"https:\\\/\\\/parlo-italiano.cz\\\/cs\\\/kurzy\\\/\"},{\"@type\":\"ListItem\",\"position\":3,\"name\":\"IL BEL PAESE \u2013 Cesty d\u011bjinami ITALSK\u00c9HO UM\u011aN\u00cd \u2013 \u010dtvrt\u00fd modul\"}]},{\"@type\":\"WebSite\",\"@id\":\"https:\\\/\\\/parlo-italiano.cz\\\/#website\",\"url\":\"https:\\\/\\\/parlo-italiano.cz\\\/\",\"name\":\"Parlo Italiano\",\"description\":\"Corsi di lingua italiana\",\"publisher\":{\"@id\":\"https:\\\/\\\/parlo-italiano.cz\\\/#organization\"},\"potentialAction\":[{\"@type\":\"SearchAction\",\"target\":{\"@type\":\"EntryPoint\",\"urlTemplate\":\"https:\\\/\\\/parlo-italiano.cz\\\/?s={search_term_string}\"},\"query-input\":{\"@type\":\"PropertyValueSpecification\",\"valueRequired\":true,\"valueName\":\"search_term_string\"}}],\"inLanguage\":\"cs\"},{\"@type\":\"Organization\",\"@id\":\"https:\\\/\\\/parlo-italiano.cz\\\/#organization\",\"name\":\"Istituto Italiano di Cultura Praga\",\"url\":\"https:\\\/\\\/parlo-italiano.cz\\\/\",\"logo\":{\"@type\":\"ImageObject\",\"inLanguage\":\"cs\",\"@id\":\"https:\\\/\\\/parlo-italiano.cz\\\/#\\\/schema\\\/logo\\\/image\\\/\",\"url\":\"https:\\\/\\\/parlo-italiano.cz\\\/wp-content\\\/uploads\\\/2020\\\/03\\\/logo_iic.png\",\"contentUrl\":\"https:\\\/\\\/parlo-italiano.cz\\\/wp-content\\\/uploads\\\/2020\\\/03\\\/logo_iic.png\",\"width\":230,\"height\":130,\"caption\":\"Istituto Italiano di Cultura Praga\"},\"image\":{\"@id\":\"https:\\\/\\\/parlo-italiano.cz\\\/#\\\/schema\\\/logo\\\/image\\\/\"}}]}<\/script>\n<!-- \/ Yoast SEO plugin. -->","yoast_head_json":{"title":"IL BEL PAESE \u2013 Cesty d\u011bjinami ITALSK\u00c9HO UM\u011aN\u00cd \u2013 \u010dtvrt\u00fd modul - Parlo Italiano","description":"Pro milovn\u00edky italsk\u00e9ho um\u011bn\u00ed \u2013 Pro ty, kte\u0159\u00ed cht\u011bj\u00ed zlep\u0161it svou ital\u0161tinu prost\u0159ednictv\u00edm um\u011bn\u00ed: Prvn\u00ed 3 lekce od 24. listopadu do 8. prosince!","robots":{"index":"index","follow":"follow","max-snippet":"max-snippet:-1","max-image-preview":"max-image-preview:large","max-video-preview":"max-video-preview:-1"},"canonical":"https:\/\/parlo-italiano.cz\/cs\/kategorie-specialni-kurzy\/il-bel-paese-cesty-dejinami-italskeho-umeni-ctvrty-modul\/","og_locale":"cs_CZ","og_type":"article","og_title":"IL BEL PAESE \u2013 Cesty d\u011bjinami ITALSK\u00c9HO UM\u011aN\u00cd \u2013 \u010dtvrt\u00fd modul - Parlo Italiano","og_description":"Pro milovn\u00edky italsk\u00e9ho um\u011bn\u00ed \u2013 Pro ty, kte\u0159\u00ed cht\u011bj\u00ed zlep\u0161it svou ital\u0161tinu prost\u0159ednictv\u00edm um\u011bn\u00ed: Prvn\u00ed 3 lekce od 24. listopadu do 8. prosince!","og_url":"https:\/\/parlo-italiano.cz\/cs\/kategorie-specialni-kurzy\/il-bel-paese-cesty-dejinami-italskeho-umeni-ctvrty-modul\/","og_site_name":"Parlo Italiano","article_modified_time":"2026-05-08T21:48:11+00:00","og_image":[{"width":1080,"height":1350,"url":"https:\/\/parlo-italiano.cz\/wp-content\/uploads\/2026\/05\/PHOTO-2026-05-08-16-13-48.jpg","type":"image\/jpeg"}],"twitter_card":"summary_large_image","twitter_misc":{"Odhadovan\u00e1 doba \u010dten\u00ed":"1 minuta"},"schema":{"@context":"https:\/\/schema.org","@graph":[{"@type":"WebPage","@id":"https:\/\/parlo-italiano.cz\/cs\/kategorie-specialni-kurzy\/il-bel-paese-cesty-dejinami-italskeho-umeni-ctvrty-modul\/","url":"https:\/\/parlo-italiano.cz\/cs\/kategorie-specialni-kurzy\/il-bel-paese-cesty-dejinami-italskeho-umeni-ctvrty-modul\/","name":"IL BEL PAESE \u2013 Cesty d\u011bjinami ITALSK\u00c9HO UM\u011aN\u00cd \u2013 \u010dtvrt\u00fd modul - Parlo Italiano","isPartOf":{"@id":"https:\/\/parlo-italiano.cz\/#website"},"primaryImageOfPage":{"@id":"https:\/\/parlo-italiano.cz\/cs\/kategorie-specialni-kurzy\/il-bel-paese-cesty-dejinami-italskeho-umeni-ctvrty-modul\/#primaryimage"},"image":{"@id":"https:\/\/parlo-italiano.cz\/cs\/kategorie-specialni-kurzy\/il-bel-paese-cesty-dejinami-italskeho-umeni-ctvrty-modul\/#primaryimage"},"thumbnailUrl":"https:\/\/parlo-italiano.cz\/wp-content\/uploads\/2026\/05\/PHOTO-2026-05-08-16-13-48.jpg","datePublished":"2026-05-08T21:23:47+00:00","dateModified":"2026-05-08T21:48:11+00:00","description":"Pro milovn\u00edky italsk\u00e9ho um\u011bn\u00ed \u2013 Pro ty, kte\u0159\u00ed cht\u011bj\u00ed zlep\u0161it svou ital\u0161tinu prost\u0159ednictv\u00edm um\u011bn\u00ed: Prvn\u00ed 3 lekce od 24. listopadu do 8. prosince!","breadcrumb":{"@id":"https:\/\/parlo-italiano.cz\/cs\/kategorie-specialni-kurzy\/il-bel-paese-cesty-dejinami-italskeho-umeni-ctvrty-modul\/#breadcrumb"},"inLanguage":"cs","potentialAction":[{"@type":"ReadAction","target":["https:\/\/parlo-italiano.cz\/cs\/kategorie-specialni-kurzy\/il-bel-paese-cesty-dejinami-italskeho-umeni-ctvrty-modul\/"]}]},{"@type":"ImageObject","inLanguage":"cs","@id":"https:\/\/parlo-italiano.cz\/cs\/kategorie-specialni-kurzy\/il-bel-paese-cesty-dejinami-italskeho-umeni-ctvrty-modul\/#primaryimage","url":"https:\/\/parlo-italiano.cz\/wp-content\/uploads\/2026\/05\/PHOTO-2026-05-08-16-13-48.jpg","contentUrl":"https:\/\/parlo-italiano.cz\/wp-content\/uploads\/2026\/05\/PHOTO-2026-05-08-16-13-48.jpg","width":1080,"height":1350},{"@type":"BreadcrumbList","@id":"https:\/\/parlo-italiano.cz\/cs\/kategorie-specialni-kurzy\/il-bel-paese-cesty-dejinami-italskeho-umeni-ctvrty-modul\/#breadcrumb","itemListElement":[{"@type":"ListItem","position":1,"name":"Home","item":"https:\/\/parlo-italiano.cz\/cs\/"},{"@type":"ListItem","position":2,"name":"Kurzy","item":"https:\/\/parlo-italiano.cz\/cs\/kurzy\/"},{"@type":"ListItem","position":3,"name":"IL BEL PAESE \u2013 Cesty d\u011bjinami ITALSK\u00c9HO UM\u011aN\u00cd \u2013 \u010dtvrt\u00fd modul"}]},{"@type":"WebSite","@id":"https:\/\/parlo-italiano.cz\/#website","url":"https:\/\/parlo-italiano.cz\/","name":"Parlo Italiano","description":"Corsi di lingua italiana","publisher":{"@id":"https:\/\/parlo-italiano.cz\/#organization"},"potentialAction":[{"@type":"SearchAction","target":{"@type":"EntryPoint","urlTemplate":"https:\/\/parlo-italiano.cz\/?s={search_term_string}"},"query-input":{"@type":"PropertyValueSpecification","valueRequired":true,"valueName":"search_term_string"}}],"inLanguage":"cs"},{"@type":"Organization","@id":"https:\/\/parlo-italiano.cz\/#organization","name":"Istituto Italiano di Cultura Praga","url":"https:\/\/parlo-italiano.cz\/","logo":{"@type":"ImageObject","inLanguage":"cs","@id":"https:\/\/parlo-italiano.cz\/#\/schema\/logo\/image\/","url":"https:\/\/parlo-italiano.cz\/wp-content\/uploads\/2020\/03\/logo_iic.png","contentUrl":"https:\/\/parlo-italiano.cz\/wp-content\/uploads\/2020\/03\/logo_iic.png","width":230,"height":130,"caption":"Istituto Italiano di Cultura Praga"},"image":{"@id":"https:\/\/parlo-italiano.cz\/#\/schema\/logo\/image\/"}}]}},"_links":{"self":[{"href":"https:\/\/parlo-italiano.cz\/cs\/wp-json\/wp\/v2\/product\/33337","targetHints":{"allow":["GET"]}}],"collection":[{"href":"https:\/\/parlo-italiano.cz\/cs\/wp-json\/wp\/v2\/product"}],"about":[{"href":"https:\/\/parlo-italiano.cz\/cs\/wp-json\/wp\/v2\/types\/product"}],"wp:featuredmedia":[{"embeddable":true,"href":"https:\/\/parlo-italiano.cz\/cs\/wp-json\/wp\/v2\/media\/33340"}],"wp:attachment":[{"href":"https:\/\/parlo-italiano.cz\/cs\/wp-json\/wp\/v2\/media?parent=33337"}],"wp:term":[{"taxonomy":"product_brand","embeddable":true,"href":"https:\/\/parlo-italiano.cz\/cs\/wp-json\/wp\/v2\/product_brand?post=33337"},{"taxonomy":"product_cat","embeddable":true,"href":"https:\/\/parlo-italiano.cz\/cs\/wp-json\/wp\/v2\/product_cat?post=33337"},{"taxonomy":"product_tag","embeddable":true,"href":"https:\/\/parlo-italiano.cz\/cs\/wp-json\/wp\/v2\/product_tag?post=33337"}],"curies":[{"name":"wp","href":"https:\/\/api.w.org\/{rel}","templated":true}]}}