{"id":14498,"date":"2020-07-07T13:56:23","date_gmt":"2020-07-07T13:56:23","guid":{"rendered":"https:\/\/parlo-italiano.com\/?page_id=14498"},"modified":"2023-10-08T21:50:32","modified_gmt":"2023-10-08T19:50:32","slug":"giuliano-mazza","status":"publish","type":"page","link":"https:\/\/parlo-italiano.cz\/en\/giuliano-mazza\/","title":{"rendered":"Giuliano Mazza"},"content":{"rendered":"<section class=\"wpb-content-wrapper\"><p>[vc_row][vc_column][vc_column_text]<p>[\/vc_column_text][\/vc_column][\/vc_row][vc_row][vc_column width=&#8221;1\/2&#8243;][vc_column_text]<\/p>\n<h3>POSITION<\/h3>\n<p>Teacher of Italian for Foreigners at the Italian Cultural Institute in Prague<\/p>\n<h3>WORK EXPERIENCE<\/h3>\n<p>Teacher of Italian for Foreigners at the Italian Cultural Institute in Prague, full time since September 2012. He has been involved in the following activities: preparation and updating of syllabi, tests evaluation and delivery of CILS exams<\/p>\n<p>Teacher of Italian for Foreigners:<br \/>The MLJ\u0160 (International Summer School of Languages), Music Conservatory (2004-2007) and The Western Bohemian University in Pilsen (2004-2011)<br \/>The Societ\u00e0 Dante Alighieri and The Bilingual Grammar School \u00dastavn\u00ed, Prague (2006-2010)<br \/>The Romance Studies Institute of The South Bohemian University in \u010cesk\u00e9 Bud\u011bjovice (2010-2013)<\/p>\n<h3>EDUCATION and TRAINING<\/h3>\n<p>Training courses in teaching of Italian for foreigners and refresher courses for Italian teachers abroad organised by Universit\u00e0 Ca\u2019 Foscari di Venezia (workshop Itals), at the Societ\u00e0 Dante Alighieri and the Dilit of Rome.<br \/>Graduated in Literature and Philosophy Studies from &#8220;Universit\u00e0 degli Studi di Roma La Sapienza&#8221;, final grade 107\/110.<\/p>\n<p>[\/vc_column_text][\/vc_column][vc_column width=&#8221;1\/2&#8243;]<div class=\"edukul-image-box clearfix style-1 text-center\" style=\"\" >\r\n        <div class=\"item\">\r\n            <div class=\"inner\">\r\n                <div class=\"thumb\" style=\"\"><img loading=\"lazy\" decoding=\"async\" width=\"300\" height=\"300\" src=\"https:\/\/parlo-italiano.cz\/wp-content\/uploads\/2020\/04\/giuliano-mazza-_ok.jpg\" class=\"attachment-full size-full\" alt=\"\" srcset=\"https:\/\/parlo-italiano.cz\/wp-content\/uploads\/2020\/04\/giuliano-mazza-_ok.jpg 300w, https:\/\/parlo-italiano.cz\/wp-content\/uploads\/2020\/04\/giuliano-mazza-_ok-100x100.jpg 100w, https:\/\/parlo-italiano.cz\/wp-content\/uploads\/2020\/04\/giuliano-mazza-_ok-150x150.jpg 150w\" sizes=\"auto, (max-width: 300px) 100vw, 300px\" \/> <\/div>\r\n                <div class=\"text-wrap \" style=\"\">\r\n                    <div class=\"text-inner\">  <\/div>\r\n                <\/div>\r\n                \r\n            <\/div>\r\n        <\/div>\r\n    <\/div>\r\n\t<div class=\"edukul-spacer clearfix\" data-desktop=\"20\" data-mobi=\"20\" data-smobi=\"20\"><\/div>[\/vc_column][\/vc_row][vc_row][vc_column][vc_column_text]<\/p>\n[\/vc_column_text][\/vc_column][\/vc_row]<\/p><\/section>","protected":false},"excerpt":{"rendered":"<p>[vc_row][vc_column][vc_column_text][\/vc_column_text][\/vc_column][\/vc_row]<\/p>\n","protected":false},"author":2,"featured_media":0,"parent":0,"menu_order":0,"comment_status":"closed","ping_status":"closed","template":"","meta":{"footnotes":""},"class_list":["post-14498","page","type-page","status-publish","hentry"],"yoast_head":"<!-- This site is optimized with the Yoast SEO plugin v27.3 - https:\/\/yoast.com\/product\/yoast-seo-wordpress\/ -->\n<title>Giuliano Mazza - Parlo Italiano<\/title>\n<meta name=\"robots\" content=\"index, follow, max-snippet:-1, max-image-preview:large, max-video-preview:-1\" \/>\n<link rel=\"canonical\" href=\"https:\/\/parlo-italiano.cz\/en\/giuliano-mazza\/\" \/>\n<meta property=\"og:locale\" content=\"en_US\" \/>\n<meta property=\"og:type\" content=\"article\" \/>\n<meta property=\"og:title\" content=\"Giuliano Mazza - Parlo Italiano\" \/>\n<meta property=\"og:description\" content=\"[vc_row][vc_column][vc_column_text][\/vc_column_text][\/vc_column][\/vc_row]\" \/>\n<meta property=\"og:url\" content=\"https:\/\/parlo-italiano.cz\/en\/giuliano-mazza\/\" \/>\n<meta property=\"og:site_name\" content=\"Parlo Italiano\" \/>\n<meta property=\"article:modified_time\" content=\"2023-10-08T19:50:32+00:00\" \/>\n<meta name=\"twitter:card\" content=\"summary_large_image\" \/>\n<meta name=\"twitter:label1\" content=\"Est. reading time\" \/>\n\t<meta name=\"twitter:data1\" content=\"1 minute\" \/>\n<script type=\"application\/ld+json\" class=\"yoast-schema-graph\">{\"@context\":\"https:\\\/\\\/schema.org\",\"@graph\":[{\"@type\":\"WebPage\",\"@id\":\"https:\\\/\\\/parlo-italiano.cz\\\/en\\\/giuliano-mazza\\\/\",\"url\":\"https:\\\/\\\/parlo-italiano.cz\\\/en\\\/giuliano-mazza\\\/\",\"name\":\"Giuliano Mazza - Parlo Italiano\",\"isPartOf\":{\"@id\":\"https:\\\/\\\/parlo-italiano.cz\\\/#website\"},\"datePublished\":\"2020-07-07T13:56:23+00:00\",\"dateModified\":\"2023-10-08T19:50:32+00:00\",\"breadcrumb\":{\"@id\":\"https:\\\/\\\/parlo-italiano.cz\\\/en\\\/giuliano-mazza\\\/#breadcrumb\"},\"inLanguage\":\"en-US\",\"potentialAction\":[{\"@type\":\"ReadAction\",\"target\":[\"https:\\\/\\\/parlo-italiano.cz\\\/en\\\/giuliano-mazza\\\/\"]}]},{\"@type\":\"BreadcrumbList\",\"@id\":\"https:\\\/\\\/parlo-italiano.cz\\\/en\\\/giuliano-mazza\\\/#breadcrumb\",\"itemListElement\":[{\"@type\":\"ListItem\",\"position\":1,\"name\":\"Home\",\"item\":\"https:\\\/\\\/parlo-italiano.cz\\\/en\\\/\"},{\"@type\":\"ListItem\",\"position\":2,\"name\":\"Giuliano Mazza\"}]},{\"@type\":\"WebSite\",\"@id\":\"https:\\\/\\\/parlo-italiano.cz\\\/#website\",\"url\":\"https:\\\/\\\/parlo-italiano.cz\\\/\",\"name\":\"Parlo Italiano\",\"description\":\"Corsi di lingua italiana\",\"publisher\":{\"@id\":\"https:\\\/\\\/parlo-italiano.cz\\\/#organization\"},\"potentialAction\":[{\"@type\":\"SearchAction\",\"target\":{\"@type\":\"EntryPoint\",\"urlTemplate\":\"https:\\\/\\\/parlo-italiano.cz\\\/?s={search_term_string}\"},\"query-input\":{\"@type\":\"PropertyValueSpecification\",\"valueRequired\":true,\"valueName\":\"search_term_string\"}}],\"inLanguage\":\"en-US\"},{\"@type\":\"Organization\",\"@id\":\"https:\\\/\\\/parlo-italiano.cz\\\/#organization\",\"name\":\"Istituto Italiano di Cultura Praga\",\"url\":\"https:\\\/\\\/parlo-italiano.cz\\\/\",\"logo\":{\"@type\":\"ImageObject\",\"inLanguage\":\"en-US\",\"@id\":\"https:\\\/\\\/parlo-italiano.cz\\\/#\\\/schema\\\/logo\\\/image\\\/\",\"url\":\"https:\\\/\\\/parlo-italiano.cz\\\/wp-content\\\/uploads\\\/2020\\\/03\\\/logo_iic.png\",\"contentUrl\":\"https:\\\/\\\/parlo-italiano.cz\\\/wp-content\\\/uploads\\\/2020\\\/03\\\/logo_iic.png\",\"width\":230,\"height\":130,\"caption\":\"Istituto Italiano di Cultura Praga\"},\"image\":{\"@id\":\"https:\\\/\\\/parlo-italiano.cz\\\/#\\\/schema\\\/logo\\\/image\\\/\"}}]}<\/script>\n<!-- \/ Yoast SEO plugin. -->","yoast_head_json":{"title":"Giuliano Mazza - Parlo Italiano","robots":{"index":"index","follow":"follow","max-snippet":"max-snippet:-1","max-image-preview":"max-image-preview:large","max-video-preview":"max-video-preview:-1"},"canonical":"https:\/\/parlo-italiano.cz\/en\/giuliano-mazza\/","og_locale":"en_US","og_type":"article","og_title":"Giuliano Mazza - Parlo Italiano","og_description":"[vc_row][vc_column][vc_column_text][\/vc_column_text][\/vc_column][\/vc_row]","og_url":"https:\/\/parlo-italiano.cz\/en\/giuliano-mazza\/","og_site_name":"Parlo Italiano","article_modified_time":"2023-10-08T19:50:32+00:00","twitter_card":"summary_large_image","twitter_misc":{"Est. reading time":"1 minute"},"schema":{"@context":"https:\/\/schema.org","@graph":[{"@type":"WebPage","@id":"https:\/\/parlo-italiano.cz\/en\/giuliano-mazza\/","url":"https:\/\/parlo-italiano.cz\/en\/giuliano-mazza\/","name":"Giuliano Mazza - Parlo Italiano","isPartOf":{"@id":"https:\/\/parlo-italiano.cz\/#website"},"datePublished":"2020-07-07T13:56:23+00:00","dateModified":"2023-10-08T19:50:32+00:00","breadcrumb":{"@id":"https:\/\/parlo-italiano.cz\/en\/giuliano-mazza\/#breadcrumb"},"inLanguage":"en-US","potentialAction":[{"@type":"ReadAction","target":["https:\/\/parlo-italiano.cz\/en\/giuliano-mazza\/"]}]},{"@type":"BreadcrumbList","@id":"https:\/\/parlo-italiano.cz\/en\/giuliano-mazza\/#breadcrumb","itemListElement":[{"@type":"ListItem","position":1,"name":"Home","item":"https:\/\/parlo-italiano.cz\/en\/"},{"@type":"ListItem","position":2,"name":"Giuliano Mazza"}]},{"@type":"WebSite","@id":"https:\/\/parlo-italiano.cz\/#website","url":"https:\/\/parlo-italiano.cz\/","name":"Parlo Italiano","description":"Corsi di lingua italiana","publisher":{"@id":"https:\/\/parlo-italiano.cz\/#organization"},"potentialAction":[{"@type":"SearchAction","target":{"@type":"EntryPoint","urlTemplate":"https:\/\/parlo-italiano.cz\/?s={search_term_string}"},"query-input":{"@type":"PropertyValueSpecification","valueRequired":true,"valueName":"search_term_string"}}],"inLanguage":"en-US"},{"@type":"Organization","@id":"https:\/\/parlo-italiano.cz\/#organization","name":"Istituto Italiano di Cultura Praga","url":"https:\/\/parlo-italiano.cz\/","logo":{"@type":"ImageObject","inLanguage":"en-US","@id":"https:\/\/parlo-italiano.cz\/#\/schema\/logo\/image\/","url":"https:\/\/parlo-italiano.cz\/wp-content\/uploads\/2020\/03\/logo_iic.png","contentUrl":"https:\/\/parlo-italiano.cz\/wp-content\/uploads\/2020\/03\/logo_iic.png","width":230,"height":130,"caption":"Istituto Italiano di Cultura Praga"},"image":{"@id":"https:\/\/parlo-italiano.cz\/#\/schema\/logo\/image\/"}}]}},"_links":{"self":[{"href":"https:\/\/parlo-italiano.cz\/en\/wp-json\/wp\/v2\/pages\/14498","targetHints":{"allow":["GET"]}}],"collection":[{"href":"https:\/\/parlo-italiano.cz\/en\/wp-json\/wp\/v2\/pages"}],"about":[{"href":"https:\/\/parlo-italiano.cz\/en\/wp-json\/wp\/v2\/types\/page"}],"author":[{"embeddable":true,"href":"https:\/\/parlo-italiano.cz\/en\/wp-json\/wp\/v2\/users\/2"}],"replies":[{"embeddable":true,"href":"https:\/\/parlo-italiano.cz\/en\/wp-json\/wp\/v2\/comments?post=14498"}],"version-history":[{"count":1,"href":"https:\/\/parlo-italiano.cz\/en\/wp-json\/wp\/v2\/pages\/14498\/revisions"}],"predecessor-version":[{"id":28377,"href":"https:\/\/parlo-italiano.cz\/en\/wp-json\/wp\/v2\/pages\/14498\/revisions\/28377"}],"wp:attachment":[{"href":"https:\/\/parlo-italiano.cz\/en\/wp-json\/wp\/v2\/media?parent=14498"}],"curies":[{"name":"wp","href":"https:\/\/api.w.org\/{rel}","templated":true}]}}