{"id":14621,"date":"2020-07-08T15:47:58","date_gmt":"2020-07-08T15:47:58","guid":{"rendered":"https:\/\/parlo-italiano.com\/?page_id=14621"},"modified":"2020-07-08T15:47:58","modified_gmt":"2020-07-08T15:47:58","slug":"gdpr","status":"publish","type":"page","link":"https:\/\/parlo-italiano.cz\/en\/gdpr\/","title":{"rendered":"GDPR"},"content":{"rendered":"<section class=\"wpb-content-wrapper\"><p>[vc_row][vc_column][vc_column_text]<strong>Information on the protection of individuals with reference to the processing of personal data <\/strong><br \/>\n(General Data Protection Regulation (EU) 2016\/17, art. 13)<\/p>\n<div id=\"site-content\" class=\"site-content clearfix\">\n<div id=\"inner-content\" class=\"inner-content-wrap\">\n<article class=\"page-content clearfix post-14621 page type-page status-publish hentry\">\n<div class=\"vc_row wpb_row vc_row-fluid\">\n<div class=\"wpb_column vc_column_container vc_col-sm-12\">\n<div class=\"vc_column-inner\">\n<div class=\"wpb_wrapper\">\n<div class=\"wpb_text_column wpb_content_element \">\n<div class=\"wpb_wrapper\">\nThe processing of personal data required for the purpose of registration as a user of the Italian Cultural Institute of Prague will conform to the principles of lawfulness, correctness and transparency in order to protect the fundamental rights and freedoms of individuals.<br \/>\nTo this end, the following information is provided:<\/p>\n<ol class=\"gdpr-list\">\n<li>The Data Controller is the Ministry of Foreign Affairs and International Cooperation (MAECI) of the Italian Republic which, in this specific case, operates via the Italian Cultural Institute of Prague (\u0160porkova 14; 118 00 Praga 1 \u2013 Mal\u00e1 Strana; \u010cesk\u00e1 Republika; Telefono: +420 257 090 681; e-mail: iicpraga@esteri.it , iicpraga@cert.esteri.it )<\/li>\n<li>For inquiries or complaints, interested parties may contact Data Protection Officer of the MAECI (Responsabile Protezione Dati \/ RPD), (mailing address: Ministry of Foreign Affairs and International Cooperation, Piazzale della Farnesina 1, 00135 ROMA, telephone: 0039 06 36911 (switchboard), email:rpd@esteri.it, pec: rpd@cert.esteri.it).<\/li>\n<li>The personal data provided will be used in particular for the following purposes: invitations to cultural events organised by the IIC, distribution of the cultural newsletter, language courses promotion, library matters).<\/li>\n<li>Processing of data entered into the database is based on consent. Any refusal to provide the requested data will prevent users from accessing services.<\/li>\n<li>The processing of provided data is carried out by the specially appointed staff of the IIC in a mixed mode (both manual and automated).<br \/>\nData provided by interested parties during registration will only be processed by the Data Controller and will not be divulged to third parties.<\/li>\n<li>Every 10 years following the registration or renewal, the Institute will request users to confirm, electronically, their continued interest in the service and will delete personal data of any who do not provide it, either by a non-reply or by explicit denial.<\/li>\n<li>Interested parties may request access to their personal data and the correction of the same. Without prejudice to any consequences on accessibility to services, they may also request the cancellation of such data, as well as limitation of \u2013 or opposition to \u2013 data processing. In such cases, interested parties must submit a specific request to Italian Cultural Institute of Prague, and notify MAECI RPD of the same.<\/li>\n<li>If you deem your rights have been violated, you may file a complaint with the MAECI RPD. Alternatively, you may contact Garante per la Protezione dei Dati personali (the Italian Data Supervisory Authority) (Piazza di Montecitorio 121, 00186 ROMA, telephone: 0039 06 696771 (switchboard), email: garante@gpdp.it, pec: protocollo@pec.gpdp.it).<\/li>\n<\/ol>\n<\/div>\n<\/div>\n<\/div>\n<\/div>\n<\/div>\n<\/div>\n<\/article>\n<\/div>\n<\/div>\n<p>[\/vc_column_text][\/vc_column][\/vc_row]<\/p>\n<\/section>","protected":false},"excerpt":{"rendered":"<p>[vc_row][vc_column][vc_column_text]Information on the protection of individuals with reference to the processing of personal data (General Data Protection Regulation (EU) 2016\/17, art. 13) The processing of personal data required for the purpose of registration as a user of the Italian Cultural Institute of Prague will conform to the principles of lawfulness,<\/p>\n","protected":false},"author":2,"featured_media":0,"parent":0,"menu_order":0,"comment_status":"closed","ping_status":"closed","template":"","meta":{"footnotes":""},"class_list":["post-14621","page","type-page","status-publish","hentry"],"yoast_head":"<!-- This site is optimized with the Yoast SEO plugin v27.4 - https:\/\/yoast.com\/product\/yoast-seo-wordpress\/ -->\n<title>GDPR - Parlo Italiano<\/title>\n<meta name=\"robots\" content=\"index, follow, max-snippet:-1, max-image-preview:large, max-video-preview:-1\" \/>\n<link rel=\"canonical\" href=\"https:\/\/parlo-italiano.cz\/en\/gdpr\/\" \/>\n<meta property=\"og:locale\" content=\"en_US\" \/>\n<meta property=\"og:type\" content=\"article\" \/>\n<meta property=\"og:title\" content=\"GDPR - Parlo Italiano\" \/>\n<meta property=\"og:description\" content=\"[vc_row][vc_column][vc_column_text]Information on the protection of individuals with reference to the processing of personal data (General Data Protection Regulation (EU) 2016\/17, art. 13) The processing of personal data required for the purpose of registration as a user of the Italian Cultural Institute of Prague will conform to the principles of lawfulness,\" \/>\n<meta property=\"og:url\" content=\"https:\/\/parlo-italiano.cz\/en\/gdpr\/\" \/>\n<meta property=\"og:site_name\" content=\"Parlo Italiano\" \/>\n<meta name=\"twitter:card\" content=\"summary_large_image\" \/>\n<meta name=\"twitter:label1\" content=\"Est. reading time\" \/>\n\t<meta name=\"twitter:data1\" content=\"2 minutes\" \/>\n<script type=\"application\/ld+json\" class=\"yoast-schema-graph\">{\"@context\":\"https:\\\/\\\/schema.org\",\"@graph\":[{\"@type\":\"WebPage\",\"@id\":\"https:\\\/\\\/parlo-italiano.cz\\\/en\\\/gdpr\\\/\",\"url\":\"https:\\\/\\\/parlo-italiano.cz\\\/en\\\/gdpr\\\/\",\"name\":\"GDPR - Parlo Italiano\",\"isPartOf\":{\"@id\":\"https:\\\/\\\/parlo-italiano.cz\\\/#website\"},\"datePublished\":\"2020-07-08T15:47:58+00:00\",\"breadcrumb\":{\"@id\":\"https:\\\/\\\/parlo-italiano.cz\\\/en\\\/gdpr\\\/#breadcrumb\"},\"inLanguage\":\"en-US\",\"potentialAction\":[{\"@type\":\"ReadAction\",\"target\":[\"https:\\\/\\\/parlo-italiano.cz\\\/en\\\/gdpr\\\/\"]}]},{\"@type\":\"BreadcrumbList\",\"@id\":\"https:\\\/\\\/parlo-italiano.cz\\\/en\\\/gdpr\\\/#breadcrumb\",\"itemListElement\":[{\"@type\":\"ListItem\",\"position\":1,\"name\":\"Home\",\"item\":\"https:\\\/\\\/parlo-italiano.cz\\\/en\\\/\"},{\"@type\":\"ListItem\",\"position\":2,\"name\":\"GDPR\"}]},{\"@type\":\"WebSite\",\"@id\":\"https:\\\/\\\/parlo-italiano.cz\\\/#website\",\"url\":\"https:\\\/\\\/parlo-italiano.cz\\\/\",\"name\":\"Parlo Italiano\",\"description\":\"Corsi di lingua italiana\",\"publisher\":{\"@id\":\"https:\\\/\\\/parlo-italiano.cz\\\/#organization\"},\"potentialAction\":[{\"@type\":\"SearchAction\",\"target\":{\"@type\":\"EntryPoint\",\"urlTemplate\":\"https:\\\/\\\/parlo-italiano.cz\\\/?s={search_term_string}\"},\"query-input\":{\"@type\":\"PropertyValueSpecification\",\"valueRequired\":true,\"valueName\":\"search_term_string\"}}],\"inLanguage\":\"en-US\"},{\"@type\":\"Organization\",\"@id\":\"https:\\\/\\\/parlo-italiano.cz\\\/#organization\",\"name\":\"Istituto Italiano di Cultura Praga\",\"url\":\"https:\\\/\\\/parlo-italiano.cz\\\/\",\"logo\":{\"@type\":\"ImageObject\",\"inLanguage\":\"en-US\",\"@id\":\"https:\\\/\\\/parlo-italiano.cz\\\/#\\\/schema\\\/logo\\\/image\\\/\",\"url\":\"https:\\\/\\\/parlo-italiano.cz\\\/wp-content\\\/uploads\\\/2020\\\/03\\\/logo_iic.png\",\"contentUrl\":\"https:\\\/\\\/parlo-italiano.cz\\\/wp-content\\\/uploads\\\/2020\\\/03\\\/logo_iic.png\",\"width\":230,\"height\":130,\"caption\":\"Istituto Italiano di Cultura Praga\"},\"image\":{\"@id\":\"https:\\\/\\\/parlo-italiano.cz\\\/#\\\/schema\\\/logo\\\/image\\\/\"}}]}<\/script>\n<!-- \/ Yoast SEO plugin. -->","yoast_head_json":{"title":"GDPR - Parlo Italiano","robots":{"index":"index","follow":"follow","max-snippet":"max-snippet:-1","max-image-preview":"max-image-preview:large","max-video-preview":"max-video-preview:-1"},"canonical":"https:\/\/parlo-italiano.cz\/en\/gdpr\/","og_locale":"en_US","og_type":"article","og_title":"GDPR - Parlo Italiano","og_description":"[vc_row][vc_column][vc_column_text]Information on the protection of individuals with reference to the processing of personal data (General Data Protection Regulation (EU) 2016\/17, art. 13) The processing of personal data required for the purpose of registration as a user of the Italian Cultural Institute of Prague will conform to the principles of lawfulness,","og_url":"https:\/\/parlo-italiano.cz\/en\/gdpr\/","og_site_name":"Parlo Italiano","twitter_card":"summary_large_image","twitter_misc":{"Est. reading time":"2 minutes"},"schema":{"@context":"https:\/\/schema.org","@graph":[{"@type":"WebPage","@id":"https:\/\/parlo-italiano.cz\/en\/gdpr\/","url":"https:\/\/parlo-italiano.cz\/en\/gdpr\/","name":"GDPR - Parlo Italiano","isPartOf":{"@id":"https:\/\/parlo-italiano.cz\/#website"},"datePublished":"2020-07-08T15:47:58+00:00","breadcrumb":{"@id":"https:\/\/parlo-italiano.cz\/en\/gdpr\/#breadcrumb"},"inLanguage":"en-US","potentialAction":[{"@type":"ReadAction","target":["https:\/\/parlo-italiano.cz\/en\/gdpr\/"]}]},{"@type":"BreadcrumbList","@id":"https:\/\/parlo-italiano.cz\/en\/gdpr\/#breadcrumb","itemListElement":[{"@type":"ListItem","position":1,"name":"Home","item":"https:\/\/parlo-italiano.cz\/en\/"},{"@type":"ListItem","position":2,"name":"GDPR"}]},{"@type":"WebSite","@id":"https:\/\/parlo-italiano.cz\/#website","url":"https:\/\/parlo-italiano.cz\/","name":"Parlo Italiano","description":"Corsi di lingua italiana","publisher":{"@id":"https:\/\/parlo-italiano.cz\/#organization"},"potentialAction":[{"@type":"SearchAction","target":{"@type":"EntryPoint","urlTemplate":"https:\/\/parlo-italiano.cz\/?s={search_term_string}"},"query-input":{"@type":"PropertyValueSpecification","valueRequired":true,"valueName":"search_term_string"}}],"inLanguage":"en-US"},{"@type":"Organization","@id":"https:\/\/parlo-italiano.cz\/#organization","name":"Istituto Italiano di Cultura Praga","url":"https:\/\/parlo-italiano.cz\/","logo":{"@type":"ImageObject","inLanguage":"en-US","@id":"https:\/\/parlo-italiano.cz\/#\/schema\/logo\/image\/","url":"https:\/\/parlo-italiano.cz\/wp-content\/uploads\/2020\/03\/logo_iic.png","contentUrl":"https:\/\/parlo-italiano.cz\/wp-content\/uploads\/2020\/03\/logo_iic.png","width":230,"height":130,"caption":"Istituto Italiano di Cultura Praga"},"image":{"@id":"https:\/\/parlo-italiano.cz\/#\/schema\/logo\/image\/"}}]}},"_links":{"self":[{"href":"https:\/\/parlo-italiano.cz\/en\/wp-json\/wp\/v2\/pages\/14621","targetHints":{"allow":["GET"]}}],"collection":[{"href":"https:\/\/parlo-italiano.cz\/en\/wp-json\/wp\/v2\/pages"}],"about":[{"href":"https:\/\/parlo-italiano.cz\/en\/wp-json\/wp\/v2\/types\/page"}],"author":[{"embeddable":true,"href":"https:\/\/parlo-italiano.cz\/en\/wp-json\/wp\/v2\/users\/2"}],"replies":[{"embeddable":true,"href":"https:\/\/parlo-italiano.cz\/en\/wp-json\/wp\/v2\/comments?post=14621"}],"version-history":[{"count":0,"href":"https:\/\/parlo-italiano.cz\/en\/wp-json\/wp\/v2\/pages\/14621\/revisions"}],"wp:attachment":[{"href":"https:\/\/parlo-italiano.cz\/en\/wp-json\/wp\/v2\/media?parent=14621"}],"curies":[{"name":"wp","href":"https:\/\/api.w.org\/{rel}","templated":true}]}}